{"id":8136,"date":"2024-05-14T10:22:32","date_gmt":"2024-05-14T08:22:32","guid":{"rendered":"https:\/\/www.ntf.uni-lj.si\/og\/?page_id=8136"},"modified":"2024-06-06T12:23:30","modified_gmt":"2024-06-06T10:23:30","slug":"muha","status":"publish","type":"page","link":"https:\/\/www.ntf.uni-lj.si\/og\/o-oddelku\/raziskovalno-delo\/mednarodni-raziskovalni-projekti\/muha\/","title":{"rendered":"MUHA"},"content":{"rendered":"<p><img loading=\"lazy\" class=\"\" src=\"https:\/\/www.ntf.uni-lj.si\/og\/wp-content\/uploads\/sites\/3\/2015\/05\/Logo-Adrion-Enviroment-MUHA-7.jpg\" width=\"425\" height=\"285\" \/><\/p>\n<p><strong>Akronim: MUHA<\/strong><\/p>\n<p><strong>Naslov (ANG): <\/strong><strong>MULTIHAZARD FRAMEWORK for WATER RELATED RISKS MANAGEMENT<\/strong><\/p>\n<p><strong>Naslov (SLO):\u00a0 <\/strong>Razvoj usklajenih pristopov za pripravo in uporabo na\u010drtov varne oskrbe z vodo<\/p>\n<p><strong>\u0160ifra\u00a0projekta<\/strong>: ADRION952<\/p>\n<p><strong>Vrsta projekta<\/strong>: Interreg ADRION<\/p>\n<p><strong>Vodja:<\/strong>\u00a0izr. prof. dr. Barbara \u010cen\u010dur Curk<\/p>\n<p><strong>Obdobje trajanja projekta<\/strong>: 1.3.2020 \u2013 31.12.2022<\/p>\n<p><strong>Odobrena sredstva:<\/strong> 2.396.858,00 \u20ac<\/p>\n<p><strong>Vloga UL NTF v projektu:<\/strong> Projektni partner<\/p>\n<p><strong>Interneta stran:<\/strong> <a href=\"https:\/\/muha.adrioninterreg.eu\/\">https:\/\/muha.adrioninterreg.eu\/<\/a><\/p>\n<p><strong>Vsebinski opis projekta: <\/strong><\/p>\n<p>S prenovo evropske direktive o pitni vodi (Direktiva o kakovosti vode, namenjene za prehrano ljudi 2020\/2184) decembra 2020 se kot pomembno orodje za zagotavljanje kakovosti pitne vode predvideva izdelava na\u010drtov varne oskrbe z vodo za vsak posamezni vodovodni sistem, pri \u010demer osrednji element teh na\u010drtov predstavljata ocena in upravljanje tveganj.<\/p>\n<p>Projekt MUHA, v katerem sodelujejo partnerji iz Slovenije (Univerza v Ljubljani in Ob\u010dina Kamnik), Italije, Hrva\u0161ke, Srbije, \u010crne gore in Gr\u010dije, se osredoto\u010da na upravljanje vodovodnih sistemov skladno z navedeno direktivo in v povezavi s tveganji zaradi razli\u010dnih nevarnosti. Obravnavali smo \u0161tiri vrste nevarnosti, ki so povezane z oskrbo s pitno vodo, in sicer: izredna onesna\u017eenja, poplave, su\u0161e in prekinitev oskrbe s pitno vodo zaradi potresov. Razvili smo tudi usklajene kataloge za izdelavo ocen tveganja zaradi teh nesre\u010d za vse mo\u017ene komponente vodovodnega sistema vse od napajalnega obmo\u010dja, zajetja, vodovodnega omre\u017eja do uporabnika.<\/p>\n<p>Katalog zajema inventar posameznih dogodkov nesre\u010d, vzrokov za nesre\u010de ter njihovih posledic in vplivov. Katalog je izdelan v obliki spletnega orodja (WASPP Toolbox), ki uporabniku pomaga pri izdelavi na\u010drta varne oskrbe z vodo za posamezno komponento vodovodnega sistema in za posamezno nevarnost. Vse to nam omogo\u010da celostni pristop k pripravi na\u010drtov varne oskrbe z vodo, skladno s strokovnimi izhodi\u0161\u010di za zagotavljanje varne oskrbe s pitno vodo v vseh sodelujo\u010dih dr\u017eavah ter tudi z izhodi\u0161\u010di, ki so podana v smernicah Svetovne zdravstvene organizacije (WHO 2009) in evropskem standardu EN 15975 \u2013 2. del (2011).<\/p>\n<p>&nbsp;<\/p>\n","protected":false},"excerpt":{"rendered":"Akronim: MUHA Naslov (ANG): MULTIHAZARD FRAMEWORK for WATER RELATED RISKS MANAGEMENT Naslov (SLO):\u00a0 Razvoj usklajenih pristopov za pripravo in uporabo na\u010drtov varne oskrbe z vodo \u0160ifra\u00a0projekta: ADRION952 Vrsta projekta: Interreg ADRION Vodja:\u00a0izr. prof. dr. Barbara \u010cen\u010dur Curk Obdobje trajanja projekta: 1.3.2020 \u2013 31.12.2022 Odobrena sredstva: 2.396.858,00 \u20ac Vloga UL NTF v projektu: Projektni partner Interneta &#8230; <a class=\"view-article\" href=\"https:\/\/www.ntf.uni-lj.si\/og\/o-oddelku\/raziskovalno-delo\/mednarodni-raziskovalni-projekti\/muha\/\">Read more<\/a>","protected":false},"author":259,"featured_media":0,"parent":8129,"menu_order":2,"comment_status":"closed","ping_status":"closed","template":"","meta":[],"acf":[],"yoast_head":"<!-- This site is optimized with the Yoast SEO plugin v17.0 - https:\/\/yoast.com\/wordpress\/plugins\/seo\/ -->\n<meta name=\"robots\" content=\"index, follow, max-snippet:-1, max-image-preview:large, max-video-preview:-1\" \/>\n<link rel=\"canonical\" href=\"https:\/\/www.ntf.uni-lj.si\/og\/o-oddelku\/raziskovalno-delo\/mednarodni-raziskovalni-projekti\/muha\/\" \/>\n<meta property=\"og:locale\" content=\"en_US\" \/>\n<meta property=\"og:type\" content=\"article\" \/>\n<meta property=\"og:title\" content=\"MUHA - OG\" \/>\n<meta property=\"og:description\" content=\"Akronim: MUHA Naslov (ANG): MULTIHAZARD FRAMEWORK for WATER RELATED RISKS MANAGEMENT Naslov (SLO):\u00a0 Razvoj usklajenih pristopov za pripravo in uporabo na\u010drtov varne oskrbe z vodo \u0160ifra\u00a0projekta: ADRION952 Vrsta projekta: Interreg ADRION Vodja:\u00a0izr. prof. dr. Barbara \u010cen\u010dur Curk Obdobje trajanja projekta: 1.3.2020 \u2013 31.12.2022 Odobrena sredstva: 2.396.858,00 \u20ac Vloga UL NTF v projektu: Projektni partner Interneta ... Read more\" \/>\n<meta property=\"og:url\" content=\"https:\/\/www.ntf.uni-lj.si\/og\/o-oddelku\/raziskovalno-delo\/mednarodni-raziskovalni-projekti\/muha\/\" \/>\n<meta property=\"og:site_name\" content=\"OG\" \/>\n<meta property=\"article:modified_time\" content=\"2024-06-06T10:23:30+00:00\" \/>\n<meta property=\"og:image\" content=\"https:\/\/www.ntf.uni-lj.si\/og\/wp-content\/uploads\/sites\/3\/2015\/05\/Logo-Adrion-Enviroment-MUHA-7.jpg\" \/>\n<meta name=\"twitter:label1\" content=\"Est. reading time\" \/>\n\t<meta name=\"twitter:data1\" content=\"2 minutes\" \/>\n<script type=\"application\/ld+json\" class=\"yoast-schema-graph\">{\"@context\":\"https:\/\/schema.org\",\"@graph\":[{\"@type\":\"WebSite\",\"@id\":\"https:\/\/www.ntf.uni-lj.si\/og\/#website\",\"url\":\"https:\/\/www.ntf.uni-lj.si\/og\/\",\"name\":\"OG\",\"description\":\"Oddelek za geologijo\",\"potentialAction\":[{\"@type\":\"SearchAction\",\"target\":{\"@type\":\"EntryPoint\",\"urlTemplate\":\"https:\/\/www.ntf.uni-lj.si\/og\/?s={search_term_string}\"},\"query-input\":\"required name=search_term_string\"}],\"inLanguage\":\"en-US\"},{\"@type\":\"ImageObject\",\"@id\":\"https:\/\/www.ntf.uni-lj.si\/og\/o-oddelku\/raziskovalno-delo\/mednarodni-raziskovalni-projekti\/muha\/#primaryimage\",\"inLanguage\":\"en-US\",\"url\":\"https:\/\/www.ntf.uni-lj.si\/og\/wp-content\/uploads\/sites\/3\/2015\/05\/Logo-Adrion-Enviroment-MUHA-7.jpg\",\"contentUrl\":\"https:\/\/www.ntf.uni-lj.si\/og\/wp-content\/uploads\/sites\/3\/2015\/05\/Logo-Adrion-Enviroment-MUHA-7.jpg\",\"width\":827,\"height\":555},{\"@type\":\"WebPage\",\"@id\":\"https:\/\/www.ntf.uni-lj.si\/og\/o-oddelku\/raziskovalno-delo\/mednarodni-raziskovalni-projekti\/muha\/#webpage\",\"url\":\"https:\/\/www.ntf.uni-lj.si\/og\/o-oddelku\/raziskovalno-delo\/mednarodni-raziskovalni-projekti\/muha\/\",\"name\":\"MUHA - OG\",\"isPartOf\":{\"@id\":\"https:\/\/www.ntf.uni-lj.si\/og\/#website\"},\"primaryImageOfPage\":{\"@id\":\"https:\/\/www.ntf.uni-lj.si\/og\/o-oddelku\/raziskovalno-delo\/mednarodni-raziskovalni-projekti\/muha\/#primaryimage\"},\"datePublished\":\"2024-05-14T08:22:32+00:00\",\"dateModified\":\"2024-06-06T10:23:30+00:00\",\"breadcrumb\":{\"@id\":\"https:\/\/www.ntf.uni-lj.si\/og\/o-oddelku\/raziskovalno-delo\/mednarodni-raziskovalni-projekti\/muha\/#breadcrumb\"},\"inLanguage\":\"en-US\",\"potentialAction\":[{\"@type\":\"ReadAction\",\"target\":[\"https:\/\/www.ntf.uni-lj.si\/og\/o-oddelku\/raziskovalno-delo\/mednarodni-raziskovalni-projekti\/muha\/\"]}]},{\"@type\":\"BreadcrumbList\",\"@id\":\"https:\/\/www.ntf.uni-lj.si\/og\/o-oddelku\/raziskovalno-delo\/mednarodni-raziskovalni-projekti\/muha\/#breadcrumb\",\"itemListElement\":[{\"@type\":\"ListItem\",\"position\":1,\"name\":\"Home\",\"item\":\"https:\/\/www.ntf.uni-lj.si\/og\/\"},{\"@type\":\"ListItem\",\"position\":2,\"name\":\"O oddelku\",\"item\":\"https:\/\/www.ntf.uni-lj.si\/og\/o-oddelku\/\"},{\"@type\":\"ListItem\",\"position\":3,\"name\":\"Raziskovalno delo\",\"item\":\"https:\/\/www.ntf.uni-lj.si\/og\/o-oddelku\/raziskovalno-delo\/\"},{\"@type\":\"ListItem\",\"position\":4,\"name\":\"Mednarodni raziskovalni projekti\",\"item\":\"https:\/\/www.ntf.uni-lj.si\/og\/o-oddelku\/raziskovalno-delo\/mednarodni-raziskovalni-projekti\/\"},{\"@type\":\"ListItem\",\"position\":5,\"name\":\"MUHA\"}]}]}<\/script>\n<!-- \/ Yoast SEO plugin. -->","yoast_head_json":{"robots":{"index":"index","follow":"follow","max-snippet":"max-snippet:-1","max-image-preview":"max-image-preview:large","max-video-preview":"max-video-preview:-1"},"canonical":"https:\/\/www.ntf.uni-lj.si\/og\/o-oddelku\/raziskovalno-delo\/mednarodni-raziskovalni-projekti\/muha\/","og_locale":"en_US","og_type":"article","og_title":"MUHA - OG","og_description":"Akronim: MUHA Naslov (ANG): MULTIHAZARD FRAMEWORK for WATER RELATED RISKS MANAGEMENT Naslov (SLO):\u00a0 Razvoj usklajenih pristopov za pripravo in uporabo na\u010drtov varne oskrbe z vodo \u0160ifra\u00a0projekta: ADRION952 Vrsta projekta: Interreg ADRION Vodja:\u00a0izr. prof. dr. Barbara \u010cen\u010dur Curk Obdobje trajanja projekta: 1.3.2020 \u2013 31.12.2022 Odobrena sredstva: 2.396.858,00 \u20ac Vloga UL NTF v projektu: Projektni partner Interneta ... Read more","og_url":"https:\/\/www.ntf.uni-lj.si\/og\/o-oddelku\/raziskovalno-delo\/mednarodni-raziskovalni-projekti\/muha\/","og_site_name":"OG","article_modified_time":"2024-06-06T10:23:30+00:00","og_image":[{"url":"https:\/\/www.ntf.uni-lj.si\/og\/wp-content\/uploads\/sites\/3\/2015\/05\/Logo-Adrion-Enviroment-MUHA-7.jpg"}],"twitter_misc":{"Est. reading time":"2 minutes"},"schema":{"@context":"https:\/\/schema.org","@graph":[{"@type":"WebSite","@id":"https:\/\/www.ntf.uni-lj.si\/og\/#website","url":"https:\/\/www.ntf.uni-lj.si\/og\/","name":"OG","description":"Oddelek za geologijo","potentialAction":[{"@type":"SearchAction","target":{"@type":"EntryPoint","urlTemplate":"https:\/\/www.ntf.uni-lj.si\/og\/?s={search_term_string}"},"query-input":"required name=search_term_string"}],"inLanguage":"en-US"},{"@type":"ImageObject","@id":"https:\/\/www.ntf.uni-lj.si\/og\/o-oddelku\/raziskovalno-delo\/mednarodni-raziskovalni-projekti\/muha\/#primaryimage","inLanguage":"en-US","url":"https:\/\/www.ntf.uni-lj.si\/og\/wp-content\/uploads\/sites\/3\/2015\/05\/Logo-Adrion-Enviroment-MUHA-7.jpg","contentUrl":"https:\/\/www.ntf.uni-lj.si\/og\/wp-content\/uploads\/sites\/3\/2015\/05\/Logo-Adrion-Enviroment-MUHA-7.jpg","width":827,"height":555},{"@type":"WebPage","@id":"https:\/\/www.ntf.uni-lj.si\/og\/o-oddelku\/raziskovalno-delo\/mednarodni-raziskovalni-projekti\/muha\/#webpage","url":"https:\/\/www.ntf.uni-lj.si\/og\/o-oddelku\/raziskovalno-delo\/mednarodni-raziskovalni-projekti\/muha\/","name":"MUHA - OG","isPartOf":{"@id":"https:\/\/www.ntf.uni-lj.si\/og\/#website"},"primaryImageOfPage":{"@id":"https:\/\/www.ntf.uni-lj.si\/og\/o-oddelku\/raziskovalno-delo\/mednarodni-raziskovalni-projekti\/muha\/#primaryimage"},"datePublished":"2024-05-14T08:22:32+00:00","dateModified":"2024-06-06T10:23:30+00:00","breadcrumb":{"@id":"https:\/\/www.ntf.uni-lj.si\/og\/o-oddelku\/raziskovalno-delo\/mednarodni-raziskovalni-projekti\/muha\/#breadcrumb"},"inLanguage":"en-US","potentialAction":[{"@type":"ReadAction","target":["https:\/\/www.ntf.uni-lj.si\/og\/o-oddelku\/raziskovalno-delo\/mednarodni-raziskovalni-projekti\/muha\/"]}]},{"@type":"BreadcrumbList","@id":"https:\/\/www.ntf.uni-lj.si\/og\/o-oddelku\/raziskovalno-delo\/mednarodni-raziskovalni-projekti\/muha\/#breadcrumb","itemListElement":[{"@type":"ListItem","position":1,"name":"Home","item":"https:\/\/www.ntf.uni-lj.si\/og\/"},{"@type":"ListItem","position":2,"name":"O oddelku","item":"https:\/\/www.ntf.uni-lj.si\/og\/o-oddelku\/"},{"@type":"ListItem","position":3,"name":"Raziskovalno delo","item":"https:\/\/www.ntf.uni-lj.si\/og\/o-oddelku\/raziskovalno-delo\/"},{"@type":"ListItem","position":4,"name":"Mednarodni raziskovalni projekti","item":"https:\/\/www.ntf.uni-lj.si\/og\/o-oddelku\/raziskovalno-delo\/mednarodni-raziskovalni-projekti\/"},{"@type":"ListItem","position":5,"name":"MUHA"}]}]}},"_links":{"self":[{"href":"https:\/\/www.ntf.uni-lj.si\/og\/wp-json\/wp\/v2\/pages\/8136"}],"collection":[{"href":"https:\/\/www.ntf.uni-lj.si\/og\/wp-json\/wp\/v2\/pages"}],"about":[{"href":"https:\/\/www.ntf.uni-lj.si\/og\/wp-json\/wp\/v2\/types\/page"}],"author":[{"embeddable":true,"href":"https:\/\/www.ntf.uni-lj.si\/og\/wp-json\/wp\/v2\/users\/259"}],"replies":[{"embeddable":true,"href":"https:\/\/www.ntf.uni-lj.si\/og\/wp-json\/wp\/v2\/comments?post=8136"}],"version-history":[{"count":3,"href":"https:\/\/www.ntf.uni-lj.si\/og\/wp-json\/wp\/v2\/pages\/8136\/revisions"}],"predecessor-version":[{"id":8193,"href":"https:\/\/www.ntf.uni-lj.si\/og\/wp-json\/wp\/v2\/pages\/8136\/revisions\/8193"}],"up":[{"embeddable":true,"href":"https:\/\/www.ntf.uni-lj.si\/og\/wp-json\/wp\/v2\/pages\/8129"}],"wp:attachment":[{"href":"https:\/\/www.ntf.uni-lj.si\/og\/wp-json\/wp\/v2\/media?parent=8136"}],"curies":[{"name":"wp","href":"https:\/\/api.w.org\/{rel}","templated":true}]}}