{"id":8143,"date":"2024-05-14T10:28:03","date_gmt":"2024-05-14T08:28:03","guid":{"rendered":"https:\/\/www.ntf.uni-lj.si\/og\/?page_id=8143"},"modified":"2024-06-06T15:35:56","modified_gmt":"2024-06-06T13:35:56","slug":"proline-ce","status":"publish","type":"page","link":"https:\/\/www.ntf.uni-lj.si\/og\/o-oddelku\/raziskovalno-delo\/mednarodni-raziskovalni-projekti\/proline-ce\/","title":{"rendered":"PROLINE-CE"},"content":{"rendered":"<p><img loading=\"lazy\" class=\"\" src=\"https:\/\/www.ntf.uni-lj.si\/og\/wp-content\/uploads\/sites\/3\/2015\/05\/PROLINE-CE_RGB-e1563950728551.png\" width=\"216\" height=\"93\" \/><\/p>\n<p><strong>Akronim: PROLINE-CE<\/strong><\/p>\n<p><strong>Naslov (ANG): Efficient Practices of Land Use Management Integrating Water Resources Protection and Non-structural Flood Mitigation Experiences<\/strong><\/p>\n<p><strong>Naslov (SLO): U\u010dinkovite prakse upravljanja s prostorom z vklju\u010devanjem za\u0161\u010dite vodnih virov in negradbenih protipoplavnih ukrepov<\/strong><\/p>\n<p><strong>Program:<\/strong> EU, Interreg: Evropsko teritorialno sodelovanje \u2013 program Srednja Evropa<\/p>\n<p><strong>Obdobje trajanja projekta<\/strong>: julij 2016\u2013 junij 2019<\/p>\n<p><strong>Internetna stran:<\/strong> <a href=\"http:\/\/www.interreg-central.eu\/Content.Node\/PROLINE-CE.html\">http:\/\/www.interreg-central.eu\/Content.Node\/PROLINE-CE.html<\/a><\/p>\n<p><strong>Gradiva: <\/strong><a href=\"https:\/\/www.ntf.uni-lj.si\/og\/wp-content\/uploads\/sites\/3\/2015\/05\/D.C.3.3_PROLINE_CE_newsletter01_WEB.pdf\">PROLINE_CE Newsletter01<\/a>\u00a0\u00a0 \u00a0\u00a0<a href=\"https:\/\/www.ntf.uni-lj.si\/og\/wp-content\/uploads\/sites\/3\/2015\/05\/CE110_PROLINE-CE_D.C.3.3_Newsletter02_WEB.pdf\">PROLINE-CE Newsletter02<\/a><\/p>\n","protected":false},"excerpt":{"rendered":"Akronim: PROLINE-CE Naslov (ANG): Efficient Practices of Land Use Management Integrating Water Resources Protection and Non-structural Flood Mitigation Experiences Naslov (SLO): U\u010dinkovite prakse upravljanja s prostorom z vklju\u010devanjem za\u0161\u010dite vodnih virov in negradbenih protipoplavnih ukrepov Program: EU, Interreg: Evropsko teritorialno sodelovanje \u2013 program Srednja Evropa Obdobje trajanja projekta: julij 2016\u2013 junij 2019 Internetna stran: http:\/\/www.interreg-central.eu\/Content.Node\/PROLINE-CE.html &#8230; <a class=\"view-article\" href=\"https:\/\/www.ntf.uni-lj.si\/og\/o-oddelku\/raziskovalno-delo\/mednarodni-raziskovalni-projekti\/proline-ce\/\">Read more<\/a>","protected":false},"author":259,"featured_media":0,"parent":8129,"menu_order":5,"comment_status":"closed","ping_status":"closed","template":"","meta":[],"acf":[],"yoast_head":"<!-- This site is optimized with the Yoast SEO plugin v17.0 - https:\/\/yoast.com\/wordpress\/plugins\/seo\/ -->\n<meta name=\"robots\" content=\"index, follow, max-snippet:-1, max-image-preview:large, max-video-preview:-1\" \/>\n<link rel=\"canonical\" href=\"https:\/\/www.ntf.uni-lj.si\/og\/o-oddelku\/raziskovalno-delo\/mednarodni-raziskovalni-projekti\/proline-ce\/\" \/>\n<meta property=\"og:locale\" content=\"en_US\" \/>\n<meta property=\"og:type\" content=\"article\" \/>\n<meta property=\"og:title\" content=\"PROLINE-CE - OG\" \/>\n<meta property=\"og:description\" content=\"Akronim: PROLINE-CE Naslov (ANG): Efficient Practices of Land Use Management Integrating Water Resources Protection and Non-structural Flood Mitigation Experiences Naslov (SLO): U\u010dinkovite prakse upravljanja s prostorom z vklju\u010devanjem za\u0161\u010dite vodnih virov in negradbenih protipoplavnih ukrepov Program: EU, Interreg: Evropsko teritorialno sodelovanje \u2013 program Srednja Evropa Obdobje trajanja projekta: julij 2016\u2013 junij 2019 Internetna stran: http:\/\/www.interreg-central.eu\/Content.Node\/PROLINE-CE.html ... Read more\" \/>\n<meta property=\"og:url\" content=\"https:\/\/www.ntf.uni-lj.si\/og\/o-oddelku\/raziskovalno-delo\/mednarodni-raziskovalni-projekti\/proline-ce\/\" \/>\n<meta property=\"og:site_name\" content=\"OG\" \/>\n<meta property=\"article:modified_time\" content=\"2024-06-06T13:35:56+00:00\" \/>\n<meta property=\"og:image\" content=\"https:\/\/www.ntf.uni-lj.si\/og\/wp-content\/uploads\/sites\/3\/2015\/05\/PROLINE-CE_RGB-e1563950728551.png\" \/>\n<script type=\"application\/ld+json\" class=\"yoast-schema-graph\">{\"@context\":\"https:\/\/schema.org\",\"@graph\":[{\"@type\":\"WebSite\",\"@id\":\"https:\/\/www.ntf.uni-lj.si\/og\/#website\",\"url\":\"https:\/\/www.ntf.uni-lj.si\/og\/\",\"name\":\"OG\",\"description\":\"Oddelek za geologijo\",\"potentialAction\":[{\"@type\":\"SearchAction\",\"target\":{\"@type\":\"EntryPoint\",\"urlTemplate\":\"https:\/\/www.ntf.uni-lj.si\/og\/?s={search_term_string}\"},\"query-input\":\"required name=search_term_string\"}],\"inLanguage\":\"en-US\"},{\"@type\":\"ImageObject\",\"@id\":\"https:\/\/www.ntf.uni-lj.si\/og\/o-oddelku\/raziskovalno-delo\/mednarodni-raziskovalni-projekti\/proline-ce\/#primaryimage\",\"inLanguage\":\"en-US\",\"url\":\"https:\/\/www.ntf.uni-lj.si\/og\/wp-content\/uploads\/sites\/3\/2015\/05\/PROLINE-CE_RGB-e1563950728551.png\",\"contentUrl\":\"https:\/\/www.ntf.uni-lj.si\/og\/wp-content\/uploads\/sites\/3\/2015\/05\/PROLINE-CE_RGB-e1563950728551.png\",\"width\":151,\"height\":65},{\"@type\":\"WebPage\",\"@id\":\"https:\/\/www.ntf.uni-lj.si\/og\/o-oddelku\/raziskovalno-delo\/mednarodni-raziskovalni-projekti\/proline-ce\/#webpage\",\"url\":\"https:\/\/www.ntf.uni-lj.si\/og\/o-oddelku\/raziskovalno-delo\/mednarodni-raziskovalni-projekti\/proline-ce\/\",\"name\":\"PROLINE-CE - OG\",\"isPartOf\":{\"@id\":\"https:\/\/www.ntf.uni-lj.si\/og\/#website\"},\"primaryImageOfPage\":{\"@id\":\"https:\/\/www.ntf.uni-lj.si\/og\/o-oddelku\/raziskovalno-delo\/mednarodni-raziskovalni-projekti\/proline-ce\/#primaryimage\"},\"datePublished\":\"2024-05-14T08:28:03+00:00\",\"dateModified\":\"2024-06-06T13:35:56+00:00\",\"breadcrumb\":{\"@id\":\"https:\/\/www.ntf.uni-lj.si\/og\/o-oddelku\/raziskovalno-delo\/mednarodni-raziskovalni-projekti\/proline-ce\/#breadcrumb\"},\"inLanguage\":\"en-US\",\"potentialAction\":[{\"@type\":\"ReadAction\",\"target\":[\"https:\/\/www.ntf.uni-lj.si\/og\/o-oddelku\/raziskovalno-delo\/mednarodni-raziskovalni-projekti\/proline-ce\/\"]}]},{\"@type\":\"BreadcrumbList\",\"@id\":\"https:\/\/www.ntf.uni-lj.si\/og\/o-oddelku\/raziskovalno-delo\/mednarodni-raziskovalni-projekti\/proline-ce\/#breadcrumb\",\"itemListElement\":[{\"@type\":\"ListItem\",\"position\":1,\"name\":\"Home\",\"item\":\"https:\/\/www.ntf.uni-lj.si\/og\/\"},{\"@type\":\"ListItem\",\"position\":2,\"name\":\"O oddelku\",\"item\":\"https:\/\/www.ntf.uni-lj.si\/og\/o-oddelku\/\"},{\"@type\":\"ListItem\",\"position\":3,\"name\":\"Raziskovalno delo\",\"item\":\"https:\/\/www.ntf.uni-lj.si\/og\/o-oddelku\/raziskovalno-delo\/\"},{\"@type\":\"ListItem\",\"position\":4,\"name\":\"Mednarodni raziskovalni projekti\",\"item\":\"https:\/\/www.ntf.uni-lj.si\/og\/o-oddelku\/raziskovalno-delo\/mednarodni-raziskovalni-projekti\/\"},{\"@type\":\"ListItem\",\"position\":5,\"name\":\"PROLINE-CE\"}]}]}<\/script>\n<!-- \/ Yoast SEO plugin. -->","yoast_head_json":{"robots":{"index":"index","follow":"follow","max-snippet":"max-snippet:-1","max-image-preview":"max-image-preview:large","max-video-preview":"max-video-preview:-1"},"canonical":"https:\/\/www.ntf.uni-lj.si\/og\/o-oddelku\/raziskovalno-delo\/mednarodni-raziskovalni-projekti\/proline-ce\/","og_locale":"en_US","og_type":"article","og_title":"PROLINE-CE - OG","og_description":"Akronim: PROLINE-CE Naslov (ANG): Efficient Practices of Land Use Management Integrating Water Resources Protection and Non-structural Flood Mitigation Experiences Naslov (SLO): U\u010dinkovite prakse upravljanja s prostorom z vklju\u010devanjem za\u0161\u010dite vodnih virov in negradbenih protipoplavnih ukrepov Program: EU, Interreg: Evropsko teritorialno sodelovanje \u2013 program Srednja Evropa Obdobje trajanja projekta: julij 2016\u2013 junij 2019 Internetna stran: http:\/\/www.interreg-central.eu\/Content.Node\/PROLINE-CE.html ... Read more","og_url":"https:\/\/www.ntf.uni-lj.si\/og\/o-oddelku\/raziskovalno-delo\/mednarodni-raziskovalni-projekti\/proline-ce\/","og_site_name":"OG","article_modified_time":"2024-06-06T13:35:56+00:00","og_image":[{"url":"https:\/\/www.ntf.uni-lj.si\/og\/wp-content\/uploads\/sites\/3\/2015\/05\/PROLINE-CE_RGB-e1563950728551.png"}],"schema":{"@context":"https:\/\/schema.org","@graph":[{"@type":"WebSite","@id":"https:\/\/www.ntf.uni-lj.si\/og\/#website","url":"https:\/\/www.ntf.uni-lj.si\/og\/","name":"OG","description":"Oddelek za geologijo","potentialAction":[{"@type":"SearchAction","target":{"@type":"EntryPoint","urlTemplate":"https:\/\/www.ntf.uni-lj.si\/og\/?s={search_term_string}"},"query-input":"required name=search_term_string"}],"inLanguage":"en-US"},{"@type":"ImageObject","@id":"https:\/\/www.ntf.uni-lj.si\/og\/o-oddelku\/raziskovalno-delo\/mednarodni-raziskovalni-projekti\/proline-ce\/#primaryimage","inLanguage":"en-US","url":"https:\/\/www.ntf.uni-lj.si\/og\/wp-content\/uploads\/sites\/3\/2015\/05\/PROLINE-CE_RGB-e1563950728551.png","contentUrl":"https:\/\/www.ntf.uni-lj.si\/og\/wp-content\/uploads\/sites\/3\/2015\/05\/PROLINE-CE_RGB-e1563950728551.png","width":151,"height":65},{"@type":"WebPage","@id":"https:\/\/www.ntf.uni-lj.si\/og\/o-oddelku\/raziskovalno-delo\/mednarodni-raziskovalni-projekti\/proline-ce\/#webpage","url":"https:\/\/www.ntf.uni-lj.si\/og\/o-oddelku\/raziskovalno-delo\/mednarodni-raziskovalni-projekti\/proline-ce\/","name":"PROLINE-CE - OG","isPartOf":{"@id":"https:\/\/www.ntf.uni-lj.si\/og\/#website"},"primaryImageOfPage":{"@id":"https:\/\/www.ntf.uni-lj.si\/og\/o-oddelku\/raziskovalno-delo\/mednarodni-raziskovalni-projekti\/proline-ce\/#primaryimage"},"datePublished":"2024-05-14T08:28:03+00:00","dateModified":"2024-06-06T13:35:56+00:00","breadcrumb":{"@id":"https:\/\/www.ntf.uni-lj.si\/og\/o-oddelku\/raziskovalno-delo\/mednarodni-raziskovalni-projekti\/proline-ce\/#breadcrumb"},"inLanguage":"en-US","potentialAction":[{"@type":"ReadAction","target":["https:\/\/www.ntf.uni-lj.si\/og\/o-oddelku\/raziskovalno-delo\/mednarodni-raziskovalni-projekti\/proline-ce\/"]}]},{"@type":"BreadcrumbList","@id":"https:\/\/www.ntf.uni-lj.si\/og\/o-oddelku\/raziskovalno-delo\/mednarodni-raziskovalni-projekti\/proline-ce\/#breadcrumb","itemListElement":[{"@type":"ListItem","position":1,"name":"Home","item":"https:\/\/www.ntf.uni-lj.si\/og\/"},{"@type":"ListItem","position":2,"name":"O oddelku","item":"https:\/\/www.ntf.uni-lj.si\/og\/o-oddelku\/"},{"@type":"ListItem","position":3,"name":"Raziskovalno delo","item":"https:\/\/www.ntf.uni-lj.si\/og\/o-oddelku\/raziskovalno-delo\/"},{"@type":"ListItem","position":4,"name":"Mednarodni raziskovalni projekti","item":"https:\/\/www.ntf.uni-lj.si\/og\/o-oddelku\/raziskovalno-delo\/mednarodni-raziskovalni-projekti\/"},{"@type":"ListItem","position":5,"name":"PROLINE-CE"}]}]}},"_links":{"self":[{"href":"https:\/\/www.ntf.uni-lj.si\/og\/wp-json\/wp\/v2\/pages\/8143"}],"collection":[{"href":"https:\/\/www.ntf.uni-lj.si\/og\/wp-json\/wp\/v2\/pages"}],"about":[{"href":"https:\/\/www.ntf.uni-lj.si\/og\/wp-json\/wp\/v2\/types\/page"}],"author":[{"embeddable":true,"href":"https:\/\/www.ntf.uni-lj.si\/og\/wp-json\/wp\/v2\/users\/259"}],"replies":[{"embeddable":true,"href":"https:\/\/www.ntf.uni-lj.si\/og\/wp-json\/wp\/v2\/comments?post=8143"}],"version-history":[{"count":2,"href":"https:\/\/www.ntf.uni-lj.si\/og\/wp-json\/wp\/v2\/pages\/8143\/revisions"}],"predecessor-version":[{"id":8213,"href":"https:\/\/www.ntf.uni-lj.si\/og\/wp-json\/wp\/v2\/pages\/8143\/revisions\/8213"}],"up":[{"embeddable":true,"href":"https:\/\/www.ntf.uni-lj.si\/og\/wp-json\/wp\/v2\/pages\/8129"}],"wp:attachment":[{"href":"https:\/\/www.ntf.uni-lj.si\/og\/wp-json\/wp\/v2\/media?parent=8143"}],"curies":[{"name":"wp","href":"https:\/\/api.w.org\/{rel}","templated":true}]}}