{"id":8151,"date":"2024-05-14T10:35:30","date_gmt":"2024-05-14T08:35:30","guid":{"rendered":"https:\/\/www.ntf.uni-lj.si\/og\/?page_id=8151"},"modified":"2026-03-23T11:09:31","modified_gmt":"2026-03-23T10:09:31","slug":"microdrink","status":"publish","type":"page","link":"https:\/\/www.ntf.uni-lj.si\/og\/o-oddelku\/raziskovalno-delo\/mednarodni-raziskovalni-projekti\/microdrink\/","title":{"rendered":"MicroDrink"},"content":{"rendered":"<p><a href=\"https:\/\/www.ntf.uni-lj.si\/og\/wp-content\/uploads\/sites\/3\/2024\/06\/MicroDrink-RGB.png\"><img loading=\"lazy\" class=\"alignnone wp-image-8198\" src=\"https:\/\/www.ntf.uni-lj.si\/og\/wp-content\/uploads\/sites\/3\/2024\/06\/MicroDrink-RGB.png\" alt=\"\" width=\"443\" height=\"145\" srcset=\"https:\/\/www.ntf.uni-lj.si\/og\/wp-content\/uploads\/sites\/3\/2024\/06\/MicroDrink-RGB.png 3849w, https:\/\/www.ntf.uni-lj.si\/og\/wp-content\/uploads\/sites\/3\/2024\/06\/MicroDrink-RGB-300x98.png 300w, https:\/\/www.ntf.uni-lj.si\/og\/wp-content\/uploads\/sites\/3\/2024\/06\/MicroDrink-RGB-1024x335.png 1024w, https:\/\/www.ntf.uni-lj.si\/og\/wp-content\/uploads\/sites\/3\/2024\/06\/MicroDrink-RGB-768x251.png 768w, https:\/\/www.ntf.uni-lj.si\/og\/wp-content\/uploads\/sites\/3\/2024\/06\/MicroDrink-RGB-1536x502.png 1536w, https:\/\/www.ntf.uni-lj.si\/og\/wp-content\/uploads\/sites\/3\/2024\/06\/MicroDrink-RGB-2048x670.png 2048w\" sizes=\"(max-width: 443px) 100vw, 443px\" \/><\/a><\/p>\n<p><strong>Akronim: MicroDrink<\/strong><\/p>\n<p><strong>Naslov (ANG): <\/strong><strong>Capacity building for management and governance of MICROplastics in DRINKing water resources of Danube Region<\/strong><\/p>\n<p><strong>Naslov (SLO):\u00a0 <\/strong>Krepitev\u00a0zmogljivosti upravljanja in\u00a0obvladovanja\u00a0z mikroplastiko\u00a0v virih pitne vode\u00a0Podonavske regije<\/p>\n<p><strong>\u0160ifra\u00a0projekta<\/strong>: DRP0200442<\/p>\n<p><strong>Vrsta projekta<\/strong>: Interreg Danube Region Programme<\/p>\n<p><strong>Vodja:<\/strong>\u00a0prof. dr. Mihael Bren\u010di\u010d<\/p>\n<p><strong>Obdobje trajanja projekta<\/strong>: 1.1.2024 \u2013 30.6.2026<\/p>\n<p><strong>Odobrena sredstva:<\/strong> 2.351.480,00 \u20ac<\/p>\n<p><span data-olk-copy-source=\"MessageBody\"><strong>Odobrena sredstva UL NTF:<\/strong> 272.980,00 \u20ac<\/span><\/p>\n<p><strong>Vloga UL NTF v projektu:<\/strong> Projektni partner<\/p>\n<p><strong>Internetna stran:<\/strong> <a href=\"https:\/\/interreg-danube.eu\/projects\/microdrink\">https:\/\/interreg-danube.eu\/projects\/microdrink<\/a><\/p>\n<p><strong>Vsebinski opis projekta: <\/strong><\/p>\n<p>Mikroplastika postaja zaskrbljujo\u010de onesna\u017eevalo, saj se jo vsako leto v evropsko okolje sprosti med 75.000\u2013300.000 t. Najnovej\u0161a okoljska nevarnost mikroplastike je povezana tudi s Covid-19 in odlaganjem kirur\u0161kih mask, ki je spregledan vir onesna\u017eenja. Glede na Joint Danube Survey 4 (JDS4), izvedeno leta 2019, ki je dolo\u010dila referen\u010dno izhodi\u0161\u010de pojavljanja mikroplastike v pore\u010dju Donave, je bila mikroplastika najdena vzdol\u017e celotne Donave, njenih ve\u010djih pritokov in v vodnih organizmih, pri \u010demer je bil polietilen najpogostej\u0161a komponenta, ki se obi\u010dajno uporablja v plastenkah in embala\u017ei. Stalna in globalna emisija mikroplastike v pore\u010dje Donave prispeva k trajnemu onesna\u017eenju ekosistemov in posledi\u010dno prehranjevalnih verig. Izpostavljenost \u017eivih organizmov vodi tudi do (eko)toksi\u010dnih sprememb. V nasprotju z dobro raziskano morsko vodo ostajajo pojavljanje in \u0161kodljivi u\u010dinki mikroplastike v povr\u0161inskih in podzemnih vodah, zlasti tistih, ki se uporabljajo za oskrbo s pitno vodo v regiji pore\u010dja Donave, ve\u010dinoma neraziskano podro\u010dje.<\/p>\n<p>Pomanjkanje integriranega upravljanja MP v vodnem okolju je trenutno eden klju\u010dnih izzivov, s katerim se morajo dr\u017eave pore\u010dja Donave ustrezno soo\u010diti. Nujno so potrebna u\u010dinkovita orodja za spremljanje ter izbolj\u0161ane in integrirane politike za ubla\u017eitev in zmanj\u0161anje onesna\u017eevanja z mikroplastiko. MicroDrink je nadaljevanje projekta boDEREC-CE, ki se je osredoto\u010dil na novodobna onesna\u017eevala v pitni vodi in prepoznal onesna\u017eevanje z mikroplastiko kot skupen izziv za pore\u010dje Donave, s katerim se je mogo\u010de spopasti le z mo\u010dnim \u010dezmejnim sodelovanjem. V projektu sodeluje 11 partnerskih institucij iz 8 dr\u017eav (Hrva\u0161ka, Avstrija, Bosna in Hercegovina, \u010ce\u0161ka, Mad\u017earska, Nem\u010dija, Slovenija in Srbija).<\/p>\n<p>MicroDrink \u017eeli zgraditi in okrepiti institucionalne, vodstvene in tehni\u010dne zmogljivosti strokovnjakov, odlo\u010devalcev in politi\u010dnega upravljanja na razli\u010dnih ravneh ter dvigniti ozave\u0161\u010denost javnosti o tem pere\u010dem okoljskem problemu v pore\u010dju reke Donave.<\/p>\n<p>MicroDrink \u017eeli zvi\u0161ati odpornost Podonavske regije na onesna\u017eenje z mikroplastiko in z zapolnitvijo vrzeli v znanju prek odprte spletne baze znanja MicroDrink, ki ponuja celovit pregled metod vzor\u010denja mikroplastike, laboratorijskih instrumentov in analiti\u010dnih tehnik, vzpostavljati in ohranjati sinergije s preteklimi in trenutnimi projekti EU, ki se ukvarjajo z upravljanjem in varstvom voda v pore\u010dju Donave. Projekt bo vklju\u010deval ustrezne nacionalne in transnacionalne dele\u017enike prek ciljno usmerjenih sre\u010danj, delavnic in dogodkov. Inovativni pristop projekta MicroDrink je implementacija obravnavanja mikroplastike, usklajenega na ravni EU in zunaj EU, preizku\u0161enega na 9 pilotnih obmo\u010djih z viri pitne vode v pore\u010dju Donave, kjer se bo spremljala mikroplastika. Projekt \u017eeli izbolj\u0161ati upravljanje mikroplastike na razli\u010dnih ravneh v pore\u010dju Donave s krepitvijo znanja in sodelovanja avtorjev politik in odlo\u010devalcev ter jim zagotoviti preizku\u0161eno orodje za podporo odlo\u010danju in celovit transnacionalni na\u010drt za krepitev zmogljivosti v smeri strategije in strate\u0161kih priporo\u010dil za upravljanje z viri pitne vode na vodnih objektih in nadnacionalni ravni.<\/p>\n","protected":false},"excerpt":{"rendered":"Akronim: MicroDrink Naslov (ANG): Capacity building for management and governance of MICROplastics in DRINKing water resources of Danube Region Naslov (SLO):\u00a0 Krepitev\u00a0zmogljivosti upravljanja in\u00a0obvladovanja\u00a0z mikroplastiko\u00a0v virih pitne vode\u00a0Podonavske regije \u0160ifra\u00a0projekta: DRP0200442 Vrsta projekta: Interreg Danube Region Programme Vodja:\u00a0prof. dr. Mihael Bren\u010di\u010d Obdobje trajanja projekta: 1.1.2024 \u2013 30.6.2026 Odobrena sredstva: 2.351.480,00 \u20ac Odobrena sredstva UL NTF: &#8230; <a class=\"view-article\" href=\"https:\/\/www.ntf.uni-lj.si\/og\/o-oddelku\/raziskovalno-delo\/mednarodni-raziskovalni-projekti\/microdrink\/\">Read more<\/a>","protected":false},"author":259,"featured_media":0,"parent":8129,"menu_order":-2,"comment_status":"closed","ping_status":"closed","template":"","meta":[],"acf":[],"yoast_head":"<!-- This site is optimized with the Yoast SEO plugin v17.0 - https:\/\/yoast.com\/wordpress\/plugins\/seo\/ -->\n<meta name=\"robots\" content=\"index, follow, max-snippet:-1, max-image-preview:large, max-video-preview:-1\" \/>\n<link rel=\"canonical\" href=\"https:\/\/www.ntf.uni-lj.si\/og\/o-oddelku\/raziskovalno-delo\/mednarodni-raziskovalni-projekti\/microdrink\/\" \/>\n<meta property=\"og:locale\" content=\"en_US\" \/>\n<meta property=\"og:type\" content=\"article\" \/>\n<meta property=\"og:title\" content=\"MicroDrink - OG\" \/>\n<meta property=\"og:description\" content=\"Akronim: MicroDrink Naslov (ANG): Capacity building for management and governance of MICROplastics in DRINKing water resources of Danube Region Naslov (SLO):\u00a0 Krepitev\u00a0zmogljivosti upravljanja in\u00a0obvladovanja\u00a0z mikroplastiko\u00a0v virih pitne vode\u00a0Podonavske regije \u0160ifra\u00a0projekta: DRP0200442 Vrsta projekta: Interreg Danube Region Programme Vodja:\u00a0prof. dr. Mihael Bren\u010di\u010d Obdobje trajanja projekta: 1.1.2024 \u2013 30.6.2026 Odobrena sredstva: 2.351.480,00 \u20ac Odobrena sredstva UL NTF: ... Read more\" \/>\n<meta property=\"og:url\" content=\"https:\/\/www.ntf.uni-lj.si\/og\/o-oddelku\/raziskovalno-delo\/mednarodni-raziskovalni-projekti\/microdrink\/\" \/>\n<meta property=\"og:site_name\" content=\"OG\" \/>\n<meta property=\"article:modified_time\" content=\"2026-03-23T10:09:31+00:00\" \/>\n<meta property=\"og:image\" content=\"https:\/\/www.ntf.uni-lj.si\/og\/wp-content\/uploads\/sites\/3\/2024\/06\/MicroDrink-RGB.png\" \/>\n<meta name=\"twitter:label1\" content=\"Est. reading time\" \/>\n\t<meta name=\"twitter:data1\" content=\"3 minutes\" \/>\n<script type=\"application\/ld+json\" class=\"yoast-schema-graph\">{\"@context\":\"https:\/\/schema.org\",\"@graph\":[{\"@type\":\"WebSite\",\"@id\":\"https:\/\/www.ntf.uni-lj.si\/og\/#website\",\"url\":\"https:\/\/www.ntf.uni-lj.si\/og\/\",\"name\":\"OG\",\"description\":\"Oddelek za geologijo\",\"potentialAction\":[{\"@type\":\"SearchAction\",\"target\":{\"@type\":\"EntryPoint\",\"urlTemplate\":\"https:\/\/www.ntf.uni-lj.si\/og\/?s={search_term_string}\"},\"query-input\":\"required name=search_term_string\"}],\"inLanguage\":\"en-US\"},{\"@type\":\"ImageObject\",\"@id\":\"https:\/\/www.ntf.uni-lj.si\/og\/o-oddelku\/raziskovalno-delo\/mednarodni-raziskovalni-projekti\/microdrink\/#primaryimage\",\"inLanguage\":\"en-US\",\"url\":\"https:\/\/www.ntf.uni-lj.si\/og\/wp-content\/uploads\/sites\/3\/2024\/06\/MicroDrink-RGB.png\",\"contentUrl\":\"https:\/\/www.ntf.uni-lj.si\/og\/wp-content\/uploads\/sites\/3\/2024\/06\/MicroDrink-RGB.png\",\"width\":3849,\"height\":1259},{\"@type\":\"WebPage\",\"@id\":\"https:\/\/www.ntf.uni-lj.si\/og\/o-oddelku\/raziskovalno-delo\/mednarodni-raziskovalni-projekti\/microdrink\/#webpage\",\"url\":\"https:\/\/www.ntf.uni-lj.si\/og\/o-oddelku\/raziskovalno-delo\/mednarodni-raziskovalni-projekti\/microdrink\/\",\"name\":\"MicroDrink - OG\",\"isPartOf\":{\"@id\":\"https:\/\/www.ntf.uni-lj.si\/og\/#website\"},\"primaryImageOfPage\":{\"@id\":\"https:\/\/www.ntf.uni-lj.si\/og\/o-oddelku\/raziskovalno-delo\/mednarodni-raziskovalni-projekti\/microdrink\/#primaryimage\"},\"datePublished\":\"2024-05-14T08:35:30+00:00\",\"dateModified\":\"2026-03-23T10:09:31+00:00\",\"breadcrumb\":{\"@id\":\"https:\/\/www.ntf.uni-lj.si\/og\/o-oddelku\/raziskovalno-delo\/mednarodni-raziskovalni-projekti\/microdrink\/#breadcrumb\"},\"inLanguage\":\"en-US\",\"potentialAction\":[{\"@type\":\"ReadAction\",\"target\":[\"https:\/\/www.ntf.uni-lj.si\/og\/o-oddelku\/raziskovalno-delo\/mednarodni-raziskovalni-projekti\/microdrink\/\"]}]},{\"@type\":\"BreadcrumbList\",\"@id\":\"https:\/\/www.ntf.uni-lj.si\/og\/o-oddelku\/raziskovalno-delo\/mednarodni-raziskovalni-projekti\/microdrink\/#breadcrumb\",\"itemListElement\":[{\"@type\":\"ListItem\",\"position\":1,\"name\":\"Home\",\"item\":\"https:\/\/www.ntf.uni-lj.si\/og\/\"},{\"@type\":\"ListItem\",\"position\":2,\"name\":\"O oddelku\",\"item\":\"https:\/\/www.ntf.uni-lj.si\/og\/o-oddelku\/\"},{\"@type\":\"ListItem\",\"position\":3,\"name\":\"Raziskovalno delo\",\"item\":\"https:\/\/www.ntf.uni-lj.si\/og\/o-oddelku\/raziskovalno-delo\/\"},{\"@type\":\"ListItem\",\"position\":4,\"name\":\"Mednarodni raziskovalni projekti\",\"item\":\"https:\/\/www.ntf.uni-lj.si\/og\/o-oddelku\/raziskovalno-delo\/mednarodni-raziskovalni-projekti\/\"},{\"@type\":\"ListItem\",\"position\":5,\"name\":\"MicroDrink\"}]}]}<\/script>\n<!-- \/ Yoast SEO plugin. -->","yoast_head_json":{"robots":{"index":"index","follow":"follow","max-snippet":"max-snippet:-1","max-image-preview":"max-image-preview:large","max-video-preview":"max-video-preview:-1"},"canonical":"https:\/\/www.ntf.uni-lj.si\/og\/o-oddelku\/raziskovalno-delo\/mednarodni-raziskovalni-projekti\/microdrink\/","og_locale":"en_US","og_type":"article","og_title":"MicroDrink - OG","og_description":"Akronim: MicroDrink Naslov (ANG): Capacity building for management and governance of MICROplastics in DRINKing water resources of Danube Region Naslov (SLO):\u00a0 Krepitev\u00a0zmogljivosti upravljanja in\u00a0obvladovanja\u00a0z mikroplastiko\u00a0v virih pitne vode\u00a0Podonavske regije \u0160ifra\u00a0projekta: DRP0200442 Vrsta projekta: Interreg Danube Region Programme Vodja:\u00a0prof. dr. Mihael Bren\u010di\u010d Obdobje trajanja projekta: 1.1.2024 \u2013 30.6.2026 Odobrena sredstva: 2.351.480,00 \u20ac Odobrena sredstva UL NTF: ... Read more","og_url":"https:\/\/www.ntf.uni-lj.si\/og\/o-oddelku\/raziskovalno-delo\/mednarodni-raziskovalni-projekti\/microdrink\/","og_site_name":"OG","article_modified_time":"2026-03-23T10:09:31+00:00","og_image":[{"url":"https:\/\/www.ntf.uni-lj.si\/og\/wp-content\/uploads\/sites\/3\/2024\/06\/MicroDrink-RGB.png"}],"twitter_misc":{"Est. reading time":"3 minutes"},"schema":{"@context":"https:\/\/schema.org","@graph":[{"@type":"WebSite","@id":"https:\/\/www.ntf.uni-lj.si\/og\/#website","url":"https:\/\/www.ntf.uni-lj.si\/og\/","name":"OG","description":"Oddelek za geologijo","potentialAction":[{"@type":"SearchAction","target":{"@type":"EntryPoint","urlTemplate":"https:\/\/www.ntf.uni-lj.si\/og\/?s={search_term_string}"},"query-input":"required name=search_term_string"}],"inLanguage":"en-US"},{"@type":"ImageObject","@id":"https:\/\/www.ntf.uni-lj.si\/og\/o-oddelku\/raziskovalno-delo\/mednarodni-raziskovalni-projekti\/microdrink\/#primaryimage","inLanguage":"en-US","url":"https:\/\/www.ntf.uni-lj.si\/og\/wp-content\/uploads\/sites\/3\/2024\/06\/MicroDrink-RGB.png","contentUrl":"https:\/\/www.ntf.uni-lj.si\/og\/wp-content\/uploads\/sites\/3\/2024\/06\/MicroDrink-RGB.png","width":3849,"height":1259},{"@type":"WebPage","@id":"https:\/\/www.ntf.uni-lj.si\/og\/o-oddelku\/raziskovalno-delo\/mednarodni-raziskovalni-projekti\/microdrink\/#webpage","url":"https:\/\/www.ntf.uni-lj.si\/og\/o-oddelku\/raziskovalno-delo\/mednarodni-raziskovalni-projekti\/microdrink\/","name":"MicroDrink - OG","isPartOf":{"@id":"https:\/\/www.ntf.uni-lj.si\/og\/#website"},"primaryImageOfPage":{"@id":"https:\/\/www.ntf.uni-lj.si\/og\/o-oddelku\/raziskovalno-delo\/mednarodni-raziskovalni-projekti\/microdrink\/#primaryimage"},"datePublished":"2024-05-14T08:35:30+00:00","dateModified":"2026-03-23T10:09:31+00:00","breadcrumb":{"@id":"https:\/\/www.ntf.uni-lj.si\/og\/o-oddelku\/raziskovalno-delo\/mednarodni-raziskovalni-projekti\/microdrink\/#breadcrumb"},"inLanguage":"en-US","potentialAction":[{"@type":"ReadAction","target":["https:\/\/www.ntf.uni-lj.si\/og\/o-oddelku\/raziskovalno-delo\/mednarodni-raziskovalni-projekti\/microdrink\/"]}]},{"@type":"BreadcrumbList","@id":"https:\/\/www.ntf.uni-lj.si\/og\/o-oddelku\/raziskovalno-delo\/mednarodni-raziskovalni-projekti\/microdrink\/#breadcrumb","itemListElement":[{"@type":"ListItem","position":1,"name":"Home","item":"https:\/\/www.ntf.uni-lj.si\/og\/"},{"@type":"ListItem","position":2,"name":"O oddelku","item":"https:\/\/www.ntf.uni-lj.si\/og\/o-oddelku\/"},{"@type":"ListItem","position":3,"name":"Raziskovalno delo","item":"https:\/\/www.ntf.uni-lj.si\/og\/o-oddelku\/raziskovalno-delo\/"},{"@type":"ListItem","position":4,"name":"Mednarodni raziskovalni projekti","item":"https:\/\/www.ntf.uni-lj.si\/og\/o-oddelku\/raziskovalno-delo\/mednarodni-raziskovalni-projekti\/"},{"@type":"ListItem","position":5,"name":"MicroDrink"}]}]}},"_links":{"self":[{"href":"https:\/\/www.ntf.uni-lj.si\/og\/wp-json\/wp\/v2\/pages\/8151"}],"collection":[{"href":"https:\/\/www.ntf.uni-lj.si\/og\/wp-json\/wp\/v2\/pages"}],"about":[{"href":"https:\/\/www.ntf.uni-lj.si\/og\/wp-json\/wp\/v2\/types\/page"}],"author":[{"embeddable":true,"href":"https:\/\/www.ntf.uni-lj.si\/og\/wp-json\/wp\/v2\/users\/259"}],"replies":[{"embeddable":true,"href":"https:\/\/www.ntf.uni-lj.si\/og\/wp-json\/wp\/v2\/comments?post=8151"}],"version-history":[{"count":16,"href":"https:\/\/www.ntf.uni-lj.si\/og\/wp-json\/wp\/v2\/pages\/8151\/revisions"}],"predecessor-version":[{"id":9069,"href":"https:\/\/www.ntf.uni-lj.si\/og\/wp-json\/wp\/v2\/pages\/8151\/revisions\/9069"}],"up":[{"embeddable":true,"href":"https:\/\/www.ntf.uni-lj.si\/og\/wp-json\/wp\/v2\/pages\/8129"}],"wp:attachment":[{"href":"https:\/\/www.ntf.uni-lj.si\/og\/wp-json\/wp\/v2\/media?parent=8151"}],"curies":[{"name":"wp","href":"https:\/\/api.w.org\/{rel}","templated":true}]}}