{"id":8196,"date":"2024-06-06T12:39:04","date_gmt":"2024-06-06T10:39:04","guid":{"rendered":"https:\/\/www.ntf.uni-lj.si\/og\/?page_id=8196"},"modified":"2024-06-06T14:36:27","modified_gmt":"2024-06-06T12:36:27","slug":"wacom","status":"publish","type":"page","link":"https:\/\/www.ntf.uni-lj.si\/og\/o-oddelku\/raziskovalno-delo\/mednarodni-raziskovalni-projekti\/wacom\/","title":{"rendered":"WACOM"},"content":{"rendered":"<p><a href=\"https:\/\/www.ntf.uni-lj.si\/og\/wp-content\/uploads\/sites\/3\/2024\/06\/WACOM_standard-logo-light-green-ink-BIG.png\"><img loading=\"lazy\" class=\"alignnone  wp-image-8203\" src=\"https:\/\/www.ntf.uni-lj.si\/og\/wp-content\/uploads\/sites\/3\/2024\/06\/WACOM_standard-logo-light-green-ink-BIG.png\" alt=\"\" width=\"465\" height=\"175\" srcset=\"https:\/\/www.ntf.uni-lj.si\/og\/wp-content\/uploads\/sites\/3\/2024\/06\/WACOM_standard-logo-light-green-ink-BIG.png 1018w, https:\/\/www.ntf.uni-lj.si\/og\/wp-content\/uploads\/sites\/3\/2024\/06\/WACOM_standard-logo-light-green-ink-BIG-300x113.png 300w, https:\/\/www.ntf.uni-lj.si\/og\/wp-content\/uploads\/sites\/3\/2024\/06\/WACOM_standard-logo-light-green-ink-BIG-768x289.png 768w\" sizes=\"(max-width: 465px) 100vw, 465px\" \/><\/a><\/p>\n<p><strong>Akronim: WACOM<\/strong><\/p>\n<p><strong>Naslov (ANG): <\/strong><strong>Water Contingency Management in the Sava River Basin <\/strong><\/p>\n<p><strong>Naslov (SLO):\u00a0 <\/strong><strong>Upravljanje voda v primeru izrednih razmer na pore\u010dju Save<\/strong><\/p>\n<p><strong>\u0160ifra\u00a0projekta<\/strong>: DTP315<\/p>\n<p><strong>Vrsta projekta<\/strong>: Interreg Danube Transnational Programme<\/p>\n<p><strong>Vodja:<\/strong>\u00a0izr. prof. dr. Barbara \u010cen\u010dur Curk<\/p>\n<p><strong>Obdobje trajanja projekta<\/strong>: 1.7.2020 \u2013 31.12.2022<\/p>\n<p><strong>Odobrena sredstva:<\/strong> 1.570.581,00 \u20ac<\/p>\n<p><strong>Vloga UL NTF v projektu:<\/strong> Vodilni partner<\/p>\n<p><strong>Interneta stran:<\/strong> <a href=\"https:\/\/dtp.interreg-danube.eu\/approved-projects\/wacom\">https:\/\/dtp.interreg-danube.eu\/approved-projects\/wacom<\/a><\/p>\n<p><strong>Vsebinski opis projekta: <\/strong><\/p>\n<p>Klju\u010dni izziv projekta WACOM predstavlja pomanjkanje usklajenega odziva v primeru izrednih razmer ob onesna\u017eenjih in poplavah na \u010dezmejnih vodotokih v pore\u010dju Save. Pomanjkanje usklajenega odziva predstavlja potencialno nevarnost za ljudi, okolje in izrabo vodnih virov. Projekt WACOM bo pripomogel k izbolj\u0161anju \u010dezmejnega usklajenega delovanja z razvojem odzivnih mehanizmov, ki bodo dopolnili \u017ee obstoje\u010de sistemske re\u0161itve, npr. sistem za napovedovanje poplav v pore\u010dju Save. V okviru projekta WACOM bodo dodatno razvita in izbolj\u0161ana orodja za hitri operativni odziv, kar bo pripomoglo k razvoju usklajenih odzivnih ukrepov in izbolj\u0161ane interoperabilnosti vseh vklju\u010denih institucij. Postopki usklajenega odziva in nabor operativnih orodij preverjeni v seriji pilotnih preizkusov, kar bo omogo\u010dilo validacijo orodij in postopkov ter njihovo kon\u010dno uvedbo v redno poslovanje vklju\u010denih institucij.<\/p>\n<p>Glavni cilj projekta je zmanj\u0161anje okoljskih tveganj povezanih z onesna\u017eenjem in poplavami v Savskem bazenu (predvsem v primeru morebitnih \u010dezmejnih vplivov) z izbolj\u0161anim sodelovanjem klju\u010dnih akterjev in skupno razvitim ter usklajenim operativnim sistemom za aktivacijo odzivnih protokolov. Poleg zmanj\u0161anja tveganj bo projekt pripomogel tudi k splo\u0161nem izbolj\u0161anju meddr\u017eavnega sodelovanja v Savskem bazenu, ki bo temeljilo na razvoju bolj\u0161ih vezi med ljudmi, institucijami in dr\u017eavami in posledi\u010dno privedlo do znatne optimizacije uporabljenih virov. Pore\u010dje Save je primer velikega pore\u010dja, ki si ga deli ve\u010d dr\u017eav. S sodelovanjem pri pomembnih vpra\u0161anjih, kot sta razvoj mehanizmov za usklajen odziv v primeru onesna\u017eenja in poplav, bo projekt WACOM zagotovil demonstracijski model za druga pore\u010dja v pore\u010dju reke Donave in \u0161ir\u0161e.<\/p>\n","protected":false},"excerpt":{"rendered":"Akronim: WACOM Naslov (ANG): Water Contingency Management in the Sava River Basin Naslov (SLO):\u00a0 Upravljanje voda v primeru izrednih razmer na pore\u010dju Save \u0160ifra\u00a0projekta: DTP315 Vrsta projekta: Interreg Danube Transnational Programme Vodja:\u00a0izr. prof. dr. Barbara \u010cen\u010dur Curk Obdobje trajanja projekta: 1.7.2020 \u2013 31.12.2022 Odobrena sredstva: 1.570.581,00 \u20ac Vloga UL NTF v projektu: Vodilni partner Interneta &#8230; <a class=\"view-article\" href=\"https:\/\/www.ntf.uni-lj.si\/og\/o-oddelku\/raziskovalno-delo\/mednarodni-raziskovalni-projekti\/wacom\/\">Read more<\/a>","protected":false},"author":259,"featured_media":0,"parent":8129,"menu_order":1,"comment_status":"closed","ping_status":"closed","template":"","meta":[],"acf":[],"yoast_head":"<!-- This site is optimized with the Yoast SEO plugin v17.0 - https:\/\/yoast.com\/wordpress\/plugins\/seo\/ -->\n<meta name=\"robots\" content=\"index, follow, max-snippet:-1, max-image-preview:large, max-video-preview:-1\" \/>\n<link rel=\"canonical\" href=\"https:\/\/www.ntf.uni-lj.si\/og\/o-oddelku\/raziskovalno-delo\/mednarodni-raziskovalni-projekti\/wacom\/\" \/>\n<meta property=\"og:locale\" content=\"en_US\" \/>\n<meta property=\"og:type\" content=\"article\" \/>\n<meta property=\"og:title\" content=\"WACOM - OG\" \/>\n<meta property=\"og:description\" content=\"Akronim: WACOM Naslov (ANG): Water Contingency Management in the Sava River Basin Naslov (SLO):\u00a0 Upravljanje voda v primeru izrednih razmer na pore\u010dju Save \u0160ifra\u00a0projekta: DTP315 Vrsta projekta: Interreg Danube Transnational Programme Vodja:\u00a0izr. prof. dr. Barbara \u010cen\u010dur Curk Obdobje trajanja projekta: 1.7.2020 \u2013 31.12.2022 Odobrena sredstva: 1.570.581,00 \u20ac Vloga UL NTF v projektu: Vodilni partner Interneta ... Read more\" \/>\n<meta property=\"og:url\" content=\"https:\/\/www.ntf.uni-lj.si\/og\/o-oddelku\/raziskovalno-delo\/mednarodni-raziskovalni-projekti\/wacom\/\" \/>\n<meta property=\"og:site_name\" content=\"OG\" \/>\n<meta property=\"article:modified_time\" content=\"2024-06-06T12:36:27+00:00\" \/>\n<meta property=\"og:image\" content=\"https:\/\/www.ntf.uni-lj.si\/og\/wp-content\/uploads\/sites\/3\/2024\/06\/WACOM_standard-logo-light-green-ink-BIG.png\" \/>\n<meta name=\"twitter:label1\" content=\"Est. reading time\" \/>\n\t<meta name=\"twitter:data1\" content=\"2 minutes\" \/>\n<script type=\"application\/ld+json\" class=\"yoast-schema-graph\">{\"@context\":\"https:\/\/schema.org\",\"@graph\":[{\"@type\":\"WebSite\",\"@id\":\"https:\/\/www.ntf.uni-lj.si\/og\/#website\",\"url\":\"https:\/\/www.ntf.uni-lj.si\/og\/\",\"name\":\"OG\",\"description\":\"Oddelek za geologijo\",\"potentialAction\":[{\"@type\":\"SearchAction\",\"target\":{\"@type\":\"EntryPoint\",\"urlTemplate\":\"https:\/\/www.ntf.uni-lj.si\/og\/?s={search_term_string}\"},\"query-input\":\"required name=search_term_string\"}],\"inLanguage\":\"en-US\"},{\"@type\":\"ImageObject\",\"@id\":\"https:\/\/www.ntf.uni-lj.si\/og\/o-oddelku\/raziskovalno-delo\/mednarodni-raziskovalni-projekti\/wacom\/#primaryimage\",\"inLanguage\":\"en-US\",\"url\":\"https:\/\/www.ntf.uni-lj.si\/og\/wp-content\/uploads\/sites\/3\/2024\/06\/WACOM_standard-logo-light-green-ink-BIG.png\",\"contentUrl\":\"https:\/\/www.ntf.uni-lj.si\/og\/wp-content\/uploads\/sites\/3\/2024\/06\/WACOM_standard-logo-light-green-ink-BIG.png\",\"width\":1018,\"height\":383},{\"@type\":\"WebPage\",\"@id\":\"https:\/\/www.ntf.uni-lj.si\/og\/o-oddelku\/raziskovalno-delo\/mednarodni-raziskovalni-projekti\/wacom\/#webpage\",\"url\":\"https:\/\/www.ntf.uni-lj.si\/og\/o-oddelku\/raziskovalno-delo\/mednarodni-raziskovalni-projekti\/wacom\/\",\"name\":\"WACOM - OG\",\"isPartOf\":{\"@id\":\"https:\/\/www.ntf.uni-lj.si\/og\/#website\"},\"primaryImageOfPage\":{\"@id\":\"https:\/\/www.ntf.uni-lj.si\/og\/o-oddelku\/raziskovalno-delo\/mednarodni-raziskovalni-projekti\/wacom\/#primaryimage\"},\"datePublished\":\"2024-06-06T10:39:04+00:00\",\"dateModified\":\"2024-06-06T12:36:27+00:00\",\"breadcrumb\":{\"@id\":\"https:\/\/www.ntf.uni-lj.si\/og\/o-oddelku\/raziskovalno-delo\/mednarodni-raziskovalni-projekti\/wacom\/#breadcrumb\"},\"inLanguage\":\"en-US\",\"potentialAction\":[{\"@type\":\"ReadAction\",\"target\":[\"https:\/\/www.ntf.uni-lj.si\/og\/o-oddelku\/raziskovalno-delo\/mednarodni-raziskovalni-projekti\/wacom\/\"]}]},{\"@type\":\"BreadcrumbList\",\"@id\":\"https:\/\/www.ntf.uni-lj.si\/og\/o-oddelku\/raziskovalno-delo\/mednarodni-raziskovalni-projekti\/wacom\/#breadcrumb\",\"itemListElement\":[{\"@type\":\"ListItem\",\"position\":1,\"name\":\"Home\",\"item\":\"https:\/\/www.ntf.uni-lj.si\/og\/\"},{\"@type\":\"ListItem\",\"position\":2,\"name\":\"O oddelku\",\"item\":\"https:\/\/www.ntf.uni-lj.si\/og\/o-oddelku\/\"},{\"@type\":\"ListItem\",\"position\":3,\"name\":\"Raziskovalno delo\",\"item\":\"https:\/\/www.ntf.uni-lj.si\/og\/o-oddelku\/raziskovalno-delo\/\"},{\"@type\":\"ListItem\",\"position\":4,\"name\":\"Mednarodni raziskovalni projekti\",\"item\":\"https:\/\/www.ntf.uni-lj.si\/og\/o-oddelku\/raziskovalno-delo\/mednarodni-raziskovalni-projekti\/\"},{\"@type\":\"ListItem\",\"position\":5,\"name\":\"WACOM\"}]}]}<\/script>\n<!-- \/ Yoast SEO plugin. -->","yoast_head_json":{"robots":{"index":"index","follow":"follow","max-snippet":"max-snippet:-1","max-image-preview":"max-image-preview:large","max-video-preview":"max-video-preview:-1"},"canonical":"https:\/\/www.ntf.uni-lj.si\/og\/o-oddelku\/raziskovalno-delo\/mednarodni-raziskovalni-projekti\/wacom\/","og_locale":"en_US","og_type":"article","og_title":"WACOM - OG","og_description":"Akronim: WACOM Naslov (ANG): Water Contingency Management in the Sava River Basin Naslov (SLO):\u00a0 Upravljanje voda v primeru izrednih razmer na pore\u010dju Save \u0160ifra\u00a0projekta: DTP315 Vrsta projekta: Interreg Danube Transnational Programme Vodja:\u00a0izr. prof. dr. Barbara \u010cen\u010dur Curk Obdobje trajanja projekta: 1.7.2020 \u2013 31.12.2022 Odobrena sredstva: 1.570.581,00 \u20ac Vloga UL NTF v projektu: Vodilni partner Interneta ... Read more","og_url":"https:\/\/www.ntf.uni-lj.si\/og\/o-oddelku\/raziskovalno-delo\/mednarodni-raziskovalni-projekti\/wacom\/","og_site_name":"OG","article_modified_time":"2024-06-06T12:36:27+00:00","og_image":[{"url":"https:\/\/www.ntf.uni-lj.si\/og\/wp-content\/uploads\/sites\/3\/2024\/06\/WACOM_standard-logo-light-green-ink-BIG.png"}],"twitter_misc":{"Est. reading time":"2 minutes"},"schema":{"@context":"https:\/\/schema.org","@graph":[{"@type":"WebSite","@id":"https:\/\/www.ntf.uni-lj.si\/og\/#website","url":"https:\/\/www.ntf.uni-lj.si\/og\/","name":"OG","description":"Oddelek za geologijo","potentialAction":[{"@type":"SearchAction","target":{"@type":"EntryPoint","urlTemplate":"https:\/\/www.ntf.uni-lj.si\/og\/?s={search_term_string}"},"query-input":"required name=search_term_string"}],"inLanguage":"en-US"},{"@type":"ImageObject","@id":"https:\/\/www.ntf.uni-lj.si\/og\/o-oddelku\/raziskovalno-delo\/mednarodni-raziskovalni-projekti\/wacom\/#primaryimage","inLanguage":"en-US","url":"https:\/\/www.ntf.uni-lj.si\/og\/wp-content\/uploads\/sites\/3\/2024\/06\/WACOM_standard-logo-light-green-ink-BIG.png","contentUrl":"https:\/\/www.ntf.uni-lj.si\/og\/wp-content\/uploads\/sites\/3\/2024\/06\/WACOM_standard-logo-light-green-ink-BIG.png","width":1018,"height":383},{"@type":"WebPage","@id":"https:\/\/www.ntf.uni-lj.si\/og\/o-oddelku\/raziskovalno-delo\/mednarodni-raziskovalni-projekti\/wacom\/#webpage","url":"https:\/\/www.ntf.uni-lj.si\/og\/o-oddelku\/raziskovalno-delo\/mednarodni-raziskovalni-projekti\/wacom\/","name":"WACOM - OG","isPartOf":{"@id":"https:\/\/www.ntf.uni-lj.si\/og\/#website"},"primaryImageOfPage":{"@id":"https:\/\/www.ntf.uni-lj.si\/og\/o-oddelku\/raziskovalno-delo\/mednarodni-raziskovalni-projekti\/wacom\/#primaryimage"},"datePublished":"2024-06-06T10:39:04+00:00","dateModified":"2024-06-06T12:36:27+00:00","breadcrumb":{"@id":"https:\/\/www.ntf.uni-lj.si\/og\/o-oddelku\/raziskovalno-delo\/mednarodni-raziskovalni-projekti\/wacom\/#breadcrumb"},"inLanguage":"en-US","potentialAction":[{"@type":"ReadAction","target":["https:\/\/www.ntf.uni-lj.si\/og\/o-oddelku\/raziskovalno-delo\/mednarodni-raziskovalni-projekti\/wacom\/"]}]},{"@type":"BreadcrumbList","@id":"https:\/\/www.ntf.uni-lj.si\/og\/o-oddelku\/raziskovalno-delo\/mednarodni-raziskovalni-projekti\/wacom\/#breadcrumb","itemListElement":[{"@type":"ListItem","position":1,"name":"Home","item":"https:\/\/www.ntf.uni-lj.si\/og\/"},{"@type":"ListItem","position":2,"name":"O oddelku","item":"https:\/\/www.ntf.uni-lj.si\/og\/o-oddelku\/"},{"@type":"ListItem","position":3,"name":"Raziskovalno delo","item":"https:\/\/www.ntf.uni-lj.si\/og\/o-oddelku\/raziskovalno-delo\/"},{"@type":"ListItem","position":4,"name":"Mednarodni raziskovalni projekti","item":"https:\/\/www.ntf.uni-lj.si\/og\/o-oddelku\/raziskovalno-delo\/mednarodni-raziskovalni-projekti\/"},{"@type":"ListItem","position":5,"name":"WACOM"}]}]}},"_links":{"self":[{"href":"https:\/\/www.ntf.uni-lj.si\/og\/wp-json\/wp\/v2\/pages\/8196"}],"collection":[{"href":"https:\/\/www.ntf.uni-lj.si\/og\/wp-json\/wp\/v2\/pages"}],"about":[{"href":"https:\/\/www.ntf.uni-lj.si\/og\/wp-json\/wp\/v2\/types\/page"}],"author":[{"embeddable":true,"href":"https:\/\/www.ntf.uni-lj.si\/og\/wp-json\/wp\/v2\/users\/259"}],"replies":[{"embeddable":true,"href":"https:\/\/www.ntf.uni-lj.si\/og\/wp-json\/wp\/v2\/comments?post=8196"}],"version-history":[{"count":3,"href":"https:\/\/www.ntf.uni-lj.si\/og\/wp-json\/wp\/v2\/pages\/8196\/revisions"}],"predecessor-version":[{"id":8204,"href":"https:\/\/www.ntf.uni-lj.si\/og\/wp-json\/wp\/v2\/pages\/8196\/revisions\/8204"}],"up":[{"embeddable":true,"href":"https:\/\/www.ntf.uni-lj.si\/og\/wp-json\/wp\/v2\/pages\/8129"}],"wp:attachment":[{"href":"https:\/\/www.ntf.uni-lj.si\/og\/wp-json\/wp\/v2\/media?parent=8196"}],"curies":[{"name":"wp","href":"https:\/\/api.w.org\/{rel}","templated":true}]}}