{"id":8712,"date":"2025-04-02T10:10:53","date_gmt":"2025-04-02T08:10:53","guid":{"rendered":"https:\/\/www.ntf.uni-lj.si\/og\/?page_id=8712"},"modified":"2025-04-02T10:12:00","modified_gmt":"2025-04-02T08:12:00","slug":"unexmin","status":"publish","type":"page","link":"https:\/\/www.ntf.uni-lj.si\/og\/o-oddelku\/raziskovalno-delo\/mednarodni-raziskovalni-projekti\/unexmin\/","title":{"rendered":"UNEXMIN"},"content":{"rendered":"<p><b>Akronim:\u00a0<\/b><strong>UNEXMIN<\/strong><\/p>\n<p><b><span data-olk-copy-source=\"MessageBody\">Ime projekta: <\/span><\/b>Autonomous Underwater Explorer for Flooded Mines<\/p>\n<p><b>\u0160ifra projekta:\u00a0<\/b>690008<\/p>\n<p><b>Trajanje:<\/b>\u00a01.2.2016-31.10.2019<\/p>\n<p><b>Naziv razpisa:<\/b>\u00a0Horizon H2020<\/p>\n<p><b>Financer:<\/b>\u00a0EU<\/p>\n<p><strong>Spletna stran projekta:<\/strong> <a href=\"https:\/\/www.unexmin.eu\/\" target=\"_blank\" rel=\"noopener\">https:\/\/www.unexmin.eu\/<\/a><\/p>\n<p><strong>Opis projekta:<\/strong><\/p>\n<p><span data-olk-copy-source=\"MessageBody\">Oktobra 2019 se je uspe\u0161no zaklju\u010dil 45 mesecev trajajo\u010di projekt UNEXMIN, ki je potekal v okviru programa H2020, financiranega s strani Evropske unije. V sklopu projekta je 13 partnerjev iz 7 dr\u017eav razvijalo podvodnega robota z imenom UX-1, katerega namen je potapljanje v zalite podzemne rudnike in njihovo avtonomno kartiranje v 3-D okolju. Med partnerji so bile tri organizacije iz Slovenije \u2013 Geolo\u0161ki zavod Slovenije, Center za upravljanje z dedi\u0161\u010dino \u017eivega srebra ter posredno tudi Slovensko geolo\u0161ko dru\u0161tvo preko Evropske zveze geologov (EFG), ki je bila partnerska organizacija in je delo zbiranja podatkov in predstavitve rezultatov namenila nacionalnim geolo\u0161kim dru\u0161tvom po Evropi. Projekt je trajal 45 mesecev, od 1. 2. 2016 do 31. 10. 2019.\u00a0<\/span><\/p>\n<p>Robot je kroglaste oblike premera pribli\u017eno 0,6 m in te\u017ee 110 kg, opremljen s \u0161tevilnimi opti\u010dnimi, fizikalnimi in kemi\u010dnimi senzorji za raziskovanje rudi\u0161\u010d, vode in podvodnega kartiranja okolice. Predvidena najve\u010dja globina potopa je 500 m, torej bistveno globlje, kot je rudnike mogo\u010de raziskovati s pomo\u010djo potaplja\u010dev, poleg tega pa je \u010dlove\u0161ko potapljanje v zalite rudni\u0161ke rove nevarno.\u00a0V \u010dasu projekta so bili izdelani trije prototipi robota UX-1a, b in c, ki so uspe\u0161no prestali \u0161tevilne potope na petih lokacijah v Evropi (\u0161tirje rudniki Kaatiala na Finskem, Idrija, Urgeiri\u00e7a na Portugalskem, Deep Ecton v Zdru\u017eenem kraljestvu in dodatno tudi jama Moln\u00e1r J\u00e1nos v Budimpe\u0161ti). Roboti so pri tem zbirali geolo\u0161ke podatke o kamninah, rudah in lastnostih vode v zelo razli\u010dnih okoljih. V sklopu projekta je bila izdelana baza rudnikov v Evropi (dostopna na povezavah na tej strani), ki trenutno obsega 11.678 rudnikov.<\/p>\n<p>Kon\u010dna predstavitev rezultatov projekta je bila 26. 9. 2019 v Bruslju, na lokaciji plavalnega bazena Nemo 33 (\u0161tevilka v imenu predstavlja dvoje; temperaturo vode 33\u00b0C in tudi globino 33 m), kjer je bilo delovanje robota predstavljeno tudi v \u017eivo, po \u0161tevilnih predavanjih na temo samega projekta in politike Evropske unije glede izrabe mineralnih surovin. Tematika robotike se po izteku projekta UNEXMIN delno nadaljuje v projektu Robominers, ki tudi poteka pod okriljem programa H2020, finan\u010dno podprtega s strani financiranja Evropske unije.\u00a0Ve\u010d informacij o samem projektu UNEXMIN, lokacijah, opremi robota, bazi rudnikov, fotografij in videov robota ter \u0161tevilnih natan\u010dnej\u0161ih podatkov si lahko ogledate na spodnjih naslovih in na spletnih socialnih omre\u017ejih. V pripravi je tudi poljuden \u010dlanek o projektu za objavo v reviji Proteus.<\/p>\n","protected":false},"excerpt":{"rendered":"Akronim:\u00a0UNEXMIN Ime projekta: Autonomous Underwater Explorer for Flooded Mines \u0160ifra projekta:\u00a0690008 Trajanje:\u00a01.2.2016-31.10.2019 Naziv razpisa:\u00a0Horizon H2020 Financer:\u00a0EU Spletna stran projekta: https:\/\/www.unexmin.eu\/ Opis projekta: Oktobra 2019 se je uspe\u0161no zaklju\u010dil 45 mesecev trajajo\u010di projekt UNEXMIN, ki je potekal v okviru programa H2020, financiranega s strani Evropske unije. V sklopu projekta je 13 partnerjev iz 7 dr\u017eav razvijalo &#8230; <a class=\"view-article\" href=\"https:\/\/www.ntf.uni-lj.si\/og\/o-oddelku\/raziskovalno-delo\/mednarodni-raziskovalni-projekti\/unexmin\/\">Read more<\/a>","protected":false},"author":259,"featured_media":0,"parent":8129,"menu_order":6,"comment_status":"closed","ping_status":"closed","template":"","meta":[],"acf":[],"yoast_head":"<!-- This site is optimized with the Yoast SEO plugin v17.0 - https:\/\/yoast.com\/wordpress\/plugins\/seo\/ -->\n<meta name=\"robots\" content=\"index, follow, max-snippet:-1, max-image-preview:large, max-video-preview:-1\" \/>\n<link rel=\"canonical\" href=\"https:\/\/www.ntf.uni-lj.si\/og\/o-oddelku\/raziskovalno-delo\/mednarodni-raziskovalni-projekti\/unexmin\/\" \/>\n<meta property=\"og:locale\" content=\"en_US\" \/>\n<meta property=\"og:type\" content=\"article\" \/>\n<meta property=\"og:title\" content=\"UNEXMIN - OG\" \/>\n<meta property=\"og:description\" content=\"Akronim:\u00a0UNEXMIN Ime projekta: Autonomous Underwater Explorer for Flooded Mines \u0160ifra projekta:\u00a0690008 Trajanje:\u00a01.2.2016-31.10.2019 Naziv razpisa:\u00a0Horizon H2020 Financer:\u00a0EU Spletna stran projekta: https:\/\/www.unexmin.eu\/ Opis projekta: Oktobra 2019 se je uspe\u0161no zaklju\u010dil 45 mesecev trajajo\u010di projekt UNEXMIN, ki je potekal v okviru programa H2020, financiranega s strani Evropske unije. V sklopu projekta je 13 partnerjev iz 7 dr\u017eav razvijalo ... Read more\" \/>\n<meta property=\"og:url\" content=\"https:\/\/www.ntf.uni-lj.si\/og\/o-oddelku\/raziskovalno-delo\/mednarodni-raziskovalni-projekti\/unexmin\/\" \/>\n<meta property=\"og:site_name\" content=\"OG\" \/>\n<meta property=\"article:modified_time\" content=\"2025-04-02T08:12:00+00:00\" \/>\n<meta name=\"twitter:label1\" content=\"Est. reading time\" \/>\n\t<meta name=\"twitter:data1\" content=\"2 minutes\" \/>\n<script type=\"application\/ld+json\" class=\"yoast-schema-graph\">{\"@context\":\"https:\/\/schema.org\",\"@graph\":[{\"@type\":\"WebSite\",\"@id\":\"https:\/\/www.ntf.uni-lj.si\/og\/#website\",\"url\":\"https:\/\/www.ntf.uni-lj.si\/og\/\",\"name\":\"OG\",\"description\":\"Oddelek za geologijo\",\"potentialAction\":[{\"@type\":\"SearchAction\",\"target\":{\"@type\":\"EntryPoint\",\"urlTemplate\":\"https:\/\/www.ntf.uni-lj.si\/og\/?s={search_term_string}\"},\"query-input\":\"required name=search_term_string\"}],\"inLanguage\":\"en-US\"},{\"@type\":\"WebPage\",\"@id\":\"https:\/\/www.ntf.uni-lj.si\/og\/o-oddelku\/raziskovalno-delo\/mednarodni-raziskovalni-projekti\/unexmin\/#webpage\",\"url\":\"https:\/\/www.ntf.uni-lj.si\/og\/o-oddelku\/raziskovalno-delo\/mednarodni-raziskovalni-projekti\/unexmin\/\",\"name\":\"UNEXMIN - OG\",\"isPartOf\":{\"@id\":\"https:\/\/www.ntf.uni-lj.si\/og\/#website\"},\"datePublished\":\"2025-04-02T08:10:53+00:00\",\"dateModified\":\"2025-04-02T08:12:00+00:00\",\"breadcrumb\":{\"@id\":\"https:\/\/www.ntf.uni-lj.si\/og\/o-oddelku\/raziskovalno-delo\/mednarodni-raziskovalni-projekti\/unexmin\/#breadcrumb\"},\"inLanguage\":\"en-US\",\"potentialAction\":[{\"@type\":\"ReadAction\",\"target\":[\"https:\/\/www.ntf.uni-lj.si\/og\/o-oddelku\/raziskovalno-delo\/mednarodni-raziskovalni-projekti\/unexmin\/\"]}]},{\"@type\":\"BreadcrumbList\",\"@id\":\"https:\/\/www.ntf.uni-lj.si\/og\/o-oddelku\/raziskovalno-delo\/mednarodni-raziskovalni-projekti\/unexmin\/#breadcrumb\",\"itemListElement\":[{\"@type\":\"ListItem\",\"position\":1,\"name\":\"Home\",\"item\":\"https:\/\/www.ntf.uni-lj.si\/og\/\"},{\"@type\":\"ListItem\",\"position\":2,\"name\":\"O oddelku\",\"item\":\"https:\/\/www.ntf.uni-lj.si\/og\/o-oddelku\/\"},{\"@type\":\"ListItem\",\"position\":3,\"name\":\"Raziskovalno delo\",\"item\":\"https:\/\/www.ntf.uni-lj.si\/og\/o-oddelku\/raziskovalno-delo\/\"},{\"@type\":\"ListItem\",\"position\":4,\"name\":\"Mednarodni raziskovalni projekti\",\"item\":\"https:\/\/www.ntf.uni-lj.si\/og\/o-oddelku\/raziskovalno-delo\/mednarodni-raziskovalni-projekti\/\"},{\"@type\":\"ListItem\",\"position\":5,\"name\":\"UNEXMIN\"}]}]}<\/script>\n<!-- \/ Yoast SEO plugin. -->","yoast_head_json":{"robots":{"index":"index","follow":"follow","max-snippet":"max-snippet:-1","max-image-preview":"max-image-preview:large","max-video-preview":"max-video-preview:-1"},"canonical":"https:\/\/www.ntf.uni-lj.si\/og\/o-oddelku\/raziskovalno-delo\/mednarodni-raziskovalni-projekti\/unexmin\/","og_locale":"en_US","og_type":"article","og_title":"UNEXMIN - OG","og_description":"Akronim:\u00a0UNEXMIN Ime projekta: Autonomous Underwater Explorer for Flooded Mines \u0160ifra projekta:\u00a0690008 Trajanje:\u00a01.2.2016-31.10.2019 Naziv razpisa:\u00a0Horizon H2020 Financer:\u00a0EU Spletna stran projekta: https:\/\/www.unexmin.eu\/ Opis projekta: Oktobra 2019 se je uspe\u0161no zaklju\u010dil 45 mesecev trajajo\u010di projekt UNEXMIN, ki je potekal v okviru programa H2020, financiranega s strani Evropske unije. V sklopu projekta je 13 partnerjev iz 7 dr\u017eav razvijalo ... Read more","og_url":"https:\/\/www.ntf.uni-lj.si\/og\/o-oddelku\/raziskovalno-delo\/mednarodni-raziskovalni-projekti\/unexmin\/","og_site_name":"OG","article_modified_time":"2025-04-02T08:12:00+00:00","twitter_misc":{"Est. reading time":"2 minutes"},"schema":{"@context":"https:\/\/schema.org","@graph":[{"@type":"WebSite","@id":"https:\/\/www.ntf.uni-lj.si\/og\/#website","url":"https:\/\/www.ntf.uni-lj.si\/og\/","name":"OG","description":"Oddelek za geologijo","potentialAction":[{"@type":"SearchAction","target":{"@type":"EntryPoint","urlTemplate":"https:\/\/www.ntf.uni-lj.si\/og\/?s={search_term_string}"},"query-input":"required name=search_term_string"}],"inLanguage":"en-US"},{"@type":"WebPage","@id":"https:\/\/www.ntf.uni-lj.si\/og\/o-oddelku\/raziskovalno-delo\/mednarodni-raziskovalni-projekti\/unexmin\/#webpage","url":"https:\/\/www.ntf.uni-lj.si\/og\/o-oddelku\/raziskovalno-delo\/mednarodni-raziskovalni-projekti\/unexmin\/","name":"UNEXMIN - OG","isPartOf":{"@id":"https:\/\/www.ntf.uni-lj.si\/og\/#website"},"datePublished":"2025-04-02T08:10:53+00:00","dateModified":"2025-04-02T08:12:00+00:00","breadcrumb":{"@id":"https:\/\/www.ntf.uni-lj.si\/og\/o-oddelku\/raziskovalno-delo\/mednarodni-raziskovalni-projekti\/unexmin\/#breadcrumb"},"inLanguage":"en-US","potentialAction":[{"@type":"ReadAction","target":["https:\/\/www.ntf.uni-lj.si\/og\/o-oddelku\/raziskovalno-delo\/mednarodni-raziskovalni-projekti\/unexmin\/"]}]},{"@type":"BreadcrumbList","@id":"https:\/\/www.ntf.uni-lj.si\/og\/o-oddelku\/raziskovalno-delo\/mednarodni-raziskovalni-projekti\/unexmin\/#breadcrumb","itemListElement":[{"@type":"ListItem","position":1,"name":"Home","item":"https:\/\/www.ntf.uni-lj.si\/og\/"},{"@type":"ListItem","position":2,"name":"O oddelku","item":"https:\/\/www.ntf.uni-lj.si\/og\/o-oddelku\/"},{"@type":"ListItem","position":3,"name":"Raziskovalno delo","item":"https:\/\/www.ntf.uni-lj.si\/og\/o-oddelku\/raziskovalno-delo\/"},{"@type":"ListItem","position":4,"name":"Mednarodni raziskovalni projekti","item":"https:\/\/www.ntf.uni-lj.si\/og\/o-oddelku\/raziskovalno-delo\/mednarodni-raziskovalni-projekti\/"},{"@type":"ListItem","position":5,"name":"UNEXMIN"}]}]}},"_links":{"self":[{"href":"https:\/\/www.ntf.uni-lj.si\/og\/wp-json\/wp\/v2\/pages\/8712"}],"collection":[{"href":"https:\/\/www.ntf.uni-lj.si\/og\/wp-json\/wp\/v2\/pages"}],"about":[{"href":"https:\/\/www.ntf.uni-lj.si\/og\/wp-json\/wp\/v2\/types\/page"}],"author":[{"embeddable":true,"href":"https:\/\/www.ntf.uni-lj.si\/og\/wp-json\/wp\/v2\/users\/259"}],"replies":[{"embeddable":true,"href":"https:\/\/www.ntf.uni-lj.si\/og\/wp-json\/wp\/v2\/comments?post=8712"}],"version-history":[{"count":1,"href":"https:\/\/www.ntf.uni-lj.si\/og\/wp-json\/wp\/v2\/pages\/8712\/revisions"}],"predecessor-version":[{"id":8713,"href":"https:\/\/www.ntf.uni-lj.si\/og\/wp-json\/wp\/v2\/pages\/8712\/revisions\/8713"}],"up":[{"embeddable":true,"href":"https:\/\/www.ntf.uni-lj.si\/og\/wp-json\/wp\/v2\/pages\/8129"}],"wp:attachment":[{"href":"https:\/\/www.ntf.uni-lj.si\/og\/wp-json\/wp\/v2\/media?parent=8712"}],"curies":[{"name":"wp","href":"https:\/\/api.w.org\/{rel}","templated":true}]}}