{"id":8882,"date":"2025-04-18T12:53:06","date_gmt":"2025-04-18T10:53:06","guid":{"rendered":"https:\/\/www.ntf.uni-lj.si\/og\/?page_id=8882"},"modified":"2025-04-18T13:00:07","modified_gmt":"2025-04-18T11:00:07","slug":"zbirke-og","status":"publish","type":"page","link":"https:\/\/www.ntf.uni-lj.si\/og\/o-oddelku\/katedre\/zbirke-og\/","title":{"rendered":"Zbirke OG"},"content":{"rendered":"<p>Zbirke se nahajajo v stavbi Montanistike in so postavljene v treh nivojih, med katerimi je mo\u017eno neposredno prehajanje. V <strong>petrolo\u0161ki<\/strong>, <strong>mineralo\u0161ki<\/strong>, <strong>rudni<\/strong>, <strong>paleontolo\u0161ki<\/strong>, <strong>osteolo\u0161ki<\/strong> in <strong>stratigrafski<\/strong> zbirki hranimo <strong>skoraj 30.000<\/strong> raznolikih kosov. Tako je na\u0161a zbirka zagotovo ena najbogatej\u0161ih tovrstnih zbirk v Sloveniji in predstavlja na\u0161o izredno pomembno naravno dedi\u0161\u010dino, hkrati pa slu\u017ei kot dopolnitev u\u010dnemu procesu na oddelku.<\/p>\n","protected":false},"excerpt":{"rendered":"Zbirke se nahajajo v stavbi Montanistike in so postavljene v treh nivojih, med katerimi je mo\u017eno neposredno prehajanje. V petrolo\u0161ki, mineralo\u0161ki, rudni, paleontolo\u0161ki, osteolo\u0161ki in stratigrafski zbirki hranimo skoraj 30.000 raznolikih kosov. Tako je na\u0161a zbirka zagotovo ena najbogatej\u0161ih tovrstnih zbirk v Sloveniji in predstavlja na\u0161o izredno pomembno naravno dedi\u0161\u010dino, hkrati pa slu\u017ei kot dopolnitev &#8230; <a class=\"view-article\" href=\"https:\/\/www.ntf.uni-lj.si\/og\/o-oddelku\/katedre\/zbirke-og\/\">Read more<\/a>","protected":false},"author":259,"featured_media":0,"parent":124,"menu_order":51,"comment_status":"closed","ping_status":"closed","template":"","meta":[],"acf":[],"yoast_head":"<!-- This site is optimized with the Yoast SEO plugin v17.0 - https:\/\/yoast.com\/wordpress\/plugins\/seo\/ -->\n<meta name=\"robots\" content=\"index, follow, max-snippet:-1, max-image-preview:large, max-video-preview:-1\" \/>\n<link rel=\"canonical\" href=\"https:\/\/www.ntf.uni-lj.si\/og\/o-oddelku\/katedre\/zbirke-og\/\" \/>\n<meta property=\"og:locale\" content=\"en_US\" \/>\n<meta property=\"og:type\" content=\"article\" \/>\n<meta property=\"og:title\" content=\"Zbirke OG - OG\" \/>\n<meta property=\"og:description\" content=\"Zbirke se nahajajo v stavbi Montanistike in so postavljene v treh nivojih, med katerimi je mo\u017eno neposredno prehajanje. V petrolo\u0161ki, mineralo\u0161ki, rudni, paleontolo\u0161ki, osteolo\u0161ki in stratigrafski zbirki hranimo skoraj 30.000 raznolikih kosov. Tako je na\u0161a zbirka zagotovo ena najbogatej\u0161ih tovrstnih zbirk v Sloveniji in predstavlja na\u0161o izredno pomembno naravno dedi\u0161\u010dino, hkrati pa slu\u017ei kot dopolnitev ... Read more\" \/>\n<meta property=\"og:url\" content=\"https:\/\/www.ntf.uni-lj.si\/og\/o-oddelku\/katedre\/zbirke-og\/\" \/>\n<meta property=\"og:site_name\" content=\"OG\" \/>\n<meta property=\"article:modified_time\" content=\"2025-04-18T11:00:07+00:00\" \/>\n<script type=\"application\/ld+json\" class=\"yoast-schema-graph\">{\"@context\":\"https:\/\/schema.org\",\"@graph\":[{\"@type\":\"WebSite\",\"@id\":\"https:\/\/www.ntf.uni-lj.si\/og\/#website\",\"url\":\"https:\/\/www.ntf.uni-lj.si\/og\/\",\"name\":\"OG\",\"description\":\"Oddelek za geologijo\",\"potentialAction\":[{\"@type\":\"SearchAction\",\"target\":{\"@type\":\"EntryPoint\",\"urlTemplate\":\"https:\/\/www.ntf.uni-lj.si\/og\/?s={search_term_string}\"},\"query-input\":\"required name=search_term_string\"}],\"inLanguage\":\"en-US\"},{\"@type\":\"WebPage\",\"@id\":\"https:\/\/www.ntf.uni-lj.si\/og\/o-oddelku\/katedre\/zbirke-og\/#webpage\",\"url\":\"https:\/\/www.ntf.uni-lj.si\/og\/o-oddelku\/katedre\/zbirke-og\/\",\"name\":\"Zbirke OG - OG\",\"isPartOf\":{\"@id\":\"https:\/\/www.ntf.uni-lj.si\/og\/#website\"},\"datePublished\":\"2025-04-18T10:53:06+00:00\",\"dateModified\":\"2025-04-18T11:00:07+00:00\",\"breadcrumb\":{\"@id\":\"https:\/\/www.ntf.uni-lj.si\/og\/o-oddelku\/katedre\/zbirke-og\/#breadcrumb\"},\"inLanguage\":\"en-US\",\"potentialAction\":[{\"@type\":\"ReadAction\",\"target\":[\"https:\/\/www.ntf.uni-lj.si\/og\/o-oddelku\/katedre\/zbirke-og\/\"]}]},{\"@type\":\"BreadcrumbList\",\"@id\":\"https:\/\/www.ntf.uni-lj.si\/og\/o-oddelku\/katedre\/zbirke-og\/#breadcrumb\",\"itemListElement\":[{\"@type\":\"ListItem\",\"position\":1,\"name\":\"Home\",\"item\":\"https:\/\/www.ntf.uni-lj.si\/og\/\"},{\"@type\":\"ListItem\",\"position\":2,\"name\":\"O oddelku\",\"item\":\"https:\/\/www.ntf.uni-lj.si\/og\/o-oddelku\/\"},{\"@type\":\"ListItem\",\"position\":3,\"name\":\"Katedre\",\"item\":\"https:\/\/www.ntf.uni-lj.si\/og\/o-oddelku\/katedre\/\"},{\"@type\":\"ListItem\",\"position\":4,\"name\":\"Zbirke OG\"}]}]}<\/script>\n<!-- \/ Yoast SEO plugin. -->","yoast_head_json":{"robots":{"index":"index","follow":"follow","max-snippet":"max-snippet:-1","max-image-preview":"max-image-preview:large","max-video-preview":"max-video-preview:-1"},"canonical":"https:\/\/www.ntf.uni-lj.si\/og\/o-oddelku\/katedre\/zbirke-og\/","og_locale":"en_US","og_type":"article","og_title":"Zbirke OG - OG","og_description":"Zbirke se nahajajo v stavbi Montanistike in so postavljene v treh nivojih, med katerimi je mo\u017eno neposredno prehajanje. V petrolo\u0161ki, mineralo\u0161ki, rudni, paleontolo\u0161ki, osteolo\u0161ki in stratigrafski zbirki hranimo skoraj 30.000 raznolikih kosov. Tako je na\u0161a zbirka zagotovo ena najbogatej\u0161ih tovrstnih zbirk v Sloveniji in predstavlja na\u0161o izredno pomembno naravno dedi\u0161\u010dino, hkrati pa slu\u017ei kot dopolnitev ... Read more","og_url":"https:\/\/www.ntf.uni-lj.si\/og\/o-oddelku\/katedre\/zbirke-og\/","og_site_name":"OG","article_modified_time":"2025-04-18T11:00:07+00:00","schema":{"@context":"https:\/\/schema.org","@graph":[{"@type":"WebSite","@id":"https:\/\/www.ntf.uni-lj.si\/og\/#website","url":"https:\/\/www.ntf.uni-lj.si\/og\/","name":"OG","description":"Oddelek za geologijo","potentialAction":[{"@type":"SearchAction","target":{"@type":"EntryPoint","urlTemplate":"https:\/\/www.ntf.uni-lj.si\/og\/?s={search_term_string}"},"query-input":"required name=search_term_string"}],"inLanguage":"en-US"},{"@type":"WebPage","@id":"https:\/\/www.ntf.uni-lj.si\/og\/o-oddelku\/katedre\/zbirke-og\/#webpage","url":"https:\/\/www.ntf.uni-lj.si\/og\/o-oddelku\/katedre\/zbirke-og\/","name":"Zbirke OG - OG","isPartOf":{"@id":"https:\/\/www.ntf.uni-lj.si\/og\/#website"},"datePublished":"2025-04-18T10:53:06+00:00","dateModified":"2025-04-18T11:00:07+00:00","breadcrumb":{"@id":"https:\/\/www.ntf.uni-lj.si\/og\/o-oddelku\/katedre\/zbirke-og\/#breadcrumb"},"inLanguage":"en-US","potentialAction":[{"@type":"ReadAction","target":["https:\/\/www.ntf.uni-lj.si\/og\/o-oddelku\/katedre\/zbirke-og\/"]}]},{"@type":"BreadcrumbList","@id":"https:\/\/www.ntf.uni-lj.si\/og\/o-oddelku\/katedre\/zbirke-og\/#breadcrumb","itemListElement":[{"@type":"ListItem","position":1,"name":"Home","item":"https:\/\/www.ntf.uni-lj.si\/og\/"},{"@type":"ListItem","position":2,"name":"O oddelku","item":"https:\/\/www.ntf.uni-lj.si\/og\/o-oddelku\/"},{"@type":"ListItem","position":3,"name":"Katedre","item":"https:\/\/www.ntf.uni-lj.si\/og\/o-oddelku\/katedre\/"},{"@type":"ListItem","position":4,"name":"Zbirke OG"}]}]}},"_links":{"self":[{"href":"https:\/\/www.ntf.uni-lj.si\/og\/wp-json\/wp\/v2\/pages\/8882"}],"collection":[{"href":"https:\/\/www.ntf.uni-lj.si\/og\/wp-json\/wp\/v2\/pages"}],"about":[{"href":"https:\/\/www.ntf.uni-lj.si\/og\/wp-json\/wp\/v2\/types\/page"}],"author":[{"embeddable":true,"href":"https:\/\/www.ntf.uni-lj.si\/og\/wp-json\/wp\/v2\/users\/259"}],"replies":[{"embeddable":true,"href":"https:\/\/www.ntf.uni-lj.si\/og\/wp-json\/wp\/v2\/comments?post=8882"}],"version-history":[{"count":2,"href":"https:\/\/www.ntf.uni-lj.si\/og\/wp-json\/wp\/v2\/pages\/8882\/revisions"}],"predecessor-version":[{"id":8884,"href":"https:\/\/www.ntf.uni-lj.si\/og\/wp-json\/wp\/v2\/pages\/8882\/revisions\/8884"}],"up":[{"embeddable":true,"href":"https:\/\/www.ntf.uni-lj.si\/og\/wp-json\/wp\/v2\/pages\/124"}],"wp:attachment":[{"href":"https:\/\/www.ntf.uni-lj.si\/og\/wp-json\/wp\/v2\/media?parent=8882"}],"curies":[{"name":"wp","href":"https:\/\/api.w.org\/{rel}","templated":true}]}}