{"id":100,"date":"2015-03-30T09:06:05","date_gmt":"2015-03-30T09:06:05","guid":{"rendered":"http:\/\/www.ntf.uni-lj.si\/ogro\/?page_id=100"},"modified":"2020-11-05T09:00:09","modified_gmt":"2020-11-05T08:00:09","slug":"krmgr","status":"publish","type":"page","link":"https:\/\/www.ntf.uni-lj.si\/ogro\/o-oddelku\/katedre\/krmgr\/","title":{"rendered":"Katedra za rudarsko merjenje in geofizikalno raziskovanje(KRMGR)"},"content":{"rendered":"<p>Merstvo in geofizika sta montanisti\u010dni vedi, ki se ukvarjata s podzemnim prostorom, njegovimi geometri\u010dnimi razse\u017enostmi ter fizikalnimi lastnostmi. Delovanje in razvoj na pedago\u0161kem, znanstvenem in strokovnem podro\u010dju sta danes usmerjena predvsem v naslednje discipline:<\/p>\n<ul>\n<li>merstvo v rudarstvu (ni\u017eja geodezija, rudarsko merjenje) in geotehnologiji (in\u017eenirska geodezija, geotehni\u010dne meritve):\n<ul>\n<li>prostorska izmera in kartografsko dokumentiranje rudni\u0161kih in drugih podzemnih prostorov;<\/li>\n<li>izmera povr\u0161inskih objektov (kamnolomov, deponij itd.);<\/li>\n<li>geometrizacija nahajali\u0161\u010d mineralnih surovin;<\/li>\n<\/ul>\n<\/li>\n<li>geofizikalno raziskovanje v rudarstvu in geotehnologiji:\n<ul>\n<li>raziskovanje geolo\u0161ke zgradbe na terenu pri iskanju rudnega bogastva, velikih gradbenih projektih in naftnem rudarstvu;<\/li>\n<li>uporaba in razvoj specialnih geofizikalnih raziskovalnih metod in instrumentov pri re\u0161evanju geotehni\u010dnih nalog;<\/li>\n<\/ul>\n<\/li>\n<li>ekologija rudarskega prostora:\n<ul>\n<li>raziskovanje ru\u0161nih procesov v krovnini nad odkopi in njihovega vpliva na preoblikovanje povr\u0161ine;<\/li>\n<li>merski nadzor plazovitih terenov in odlagali\u0161\u010d, predvsem pri njihovi sanaciji in varnem obratovanju.<\/li>\n<\/ul>\n<\/li>\n<\/ul>\n<p>Obe panogi z dolgo tradicijo v klasi\u010dnem rudarstvu se uspe\u0161no kosata tudi s sodobnimi problemi v naj\u0161ir\u0161em sklopu geotehni\u010dnih strok.<\/p>\n<p><strong>PREDSTOJNIK KATEDRE<\/strong><br \/>\ndoc. dr. Goran Vi\u017eintin<br \/>\n<a href=\"mailto:goran.vizintin@guest.arnes.si\" target=\"_blank\" rel=\"noopener noreferrer\">goran.vizintin@guest.arnes.si<\/a><\/p>\n<p><strong>\u010cLANI KATEDRE<\/strong><br \/>\nred. prof. dr. Andrej Gosar<br \/>\n<a href=\"mailto:andrej.gosar@gov.si\" target=\"_blank\" rel=\"noopener noreferrer\">andrej.gosar@gov.si<\/a><\/p>\n<p>asist. Andrej Pal<br \/>\n<a href=\"mailto:andrej.pal@ntf.uni-lj.si\">andrej.pal@ntf.uni-lj.si\u00a0<\/a><\/p>\n<p>asist. Gregor Rajh<br \/>\n<a href=\"mailto:gregor.rajh@ntf.uni-lj.si\">gregor.rajh@ntf.uni-lj.si\u00a0<\/a><\/p>\n<p>&nbsp;<\/p>\n<p>&nbsp;<\/p>\n<p><a href=\"https:\/\/www.ntf.uni-lj.si\/ogro\/wp-content\/uploads\/sites\/4\/2015\/02\/geotechnology-250x250.jpg\"><img loading=\"lazy\" width=\"250\" height=\"250\" class=\"alignnone size-full wp-image-61\" src=\"https:\/\/www.ntf.uni-lj.si\/ogro\/wp-content\/uploads\/sites\/4\/2015\/02\/geotechnology-250x250.jpg\" alt=\"geotechnology-250x250\" srcset=\"https:\/\/www.ntf.uni-lj.si\/ogro\/wp-content\/uploads\/sites\/4\/2015\/02\/geotechnology-250x250.jpg 250w, https:\/\/www.ntf.uni-lj.si\/ogro\/wp-content\/uploads\/sites\/4\/2015\/02\/geotechnology-250x250-150x150.jpg 150w\" sizes=\"(max-width: 250px) 100vw, 250px\" \/><\/a><\/p>\n","protected":false},"excerpt":{"rendered":"Merstvo in geofizika sta montanisti\u010dni vedi, ki se ukvarjata s podzemnim prostorom, njegovimi geometri\u010dnimi razse\u017enostmi ter fizikalnimi lastnostmi. Delovanje in razvoj na pedago\u0161kem, znanstvenem in strokovnem podro\u010dju sta danes usmerjena predvsem v naslednje discipline: merstvo v rudarstvu (ni\u017eja geodezija, rudarsko merjenje) in geotehnologiji (in\u017eenirska geodezija, geotehni\u010dne meritve): prostorska izmera in kartografsko dokumentiranje rudni\u0161kih in drugih &#8230; <a class=\"view-article\" href=\"https:\/\/www.ntf.uni-lj.si\/ogro\/o-oddelku\/katedre\/krmgr\/\">Read more<\/a>","protected":false},"author":15,"featured_media":0,"parent":88,"menu_order":40,"comment_status":"closed","ping_status":"closed","template":"","meta":[],"acf":[],"yoast_head":"<!-- This site is optimized with the Yoast SEO plugin v17.0 - https:\/\/yoast.com\/wordpress\/plugins\/seo\/ -->\n<meta name=\"robots\" content=\"index, follow, max-snippet:-1, max-image-preview:large, max-video-preview:-1\" \/>\n<link rel=\"canonical\" href=\"https:\/\/www.ntf.uni-lj.si\/ogro\/o-oddelku\/katedre\/krmgr\/\" \/>\n<meta property=\"og:locale\" content=\"en_US\" \/>\n<meta property=\"og:type\" content=\"article\" \/>\n<meta property=\"og:title\" content=\"Katedra za rudarsko merjenje in geofizikalno raziskovanje(KRMGR) - OGRO\" \/>\n<meta property=\"og:description\" content=\"Merstvo in geofizika sta montanisti\u010dni vedi, ki se ukvarjata s podzemnim prostorom, njegovimi geometri\u010dnimi razse\u017enostmi ter fizikalnimi lastnostmi. Delovanje in razvoj na pedago\u0161kem, znanstvenem in strokovnem podro\u010dju sta danes usmerjena predvsem v naslednje discipline: merstvo v rudarstvu (ni\u017eja geodezija, rudarsko merjenje) in geotehnologiji (in\u017eenirska geodezija, geotehni\u010dne meritve): prostorska izmera in kartografsko dokumentiranje rudni\u0161kih in drugih ... Read more\" \/>\n<meta property=\"og:url\" content=\"https:\/\/www.ntf.uni-lj.si\/ogro\/o-oddelku\/katedre\/krmgr\/\" \/>\n<meta property=\"og:site_name\" content=\"OGRO\" \/>\n<meta property=\"article:modified_time\" content=\"2020-11-05T08:00:09+00:00\" \/>\n<meta property=\"og:image\" content=\"https:\/\/www.ntf.uni-lj.si\/ogro\/wp-content\/uploads\/sites\/4\/2015\/02\/geotechnology-250x250.jpg\" \/>\n<meta name=\"twitter:label1\" content=\"Est. reading time\" \/>\n\t<meta name=\"twitter:data1\" content=\"1 minute\" \/>\n<script type=\"application\/ld+json\" class=\"yoast-schema-graph\">{\"@context\":\"https:\/\/schema.org\",\"@graph\":[{\"@type\":\"WebSite\",\"@id\":\"https:\/\/www.ntf.uni-lj.si\/ogro\/#website\",\"url\":\"https:\/\/www.ntf.uni-lj.si\/ogro\/\",\"name\":\"OGRO\",\"description\":\"Oddelek za geotehnologijo, rudarstvo in okolje\",\"potentialAction\":[{\"@type\":\"SearchAction\",\"target\":{\"@type\":\"EntryPoint\",\"urlTemplate\":\"https:\/\/www.ntf.uni-lj.si\/ogro\/?s={search_term_string}\"},\"query-input\":\"required name=search_term_string\"}],\"inLanguage\":\"en-US\"},{\"@type\":\"ImageObject\",\"@id\":\"https:\/\/www.ntf.uni-lj.si\/ogro\/o-oddelku\/katedre\/krmgr\/#primaryimage\",\"inLanguage\":\"en-US\",\"url\":\"https:\/\/www.ntf.uni-lj.si\/ogro\/wp-content\/uploads\/sites\/4\/2015\/02\/geotechnology-250x250.jpg\",\"contentUrl\":\"https:\/\/www.ntf.uni-lj.si\/ogro\/wp-content\/uploads\/sites\/4\/2015\/02\/geotechnology-250x250.jpg\"},{\"@type\":\"WebPage\",\"@id\":\"https:\/\/www.ntf.uni-lj.si\/ogro\/o-oddelku\/katedre\/krmgr\/#webpage\",\"url\":\"https:\/\/www.ntf.uni-lj.si\/ogro\/o-oddelku\/katedre\/krmgr\/\",\"name\":\"Katedra za rudarsko merjenje in geofizikalno raziskovanje(KRMGR) - OGRO\",\"isPartOf\":{\"@id\":\"https:\/\/www.ntf.uni-lj.si\/ogro\/#website\"},\"primaryImageOfPage\":{\"@id\":\"https:\/\/www.ntf.uni-lj.si\/ogro\/o-oddelku\/katedre\/krmgr\/#primaryimage\"},\"datePublished\":\"2015-03-30T09:06:05+00:00\",\"dateModified\":\"2020-11-05T08:00:09+00:00\",\"breadcrumb\":{\"@id\":\"https:\/\/www.ntf.uni-lj.si\/ogro\/o-oddelku\/katedre\/krmgr\/#breadcrumb\"},\"inLanguage\":\"en-US\",\"potentialAction\":[{\"@type\":\"ReadAction\",\"target\":[\"https:\/\/www.ntf.uni-lj.si\/ogro\/o-oddelku\/katedre\/krmgr\/\"]}]},{\"@type\":\"BreadcrumbList\",\"@id\":\"https:\/\/www.ntf.uni-lj.si\/ogro\/o-oddelku\/katedre\/krmgr\/#breadcrumb\",\"itemListElement\":[{\"@type\":\"ListItem\",\"position\":1,\"name\":\"Domov\",\"item\":\"https:\/\/www.ntf.uni-lj.si\/ogro\/\"},{\"@type\":\"ListItem\",\"position\":2,\"name\":\"O oddelku\",\"item\":\"https:\/\/www.ntf.uni-lj.si\/ogro\/o-oddelku\/\"},{\"@type\":\"ListItem\",\"position\":3,\"name\":\"Katedre\",\"item\":\"https:\/\/www.ntf.uni-lj.si\/ogro\/o-oddelku\/katedre\/\"},{\"@type\":\"ListItem\",\"position\":4,\"name\":\"Katedra za rudarsko merjenje in geofizikalno raziskovanje(KRMGR)\"}]}]}<\/script>\n<!-- \/ Yoast SEO plugin. -->","yoast_head_json":{"robots":{"index":"index","follow":"follow","max-snippet":"max-snippet:-1","max-image-preview":"max-image-preview:large","max-video-preview":"max-video-preview:-1"},"canonical":"https:\/\/www.ntf.uni-lj.si\/ogro\/o-oddelku\/katedre\/krmgr\/","og_locale":"en_US","og_type":"article","og_title":"Katedra za rudarsko merjenje in geofizikalno raziskovanje(KRMGR) - OGRO","og_description":"Merstvo in geofizika sta montanisti\u010dni vedi, ki se ukvarjata s podzemnim prostorom, njegovimi geometri\u010dnimi razse\u017enostmi ter fizikalnimi lastnostmi. Delovanje in razvoj na pedago\u0161kem, znanstvenem in strokovnem podro\u010dju sta danes usmerjena predvsem v naslednje discipline: merstvo v rudarstvu (ni\u017eja geodezija, rudarsko merjenje) in geotehnologiji (in\u017eenirska geodezija, geotehni\u010dne meritve): prostorska izmera in kartografsko dokumentiranje rudni\u0161kih in drugih ... Read more","og_url":"https:\/\/www.ntf.uni-lj.si\/ogro\/o-oddelku\/katedre\/krmgr\/","og_site_name":"OGRO","article_modified_time":"2020-11-05T08:00:09+00:00","og_image":[{"url":"https:\/\/www.ntf.uni-lj.si\/ogro\/wp-content\/uploads\/sites\/4\/2015\/02\/geotechnology-250x250.jpg"}],"twitter_misc":{"Est. reading time":"1 minute"},"schema":{"@context":"https:\/\/schema.org","@graph":[{"@type":"WebSite","@id":"https:\/\/www.ntf.uni-lj.si\/ogro\/#website","url":"https:\/\/www.ntf.uni-lj.si\/ogro\/","name":"OGRO","description":"Oddelek za geotehnologijo, rudarstvo in okolje","potentialAction":[{"@type":"SearchAction","target":{"@type":"EntryPoint","urlTemplate":"https:\/\/www.ntf.uni-lj.si\/ogro\/?s={search_term_string}"},"query-input":"required name=search_term_string"}],"inLanguage":"en-US"},{"@type":"ImageObject","@id":"https:\/\/www.ntf.uni-lj.si\/ogro\/o-oddelku\/katedre\/krmgr\/#primaryimage","inLanguage":"en-US","url":"https:\/\/www.ntf.uni-lj.si\/ogro\/wp-content\/uploads\/sites\/4\/2015\/02\/geotechnology-250x250.jpg","contentUrl":"https:\/\/www.ntf.uni-lj.si\/ogro\/wp-content\/uploads\/sites\/4\/2015\/02\/geotechnology-250x250.jpg"},{"@type":"WebPage","@id":"https:\/\/www.ntf.uni-lj.si\/ogro\/o-oddelku\/katedre\/krmgr\/#webpage","url":"https:\/\/www.ntf.uni-lj.si\/ogro\/o-oddelku\/katedre\/krmgr\/","name":"Katedra za rudarsko merjenje in geofizikalno raziskovanje(KRMGR) - OGRO","isPartOf":{"@id":"https:\/\/www.ntf.uni-lj.si\/ogro\/#website"},"primaryImageOfPage":{"@id":"https:\/\/www.ntf.uni-lj.si\/ogro\/o-oddelku\/katedre\/krmgr\/#primaryimage"},"datePublished":"2015-03-30T09:06:05+00:00","dateModified":"2020-11-05T08:00:09+00:00","breadcrumb":{"@id":"https:\/\/www.ntf.uni-lj.si\/ogro\/o-oddelku\/katedre\/krmgr\/#breadcrumb"},"inLanguage":"en-US","potentialAction":[{"@type":"ReadAction","target":["https:\/\/www.ntf.uni-lj.si\/ogro\/o-oddelku\/katedre\/krmgr\/"]}]},{"@type":"BreadcrumbList","@id":"https:\/\/www.ntf.uni-lj.si\/ogro\/o-oddelku\/katedre\/krmgr\/#breadcrumb","itemListElement":[{"@type":"ListItem","position":1,"name":"Domov","item":"https:\/\/www.ntf.uni-lj.si\/ogro\/"},{"@type":"ListItem","position":2,"name":"O oddelku","item":"https:\/\/www.ntf.uni-lj.si\/ogro\/o-oddelku\/"},{"@type":"ListItem","position":3,"name":"Katedre","item":"https:\/\/www.ntf.uni-lj.si\/ogro\/o-oddelku\/katedre\/"},{"@type":"ListItem","position":4,"name":"Katedra za rudarsko merjenje in geofizikalno raziskovanje(KRMGR)"}]}]}},"_links":{"self":[{"href":"https:\/\/www.ntf.uni-lj.si\/ogro\/wp-json\/wp\/v2\/pages\/100"}],"collection":[{"href":"https:\/\/www.ntf.uni-lj.si\/ogro\/wp-json\/wp\/v2\/pages"}],"about":[{"href":"https:\/\/www.ntf.uni-lj.si\/ogro\/wp-json\/wp\/v2\/types\/page"}],"author":[{"embeddable":true,"href":"https:\/\/www.ntf.uni-lj.si\/ogro\/wp-json\/wp\/v2\/users\/15"}],"replies":[{"embeddable":true,"href":"https:\/\/www.ntf.uni-lj.si\/ogro\/wp-json\/wp\/v2\/comments?post=100"}],"version-history":[{"count":9,"href":"https:\/\/www.ntf.uni-lj.si\/ogro\/wp-json\/wp\/v2\/pages\/100\/revisions"}],"predecessor-version":[{"id":3795,"href":"https:\/\/www.ntf.uni-lj.si\/ogro\/wp-json\/wp\/v2\/pages\/100\/revisions\/3795"}],"up":[{"embeddable":true,"href":"https:\/\/www.ntf.uni-lj.si\/ogro\/wp-json\/wp\/v2\/pages\/88"}],"wp:attachment":[{"href":"https:\/\/www.ntf.uni-lj.si\/ogro\/wp-json\/wp\/v2\/media?parent=100"}],"curies":[{"name":"wp","href":"https:\/\/api.w.org\/{rel}","templated":true}]}}