{"id":112,"date":"2015-03-30T09:09:11","date_gmt":"2015-03-30T09:09:11","guid":{"rendered":"http:\/\/www.ntf.uni-lj.si\/ogro\/?page_id=112"},"modified":"2026-04-09T11:46:48","modified_gmt":"2026-04-09T09:46:48","slug":"krgu","status":"publish","type":"page","link":"https:\/\/www.ntf.uni-lj.si\/ogro\/o-oddelku\/katedre\/krgu\/","title":{"rendered":"Katedra za tehni\u010dno rudarstvo, geotehniko, geotermijo in urbano rudarjenje (KRGU)"},"content":{"rendered":"<p>Katedra za tehni\u010dno rudarstvo, geotehniko, geotermijo in urbano rudarjenje skrbi za pou\u010devanje in razvoj temeljnih tematskih sklopov tehni\u010dnega rudarstva, geotehnike, geotermije, mehanske procesne tehnike, bogatenja mineralnih surovin ter recikliranja.\u00a0V okviru tega so njene glavne aktivnosti delovanja osredoto\u010dene predvsem na naslednja o\u017eja tehni\u010dno tehnolo\u0161ka podro\u010dja:<\/p>\n<ul>\n<li>Mehaniko kamnin in geotehniko, ki pokrivata \u0161irok spekter geotehni\u010dnih del tako na povr\u0161ju, kot tudi pod zemeljsko povr\u0161ino.<\/li>\n<li>Izgradnjo podzemnih prostorov, s poudarkom na gradnji predorov ter ostalih podzemnih objektov.<\/li>\n<li>Sodobne tehnologije pridobivanja mineralnih surovin, ki zajemajo celovitost postopkov jamskega in povr\u0161inskega odkopavanja.<\/li>\n<li>Tehni\u010dno rudarstvo, ki je osredoto\u010deno predvsem na podro\u010dje vrtanja in miniranja pri podzemnih in povr\u0161inskih delih ter podzemnega prezra\u010devanja in odvodnjevanja jamskih objektov.<\/li>\n<li>Ekonomiko in organizacijo, ki zajemata osnovna znanja iz organizacije, planiranja in optimiranja tehnolo\u0161kih procesov v rudarstvu in geotehnologiji.<\/li>\n<li>Vrtalno tehniko, ki pokriva tehnologije rotacijskega vrtanja pri raziskavah in pridobivanju nafte, plina in slojnih voda.<\/li>\n<li>Rudarsko strojni\u0161tvo in transport zajema vse stroje in naprave, ki se uporabljajo pri rudarskih in geotehni\u010dnih delih na povr\u0161inskih in podzemnih kopih, geotehni\u010dnih konstrukcijah in razli\u010dnih povr\u0161inskih in podzemnih gradnjah.<\/li>\n<li>Metode raziskovanja geotermalnih potencialov in vrtanje pri raziskovanju in izkori\u0161\u010danju geotermalnih virov.<\/li>\n<li>Izkori\u0161\u010danje geotermalnih virov in tehnolo\u0161ki procesi energetska izrabe geotermalnih virov.<\/li>\n<li>Metode in na\u010dine predelave izkopane rude ali odpadne snovi, namenjene ponovni uporabi.<\/li>\n<li>Tehnolo\u0161ke procese predelave oziroma priprave rudnine ali sekundarne surovine s procesi drobljenja in mletja na primarni strani podro\u010dja mehanske procesne tehnike ter nadaljnje predelave za u\u010dinkovitej\u0161e lo\u010devanje koristnih komponent od neuporabne jalovine.<\/li>\n<li>Tehnolo\u0161ke procese lo\u010devanja, ki predstavljajo sejanje, klasiranje in lo\u010devanje faz (filtriranje, zgo\u0161\u010devanje, odpra\u0161evanje) za kon\u010dno uporabo v gradbeni\u0161tvu in drugje.<\/li>\n<li>Tehnike bogatenja mineralnih surovin za pove\u010danje koncentracije koristne substance.<\/li>\n<li>Vra\u010danje mineralnih surovin v ponovno uporabo ali recikliranje za zmanj\u0161evanje vplivov na okolje in manj\u0161o porabo energije za predelavo.<\/li>\n<\/ul>\n<p>Prakti\u010dno so v vse postopke recikliranja vklju\u010dene operacije mehanske procesne tehnike ali bogatenja mineralnih surovin. Postopki recikliranja so specifi\u010dni glede na poreklo odpadne snovi, vendar so operacije kljub temu precej podobne tistim pri primarni predelavi oz. pripravi mineralnih surovin.<\/p>\n<p>Katedra za tehni\u010dno rudarstvo, geotehniko, geotermijo in urbano rudarjenje skrbi za stalno povezanost\u00a0s prakso in s tem zagotavlja aktualnost \u0161tudijskega programa. V okviru katedre in njenih laboratorijev se poleg u\u010dnega procesa odvija tudi temeljno in aplikativno raziskovalno delo, ki je sofinancirano s strani Ministrstva za visoko \u0161olstvo, znanost in tehnologijo, kot tudi s strani gospodarskih dru\u017eb. V izvajanje raziskovalnega dela so vklju\u010deni tudi \u0161tudentje vi\u0161jih letnikov in predvsem diplomanti.<\/p>\n<p>Sodelavci katedre so aktivni tudi v mednarodnih strokovnih organizacijah in redno predstavljajo svoje raziskovalne dose\u017eke na svetovnih kongresih\u00a0ter specializiranih mednarodnih strokovnih posvetovanjih in delavnicah.<\/p>\n<p><strong>PREDSTOJNIK KATEDRE<\/strong><\/p>\n<p>red. prof. dr. \u017deljko Vukeli\u0107<br \/>\nKontakt:\u00a0<a href=\"mailto:zeljko.vukelic@ntf.uni-lj.si\">zeljko.vukelic@ntf.uni-lj.si<\/a><\/p>\n<p>&nbsp;<\/p>\n<p><strong>\u010cLANI KATEDRE<\/strong><\/p>\n<p><img class=\"T-I-J3 CB\" src=\"https:\/\/mail.google.com\/mail\/u\/0\/images\/cleardot.gif\" alt=\"\" \/>izr. prof. dr. Vojkan Jovi\u010di\u0107<br \/>\nKontakt:\u00a0<a href=\"mailto:vojkan.jovicic@irgo.si\">vojkan.jovicic@irgo.si<\/a><\/p>\n<p>doc. dr. Jo\u017ee Kortnik<br \/>\nKontakt:\u00a0<a href=\"mailto:joze.kortnik@guest.arnes.si\">joze.kortnik@guest.arnes.si<\/a><\/p>\n<p>doc. dr.\u00a0Janez Ro\u0161er<br \/>\nKontakt: janez.roser@ntf.uni-lj.si<\/p>\n<p>doc. dr. Damjan Hann<br \/>\nKontakt:\u00a0<a href=\"mailto:damjan.hann@ntf.uni-lj.si\">damjan.hann@ntf.uni-lj.si<\/a><\/p>\n<p>doc. dr. Jurij \u0160porin<br \/>\nKontakt:\u00a0<a href=\"mailto:jurij.sporin@ntf.uni-lj.si\">jurij.sporin@ntf.uni-lj.si<\/a><\/p>\n<p>asist. Jo\u017ee \u017darn<br \/>\nKontakt:\u00a0<a href=\"mailto:joze.zarn@ntf.uni-lj.si%20\">joze.zarn@ntf.uni-lj.si<\/a><\/p>\n<p>asist. dr. Bla\u017e Janc<br \/>\nKontakt:\u00a0<a class=\"\" href=\"mailto:blaz.janc@ntf.uni-lj.si\">blaz.janc@ntf.uni-lj.si<\/a><\/p>\n<p><a href=\"https:\/\/www.ntf.uni-lj.si\/ogro\/wp-content\/uploads\/sites\/4\/2015\/03\/1474503_1095944927117368_3136379646377929681_n.jpg\"><img loading=\"lazy\" width=\"300\" height=\"300\" class=\"alignnone size-medium wp-image-3293\" src=\"https:\/\/www.ntf.uni-lj.si\/ogro\/wp-content\/uploads\/sites\/4\/2015\/03\/1474503_1095944927117368_3136379646377929681_n-300x300.jpg\" alt=\"1474503_1095944927117368_3136379646377929681_n\" srcset=\"https:\/\/www.ntf.uni-lj.si\/ogro\/wp-content\/uploads\/sites\/4\/2015\/03\/1474503_1095944927117368_3136379646377929681_n-300x300.jpg 300w, https:\/\/www.ntf.uni-lj.si\/ogro\/wp-content\/uploads\/sites\/4\/2015\/03\/1474503_1095944927117368_3136379646377929681_n-150x150.jpg 150w, https:\/\/www.ntf.uni-lj.si\/ogro\/wp-content\/uploads\/sites\/4\/2015\/03\/1474503_1095944927117368_3136379646377929681_n-768x768.jpg 768w, https:\/\/www.ntf.uni-lj.si\/ogro\/wp-content\/uploads\/sites\/4\/2015\/03\/1474503_1095944927117368_3136379646377929681_n.jpg 900w\" sizes=\"(max-width: 300px) 100vw, 300px\" \/><\/a><a href=\"https:\/\/www.ntf.uni-lj.si\/ogro\/wp-content\/uploads\/sites\/4\/2015\/06\/bla\u017e_repen\u0161ek-1.jpg\">\u00a0<\/a><a href=\"https:\/\/www.ntf.uni-lj.si\/ogro\/wp-content\/uploads\/sites\/4\/2015\/02\/photo.jpg\"><img loading=\"lazy\" width=\"300\" height=\"149\" class=\"alignnone size-medium wp-image-59\" src=\"https:\/\/www.ntf.uni-lj.si\/ogro\/wp-content\/uploads\/sites\/4\/2015\/02\/photo-300x149.jpg\" alt=\"photo\" srcset=\"https:\/\/www.ntf.uni-lj.si\/ogro\/wp-content\/uploads\/sites\/4\/2015\/02\/photo-300x149.jpg 300w, https:\/\/www.ntf.uni-lj.si\/ogro\/wp-content\/uploads\/sites\/4\/2015\/02\/photo-1024x507.jpg 1024w, https:\/\/www.ntf.uni-lj.si\/ogro\/wp-content\/uploads\/sites\/4\/2015\/02\/photo.jpg 1400w\" sizes=\"(max-width: 300px) 100vw, 300px\" \/><\/a><a href=\"https:\/\/www.ntf.uni-lj.si\/ogro\/wp-content\/uploads\/sites\/4\/2015\/06\/klemen_vuki\u0107-21.jpg\"><img loading=\"lazy\" width=\"300\" height=\"208\" class=\"alignnone size-medium wp-image-2534\" src=\"https:\/\/www.ntf.uni-lj.si\/ogro\/wp-content\/uploads\/sites\/4\/2015\/06\/klemen_vuki\u0107-21-300x208.jpg\" alt=\"klemen_vuki\u0107-2\" srcset=\"https:\/\/www.ntf.uni-lj.si\/ogro\/wp-content\/uploads\/sites\/4\/2015\/06\/klemen_vuki\u0107-21-300x208.jpg 300w, https:\/\/www.ntf.uni-lj.si\/ogro\/wp-content\/uploads\/sites\/4\/2015\/06\/klemen_vuki\u0107-21-1024x709.jpg 1024w\" sizes=\"(max-width: 300px) 100vw, 300px\" \/><\/a><a href=\"https:\/\/www.ntf.uni-lj.si\/ogro\/wp-content\/uploads\/sites\/4\/2015\/06\/bla\u017e_repen\u0161ek-1.jpg\">\u00a0\u00a0<img loading=\"lazy\" width=\"201\" height=\"300\" class=\"alignnone size-medium wp-image-2541\" src=\"https:\/\/www.ntf.uni-lj.si\/ogro\/wp-content\/uploads\/sites\/4\/2015\/06\/bla\u017e_repen\u0161ek-1-201x300.jpg\" alt=\"bla\u017e_repen\u0161ek-1\" srcset=\"https:\/\/www.ntf.uni-lj.si\/ogro\/wp-content\/uploads\/sites\/4\/2015\/06\/bla\u017e_repen\u0161ek-1-201x300.jpg 201w, https:\/\/www.ntf.uni-lj.si\/ogro\/wp-content\/uploads\/sites\/4\/2015\/06\/bla\u017e_repen\u0161ek-1-685x1024.jpg 685w\" sizes=\"(max-width: 201px) 100vw, 201px\" \/><\/a>\u00a0\u00a0\u00a0<a href=\"https:\/\/www.ntf.uni-lj.si\/ogro\/wp-content\/uploads\/sites\/4\/2015\/03\/12193299_1080033278704070_2795172138825775510_n.jpg\"><img loading=\"lazy\" width=\"225\" height=\"300\" class=\"alignnone size-medium wp-image-3292\" src=\"https:\/\/www.ntf.uni-lj.si\/ogro\/wp-content\/uploads\/sites\/4\/2015\/03\/12193299_1080033278704070_2795172138825775510_n-225x300.jpg\" alt=\"12193299_1080033278704070_2795172138825775510_n\" srcset=\"https:\/\/www.ntf.uni-lj.si\/ogro\/wp-content\/uploads\/sites\/4\/2015\/03\/12193299_1080033278704070_2795172138825775510_n-225x300.jpg 225w, https:\/\/www.ntf.uni-lj.si\/ogro\/wp-content\/uploads\/sites\/4\/2015\/03\/12193299_1080033278704070_2795172138825775510_n.jpg 720w\" sizes=\"(max-width: 225px) 100vw, 225px\" \/><\/a><\/p>\n","protected":false},"excerpt":{"rendered":"Katedra za tehni\u010dno rudarstvo, geotehniko, geotermijo in urbano rudarjenje skrbi za pou\u010devanje in razvoj temeljnih tematskih sklopov tehni\u010dnega rudarstva, geotehnike, geotermije, mehanske procesne tehnike, bogatenja mineralnih surovin ter recikliranja.\u00a0V okviru tega so njene glavne aktivnosti delovanja osredoto\u010dene predvsem na naslednja o\u017eja tehni\u010dno tehnolo\u0161ka podro\u010dja: Mehaniko kamnin in geotehniko, ki pokrivata \u0161irok spekter geotehni\u010dnih del tako &#8230; <a class=\"view-article\" href=\"https:\/\/www.ntf.uni-lj.si\/ogro\/o-oddelku\/katedre\/krgu\/\">Read more<\/a>","protected":false},"author":15,"featured_media":0,"parent":88,"menu_order":30,"comment_status":"closed","ping_status":"closed","template":"","meta":[],"acf":[],"yoast_head":"<!-- This site is optimized with the Yoast SEO plugin v17.0 - https:\/\/yoast.com\/wordpress\/plugins\/seo\/ -->\n<meta name=\"robots\" content=\"index, follow, max-snippet:-1, max-image-preview:large, max-video-preview:-1\" \/>\n<link rel=\"canonical\" href=\"https:\/\/www.ntf.uni-lj.si\/ogro\/o-oddelku\/katedre\/krgu\/\" \/>\n<meta property=\"og:locale\" content=\"en_US\" \/>\n<meta property=\"og:type\" content=\"article\" \/>\n<meta property=\"og:title\" content=\"Katedra za tehni\u010dno rudarstvo, geotehniko, geotermijo in urbano rudarjenje (KRGU) - OGRO\" \/>\n<meta property=\"og:description\" content=\"Katedra za tehni\u010dno rudarstvo, geotehniko, geotermijo in urbano rudarjenje skrbi za pou\u010devanje in razvoj temeljnih tematskih sklopov tehni\u010dnega rudarstva, geotehnike, geotermije, mehanske procesne tehnike, bogatenja mineralnih surovin ter recikliranja.\u00a0V okviru tega so njene glavne aktivnosti delovanja osredoto\u010dene predvsem na naslednja o\u017eja tehni\u010dno tehnolo\u0161ka podro\u010dja: Mehaniko kamnin in geotehniko, ki pokrivata \u0161irok spekter geotehni\u010dnih del tako ... Read more\" \/>\n<meta property=\"og:url\" content=\"https:\/\/www.ntf.uni-lj.si\/ogro\/o-oddelku\/katedre\/krgu\/\" \/>\n<meta property=\"og:site_name\" content=\"OGRO\" \/>\n<meta property=\"article:modified_time\" content=\"2026-04-09T09:46:48+00:00\" \/>\n<meta property=\"og:image\" content=\"https:\/\/mail.google.com\/mail\/u\/0\/images\/cleardot.gif\" \/>\n<meta name=\"twitter:label1\" content=\"Est. reading time\" \/>\n\t<meta name=\"twitter:data1\" content=\"4 minutes\" \/>\n<script type=\"application\/ld+json\" class=\"yoast-schema-graph\">{\"@context\":\"https:\/\/schema.org\",\"@graph\":[{\"@type\":\"WebSite\",\"@id\":\"https:\/\/www.ntf.uni-lj.si\/ogro\/#website\",\"url\":\"https:\/\/www.ntf.uni-lj.si\/ogro\/\",\"name\":\"OGRO\",\"description\":\"Oddelek za geotehnologijo, rudarstvo in okolje\",\"potentialAction\":[{\"@type\":\"SearchAction\",\"target\":{\"@type\":\"EntryPoint\",\"urlTemplate\":\"https:\/\/www.ntf.uni-lj.si\/ogro\/?s={search_term_string}\"},\"query-input\":\"required name=search_term_string\"}],\"inLanguage\":\"en-US\"},{\"@type\":\"ImageObject\",\"@id\":\"https:\/\/www.ntf.uni-lj.si\/ogro\/o-oddelku\/katedre\/krgu\/#primaryimage\",\"inLanguage\":\"en-US\",\"url\":\"https:\/\/mail.google.com\/mail\/u\/0\/images\/cleardot.gif\",\"contentUrl\":\"https:\/\/mail.google.com\/mail\/u\/0\/images\/cleardot.gif\"},{\"@type\":\"WebPage\",\"@id\":\"https:\/\/www.ntf.uni-lj.si\/ogro\/o-oddelku\/katedre\/krgu\/#webpage\",\"url\":\"https:\/\/www.ntf.uni-lj.si\/ogro\/o-oddelku\/katedre\/krgu\/\",\"name\":\"Katedra za tehni\\u010dno rudarstvo, geotehniko, geotermijo in urbano rudarjenje (KRGU) - OGRO\",\"isPartOf\":{\"@id\":\"https:\/\/www.ntf.uni-lj.si\/ogro\/#website\"},\"primaryImageOfPage\":{\"@id\":\"https:\/\/www.ntf.uni-lj.si\/ogro\/o-oddelku\/katedre\/krgu\/#primaryimage\"},\"datePublished\":\"2015-03-30T09:09:11+00:00\",\"dateModified\":\"2026-04-09T09:46:48+00:00\",\"breadcrumb\":{\"@id\":\"https:\/\/www.ntf.uni-lj.si\/ogro\/o-oddelku\/katedre\/krgu\/#breadcrumb\"},\"inLanguage\":\"en-US\",\"potentialAction\":[{\"@type\":\"ReadAction\",\"target\":[\"https:\/\/www.ntf.uni-lj.si\/ogro\/o-oddelku\/katedre\/krgu\/\"]}]},{\"@type\":\"BreadcrumbList\",\"@id\":\"https:\/\/www.ntf.uni-lj.si\/ogro\/o-oddelku\/katedre\/krgu\/#breadcrumb\",\"itemListElement\":[{\"@type\":\"ListItem\",\"position\":1,\"name\":\"Domov\",\"item\":\"https:\/\/www.ntf.uni-lj.si\/ogro\/\"},{\"@type\":\"ListItem\",\"position\":2,\"name\":\"O oddelku\",\"item\":\"https:\/\/www.ntf.uni-lj.si\/ogro\/o-oddelku\/\"},{\"@type\":\"ListItem\",\"position\":3,\"name\":\"Katedre\",\"item\":\"https:\/\/www.ntf.uni-lj.si\/ogro\/o-oddelku\/katedre\/\"},{\"@type\":\"ListItem\",\"position\":4,\"name\":\"Katedra za tehni\\u010dno rudarstvo, geotehniko, geotermijo in urbano rudarjenje (KRGU)\"}]}]}<\/script>\n<!-- \/ Yoast SEO plugin. -->","yoast_head_json":{"robots":{"index":"index","follow":"follow","max-snippet":"max-snippet:-1","max-image-preview":"max-image-preview:large","max-video-preview":"max-video-preview:-1"},"canonical":"https:\/\/www.ntf.uni-lj.si\/ogro\/o-oddelku\/katedre\/krgu\/","og_locale":"en_US","og_type":"article","og_title":"Katedra za tehni\u010dno rudarstvo, geotehniko, geotermijo in urbano rudarjenje (KRGU) - OGRO","og_description":"Katedra za tehni\u010dno rudarstvo, geotehniko, geotermijo in urbano rudarjenje skrbi za pou\u010devanje in razvoj temeljnih tematskih sklopov tehni\u010dnega rudarstva, geotehnike, geotermije, mehanske procesne tehnike, bogatenja mineralnih surovin ter recikliranja.\u00a0V okviru tega so njene glavne aktivnosti delovanja osredoto\u010dene predvsem na naslednja o\u017eja tehni\u010dno tehnolo\u0161ka podro\u010dja: Mehaniko kamnin in geotehniko, ki pokrivata \u0161irok spekter geotehni\u010dnih del tako ... Read more","og_url":"https:\/\/www.ntf.uni-lj.si\/ogro\/o-oddelku\/katedre\/krgu\/","og_site_name":"OGRO","article_modified_time":"2026-04-09T09:46:48+00:00","og_image":[{"url":"https:\/\/mail.google.com\/mail\/u\/0\/images\/cleardot.gif"}],"twitter_misc":{"Est. reading time":"4 minutes"},"schema":{"@context":"https:\/\/schema.org","@graph":[{"@type":"WebSite","@id":"https:\/\/www.ntf.uni-lj.si\/ogro\/#website","url":"https:\/\/www.ntf.uni-lj.si\/ogro\/","name":"OGRO","description":"Oddelek za geotehnologijo, rudarstvo in okolje","potentialAction":[{"@type":"SearchAction","target":{"@type":"EntryPoint","urlTemplate":"https:\/\/www.ntf.uni-lj.si\/ogro\/?s={search_term_string}"},"query-input":"required name=search_term_string"}],"inLanguage":"en-US"},{"@type":"ImageObject","@id":"https:\/\/www.ntf.uni-lj.si\/ogro\/o-oddelku\/katedre\/krgu\/#primaryimage","inLanguage":"en-US","url":"https:\/\/mail.google.com\/mail\/u\/0\/images\/cleardot.gif","contentUrl":"https:\/\/mail.google.com\/mail\/u\/0\/images\/cleardot.gif"},{"@type":"WebPage","@id":"https:\/\/www.ntf.uni-lj.si\/ogro\/o-oddelku\/katedre\/krgu\/#webpage","url":"https:\/\/www.ntf.uni-lj.si\/ogro\/o-oddelku\/katedre\/krgu\/","name":"Katedra za tehni\u010dno rudarstvo, geotehniko, geotermijo in urbano rudarjenje (KRGU) - OGRO","isPartOf":{"@id":"https:\/\/www.ntf.uni-lj.si\/ogro\/#website"},"primaryImageOfPage":{"@id":"https:\/\/www.ntf.uni-lj.si\/ogro\/o-oddelku\/katedre\/krgu\/#primaryimage"},"datePublished":"2015-03-30T09:09:11+00:00","dateModified":"2026-04-09T09:46:48+00:00","breadcrumb":{"@id":"https:\/\/www.ntf.uni-lj.si\/ogro\/o-oddelku\/katedre\/krgu\/#breadcrumb"},"inLanguage":"en-US","potentialAction":[{"@type":"ReadAction","target":["https:\/\/www.ntf.uni-lj.si\/ogro\/o-oddelku\/katedre\/krgu\/"]}]},{"@type":"BreadcrumbList","@id":"https:\/\/www.ntf.uni-lj.si\/ogro\/o-oddelku\/katedre\/krgu\/#breadcrumb","itemListElement":[{"@type":"ListItem","position":1,"name":"Domov","item":"https:\/\/www.ntf.uni-lj.si\/ogro\/"},{"@type":"ListItem","position":2,"name":"O oddelku","item":"https:\/\/www.ntf.uni-lj.si\/ogro\/o-oddelku\/"},{"@type":"ListItem","position":3,"name":"Katedre","item":"https:\/\/www.ntf.uni-lj.si\/ogro\/o-oddelku\/katedre\/"},{"@type":"ListItem","position":4,"name":"Katedra za tehni\u010dno rudarstvo, geotehniko, geotermijo in urbano rudarjenje (KRGU)"}]}]}},"_links":{"self":[{"href":"https:\/\/www.ntf.uni-lj.si\/ogro\/wp-json\/wp\/v2\/pages\/112"}],"collection":[{"href":"https:\/\/www.ntf.uni-lj.si\/ogro\/wp-json\/wp\/v2\/pages"}],"about":[{"href":"https:\/\/www.ntf.uni-lj.si\/ogro\/wp-json\/wp\/v2\/types\/page"}],"author":[{"embeddable":true,"href":"https:\/\/www.ntf.uni-lj.si\/ogro\/wp-json\/wp\/v2\/users\/15"}],"replies":[{"embeddable":true,"href":"https:\/\/www.ntf.uni-lj.si\/ogro\/wp-json\/wp\/v2\/comments?post=112"}],"version-history":[{"count":26,"href":"https:\/\/www.ntf.uni-lj.si\/ogro\/wp-json\/wp\/v2\/pages\/112\/revisions"}],"predecessor-version":[{"id":4365,"href":"https:\/\/www.ntf.uni-lj.si\/ogro\/wp-json\/wp\/v2\/pages\/112\/revisions\/4365"}],"up":[{"embeddable":true,"href":"https:\/\/www.ntf.uni-lj.si\/ogro\/wp-json\/wp\/v2\/pages\/88"}],"wp:attachment":[{"href":"https:\/\/www.ntf.uni-lj.si\/ogro\/wp-json\/wp\/v2\/media?parent=112"}],"curies":[{"name":"wp","href":"https:\/\/api.w.org\/{rel}","templated":true}]}}