{"id":124,"date":"2015-03-30T09:12:59","date_gmt":"2015-03-30T07:12:59","guid":{"rendered":"http:\/\/www.ntf.uni-lj.si\/ogro\/?page_id=124"},"modified":"2015-07-16T12:33:02","modified_gmt":"2015-07-16T10:33:02","slug":"predstavitev","status":"publish","type":"page","link":"https:\/\/www.ntf.uni-lj.si\/ogro\/o-oddelku\/splosne-informacije\/predstavitev\/","title":{"rendered":"Predstavitev"},"content":{"rendered":"<p>Oddelek za geotehnologijo, rudarstvo in okolje (OGRO) izvaja \u0161tudij, ki doma\u010dim in tujim diplomantom po kon\u010danem \u0161olanju omogo\u010da veliko mo\u017enosti za zaposlitev doma in v tujini.<\/p>\n<p>Naravoslovne in in\u017eenirske vede o Zemlji sodijo med geotehnolo\u0161ke stroke in so na Univerzi v Ljubljani prisotne \u017ee ve\u010d kot 90 let. Poznavanje procesov pod povr\u0161jem Zemlje in poznavanje tehnologij, s katerimi te procese obvladujemo, je mikaven izziv za tiste mlade ljudi, ki si poleg tehnolo\u0161ko obarvanega poklica \u017eelijo ali upajo stopiti na podro\u010dja dela, ki od njih zahtevajo tudi kan\u010dek avanturizma.<br \/>\nZaradi specifi\u010dnosti poklica se izobra\u017eevalni proces odvija v majhnih skupinah, v katerih je redko ve\u010d kot 20 \u0161tudentov. Izobra\u017eevanje poteka v moderno opremljenih u\u010dilnicah, laboratorijih in na terenu. \u0160tudij diplomantom, ki obiskujejo univerzitetni program, omogo\u010da pridobitev naziva (UN) dipl. in\u017e. geotehnologije in rudarstva, diplomanti, ki so predhodno opravili poklicno maturo, pa lahko v visoko\u0161olskem strokovnem programu pridobijo naziv (VS) dipl. in\u017e. geotehnologije in rudarstva.<\/p>\n<p>Po pridobljeni diplomi na enem izmed omenjenih programov je za znanja \u017eeljne organiziran magistrski \u0161tudij geotehnologije, po zaklju\u010dku katerega \u0161tudenti dobijo naziv mag. in\u017e. geotehnologije. Kot zanimivost velja omeniti mo\u010dno vpetost \u0161tudijskih programov OGRO v mednarodno okolje, kar doma\u010dim \u0161tudentom omogo\u010da izvajanje dela pedago\u0161kih obveznosti v tujini, tujim pa v Sloveniji. Na OGRO smo prepri\u010dani, da vsak \u0161tudent potrebuje tudi prakso, zato je v okviru izobra\u017eevanja organizirana praksa v doma\u010dih in tujih podjetjih, ki \u0161tudentom mnogokrat omogo\u010dajo prvi stik pri iskanju zaposlitve.<\/p>\n<p>\u010ce ocenjuje\u0161, da sta mo\u017enost zaposlitve doma in v tujini (Avstralija, Kanada, Norve\u0161ka, Ju\u017ena Afrika, ZDA \u2026) ter pestra narava poklica dovolj velik motiv za \u0161tudij, se nam hitro pridru\u017ei!<\/p>\n","protected":false},"excerpt":{"rendered":"Oddelek za geotehnologijo, rudarstvo in okolje (OGRO) izvaja \u0161tudij, ki doma\u010dim in tujim diplomantom po kon\u010danem \u0161olanju omogo\u010da veliko mo\u017enosti za zaposlitev doma in v tujini. Naravoslovne in in\u017eenirske vede o Zemlji sodijo med geotehnolo\u0161ke stroke in so na Univerzi v Ljubljani prisotne \u017ee ve\u010d kot 90 let. Poznavanje procesov pod povr\u0161jem Zemlje in poznavanje &#8230; <a class=\"view-article\" href=\"https:\/\/www.ntf.uni-lj.si\/ogro\/o-oddelku\/splosne-informacije\/predstavitev\/\">Read more<\/a>","protected":false},"author":15,"featured_media":0,"parent":82,"menu_order":3,"comment_status":"closed","ping_status":"closed","template":"","meta":[],"acf":[],"yoast_head":"<!-- This site is optimized with the Yoast SEO plugin v17.0 - https:\/\/yoast.com\/wordpress\/plugins\/seo\/ -->\n<meta name=\"robots\" content=\"index, follow, max-snippet:-1, max-image-preview:large, max-video-preview:-1\" \/>\n<link rel=\"canonical\" href=\"https:\/\/www.ntf.uni-lj.si\/ogro\/o-oddelku\/splosne-informacije\/predstavitev\/\" \/>\n<meta property=\"og:locale\" content=\"en_US\" \/>\n<meta property=\"og:type\" content=\"article\" \/>\n<meta property=\"og:title\" content=\"Predstavitev - OGRO\" \/>\n<meta property=\"og:description\" content=\"Oddelek za geotehnologijo, rudarstvo in okolje (OGRO) izvaja \u0161tudij, ki doma\u010dim in tujim diplomantom po kon\u010danem \u0161olanju omogo\u010da veliko mo\u017enosti za zaposlitev doma in v tujini. Naravoslovne in in\u017eenirske vede o Zemlji sodijo med geotehnolo\u0161ke stroke in so na Univerzi v Ljubljani prisotne \u017ee ve\u010d kot 90 let. Poznavanje procesov pod povr\u0161jem Zemlje in poznavanje ... Read more\" \/>\n<meta property=\"og:url\" content=\"https:\/\/www.ntf.uni-lj.si\/ogro\/o-oddelku\/splosne-informacije\/predstavitev\/\" \/>\n<meta property=\"og:site_name\" content=\"OGRO\" \/>\n<meta property=\"article:modified_time\" content=\"2015-07-16T10:33:02+00:00\" \/>\n<meta name=\"twitter:label1\" content=\"Est. reading time\" \/>\n\t<meta name=\"twitter:data1\" content=\"1 minute\" \/>\n<script type=\"application\/ld+json\" class=\"yoast-schema-graph\">{\"@context\":\"https:\/\/schema.org\",\"@graph\":[{\"@type\":\"WebSite\",\"@id\":\"https:\/\/www.ntf.uni-lj.si\/ogro\/#website\",\"url\":\"https:\/\/www.ntf.uni-lj.si\/ogro\/\",\"name\":\"OGRO\",\"description\":\"Oddelek za geotehnologijo, rudarstvo in okolje\",\"potentialAction\":[{\"@type\":\"SearchAction\",\"target\":{\"@type\":\"EntryPoint\",\"urlTemplate\":\"https:\/\/www.ntf.uni-lj.si\/ogro\/?s={search_term_string}\"},\"query-input\":\"required name=search_term_string\"}],\"inLanguage\":\"en-US\"},{\"@type\":\"WebPage\",\"@id\":\"https:\/\/www.ntf.uni-lj.si\/ogro\/o-oddelku\/splosne-informacije\/predstavitev\/#webpage\",\"url\":\"https:\/\/www.ntf.uni-lj.si\/ogro\/o-oddelku\/splosne-informacije\/predstavitev\/\",\"name\":\"Predstavitev - OGRO\",\"isPartOf\":{\"@id\":\"https:\/\/www.ntf.uni-lj.si\/ogro\/#website\"},\"datePublished\":\"2015-03-30T07:12:59+00:00\",\"dateModified\":\"2015-07-16T10:33:02+00:00\",\"breadcrumb\":{\"@id\":\"https:\/\/www.ntf.uni-lj.si\/ogro\/o-oddelku\/splosne-informacije\/predstavitev\/#breadcrumb\"},\"inLanguage\":\"en-US\",\"potentialAction\":[{\"@type\":\"ReadAction\",\"target\":[\"https:\/\/www.ntf.uni-lj.si\/ogro\/o-oddelku\/splosne-informacije\/predstavitev\/\"]}]},{\"@type\":\"BreadcrumbList\",\"@id\":\"https:\/\/www.ntf.uni-lj.si\/ogro\/o-oddelku\/splosne-informacije\/predstavitev\/#breadcrumb\",\"itemListElement\":[{\"@type\":\"ListItem\",\"position\":1,\"name\":\"Domov\",\"item\":\"https:\/\/www.ntf.uni-lj.si\/ogro\/\"},{\"@type\":\"ListItem\",\"position\":2,\"name\":\"O oddelku\",\"item\":\"https:\/\/www.ntf.uni-lj.si\/ogro\/o-oddelku\/\"},{\"@type\":\"ListItem\",\"position\":3,\"name\":\"Splo\\u0161ne informacije\",\"item\":\"https:\/\/www.ntf.uni-lj.si\/ogro\/o-oddelku\/splosne-informacije\/\"},{\"@type\":\"ListItem\",\"position\":4,\"name\":\"Predstavitev\"}]}]}<\/script>\n<!-- \/ Yoast SEO plugin. -->","yoast_head_json":{"robots":{"index":"index","follow":"follow","max-snippet":"max-snippet:-1","max-image-preview":"max-image-preview:large","max-video-preview":"max-video-preview:-1"},"canonical":"https:\/\/www.ntf.uni-lj.si\/ogro\/o-oddelku\/splosne-informacije\/predstavitev\/","og_locale":"en_US","og_type":"article","og_title":"Predstavitev - OGRO","og_description":"Oddelek za geotehnologijo, rudarstvo in okolje (OGRO) izvaja \u0161tudij, ki doma\u010dim in tujim diplomantom po kon\u010danem \u0161olanju omogo\u010da veliko mo\u017enosti za zaposlitev doma in v tujini. Naravoslovne in in\u017eenirske vede o Zemlji sodijo med geotehnolo\u0161ke stroke in so na Univerzi v Ljubljani prisotne \u017ee ve\u010d kot 90 let. Poznavanje procesov pod povr\u0161jem Zemlje in poznavanje ... Read more","og_url":"https:\/\/www.ntf.uni-lj.si\/ogro\/o-oddelku\/splosne-informacije\/predstavitev\/","og_site_name":"OGRO","article_modified_time":"2015-07-16T10:33:02+00:00","twitter_misc":{"Est. reading time":"1 minute"},"schema":{"@context":"https:\/\/schema.org","@graph":[{"@type":"WebSite","@id":"https:\/\/www.ntf.uni-lj.si\/ogro\/#website","url":"https:\/\/www.ntf.uni-lj.si\/ogro\/","name":"OGRO","description":"Oddelek za geotehnologijo, rudarstvo in okolje","potentialAction":[{"@type":"SearchAction","target":{"@type":"EntryPoint","urlTemplate":"https:\/\/www.ntf.uni-lj.si\/ogro\/?s={search_term_string}"},"query-input":"required name=search_term_string"}],"inLanguage":"en-US"},{"@type":"WebPage","@id":"https:\/\/www.ntf.uni-lj.si\/ogro\/o-oddelku\/splosne-informacije\/predstavitev\/#webpage","url":"https:\/\/www.ntf.uni-lj.si\/ogro\/o-oddelku\/splosne-informacije\/predstavitev\/","name":"Predstavitev - OGRO","isPartOf":{"@id":"https:\/\/www.ntf.uni-lj.si\/ogro\/#website"},"datePublished":"2015-03-30T07:12:59+00:00","dateModified":"2015-07-16T10:33:02+00:00","breadcrumb":{"@id":"https:\/\/www.ntf.uni-lj.si\/ogro\/o-oddelku\/splosne-informacije\/predstavitev\/#breadcrumb"},"inLanguage":"en-US","potentialAction":[{"@type":"ReadAction","target":["https:\/\/www.ntf.uni-lj.si\/ogro\/o-oddelku\/splosne-informacije\/predstavitev\/"]}]},{"@type":"BreadcrumbList","@id":"https:\/\/www.ntf.uni-lj.si\/ogro\/o-oddelku\/splosne-informacije\/predstavitev\/#breadcrumb","itemListElement":[{"@type":"ListItem","position":1,"name":"Domov","item":"https:\/\/www.ntf.uni-lj.si\/ogro\/"},{"@type":"ListItem","position":2,"name":"O oddelku","item":"https:\/\/www.ntf.uni-lj.si\/ogro\/o-oddelku\/"},{"@type":"ListItem","position":3,"name":"Splo\u0161ne informacije","item":"https:\/\/www.ntf.uni-lj.si\/ogro\/o-oddelku\/splosne-informacije\/"},{"@type":"ListItem","position":4,"name":"Predstavitev"}]}]}},"_links":{"self":[{"href":"https:\/\/www.ntf.uni-lj.si\/ogro\/wp-json\/wp\/v2\/pages\/124"}],"collection":[{"href":"https:\/\/www.ntf.uni-lj.si\/ogro\/wp-json\/wp\/v2\/pages"}],"about":[{"href":"https:\/\/www.ntf.uni-lj.si\/ogro\/wp-json\/wp\/v2\/types\/page"}],"author":[{"embeddable":true,"href":"https:\/\/www.ntf.uni-lj.si\/ogro\/wp-json\/wp\/v2\/users\/15"}],"replies":[{"embeddable":true,"href":"https:\/\/www.ntf.uni-lj.si\/ogro\/wp-json\/wp\/v2\/comments?post=124"}],"version-history":[{"count":4,"href":"https:\/\/www.ntf.uni-lj.si\/ogro\/wp-json\/wp\/v2\/pages\/124\/revisions"}],"predecessor-version":[{"id":1220,"href":"https:\/\/www.ntf.uni-lj.si\/ogro\/wp-json\/wp\/v2\/pages\/124\/revisions\/1220"}],"up":[{"embeddable":true,"href":"https:\/\/www.ntf.uni-lj.si\/ogro\/wp-json\/wp\/v2\/pages\/82"}],"wp:attachment":[{"href":"https:\/\/www.ntf.uni-lj.si\/ogro\/wp-json\/wp\/v2\/media?parent=124"}],"curies":[{"name":"wp","href":"https:\/\/api.w.org\/{rel}","templated":true}]}}