{"id":172,"date":"2015-03-30T09:23:44","date_gmt":"2015-03-30T09:23:44","guid":{"rendered":"http:\/\/www.ntf.uni-lj.si\/ogro\/?page_id=172"},"modified":"2021-12-17T12:40:20","modified_gmt":"2021-12-17T11:40:20","slug":"alumni","status":"publish","type":"page","link":"https:\/\/www.ntf.uni-lj.si\/ogro\/o-oddelku\/alumni\/","title":{"rendered":"Alumni"},"content":{"rendered":"<p>Alumni dru\u0161tvo, ki zdru\u017euje diplomantke in diplomante\u00a0 rudarske in geotehnolo\u0161ke stroke je Slovensko rudarsko dru\u0161tvo in\u017eenirjev in tehnikov(SRDIT). Za v\u010dlanitev in ve\u010d informacij se obrnite na elektronski naslov <a href=\"mailto:joze.kortnik@guest.arnes.si\">joze.kortnik@guest.arnes.si<\/a>.<\/p>\n<p>Vse diplomantke in diplomante, ki so \u0161tudij zaklju\u010dili na Univerzi v Ljubljani pa zdru\u017euje <a href=\"https:\/\/www.uni-lj.si\/alumni\/\" target=\"_blank\" rel=\"noopener\">Mre\u017ea klubov alumnov Univerze v Ljubljani<\/a>, kateri si lahko pridru\u017eite na povezavi <a href=\"https:\/\/alumniul.online\/\">https:\/\/alumniul.online\/<\/a>.<\/p>\n","protected":false},"excerpt":{"rendered":"Alumni dru\u0161tvo, ki zdru\u017euje diplomantke in diplomante\u00a0 rudarske in geotehnolo\u0161ke stroke je Slovensko rudarsko dru\u0161tvo in\u017eenirjev in tehnikov(SRDIT). Za v\u010dlanitev in ve\u010d informacij se obrnite na elektronski naslov joze.kortnik@guest.arnes.si. Vse diplomantke in diplomante, ki so \u0161tudij zaklju\u010dili na Univerzi v Ljubljani pa zdru\u017euje Mre\u017ea klubov alumnov Univerze v Ljubljani, kateri si lahko pridru\u017eite na povezavi &#8230; <a class=\"view-article\" href=\"https:\/\/www.ntf.uni-lj.si\/ogro\/o-oddelku\/alumni\/\">Read more<\/a>","protected":false},"author":15,"featured_media":0,"parent":76,"menu_order":70,"comment_status":"closed","ping_status":"closed","template":"","meta":[],"acf":[],"yoast_head":"<!-- This site is optimized with the Yoast SEO plugin v17.0 - https:\/\/yoast.com\/wordpress\/plugins\/seo\/ -->\n<meta name=\"robots\" content=\"index, follow, max-snippet:-1, max-image-preview:large, max-video-preview:-1\" \/>\n<link rel=\"canonical\" href=\"https:\/\/www.ntf.uni-lj.si\/ogro\/o-oddelku\/alumni\/\" \/>\n<meta property=\"og:locale\" content=\"en_US\" \/>\n<meta property=\"og:type\" content=\"article\" \/>\n<meta property=\"og:title\" content=\"Alumni - OGRO\" \/>\n<meta property=\"og:description\" content=\"Alumni dru\u0161tvo, ki zdru\u017euje diplomantke in diplomante\u00a0 rudarske in geotehnolo\u0161ke stroke je Slovensko rudarsko dru\u0161tvo in\u017eenirjev in tehnikov(SRDIT). Za v\u010dlanitev in ve\u010d informacij se obrnite na elektronski naslov joze.kortnik@guest.arnes.si. Vse diplomantke in diplomante, ki so \u0161tudij zaklju\u010dili na Univerzi v Ljubljani pa zdru\u017euje Mre\u017ea klubov alumnov Univerze v Ljubljani, kateri si lahko pridru\u017eite na povezavi ... Read more\" \/>\n<meta property=\"og:url\" content=\"https:\/\/www.ntf.uni-lj.si\/ogro\/o-oddelku\/alumni\/\" \/>\n<meta property=\"og:site_name\" content=\"OGRO\" \/>\n<meta property=\"article:modified_time\" content=\"2021-12-17T11:40:20+00:00\" \/>\n<script type=\"application\/ld+json\" class=\"yoast-schema-graph\">{\"@context\":\"https:\/\/schema.org\",\"@graph\":[{\"@type\":\"WebSite\",\"@id\":\"https:\/\/www.ntf.uni-lj.si\/ogro\/#website\",\"url\":\"https:\/\/www.ntf.uni-lj.si\/ogro\/\",\"name\":\"OGRO\",\"description\":\"Oddelek za geotehnologijo, rudarstvo in okolje\",\"potentialAction\":[{\"@type\":\"SearchAction\",\"target\":{\"@type\":\"EntryPoint\",\"urlTemplate\":\"https:\/\/www.ntf.uni-lj.si\/ogro\/?s={search_term_string}\"},\"query-input\":\"required name=search_term_string\"}],\"inLanguage\":\"en-US\"},{\"@type\":\"WebPage\",\"@id\":\"https:\/\/www.ntf.uni-lj.si\/ogro\/o-oddelku\/alumni\/#webpage\",\"url\":\"https:\/\/www.ntf.uni-lj.si\/ogro\/o-oddelku\/alumni\/\",\"name\":\"Alumni - OGRO\",\"isPartOf\":{\"@id\":\"https:\/\/www.ntf.uni-lj.si\/ogro\/#website\"},\"datePublished\":\"2015-03-30T09:23:44+00:00\",\"dateModified\":\"2021-12-17T11:40:20+00:00\",\"breadcrumb\":{\"@id\":\"https:\/\/www.ntf.uni-lj.si\/ogro\/o-oddelku\/alumni\/#breadcrumb\"},\"inLanguage\":\"en-US\",\"potentialAction\":[{\"@type\":\"ReadAction\",\"target\":[\"https:\/\/www.ntf.uni-lj.si\/ogro\/o-oddelku\/alumni\/\"]}]},{\"@type\":\"BreadcrumbList\",\"@id\":\"https:\/\/www.ntf.uni-lj.si\/ogro\/o-oddelku\/alumni\/#breadcrumb\",\"itemListElement\":[{\"@type\":\"ListItem\",\"position\":1,\"name\":\"Domov\",\"item\":\"https:\/\/www.ntf.uni-lj.si\/ogro\/\"},{\"@type\":\"ListItem\",\"position\":2,\"name\":\"O oddelku\",\"item\":\"https:\/\/www.ntf.uni-lj.si\/ogro\/o-oddelku\/\"},{\"@type\":\"ListItem\",\"position\":3,\"name\":\"Alumni\"}]}]}<\/script>\n<!-- \/ Yoast SEO plugin. -->","yoast_head_json":{"robots":{"index":"index","follow":"follow","max-snippet":"max-snippet:-1","max-image-preview":"max-image-preview:large","max-video-preview":"max-video-preview:-1"},"canonical":"https:\/\/www.ntf.uni-lj.si\/ogro\/o-oddelku\/alumni\/","og_locale":"en_US","og_type":"article","og_title":"Alumni - OGRO","og_description":"Alumni dru\u0161tvo, ki zdru\u017euje diplomantke in diplomante\u00a0 rudarske in geotehnolo\u0161ke stroke je Slovensko rudarsko dru\u0161tvo in\u017eenirjev in tehnikov(SRDIT). Za v\u010dlanitev in ve\u010d informacij se obrnite na elektronski naslov joze.kortnik@guest.arnes.si. Vse diplomantke in diplomante, ki so \u0161tudij zaklju\u010dili na Univerzi v Ljubljani pa zdru\u017euje Mre\u017ea klubov alumnov Univerze v Ljubljani, kateri si lahko pridru\u017eite na povezavi ... Read more","og_url":"https:\/\/www.ntf.uni-lj.si\/ogro\/o-oddelku\/alumni\/","og_site_name":"OGRO","article_modified_time":"2021-12-17T11:40:20+00:00","schema":{"@context":"https:\/\/schema.org","@graph":[{"@type":"WebSite","@id":"https:\/\/www.ntf.uni-lj.si\/ogro\/#website","url":"https:\/\/www.ntf.uni-lj.si\/ogro\/","name":"OGRO","description":"Oddelek za geotehnologijo, rudarstvo in okolje","potentialAction":[{"@type":"SearchAction","target":{"@type":"EntryPoint","urlTemplate":"https:\/\/www.ntf.uni-lj.si\/ogro\/?s={search_term_string}"},"query-input":"required name=search_term_string"}],"inLanguage":"en-US"},{"@type":"WebPage","@id":"https:\/\/www.ntf.uni-lj.si\/ogro\/o-oddelku\/alumni\/#webpage","url":"https:\/\/www.ntf.uni-lj.si\/ogro\/o-oddelku\/alumni\/","name":"Alumni - OGRO","isPartOf":{"@id":"https:\/\/www.ntf.uni-lj.si\/ogro\/#website"},"datePublished":"2015-03-30T09:23:44+00:00","dateModified":"2021-12-17T11:40:20+00:00","breadcrumb":{"@id":"https:\/\/www.ntf.uni-lj.si\/ogro\/o-oddelku\/alumni\/#breadcrumb"},"inLanguage":"en-US","potentialAction":[{"@type":"ReadAction","target":["https:\/\/www.ntf.uni-lj.si\/ogro\/o-oddelku\/alumni\/"]}]},{"@type":"BreadcrumbList","@id":"https:\/\/www.ntf.uni-lj.si\/ogro\/o-oddelku\/alumni\/#breadcrumb","itemListElement":[{"@type":"ListItem","position":1,"name":"Domov","item":"https:\/\/www.ntf.uni-lj.si\/ogro\/"},{"@type":"ListItem","position":2,"name":"O oddelku","item":"https:\/\/www.ntf.uni-lj.si\/ogro\/o-oddelku\/"},{"@type":"ListItem","position":3,"name":"Alumni"}]}]}},"_links":{"self":[{"href":"https:\/\/www.ntf.uni-lj.si\/ogro\/wp-json\/wp\/v2\/pages\/172"}],"collection":[{"href":"https:\/\/www.ntf.uni-lj.si\/ogro\/wp-json\/wp\/v2\/pages"}],"about":[{"href":"https:\/\/www.ntf.uni-lj.si\/ogro\/wp-json\/wp\/v2\/types\/page"}],"author":[{"embeddable":true,"href":"https:\/\/www.ntf.uni-lj.si\/ogro\/wp-json\/wp\/v2\/users\/15"}],"replies":[{"embeddable":true,"href":"https:\/\/www.ntf.uni-lj.si\/ogro\/wp-json\/wp\/v2\/comments?post=172"}],"version-history":[{"count":10,"href":"https:\/\/www.ntf.uni-lj.si\/ogro\/wp-json\/wp\/v2\/pages\/172\/revisions"}],"predecessor-version":[{"id":3915,"href":"https:\/\/www.ntf.uni-lj.si\/ogro\/wp-json\/wp\/v2\/pages\/172\/revisions\/3915"}],"up":[{"embeddable":true,"href":"https:\/\/www.ntf.uni-lj.si\/ogro\/wp-json\/wp\/v2\/pages\/76"}],"wp:attachment":[{"href":"https:\/\/www.ntf.uni-lj.si\/ogro\/wp-json\/wp\/v2\/media?parent=172"}],"curies":[{"name":"wp","href":"https:\/\/api.w.org\/{rel}","templated":true}]}}