{"id":252,"date":"2015-03-30T09:45:21","date_gmt":"2015-03-30T09:45:21","guid":{"rendered":"http:\/\/www.ntf.uni-lj.si\/ogro\/?page_id=252"},"modified":"2026-03-18T10:00:24","modified_gmt":"2026-03-18T09:00:24","slug":"splosne-informacije","status":"publish","type":"page","link":"https:\/\/www.ntf.uni-lj.si\/ogro\/studij\/1-stopnja\/geotehnologija-in-okolje-un\/splosne-informacije\/","title":{"rendered":"Splo\u0161ne informacije"},"content":{"rendered":"<h3><strong>GEOTEHNOLOGIJA IN OKOLJE<\/strong><\/h3>\n<p><strong>Stopnja:<\/strong> Dodiplomski s\u030ctudijski program \u2013 univerzitetni s\u030ctudijski program<br \/>\n<span style=\"line-height: 1.5\"><strong>Trajanje:<\/strong> 3 leta (6 semestrov); skupaj 180 kreditnih toc\u030ck po sistemu ECTS<\/span><br \/>\n<strong> Strokovni naziv:<\/strong>diplomirani(a) in\u017eenir(ka) geotehnologije, skraj\u0161ano: dipl. in\u017e. geotehnol. (UN)<\/p>\n<h3>Temeljni cilji in kompetence<\/h3>\n<p>Univerzitetni s\u030ctudijski program Geotehnologija in okolje je naravoslovnotehnis\u030cki program, ki oblikuje strokovnjake na podroc\u030cjih podzemnih gradenj, okoljskega inz\u030cenirstva in pridobivanja mineralnih surovin.<br \/>\nMed s\u030ctudijem s\u030ctudenti opravljajo praktic\u030cno delo, ki jim omogoc\u030ca seznanitev z delovnimi procesi in uporabo teoretic\u030cnega znanja v praksi. Na podlagi pridobljenih praktic\u030cnih izkus\u030cenj ter po svetovanju pedagos\u030ckih in strokovnih mentorjev si s\u030ctudenti s\u030ctudijski program z izbirnimi predmeti oblikujejo tako, da teoretic\u030cne in strokovne vsebine pribliz\u030ca njihovim zahtevam in potrebam.<br \/>\nTako s\u030ctudenti pridobijo kompetence za neposredno zaposlitev in\/ali nadaljnje strokovno ter teoretic\u030cno usposabljanje na celotnem podroc\u030cju pridobivanja mineralnih surovin, primarne predelave surovin, miniranja, podzemnih gradenj, vrtalne tehnike, opazovanja in sledenja v naravi, geotehnis\u030ckih raziskav, vrednotenja in izvajanja posegov v naravi, sanacije degradiranih povrs\u030cin, ravnanja z okoljem, trdnih odpadnih snovi, sanacije zemljis\u030cc\u030c zaradi naravnih nesrec\u030c (plazov, potresov) in nepravilnih posegov v okolje v preteklosti.<br \/>\nPridobljeno znanje in sposobnosti omogoc\u030cajo uspes\u030cno delo na zahtevnejs\u030cih strokovnih in tudi vodstvenih delovnih mestih tako v javnih kot v zasebnih podjetjih, hkrati pa diplomantom omogoc\u030cajo nadaljnje izpopolnjevanje na drugi stopnji sorodnih programov.<\/p>\n<p><a href=\"https:\/\/esvetovanje.ess.gov.si\/KajZnam\/KajSoKompetence\/\">Kaj so kompetence izve\u0161 tukaj.<\/a><\/p>\n<p>&nbsp;<\/p>\n<p>\u0160TUDIJSKI ZBORNIKI<\/p>\n<p><a href=\"https:\/\/www.ntf.uni-lj.si\/ogro\/wp-content\/uploads\/sites\/4\/2026\/03\/2026-27_Geotehnologija_in_okolje.pdf\" target=\"_blank\" rel=\"noopener\">2026-27_Geotehnologija_in_okolje<\/a><\/p>\n<p><a href=\"https:\/\/www.ntf.uni-lj.si\/ogro\/wp-content\/uploads\/sites\/4\/2026\/03\/2026-27_Geotechnology_and_Mining_EN.pdf\" target=\"_blank\" rel=\"noopener\">2026-27_Geotechnology_and_Mining_EN<\/a><\/p>\n<p><a href=\"https:\/\/www.ntf.uni-lj.si\/ogro\/wp-content\/uploads\/sites\/4\/2025\/01\/2025-26_Geotehnologija_in_okolje-UN.pdf\">2025-26_Geotehnologija_in_okolje-UN<\/a><\/p>\n<p><a href=\"https:\/\/www.ntf.uni-lj.si\/ogro\/wp-content\/uploads\/sites\/4\/2025\/01\/2025-26_Geotechnology_and_Environmental_Engineering.pdf\">2025-26_Geotechnology_and_Environmental_Engineering<\/a><\/p>\n<p><a href=\"https:\/\/www.ntf.uni-lj.si\/ogro\/wp-content\/uploads\/sites\/4\/2024\/01\/Zbornik_2024-25_Geotehnologija_in_okolje.pdf\">Zbornik_2024-25_Geotehnologija_in_okolje<\/a><\/p>\n<p><a href=\"https:\/\/www.ntf.uni-lj.si\/ogro\/wp-content\/uploads\/sites\/4\/2024\/04\/2024-25_Geotechnology_and_Environmental_Engineering.pdf\">2024-25_Geotechnology_and_Environmental_Engineering<\/a><\/p>\n<p><a href=\"https:\/\/www.ntf.uni-lj.si\/ogro\/wp-content\/uploads\/sites\/4\/2023\/04\/Zbornik_2023-24_Geotehnologija_in_okolje-2.pdf\">Zbornik_2023-24_Geotehnologija_in_okolje<\/a><\/p>\n<p><a href=\"https:\/\/www.ntf.uni-lj.si\/ogro\/wp-content\/uploads\/sites\/4\/2023\/04\/Ucni_nacrti_Geotehnologija_in_okolje_2023.pdf\">Ucni_nacrti_Geotehnologija_in_okolje_2023<\/a><\/p>\n<p><a href=\"https:\/\/www.ntf.uni-lj.si\/ogro\/wp-content\/uploads\/sites\/4\/2022\/04\/Zbornik_2022-23_Geotehnologija_in_okolje.docx\">Zbornik_2022-23_Geotehnologija_in_okolje<\/a><\/p>\n<p><a href=\"https:\/\/www.ntf.uni-lj.si\/ogro\/wp-content\/uploads\/sites\/4\/2015\/03\/Geotehnologija-in-okolje_21_22.docx\">Zbornik za \u0161t.leto 2021\/22. <\/a><\/p>\n<h3>Kompeten\u010dni profil diplomanta<\/h3>\n","protected":false},"excerpt":{"rendered":"GEOTEHNOLOGIJA IN OKOLJE Stopnja: Dodiplomski s\u030ctudijski program \u2013 univerzitetni s\u030ctudijski program Trajanje: 3 leta (6 semestrov); skupaj 180 kreditnih toc\u030ck po sistemu ECTS Strokovni naziv:diplomirani(a) in\u017eenir(ka) geotehnologije, skraj\u0161ano: dipl. in\u017e. geotehnol. (UN) Temeljni cilji in kompetence Univerzitetni s\u030ctudijski program Geotehnologija in okolje je naravoslovnotehnis\u030cki program, ki oblikuje strokovnjake na podroc\u030cjih podzemnih gradenj, okoljskega inz\u030cenirstva in &#8230; <a class=\"view-article\" href=\"https:\/\/www.ntf.uni-lj.si\/ogro\/studij\/1-stopnja\/geotehnologija-in-okolje-un\/splosne-informacije\/\">Read more<\/a>","protected":false},"author":15,"featured_media":0,"parent":246,"menu_order":10,"comment_status":"closed","ping_status":"closed","template":"","meta":[],"acf":[],"yoast_head":"<!-- This site is optimized with the Yoast SEO plugin v17.0 - https:\/\/yoast.com\/wordpress\/plugins\/seo\/ -->\n<meta name=\"robots\" content=\"index, follow, max-snippet:-1, max-image-preview:large, max-video-preview:-1\" \/>\n<link rel=\"canonical\" href=\"https:\/\/www.ntf.uni-lj.si\/ogro\/studij\/1-stopnja\/geotehnologija-in-okolje-un\/splosne-informacije\/\" \/>\n<meta property=\"og:locale\" content=\"en_US\" \/>\n<meta property=\"og:type\" content=\"article\" \/>\n<meta property=\"og:title\" content=\"Splo\u0161ne informacije - OGRO\" \/>\n<meta property=\"og:description\" content=\"GEOTEHNOLOGIJA IN OKOLJE Stopnja: Dodiplomski s\u030ctudijski program \u2013 univerzitetni s\u030ctudijski program Trajanje: 3 leta (6 semestrov); skupaj 180 kreditnih toc\u030ck po sistemu ECTS Strokovni naziv:diplomirani(a) in\u017eenir(ka) geotehnologije, skraj\u0161ano: dipl. in\u017e. geotehnol. (UN) Temeljni cilji in kompetence Univerzitetni s\u030ctudijski program Geotehnologija in okolje je naravoslovnotehnis\u030cki program, ki oblikuje strokovnjake na podroc\u030cjih podzemnih gradenj, okoljskega inz\u030cenirstva in ... Read more\" \/>\n<meta property=\"og:url\" content=\"https:\/\/www.ntf.uni-lj.si\/ogro\/studij\/1-stopnja\/geotehnologija-in-okolje-un\/splosne-informacije\/\" \/>\n<meta property=\"og:site_name\" content=\"OGRO\" \/>\n<meta property=\"article:modified_time\" content=\"2026-03-18T09:00:24+00:00\" \/>\n<meta name=\"twitter:label1\" content=\"Est. reading time\" \/>\n\t<meta name=\"twitter:data1\" content=\"1 minute\" \/>\n<script type=\"application\/ld+json\" class=\"yoast-schema-graph\">{\"@context\":\"https:\/\/schema.org\",\"@graph\":[{\"@type\":\"WebSite\",\"@id\":\"https:\/\/www.ntf.uni-lj.si\/ogro\/#website\",\"url\":\"https:\/\/www.ntf.uni-lj.si\/ogro\/\",\"name\":\"OGRO\",\"description\":\"Oddelek za geotehnologijo, rudarstvo in okolje\",\"potentialAction\":[{\"@type\":\"SearchAction\",\"target\":{\"@type\":\"EntryPoint\",\"urlTemplate\":\"https:\/\/www.ntf.uni-lj.si\/ogro\/?s={search_term_string}\"},\"query-input\":\"required name=search_term_string\"}],\"inLanguage\":\"en-US\"},{\"@type\":\"WebPage\",\"@id\":\"https:\/\/www.ntf.uni-lj.si\/ogro\/studij\/1-stopnja\/geotehnologija-in-okolje-un\/splosne-informacije\/#webpage\",\"url\":\"https:\/\/www.ntf.uni-lj.si\/ogro\/studij\/1-stopnja\/geotehnologija-in-okolje-un\/splosne-informacije\/\",\"name\":\"Splo\\u0161ne informacije - OGRO\",\"isPartOf\":{\"@id\":\"https:\/\/www.ntf.uni-lj.si\/ogro\/#website\"},\"datePublished\":\"2015-03-30T09:45:21+00:00\",\"dateModified\":\"2026-03-18T09:00:24+00:00\",\"breadcrumb\":{\"@id\":\"https:\/\/www.ntf.uni-lj.si\/ogro\/studij\/1-stopnja\/geotehnologija-in-okolje-un\/splosne-informacije\/#breadcrumb\"},\"inLanguage\":\"en-US\",\"potentialAction\":[{\"@type\":\"ReadAction\",\"target\":[\"https:\/\/www.ntf.uni-lj.si\/ogro\/studij\/1-stopnja\/geotehnologija-in-okolje-un\/splosne-informacije\/\"]}]},{\"@type\":\"BreadcrumbList\",\"@id\":\"https:\/\/www.ntf.uni-lj.si\/ogro\/studij\/1-stopnja\/geotehnologija-in-okolje-un\/splosne-informacije\/#breadcrumb\",\"itemListElement\":[{\"@type\":\"ListItem\",\"position\":1,\"name\":\"Domov\",\"item\":\"https:\/\/www.ntf.uni-lj.si\/ogro\/\"},{\"@type\":\"ListItem\",\"position\":2,\"name\":\"\\u0160tudij\",\"item\":\"https:\/\/www.ntf.uni-lj.si\/ogro\/studij\/\"},{\"@type\":\"ListItem\",\"position\":3,\"name\":\"1. stopnja\",\"item\":\"https:\/\/www.ntf.uni-lj.si\/ogro\/studij\/1-stopnja\/\"},{\"@type\":\"ListItem\",\"position\":4,\"name\":\"Geotehnologija in okolje (UN)\",\"item\":\"https:\/\/www.ntf.uni-lj.si\/ogro\/studij\/1-stopnja\/geotehnologija-in-okolje-un\/\"},{\"@type\":\"ListItem\",\"position\":5,\"name\":\"Splo\\u0161ne informacije\"}]}]}<\/script>\n<!-- \/ Yoast SEO plugin. -->","yoast_head_json":{"robots":{"index":"index","follow":"follow","max-snippet":"max-snippet:-1","max-image-preview":"max-image-preview:large","max-video-preview":"max-video-preview:-1"},"canonical":"https:\/\/www.ntf.uni-lj.si\/ogro\/studij\/1-stopnja\/geotehnologija-in-okolje-un\/splosne-informacije\/","og_locale":"en_US","og_type":"article","og_title":"Splo\u0161ne informacije - OGRO","og_description":"GEOTEHNOLOGIJA IN OKOLJE Stopnja: Dodiplomski s\u030ctudijski program \u2013 univerzitetni s\u030ctudijski program Trajanje: 3 leta (6 semestrov); skupaj 180 kreditnih toc\u030ck po sistemu ECTS Strokovni naziv:diplomirani(a) in\u017eenir(ka) geotehnologije, skraj\u0161ano: dipl. in\u017e. geotehnol. (UN) Temeljni cilji in kompetence Univerzitetni s\u030ctudijski program Geotehnologija in okolje je naravoslovnotehnis\u030cki program, ki oblikuje strokovnjake na podroc\u030cjih podzemnih gradenj, okoljskega inz\u030cenirstva in ... Read more","og_url":"https:\/\/www.ntf.uni-lj.si\/ogro\/studij\/1-stopnja\/geotehnologija-in-okolje-un\/splosne-informacije\/","og_site_name":"OGRO","article_modified_time":"2026-03-18T09:00:24+00:00","twitter_misc":{"Est. reading time":"1 minute"},"schema":{"@context":"https:\/\/schema.org","@graph":[{"@type":"WebSite","@id":"https:\/\/www.ntf.uni-lj.si\/ogro\/#website","url":"https:\/\/www.ntf.uni-lj.si\/ogro\/","name":"OGRO","description":"Oddelek za geotehnologijo, rudarstvo in okolje","potentialAction":[{"@type":"SearchAction","target":{"@type":"EntryPoint","urlTemplate":"https:\/\/www.ntf.uni-lj.si\/ogro\/?s={search_term_string}"},"query-input":"required name=search_term_string"}],"inLanguage":"en-US"},{"@type":"WebPage","@id":"https:\/\/www.ntf.uni-lj.si\/ogro\/studij\/1-stopnja\/geotehnologija-in-okolje-un\/splosne-informacije\/#webpage","url":"https:\/\/www.ntf.uni-lj.si\/ogro\/studij\/1-stopnja\/geotehnologija-in-okolje-un\/splosne-informacije\/","name":"Splo\u0161ne informacije - OGRO","isPartOf":{"@id":"https:\/\/www.ntf.uni-lj.si\/ogro\/#website"},"datePublished":"2015-03-30T09:45:21+00:00","dateModified":"2026-03-18T09:00:24+00:00","breadcrumb":{"@id":"https:\/\/www.ntf.uni-lj.si\/ogro\/studij\/1-stopnja\/geotehnologija-in-okolje-un\/splosne-informacije\/#breadcrumb"},"inLanguage":"en-US","potentialAction":[{"@type":"ReadAction","target":["https:\/\/www.ntf.uni-lj.si\/ogro\/studij\/1-stopnja\/geotehnologija-in-okolje-un\/splosne-informacije\/"]}]},{"@type":"BreadcrumbList","@id":"https:\/\/www.ntf.uni-lj.si\/ogro\/studij\/1-stopnja\/geotehnologija-in-okolje-un\/splosne-informacije\/#breadcrumb","itemListElement":[{"@type":"ListItem","position":1,"name":"Domov","item":"https:\/\/www.ntf.uni-lj.si\/ogro\/"},{"@type":"ListItem","position":2,"name":"\u0160tudij","item":"https:\/\/www.ntf.uni-lj.si\/ogro\/studij\/"},{"@type":"ListItem","position":3,"name":"1. stopnja","item":"https:\/\/www.ntf.uni-lj.si\/ogro\/studij\/1-stopnja\/"},{"@type":"ListItem","position":4,"name":"Geotehnologija in okolje (UN)","item":"https:\/\/www.ntf.uni-lj.si\/ogro\/studij\/1-stopnja\/geotehnologija-in-okolje-un\/"},{"@type":"ListItem","position":5,"name":"Splo\u0161ne informacije"}]}]}},"_links":{"self":[{"href":"https:\/\/www.ntf.uni-lj.si\/ogro\/wp-json\/wp\/v2\/pages\/252"}],"collection":[{"href":"https:\/\/www.ntf.uni-lj.si\/ogro\/wp-json\/wp\/v2\/pages"}],"about":[{"href":"https:\/\/www.ntf.uni-lj.si\/ogro\/wp-json\/wp\/v2\/types\/page"}],"author":[{"embeddable":true,"href":"https:\/\/www.ntf.uni-lj.si\/ogro\/wp-json\/wp\/v2\/users\/15"}],"replies":[{"embeddable":true,"href":"https:\/\/www.ntf.uni-lj.si\/ogro\/wp-json\/wp\/v2\/comments?post=252"}],"version-history":[{"count":29,"href":"https:\/\/www.ntf.uni-lj.si\/ogro\/wp-json\/wp\/v2\/pages\/252\/revisions"}],"predecessor-version":[{"id":4356,"href":"https:\/\/www.ntf.uni-lj.si\/ogro\/wp-json\/wp\/v2\/pages\/252\/revisions\/4356"}],"up":[{"embeddable":true,"href":"https:\/\/www.ntf.uni-lj.si\/ogro\/wp-json\/wp\/v2\/pages\/246"}],"wp:attachment":[{"href":"https:\/\/www.ntf.uni-lj.si\/ogro\/wp-json\/wp\/v2\/media?parent=252"}],"curies":[{"name":"wp","href":"https:\/\/api.w.org\/{rel}","templated":true}]}}