{"id":2638,"date":"2015-07-08T19:26:02","date_gmt":"2015-07-08T17:26:02","guid":{"rendered":"http:\/\/www.ntf.uni-lj.si\/ogro\/?page_id=2638"},"modified":"2025-11-06T12:14:15","modified_gmt":"2025-11-06T11:14:15","slug":"vizitka","status":"publish","type":"page","link":"https:\/\/www.ntf.uni-lj.si\/ogro\/o-oddelku\/splosne-informacije\/vizitka\/","title":{"rendered":"Vizitka"},"content":{"rendered":"<h4>UNIVERZA V LJUBLJANI<br \/>\nNARAVOSLOVNOTEHNI\u0160KA FAKULTETA<\/h4>\n<p><strong>ODDELEK ZA GEOTEHNOLOGIJO, RUDARSTVO IN OKOLJE<\/strong><br \/>\nA\u0161ker\u010deva cesta 12<br \/>\nSI-1000 Ljubljana<\/p>\n<p>Tel: 01\/47 04 500<br \/>\nFaks: 01\/47 04 560<br \/>\nE-po\u0161ta: <a href=\"mailto:ogro@ntf.uni-lj.si\">ogro@ntf.uni-lj.si<\/a><\/p>\n<p>&nbsp;<\/p>\n<h4>DRUGI PODATKI:<\/h4>\n<p>Dav\u010dna \u0161tevilka: SI24405388<br \/>\nMati\u010dna \u0161tevilka: 1627074<br \/>\n\u0160ifra dejavnosti: 85.422<br \/>\nPodra\u010dun pri UJP: 01100-6030708186<\/p>\n<p>&nbsp;<\/p>\n<h4>VODSTVO ODDELKA:<\/h4>\n<div class=\"col-sm-10 no-padding no-padding\">\n<p><strong>Predstojnik OGRO<\/strong><\/p>\n<p><strong>doc. dr. Damjan Hann<\/strong><br \/>\nTel: 01\/47 04 513<br \/>\nE-po\u0161ta: <a class=\"\" href=\"mailto:damjan.hann@ntf.uni-lj.si\">damjan.hann@ntf.uni-lj.si<\/a>\n<\/div>\n<div class=\"col-sm-10 no-padding no-padding\">\n<p><strong>Namestnik predstojnika OGRO<\/strong><\/p>\n<p><strong>asist. dr. Andrej Pal\u00a0<\/strong><br \/>\nTel: 01\/77 72 730<br \/>\nE-po\u0161ta: andrej.pal@ntf.uni-lj.si\n<\/div>\n<h4><\/h4>\n<h4><\/h4>\n<p><strong>TAJNI\u0160TVO<\/strong><\/p>\n<div class=\"col-sm-10 no-padding no-padding\">\n<strong>\u0160pela Turi\u0107<\/strong><br \/>\nTel: 01\/47 04 632<br \/>\nE-po\u0161ta:\u00a0<a href=\"mailto:spela.turic@ntf.uni-lj.si\">spela.turic@ntf.uni-lj.si<\/a>\n<\/div>\n<div style=\"height:25px; width:100%;\"><\/div>\n","protected":false},"excerpt":{"rendered":"UNIVERZA V LJUBLJANI NARAVOSLOVNOTEHNI\u0160KA FAKULTETA ODDELEK ZA GEOTEHNOLOGIJO, RUDARSTVO IN OKOLJE A\u0161ker\u010deva cesta 12 SI-1000 Ljubljana Tel: 01\/47 04 500 Faks: 01\/47 04 560 E-po\u0161ta: ogro@ntf.uni-lj.si &nbsp; DRUGI PODATKI: Dav\u010dna \u0161tevilka: SI24405388 Mati\u010dna \u0161tevilka: 1627074 \u0160ifra dejavnosti: 85.422 Podra\u010dun pri UJP: 01100-6030708186 &nbsp; VODSTVO ODDELKA: TAJNI\u0160TVO","protected":false},"author":29,"featured_media":0,"parent":82,"menu_order":20,"comment_status":"closed","ping_status":"closed","template":"","meta":[],"acf":[],"yoast_head":"<!-- This site is optimized with the Yoast SEO plugin v17.0 - https:\/\/yoast.com\/wordpress\/plugins\/seo\/ -->\n<meta name=\"robots\" content=\"index, follow, max-snippet:-1, max-image-preview:large, max-video-preview:-1\" \/>\n<link rel=\"canonical\" href=\"https:\/\/www.ntf.uni-lj.si\/ogro\/o-oddelku\/splosne-informacije\/vizitka\/\" \/>\n<meta property=\"og:locale\" content=\"en_US\" \/>\n<meta property=\"og:type\" content=\"article\" \/>\n<meta property=\"og:title\" content=\"Vizitka - OGRO\" \/>\n<meta property=\"og:description\" content=\"UNIVERZA V LJUBLJANI NARAVOSLOVNOTEHNI\u0160KA FAKULTETA ODDELEK ZA GEOTEHNOLOGIJO, RUDARSTVO IN OKOLJE A\u0161ker\u010deva cesta 12 SI-1000 Ljubljana Tel: 01\/47 04 500 Faks: 01\/47 04 560 E-po\u0161ta: ogro@ntf.uni-lj.si &nbsp; DRUGI PODATKI: Dav\u010dna \u0161tevilka: SI24405388 Mati\u010dna \u0161tevilka: 1627074 \u0160ifra dejavnosti: 85.422 Podra\u010dun pri UJP: 01100-6030708186 &nbsp; VODSTVO ODDELKA: TAJNI\u0160TVO\" \/>\n<meta property=\"og:url\" content=\"https:\/\/www.ntf.uni-lj.si\/ogro\/o-oddelku\/splosne-informacije\/vizitka\/\" \/>\n<meta property=\"og:site_name\" content=\"OGRO\" \/>\n<meta property=\"article:modified_time\" content=\"2025-11-06T11:14:15+00:00\" \/>\n<meta name=\"twitter:label1\" content=\"Est. reading time\" \/>\n\t<meta name=\"twitter:data1\" content=\"1 minute\" \/>\n<script type=\"application\/ld+json\" class=\"yoast-schema-graph\">{\"@context\":\"https:\/\/schema.org\",\"@graph\":[{\"@type\":\"WebSite\",\"@id\":\"https:\/\/www.ntf.uni-lj.si\/ogro\/#website\",\"url\":\"https:\/\/www.ntf.uni-lj.si\/ogro\/\",\"name\":\"OGRO\",\"description\":\"Oddelek za geotehnologijo, rudarstvo in okolje\",\"potentialAction\":[{\"@type\":\"SearchAction\",\"target\":{\"@type\":\"EntryPoint\",\"urlTemplate\":\"https:\/\/www.ntf.uni-lj.si\/ogro\/?s={search_term_string}\"},\"query-input\":\"required name=search_term_string\"}],\"inLanguage\":\"en-US\"},{\"@type\":\"WebPage\",\"@id\":\"https:\/\/www.ntf.uni-lj.si\/ogro\/o-oddelku\/splosne-informacije\/vizitka\/#webpage\",\"url\":\"https:\/\/www.ntf.uni-lj.si\/ogro\/o-oddelku\/splosne-informacije\/vizitka\/\",\"name\":\"Vizitka - OGRO\",\"isPartOf\":{\"@id\":\"https:\/\/www.ntf.uni-lj.si\/ogro\/#website\"},\"datePublished\":\"2015-07-08T17:26:02+00:00\",\"dateModified\":\"2025-11-06T11:14:15+00:00\",\"breadcrumb\":{\"@id\":\"https:\/\/www.ntf.uni-lj.si\/ogro\/o-oddelku\/splosne-informacije\/vizitka\/#breadcrumb\"},\"inLanguage\":\"en-US\",\"potentialAction\":[{\"@type\":\"ReadAction\",\"target\":[\"https:\/\/www.ntf.uni-lj.si\/ogro\/o-oddelku\/splosne-informacije\/vizitka\/\"]}]},{\"@type\":\"BreadcrumbList\",\"@id\":\"https:\/\/www.ntf.uni-lj.si\/ogro\/o-oddelku\/splosne-informacije\/vizitka\/#breadcrumb\",\"itemListElement\":[{\"@type\":\"ListItem\",\"position\":1,\"name\":\"Domov\",\"item\":\"https:\/\/www.ntf.uni-lj.si\/ogro\/\"},{\"@type\":\"ListItem\",\"position\":2,\"name\":\"O oddelku\",\"item\":\"https:\/\/www.ntf.uni-lj.si\/ogro\/o-oddelku\/\"},{\"@type\":\"ListItem\",\"position\":3,\"name\":\"Splo\\u0161ne informacije\",\"item\":\"https:\/\/www.ntf.uni-lj.si\/ogro\/o-oddelku\/splosne-informacije\/\"},{\"@type\":\"ListItem\",\"position\":4,\"name\":\"Vizitka\"}]}]}<\/script>\n<!-- \/ Yoast SEO plugin. -->","yoast_head_json":{"robots":{"index":"index","follow":"follow","max-snippet":"max-snippet:-1","max-image-preview":"max-image-preview:large","max-video-preview":"max-video-preview:-1"},"canonical":"https:\/\/www.ntf.uni-lj.si\/ogro\/o-oddelku\/splosne-informacije\/vizitka\/","og_locale":"en_US","og_type":"article","og_title":"Vizitka - OGRO","og_description":"UNIVERZA V LJUBLJANI NARAVOSLOVNOTEHNI\u0160KA FAKULTETA ODDELEK ZA GEOTEHNOLOGIJO, RUDARSTVO IN OKOLJE A\u0161ker\u010deva cesta 12 SI-1000 Ljubljana Tel: 01\/47 04 500 Faks: 01\/47 04 560 E-po\u0161ta: ogro@ntf.uni-lj.si &nbsp; DRUGI PODATKI: Dav\u010dna \u0161tevilka: SI24405388 Mati\u010dna \u0161tevilka: 1627074 \u0160ifra dejavnosti: 85.422 Podra\u010dun pri UJP: 01100-6030708186 &nbsp; VODSTVO ODDELKA: TAJNI\u0160TVO","og_url":"https:\/\/www.ntf.uni-lj.si\/ogro\/o-oddelku\/splosne-informacije\/vizitka\/","og_site_name":"OGRO","article_modified_time":"2025-11-06T11:14:15+00:00","twitter_misc":{"Est. reading time":"1 minute"},"schema":{"@context":"https:\/\/schema.org","@graph":[{"@type":"WebSite","@id":"https:\/\/www.ntf.uni-lj.si\/ogro\/#website","url":"https:\/\/www.ntf.uni-lj.si\/ogro\/","name":"OGRO","description":"Oddelek za geotehnologijo, rudarstvo in okolje","potentialAction":[{"@type":"SearchAction","target":{"@type":"EntryPoint","urlTemplate":"https:\/\/www.ntf.uni-lj.si\/ogro\/?s={search_term_string}"},"query-input":"required name=search_term_string"}],"inLanguage":"en-US"},{"@type":"WebPage","@id":"https:\/\/www.ntf.uni-lj.si\/ogro\/o-oddelku\/splosne-informacije\/vizitka\/#webpage","url":"https:\/\/www.ntf.uni-lj.si\/ogro\/o-oddelku\/splosne-informacije\/vizitka\/","name":"Vizitka - OGRO","isPartOf":{"@id":"https:\/\/www.ntf.uni-lj.si\/ogro\/#website"},"datePublished":"2015-07-08T17:26:02+00:00","dateModified":"2025-11-06T11:14:15+00:00","breadcrumb":{"@id":"https:\/\/www.ntf.uni-lj.si\/ogro\/o-oddelku\/splosne-informacije\/vizitka\/#breadcrumb"},"inLanguage":"en-US","potentialAction":[{"@type":"ReadAction","target":["https:\/\/www.ntf.uni-lj.si\/ogro\/o-oddelku\/splosne-informacije\/vizitka\/"]}]},{"@type":"BreadcrumbList","@id":"https:\/\/www.ntf.uni-lj.si\/ogro\/o-oddelku\/splosne-informacije\/vizitka\/#breadcrumb","itemListElement":[{"@type":"ListItem","position":1,"name":"Domov","item":"https:\/\/www.ntf.uni-lj.si\/ogro\/"},{"@type":"ListItem","position":2,"name":"O oddelku","item":"https:\/\/www.ntf.uni-lj.si\/ogro\/o-oddelku\/"},{"@type":"ListItem","position":3,"name":"Splo\u0161ne informacije","item":"https:\/\/www.ntf.uni-lj.si\/ogro\/o-oddelku\/splosne-informacije\/"},{"@type":"ListItem","position":4,"name":"Vizitka"}]}]}},"_links":{"self":[{"href":"https:\/\/www.ntf.uni-lj.si\/ogro\/wp-json\/wp\/v2\/pages\/2638"}],"collection":[{"href":"https:\/\/www.ntf.uni-lj.si\/ogro\/wp-json\/wp\/v2\/pages"}],"about":[{"href":"https:\/\/www.ntf.uni-lj.si\/ogro\/wp-json\/wp\/v2\/types\/page"}],"author":[{"embeddable":true,"href":"https:\/\/www.ntf.uni-lj.si\/ogro\/wp-json\/wp\/v2\/users\/29"}],"replies":[{"embeddable":true,"href":"https:\/\/www.ntf.uni-lj.si\/ogro\/wp-json\/wp\/v2\/comments?post=2638"}],"version-history":[{"count":18,"href":"https:\/\/www.ntf.uni-lj.si\/ogro\/wp-json\/wp\/v2\/pages\/2638\/revisions"}],"predecessor-version":[{"id":3514,"href":"https:\/\/www.ntf.uni-lj.si\/ogro\/wp-json\/wp\/v2\/pages\/2638\/revisions\/3514"}],"up":[{"embeddable":true,"href":"https:\/\/www.ntf.uni-lj.si\/ogro\/wp-json\/wp\/v2\/pages\/82"}],"wp:attachment":[{"href":"https:\/\/www.ntf.uni-lj.si\/ogro\/wp-json\/wp\/v2\/media?parent=2638"}],"curies":[{"name":"wp","href":"https:\/\/api.w.org\/{rel}","templated":true}]}}