{"id":282,"date":"2015-03-30T09:49:06","date_gmt":"2015-03-30T09:49:06","guid":{"rendered":"http:\/\/www.ntf.uni-lj.si\/ogro\/?page_id=282"},"modified":"2024-01-18T08:36:26","modified_gmt":"2024-01-18T07:36:26","slug":"prehodi-med-programi","status":"publish","type":"page","link":"https:\/\/www.ntf.uni-lj.si\/ogro\/studij\/1-stopnja\/geotehnologija-in-okolje-un\/ostale-informacije\/prehodi-med-programi\/","title":{"rendered":"Prehodi med programi"},"content":{"rendered":"<p><strong>Pogoji za prehajanje med programi\u00a0\u00a0\u00a0\u00a0\u00a0\u00a0\u00a0\u00a0\u00a0 <\/strong><\/p>\n<p>Prehod je mo\u017een med \u0161tudijskima programoma:<\/p>\n<p>&#8211; ki ob zaklju\u010dku \u0161tudija zagotavljata pridobitev primerljivih kompetenc oziroma u\u010dnih izidov;<\/p>\n<p>&#8211; med katerima se lahko po merilih za priznavanje znanja in spretnosti, pridobljenih pred vpisom v univerzitetni \u0161tudijski program prve stopnje Geotehnologija in okolje prizna vsaj polovica obveznosti po Evropskem prenosnem kreditnem sistemu (ECTS) iz prvega \u0161tudijskega programa, ki se nana\u0161ajo na obvezne predmete univerzitetnega \u0161tudijskega programa prve stopnje Geotehnologija in okolje.<\/p>\n<p>Posamezen opravljen izpit v prvotnem \u0161tudijskem programu se prizna kot opravljen v univerzitetnem \u0161tudijskem programu prve stopnje Geotehnologija in okolje, \u010de je usklajenost vsebin obeh predmetov vsaj 75%. Priznani izpit se vrednoti s kreditnimi to\u010dkami v prvotnem \u0161tudijskem programu, a ne z ve\u010d kreditnimi to\u010dkami, kot je ovrednoten v univerzitetnem \u0161tudijskem programu prve stopnje Geotehnologija in okolje.<\/p>\n<p>V drugi ali tretji letnik univerzitetnega \u0161tudijskega programa prve stopnje Geotehnologija in okolje se lahko s prehodom vpi\u0161e kandidat, \u010de:<\/p>\n<p>&#8211; izpolnjuje pogoje za vpis v \u0161tudijski program,<\/p>\n<p>&#8211; so na voljo prosta mesta.<\/p>\n<p>Komisija Oddelka za geotehnologijo, rudarstvo in okolje za vsakega kandidata posebej dolo\u010di, v kak\u0161nem obsegu prizna \u017ee opravljene \u0161tudijske obveznosti, dolo\u010di obveznosti in opredeli, v kateri letnik lahko kandidat prehaja.<\/p>\n","protected":false},"excerpt":{"rendered":"Pogoji za prehajanje med programi\u00a0\u00a0\u00a0\u00a0\u00a0\u00a0\u00a0\u00a0\u00a0 Prehod je mo\u017een med \u0161tudijskima programoma: &#8211; ki ob zaklju\u010dku \u0161tudija zagotavljata pridobitev primerljivih kompetenc oziroma u\u010dnih izidov; &#8211; med katerima se lahko po merilih za priznavanje znanja in spretnosti, pridobljenih pred vpisom v univerzitetni \u0161tudijski program prve stopnje Geotehnologija in okolje prizna vsaj polovica obveznosti po Evropskem prenosnem kreditnem &#8230; <a class=\"view-article\" href=\"https:\/\/www.ntf.uni-lj.si\/ogro\/studij\/1-stopnja\/geotehnologija-in-okolje-un\/ostale-informacije\/prehodi-med-programi\/\">Read more<\/a>","protected":false},"author":15,"featured_media":0,"parent":264,"menu_order":30,"comment_status":"closed","ping_status":"closed","template":"","meta":[],"acf":[],"yoast_head":"<!-- This site is optimized with the Yoast SEO plugin v17.0 - https:\/\/yoast.com\/wordpress\/plugins\/seo\/ -->\n<meta name=\"robots\" content=\"index, follow, max-snippet:-1, max-image-preview:large, max-video-preview:-1\" \/>\n<link rel=\"canonical\" href=\"https:\/\/www.ntf.uni-lj.si\/ogro\/studij\/1-stopnja\/geotehnologija-in-okolje-un\/ostale-informacije\/prehodi-med-programi\/\" \/>\n<meta property=\"og:locale\" content=\"en_US\" \/>\n<meta property=\"og:type\" content=\"article\" \/>\n<meta property=\"og:title\" content=\"Prehodi med programi - OGRO\" \/>\n<meta property=\"og:description\" content=\"Pogoji za prehajanje med programi\u00a0\u00a0\u00a0\u00a0\u00a0\u00a0\u00a0\u00a0\u00a0 Prehod je mo\u017een med \u0161tudijskima programoma: &#8211; ki ob zaklju\u010dku \u0161tudija zagotavljata pridobitev primerljivih kompetenc oziroma u\u010dnih izidov; &#8211; med katerima se lahko po merilih za priznavanje znanja in spretnosti, pridobljenih pred vpisom v univerzitetni \u0161tudijski program prve stopnje Geotehnologija in okolje prizna vsaj polovica obveznosti po Evropskem prenosnem kreditnem ... Read more\" \/>\n<meta property=\"og:url\" content=\"https:\/\/www.ntf.uni-lj.si\/ogro\/studij\/1-stopnja\/geotehnologija-in-okolje-un\/ostale-informacije\/prehodi-med-programi\/\" \/>\n<meta property=\"og:site_name\" content=\"OGRO\" \/>\n<meta property=\"article:modified_time\" content=\"2024-01-18T07:36:26+00:00\" \/>\n<meta name=\"twitter:label1\" content=\"Est. reading time\" \/>\n\t<meta name=\"twitter:data1\" content=\"1 minute\" \/>\n<script type=\"application\/ld+json\" class=\"yoast-schema-graph\">{\"@context\":\"https:\/\/schema.org\",\"@graph\":[{\"@type\":\"WebSite\",\"@id\":\"https:\/\/www.ntf.uni-lj.si\/ogro\/#website\",\"url\":\"https:\/\/www.ntf.uni-lj.si\/ogro\/\",\"name\":\"OGRO\",\"description\":\"Oddelek za geotehnologijo, rudarstvo in okolje\",\"potentialAction\":[{\"@type\":\"SearchAction\",\"target\":{\"@type\":\"EntryPoint\",\"urlTemplate\":\"https:\/\/www.ntf.uni-lj.si\/ogro\/?s={search_term_string}\"},\"query-input\":\"required name=search_term_string\"}],\"inLanguage\":\"en-US\"},{\"@type\":\"WebPage\",\"@id\":\"https:\/\/www.ntf.uni-lj.si\/ogro\/studij\/1-stopnja\/geotehnologija-in-okolje-un\/ostale-informacije\/prehodi-med-programi\/#webpage\",\"url\":\"https:\/\/www.ntf.uni-lj.si\/ogro\/studij\/1-stopnja\/geotehnologija-in-okolje-un\/ostale-informacije\/prehodi-med-programi\/\",\"name\":\"Prehodi med programi - OGRO\",\"isPartOf\":{\"@id\":\"https:\/\/www.ntf.uni-lj.si\/ogro\/#website\"},\"datePublished\":\"2015-03-30T09:49:06+00:00\",\"dateModified\":\"2024-01-18T07:36:26+00:00\",\"breadcrumb\":{\"@id\":\"https:\/\/www.ntf.uni-lj.si\/ogro\/studij\/1-stopnja\/geotehnologija-in-okolje-un\/ostale-informacije\/prehodi-med-programi\/#breadcrumb\"},\"inLanguage\":\"en-US\",\"potentialAction\":[{\"@type\":\"ReadAction\",\"target\":[\"https:\/\/www.ntf.uni-lj.si\/ogro\/studij\/1-stopnja\/geotehnologija-in-okolje-un\/ostale-informacije\/prehodi-med-programi\/\"]}]},{\"@type\":\"BreadcrumbList\",\"@id\":\"https:\/\/www.ntf.uni-lj.si\/ogro\/studij\/1-stopnja\/geotehnologija-in-okolje-un\/ostale-informacije\/prehodi-med-programi\/#breadcrumb\",\"itemListElement\":[{\"@type\":\"ListItem\",\"position\":1,\"name\":\"Domov\",\"item\":\"https:\/\/www.ntf.uni-lj.si\/ogro\/\"},{\"@type\":\"ListItem\",\"position\":2,\"name\":\"\\u0160tudij\",\"item\":\"https:\/\/www.ntf.uni-lj.si\/ogro\/studij\/\"},{\"@type\":\"ListItem\",\"position\":3,\"name\":\"1. stopnja\",\"item\":\"https:\/\/www.ntf.uni-lj.si\/ogro\/studij\/1-stopnja\/\"},{\"@type\":\"ListItem\",\"position\":4,\"name\":\"Geotehnologija in okolje (UN)\",\"item\":\"https:\/\/www.ntf.uni-lj.si\/ogro\/studij\/1-stopnja\/geotehnologija-in-okolje-un\/\"},{\"@type\":\"ListItem\",\"position\":5,\"name\":\"Ostale informacije\",\"item\":\"https:\/\/www.ntf.uni-lj.si\/ogro\/studij\/1-stopnja\/geotehnologija-in-okolje-un\/ostale-informacije\/\"},{\"@type\":\"ListItem\",\"position\":6,\"name\":\"Prehodi med programi\"}]}]}<\/script>\n<!-- \/ Yoast SEO plugin. -->","yoast_head_json":{"robots":{"index":"index","follow":"follow","max-snippet":"max-snippet:-1","max-image-preview":"max-image-preview:large","max-video-preview":"max-video-preview:-1"},"canonical":"https:\/\/www.ntf.uni-lj.si\/ogro\/studij\/1-stopnja\/geotehnologija-in-okolje-un\/ostale-informacije\/prehodi-med-programi\/","og_locale":"en_US","og_type":"article","og_title":"Prehodi med programi - OGRO","og_description":"Pogoji za prehajanje med programi\u00a0\u00a0\u00a0\u00a0\u00a0\u00a0\u00a0\u00a0\u00a0 Prehod je mo\u017een med \u0161tudijskima programoma: &#8211; ki ob zaklju\u010dku \u0161tudija zagotavljata pridobitev primerljivih kompetenc oziroma u\u010dnih izidov; &#8211; med katerima se lahko po merilih za priznavanje znanja in spretnosti, pridobljenih pred vpisom v univerzitetni \u0161tudijski program prve stopnje Geotehnologija in okolje prizna vsaj polovica obveznosti po Evropskem prenosnem kreditnem ... Read more","og_url":"https:\/\/www.ntf.uni-lj.si\/ogro\/studij\/1-stopnja\/geotehnologija-in-okolje-un\/ostale-informacije\/prehodi-med-programi\/","og_site_name":"OGRO","article_modified_time":"2024-01-18T07:36:26+00:00","twitter_misc":{"Est. reading time":"1 minute"},"schema":{"@context":"https:\/\/schema.org","@graph":[{"@type":"WebSite","@id":"https:\/\/www.ntf.uni-lj.si\/ogro\/#website","url":"https:\/\/www.ntf.uni-lj.si\/ogro\/","name":"OGRO","description":"Oddelek za geotehnologijo, rudarstvo in okolje","potentialAction":[{"@type":"SearchAction","target":{"@type":"EntryPoint","urlTemplate":"https:\/\/www.ntf.uni-lj.si\/ogro\/?s={search_term_string}"},"query-input":"required name=search_term_string"}],"inLanguage":"en-US"},{"@type":"WebPage","@id":"https:\/\/www.ntf.uni-lj.si\/ogro\/studij\/1-stopnja\/geotehnologija-in-okolje-un\/ostale-informacije\/prehodi-med-programi\/#webpage","url":"https:\/\/www.ntf.uni-lj.si\/ogro\/studij\/1-stopnja\/geotehnologija-in-okolje-un\/ostale-informacije\/prehodi-med-programi\/","name":"Prehodi med programi - OGRO","isPartOf":{"@id":"https:\/\/www.ntf.uni-lj.si\/ogro\/#website"},"datePublished":"2015-03-30T09:49:06+00:00","dateModified":"2024-01-18T07:36:26+00:00","breadcrumb":{"@id":"https:\/\/www.ntf.uni-lj.si\/ogro\/studij\/1-stopnja\/geotehnologija-in-okolje-un\/ostale-informacije\/prehodi-med-programi\/#breadcrumb"},"inLanguage":"en-US","potentialAction":[{"@type":"ReadAction","target":["https:\/\/www.ntf.uni-lj.si\/ogro\/studij\/1-stopnja\/geotehnologija-in-okolje-un\/ostale-informacije\/prehodi-med-programi\/"]}]},{"@type":"BreadcrumbList","@id":"https:\/\/www.ntf.uni-lj.si\/ogro\/studij\/1-stopnja\/geotehnologija-in-okolje-un\/ostale-informacije\/prehodi-med-programi\/#breadcrumb","itemListElement":[{"@type":"ListItem","position":1,"name":"Domov","item":"https:\/\/www.ntf.uni-lj.si\/ogro\/"},{"@type":"ListItem","position":2,"name":"\u0160tudij","item":"https:\/\/www.ntf.uni-lj.si\/ogro\/studij\/"},{"@type":"ListItem","position":3,"name":"1. stopnja","item":"https:\/\/www.ntf.uni-lj.si\/ogro\/studij\/1-stopnja\/"},{"@type":"ListItem","position":4,"name":"Geotehnologija in okolje (UN)","item":"https:\/\/www.ntf.uni-lj.si\/ogro\/studij\/1-stopnja\/geotehnologija-in-okolje-un\/"},{"@type":"ListItem","position":5,"name":"Ostale informacije","item":"https:\/\/www.ntf.uni-lj.si\/ogro\/studij\/1-stopnja\/geotehnologija-in-okolje-un\/ostale-informacije\/"},{"@type":"ListItem","position":6,"name":"Prehodi med programi"}]}]}},"_links":{"self":[{"href":"https:\/\/www.ntf.uni-lj.si\/ogro\/wp-json\/wp\/v2\/pages\/282"}],"collection":[{"href":"https:\/\/www.ntf.uni-lj.si\/ogro\/wp-json\/wp\/v2\/pages"}],"about":[{"href":"https:\/\/www.ntf.uni-lj.si\/ogro\/wp-json\/wp\/v2\/types\/page"}],"author":[{"embeddable":true,"href":"https:\/\/www.ntf.uni-lj.si\/ogro\/wp-json\/wp\/v2\/users\/15"}],"replies":[{"embeddable":true,"href":"https:\/\/www.ntf.uni-lj.si\/ogro\/wp-json\/wp\/v2\/comments?post=282"}],"version-history":[{"count":5,"href":"https:\/\/www.ntf.uni-lj.si\/ogro\/wp-json\/wp\/v2\/pages\/282\/revisions"}],"predecessor-version":[{"id":4113,"href":"https:\/\/www.ntf.uni-lj.si\/ogro\/wp-json\/wp\/v2\/pages\/282\/revisions\/4113"}],"up":[{"embeddable":true,"href":"https:\/\/www.ntf.uni-lj.si\/ogro\/wp-json\/wp\/v2\/pages\/264"}],"wp:attachment":[{"href":"https:\/\/www.ntf.uni-lj.si\/ogro\/wp-json\/wp\/v2\/media?parent=282"}],"curies":[{"name":"wp","href":"https:\/\/api.w.org\/{rel}","templated":true}]}}