{"id":369,"date":"2015-04-01T10:33:10","date_gmt":"2015-04-01T10:33:10","guid":{"rendered":"http:\/\/www.ntf.uni-lj.si\/ogro\/?page_id=369"},"modified":"2024-01-18T08:38:20","modified_gmt":"2024-01-18T07:38:20","slug":"pogoji-za-napredovanje","status":"publish","type":"page","link":"https:\/\/www.ntf.uni-lj.si\/ogro\/studij\/1-stopnja\/geotehnologija-in-rudarstvo-vs\/ostale-informacije\/pogoji-za-napredovanje\/","title":{"rendered":"Pogoji za napredovanje"},"content":{"rendered":"<p><strong>Pogoji za napredovanje po programu\u00a0\u00a0\u00a0\u00a0\u00a0\u00a0 <\/strong><\/p>\n<p>\u0160tudent se lahko vpi\u0161e v drugi letnik, \u010de je do izteka \u0161tudijskega leta dosegel vsaj 49 kreditnih to\u010dk po ECTS. Za vpis v tretji letnik mora imeti opravljene vse obveznosti iz prvega letnika (60 KT) in zbranih vsaj 49 kreditnih to\u010dk iz drugega letnika. \u0160tudent se lahko izjemoma vpi\u0161e v vi\u0161ji letnik, tudi \u010de ni dosegel 49 kreditnih to\u010dk po ECTS, kadar ima za to opravi\u010dene razloge, ki jih dolo\u010da Statut UL.<\/p>\n","protected":false},"excerpt":{"rendered":"Pogoji za napredovanje po programu\u00a0\u00a0\u00a0\u00a0\u00a0\u00a0 \u0160tudent se lahko vpi\u0161e v drugi letnik, \u010de je do izteka \u0161tudijskega leta dosegel vsaj 49 kreditnih to\u010dk po ECTS. Za vpis v tretji letnik mora imeti opravljene vse obveznosti iz prvega letnika (60 KT) in zbranih vsaj 49 kreditnih to\u010dk iz drugega letnika. \u0160tudent se lahko izjemoma vpi\u0161e v &#8230; <a class=\"view-article\" href=\"https:\/\/www.ntf.uni-lj.si\/ogro\/studij\/1-stopnja\/geotehnologija-in-rudarstvo-vs\/ostale-informacije\/pogoji-za-napredovanje\/\">Read more<\/a>","protected":false},"author":15,"featured_media":0,"parent":353,"menu_order":20,"comment_status":"closed","ping_status":"closed","template":"","meta":[],"acf":[],"yoast_head":"<!-- This site is optimized with the Yoast SEO plugin v17.0 - https:\/\/yoast.com\/wordpress\/plugins\/seo\/ -->\n<meta name=\"robots\" content=\"index, follow, max-snippet:-1, max-image-preview:large, max-video-preview:-1\" \/>\n<link rel=\"canonical\" href=\"https:\/\/www.ntf.uni-lj.si\/ogro\/studij\/1-stopnja\/geotehnologija-in-rudarstvo-vs\/ostale-informacije\/pogoji-za-napredovanje\/\" \/>\n<meta property=\"og:locale\" content=\"en_US\" \/>\n<meta property=\"og:type\" content=\"article\" \/>\n<meta property=\"og:title\" content=\"Pogoji za napredovanje - OGRO\" \/>\n<meta property=\"og:description\" content=\"Pogoji za napredovanje po programu\u00a0\u00a0\u00a0\u00a0\u00a0\u00a0 \u0160tudent se lahko vpi\u0161e v drugi letnik, \u010de je do izteka \u0161tudijskega leta dosegel vsaj 49 kreditnih to\u010dk po ECTS. Za vpis v tretji letnik mora imeti opravljene vse obveznosti iz prvega letnika (60 KT) in zbranih vsaj 49 kreditnih to\u010dk iz drugega letnika. \u0160tudent se lahko izjemoma vpi\u0161e v ... Read more\" \/>\n<meta property=\"og:url\" content=\"https:\/\/www.ntf.uni-lj.si\/ogro\/studij\/1-stopnja\/geotehnologija-in-rudarstvo-vs\/ostale-informacije\/pogoji-za-napredovanje\/\" \/>\n<meta property=\"og:site_name\" content=\"OGRO\" \/>\n<meta property=\"article:modified_time\" content=\"2024-01-18T07:38:20+00:00\" \/>\n<script type=\"application\/ld+json\" class=\"yoast-schema-graph\">{\"@context\":\"https:\/\/schema.org\",\"@graph\":[{\"@type\":\"WebSite\",\"@id\":\"https:\/\/www.ntf.uni-lj.si\/ogro\/#website\",\"url\":\"https:\/\/www.ntf.uni-lj.si\/ogro\/\",\"name\":\"OGRO\",\"description\":\"Oddelek za geotehnologijo, rudarstvo in okolje\",\"potentialAction\":[{\"@type\":\"SearchAction\",\"target\":{\"@type\":\"EntryPoint\",\"urlTemplate\":\"https:\/\/www.ntf.uni-lj.si\/ogro\/?s={search_term_string}\"},\"query-input\":\"required name=search_term_string\"}],\"inLanguage\":\"en-US\"},{\"@type\":\"WebPage\",\"@id\":\"https:\/\/www.ntf.uni-lj.si\/ogro\/studij\/1-stopnja\/geotehnologija-in-rudarstvo-vs\/ostale-informacije\/pogoji-za-napredovanje\/#webpage\",\"url\":\"https:\/\/www.ntf.uni-lj.si\/ogro\/studij\/1-stopnja\/geotehnologija-in-rudarstvo-vs\/ostale-informacije\/pogoji-za-napredovanje\/\",\"name\":\"Pogoji za napredovanje - OGRO\",\"isPartOf\":{\"@id\":\"https:\/\/www.ntf.uni-lj.si\/ogro\/#website\"},\"datePublished\":\"2015-04-01T10:33:10+00:00\",\"dateModified\":\"2024-01-18T07:38:20+00:00\",\"breadcrumb\":{\"@id\":\"https:\/\/www.ntf.uni-lj.si\/ogro\/studij\/1-stopnja\/geotehnologija-in-rudarstvo-vs\/ostale-informacije\/pogoji-za-napredovanje\/#breadcrumb\"},\"inLanguage\":\"en-US\",\"potentialAction\":[{\"@type\":\"ReadAction\",\"target\":[\"https:\/\/www.ntf.uni-lj.si\/ogro\/studij\/1-stopnja\/geotehnologija-in-rudarstvo-vs\/ostale-informacije\/pogoji-za-napredovanje\/\"]}]},{\"@type\":\"BreadcrumbList\",\"@id\":\"https:\/\/www.ntf.uni-lj.si\/ogro\/studij\/1-stopnja\/geotehnologija-in-rudarstvo-vs\/ostale-informacije\/pogoji-za-napredovanje\/#breadcrumb\",\"itemListElement\":[{\"@type\":\"ListItem\",\"position\":1,\"name\":\"Domov\",\"item\":\"https:\/\/www.ntf.uni-lj.si\/ogro\/\"},{\"@type\":\"ListItem\",\"position\":2,\"name\":\"\\u0160tudij\",\"item\":\"https:\/\/www.ntf.uni-lj.si\/ogro\/studij\/\"},{\"@type\":\"ListItem\",\"position\":3,\"name\":\"1. stopnja\",\"item\":\"https:\/\/www.ntf.uni-lj.si\/ogro\/studij\/1-stopnja\/\"},{\"@type\":\"ListItem\",\"position\":4,\"name\":\"Geotehnologija in rudarstvo (VS)\",\"item\":\"https:\/\/www.ntf.uni-lj.si\/ogro\/studij\/1-stopnja\/geotehnologija-in-rudarstvo-vs\/\"},{\"@type\":\"ListItem\",\"position\":5,\"name\":\"Ostale informacije\",\"item\":\"https:\/\/www.ntf.uni-lj.si\/ogro\/studij\/1-stopnja\/geotehnologija-in-rudarstvo-vs\/ostale-informacije\/\"},{\"@type\":\"ListItem\",\"position\":6,\"name\":\"Pogoji za napredovanje\"}]}]}<\/script>\n<!-- \/ Yoast SEO plugin. -->","yoast_head_json":{"robots":{"index":"index","follow":"follow","max-snippet":"max-snippet:-1","max-image-preview":"max-image-preview:large","max-video-preview":"max-video-preview:-1"},"canonical":"https:\/\/www.ntf.uni-lj.si\/ogro\/studij\/1-stopnja\/geotehnologija-in-rudarstvo-vs\/ostale-informacije\/pogoji-za-napredovanje\/","og_locale":"en_US","og_type":"article","og_title":"Pogoji za napredovanje - OGRO","og_description":"Pogoji za napredovanje po programu\u00a0\u00a0\u00a0\u00a0\u00a0\u00a0 \u0160tudent se lahko vpi\u0161e v drugi letnik, \u010de je do izteka \u0161tudijskega leta dosegel vsaj 49 kreditnih to\u010dk po ECTS. Za vpis v tretji letnik mora imeti opravljene vse obveznosti iz prvega letnika (60 KT) in zbranih vsaj 49 kreditnih to\u010dk iz drugega letnika. \u0160tudent se lahko izjemoma vpi\u0161e v ... Read more","og_url":"https:\/\/www.ntf.uni-lj.si\/ogro\/studij\/1-stopnja\/geotehnologija-in-rudarstvo-vs\/ostale-informacije\/pogoji-za-napredovanje\/","og_site_name":"OGRO","article_modified_time":"2024-01-18T07:38:20+00:00","schema":{"@context":"https:\/\/schema.org","@graph":[{"@type":"WebSite","@id":"https:\/\/www.ntf.uni-lj.si\/ogro\/#website","url":"https:\/\/www.ntf.uni-lj.si\/ogro\/","name":"OGRO","description":"Oddelek za geotehnologijo, rudarstvo in okolje","potentialAction":[{"@type":"SearchAction","target":{"@type":"EntryPoint","urlTemplate":"https:\/\/www.ntf.uni-lj.si\/ogro\/?s={search_term_string}"},"query-input":"required name=search_term_string"}],"inLanguage":"en-US"},{"@type":"WebPage","@id":"https:\/\/www.ntf.uni-lj.si\/ogro\/studij\/1-stopnja\/geotehnologija-in-rudarstvo-vs\/ostale-informacije\/pogoji-za-napredovanje\/#webpage","url":"https:\/\/www.ntf.uni-lj.si\/ogro\/studij\/1-stopnja\/geotehnologija-in-rudarstvo-vs\/ostale-informacije\/pogoji-za-napredovanje\/","name":"Pogoji za napredovanje - OGRO","isPartOf":{"@id":"https:\/\/www.ntf.uni-lj.si\/ogro\/#website"},"datePublished":"2015-04-01T10:33:10+00:00","dateModified":"2024-01-18T07:38:20+00:00","breadcrumb":{"@id":"https:\/\/www.ntf.uni-lj.si\/ogro\/studij\/1-stopnja\/geotehnologija-in-rudarstvo-vs\/ostale-informacije\/pogoji-za-napredovanje\/#breadcrumb"},"inLanguage":"en-US","potentialAction":[{"@type":"ReadAction","target":["https:\/\/www.ntf.uni-lj.si\/ogro\/studij\/1-stopnja\/geotehnologija-in-rudarstvo-vs\/ostale-informacije\/pogoji-za-napredovanje\/"]}]},{"@type":"BreadcrumbList","@id":"https:\/\/www.ntf.uni-lj.si\/ogro\/studij\/1-stopnja\/geotehnologija-in-rudarstvo-vs\/ostale-informacije\/pogoji-za-napredovanje\/#breadcrumb","itemListElement":[{"@type":"ListItem","position":1,"name":"Domov","item":"https:\/\/www.ntf.uni-lj.si\/ogro\/"},{"@type":"ListItem","position":2,"name":"\u0160tudij","item":"https:\/\/www.ntf.uni-lj.si\/ogro\/studij\/"},{"@type":"ListItem","position":3,"name":"1. stopnja","item":"https:\/\/www.ntf.uni-lj.si\/ogro\/studij\/1-stopnja\/"},{"@type":"ListItem","position":4,"name":"Geotehnologija in rudarstvo (VS)","item":"https:\/\/www.ntf.uni-lj.si\/ogro\/studij\/1-stopnja\/geotehnologija-in-rudarstvo-vs\/"},{"@type":"ListItem","position":5,"name":"Ostale informacije","item":"https:\/\/www.ntf.uni-lj.si\/ogro\/studij\/1-stopnja\/geotehnologija-in-rudarstvo-vs\/ostale-informacije\/"},{"@type":"ListItem","position":6,"name":"Pogoji za napredovanje"}]}]}},"_links":{"self":[{"href":"https:\/\/www.ntf.uni-lj.si\/ogro\/wp-json\/wp\/v2\/pages\/369"}],"collection":[{"href":"https:\/\/www.ntf.uni-lj.si\/ogro\/wp-json\/wp\/v2\/pages"}],"about":[{"href":"https:\/\/www.ntf.uni-lj.si\/ogro\/wp-json\/wp\/v2\/types\/page"}],"author":[{"embeddable":true,"href":"https:\/\/www.ntf.uni-lj.si\/ogro\/wp-json\/wp\/v2\/users\/15"}],"replies":[{"embeddable":true,"href":"https:\/\/www.ntf.uni-lj.si\/ogro\/wp-json\/wp\/v2\/comments?post=369"}],"version-history":[{"count":3,"href":"https:\/\/www.ntf.uni-lj.si\/ogro\/wp-json\/wp\/v2\/pages\/369\/revisions"}],"predecessor-version":[{"id":4115,"href":"https:\/\/www.ntf.uni-lj.si\/ogro\/wp-json\/wp\/v2\/pages\/369\/revisions\/4115"}],"up":[{"embeddable":true,"href":"https:\/\/www.ntf.uni-lj.si\/ogro\/wp-json\/wp\/v2\/pages\/353"}],"wp:attachment":[{"href":"https:\/\/www.ntf.uni-lj.si\/ogro\/wp-json\/wp\/v2\/media?parent=369"}],"curies":[{"name":"wp","href":"https:\/\/api.w.org\/{rel}","templated":true}]}}