{"id":540,"date":"2015-04-02T13:18:47","date_gmt":"2015-04-02T13:18:47","guid":{"rendered":"http:\/\/www.ntf.uni-lj.si\/ogro\/?page_id=540"},"modified":"2021-05-10T10:54:38","modified_gmt":"2021-05-10T08:54:38","slug":"tutorstvo","status":"publish","type":"page","link":"https:\/\/www.ntf.uni-lj.si\/ogro\/studij\/tutorstvo\/","title":{"rendered":"Tutorstvo"},"content":{"rendered":"<p>Tutorstvo je opredeljeno kot sistemati\u010dna pomo\u010d \u0161tudentom pri \u0161tudiju in njihovem akademskem razvoju.<\/p>\n<p><strong>Namen tutorskega sistema na NTF je:<\/strong><\/p>\n<ul>\n<li>podpora \u0161tudentom med \u0161tudijem,<\/li>\n<li>pove\u010danje \u0161tevila \u0161tudentov, ki napredujejo v vi\u0161ji letnik,<\/li>\n<li>svetovanje \u0161tudentom pri oblikovanju izbirnega dela predmetnika,<\/li>\n<li>pomo\u010d pri \u0161tudiju posameznih predmetov oz. pri obvezni praksi,<\/li>\n<li>spodbujanje \u0161tudentov k udele\u017ebi pri ob\u0161tudijskih dejavnostih.<\/li>\n<\/ul>\n<div style=\"height:30px; width:100%;\"><\/div>\n<p>Ve\u010d o tutorstvu na OGRO in tutorstvo na splo\u0161no lahko pa na povezavi <a href=\"https:\/\/www.ntf.uni-lj.si\/ntf\/studij\/tutorstvo\/\" target=\"_blank\" rel=\"noopener noreferrer\">NTF-tutotstvo<\/a>.<\/p>\n","protected":false},"excerpt":{"rendered":"Tutorstvo je opredeljeno kot sistemati\u010dna pomo\u010d \u0161tudentom pri \u0161tudiju in njihovem akademskem razvoju. Namen tutorskega sistema na NTF je: podpora \u0161tudentom med \u0161tudijem, pove\u010danje \u0161tevila \u0161tudentov, ki napredujejo v vi\u0161ji letnik, svetovanje \u0161tudentom pri oblikovanju izbirnega dela predmetnika, pomo\u010d pri \u0161tudiju posameznih predmetov oz. pri obvezni praksi, spodbujanje \u0161tudentov k udele\u017ebi pri ob\u0161tudijskih dejavnostih. Ve\u010d &#8230; <a class=\"view-article\" href=\"https:\/\/www.ntf.uni-lj.si\/ogro\/studij\/tutorstvo\/\">Read more<\/a>","protected":false},"author":15,"featured_media":0,"parent":231,"menu_order":40,"comment_status":"closed","ping_status":"closed","template":"","meta":[],"acf":[],"yoast_head":"<!-- This site is optimized with the Yoast SEO plugin v17.0 - https:\/\/yoast.com\/wordpress\/plugins\/seo\/ -->\n<meta name=\"robots\" content=\"index, follow, max-snippet:-1, max-image-preview:large, max-video-preview:-1\" \/>\n<link rel=\"canonical\" href=\"https:\/\/www.ntf.uni-lj.si\/ogro\/studij\/tutorstvo\/\" \/>\n<meta property=\"og:locale\" content=\"en_US\" \/>\n<meta property=\"og:type\" content=\"article\" \/>\n<meta property=\"og:title\" content=\"Tutorstvo - OGRO\" \/>\n<meta property=\"og:description\" content=\"Tutorstvo je opredeljeno kot sistemati\u010dna pomo\u010d \u0161tudentom pri \u0161tudiju in njihovem akademskem razvoju. Namen tutorskega sistema na NTF je: podpora \u0161tudentom med \u0161tudijem, pove\u010danje \u0161tevila \u0161tudentov, ki napredujejo v vi\u0161ji letnik, svetovanje \u0161tudentom pri oblikovanju izbirnega dela predmetnika, pomo\u010d pri \u0161tudiju posameznih predmetov oz. pri obvezni praksi, spodbujanje \u0161tudentov k udele\u017ebi pri ob\u0161tudijskih dejavnostih. Ve\u010d ... Read more\" \/>\n<meta property=\"og:url\" content=\"https:\/\/www.ntf.uni-lj.si\/ogro\/studij\/tutorstvo\/\" \/>\n<meta property=\"og:site_name\" content=\"OGRO\" \/>\n<meta property=\"article:modified_time\" content=\"2021-05-10T08:54:38+00:00\" \/>\n<script type=\"application\/ld+json\" class=\"yoast-schema-graph\">{\"@context\":\"https:\/\/schema.org\",\"@graph\":[{\"@type\":\"WebSite\",\"@id\":\"https:\/\/www.ntf.uni-lj.si\/ogro\/#website\",\"url\":\"https:\/\/www.ntf.uni-lj.si\/ogro\/\",\"name\":\"OGRO\",\"description\":\"Oddelek za geotehnologijo, rudarstvo in okolje\",\"potentialAction\":[{\"@type\":\"SearchAction\",\"target\":{\"@type\":\"EntryPoint\",\"urlTemplate\":\"https:\/\/www.ntf.uni-lj.si\/ogro\/?s={search_term_string}\"},\"query-input\":\"required name=search_term_string\"}],\"inLanguage\":\"en-US\"},{\"@type\":\"WebPage\",\"@id\":\"https:\/\/www.ntf.uni-lj.si\/ogro\/studij\/tutorstvo\/#webpage\",\"url\":\"https:\/\/www.ntf.uni-lj.si\/ogro\/studij\/tutorstvo\/\",\"name\":\"Tutorstvo - OGRO\",\"isPartOf\":{\"@id\":\"https:\/\/www.ntf.uni-lj.si\/ogro\/#website\"},\"datePublished\":\"2015-04-02T13:18:47+00:00\",\"dateModified\":\"2021-05-10T08:54:38+00:00\",\"breadcrumb\":{\"@id\":\"https:\/\/www.ntf.uni-lj.si\/ogro\/studij\/tutorstvo\/#breadcrumb\"},\"inLanguage\":\"en-US\",\"potentialAction\":[{\"@type\":\"ReadAction\",\"target\":[\"https:\/\/www.ntf.uni-lj.si\/ogro\/studij\/tutorstvo\/\"]}]},{\"@type\":\"BreadcrumbList\",\"@id\":\"https:\/\/www.ntf.uni-lj.si\/ogro\/studij\/tutorstvo\/#breadcrumb\",\"itemListElement\":[{\"@type\":\"ListItem\",\"position\":1,\"name\":\"Domov\",\"item\":\"https:\/\/www.ntf.uni-lj.si\/ogro\/\"},{\"@type\":\"ListItem\",\"position\":2,\"name\":\"\\u0160tudij\",\"item\":\"https:\/\/www.ntf.uni-lj.si\/ogro\/studij\/\"},{\"@type\":\"ListItem\",\"position\":3,\"name\":\"Tutorstvo\"}]}]}<\/script>\n<!-- \/ Yoast SEO plugin. -->","yoast_head_json":{"robots":{"index":"index","follow":"follow","max-snippet":"max-snippet:-1","max-image-preview":"max-image-preview:large","max-video-preview":"max-video-preview:-1"},"canonical":"https:\/\/www.ntf.uni-lj.si\/ogro\/studij\/tutorstvo\/","og_locale":"en_US","og_type":"article","og_title":"Tutorstvo - OGRO","og_description":"Tutorstvo je opredeljeno kot sistemati\u010dna pomo\u010d \u0161tudentom pri \u0161tudiju in njihovem akademskem razvoju. Namen tutorskega sistema na NTF je: podpora \u0161tudentom med \u0161tudijem, pove\u010danje \u0161tevila \u0161tudentov, ki napredujejo v vi\u0161ji letnik, svetovanje \u0161tudentom pri oblikovanju izbirnega dela predmetnika, pomo\u010d pri \u0161tudiju posameznih predmetov oz. pri obvezni praksi, spodbujanje \u0161tudentov k udele\u017ebi pri ob\u0161tudijskih dejavnostih. Ve\u010d ... Read more","og_url":"https:\/\/www.ntf.uni-lj.si\/ogro\/studij\/tutorstvo\/","og_site_name":"OGRO","article_modified_time":"2021-05-10T08:54:38+00:00","schema":{"@context":"https:\/\/schema.org","@graph":[{"@type":"WebSite","@id":"https:\/\/www.ntf.uni-lj.si\/ogro\/#website","url":"https:\/\/www.ntf.uni-lj.si\/ogro\/","name":"OGRO","description":"Oddelek za geotehnologijo, rudarstvo in okolje","potentialAction":[{"@type":"SearchAction","target":{"@type":"EntryPoint","urlTemplate":"https:\/\/www.ntf.uni-lj.si\/ogro\/?s={search_term_string}"},"query-input":"required name=search_term_string"}],"inLanguage":"en-US"},{"@type":"WebPage","@id":"https:\/\/www.ntf.uni-lj.si\/ogro\/studij\/tutorstvo\/#webpage","url":"https:\/\/www.ntf.uni-lj.si\/ogro\/studij\/tutorstvo\/","name":"Tutorstvo - OGRO","isPartOf":{"@id":"https:\/\/www.ntf.uni-lj.si\/ogro\/#website"},"datePublished":"2015-04-02T13:18:47+00:00","dateModified":"2021-05-10T08:54:38+00:00","breadcrumb":{"@id":"https:\/\/www.ntf.uni-lj.si\/ogro\/studij\/tutorstvo\/#breadcrumb"},"inLanguage":"en-US","potentialAction":[{"@type":"ReadAction","target":["https:\/\/www.ntf.uni-lj.si\/ogro\/studij\/tutorstvo\/"]}]},{"@type":"BreadcrumbList","@id":"https:\/\/www.ntf.uni-lj.si\/ogro\/studij\/tutorstvo\/#breadcrumb","itemListElement":[{"@type":"ListItem","position":1,"name":"Domov","item":"https:\/\/www.ntf.uni-lj.si\/ogro\/"},{"@type":"ListItem","position":2,"name":"\u0160tudij","item":"https:\/\/www.ntf.uni-lj.si\/ogro\/studij\/"},{"@type":"ListItem","position":3,"name":"Tutorstvo"}]}]}},"_links":{"self":[{"href":"https:\/\/www.ntf.uni-lj.si\/ogro\/wp-json\/wp\/v2\/pages\/540"}],"collection":[{"href":"https:\/\/www.ntf.uni-lj.si\/ogro\/wp-json\/wp\/v2\/pages"}],"about":[{"href":"https:\/\/www.ntf.uni-lj.si\/ogro\/wp-json\/wp\/v2\/types\/page"}],"author":[{"embeddable":true,"href":"https:\/\/www.ntf.uni-lj.si\/ogro\/wp-json\/wp\/v2\/users\/15"}],"replies":[{"embeddable":true,"href":"https:\/\/www.ntf.uni-lj.si\/ogro\/wp-json\/wp\/v2\/comments?post=540"}],"version-history":[{"count":13,"href":"https:\/\/www.ntf.uni-lj.si\/ogro\/wp-json\/wp\/v2\/pages\/540\/revisions"}],"predecessor-version":[{"id":3852,"href":"https:\/\/www.ntf.uni-lj.si\/ogro\/wp-json\/wp\/v2\/pages\/540\/revisions\/3852"}],"up":[{"embeddable":true,"href":"https:\/\/www.ntf.uni-lj.si\/ogro\/wp-json\/wp\/v2\/pages\/231"}],"wp:attachment":[{"href":"https:\/\/www.ntf.uni-lj.si\/ogro\/wp-json\/wp\/v2\/media?parent=540"}],"curies":[{"name":"wp","href":"https:\/\/api.w.org\/{rel}","templated":true}]}}