{"id":10888,"date":"2025-05-13T10:14:47","date_gmt":"2025-05-13T08:14:47","guid":{"rendered":"https:\/\/www.ntf.uni-lj.si\/omm\/?page_id=10888"},"modified":"2026-02-23T14:50:05","modified_gmt":"2026-02-23T13:50:05","slug":"km","status":"publish","type":"page","link":"https:\/\/www.ntf.uni-lj.si\/omm\/katedre\/km\/","title":{"rendered":"Katedra za metalografijo"},"content":{"rendered":"<h2><strong>Katedra za metalografijo<\/strong><\/h2>\n<p><strong>PREDSTOJNIK KATEDRE<\/strong><br \/>\nprof. dr. Bo\u0161tjan Markoli<br \/>\nTel: +386 1 4704 614<br \/>\ne-mail: <a href=\"mailto:bostjan.markoli@ntf.uni-lj.si\">bostjan.markoli@ntf.uni-lj.si<\/a><\/p>\n<p><strong>\u010cLANI KATEDRE<\/strong><br \/>\nizr. prof. dr. Iztok Nagli\u010d<br \/>\nTel: +386 1 4704 631<br \/>\ne-mail: <a href=\"mailto:iztok.naglic@ntf.uni-lj.si\">iztok.naglic@ntf.uni-lj.si<\/a><\/p>\n<p>asist. dr. Adam Zaky<br \/>\nTel: +386 1 4704 534<br \/>\ne-mail: <a href=\"mailto:adam.zaky@ntf.uni-lj.si\">adam.zaky@ntf.uni-lj.si<\/a><\/p>\n<p>teh. sod. Matej Zupan\u010di\u010d, dipl. in\u017e. mater.<br \/>\nTel: +386 1 4704 506<br \/>\ne-mail: <a href=\"mailto:matej.zupancic@ntf.uni-lj.si\">matej.zupancic@ntf.uni-lj.si<\/a><\/p>\n","protected":false},"excerpt":{"rendered":"Katedra za metalografijo PREDSTOJNIK KATEDRE prof. dr. Bo\u0161tjan Markoli Tel: +386 1 4704 614 e-mail: bostjan.markoli@ntf.uni-lj.si \u010cLANI KATEDRE izr. prof. dr. Iztok Nagli\u010d Tel: +386 1 4704 631 e-mail: iztok.naglic@ntf.uni-lj.si asist. dr. Adam Zaky Tel: +386 1 4704 534 e-mail: adam.zaky@ntf.uni-lj.si teh. sod. Matej Zupan\u010di\u010d, dipl. in\u017e. mater. Tel: +386 1 4704 506 e-mail: matej.zupancic@ntf.uni-lj.si","protected":false},"author":332,"featured_media":0,"parent":4176,"menu_order":30,"comment_status":"closed","ping_status":"closed","template":"","meta":[],"acf":[],"yoast_head":"<!-- This site is optimized with the Yoast SEO plugin v17.0 - https:\/\/yoast.com\/wordpress\/plugins\/seo\/ -->\n<meta name=\"description\" content=\"Naravoslovnotehni\u0161ka fakulteta, Oddelek za materiale in metalurgijo, Katedra za metalografijo - sintenza, priprava ter analiza vzorcev.\" \/>\n<meta name=\"robots\" content=\"index, follow, max-snippet:-1, max-image-preview:large, max-video-preview:-1\" \/>\n<link rel=\"canonical\" href=\"https:\/\/www.ntf.uni-lj.si\/omm\/katedre\/km\/\" \/>\n<meta property=\"og:locale\" content=\"en_US\" \/>\n<meta property=\"og:type\" content=\"article\" \/>\n<meta property=\"og:title\" content=\"Katedra za metalografijo - OMM\" \/>\n<meta property=\"og:description\" content=\"Naravoslovnotehni\u0161ka fakulteta, Oddelek za materiale in metalurgijo, Katedra za metalografijo - sintenza, priprava ter analiza vzorcev.\" \/>\n<meta property=\"og:url\" content=\"https:\/\/www.ntf.uni-lj.si\/omm\/katedre\/km\/\" \/>\n<meta property=\"og:site_name\" content=\"OMM\" \/>\n<meta property=\"article:modified_time\" content=\"2026-02-23T13:50:05+00:00\" \/>\n<meta property=\"og:image\" content=\"https:\/\/www.ntf.uni-lj.si\/omm\/wp-content\/uploads\/sites\/5\/2026\/02\/IMG20260210152635-4-300x215.jpg\" \/>\n<meta name=\"twitter:label1\" content=\"Est. reading time\" \/>\n\t<meta name=\"twitter:data1\" content=\"1 minute\" \/>\n<script type=\"application\/ld+json\" class=\"yoast-schema-graph\">{\"@context\":\"https:\/\/schema.org\",\"@graph\":[{\"@type\":\"WebSite\",\"@id\":\"https:\/\/www.ntf.uni-lj.si\/omm\/#website\",\"url\":\"https:\/\/www.ntf.uni-lj.si\/omm\/\",\"name\":\"OMM\",\"description\":\"Oddelek za materiale in metalurgijo\",\"potentialAction\":[{\"@type\":\"SearchAction\",\"target\":{\"@type\":\"EntryPoint\",\"urlTemplate\":\"https:\/\/www.ntf.uni-lj.si\/omm\/?s={search_term_string}\"},\"query-input\":\"required name=search_term_string\"}],\"inLanguage\":\"en-US\"},{\"@type\":\"WebPage\",\"@id\":\"https:\/\/www.ntf.uni-lj.si\/omm\/katedre\/km\/#webpage\",\"url\":\"https:\/\/www.ntf.uni-lj.si\/omm\/katedre\/km\/\",\"name\":\"Katedra za metalografijo - OMM\",\"isPartOf\":{\"@id\":\"https:\/\/www.ntf.uni-lj.si\/omm\/#website\"},\"datePublished\":\"2025-05-13T08:14:47+00:00\",\"dateModified\":\"2026-02-23T13:50:05+00:00\",\"description\":\"Naravoslovnotehni\\u0161ka fakulteta, Oddelek za materiale in metalurgijo, Katedra za metalografijo - sintenza, priprava ter analiza vzorcev.\",\"breadcrumb\":{\"@id\":\"https:\/\/www.ntf.uni-lj.si\/omm\/katedre\/km\/#breadcrumb\"},\"inLanguage\":\"en-US\",\"potentialAction\":[{\"@type\":\"ReadAction\",\"target\":[\"https:\/\/www.ntf.uni-lj.si\/omm\/katedre\/km\/\"]}]},{\"@type\":\"BreadcrumbList\",\"@id\":\"https:\/\/www.ntf.uni-lj.si\/omm\/katedre\/km\/#breadcrumb\",\"itemListElement\":[{\"@type\":\"ListItem\",\"position\":1,\"name\":\"Domov\",\"item\":\"https:\/\/www.ntf.uni-lj.si\/omm\/\"},{\"@type\":\"ListItem\",\"position\":2,\"name\":\"Katedre\",\"item\":\"https:\/\/www.ntf.uni-lj.si\/omm\/katedre\/\"},{\"@type\":\"ListItem\",\"position\":3,\"name\":\"Katedra za metalografijo\"}]}]}<\/script>\n<!-- \/ Yoast SEO plugin. -->","yoast_head_json":{"description":"Naravoslovnotehni\u0161ka fakulteta, Oddelek za materiale in metalurgijo, Katedra za metalografijo - sintenza, priprava ter analiza vzorcev.","robots":{"index":"index","follow":"follow","max-snippet":"max-snippet:-1","max-image-preview":"max-image-preview:large","max-video-preview":"max-video-preview:-1"},"canonical":"https:\/\/www.ntf.uni-lj.si\/omm\/katedre\/km\/","og_locale":"en_US","og_type":"article","og_title":"Katedra za metalografijo - OMM","og_description":"Naravoslovnotehni\u0161ka fakulteta, Oddelek za materiale in metalurgijo, Katedra za metalografijo - sintenza, priprava ter analiza vzorcev.","og_url":"https:\/\/www.ntf.uni-lj.si\/omm\/katedre\/km\/","og_site_name":"OMM","article_modified_time":"2026-02-23T13:50:05+00:00","og_image":[{"url":"https:\/\/www.ntf.uni-lj.si\/omm\/wp-content\/uploads\/sites\/5\/2026\/02\/IMG20260210152635-4-300x215.jpg"}],"twitter_misc":{"Est. reading time":"1 minute"},"schema":{"@context":"https:\/\/schema.org","@graph":[{"@type":"WebSite","@id":"https:\/\/www.ntf.uni-lj.si\/omm\/#website","url":"https:\/\/www.ntf.uni-lj.si\/omm\/","name":"OMM","description":"Oddelek za materiale in metalurgijo","potentialAction":[{"@type":"SearchAction","target":{"@type":"EntryPoint","urlTemplate":"https:\/\/www.ntf.uni-lj.si\/omm\/?s={search_term_string}"},"query-input":"required name=search_term_string"}],"inLanguage":"en-US"},{"@type":"WebPage","@id":"https:\/\/www.ntf.uni-lj.si\/omm\/katedre\/km\/#webpage","url":"https:\/\/www.ntf.uni-lj.si\/omm\/katedre\/km\/","name":"Katedra za metalografijo - OMM","isPartOf":{"@id":"https:\/\/www.ntf.uni-lj.si\/omm\/#website"},"datePublished":"2025-05-13T08:14:47+00:00","dateModified":"2026-02-23T13:50:05+00:00","description":"Naravoslovnotehni\u0161ka fakulteta, Oddelek za materiale in metalurgijo, Katedra za metalografijo - sintenza, priprava ter analiza vzorcev.","breadcrumb":{"@id":"https:\/\/www.ntf.uni-lj.si\/omm\/katedre\/km\/#breadcrumb"},"inLanguage":"en-US","potentialAction":[{"@type":"ReadAction","target":["https:\/\/www.ntf.uni-lj.si\/omm\/katedre\/km\/"]}]},{"@type":"BreadcrumbList","@id":"https:\/\/www.ntf.uni-lj.si\/omm\/katedre\/km\/#breadcrumb","itemListElement":[{"@type":"ListItem","position":1,"name":"Domov","item":"https:\/\/www.ntf.uni-lj.si\/omm\/"},{"@type":"ListItem","position":2,"name":"Katedre","item":"https:\/\/www.ntf.uni-lj.si\/omm\/katedre\/"},{"@type":"ListItem","position":3,"name":"Katedra za metalografijo"}]}]}},"_links":{"self":[{"href":"https:\/\/www.ntf.uni-lj.si\/omm\/wp-json\/wp\/v2\/pages\/10888"}],"collection":[{"href":"https:\/\/www.ntf.uni-lj.si\/omm\/wp-json\/wp\/v2\/pages"}],"about":[{"href":"https:\/\/www.ntf.uni-lj.si\/omm\/wp-json\/wp\/v2\/types\/page"}],"author":[{"embeddable":true,"href":"https:\/\/www.ntf.uni-lj.si\/omm\/wp-json\/wp\/v2\/users\/332"}],"replies":[{"embeddable":true,"href":"https:\/\/www.ntf.uni-lj.si\/omm\/wp-json\/wp\/v2\/comments?post=10888"}],"version-history":[{"count":49,"href":"https:\/\/www.ntf.uni-lj.si\/omm\/wp-json\/wp\/v2\/pages\/10888\/revisions"}],"predecessor-version":[{"id":11788,"href":"https:\/\/www.ntf.uni-lj.si\/omm\/wp-json\/wp\/v2\/pages\/10888\/revisions\/11788"}],"up":[{"embeddable":true,"href":"https:\/\/www.ntf.uni-lj.si\/omm\/wp-json\/wp\/v2\/pages\/4176"}],"wp:attachment":[{"href":"https:\/\/www.ntf.uni-lj.si\/omm\/wp-json\/wp\/v2\/media?parent=10888"}],"curies":[{"name":"wp","href":"https:\/\/api.w.org\/{rel}","templated":true}]}}