{"id":11511,"date":"2025-11-26T20:42:38","date_gmt":"2025-11-26T19:42:38","guid":{"rendered":"https:\/\/www.ntf.uni-lj.si\/omm\/?page_id=11511"},"modified":"2025-11-27T19:03:29","modified_gmt":"2025-11-27T18:03:29","slug":"pogovor-z-nasimi-diplomanti","status":"publish","type":"page","link":"https:\/\/www.ntf.uni-lj.si\/omm\/pogovor-z-nasimi-diplomanti\/","title":{"rendered":"Pogovor z na\u0161imi diplomanti"},"content":{"rendered":"<p><iframe loading=\"lazy\" title=\"Alumni NTF | Karla Kosma\u010d | Materiali in metalurgija\" width=\"500\" height=\"281\" src=\"https:\/\/www.youtube.com\/embed\/bE6L_yEVNkQ?feature=oembed\" frameborder=\"0\" allow=\"accelerometer; autoplay; clipboard-write; encrypted-media; gyroscope; picture-in-picture; web-share\" referrerpolicy=\"strict-origin-when-cross-origin\" allowfullscreen><\/iframe><br \/>\nKarla Kosma\u010d, vodja razvoja in tehnologije v podjetju Kolektor KFH.<\/p>\n<p><iframe loading=\"lazy\" title=\"Alumni NTF | Marko \u010ce\u0161njaj | Materiali in metalurgija | SIJ Metal Ravne\" width=\"500\" height=\"281\" src=\"https:\/\/www.youtube.com\/embed\/xyiBl3csc1I?feature=oembed\" frameborder=\"0\" allow=\"accelerometer; autoplay; clipboard-write; encrypted-media; gyroscope; picture-in-picture; web-share\" referrerpolicy=\"strict-origin-when-cross-origin\" allowfullscreen><\/iframe><br \/>\nMarko \u010ce\u0161njaj, raziskovalec v podjetju SIJ Metal Ravne d.o.o.<\/p>\n<p><iframe loading=\"lazy\" title=\"Alumni NTF | Ale\u0161 Miku\u017e | Materiali in metalurgija\" width=\"500\" height=\"281\" src=\"https:\/\/www.youtube.com\/embed\/Fka4pcQlWw8?feature=oembed\" frameborder=\"0\" allow=\"accelerometer; autoplay; clipboard-write; encrypted-media; gyroscope; picture-in-picture; web-share\" referrerpolicy=\"strict-origin-when-cross-origin\" allowfullscreen><\/iframe><br \/>\nAle\u0161 Miku\u017e, vodja obrata livarne v podjetju Akrapovi\u010d d.d.<\/p>\n<p><iframe loading=\"lazy\" title=\"Alumni NTF |\u00a0Tinkara Smolar | Materiali in metalurgija\" width=\"500\" height=\"281\" src=\"https:\/\/www.youtube.com\/embed\/YEcwKCw8w4w?feature=oembed\" frameborder=\"0\" allow=\"accelerometer; autoplay; clipboard-write; encrypted-media; gyroscope; picture-in-picture; web-share\" referrerpolicy=\"strict-origin-when-cross-origin\" allowfullscreen><\/iframe><br \/>\nTinkara Smolar Kraner, tehnologinja kakovosti v podjetju Impol d.o.o.<\/p>\n","protected":false},"excerpt":{"rendered":"Karla Kosma\u010d, vodja razvoja in tehnologije v podjetju Kolektor KFH. Marko \u010ce\u0161njaj, raziskovalec v podjetju SIJ Metal Ravne d.o.o. Ale\u0161 Miku\u017e, vodja obrata livarne v podjetju Akrapovi\u010d d.d. Tinkara Smolar Kraner, tehnologinja kakovosti v podjetju Impol d.o.o.","protected":false},"author":332,"featured_media":0,"parent":0,"menu_order":0,"comment_status":"closed","ping_status":"closed","template":"","meta":[],"acf":[],"yoast_head":"<!-- This site is optimized with the Yoast SEO plugin v17.0 - https:\/\/yoast.com\/wordpress\/plugins\/seo\/ -->\n<meta name=\"robots\" content=\"index, follow, max-snippet:-1, max-image-preview:large, max-video-preview:-1\" \/>\n<link rel=\"canonical\" href=\"https:\/\/www.ntf.uni-lj.si\/omm\/pogovor-z-nasimi-diplomanti\/\" \/>\n<meta property=\"og:locale\" content=\"en_US\" \/>\n<meta property=\"og:type\" content=\"article\" \/>\n<meta property=\"og:title\" content=\"Pogovor z na\u0161imi diplomanti - OMM\" \/>\n<meta property=\"og:description\" content=\"Karla Kosma\u010d, vodja razvoja in tehnologije v podjetju Kolektor KFH. Marko \u010ce\u0161njaj, raziskovalec v podjetju SIJ Metal Ravne d.o.o. Ale\u0161 Miku\u017e, vodja obrata livarne v podjetju Akrapovi\u010d d.d. Tinkara Smolar Kraner, tehnologinja kakovosti v podjetju Impol d.o.o.\" \/>\n<meta property=\"og:url\" content=\"https:\/\/www.ntf.uni-lj.si\/omm\/pogovor-z-nasimi-diplomanti\/\" \/>\n<meta property=\"og:site_name\" content=\"OMM\" \/>\n<meta property=\"article:modified_time\" content=\"2025-11-27T18:03:29+00:00\" \/>\n<script type=\"application\/ld+json\" class=\"yoast-schema-graph\">{\"@context\":\"https:\/\/schema.org\",\"@graph\":[{\"@type\":\"WebSite\",\"@id\":\"https:\/\/www.ntf.uni-lj.si\/omm\/#website\",\"url\":\"https:\/\/www.ntf.uni-lj.si\/omm\/\",\"name\":\"OMM\",\"description\":\"Oddelek za materiale in metalurgijo\",\"potentialAction\":[{\"@type\":\"SearchAction\",\"target\":{\"@type\":\"EntryPoint\",\"urlTemplate\":\"https:\/\/www.ntf.uni-lj.si\/omm\/?s={search_term_string}\"},\"query-input\":\"required name=search_term_string\"}],\"inLanguage\":\"en-US\"},{\"@type\":\"WebPage\",\"@id\":\"https:\/\/www.ntf.uni-lj.si\/omm\/pogovor-z-nasimi-diplomanti\/#webpage\",\"url\":\"https:\/\/www.ntf.uni-lj.si\/omm\/pogovor-z-nasimi-diplomanti\/\",\"name\":\"Pogovor z na\\u0161imi diplomanti - OMM\",\"isPartOf\":{\"@id\":\"https:\/\/www.ntf.uni-lj.si\/omm\/#website\"},\"datePublished\":\"2025-11-26T19:42:38+00:00\",\"dateModified\":\"2025-11-27T18:03:29+00:00\",\"breadcrumb\":{\"@id\":\"https:\/\/www.ntf.uni-lj.si\/omm\/pogovor-z-nasimi-diplomanti\/#breadcrumb\"},\"inLanguage\":\"en-US\",\"potentialAction\":[{\"@type\":\"ReadAction\",\"target\":[\"https:\/\/www.ntf.uni-lj.si\/omm\/pogovor-z-nasimi-diplomanti\/\"]}]},{\"@type\":\"BreadcrumbList\",\"@id\":\"https:\/\/www.ntf.uni-lj.si\/omm\/pogovor-z-nasimi-diplomanti\/#breadcrumb\",\"itemListElement\":[{\"@type\":\"ListItem\",\"position\":1,\"name\":\"Domov\",\"item\":\"https:\/\/www.ntf.uni-lj.si\/omm\/\"},{\"@type\":\"ListItem\",\"position\":2,\"name\":\"Pogovor z na\\u0161imi diplomanti\"}]}]}<\/script>\n<!-- \/ Yoast SEO plugin. -->","yoast_head_json":{"robots":{"index":"index","follow":"follow","max-snippet":"max-snippet:-1","max-image-preview":"max-image-preview:large","max-video-preview":"max-video-preview:-1"},"canonical":"https:\/\/www.ntf.uni-lj.si\/omm\/pogovor-z-nasimi-diplomanti\/","og_locale":"en_US","og_type":"article","og_title":"Pogovor z na\u0161imi diplomanti - OMM","og_description":"Karla Kosma\u010d, vodja razvoja in tehnologije v podjetju Kolektor KFH. Marko \u010ce\u0161njaj, raziskovalec v podjetju SIJ Metal Ravne d.o.o. Ale\u0161 Miku\u017e, vodja obrata livarne v podjetju Akrapovi\u010d d.d. Tinkara Smolar Kraner, tehnologinja kakovosti v podjetju Impol d.o.o.","og_url":"https:\/\/www.ntf.uni-lj.si\/omm\/pogovor-z-nasimi-diplomanti\/","og_site_name":"OMM","article_modified_time":"2025-11-27T18:03:29+00:00","schema":{"@context":"https:\/\/schema.org","@graph":[{"@type":"WebSite","@id":"https:\/\/www.ntf.uni-lj.si\/omm\/#website","url":"https:\/\/www.ntf.uni-lj.si\/omm\/","name":"OMM","description":"Oddelek za materiale in metalurgijo","potentialAction":[{"@type":"SearchAction","target":{"@type":"EntryPoint","urlTemplate":"https:\/\/www.ntf.uni-lj.si\/omm\/?s={search_term_string}"},"query-input":"required name=search_term_string"}],"inLanguage":"en-US"},{"@type":"WebPage","@id":"https:\/\/www.ntf.uni-lj.si\/omm\/pogovor-z-nasimi-diplomanti\/#webpage","url":"https:\/\/www.ntf.uni-lj.si\/omm\/pogovor-z-nasimi-diplomanti\/","name":"Pogovor z na\u0161imi diplomanti - OMM","isPartOf":{"@id":"https:\/\/www.ntf.uni-lj.si\/omm\/#website"},"datePublished":"2025-11-26T19:42:38+00:00","dateModified":"2025-11-27T18:03:29+00:00","breadcrumb":{"@id":"https:\/\/www.ntf.uni-lj.si\/omm\/pogovor-z-nasimi-diplomanti\/#breadcrumb"},"inLanguage":"en-US","potentialAction":[{"@type":"ReadAction","target":["https:\/\/www.ntf.uni-lj.si\/omm\/pogovor-z-nasimi-diplomanti\/"]}]},{"@type":"BreadcrumbList","@id":"https:\/\/www.ntf.uni-lj.si\/omm\/pogovor-z-nasimi-diplomanti\/#breadcrumb","itemListElement":[{"@type":"ListItem","position":1,"name":"Domov","item":"https:\/\/www.ntf.uni-lj.si\/omm\/"},{"@type":"ListItem","position":2,"name":"Pogovor z na\u0161imi diplomanti"}]}]}},"_links":{"self":[{"href":"https:\/\/www.ntf.uni-lj.si\/omm\/wp-json\/wp\/v2\/pages\/11511"}],"collection":[{"href":"https:\/\/www.ntf.uni-lj.si\/omm\/wp-json\/wp\/v2\/pages"}],"about":[{"href":"https:\/\/www.ntf.uni-lj.si\/omm\/wp-json\/wp\/v2\/types\/page"}],"author":[{"embeddable":true,"href":"https:\/\/www.ntf.uni-lj.si\/omm\/wp-json\/wp\/v2\/users\/332"}],"replies":[{"embeddable":true,"href":"https:\/\/www.ntf.uni-lj.si\/omm\/wp-json\/wp\/v2\/comments?post=11511"}],"version-history":[{"count":4,"href":"https:\/\/www.ntf.uni-lj.si\/omm\/wp-json\/wp\/v2\/pages\/11511\/revisions"}],"predecessor-version":[{"id":11533,"href":"https:\/\/www.ntf.uni-lj.si\/omm\/wp-json\/wp\/v2\/pages\/11511\/revisions\/11533"}],"wp:attachment":[{"href":"https:\/\/www.ntf.uni-lj.si\/omm\/wp-json\/wp\/v2\/media?parent=11511"}],"curies":[{"name":"wp","href":"https:\/\/api.w.org\/{rel}","templated":true}]}}