{"id":11753,"date":"2026-02-12T09:32:31","date_gmt":"2026-02-12T08:32:31","guid":{"rendered":"https:\/\/www.ntf.uni-lj.si\/omm\/?page_id=11753"},"modified":"2026-02-12T09:41:48","modified_gmt":"2026-02-12T08:41:48","slug":"ntf-na-stezaj-udelezba-dijakov-na-predavanjih","status":"publish","type":"page","link":"https:\/\/www.ntf.uni-lj.si\/omm\/ntf-na-stezaj-udelezba-dijakov-na-predavanjih\/","title":{"rendered":"NTF na ste\u017eaj &#8211; udele\u017eba dijakov na predavanjih"},"content":{"rendered":"<p>Spo\u0161tovani dijaki in dijakinje,<\/p>\n<p>v okviru dnevov \u00bb<strong>NTF na ste\u017eaj<\/strong>\u00ab vas vljudno vabimo, da se <strong>16. 2.<\/strong>, <strong>23. 2.<\/strong> in <strong>2. 3.<\/strong> udele\u017eite predavanj iz predmeta <a href=\"https:\/\/www.ntf.uni-lj.si\/omm\/course\/struktura-materialov\/\"><strong>Struktura materialov<\/strong><\/a>, ki jih izvaja <strong>red. prof. dr. Bo\u0161tjan Markoli<\/strong>. Predavanja bodo potekala na <strong>A\u0161ker\u010devi cesti 12<\/strong>, v predavalnici <strong>P-11<\/strong>, med <strong>8.00<\/strong> in <strong>11.00<\/strong>. Prosimo vas, da va\u0161o udele\u017ebo sporo\u010dite na elektronski naslov <a href=\"mailto:adam.zaky@ntf.uni-lj.si\">adam.zaky@ntf.uni-lj.si<\/a>.<\/p>\n<p>Veselimo se va\u0161e udele\u017ebe!<\/p>\n","protected":false},"excerpt":{"rendered":"Spo\u0161tovani dijaki in dijakinje, v okviru dnevov \u00bbNTF na ste\u017eaj\u00ab vas vljudno vabimo, da se 16. 2., 23. 2. in 2. 3. udele\u017eite predavanj iz predmeta Struktura materialov, ki jih izvaja red. prof. dr. Bo\u0161tjan Markoli. Predavanja bodo potekala na A\u0161ker\u010devi cesti 12, v predavalnici P-11, med 8.00 in 11.00. Prosimo vas, da va\u0161o udele\u017ebo &#8230; <a class=\"view-article\" href=\"https:\/\/www.ntf.uni-lj.si\/omm\/ntf-na-stezaj-udelezba-dijakov-na-predavanjih\/\">Read more<\/a>","protected":false},"author":332,"featured_media":0,"parent":0,"menu_order":0,"comment_status":"closed","ping_status":"closed","template":"","meta":[],"acf":[],"yoast_head":"<!-- This site is optimized with the Yoast SEO plugin v17.0 - https:\/\/yoast.com\/wordpress\/plugins\/seo\/ -->\n<meta name=\"robots\" content=\"index, follow, max-snippet:-1, max-image-preview:large, max-video-preview:-1\" \/>\n<link rel=\"canonical\" href=\"https:\/\/www.ntf.uni-lj.si\/omm\/ntf-na-stezaj-udelezba-dijakov-na-predavanjih\/\" \/>\n<meta property=\"og:locale\" content=\"en_US\" \/>\n<meta property=\"og:type\" content=\"article\" \/>\n<meta property=\"og:title\" content=\"NTF na ste\u017eaj - udele\u017eba dijakov na predavanjih - OMM\" \/>\n<meta property=\"og:description\" content=\"Spo\u0161tovani dijaki in dijakinje, v okviru dnevov \u00bbNTF na ste\u017eaj\u00ab vas vljudno vabimo, da se 16. 2., 23. 2. in 2. 3. udele\u017eite predavanj iz predmeta Struktura materialov, ki jih izvaja red. prof. dr. Bo\u0161tjan Markoli. Predavanja bodo potekala na A\u0161ker\u010devi cesti 12, v predavalnici P-11, med 8.00 in 11.00. Prosimo vas, da va\u0161o udele\u017ebo ... Read more\" \/>\n<meta property=\"og:url\" content=\"https:\/\/www.ntf.uni-lj.si\/omm\/ntf-na-stezaj-udelezba-dijakov-na-predavanjih\/\" \/>\n<meta property=\"og:site_name\" content=\"OMM\" \/>\n<meta property=\"article:modified_time\" content=\"2026-02-12T08:41:48+00:00\" \/>\n<script type=\"application\/ld+json\" class=\"yoast-schema-graph\">{\"@context\":\"https:\/\/schema.org\",\"@graph\":[{\"@type\":\"WebSite\",\"@id\":\"https:\/\/www.ntf.uni-lj.si\/omm\/#website\",\"url\":\"https:\/\/www.ntf.uni-lj.si\/omm\/\",\"name\":\"OMM\",\"description\":\"Oddelek za materiale in metalurgijo\",\"potentialAction\":[{\"@type\":\"SearchAction\",\"target\":{\"@type\":\"EntryPoint\",\"urlTemplate\":\"https:\/\/www.ntf.uni-lj.si\/omm\/?s={search_term_string}\"},\"query-input\":\"required name=search_term_string\"}],\"inLanguage\":\"en-US\"},{\"@type\":\"WebPage\",\"@id\":\"https:\/\/www.ntf.uni-lj.si\/omm\/ntf-na-stezaj-udelezba-dijakov-na-predavanjih\/#webpage\",\"url\":\"https:\/\/www.ntf.uni-lj.si\/omm\/ntf-na-stezaj-udelezba-dijakov-na-predavanjih\/\",\"name\":\"NTF na ste\\u017eaj - udele\\u017eba dijakov na predavanjih - OMM\",\"isPartOf\":{\"@id\":\"https:\/\/www.ntf.uni-lj.si\/omm\/#website\"},\"datePublished\":\"2026-02-12T08:32:31+00:00\",\"dateModified\":\"2026-02-12T08:41:48+00:00\",\"breadcrumb\":{\"@id\":\"https:\/\/www.ntf.uni-lj.si\/omm\/ntf-na-stezaj-udelezba-dijakov-na-predavanjih\/#breadcrumb\"},\"inLanguage\":\"en-US\",\"potentialAction\":[{\"@type\":\"ReadAction\",\"target\":[\"https:\/\/www.ntf.uni-lj.si\/omm\/ntf-na-stezaj-udelezba-dijakov-na-predavanjih\/\"]}]},{\"@type\":\"BreadcrumbList\",\"@id\":\"https:\/\/www.ntf.uni-lj.si\/omm\/ntf-na-stezaj-udelezba-dijakov-na-predavanjih\/#breadcrumb\",\"itemListElement\":[{\"@type\":\"ListItem\",\"position\":1,\"name\":\"Domov\",\"item\":\"https:\/\/www.ntf.uni-lj.si\/omm\/\"},{\"@type\":\"ListItem\",\"position\":2,\"name\":\"NTF na ste\\u017eaj - udele\\u017eba dijakov na predavanjih\"}]}]}<\/script>\n<!-- \/ Yoast SEO plugin. -->","yoast_head_json":{"robots":{"index":"index","follow":"follow","max-snippet":"max-snippet:-1","max-image-preview":"max-image-preview:large","max-video-preview":"max-video-preview:-1"},"canonical":"https:\/\/www.ntf.uni-lj.si\/omm\/ntf-na-stezaj-udelezba-dijakov-na-predavanjih\/","og_locale":"en_US","og_type":"article","og_title":"NTF na ste\u017eaj - udele\u017eba dijakov na predavanjih - OMM","og_description":"Spo\u0161tovani dijaki in dijakinje, v okviru dnevov \u00bbNTF na ste\u017eaj\u00ab vas vljudno vabimo, da se 16. 2., 23. 2. in 2. 3. udele\u017eite predavanj iz predmeta Struktura materialov, ki jih izvaja red. prof. dr. Bo\u0161tjan Markoli. Predavanja bodo potekala na A\u0161ker\u010devi cesti 12, v predavalnici P-11, med 8.00 in 11.00. Prosimo vas, da va\u0161o udele\u017ebo ... Read more","og_url":"https:\/\/www.ntf.uni-lj.si\/omm\/ntf-na-stezaj-udelezba-dijakov-na-predavanjih\/","og_site_name":"OMM","article_modified_time":"2026-02-12T08:41:48+00:00","schema":{"@context":"https:\/\/schema.org","@graph":[{"@type":"WebSite","@id":"https:\/\/www.ntf.uni-lj.si\/omm\/#website","url":"https:\/\/www.ntf.uni-lj.si\/omm\/","name":"OMM","description":"Oddelek za materiale in metalurgijo","potentialAction":[{"@type":"SearchAction","target":{"@type":"EntryPoint","urlTemplate":"https:\/\/www.ntf.uni-lj.si\/omm\/?s={search_term_string}"},"query-input":"required name=search_term_string"}],"inLanguage":"en-US"},{"@type":"WebPage","@id":"https:\/\/www.ntf.uni-lj.si\/omm\/ntf-na-stezaj-udelezba-dijakov-na-predavanjih\/#webpage","url":"https:\/\/www.ntf.uni-lj.si\/omm\/ntf-na-stezaj-udelezba-dijakov-na-predavanjih\/","name":"NTF na ste\u017eaj - udele\u017eba dijakov na predavanjih - OMM","isPartOf":{"@id":"https:\/\/www.ntf.uni-lj.si\/omm\/#website"},"datePublished":"2026-02-12T08:32:31+00:00","dateModified":"2026-02-12T08:41:48+00:00","breadcrumb":{"@id":"https:\/\/www.ntf.uni-lj.si\/omm\/ntf-na-stezaj-udelezba-dijakov-na-predavanjih\/#breadcrumb"},"inLanguage":"en-US","potentialAction":[{"@type":"ReadAction","target":["https:\/\/www.ntf.uni-lj.si\/omm\/ntf-na-stezaj-udelezba-dijakov-na-predavanjih\/"]}]},{"@type":"BreadcrumbList","@id":"https:\/\/www.ntf.uni-lj.si\/omm\/ntf-na-stezaj-udelezba-dijakov-na-predavanjih\/#breadcrumb","itemListElement":[{"@type":"ListItem","position":1,"name":"Domov","item":"https:\/\/www.ntf.uni-lj.si\/omm\/"},{"@type":"ListItem","position":2,"name":"NTF na ste\u017eaj - udele\u017eba dijakov na predavanjih"}]}]}},"_links":{"self":[{"href":"https:\/\/www.ntf.uni-lj.si\/omm\/wp-json\/wp\/v2\/pages\/11753"}],"collection":[{"href":"https:\/\/www.ntf.uni-lj.si\/omm\/wp-json\/wp\/v2\/pages"}],"about":[{"href":"https:\/\/www.ntf.uni-lj.si\/omm\/wp-json\/wp\/v2\/types\/page"}],"author":[{"embeddable":true,"href":"https:\/\/www.ntf.uni-lj.si\/omm\/wp-json\/wp\/v2\/users\/332"}],"replies":[{"embeddable":true,"href":"https:\/\/www.ntf.uni-lj.si\/omm\/wp-json\/wp\/v2\/comments?post=11753"}],"version-history":[{"count":6,"href":"https:\/\/www.ntf.uni-lj.si\/omm\/wp-json\/wp\/v2\/pages\/11753\/revisions"}],"predecessor-version":[{"id":11760,"href":"https:\/\/www.ntf.uni-lj.si\/omm\/wp-json\/wp\/v2\/pages\/11753\/revisions\/11760"}],"wp:attachment":[{"href":"https:\/\/www.ntf.uni-lj.si\/omm\/wp-json\/wp\/v2\/media?parent=11753"}],"curies":[{"name":"wp","href":"https:\/\/api.w.org\/{rel}","templated":true}]}}