{"id":4061,"date":"2015-05-08T07:10:30","date_gmt":"2015-05-08T07:10:30","guid":{"rendered":"http:\/\/www.ntf.uni-lj.si\/omm\/?page_id=4061"},"modified":"2015-06-02T13:03:00","modified_gmt":"2015-06-02T12:03:00","slug":"predstavitev","status":"publish","type":"page","link":"https:\/\/www.ntf.uni-lj.si\/omm\/o-oddelku\/splosne-informacije\/predstavitev\/","title":{"rendered":"Predstavitev"},"content":{"rendered":"<h2>\u0160tudij materialov \u2013 ve\u010dni znanilec razvoja civilizacij<\/h2>\n<p>Razvoj civilizacije in njenih obdobij \u017ee od vsega za\u010detka narekujeta uporaba in razvoj materialov, tako za prvinsko uporabo pri pra\u010dloveku kot tudi danes pri osvajanju vesolja. V dana\u0161njem informacijskem obdobju je komunikacija z najbolj odro\u010dnimi deli na na\u0161em planetu mo\u017ena prav zaradi namensko razvitih materialov (npr. za mobilno telefonijo). Strokovnjaki, ki materiale (kovinske, polimerne, kerami\u010dne in sestavljene oz. kompozitne materiale) razvijajo, so\u010dasno na\u010drtujejo tudi tehnologije za njihovo izdelavo. Vodenje takih tehnologij poteka na makro-, mikro- (tiso\u010dina metra, ki jo \u0161e lahko vidimo z opti\u010dnim mikroskopom, je pa \u0161e vedno 1000-krat ve\u010dja od atoma), mezo- ali nanonivojih. Tehnologije ni\u017ejih nivojev odlo\u010dilno vplivajo na razvoj sodobnih tehnologij in na\u0161e osebno \u017eivljenje.<\/p>\n<p>&nbsp;<\/p>\n<h2>Organizacija \u0161tudija<\/h2>\n<p>Oddelek za materiale in metalurgijo na Naravoslovnotehni\u0161ki fakulteti Univerze v Ljubljani ima najdalj\u0161o tradicijo v Sloveniji na podro\u010dju tovrstnega \u0161tudija. Vsako leto razpisuje univerzitetna \u0161tudijska programa In\u017eenirstvo materialov (1. stopnja) in Materiali in metalurgija (2. stopnja) ter visoko\u0161olski program Metalur\u0161ke tehnologije (1. stopnja). \u0160tudenti med \u0161tudijem sodelujejo tudi pri raziskovalnih projektih, povezanih z gospodarstvom. V okviru programa Erasmus+ pa lahko en letnik ali semester opravijo tudi na eni izmed tujih univerz.<\/p>\n<p>&nbsp;<\/p>\n<h2>Izobra\u017eevanje<\/h2>\n<p>Interdisciplinarnost \u0161tudija daje diplomantom na\u0161e \u0161ole izjemno \u0161iroko in uporabno znanje, ki ga delimo v naslednje skupine: osnove razumevanja in raziskave zgradbe in lastnosti materialov, razvoj novih materialov in tehnologij njihove izdelave, uporaba in sinteza materialov v tehniki ter preiskava materiala in analiza njegovih po\u0161kodb. Diplomanti osvojijo ve\u0161\u010dine modeliranja lastnosti materialov ter simuliranja in optimiziranja tehnologij. Pridobijo vrhunsko znanje z veliko mero interdisciplinarnosti, so zaposljivi in zelo iskani tako doma kot v tujini.<br \/>\nMateriali so izhodi\u0161\u010de vseh tehnik, proizvodnih tehnologij in novih izdelkov. Pridobljeno znanje in ve\u0161\u010dine, katerih podlaga so naravoslovje in tehnologije, so uporabni pri razvojnem delu v laboratorijih, za na\u010drtovanje in izvajanje tehnologij, vse do svetovanja pri izbiri materiala za izdelke ali njihovega vgrajevanja v naprave, zgradbe ali konstrukcije. \u0160tudij usmerjamo v lik diplomanta z inovativnim in podjetni\u0161kim zna\u010dajem.<\/p>\n<p>&nbsp;<\/p>\n<h2>Zaposlitev in \u0161tipendije<\/h2>\n<p>Diplomanti najdejo zaposlitev na raziskovalnih in\u0161titutih ter raziskovalnih in razvojnih oddelkih proizvodnih panog industrije ter kot tehnologi v proizvodnih in predelovalnih panogah industrije jekla in ne\u017eeleznih kovin, stekla, keramike, polimerov in kompozitov, polprevodnikov &#8230; Zaposlijo se lahko v podjetjih, ki izdelujejo oz. sestavljajo ustrezne polizdelke ali kon\u010dne izdelke, kot so npr. industrija vseh vrst vozil, elektroindustrija, kemi\u010dna industrija, energetika, medicinska tehnika, kriminologija in arheologija ter okoljevarstvena dela. Potrebujejo jih tudi dr\u017eavne ustanove za atestiranje materialov in izdelkov, dr\u017eavni raziskovalni in projektni management ter srednje \u0161ole in univerze za pedago\u0161ko delo. Poseben status u\u017eivajo univerzitetni strokovnjaki, ki svoje znanje nadgradijo z znanjem s podro\u010dja ekonomije in managementa. Pomanjkanje strokovnjakov za materiale in metalurgijo je v Sloveniji doseglo kriti\u010dno raven. Tudi v prihodnje bo na razpolago zadostno \u0161tevilo \u0161tipendij in delovnih mest.<\/p>\n<p>&nbsp;<\/p>\n<p><strong>Kaj \u0161e \u010daka\u0161 \u2013 odlo\u010ditev je tvoja!<\/strong><\/p>\n<ul>\n<li>Vi\u0161ek delovnih mest v Sloveniji tudi v prihodnje.<\/li>\n<li>5-odstotna letna rast \u0161tevila delovnih mest za in\u017eenirje materialov in metalurgije je tudi obveza EU.<\/li>\n<li>Neizrabljene \u0161tipendije.<\/li>\n<li>Pove\u010danje \u0161tevila vpisnih mest na zahtevo ministrstva in gospodarstva.<\/li>\n<li>Mo\u017enost \u0161tudija v tujini.<\/li>\n<li>Velika prilagodljivost zaposlovanja.<\/li>\n<\/ul>\n","protected":false},"excerpt":{"rendered":"\u0160tudij materialov \u2013 ve\u010dni znanilec razvoja civilizacij Razvoj civilizacije in njenih obdobij \u017ee od vsega za\u010detka narekujeta uporaba in razvoj materialov, tako za prvinsko uporabo pri pra\u010dloveku kot tudi danes pri osvajanju vesolja. V dana\u0161njem informacijskem obdobju je komunikacija z najbolj odro\u010dnimi deli na na\u0161em planetu mo\u017ena prav zaradi namensko razvitih materialov (npr. za mobilno &#8230; <a class=\"view-article\" href=\"https:\/\/www.ntf.uni-lj.si\/omm\/o-oddelku\/splosne-informacije\/predstavitev\/\">Read more<\/a>","protected":false},"author":15,"featured_media":0,"parent":4055,"menu_order":10,"comment_status":"closed","ping_status":"closed","template":"","meta":[],"acf":[],"yoast_head":"<!-- This site is optimized with the Yoast SEO plugin v17.0 - https:\/\/yoast.com\/wordpress\/plugins\/seo\/ -->\n<meta name=\"robots\" content=\"index, follow, max-snippet:-1, max-image-preview:large, max-video-preview:-1\" \/>\n<link rel=\"canonical\" href=\"https:\/\/www.ntf.uni-lj.si\/omm\/o-oddelku\/splosne-informacije\/predstavitev\/\" \/>\n<meta property=\"og:locale\" content=\"en_US\" \/>\n<meta property=\"og:type\" content=\"article\" \/>\n<meta property=\"og:title\" content=\"Predstavitev - OMM\" \/>\n<meta property=\"og:description\" content=\"\u0160tudij materialov \u2013 ve\u010dni znanilec razvoja civilizacij Razvoj civilizacije in njenih obdobij \u017ee od vsega za\u010detka narekujeta uporaba in razvoj materialov, tako za prvinsko uporabo pri pra\u010dloveku kot tudi danes pri osvajanju vesolja. V dana\u0161njem informacijskem obdobju je komunikacija z najbolj odro\u010dnimi deli na na\u0161em planetu mo\u017ena prav zaradi namensko razvitih materialov (npr. za mobilno ... Read more\" \/>\n<meta property=\"og:url\" content=\"https:\/\/www.ntf.uni-lj.si\/omm\/o-oddelku\/splosne-informacije\/predstavitev\/\" \/>\n<meta property=\"og:site_name\" content=\"OMM\" \/>\n<meta property=\"article:modified_time\" content=\"2015-06-02T12:03:00+00:00\" \/>\n<meta name=\"twitter:label1\" content=\"Est. reading time\" \/>\n\t<meta name=\"twitter:data1\" content=\"3 minutes\" \/>\n<script type=\"application\/ld+json\" class=\"yoast-schema-graph\">{\"@context\":\"https:\/\/schema.org\",\"@graph\":[{\"@type\":\"WebSite\",\"@id\":\"https:\/\/www.ntf.uni-lj.si\/omm\/#website\",\"url\":\"https:\/\/www.ntf.uni-lj.si\/omm\/\",\"name\":\"OMM\",\"description\":\"Oddelek za materiale in metalurgijo\",\"potentialAction\":[{\"@type\":\"SearchAction\",\"target\":{\"@type\":\"EntryPoint\",\"urlTemplate\":\"https:\/\/www.ntf.uni-lj.si\/omm\/?s={search_term_string}\"},\"query-input\":\"required name=search_term_string\"}],\"inLanguage\":\"en-US\"},{\"@type\":\"WebPage\",\"@id\":\"https:\/\/www.ntf.uni-lj.si\/omm\/o-oddelku\/splosne-informacije\/predstavitev\/#webpage\",\"url\":\"https:\/\/www.ntf.uni-lj.si\/omm\/o-oddelku\/splosne-informacije\/predstavitev\/\",\"name\":\"Predstavitev - OMM\",\"isPartOf\":{\"@id\":\"https:\/\/www.ntf.uni-lj.si\/omm\/#website\"},\"datePublished\":\"2015-05-08T07:10:30+00:00\",\"dateModified\":\"2015-06-02T12:03:00+00:00\",\"breadcrumb\":{\"@id\":\"https:\/\/www.ntf.uni-lj.si\/omm\/o-oddelku\/splosne-informacije\/predstavitev\/#breadcrumb\"},\"inLanguage\":\"en-US\",\"potentialAction\":[{\"@type\":\"ReadAction\",\"target\":[\"https:\/\/www.ntf.uni-lj.si\/omm\/o-oddelku\/splosne-informacije\/predstavitev\/\"]}]},{\"@type\":\"BreadcrumbList\",\"@id\":\"https:\/\/www.ntf.uni-lj.si\/omm\/o-oddelku\/splosne-informacije\/predstavitev\/#breadcrumb\",\"itemListElement\":[{\"@type\":\"ListItem\",\"position\":1,\"name\":\"Domov\",\"item\":\"https:\/\/www.ntf.uni-lj.si\/omm\/\"},{\"@type\":\"ListItem\",\"position\":2,\"name\":\"O oddelku\",\"item\":\"https:\/\/www.ntf.uni-lj.si\/omm\/o-oddelku\/\"},{\"@type\":\"ListItem\",\"position\":3,\"name\":\"Splo\\u0161ne informacije\",\"item\":\"https:\/\/www.ntf.uni-lj.si\/omm\/o-oddelku\/splosne-informacije\/\"},{\"@type\":\"ListItem\",\"position\":4,\"name\":\"Predstavitev\"}]}]}<\/script>\n<!-- \/ Yoast SEO plugin. -->","yoast_head_json":{"robots":{"index":"index","follow":"follow","max-snippet":"max-snippet:-1","max-image-preview":"max-image-preview:large","max-video-preview":"max-video-preview:-1"},"canonical":"https:\/\/www.ntf.uni-lj.si\/omm\/o-oddelku\/splosne-informacije\/predstavitev\/","og_locale":"en_US","og_type":"article","og_title":"Predstavitev - OMM","og_description":"\u0160tudij materialov \u2013 ve\u010dni znanilec razvoja civilizacij Razvoj civilizacije in njenih obdobij \u017ee od vsega za\u010detka narekujeta uporaba in razvoj materialov, tako za prvinsko uporabo pri pra\u010dloveku kot tudi danes pri osvajanju vesolja. V dana\u0161njem informacijskem obdobju je komunikacija z najbolj odro\u010dnimi deli na na\u0161em planetu mo\u017ena prav zaradi namensko razvitih materialov (npr. za mobilno ... Read more","og_url":"https:\/\/www.ntf.uni-lj.si\/omm\/o-oddelku\/splosne-informacije\/predstavitev\/","og_site_name":"OMM","article_modified_time":"2015-06-02T12:03:00+00:00","twitter_misc":{"Est. reading time":"3 minutes"},"schema":{"@context":"https:\/\/schema.org","@graph":[{"@type":"WebSite","@id":"https:\/\/www.ntf.uni-lj.si\/omm\/#website","url":"https:\/\/www.ntf.uni-lj.si\/omm\/","name":"OMM","description":"Oddelek za materiale in metalurgijo","potentialAction":[{"@type":"SearchAction","target":{"@type":"EntryPoint","urlTemplate":"https:\/\/www.ntf.uni-lj.si\/omm\/?s={search_term_string}"},"query-input":"required name=search_term_string"}],"inLanguage":"en-US"},{"@type":"WebPage","@id":"https:\/\/www.ntf.uni-lj.si\/omm\/o-oddelku\/splosne-informacije\/predstavitev\/#webpage","url":"https:\/\/www.ntf.uni-lj.si\/omm\/o-oddelku\/splosne-informacije\/predstavitev\/","name":"Predstavitev - OMM","isPartOf":{"@id":"https:\/\/www.ntf.uni-lj.si\/omm\/#website"},"datePublished":"2015-05-08T07:10:30+00:00","dateModified":"2015-06-02T12:03:00+00:00","breadcrumb":{"@id":"https:\/\/www.ntf.uni-lj.si\/omm\/o-oddelku\/splosne-informacije\/predstavitev\/#breadcrumb"},"inLanguage":"en-US","potentialAction":[{"@type":"ReadAction","target":["https:\/\/www.ntf.uni-lj.si\/omm\/o-oddelku\/splosne-informacije\/predstavitev\/"]}]},{"@type":"BreadcrumbList","@id":"https:\/\/www.ntf.uni-lj.si\/omm\/o-oddelku\/splosne-informacije\/predstavitev\/#breadcrumb","itemListElement":[{"@type":"ListItem","position":1,"name":"Domov","item":"https:\/\/www.ntf.uni-lj.si\/omm\/"},{"@type":"ListItem","position":2,"name":"O oddelku","item":"https:\/\/www.ntf.uni-lj.si\/omm\/o-oddelku\/"},{"@type":"ListItem","position":3,"name":"Splo\u0161ne informacije","item":"https:\/\/www.ntf.uni-lj.si\/omm\/o-oddelku\/splosne-informacije\/"},{"@type":"ListItem","position":4,"name":"Predstavitev"}]}]}},"_links":{"self":[{"href":"https:\/\/www.ntf.uni-lj.si\/omm\/wp-json\/wp\/v2\/pages\/4061"}],"collection":[{"href":"https:\/\/www.ntf.uni-lj.si\/omm\/wp-json\/wp\/v2\/pages"}],"about":[{"href":"https:\/\/www.ntf.uni-lj.si\/omm\/wp-json\/wp\/v2\/types\/page"}],"author":[{"embeddable":true,"href":"https:\/\/www.ntf.uni-lj.si\/omm\/wp-json\/wp\/v2\/users\/15"}],"replies":[{"embeddable":true,"href":"https:\/\/www.ntf.uni-lj.si\/omm\/wp-json\/wp\/v2\/comments?post=4061"}],"version-history":[{"count":8,"href":"https:\/\/www.ntf.uni-lj.si\/omm\/wp-json\/wp\/v2\/pages\/4061\/revisions"}],"predecessor-version":[{"id":7256,"href":"https:\/\/www.ntf.uni-lj.si\/omm\/wp-json\/wp\/v2\/pages\/4061\/revisions\/7256"}],"up":[{"embeddable":true,"href":"https:\/\/www.ntf.uni-lj.si\/omm\/wp-json\/wp\/v2\/pages\/4055"}],"wp:attachment":[{"href":"https:\/\/www.ntf.uni-lj.si\/omm\/wp-json\/wp\/v2\/media?parent=4061"}],"curies":[{"name":"wp","href":"https:\/\/api.w.org\/{rel}","templated":true}]}}