{"id":4069,"date":"2015-05-08T07:17:44","date_gmt":"2015-05-08T07:17:44","guid":{"rendered":"http:\/\/www.ntf.uni-lj.si\/omm\/?page_id=4069"},"modified":"2019-04-16T15:32:47","modified_gmt":"2019-04-16T13:32:47","slug":"zgodovina","status":"publish","type":"page","link":"https:\/\/www.ntf.uni-lj.si\/omm\/o-oddelku\/splosne-informacije\/zgodovina\/","title":{"rendered":"Zgodovina"},"content":{"rendered":"<h2>Zgodovina metalurgije na ljubljanski univerzi<\/h2>\n<p>\u010ce pogledamo dovolj nazaj v zgodovino slovenskega visoko\u0161olskega \u0161tudija, lahko ugotovimo, da je na jezuitskem kolegiju v Ljubljani, ki je deloval med letoma 1597 in 1773 (ko ga je pape\u017e razpustil), od leta 1705 delovala tudi stolica za fiziko in matematiko. Na tej \u0161oli je pater Gabrijel Gruber leta 1766 ustanovil stolico za mehaniko in na njej tudi pou\u010deval. Kranjski de\u017eelni stanovi so leta 1786 in 1787 na tedanjega avstrijskega cesarja Jo\u017eefa II naslovili pro\u0161njo, naj se v Ljubljani ustanovi \u0161iroko vseu\u010dili\u0161\u010de, kjer bi med drugim pou\u010devali tudi jamomerstvo, mehaniko, kemijo in geologijo. Rudarska in fu\u017einarska stroka tedaj \u0161e nista bili tako razviti, da bi lahko organizirali samostojen visoko\u0161olski pouk teh strok. Pro\u0161nja ni bila usli\u0161ana, \u010deprav je bilo tedaj na slovenskem ozemlju kar precej rudnikov in topilnic, kot so bili Idrija, Javornik, Sava, Radovna, Bohinjska Bistrica, Kropa, Kamna Gorica, \u017delezniki, Dvor, Hubelj in drugi. Prvi visoko\u0161olski tehni\u0161ki pouk se je na slovenskem ozemlju za\u010del v Napoleonovi Iliriji, ko so leta 1810 ustanovili \u00c9coles centrales, na kateri so prirodoslovne in in\u017eenirske predmete pou\u010devali tuji in tudi nekateri doma\u010di u\u010ditelji. Iz te \u0161ole so iz\u0161li prvi doma\u010di in\u017eenirji. \u0160ola ni dolgo delovala, saj je bila s propadom Ilirije leta 1813 ukinjena.<\/p>\n<p>Avstro-ogrska monarhija ni imela posluha za ustanovitev slovenske univerze, \u010deprav si je slovenski narod ves \u010das \u017eelel lastno univerzo. V zadnjem obdobju monarhije so slovenski voditelji za\u010deli priprave za ustanovitev slovenske univerze. Na raznih univerzah (Dunaj, Praga) so na\u010drtno \u0161olali nadarjene slovenske \u0161tudente in diplomante, dogovarjali pa so se tudi s tedaj \u017ee uveljavljenimi profesorji slovenskega rodu, ki so pou\u010devali na razli\u010dnih evropskih univerzah. Tako so \u017eeleli zagotoviti pedago\u0161ki kader za pouk na prihodnji ljubljanski univerzi. Univerza v Ljubljani je bila ustanovljena l. 1919 z dekretom tedanjega regenta Aleksandra Kara\u0111or\u0111evi\u0107a, in sicer kot Univerza kraljestva Srbov, Hrvatov in Slovencev, s popolnimi pravno, filozofsko, tehni\u0161ko in teolo\u0161ko fakulteto ter nepopolno, dvoletno medicinsko fakulteto.<\/p>\n<p>Tehni\u0161ka fakulteta je imela tudi oddelek za rudarstvo in plav\u017earstvo (fu\u017einarstvo), prvi profesorji metalurgije na tem oddelku pa so bili tujci \u2013 \u010ceha prof. Anton Danihelka in kasneje prof. Josip Humel, za njima pa Rus prof. Ignacij Majdel. Enciklopedi\u010dne metalur\u0161ke predmete so na oddelku za kemijo pou\u010devali profesorji Maks Samec, Anton Danihelka in Ignacij Majdel. Prvi stalno zaposleni metalurg na Tehni\u0161ki fakulteti je v \u0161olskem letu 1934\/35 postal doc. dr. Matija \u017dumer, ki je rudarjem predaval enciklopedijo fu\u017einarstva in metalurgijo. Redni pouk metalurgije na Odseku za metalurgijo se je za\u010del v \u0161olskem letu 1940\/41, ko so za\u010deli predavati doc. dr. Viktor Kersni\u010d, prof. dr. Janko Kav\u010di\u010d ter doc. Ciril Rekar in dr. Herman Klinar. Odsek za metalurgijo je imel zavode za metalografijo, \u017eelezarstvo, kovinarstvo, toplotno tehniko in metalur\u0161ke pe\u010di ter za fu\u017einarsko strojeslovje. Po za\u010detku druge svetovne vojne so se iz metalur\u0161kih fakultet v Pfibramu in Leobnu vrnili slovenski \u0161tudenti vi\u0161jih letnikov metalurgije, ki so tam \u0161tudirali. Tehni\u0161ka fakulteta je tem \u0161tudentom omogo\u010dila dokon\u010danje \u0161tudija metalurgije v Ljubljani in tako sta \u017ee leta 1941 diplomirala prva in\u017eenirja metalurgije, Ernest Mo\u010dnik in Fran\u010di\u0161ek Emmer, leta 1942 in 1943 pa so diplomirali \u0161e Milo\u0161 Bu\u010dar, Anton Mauer, Fran\u010di\u0161ek Novak in Vojmir Bratina. Prva diplomanta po 2. svetovni vojni sta bila leta 1945 Klemen Stegen\u0161ek in Petar Stankovi\u010d. V prvih dveh povojnih letih je metalur\u0161ki odsek dobil prvi redni pedago\u0161ki kader in do leta 1950 so bila zasedena vsa odobrena u\u010dna mesta; tako se je lahko za\u010delo popolno pedago\u0161ko delo. Kot sestavni del \u0161ole je bil leta 1947 ustanovljen Metalur\u0161ki in\u0161titut, ki pa se je kmalu osamosvojil in priklju\u010dil jugoslovanski \u017eelezarski industriji kot njena raziskovalna ustanova. Med obema ustanovama so obstajale trdne u\u010dne in raziskovalne vezi ter medsebojno raziskovalno sodelovanje z uporabo vseh raziskovalnih kapacitet, tudi za opravljanje prakti\u010dnih in laboratorijskih vaj, izdelavo diplomskih in kasneje tudi magistrskih in doktorskih del.<\/p>\n<p>Dolga leta je bila metalur\u0161ka \u0161ola v Ljubljani edina v Jugoslaviji, kar ka\u017ee tudi tedanja narodnostna sestava \u0161tudentov, ki so \u0161tudirali na \u0161oli. Slovencev je bilo pribli\u017eno 58 %, drugi pa so bili iz vseh jugoslovanskih republik (10 % iz Hrva\u0161ke, 20 % iz Srbije, 8 % iz Bosne in 4 % in Makedonije). Z znano reformo visokega \u0161olstva in prehodom na stopenjski \u0161tudij se je v \u0161olskem letu 1963\/64 za\u010del \u0161tudij 3. stopnje (magistrski \u0161tudij), ki je imel tri usmeritve: tehnolo\u0161ko-preiskovalno, proizvodno-ekstraktivno in strojno-predelovalno. Sredi leta 1967 je diplomiral petstoti diplomirani in\u017eenir metalurgije in istega leta tudi prva dva in\u017eenirja tedanje 1. stopnje. Tiso\u010di diplomant metalurgije je kon\u010dal \u0161tudij in diplomiral l. 1994.<\/p>\n<p>Zaradi vse ve\u010djih potreb po visoko izobra\u017eenem kadru je \u0161ola organizirala tudi \u0161tudij ob delu, najprej 1. stopnje po metalur\u0161kih centrih v Sloveniji (Jesenice, Ravne, Maribor, \u0160tore), kasneje pa tudi 2. stopnje v Ljubljani. S tem so strokovnjaki iz prakse dobili mo\u017enost izbolj\u0161anja strokovne izobrazbe in jo tudi v precej\u0161ni meri izkoristili.<\/p>\n<p>Do nove spremembe \u0161tudijskega re\u017eima je na ljubljanski metalurgiji pri\u0161lo v \u0161olskem letu 1991\/92, ko je bila uvedena usmeritev Metalurgija, v \u0161olskem letu 1992\/93 pa \u0161e usmeritev Materiali. Prvi diplomanti smeri Materiali so \u0161tudij kon\u010dali leta 1998, diplomanti Metalur\u0161ke tehnologije pa leta 2000. V \u0161olskem letu 1996\/97 sta se za\u010dela izvajati visoko\u0161olski strokovni program Metalur\u0161ka tehnologija ter interdisciplinarni podiplomski \u0161tudij Materiali. Do ponovne spremembe na\u010dina \u0161tudija je pri\u0161lo z uvedbo bolonjske reforme v leta 2009\/2010, ko sta bila uvedena prvostopenjski visoko\u0161olski strokovni \u0161tudijski program Metalur\u0161ka tehnologija (3 leta) ter prvostopenjski univerzitetni \u0161tudijski program In\u017eenirstvo materialov (3 leta); oboje nadgrajujeta podiplomski \u0161tudij druge bolonjske stopnje Metalurgija in materiali in \u0161tudij tretje bolonjske stopnje Znanost in in\u017eenirstvo materialov (slednji nadome\u0161\u010da prej\u0161nji doktorski \u0161tudij).<\/p>\n","protected":false},"excerpt":{"rendered":"Zgodovina metalurgije na ljubljanski univerzi \u010ce pogledamo dovolj nazaj v zgodovino slovenskega visoko\u0161olskega \u0161tudija, lahko ugotovimo, da je na jezuitskem kolegiju v Ljubljani, ki je deloval med letoma 1597 in 1773 (ko ga je pape\u017e razpustil), od leta 1705 delovala tudi stolica za fiziko in matematiko. Na tej \u0161oli je pater Gabrijel Gruber leta 1766 &#8230; <a class=\"view-article\" href=\"https:\/\/www.ntf.uni-lj.si\/omm\/o-oddelku\/splosne-informacije\/zgodovina\/\">Read more<\/a>","protected":false},"author":15,"featured_media":0,"parent":4055,"menu_order":20,"comment_status":"closed","ping_status":"closed","template":"","meta":[],"acf":[],"yoast_head":"<!-- This site is optimized with the Yoast SEO plugin v17.0 - https:\/\/yoast.com\/wordpress\/plugins\/seo\/ -->\n<meta name=\"robots\" content=\"index, follow, max-snippet:-1, max-image-preview:large, max-video-preview:-1\" \/>\n<link rel=\"canonical\" href=\"https:\/\/www.ntf.uni-lj.si\/omm\/o-oddelku\/splosne-informacije\/zgodovina\/\" \/>\n<meta property=\"og:locale\" content=\"en_US\" \/>\n<meta property=\"og:type\" content=\"article\" \/>\n<meta property=\"og:title\" content=\"Zgodovina - OMM\" \/>\n<meta property=\"og:description\" content=\"Zgodovina metalurgije na ljubljanski univerzi \u010ce pogledamo dovolj nazaj v zgodovino slovenskega visoko\u0161olskega \u0161tudija, lahko ugotovimo, da je na jezuitskem kolegiju v Ljubljani, ki je deloval med letoma 1597 in 1773 (ko ga je pape\u017e razpustil), od leta 1705 delovala tudi stolica za fiziko in matematiko. Na tej \u0161oli je pater Gabrijel Gruber leta 1766 ... Read more\" \/>\n<meta property=\"og:url\" content=\"https:\/\/www.ntf.uni-lj.si\/omm\/o-oddelku\/splosne-informacije\/zgodovina\/\" \/>\n<meta property=\"og:site_name\" content=\"OMM\" \/>\n<meta property=\"article:modified_time\" content=\"2019-04-16T13:32:47+00:00\" \/>\n<meta name=\"twitter:label1\" content=\"Est. reading time\" \/>\n\t<meta name=\"twitter:data1\" content=\"5 minutes\" \/>\n<script type=\"application\/ld+json\" class=\"yoast-schema-graph\">{\"@context\":\"https:\/\/schema.org\",\"@graph\":[{\"@type\":\"WebSite\",\"@id\":\"https:\/\/www.ntf.uni-lj.si\/omm\/#website\",\"url\":\"https:\/\/www.ntf.uni-lj.si\/omm\/\",\"name\":\"OMM\",\"description\":\"Oddelek za materiale in metalurgijo\",\"potentialAction\":[{\"@type\":\"SearchAction\",\"target\":{\"@type\":\"EntryPoint\",\"urlTemplate\":\"https:\/\/www.ntf.uni-lj.si\/omm\/?s={search_term_string}\"},\"query-input\":\"required name=search_term_string\"}],\"inLanguage\":\"en-US\"},{\"@type\":\"WebPage\",\"@id\":\"https:\/\/www.ntf.uni-lj.si\/omm\/o-oddelku\/splosne-informacije\/zgodovina\/#webpage\",\"url\":\"https:\/\/www.ntf.uni-lj.si\/omm\/o-oddelku\/splosne-informacije\/zgodovina\/\",\"name\":\"Zgodovina - OMM\",\"isPartOf\":{\"@id\":\"https:\/\/www.ntf.uni-lj.si\/omm\/#website\"},\"datePublished\":\"2015-05-08T07:17:44+00:00\",\"dateModified\":\"2019-04-16T13:32:47+00:00\",\"breadcrumb\":{\"@id\":\"https:\/\/www.ntf.uni-lj.si\/omm\/o-oddelku\/splosne-informacije\/zgodovina\/#breadcrumb\"},\"inLanguage\":\"en-US\",\"potentialAction\":[{\"@type\":\"ReadAction\",\"target\":[\"https:\/\/www.ntf.uni-lj.si\/omm\/o-oddelku\/splosne-informacije\/zgodovina\/\"]}]},{\"@type\":\"BreadcrumbList\",\"@id\":\"https:\/\/www.ntf.uni-lj.si\/omm\/o-oddelku\/splosne-informacije\/zgodovina\/#breadcrumb\",\"itemListElement\":[{\"@type\":\"ListItem\",\"position\":1,\"name\":\"Domov\",\"item\":\"https:\/\/www.ntf.uni-lj.si\/omm\/\"},{\"@type\":\"ListItem\",\"position\":2,\"name\":\"O oddelku\",\"item\":\"https:\/\/www.ntf.uni-lj.si\/omm\/o-oddelku\/\"},{\"@type\":\"ListItem\",\"position\":3,\"name\":\"Splo\\u0161ne informacije\",\"item\":\"https:\/\/www.ntf.uni-lj.si\/omm\/o-oddelku\/splosne-informacije\/\"},{\"@type\":\"ListItem\",\"position\":4,\"name\":\"Zgodovina\"}]}]}<\/script>\n<!-- \/ Yoast SEO plugin. -->","yoast_head_json":{"robots":{"index":"index","follow":"follow","max-snippet":"max-snippet:-1","max-image-preview":"max-image-preview:large","max-video-preview":"max-video-preview:-1"},"canonical":"https:\/\/www.ntf.uni-lj.si\/omm\/o-oddelku\/splosne-informacije\/zgodovina\/","og_locale":"en_US","og_type":"article","og_title":"Zgodovina - OMM","og_description":"Zgodovina metalurgije na ljubljanski univerzi \u010ce pogledamo dovolj nazaj v zgodovino slovenskega visoko\u0161olskega \u0161tudija, lahko ugotovimo, da je na jezuitskem kolegiju v Ljubljani, ki je deloval med letoma 1597 in 1773 (ko ga je pape\u017e razpustil), od leta 1705 delovala tudi stolica za fiziko in matematiko. Na tej \u0161oli je pater Gabrijel Gruber leta 1766 ... Read more","og_url":"https:\/\/www.ntf.uni-lj.si\/omm\/o-oddelku\/splosne-informacije\/zgodovina\/","og_site_name":"OMM","article_modified_time":"2019-04-16T13:32:47+00:00","twitter_misc":{"Est. reading time":"5 minutes"},"schema":{"@context":"https:\/\/schema.org","@graph":[{"@type":"WebSite","@id":"https:\/\/www.ntf.uni-lj.si\/omm\/#website","url":"https:\/\/www.ntf.uni-lj.si\/omm\/","name":"OMM","description":"Oddelek za materiale in metalurgijo","potentialAction":[{"@type":"SearchAction","target":{"@type":"EntryPoint","urlTemplate":"https:\/\/www.ntf.uni-lj.si\/omm\/?s={search_term_string}"},"query-input":"required name=search_term_string"}],"inLanguage":"en-US"},{"@type":"WebPage","@id":"https:\/\/www.ntf.uni-lj.si\/omm\/o-oddelku\/splosne-informacije\/zgodovina\/#webpage","url":"https:\/\/www.ntf.uni-lj.si\/omm\/o-oddelku\/splosne-informacije\/zgodovina\/","name":"Zgodovina - OMM","isPartOf":{"@id":"https:\/\/www.ntf.uni-lj.si\/omm\/#website"},"datePublished":"2015-05-08T07:17:44+00:00","dateModified":"2019-04-16T13:32:47+00:00","breadcrumb":{"@id":"https:\/\/www.ntf.uni-lj.si\/omm\/o-oddelku\/splosne-informacije\/zgodovina\/#breadcrumb"},"inLanguage":"en-US","potentialAction":[{"@type":"ReadAction","target":["https:\/\/www.ntf.uni-lj.si\/omm\/o-oddelku\/splosne-informacije\/zgodovina\/"]}]},{"@type":"BreadcrumbList","@id":"https:\/\/www.ntf.uni-lj.si\/omm\/o-oddelku\/splosne-informacije\/zgodovina\/#breadcrumb","itemListElement":[{"@type":"ListItem","position":1,"name":"Domov","item":"https:\/\/www.ntf.uni-lj.si\/omm\/"},{"@type":"ListItem","position":2,"name":"O oddelku","item":"https:\/\/www.ntf.uni-lj.si\/omm\/o-oddelku\/"},{"@type":"ListItem","position":3,"name":"Splo\u0161ne informacije","item":"https:\/\/www.ntf.uni-lj.si\/omm\/o-oddelku\/splosne-informacije\/"},{"@type":"ListItem","position":4,"name":"Zgodovina"}]}]}},"_links":{"self":[{"href":"https:\/\/www.ntf.uni-lj.si\/omm\/wp-json\/wp\/v2\/pages\/4069"}],"collection":[{"href":"https:\/\/www.ntf.uni-lj.si\/omm\/wp-json\/wp\/v2\/pages"}],"about":[{"href":"https:\/\/www.ntf.uni-lj.si\/omm\/wp-json\/wp\/v2\/types\/page"}],"author":[{"embeddable":true,"href":"https:\/\/www.ntf.uni-lj.si\/omm\/wp-json\/wp\/v2\/users\/15"}],"replies":[{"embeddable":true,"href":"https:\/\/www.ntf.uni-lj.si\/omm\/wp-json\/wp\/v2\/comments?post=4069"}],"version-history":[{"count":6,"href":"https:\/\/www.ntf.uni-lj.si\/omm\/wp-json\/wp\/v2\/pages\/4069\/revisions"}],"predecessor-version":[{"id":9125,"href":"https:\/\/www.ntf.uni-lj.si\/omm\/wp-json\/wp\/v2\/pages\/4069\/revisions\/9125"}],"up":[{"embeddable":true,"href":"https:\/\/www.ntf.uni-lj.si\/omm\/wp-json\/wp\/v2\/pages\/4055"}],"wp:attachment":[{"href":"https:\/\/www.ntf.uni-lj.si\/omm\/wp-json\/wp\/v2\/media?parent=4069"}],"curies":[{"name":"wp","href":"https:\/\/api.w.org\/{rel}","templated":true}]}}