{"id":4089,"date":"2015-05-08T07:30:47","date_gmt":"2015-05-08T07:30:47","guid":{"rendered":"http:\/\/www.ntf.uni-lj.si\/omm\/?page_id=4089"},"modified":"2026-03-10T11:10:00","modified_gmt":"2026-03-10T10:10:00","slug":"kim","status":"publish","type":"page","link":"https:\/\/www.ntf.uni-lj.si\/omm\/o-oddelku\/katedre\/kim\/","title":{"rendered":"Katedra za in\u017eenirske materiale"},"content":{"rendered":"<h2><strong>Katedra za in\u017eenirske materiale<\/strong><\/h2>\n<p><strong>PREDSTOJNIK KATEDRE<\/strong><br \/>\nprof. dr. Ale\u0161 Nagode<br \/>\nTel: 01 2000 433 in 01 2000 445<br \/>\nE-po\u0161ta: ales.nagode@ntf.uni-lj.si<\/p>\n<p><strong>\u010cLANI KATEDRE<\/strong><br \/>\ndoc. dr. Matija Zorc<br \/>\nTel: 01 2000 430<br \/>\nE-po\u0161ta: matija.zorc@ntf.uni-lj.si<\/p>\n<p>asist. dr. Jo\u017ee Arbeiter<br \/>\nTel: 01 2000 432<br \/>\nE-po\u0161ta: joze.arbeiter@ntf.uni-lj.si<\/p>\n<p>teh. sod. Ajda Tr\u0161ar, mag. in\u017e. metal. in mater.<br \/>\nTel: 01 2000 445<br \/>\nE-po\u0161ta: ajda.trsar@ntf.uni-lj.si<\/p>\n<p>doc. dr. Borut Zorc<br \/>\nTel: 041 261 229<br \/>\nE-po\u0161ta: borut.zorc@i-var.si<\/p>\n<p>prof. dr. Milan Bizjak (upokojen)<br \/>\nTel: 040 864 880<\/p>\n<p>KIM opravlja pedago\u0161ko dejavnost na univerzitetnem dodiplomskem \u0161tudiju Materiali in metalurgija, na visoko\u0161olskem strokovnem \u0161tudiju Metalur\u0161ke tehnologije, na podiplomskem \u0161tudiju Metalurgija in interdisciplinarnem podiplomskem \u0161tudiju Materiali. Povabijo nas tudi na druge fakultete UL in UM, kjer sodelujemo pri podiplomskem \u0161tudiju, predvsem kot \u010dlani komisij.<\/p>\n<p>\u010clani na\u0161e katedre na vseh \u0161tudijskih smereh skrbimo za predmete, povezane s preiskavo materialov, fizikalno metalurgijo kovinskih materialov, metalurgijo prahov, kompozitov, spajanjem materialov ter in\u017eenirskimi materiali. Na podiplomskem \u0161tudiju pa \u0161e za vsebine, povezane z naukom o kovinah, sintezo materialov in mehansko metalurgijo.<\/p>\n<p>Osnovna raziskovalna dejavnost so raziskave visokotemperaturnih reakcij med kovinami in atmosfero, mikromehanika materialov, hitro strjevanje kovinskih talin, fazne transformacije in termomehanska obdelava.<br \/>\n\u010clani KIM razvojnoraziskovalno sodelujejo s podjetji metalur\u0161ke, kovinskopredelovalne, strojne in elektroindustrije, in sicer na podro\u010dju selekcije in izbire materialov, proizvodnih tehnologij, toplotne in termomehanske obdelave, spajanja, metalurgije prahov, analize po\u0161kodb in razvoja novih materialov.<\/p>\n<p>KIM je razvila laboratorij za elektronsko mikroanalizo, ki obsega SEM, JEOL 5610 z EDS in elektronski mikroanalizator JEOL SUPERPROBE 733 z dvema spektrometroma WDS, laboratorij za termi\u010dno analizo, laboratorij za mehanske preiskave, laboratorij za toplotno obdelavo in laboratorij za sintezo materialov z lastno napravo za hitro strjevanje kovin in napravo za napr\u0161evanje.<\/p>\n<p>&nbsp;<\/p>\n<p><strong>OPREMA<\/strong><\/p>\n<ul>\n<li><strong><span class=\"text\">Vrsti\u010dni elektronski mikroskop na poljsko emisijo FEG-SEM ThermoFisher Scientific Quattro S<\/span><\/strong><\/li>\n<\/ul>\n<style type=\"text\/css\">\n\t\t\t#gallery-1 {\n\t\t\t\tmargin: auto;\n\t\t\t}\n\t\t\t#gallery-1 .gallery-item {\n\t\t\t\tfloat: left;\n\t\t\t\tmargin-top: 10px;\n\t\t\t\ttext-align: center;\n\t\t\t\twidth: 33%;\n\t\t\t}\n\t\t\t#gallery-1 img {\n\t\t\t\tborder: 2px solid #cfcfcf;\n\t\t\t}\n\t\t\t#gallery-1 .gallery-caption {\n\t\t\t\tmargin-left: 0;\n\t\t\t}\n\t\t\t\/* see gallery_shortcode() in wp-includes\/media.php *\/\n\t\t<\/style>\n<div id='gallery-1' class='gallery galleryid-4089 gallery-columns-3 gallery-size-thumbnail'>\n<dl class='gallery-item'>\n<dt class='gallery-icon portrait'>\n\t\t\t\t<a href='https:\/\/www.ntf.uni-lj.si\/omm\/wp-content\/uploads\/sites\/5\/2025\/11\/FEG-SEM-e1762255547283.jpg'><img width=\"150\" height=\"150\" src=\"https:\/\/www.ntf.uni-lj.si\/omm\/wp-content\/uploads\/sites\/5\/2025\/11\/FEG-SEM-e1563263345274-150x150.jpg\" class=\"attachment-thumbnail size-thumbnail\" alt=\"\" loading=\"lazy\" srcset=\"https:\/\/www.ntf.uni-lj.si\/omm\/wp-content\/uploads\/sites\/5\/2025\/11\/FEG-SEM-e1563263345274-150x150.jpg 150w, https:\/\/www.ntf.uni-lj.si\/omm\/wp-content\/uploads\/sites\/5\/2025\/11\/FEG-SEM-e1563263345274-600x600.jpg 600w\" sizes=\"(max-width: 150px) 100vw, 150px\" \/><\/a>\n\t\t\t<\/dt>\n<\/dl>\n<dl class='gallery-item'>\n<dt class='gallery-icon portrait'>\n\t\t\t\t<a href='https:\/\/www.ntf.uni-lj.si\/omm\/wp-content\/uploads\/sites\/5\/2025\/11\/omm_slike-18.jpg'><img width=\"150\" height=\"150\" src=\"https:\/\/www.ntf.uni-lj.si\/omm\/wp-content\/uploads\/sites\/5\/2025\/11\/omm_slike-18-150x150.jpg\" class=\"attachment-thumbnail size-thumbnail\" alt=\"\" loading=\"lazy\" \/><\/a>\n\t\t\t<\/dt>\n<\/dl>\n<dl class='gallery-item'>\n<dt class='gallery-icon landscape'>\n\t\t\t\t<a href='https:\/\/www.ntf.uni-lj.si\/omm\/wp-content\/uploads\/sites\/5\/2025\/11\/omm_slike-23-1.jpg'><img width=\"150\" height=\"150\" src=\"https:\/\/www.ntf.uni-lj.si\/omm\/wp-content\/uploads\/sites\/5\/2025\/11\/omm_slike-23-1-150x150.jpg\" class=\"attachment-thumbnail size-thumbnail\" alt=\"\" loading=\"lazy\" \/><\/a>\n\t\t\t<\/dt>\n<\/dl>\n<p><br style=\"clear: both\" \/>\n\t\t<\/div>\n<ul>\n<li><strong><span class=\"text\">3D digitalni mikroskop Olympus DSX1000<\/span><\/strong><\/li>\n<\/ul>\n<style type=\"text\/css\">\n\t\t\t#gallery-2 {\n\t\t\t\tmargin: auto;\n\t\t\t}\n\t\t\t#gallery-2 .gallery-item {\n\t\t\t\tfloat: left;\n\t\t\t\tmargin-top: 10px;\n\t\t\t\ttext-align: center;\n\t\t\t\twidth: 33%;\n\t\t\t}\n\t\t\t#gallery-2 img {\n\t\t\t\tborder: 2px solid #cfcfcf;\n\t\t\t}\n\t\t\t#gallery-2 .gallery-caption {\n\t\t\t\tmargin-left: 0;\n\t\t\t}\n\t\t\t\/* see gallery_shortcode() in wp-includes\/media.php *\/\n\t\t<\/style>\n<div id='gallery-2' class='gallery galleryid-4089 gallery-columns-3 gallery-size-thumbnail'>\n<dl class='gallery-item'>\n<dt class='gallery-icon portrait'>\n\t\t\t\t<a href='https:\/\/www.ntf.uni-lj.si\/omm\/wp-content\/uploads\/sites\/5\/2025\/11\/omm_slike-24.jpg'><img width=\"150\" height=\"150\" src=\"https:\/\/www.ntf.uni-lj.si\/omm\/wp-content\/uploads\/sites\/5\/2025\/11\/omm_slike-24-150x150.jpg\" class=\"attachment-thumbnail size-thumbnail\" alt=\"\" loading=\"lazy\" \/><\/a>\n\t\t\t<\/dt>\n<\/dl>\n<dl class='gallery-item'>\n<dt class='gallery-icon portrait'>\n\t\t\t\t<a href='https:\/\/www.ntf.uni-lj.si\/omm\/wp-content\/uploads\/sites\/5\/2025\/11\/omm_slike-29.jpg'><img width=\"150\" height=\"150\" src=\"https:\/\/www.ntf.uni-lj.si\/omm\/wp-content\/uploads\/sites\/5\/2025\/11\/omm_slike-29-150x150.jpg\" class=\"attachment-thumbnail size-thumbnail\" alt=\"\" loading=\"lazy\" \/><\/a>\n\t\t\t<\/dt>\n<\/dl>\n<dl class='gallery-item'>\n<dt class='gallery-icon landscape'>\n\t\t\t\t<a href='https:\/\/www.ntf.uni-lj.si\/omm\/wp-content\/uploads\/sites\/5\/2025\/11\/omm_slike-31.jpg'><img width=\"150\" height=\"150\" src=\"https:\/\/www.ntf.uni-lj.si\/omm\/wp-content\/uploads\/sites\/5\/2025\/11\/omm_slike-31-150x150.jpg\" class=\"attachment-thumbnail size-thumbnail\" alt=\"\" loading=\"lazy\" \/><\/a>\n\t\t\t<\/dt>\n<\/dl>\n<p><br style=\"clear: both\" \/>\n\t\t<\/div>\n<p>&nbsp;<\/p>\n<ul>\n<li><strong>Ostala raziskovalna oprema<\/strong><\/li>\n<\/ul>\n","protected":false},"excerpt":{"rendered":"Katedra za in\u017eenirske materiale PREDSTOJNIK KATEDRE prof. dr. Ale\u0161 Nagode Tel: 01 2000 433 in 01 2000 445 E-po\u0161ta: ales.nagode@ntf.uni-lj.si \u010cLANI KATEDRE doc. dr. Matija Zorc Tel: 01 2000 430 E-po\u0161ta: matija.zorc@ntf.uni-lj.si asist. dr. Jo\u017ee Arbeiter Tel: 01 2000 432 E-po\u0161ta: joze.arbeiter@ntf.uni-lj.si teh. sod. Ajda Tr\u0161ar, mag. in\u017e. metal. in mater. Tel: 01 2000 445 &#8230; <a class=\"view-article\" href=\"https:\/\/www.ntf.uni-lj.si\/omm\/o-oddelku\/katedre\/kim\/\">Read more<\/a>","protected":false},"author":15,"featured_media":0,"parent":4081,"menu_order":10,"comment_status":"closed","ping_status":"closed","template":"","meta":[],"acf":[],"yoast_head":"<!-- This site is optimized with the Yoast SEO plugin v17.0 - https:\/\/yoast.com\/wordpress\/plugins\/seo\/ -->\n<meta name=\"robots\" content=\"index, follow, max-snippet:-1, max-image-preview:large, max-video-preview:-1\" \/>\n<link rel=\"canonical\" href=\"https:\/\/www.ntf.uni-lj.si\/omm\/o-oddelku\/katedre\/kim\/\" \/>\n<meta property=\"og:locale\" content=\"en_US\" \/>\n<meta property=\"og:type\" content=\"article\" \/>\n<meta property=\"og:title\" content=\"Katedra za in\u017eenirske materiale - OMM\" \/>\n<meta property=\"og:description\" content=\"Katedra za in\u017eenirske materiale PREDSTOJNIK KATEDRE prof. dr. Ale\u0161 Nagode Tel: 01 2000 433 in 01 2000 445 E-po\u0161ta: ales.nagode@ntf.uni-lj.si \u010cLANI KATEDRE doc. dr. Matija Zorc Tel: 01 2000 430 E-po\u0161ta: matija.zorc@ntf.uni-lj.si asist. dr. Jo\u017ee Arbeiter Tel: 01 2000 432 E-po\u0161ta: joze.arbeiter@ntf.uni-lj.si teh. sod. Ajda Tr\u0161ar, mag. in\u017e. metal. in mater. Tel: 01 2000 445 ... Read more\" \/>\n<meta property=\"og:url\" content=\"https:\/\/www.ntf.uni-lj.si\/omm\/o-oddelku\/katedre\/kim\/\" \/>\n<meta property=\"og:site_name\" content=\"OMM\" \/>\n<meta property=\"article:modified_time\" content=\"2026-03-10T10:10:00+00:00\" \/>\n<meta name=\"twitter:label1\" content=\"Est. reading time\" \/>\n\t<meta name=\"twitter:data1\" content=\"2 minutes\" \/>\n<script type=\"application\/ld+json\" class=\"yoast-schema-graph\">{\"@context\":\"https:\/\/schema.org\",\"@graph\":[{\"@type\":\"WebSite\",\"@id\":\"https:\/\/www.ntf.uni-lj.si\/omm\/#website\",\"url\":\"https:\/\/www.ntf.uni-lj.si\/omm\/\",\"name\":\"OMM\",\"description\":\"Oddelek za materiale in metalurgijo\",\"potentialAction\":[{\"@type\":\"SearchAction\",\"target\":{\"@type\":\"EntryPoint\",\"urlTemplate\":\"https:\/\/www.ntf.uni-lj.si\/omm\/?s={search_term_string}\"},\"query-input\":\"required name=search_term_string\"}],\"inLanguage\":\"en-US\"},{\"@type\":\"WebPage\",\"@id\":\"https:\/\/www.ntf.uni-lj.si\/omm\/o-oddelku\/katedre\/kim\/#webpage\",\"url\":\"https:\/\/www.ntf.uni-lj.si\/omm\/o-oddelku\/katedre\/kim\/\",\"name\":\"Katedra za in\\u017eenirske materiale - OMM\",\"isPartOf\":{\"@id\":\"https:\/\/www.ntf.uni-lj.si\/omm\/#website\"},\"datePublished\":\"2015-05-08T07:30:47+00:00\",\"dateModified\":\"2026-03-10T10:10:00+00:00\",\"breadcrumb\":{\"@id\":\"https:\/\/www.ntf.uni-lj.si\/omm\/o-oddelku\/katedre\/kim\/#breadcrumb\"},\"inLanguage\":\"en-US\",\"potentialAction\":[{\"@type\":\"ReadAction\",\"target\":[\"https:\/\/www.ntf.uni-lj.si\/omm\/o-oddelku\/katedre\/kim\/\"]}]},{\"@type\":\"BreadcrumbList\",\"@id\":\"https:\/\/www.ntf.uni-lj.si\/omm\/o-oddelku\/katedre\/kim\/#breadcrumb\",\"itemListElement\":[{\"@type\":\"ListItem\",\"position\":1,\"name\":\"Domov\",\"item\":\"https:\/\/www.ntf.uni-lj.si\/omm\/\"},{\"@type\":\"ListItem\",\"position\":2,\"name\":\"O oddelku\",\"item\":\"https:\/\/www.ntf.uni-lj.si\/omm\/o-oddelku\/\"},{\"@type\":\"ListItem\",\"position\":3,\"name\":\"Katedre\",\"item\":\"https:\/\/www.ntf.uni-lj.si\/omm\/o-oddelku\/katedre\/\"},{\"@type\":\"ListItem\",\"position\":4,\"name\":\"Katedra za in\\u017eenirske materiale\"}]}]}<\/script>\n<!-- \/ Yoast SEO plugin. -->","yoast_head_json":{"robots":{"index":"index","follow":"follow","max-snippet":"max-snippet:-1","max-image-preview":"max-image-preview:large","max-video-preview":"max-video-preview:-1"},"canonical":"https:\/\/www.ntf.uni-lj.si\/omm\/o-oddelku\/katedre\/kim\/","og_locale":"en_US","og_type":"article","og_title":"Katedra za in\u017eenirske materiale - OMM","og_description":"Katedra za in\u017eenirske materiale PREDSTOJNIK KATEDRE prof. dr. Ale\u0161 Nagode Tel: 01 2000 433 in 01 2000 445 E-po\u0161ta: ales.nagode@ntf.uni-lj.si \u010cLANI KATEDRE doc. dr. Matija Zorc Tel: 01 2000 430 E-po\u0161ta: matija.zorc@ntf.uni-lj.si asist. dr. Jo\u017ee Arbeiter Tel: 01 2000 432 E-po\u0161ta: joze.arbeiter@ntf.uni-lj.si teh. sod. Ajda Tr\u0161ar, mag. in\u017e. metal. in mater. Tel: 01 2000 445 ... Read more","og_url":"https:\/\/www.ntf.uni-lj.si\/omm\/o-oddelku\/katedre\/kim\/","og_site_name":"OMM","article_modified_time":"2026-03-10T10:10:00+00:00","twitter_misc":{"Est. reading time":"2 minutes"},"schema":{"@context":"https:\/\/schema.org","@graph":[{"@type":"WebSite","@id":"https:\/\/www.ntf.uni-lj.si\/omm\/#website","url":"https:\/\/www.ntf.uni-lj.si\/omm\/","name":"OMM","description":"Oddelek za materiale in metalurgijo","potentialAction":[{"@type":"SearchAction","target":{"@type":"EntryPoint","urlTemplate":"https:\/\/www.ntf.uni-lj.si\/omm\/?s={search_term_string}"},"query-input":"required name=search_term_string"}],"inLanguage":"en-US"},{"@type":"WebPage","@id":"https:\/\/www.ntf.uni-lj.si\/omm\/o-oddelku\/katedre\/kim\/#webpage","url":"https:\/\/www.ntf.uni-lj.si\/omm\/o-oddelku\/katedre\/kim\/","name":"Katedra za in\u017eenirske materiale - OMM","isPartOf":{"@id":"https:\/\/www.ntf.uni-lj.si\/omm\/#website"},"datePublished":"2015-05-08T07:30:47+00:00","dateModified":"2026-03-10T10:10:00+00:00","breadcrumb":{"@id":"https:\/\/www.ntf.uni-lj.si\/omm\/o-oddelku\/katedre\/kim\/#breadcrumb"},"inLanguage":"en-US","potentialAction":[{"@type":"ReadAction","target":["https:\/\/www.ntf.uni-lj.si\/omm\/o-oddelku\/katedre\/kim\/"]}]},{"@type":"BreadcrumbList","@id":"https:\/\/www.ntf.uni-lj.si\/omm\/o-oddelku\/katedre\/kim\/#breadcrumb","itemListElement":[{"@type":"ListItem","position":1,"name":"Domov","item":"https:\/\/www.ntf.uni-lj.si\/omm\/"},{"@type":"ListItem","position":2,"name":"O oddelku","item":"https:\/\/www.ntf.uni-lj.si\/omm\/o-oddelku\/"},{"@type":"ListItem","position":3,"name":"Katedre","item":"https:\/\/www.ntf.uni-lj.si\/omm\/o-oddelku\/katedre\/"},{"@type":"ListItem","position":4,"name":"Katedra za in\u017eenirske materiale"}]}]}},"_links":{"self":[{"href":"https:\/\/www.ntf.uni-lj.si\/omm\/wp-json\/wp\/v2\/pages\/4089"}],"collection":[{"href":"https:\/\/www.ntf.uni-lj.si\/omm\/wp-json\/wp\/v2\/pages"}],"about":[{"href":"https:\/\/www.ntf.uni-lj.si\/omm\/wp-json\/wp\/v2\/types\/page"}],"author":[{"embeddable":true,"href":"https:\/\/www.ntf.uni-lj.si\/omm\/wp-json\/wp\/v2\/users\/15"}],"replies":[{"embeddable":true,"href":"https:\/\/www.ntf.uni-lj.si\/omm\/wp-json\/wp\/v2\/comments?post=4089"}],"version-history":[{"count":34,"href":"https:\/\/www.ntf.uni-lj.si\/omm\/wp-json\/wp\/v2\/pages\/4089\/revisions"}],"predecessor-version":[{"id":11797,"href":"https:\/\/www.ntf.uni-lj.si\/omm\/wp-json\/wp\/v2\/pages\/4089\/revisions\/11797"}],"up":[{"embeddable":true,"href":"https:\/\/www.ntf.uni-lj.si\/omm\/wp-json\/wp\/v2\/pages\/4081"}],"wp:attachment":[{"href":"https:\/\/www.ntf.uni-lj.si\/omm\/wp-json\/wp\/v2\/media?parent=4089"}],"curies":[{"name":"wp","href":"https:\/\/api.w.org\/{rel}","templated":true}]}}