{"id":4096,"date":"2015-05-08T07:32:15","date_gmt":"2015-05-08T07:32:15","guid":{"rendered":"http:\/\/www.ntf.uni-lj.si\/omm\/?page_id=4096"},"modified":"2026-04-20T10:07:57","modified_gmt":"2026-04-20T08:07:57","slug":"kl","status":"publish","type":"page","link":"https:\/\/www.ntf.uni-lj.si\/omm\/o-oddelku\/katedre\/kl\/","title":{"rendered":"Katedra za livarstvo"},"content":{"rendered":"<h2><strong>Katedra za livarstvo<\/strong><\/h2>\n<p><strong>PREDSTOJNIK KATEDRE<\/strong><br \/>\nProf. dr. Primo\u017e Mrvar<br \/>\nTel: 01 2000 447<br \/>\ne-mail: primoz.mrvar@ntf.uni-lj.si<\/p>\n<p><strong>\u010cLANI KATEDRE<\/strong><br \/>\nIzr.prof. dr. Mitja Petri\u010d<br \/>\nTel: 01 2000 428<br \/>\ne-mail: mitja.petric@ntf.uni-lj.si<\/p>\n<p>Toma\u017e Martin\u010di\u010d, tehni\u010dni sodelavec<br \/>\nTel: 01 2000 439<br \/>\ne-mail:tomaz.martincic@ntf.uni-lj.si<\/p>\n<p>dr. Sebastjan Kastelic, raziskovalec<br \/>\nTel: 01 2000 428<br \/>\ne-mail: sebastjan.kastelic@ntf.uni-lj.si<\/p>\n<p><span data-olk-copy-source=\"MessageBody\">dr. Bastri Zeka, postdoktorski raziskovalec<br \/>\nTel: 01 2000 428<br \/>\ne-mail: bastri.zeka@umib.net<\/span><\/p>\n<p>Katedra izvaja pedago\u0161ko dejavnost na univerzitetnem \u0161tudiju Materiali in metalurgija in visoko\u0161olskem strokovnem \u0161tudiju Metalur\u0161ke tehnologije, in sicer na naslednjih podro\u010djih: livarstvo, livarske tehnologije, in\u017eenirski materiali, statistika in kontrola kakovosti. Raziskovalno delo obsega temeljne raziskave, ki so usmerjene v uporabo v industriji, s katero tesno sodelujemo na naslednjih podro\u010djih: gravitacijsko litje v trajne in enkratne forme, tla\u010dno litje (procesna tehnika litja, livne zlitine, taljenje, obdelava taline, razplinjevanje, oksidacija, cepljenje in kontrola).<\/p>\n<p><strong>Livne zlitine:<\/strong><\/p>\n<ul>\n<li>livne zlitine na osnovi \u017eeleza: siva litina z lamelnim, vermikularnim, kroglastim in tempranim grafitom in s feritno, perlitno, bainitno ter avstenitno osnovo, bela litina, litine s trdo oblo, jeklene litine;<\/li>\n<li>ne\u017eelezne livne zlitine: aluminijeve in magnezijeve livne zlitine, titanove zlitine, bakrove, cinkove, svin\u010deve zlitine, biokompatibilne zlitine, druge zlitine s posebnimi lastnostmi.<\/li>\n<\/ul>\n<p>Taljenje livnih zlitin: taljenje \u017eelezovih litin, reakcije v talini in na povr\u0161ini, prehod plinov, \u0161ar\u017eiranje. Optimiziranje delovanja livarskih pe\u010di (pe\u010di za vzdr\u017eevanje temperature, livne pe\u010di, bobnaste pe\u010di, kupolka).<br \/>\nTaljenje ne\u017eeleznih zlitin (uporovne pe\u010di, plamenske pe\u010di, taljenje v za\u0161\u010ditni atmosferi).<\/p>\n<p>Stanje in kontrola talin: plini, kali, cepljenje, ohlajevalna krivulja, kisikov potencial, pospe\u0161evanje stabilnega strjevanja, evtektoidna premena, standardi EU. Optimiziranje materialov za izdelavo enkratnih form ter oblikovanje notranjih in zunanjih povr\u0161in: regeneracija odpadnih peskov, reakcije med formo in talino. Modeliranje livarskih procesov s programskim paketom SIMTEC (generiranje geometrije ulitka, polnjenje ulivnega sistema in ulivne votline, strjevanje v formi, razvoj napetosti v ulitku, kr\u010denje in krivljenje, modeliranje mikrostrukture), napake na ulitkih.<br \/>\nZnanstvenoraziskovalno delo poteka v laboratoriju za livarstvo in drugih laboratorijih Oddelka za materiale in metalurgijo, predvsem pa v livarnah in pri dobaviteljih ferozlitin in nekovinskih livarskih materialov. Katedra je vzpostavila bilateralno sodelovanje s centrom za tla\u010dno litje na Fachhochschule Aalen, s TU Brno in Livarskim in\u0161titutom v Krakovu; tesno sodelujemo tudi z Montanuniversitat Leoben, TU Clausthal in Metalur\u0161ko fakulteto v Sisku. Katedra aktivno sodeluje z Dru\u0161tvom livarjev Slovenije na naslednjih podro\u010djih:<\/p>\n<ul>\n<li>izdajanje osrednjega strokovnega glasila Livarski vestnik,<\/li>\n<li>vodenje WFO mednarodne znanstvene komisije 3.3: Computer Simulation of Casting Processes,<\/li>\n<li>organizacija rednih znanstvenih posvetovanj in strokovnih seminarjev,<\/li>\n<li>aktivno sodelovanje s podobnimi strokovnimi zdru\u017eenji v tujini.<\/li>\n<\/ul>\n<p><strong>Laboratorij<\/strong><br \/>\nV laboratoriju se izvajajo raziskave s podro\u010dja livarstva za potrebe pedago\u0161kega procesa in znanstvenoraziskovalnega dela. Poudarek je na livnih kovinskih in anorganskih nekovinskih materialih za livarsko industrijo. V laboratoriju izvajamo:<br \/>\n1. Preiskave livnih zlitin: termi\u010dne analize, meritve aktivnosti kisika v talini, elektro-kemijske meritve, merjenje temperature, dilatometrijske meritve.<br \/>\n2. Preiskave formarskih materialov: sejalna analiza, dolo\u010devanje dejanske specifi\u010dne povr\u0161ine peskov, dolo\u010devanje dele\u017ea aktivne gline s titracijo z metilen modrim, dolo\u010devanje odpranih snovi, trdnostnih lastnosti pe\u0161\u010denih me\u0161anic (tla\u010dna, razkolna, stri\u017ena, upogibna, natezna), natezne trdnosti kondenzacijske cone, preoblikovalnosti pe\u0161\u010denih me\u0161anic, prepustnosti, stisljivosti, teko\u010dnosti, \u017earoizgub, svetle\u010dega ogljika itd.<br \/>\n3. Preiskave opla\u0161\u010denih peskov za postopek croning: dolo\u010devanje lu\u0161\u010denja (peel back), natezne trdnosti v vro\u010dem, dolo\u010devanje to\u010dke zmeh\u010di\u0161\u010da, dolo\u010devanje odpornosti proti termo\u0161oku.<\/p>\n<p>V laboratoriju se nahajajo naslednje naprave:<\/p>\n<ul>\n<li>termi\u010dna analiza: modul za aluminijeve zlitine, modul za \u017eelezove zlitine,<\/li>\n<li>kisikova sonda za merjenje aktivnosti kisika v \u017eelezovih litinah,<\/li>\n<li>dilatometer \u00bbin-situ\u00ab,<\/li>\n<li>aparatura za dolo\u010danje naplinjenosti,<\/li>\n<li>visokotemperaturna elektrouporovna komorna pe\u010d (Tmax 1800 \u00b0C),<\/li>\n<li>me\u0161alnik tipa Simpson za pripravo pe\u0161\u010denih me\u0161anic,<\/li>\n<li>komplet aparatur za dolo\u010devanje lastnosti in karakterizacijo pe\u0161\u010denih me\u0161anic (+GF+),<\/li>\n<li>strelna naprava za izdelavo preizku\u0161ancev,<\/li>\n<li>preizku\u0161evalnik hot distortion,<\/li>\n<li>aparatura za dolo\u010devanje tlaka plinov, ki nastanejo pri gorenju pe\u0161\u010denih me\u0161anic,<\/li>\n<li>opti\u010dni mikroskop in biokularja.<\/li>\n<\/ul>\n<p>Povezava: <a href=\"http:\/\/www.drustvo-livarjev.si\/\" target=\"_blank\" rel=\"noopener\">Dru\u0161tvo livarjev Slovenije<\/a><\/p>\n","protected":false},"excerpt":{"rendered":"Katedra za livarstvo PREDSTOJNIK KATEDRE Prof. dr. Primo\u017e Mrvar Tel: 01 2000 447 e-mail: primoz.mrvar@ntf.uni-lj.si \u010cLANI KATEDRE Izr.prof. dr. Mitja Petri\u010d Tel: 01 2000 428 e-mail: mitja.petric@ntf.uni-lj.si Toma\u017e Martin\u010di\u010d, tehni\u010dni sodelavec Tel: 01 2000 439 e-mail:tomaz.martincic@ntf.uni-lj.si dr. Sebastjan Kastelic, raziskovalec Tel: 01 2000 428 e-mail: sebastjan.kastelic@ntf.uni-lj.si dr. Bastri Zeka, postdoktorski raziskovalec Tel: 01 2000 428 &#8230; <a class=\"view-article\" href=\"https:\/\/www.ntf.uni-lj.si\/omm\/o-oddelku\/katedre\/kl\/\">Read more<\/a>","protected":false},"author":15,"featured_media":0,"parent":4081,"menu_order":20,"comment_status":"closed","ping_status":"closed","template":"","meta":[],"acf":[],"yoast_head":"<!-- This site is optimized with the Yoast SEO plugin v17.0 - https:\/\/yoast.com\/wordpress\/plugins\/seo\/ -->\n<meta name=\"robots\" content=\"index, follow, max-snippet:-1, max-image-preview:large, max-video-preview:-1\" \/>\n<link rel=\"canonical\" href=\"https:\/\/www.ntf.uni-lj.si\/omm\/o-oddelku\/katedre\/kl\/\" \/>\n<meta property=\"og:locale\" content=\"en_US\" \/>\n<meta property=\"og:type\" content=\"article\" \/>\n<meta property=\"og:title\" content=\"Katedra za livarstvo - OMM\" \/>\n<meta property=\"og:description\" content=\"Katedra za livarstvo PREDSTOJNIK KATEDRE Prof. dr. Primo\u017e Mrvar Tel: 01 2000 447 e-mail: primoz.mrvar@ntf.uni-lj.si \u010cLANI KATEDRE Izr.prof. dr. Mitja Petri\u010d Tel: 01 2000 428 e-mail: mitja.petric@ntf.uni-lj.si Toma\u017e Martin\u010di\u010d, tehni\u010dni sodelavec Tel: 01 2000 439 e-mail:tomaz.martincic@ntf.uni-lj.si dr. Sebastjan Kastelic, raziskovalec Tel: 01 2000 428 e-mail: sebastjan.kastelic@ntf.uni-lj.si dr. Bastri Zeka, postdoktorski raziskovalec Tel: 01 2000 428 ... Read more\" \/>\n<meta property=\"og:url\" content=\"https:\/\/www.ntf.uni-lj.si\/omm\/o-oddelku\/katedre\/kl\/\" \/>\n<meta property=\"og:site_name\" content=\"OMM\" \/>\n<meta property=\"article:modified_time\" content=\"2026-04-20T08:07:57+00:00\" \/>\n<meta name=\"twitter:label1\" content=\"Est. reading time\" \/>\n\t<meta name=\"twitter:data1\" content=\"3 minutes\" \/>\n<script type=\"application\/ld+json\" class=\"yoast-schema-graph\">{\"@context\":\"https:\/\/schema.org\",\"@graph\":[{\"@type\":\"WebSite\",\"@id\":\"https:\/\/www.ntf.uni-lj.si\/omm\/#website\",\"url\":\"https:\/\/www.ntf.uni-lj.si\/omm\/\",\"name\":\"OMM\",\"description\":\"Oddelek za materiale in metalurgijo\",\"potentialAction\":[{\"@type\":\"SearchAction\",\"target\":{\"@type\":\"EntryPoint\",\"urlTemplate\":\"https:\/\/www.ntf.uni-lj.si\/omm\/?s={search_term_string}\"},\"query-input\":\"required name=search_term_string\"}],\"inLanguage\":\"en-US\"},{\"@type\":\"WebPage\",\"@id\":\"https:\/\/www.ntf.uni-lj.si\/omm\/o-oddelku\/katedre\/kl\/#webpage\",\"url\":\"https:\/\/www.ntf.uni-lj.si\/omm\/o-oddelku\/katedre\/kl\/\",\"name\":\"Katedra za livarstvo - OMM\",\"isPartOf\":{\"@id\":\"https:\/\/www.ntf.uni-lj.si\/omm\/#website\"},\"datePublished\":\"2015-05-08T07:32:15+00:00\",\"dateModified\":\"2026-04-20T08:07:57+00:00\",\"breadcrumb\":{\"@id\":\"https:\/\/www.ntf.uni-lj.si\/omm\/o-oddelku\/katedre\/kl\/#breadcrumb\"},\"inLanguage\":\"en-US\",\"potentialAction\":[{\"@type\":\"ReadAction\",\"target\":[\"https:\/\/www.ntf.uni-lj.si\/omm\/o-oddelku\/katedre\/kl\/\"]}]},{\"@type\":\"BreadcrumbList\",\"@id\":\"https:\/\/www.ntf.uni-lj.si\/omm\/o-oddelku\/katedre\/kl\/#breadcrumb\",\"itemListElement\":[{\"@type\":\"ListItem\",\"position\":1,\"name\":\"Domov\",\"item\":\"https:\/\/www.ntf.uni-lj.si\/omm\/\"},{\"@type\":\"ListItem\",\"position\":2,\"name\":\"O oddelku\",\"item\":\"https:\/\/www.ntf.uni-lj.si\/omm\/o-oddelku\/\"},{\"@type\":\"ListItem\",\"position\":3,\"name\":\"Katedre\",\"item\":\"https:\/\/www.ntf.uni-lj.si\/omm\/o-oddelku\/katedre\/\"},{\"@type\":\"ListItem\",\"position\":4,\"name\":\"Katedra za livarstvo\"}]}]}<\/script>\n<!-- \/ Yoast SEO plugin. -->","yoast_head_json":{"robots":{"index":"index","follow":"follow","max-snippet":"max-snippet:-1","max-image-preview":"max-image-preview:large","max-video-preview":"max-video-preview:-1"},"canonical":"https:\/\/www.ntf.uni-lj.si\/omm\/o-oddelku\/katedre\/kl\/","og_locale":"en_US","og_type":"article","og_title":"Katedra za livarstvo - OMM","og_description":"Katedra za livarstvo PREDSTOJNIK KATEDRE Prof. dr. Primo\u017e Mrvar Tel: 01 2000 447 e-mail: primoz.mrvar@ntf.uni-lj.si \u010cLANI KATEDRE Izr.prof. dr. Mitja Petri\u010d Tel: 01 2000 428 e-mail: mitja.petric@ntf.uni-lj.si Toma\u017e Martin\u010di\u010d, tehni\u010dni sodelavec Tel: 01 2000 439 e-mail:tomaz.martincic@ntf.uni-lj.si dr. Sebastjan Kastelic, raziskovalec Tel: 01 2000 428 e-mail: sebastjan.kastelic@ntf.uni-lj.si dr. Bastri Zeka, postdoktorski raziskovalec Tel: 01 2000 428 ... Read more","og_url":"https:\/\/www.ntf.uni-lj.si\/omm\/o-oddelku\/katedre\/kl\/","og_site_name":"OMM","article_modified_time":"2026-04-20T08:07:57+00:00","twitter_misc":{"Est. reading time":"3 minutes"},"schema":{"@context":"https:\/\/schema.org","@graph":[{"@type":"WebSite","@id":"https:\/\/www.ntf.uni-lj.si\/omm\/#website","url":"https:\/\/www.ntf.uni-lj.si\/omm\/","name":"OMM","description":"Oddelek za materiale in metalurgijo","potentialAction":[{"@type":"SearchAction","target":{"@type":"EntryPoint","urlTemplate":"https:\/\/www.ntf.uni-lj.si\/omm\/?s={search_term_string}"},"query-input":"required name=search_term_string"}],"inLanguage":"en-US"},{"@type":"WebPage","@id":"https:\/\/www.ntf.uni-lj.si\/omm\/o-oddelku\/katedre\/kl\/#webpage","url":"https:\/\/www.ntf.uni-lj.si\/omm\/o-oddelku\/katedre\/kl\/","name":"Katedra za livarstvo - OMM","isPartOf":{"@id":"https:\/\/www.ntf.uni-lj.si\/omm\/#website"},"datePublished":"2015-05-08T07:32:15+00:00","dateModified":"2026-04-20T08:07:57+00:00","breadcrumb":{"@id":"https:\/\/www.ntf.uni-lj.si\/omm\/o-oddelku\/katedre\/kl\/#breadcrumb"},"inLanguage":"en-US","potentialAction":[{"@type":"ReadAction","target":["https:\/\/www.ntf.uni-lj.si\/omm\/o-oddelku\/katedre\/kl\/"]}]},{"@type":"BreadcrumbList","@id":"https:\/\/www.ntf.uni-lj.si\/omm\/o-oddelku\/katedre\/kl\/#breadcrumb","itemListElement":[{"@type":"ListItem","position":1,"name":"Domov","item":"https:\/\/www.ntf.uni-lj.si\/omm\/"},{"@type":"ListItem","position":2,"name":"O oddelku","item":"https:\/\/www.ntf.uni-lj.si\/omm\/o-oddelku\/"},{"@type":"ListItem","position":3,"name":"Katedre","item":"https:\/\/www.ntf.uni-lj.si\/omm\/o-oddelku\/katedre\/"},{"@type":"ListItem","position":4,"name":"Katedra za livarstvo"}]}]}},"_links":{"self":[{"href":"https:\/\/www.ntf.uni-lj.si\/omm\/wp-json\/wp\/v2\/pages\/4096"}],"collection":[{"href":"https:\/\/www.ntf.uni-lj.si\/omm\/wp-json\/wp\/v2\/pages"}],"about":[{"href":"https:\/\/www.ntf.uni-lj.si\/omm\/wp-json\/wp\/v2\/types\/page"}],"author":[{"embeddable":true,"href":"https:\/\/www.ntf.uni-lj.si\/omm\/wp-json\/wp\/v2\/users\/15"}],"replies":[{"embeddable":true,"href":"https:\/\/www.ntf.uni-lj.si\/omm\/wp-json\/wp\/v2\/comments?post=4096"}],"version-history":[{"count":12,"href":"https:\/\/www.ntf.uni-lj.si\/omm\/wp-json\/wp\/v2\/pages\/4096\/revisions"}],"predecessor-version":[{"id":11855,"href":"https:\/\/www.ntf.uni-lj.si\/omm\/wp-json\/wp\/v2\/pages\/4096\/revisions\/11855"}],"up":[{"embeddable":true,"href":"https:\/\/www.ntf.uni-lj.si\/omm\/wp-json\/wp\/v2\/pages\/4081"}],"wp:attachment":[{"href":"https:\/\/www.ntf.uni-lj.si\/omm\/wp-json\/wp\/v2\/media?parent=4096"}],"curies":[{"name":"wp","href":"https:\/\/api.w.org\/{rel}","templated":true}]}}