{"id":4108,"date":"2015-05-08T07:35:12","date_gmt":"2015-05-08T07:35:12","guid":{"rendered":"http:\/\/www.ntf.uni-lj.si\/omm\/?page_id=4108"},"modified":"2023-07-05T11:25:36","modified_gmt":"2023-07-05T09:25:36","slug":"kmpt","status":"publish","type":"page","link":"https:\/\/www.ntf.uni-lj.si\/omm\/o-oddelku\/katedre\/kmpt\/","title":{"rendered":"Katedra za metalur\u0161ko in procesno tehniko"},"content":{"rendered":"<h2><strong>Katedra za metalur\u0161ko procesno tehniko<\/strong><\/h2>\n<p><strong>PREDSTOJNIK KATEDRE<\/strong><br \/>\nProf. dr. Jo\u017eef Medved<br \/>\nTel: 01 2000 423<br \/>\ne-mail: jozef.medved@ntf.uni-lj.si<\/p>\n<p><strong>\u010cLANI KATEDRE<\/strong><br \/>\nDoc. dr. Matja\u017e Knap<br \/>\nTel: 01 2000 419<br \/>\ne-mail: matjaz.knap@ntf.uni-lj.si<\/p>\n<p><a href=\"https:\/\/www.ntf.uni-lj.si\/omm\/employee\/maja-voncina\/\">Izr. prof. dr. Maja Von\u010dina<\/a><br \/>\nTel: 01 2000 418<br \/>\ne-mail: maja.voncina@ntf.uni-lj.si<\/p>\n<p><a href=\"https:\/\/www.ntf.uni-lj.si\/omm\/employee\/tilen-balasko\/\">Doc. dr. Tilen Bala\u0161ko<\/a><br \/>\nTel: 01 2000 457<br \/>\ne-mail: tilen.balasko@ntf.uni-lj.si<\/p>\n<p>Edvard Rogli\u010d, tehni\u010dni sodelavec<br \/>\nTel: 01 2000 448<\/p>\n<p>Katedra skrbi za pedago\u0161ko dejavnost na univerzitetnem \u0161tudiju Materiali in metalurgija in visoko\u0161olskem strokovnem \u0161tudiju Metalur\u0161ke tehnologije, in sicer na naslednjih podro\u010djih: termodinamika materialov, procesna metalurgija \u017eeleznih in ne\u017eeleznih kovin, teorija metalur\u0161kih procesov, metalur\u0161ka keramika, visokotemperaturne tehnologije in korozija.<br \/>\nTemeljne raziskave v raziskovalni dejavnosti so usmerjene v uporabo v industrijskem proizvodu, zato tesno sodelujemo z industrijo oz. proizvodnimi organizacijami na naslednjih podro\u010djih: termodinami\u010dno in kineti\u010dno modeliranje, modeliranje metalur\u0161kih procesov, konstrukcija faznih diagramov, razvoj in preiskave nekovinskih anorganskih materialov, metalur\u0161ke \u017elindre, oksidacija, termi\u010dna analiza, arheometalurgija, analiza in struktura kovinskih materialov, \u017elinder, metalur\u0161ke in druge keramike, izdelava in proizvodnja kovinskih in kerami\u010dnih materialov, kontinuirno in klasi\u010dno ulivanje \u017eeleza, ferozlitin, jekla in ne\u017eeleznih kovin, ekonomika proizvodnih procesov kovinskih in kerami\u010dnih materialov, konstrukcija in izdelava ve\u010dkomponentnih sistemov, visokotemperaturne reakcije v trdnem, teko\u010dem in plinastem stanju, visokotemperaturna oksidacija, procesi aglomeriranja nekovinskih in kovinskih materialov, recikliranje kovinskih in kerami\u010dnih materialov, razvoj novih ali izbolj\u0161anih lastnosti kovinskih in kerami\u010dnih materialov in njihovih proizvodnih tehnologij ter procesne tehnike izdelave, mikroanalize, nanotehnologije v kovinski in kerami\u010dni procesni tehniki, varstvo in za\u0161\u010dita delovnega prostora in okolja in visokotemperaturne reakcije v vakuumu.<br \/>\nZnanstvenoraziskovalno delo poteka v laboratorijih za termodinamiko materialov, metalur\u0161ko in mineralur\u0161ko procesno tehniko ter v talilnem laboratoriju, ki so opremljeni s potrebno raziskovalno opremo; manjkajo\u010do opremo nadome\u0161\u010damo s sodelovanjem z doma\u010dimi fakultetami, in\u0161tituti in partnerskimi univerzami v tujini.<\/p>\n<p><strong>Laboratorij za termodinamiko materialov<\/strong><br \/>\nV laboratoriju se izvajajo raziskave s podro\u010dja termodinamike za potrebe pedago\u0161kega procesa in znanstvenoraziskovalnega dela. Poudarek je na kovinskih in drugih anorganskih nekovinskih materialih. V laboratoriju lahko izvajamo: termi\u010dne analize, elektro-kemijske meritve, merjenje temperature, nizko- in visokotemperaturne oksidacije in redukcije, simulacije procesov, analizo C in S, termodinami\u010dno na\u010drtovanje materialov in procesov (Thermo-Calc, Tapp).<\/p>\n<p>V laboratoriju se nahajajo naslednje naprave:<\/p>\n<ul>\n<li>STA-naprava Netzsch STA 449C Jupiter\u00ae,<\/li>\n<li>DSC-naprava Netzsch DSC 404 F3 Pegasus\u00ae,<\/li>\n<li>DSC-naprava Netzsch DSC 204 F1 Phoenix\u00ae,<\/li>\n<li>DTA-analizator: DTA 701,<\/li>\n<li>dilatometer: DIL 801,<\/li>\n<li>C, S-analizator: CS &#8211; mat 600,<\/li>\n<li>elektrouporovna komorna pe\u010d (Tmax 1200 \u00b0C),<\/li>\n<li>visokotemperaturna elektrouporovna pe\u010d (Tmax 1600 \u00b0C),<\/li>\n<li>visokotemperaturna elektrouporovna pe\u010d (Tmax 1500 \u00b0C).<\/li>\n<\/ul>\n<p><a href=\"https:\/\/www.ntf.uni-lj.si\/omm\/wp-content\/uploads\/sites\/5\/2021\/06\/IMG_4908.jpg\"><img loading=\"lazy\" width=\"300\" height=\"122\" class=\"alignnone size-medium wp-image-9913\" src=\"https:\/\/www.ntf.uni-lj.si\/omm\/wp-content\/uploads\/sites\/5\/2021\/06\/IMG_4908-300x122.jpg\" alt=\"\" srcset=\"https:\/\/www.ntf.uni-lj.si\/omm\/wp-content\/uploads\/sites\/5\/2021\/06\/IMG_4908-300x122.jpg 300w, https:\/\/www.ntf.uni-lj.si\/omm\/wp-content\/uploads\/sites\/5\/2021\/06\/IMG_4908-768x312.jpg 768w, https:\/\/www.ntf.uni-lj.si\/omm\/wp-content\/uploads\/sites\/5\/2021\/06\/IMG_4908-1024x416.jpg 1024w\" sizes=\"(max-width: 300px) 100vw, 300px\" \/><\/a>\u00a0<a href=\"https:\/\/www.ntf.uni-lj.si\/omm\/wp-content\/uploads\/sites\/5\/2021\/06\/IMG_4906.jpg\"><img loading=\"lazy\" class=\"alignnone wp-image-9912\" src=\"https:\/\/www.ntf.uni-lj.si\/omm\/wp-content\/uploads\/sites\/5\/2021\/06\/IMG_4906-300x88.jpg\" alt=\"\" width=\"413\" height=\"121\" srcset=\"https:\/\/www.ntf.uni-lj.si\/omm\/wp-content\/uploads\/sites\/5\/2021\/06\/IMG_4906-300x88.jpg 300w, https:\/\/www.ntf.uni-lj.si\/omm\/wp-content\/uploads\/sites\/5\/2021\/06\/IMG_4906-768x226.jpg 768w, https:\/\/www.ntf.uni-lj.si\/omm\/wp-content\/uploads\/sites\/5\/2021\/06\/IMG_4906-1024x302.jpg 1024w\" sizes=\"(max-width: 413px) 100vw, 413px\" \/><\/a><\/p>\n<p><strong>Talilni laboratorij<\/strong><\/p>\n<p>V laboratoriju izvajamo: termi\u010dne analize, elektro-kemijske meritve, taljenje in \u017earjenje do 2000 \u00b0C pri razli\u010dnih atmosferah, redukcije in oksidacije ter sintranje.<\/p>\n<p>V laboratoriju se nahajajo naslednje naprave:<\/p>\n<ul>\n<li>indukcijska talilna pe\u010d (Tmax 1500 \u00b0C),<\/li>\n<li>tammannova pe\u010d (Tmax 2000 \u00b0C),<\/li>\n<li>uporovna komorna pe\u010d (Tmax 1500 \u00b0C),<\/li>\n<li>uporovna komorna pe\u010d (Tmax 1300 \u00b0C).<\/li>\n<\/ul>\n<p><strong>Laboratorij za metalur\u0161ko in mineralur\u0161ko procesno tehniko<\/strong><br \/>\nV laboratoriju se izvajajo meritve s podro\u010dja metalur\u0161ke in mineralur\u0161ke procesne tehnike kovinskih in nekovinskih materialov za potrebe pedago\u0161kega procesa in znanstvenoraziskovalnega dela. Na razli\u010dnih akrilnih modelih metalur\u0161kih reaktorjev je mogo\u010de izvajati modeliranje pojavov, kot je npr. strujanje taline v reaktorju, in kemi\u010dnih reakcij, kot je npr. razogli\u010denje taline v procesu ekstrakcije kovinskih materialov. S talilnim mikroskopom je mo\u010d spremljati procese meh\u010danja, napihovanja, sintranja, nataljevanja itd. kovinskih in nekovinskih materialov do temperature 1350 \u00b0C.<\/p>\n<p>V laboratoriju se nahajajo naslednje naprave:<\/p>\n<ul>\n<li>talilni mikroskop (Tmax 1350 \u00b0C),<\/li>\n<li><span style=\"line-height: 1.5\">su\u0161ilna pe\u010d (Tmax 230 \u00b0C),<\/span><\/li>\n<li><span style=\"line-height: 1.5\">modeli iz akrilnega stekla,<\/span><\/li>\n<li><span style=\"line-height: 1.5\">elektrooblo\u010dna pe\u010d,<\/span><\/li>\n<li><span style=\"line-height: 1.5\">konvertor: AOD-konvertor,<\/span><\/li>\n<li><span style=\"line-height: 1.5\">livna ponovca s kokilo za ulivanje gredic.<\/span><\/li>\n<\/ul>\n","protected":false},"excerpt":{"rendered":"Katedra za metalur\u0161ko procesno tehniko PREDSTOJNIK KATEDRE Prof. dr. Jo\u017eef Medved Tel: 01 2000 423 e-mail: jozef.medved@ntf.uni-lj.si \u010cLANI KATEDRE Doc. dr. Matja\u017e Knap Tel: 01 2000 419 e-mail: matjaz.knap@ntf.uni-lj.si Izr. prof. dr. Maja Von\u010dina Tel: 01 2000 418 e-mail: maja.voncina@ntf.uni-lj.si Doc. dr. Tilen Bala\u0161ko Tel: 01 2000 457 e-mail: tilen.balasko@ntf.uni-lj.si Edvard Rogli\u010d, tehni\u010dni sodelavec Tel: &#8230; <a class=\"view-article\" href=\"https:\/\/www.ntf.uni-lj.si\/omm\/o-oddelku\/katedre\/kmpt\/\">Read more<\/a>","protected":false},"author":15,"featured_media":0,"parent":4081,"menu_order":40,"comment_status":"closed","ping_status":"closed","template":"","meta":[],"acf":[],"yoast_head":"<!-- This site is optimized with the Yoast SEO plugin v17.0 - https:\/\/yoast.com\/wordpress\/plugins\/seo\/ -->\n<meta name=\"robots\" content=\"index, follow, max-snippet:-1, max-image-preview:large, max-video-preview:-1\" \/>\n<link rel=\"canonical\" href=\"https:\/\/www.ntf.uni-lj.si\/omm\/o-oddelku\/katedre\/kmpt\/\" \/>\n<meta property=\"og:locale\" content=\"en_US\" \/>\n<meta property=\"og:type\" content=\"article\" \/>\n<meta property=\"og:title\" content=\"Katedra za metalur\u0161ko in procesno tehniko - OMM\" \/>\n<meta property=\"og:description\" content=\"Katedra za metalur\u0161ko procesno tehniko PREDSTOJNIK KATEDRE Prof. dr. Jo\u017eef Medved Tel: 01 2000 423 e-mail: jozef.medved@ntf.uni-lj.si \u010cLANI KATEDRE Doc. dr. Matja\u017e Knap Tel: 01 2000 419 e-mail: matjaz.knap@ntf.uni-lj.si Izr. prof. dr. Maja Von\u010dina Tel: 01 2000 418 e-mail: maja.voncina@ntf.uni-lj.si Doc. dr. Tilen Bala\u0161ko Tel: 01 2000 457 e-mail: tilen.balasko@ntf.uni-lj.si Edvard Rogli\u010d, tehni\u010dni sodelavec Tel: ... Read more\" \/>\n<meta property=\"og:url\" content=\"https:\/\/www.ntf.uni-lj.si\/omm\/o-oddelku\/katedre\/kmpt\/\" \/>\n<meta property=\"og:site_name\" content=\"OMM\" \/>\n<meta property=\"article:modified_time\" content=\"2023-07-05T09:25:36+00:00\" \/>\n<meta property=\"og:image\" content=\"https:\/\/www.ntf.uni-lj.si\/omm\/wp-content\/uploads\/sites\/5\/2021\/06\/IMG_4908-300x122.jpg\" \/>\n<meta name=\"twitter:label1\" content=\"Est. reading time\" \/>\n\t<meta name=\"twitter:data1\" content=\"3 minutes\" \/>\n<script type=\"application\/ld+json\" class=\"yoast-schema-graph\">{\"@context\":\"https:\/\/schema.org\",\"@graph\":[{\"@type\":\"WebSite\",\"@id\":\"https:\/\/www.ntf.uni-lj.si\/omm\/#website\",\"url\":\"https:\/\/www.ntf.uni-lj.si\/omm\/\",\"name\":\"OMM\",\"description\":\"Oddelek za materiale in metalurgijo\",\"potentialAction\":[{\"@type\":\"SearchAction\",\"target\":{\"@type\":\"EntryPoint\",\"urlTemplate\":\"https:\/\/www.ntf.uni-lj.si\/omm\/?s={search_term_string}\"},\"query-input\":\"required name=search_term_string\"}],\"inLanguage\":\"en-US\"},{\"@type\":\"ImageObject\",\"@id\":\"https:\/\/www.ntf.uni-lj.si\/omm\/o-oddelku\/katedre\/kmpt\/#primaryimage\",\"inLanguage\":\"en-US\",\"url\":\"https:\/\/www.ntf.uni-lj.si\/omm\/wp-content\/uploads\/sites\/5\/2021\/06\/IMG_4908.jpg\",\"contentUrl\":\"https:\/\/www.ntf.uni-lj.si\/omm\/wp-content\/uploads\/sites\/5\/2021\/06\/IMG_4908.jpg\",\"width\":4824,\"height\":1958},{\"@type\":\"WebPage\",\"@id\":\"https:\/\/www.ntf.uni-lj.si\/omm\/o-oddelku\/katedre\/kmpt\/#webpage\",\"url\":\"https:\/\/www.ntf.uni-lj.si\/omm\/o-oddelku\/katedre\/kmpt\/\",\"name\":\"Katedra za metalur\\u0161ko in procesno tehniko - OMM\",\"isPartOf\":{\"@id\":\"https:\/\/www.ntf.uni-lj.si\/omm\/#website\"},\"primaryImageOfPage\":{\"@id\":\"https:\/\/www.ntf.uni-lj.si\/omm\/o-oddelku\/katedre\/kmpt\/#primaryimage\"},\"datePublished\":\"2015-05-08T07:35:12+00:00\",\"dateModified\":\"2023-07-05T09:25:36+00:00\",\"breadcrumb\":{\"@id\":\"https:\/\/www.ntf.uni-lj.si\/omm\/o-oddelku\/katedre\/kmpt\/#breadcrumb\"},\"inLanguage\":\"en-US\",\"potentialAction\":[{\"@type\":\"ReadAction\",\"target\":[\"https:\/\/www.ntf.uni-lj.si\/omm\/o-oddelku\/katedre\/kmpt\/\"]}]},{\"@type\":\"BreadcrumbList\",\"@id\":\"https:\/\/www.ntf.uni-lj.si\/omm\/o-oddelku\/katedre\/kmpt\/#breadcrumb\",\"itemListElement\":[{\"@type\":\"ListItem\",\"position\":1,\"name\":\"Domov\",\"item\":\"https:\/\/www.ntf.uni-lj.si\/omm\/\"},{\"@type\":\"ListItem\",\"position\":2,\"name\":\"O oddelku\",\"item\":\"https:\/\/www.ntf.uni-lj.si\/omm\/o-oddelku\/\"},{\"@type\":\"ListItem\",\"position\":3,\"name\":\"Katedre\",\"item\":\"https:\/\/www.ntf.uni-lj.si\/omm\/o-oddelku\/katedre\/\"},{\"@type\":\"ListItem\",\"position\":4,\"name\":\"Katedra za metalur\\u0161ko in procesno tehniko\"}]}]}<\/script>\n<!-- \/ Yoast SEO plugin. -->","yoast_head_json":{"robots":{"index":"index","follow":"follow","max-snippet":"max-snippet:-1","max-image-preview":"max-image-preview:large","max-video-preview":"max-video-preview:-1"},"canonical":"https:\/\/www.ntf.uni-lj.si\/omm\/o-oddelku\/katedre\/kmpt\/","og_locale":"en_US","og_type":"article","og_title":"Katedra za metalur\u0161ko in procesno tehniko - OMM","og_description":"Katedra za metalur\u0161ko procesno tehniko PREDSTOJNIK KATEDRE Prof. dr. Jo\u017eef Medved Tel: 01 2000 423 e-mail: jozef.medved@ntf.uni-lj.si \u010cLANI KATEDRE Doc. dr. Matja\u017e Knap Tel: 01 2000 419 e-mail: matjaz.knap@ntf.uni-lj.si Izr. prof. dr. Maja Von\u010dina Tel: 01 2000 418 e-mail: maja.voncina@ntf.uni-lj.si Doc. dr. Tilen Bala\u0161ko Tel: 01 2000 457 e-mail: tilen.balasko@ntf.uni-lj.si Edvard Rogli\u010d, tehni\u010dni sodelavec Tel: ... Read more","og_url":"https:\/\/www.ntf.uni-lj.si\/omm\/o-oddelku\/katedre\/kmpt\/","og_site_name":"OMM","article_modified_time":"2023-07-05T09:25:36+00:00","og_image":[{"url":"https:\/\/www.ntf.uni-lj.si\/omm\/wp-content\/uploads\/sites\/5\/2021\/06\/IMG_4908-300x122.jpg"}],"twitter_misc":{"Est. reading time":"3 minutes"},"schema":{"@context":"https:\/\/schema.org","@graph":[{"@type":"WebSite","@id":"https:\/\/www.ntf.uni-lj.si\/omm\/#website","url":"https:\/\/www.ntf.uni-lj.si\/omm\/","name":"OMM","description":"Oddelek za materiale in metalurgijo","potentialAction":[{"@type":"SearchAction","target":{"@type":"EntryPoint","urlTemplate":"https:\/\/www.ntf.uni-lj.si\/omm\/?s={search_term_string}"},"query-input":"required name=search_term_string"}],"inLanguage":"en-US"},{"@type":"ImageObject","@id":"https:\/\/www.ntf.uni-lj.si\/omm\/o-oddelku\/katedre\/kmpt\/#primaryimage","inLanguage":"en-US","url":"https:\/\/www.ntf.uni-lj.si\/omm\/wp-content\/uploads\/sites\/5\/2021\/06\/IMG_4908.jpg","contentUrl":"https:\/\/www.ntf.uni-lj.si\/omm\/wp-content\/uploads\/sites\/5\/2021\/06\/IMG_4908.jpg","width":4824,"height":1958},{"@type":"WebPage","@id":"https:\/\/www.ntf.uni-lj.si\/omm\/o-oddelku\/katedre\/kmpt\/#webpage","url":"https:\/\/www.ntf.uni-lj.si\/omm\/o-oddelku\/katedre\/kmpt\/","name":"Katedra za metalur\u0161ko in procesno tehniko - OMM","isPartOf":{"@id":"https:\/\/www.ntf.uni-lj.si\/omm\/#website"},"primaryImageOfPage":{"@id":"https:\/\/www.ntf.uni-lj.si\/omm\/o-oddelku\/katedre\/kmpt\/#primaryimage"},"datePublished":"2015-05-08T07:35:12+00:00","dateModified":"2023-07-05T09:25:36+00:00","breadcrumb":{"@id":"https:\/\/www.ntf.uni-lj.si\/omm\/o-oddelku\/katedre\/kmpt\/#breadcrumb"},"inLanguage":"en-US","potentialAction":[{"@type":"ReadAction","target":["https:\/\/www.ntf.uni-lj.si\/omm\/o-oddelku\/katedre\/kmpt\/"]}]},{"@type":"BreadcrumbList","@id":"https:\/\/www.ntf.uni-lj.si\/omm\/o-oddelku\/katedre\/kmpt\/#breadcrumb","itemListElement":[{"@type":"ListItem","position":1,"name":"Domov","item":"https:\/\/www.ntf.uni-lj.si\/omm\/"},{"@type":"ListItem","position":2,"name":"O oddelku","item":"https:\/\/www.ntf.uni-lj.si\/omm\/o-oddelku\/"},{"@type":"ListItem","position":3,"name":"Katedre","item":"https:\/\/www.ntf.uni-lj.si\/omm\/o-oddelku\/katedre\/"},{"@type":"ListItem","position":4,"name":"Katedra za metalur\u0161ko in procesno tehniko"}]}]}},"_links":{"self":[{"href":"https:\/\/www.ntf.uni-lj.si\/omm\/wp-json\/wp\/v2\/pages\/4108"}],"collection":[{"href":"https:\/\/www.ntf.uni-lj.si\/omm\/wp-json\/wp\/v2\/pages"}],"about":[{"href":"https:\/\/www.ntf.uni-lj.si\/omm\/wp-json\/wp\/v2\/types\/page"}],"author":[{"embeddable":true,"href":"https:\/\/www.ntf.uni-lj.si\/omm\/wp-json\/wp\/v2\/users\/15"}],"replies":[{"embeddable":true,"href":"https:\/\/www.ntf.uni-lj.si\/omm\/wp-json\/wp\/v2\/comments?post=4108"}],"version-history":[{"count":41,"href":"https:\/\/www.ntf.uni-lj.si\/omm\/wp-json\/wp\/v2\/pages\/4108\/revisions"}],"predecessor-version":[{"id":10291,"href":"https:\/\/www.ntf.uni-lj.si\/omm\/wp-json\/wp\/v2\/pages\/4108\/revisions\/10291"}],"up":[{"embeddable":true,"href":"https:\/\/www.ntf.uni-lj.si\/omm\/wp-json\/wp\/v2\/pages\/4081"}],"wp:attachment":[{"href":"https:\/\/www.ntf.uni-lj.si\/omm\/wp-json\/wp\/v2\/media?parent=4108"}],"curies":[{"name":"wp","href":"https:\/\/api.w.org\/{rel}","templated":true}]}}