{"id":4116,"date":"2015-05-08T07:36:44","date_gmt":"2015-05-08T07:36:44","guid":{"rendered":"http:\/\/www.ntf.uni-lj.si\/omm\/?page_id=4116"},"modified":"2025-11-04T12:45:50","modified_gmt":"2025-11-04T11:45:50","slug":"kp","status":"publish","type":"page","link":"https:\/\/www.ntf.uni-lj.si\/omm\/o-oddelku\/katedre\/kp\/","title":{"rendered":"Katedra za preoblikovanje materialov"},"content":{"rendered":"<h2><strong>Katedra za preoblikovanje materialov<\/strong><\/h2>\n<p><strong>PREDSTOJNIK KATEDRE<\/strong><br \/>\nProf. dr. Goran Kugler<br \/>\nTel: 01 777 27 41<br \/>\ne-mail: goran.kugler@ntf.uni-lj.si<\/p>\n<p><strong>\u010cLANI KATEDRE<\/strong><br \/>\nProf. dr. Toma\u017e Rodi\u010d<br \/>\nTel: 01 2000 442 in 01 2000 444<br \/>\ne-mail: tomaz.rodic@space.si<\/p>\n<p>Prof. dr. Milan Ter\u010delj<br \/>\nTel: 01 2000 462<br \/>\ne-mail: milan.tercelj@ntf.uni-lj.si<\/p>\n<p>Izr. prof. dr. Janko Bra\u010di\u010d<br \/>\nTel: 01 2000 460<br \/>\ne-mail: janko.bracic@ntf.uni-lj.si<\/p>\n<p>Prof. dr. Peter Fajfar<br \/>\nTel: 01 2000 451<br \/>\ne-mail: peter.fajfar@ntf.uni-lj.si<\/p>\n<p>doc.dr.David Bomba\u010d<br \/>\nTel: 01 2000 411<br \/>\ne-mail: david.bombac@ntf.uni-lj.si<\/p>\n<p>&nbsp;<\/p>\n<p>Katedra na visoko\u0161olskem, univerzitetnem dodiplomskem in podiplomskem \u0161tudiju izvaja pouk temeljnih in aplikativnih predmetov na podro\u010dju mehanike preoblikovanja, preoblikovalnih lastnosti materialov, tehnologij preoblikovanja in organizacije metalur\u0161ke proizvodnje. \u017de dolgo sodelujemo s tujimi univerzami v Nem\u010diji, Angliji, Franciji, Avstriji in na \u010ce\u0161kem, kjer dodiplomski in podiplomski \u0161tudenti nabirajo raziskovalne izku\u0161nje in uporabljajo vrhunsko opremo, ki jo potrebujejo pri svojih nalogah, pedago\u0161ki in raziskovalni sodelavci pa sodelujemo pri izvajanju skupnih projektov. Tesno sodelujemo z doma\u010do metalur\u0161ko, kovinskopredelovalno in strojno industrijo, tako pri razvoju obstoje\u010dih tehnologij izdelave polizdelkov in kon\u010dnih metalur\u0161kih proizvodov kot tudi pri izdelavi nove opreme in tehnologij plasti\u010dnega preoblikovanja materialov. Predmet glavne dejavnosti so kovine in njihove zlitine, zadnja leta pa aktivnosti \u0161irimo tudi na plaste in kompozitne materiale.<\/p>\n<p>&nbsp;<\/p>\n<p><strong>Laboratoriji<\/strong><br \/>\nEksperimentalno delo izvajamo v \u0161tirih laboratorijih:<\/p>\n<ul>\n<li>laboratorij za simulacijo metalur\u0161kih termomehanskih stanj,<\/li>\n<li>laboratorij za numeri\u010dno modeliranje procesov preoblikovanja,<\/li>\n<li>laboratorij za merilno tehniko in industrijske meritve,<\/li>\n<li>laboratorij za razvoj preoblikovalnih orodij in opreme.<\/li>\n<\/ul>\n<p>Laboratoriji so sodobno opremljeni in omogo\u010dajo kakovostne fizikalne in numeri\u010dne simulacije preoblikovalnih procesov, kar potrjujejo \u0161tevilne objave \u010dlanov katedre v mednarodno priznanih revijah.<\/p>\n<p>Podro\u010dje dejavnosti katedre so lastnosti materialov v plasti\u010dnem stanju in optimalna izraba teh lastnosti za izdelavo valjanih, kovanih, stiskanih, iztiskanih in upogibanih izdelkov iz masivnih in plo\u010devinskih surovcev. Opazovanje, raziskovanje in optimiziranje tehnolo\u0161ke verige se za\u010dne z vlivanjem in kon\u010da s kon\u010dnimi deformacijami, po potrebi pa tudi z mehansko in povr\u0161insko obdelavo.<\/p>\n<p>&nbsp;<\/p>\n<div id=\"attachment_11350\" style=\"width: 360px\" class=\"wp-caption alignnone\"><a href=\"https:\/\/www.ntf.uni-lj.si\/omm\/wp-content\/uploads\/sites\/5\/2025\/10\/565787816_1339189554667250_4707845657134597024_n.jpg\"><img aria-describedby=\"caption-attachment-11350\" loading=\"lazy\" class=\"wp-image-11350\" src=\"https:\/\/www.ntf.uni-lj.si\/omm\/wp-content\/uploads\/sites\/5\/2025\/10\/565787816_1339189554667250_4707845657134597024_n-300x218.jpg\" alt=\"\" width=\"350\" height=\"255\" srcset=\"https:\/\/www.ntf.uni-lj.si\/omm\/wp-content\/uploads\/sites\/5\/2025\/10\/565787816_1339189554667250_4707845657134597024_n-300x218.jpg 300w, https:\/\/www.ntf.uni-lj.si\/omm\/wp-content\/uploads\/sites\/5\/2025\/10\/565787816_1339189554667250_4707845657134597024_n-1024x745.jpg 1024w, https:\/\/www.ntf.uni-lj.si\/omm\/wp-content\/uploads\/sites\/5\/2025\/10\/565787816_1339189554667250_4707845657134597024_n-768x559.jpg 768w, https:\/\/www.ntf.uni-lj.si\/omm\/wp-content\/uploads\/sites\/5\/2025\/10\/565787816_1339189554667250_4707845657134597024_n.jpg 1508w\" sizes=\"(max-width: 350px) 100vw, 350px\" \/><\/a><\/p>\n<p id=\"caption-attachment-11350\" class=\"wp-caption-text\"><strong>Gleeble 3500<\/strong> omogo\u010da natan\u010dne termomehanske simulacije, vro\u010de in hladno preoblikovanje, varjenje, preizkuse mehanskih lastnosti ter raziskave faznih transformacij in obna\u0161anja materialov pri temperaturah vse do 1700 \u00b0C. Od leta 2025 je na Katedri za preoblikovanje materialov v uporabi za raziskovalno in pedago\u0161ko delo.<\/p>\n<\/div>\n<p>&nbsp;<\/p>\n<div id=\"attachment_11351\" style=\"width: 360px\" class=\"wp-caption alignnone\"><a href=\"https:\/\/www.ntf.uni-lj.si\/omm\/wp-content\/uploads\/sites\/5\/2025\/10\/materiali_metalurgija8-1.jpg\"><img aria-describedby=\"caption-attachment-11351\" loading=\"lazy\" class=\"wp-image-11351\" src=\"https:\/\/www.ntf.uni-lj.si\/omm\/wp-content\/uploads\/sites\/5\/2025\/10\/materiali_metalurgija8-1-300x148.jpg\" alt=\"\" width=\"350\" height=\"172\" srcset=\"https:\/\/www.ntf.uni-lj.si\/omm\/wp-content\/uploads\/sites\/5\/2025\/10\/materiali_metalurgija8-1-300x148.jpg 300w, https:\/\/www.ntf.uni-lj.si\/omm\/wp-content\/uploads\/sites\/5\/2025\/10\/materiali_metalurgija8-1.jpg 751w\" sizes=\"(max-width: 350px) 100vw, 350px\" \/><\/a><\/p>\n<p id=\"caption-attachment-11351\" class=\"wp-caption-text\"><strong>Gleeble 1500D<\/strong>, ki je bil na katedri v uporabi skoraj \u0161tiri desetletja, je pomembno zaznamoval doma\u010do industrijo in mednarodne raziskovalne projekte.<\/p>\n<\/div>\n<p>&nbsp;<\/p>\n<div id=\"attachment_11363\" style=\"width: 360px\" class=\"wp-caption alignnone\"><a href=\"https:\/\/www.ntf.uni-lj.si\/omm\/wp-content\/uploads\/sites\/5\/2025\/10\/Naprava-za-electroplating.jpg\"><img aria-describedby=\"caption-attachment-11363\" loading=\"lazy\" class=\"wp-image-11363\" src=\"https:\/\/www.ntf.uni-lj.si\/omm\/wp-content\/uploads\/sites\/5\/2025\/10\/Naprava-za-electroplating-300x225.jpg\" alt=\"\" width=\"350\" height=\"263\" srcset=\"https:\/\/www.ntf.uni-lj.si\/omm\/wp-content\/uploads\/sites\/5\/2025\/10\/Naprava-za-electroplating-300x225.jpg 300w, https:\/\/www.ntf.uni-lj.si\/omm\/wp-content\/uploads\/sites\/5\/2025\/10\/Naprava-za-electroplating-1024x768.jpg 1024w, https:\/\/www.ntf.uni-lj.si\/omm\/wp-content\/uploads\/sites\/5\/2025\/10\/Naprava-za-electroplating-768x576.jpg 768w, https:\/\/www.ntf.uni-lj.si\/omm\/wp-content\/uploads\/sites\/5\/2025\/10\/Naprava-za-electroplating-1536x1152.jpg 1536w, https:\/\/www.ntf.uni-lj.si\/omm\/wp-content\/uploads\/sites\/5\/2025\/10\/Naprava-za-electroplating.jpg 1920w\" sizes=\"(max-width: 350px) 100vw, 350px\" \/><\/a><\/p>\n<p id=\"caption-attachment-11363\" class=\"wp-caption-text\">Naprava <strong>GALVALINK 305S<\/strong> za elektrokemijsko nana\u0161anje za\u0161\u010ditnih prevlek (nikeljeve, kromove, srebrne, zlate ali rodijeve). Uporablja se za izbolj\u0161anje korozijske odpornosti, trdote in elektri\u010dne prevodnosti povr\u0161in.<\/p>\n<\/div>\n","protected":false},"excerpt":{"rendered":"Katedra za preoblikovanje materialov PREDSTOJNIK KATEDRE Prof. dr. Goran Kugler Tel: 01 777 27 41 e-mail: goran.kugler@ntf.uni-lj.si \u010cLANI KATEDRE Prof. dr. Toma\u017e Rodi\u010d Tel: 01 2000 442 in 01 2000 444 e-mail: tomaz.rodic@space.si Prof. dr. Milan Ter\u010delj Tel: 01 2000 462 e-mail: milan.tercelj@ntf.uni-lj.si Izr. prof. dr. Janko Bra\u010di\u010d Tel: 01 2000 460 e-mail: janko.bracic@ntf.uni-lj.si Prof. &#8230; <a class=\"view-article\" href=\"https:\/\/www.ntf.uni-lj.si\/omm\/o-oddelku\/katedre\/kp\/\">Read more<\/a>","protected":false},"author":15,"featured_media":0,"parent":4081,"menu_order":50,"comment_status":"closed","ping_status":"closed","template":"","meta":[],"acf":[],"yoast_head":"<!-- This site is optimized with the Yoast SEO plugin v17.0 - https:\/\/yoast.com\/wordpress\/plugins\/seo\/ -->\n<meta name=\"robots\" content=\"index, follow, max-snippet:-1, max-image-preview:large, max-video-preview:-1\" \/>\n<link rel=\"canonical\" href=\"https:\/\/www.ntf.uni-lj.si\/omm\/o-oddelku\/katedre\/kp\/\" \/>\n<meta property=\"og:locale\" content=\"en_US\" \/>\n<meta property=\"og:type\" content=\"article\" \/>\n<meta property=\"og:title\" content=\"Katedra za preoblikovanje materialov - OMM\" \/>\n<meta property=\"og:description\" content=\"Katedra za preoblikovanje materialov PREDSTOJNIK KATEDRE Prof. dr. Goran Kugler Tel: 01 777 27 41 e-mail: goran.kugler@ntf.uni-lj.si \u010cLANI KATEDRE Prof. dr. Toma\u017e Rodi\u010d Tel: 01 2000 442 in 01 2000 444 e-mail: tomaz.rodic@space.si Prof. dr. Milan Ter\u010delj Tel: 01 2000 462 e-mail: milan.tercelj@ntf.uni-lj.si Izr. prof. dr. Janko Bra\u010di\u010d Tel: 01 2000 460 e-mail: janko.bracic@ntf.uni-lj.si Prof. ... Read more\" \/>\n<meta property=\"og:url\" content=\"https:\/\/www.ntf.uni-lj.si\/omm\/o-oddelku\/katedre\/kp\/\" \/>\n<meta property=\"og:site_name\" content=\"OMM\" \/>\n<meta property=\"article:modified_time\" content=\"2025-11-04T11:45:50+00:00\" \/>\n<meta property=\"og:image\" content=\"https:\/\/www.ntf.uni-lj.si\/omm\/wp-content\/uploads\/sites\/5\/2025\/10\/565787816_1339189554667250_4707845657134597024_n-300x218.jpg\" \/>\n<meta name=\"twitter:label1\" content=\"Est. reading time\" \/>\n\t<meta name=\"twitter:data1\" content=\"3 minutes\" \/>\n<script type=\"application\/ld+json\" class=\"yoast-schema-graph\">{\"@context\":\"https:\/\/schema.org\",\"@graph\":[{\"@type\":\"WebSite\",\"@id\":\"https:\/\/www.ntf.uni-lj.si\/omm\/#website\",\"url\":\"https:\/\/www.ntf.uni-lj.si\/omm\/\",\"name\":\"OMM\",\"description\":\"Oddelek za materiale in metalurgijo\",\"potentialAction\":[{\"@type\":\"SearchAction\",\"target\":{\"@type\":\"EntryPoint\",\"urlTemplate\":\"https:\/\/www.ntf.uni-lj.si\/omm\/?s={search_term_string}\"},\"query-input\":\"required name=search_term_string\"}],\"inLanguage\":\"en-US\"},{\"@type\":\"ImageObject\",\"@id\":\"https:\/\/www.ntf.uni-lj.si\/omm\/o-oddelku\/katedre\/kp\/#primaryimage\",\"inLanguage\":\"en-US\",\"url\":\"https:\/\/www.ntf.uni-lj.si\/omm\/wp-content\/uploads\/sites\/5\/2025\/10\/565787816_1339189554667250_4707845657134597024_n.jpg\",\"contentUrl\":\"https:\/\/www.ntf.uni-lj.si\/omm\/wp-content\/uploads\/sites\/5\/2025\/10\/565787816_1339189554667250_4707845657134597024_n.jpg\",\"width\":1508,\"height\":1097},{\"@type\":\"WebPage\",\"@id\":\"https:\/\/www.ntf.uni-lj.si\/omm\/o-oddelku\/katedre\/kp\/#webpage\",\"url\":\"https:\/\/www.ntf.uni-lj.si\/omm\/o-oddelku\/katedre\/kp\/\",\"name\":\"Katedra za preoblikovanje materialov - OMM\",\"isPartOf\":{\"@id\":\"https:\/\/www.ntf.uni-lj.si\/omm\/#website\"},\"primaryImageOfPage\":{\"@id\":\"https:\/\/www.ntf.uni-lj.si\/omm\/o-oddelku\/katedre\/kp\/#primaryimage\"},\"datePublished\":\"2015-05-08T07:36:44+00:00\",\"dateModified\":\"2025-11-04T11:45:50+00:00\",\"breadcrumb\":{\"@id\":\"https:\/\/www.ntf.uni-lj.si\/omm\/o-oddelku\/katedre\/kp\/#breadcrumb\"},\"inLanguage\":\"en-US\",\"potentialAction\":[{\"@type\":\"ReadAction\",\"target\":[\"https:\/\/www.ntf.uni-lj.si\/omm\/o-oddelku\/katedre\/kp\/\"]}]},{\"@type\":\"BreadcrumbList\",\"@id\":\"https:\/\/www.ntf.uni-lj.si\/omm\/o-oddelku\/katedre\/kp\/#breadcrumb\",\"itemListElement\":[{\"@type\":\"ListItem\",\"position\":1,\"name\":\"Domov\",\"item\":\"https:\/\/www.ntf.uni-lj.si\/omm\/\"},{\"@type\":\"ListItem\",\"position\":2,\"name\":\"O oddelku\",\"item\":\"https:\/\/www.ntf.uni-lj.si\/omm\/o-oddelku\/\"},{\"@type\":\"ListItem\",\"position\":3,\"name\":\"Katedre\",\"item\":\"https:\/\/www.ntf.uni-lj.si\/omm\/o-oddelku\/katedre\/\"},{\"@type\":\"ListItem\",\"position\":4,\"name\":\"Katedra za preoblikovanje materialov\"}]}]}<\/script>\n<!-- \/ Yoast SEO plugin. -->","yoast_head_json":{"robots":{"index":"index","follow":"follow","max-snippet":"max-snippet:-1","max-image-preview":"max-image-preview:large","max-video-preview":"max-video-preview:-1"},"canonical":"https:\/\/www.ntf.uni-lj.si\/omm\/o-oddelku\/katedre\/kp\/","og_locale":"en_US","og_type":"article","og_title":"Katedra za preoblikovanje materialov - OMM","og_description":"Katedra za preoblikovanje materialov PREDSTOJNIK KATEDRE Prof. dr. Goran Kugler Tel: 01 777 27 41 e-mail: goran.kugler@ntf.uni-lj.si \u010cLANI KATEDRE Prof. dr. Toma\u017e Rodi\u010d Tel: 01 2000 442 in 01 2000 444 e-mail: tomaz.rodic@space.si Prof. dr. Milan Ter\u010delj Tel: 01 2000 462 e-mail: milan.tercelj@ntf.uni-lj.si Izr. prof. dr. Janko Bra\u010di\u010d Tel: 01 2000 460 e-mail: janko.bracic@ntf.uni-lj.si Prof. ... Read more","og_url":"https:\/\/www.ntf.uni-lj.si\/omm\/o-oddelku\/katedre\/kp\/","og_site_name":"OMM","article_modified_time":"2025-11-04T11:45:50+00:00","og_image":[{"url":"https:\/\/www.ntf.uni-lj.si\/omm\/wp-content\/uploads\/sites\/5\/2025\/10\/565787816_1339189554667250_4707845657134597024_n-300x218.jpg"}],"twitter_misc":{"Est. reading time":"3 minutes"},"schema":{"@context":"https:\/\/schema.org","@graph":[{"@type":"WebSite","@id":"https:\/\/www.ntf.uni-lj.si\/omm\/#website","url":"https:\/\/www.ntf.uni-lj.si\/omm\/","name":"OMM","description":"Oddelek za materiale in metalurgijo","potentialAction":[{"@type":"SearchAction","target":{"@type":"EntryPoint","urlTemplate":"https:\/\/www.ntf.uni-lj.si\/omm\/?s={search_term_string}"},"query-input":"required name=search_term_string"}],"inLanguage":"en-US"},{"@type":"ImageObject","@id":"https:\/\/www.ntf.uni-lj.si\/omm\/o-oddelku\/katedre\/kp\/#primaryimage","inLanguage":"en-US","url":"https:\/\/www.ntf.uni-lj.si\/omm\/wp-content\/uploads\/sites\/5\/2025\/10\/565787816_1339189554667250_4707845657134597024_n.jpg","contentUrl":"https:\/\/www.ntf.uni-lj.si\/omm\/wp-content\/uploads\/sites\/5\/2025\/10\/565787816_1339189554667250_4707845657134597024_n.jpg","width":1508,"height":1097},{"@type":"WebPage","@id":"https:\/\/www.ntf.uni-lj.si\/omm\/o-oddelku\/katedre\/kp\/#webpage","url":"https:\/\/www.ntf.uni-lj.si\/omm\/o-oddelku\/katedre\/kp\/","name":"Katedra za preoblikovanje materialov - OMM","isPartOf":{"@id":"https:\/\/www.ntf.uni-lj.si\/omm\/#website"},"primaryImageOfPage":{"@id":"https:\/\/www.ntf.uni-lj.si\/omm\/o-oddelku\/katedre\/kp\/#primaryimage"},"datePublished":"2015-05-08T07:36:44+00:00","dateModified":"2025-11-04T11:45:50+00:00","breadcrumb":{"@id":"https:\/\/www.ntf.uni-lj.si\/omm\/o-oddelku\/katedre\/kp\/#breadcrumb"},"inLanguage":"en-US","potentialAction":[{"@type":"ReadAction","target":["https:\/\/www.ntf.uni-lj.si\/omm\/o-oddelku\/katedre\/kp\/"]}]},{"@type":"BreadcrumbList","@id":"https:\/\/www.ntf.uni-lj.si\/omm\/o-oddelku\/katedre\/kp\/#breadcrumb","itemListElement":[{"@type":"ListItem","position":1,"name":"Domov","item":"https:\/\/www.ntf.uni-lj.si\/omm\/"},{"@type":"ListItem","position":2,"name":"O oddelku","item":"https:\/\/www.ntf.uni-lj.si\/omm\/o-oddelku\/"},{"@type":"ListItem","position":3,"name":"Katedre","item":"https:\/\/www.ntf.uni-lj.si\/omm\/o-oddelku\/katedre\/"},{"@type":"ListItem","position":4,"name":"Katedra za preoblikovanje materialov"}]}]}},"_links":{"self":[{"href":"https:\/\/www.ntf.uni-lj.si\/omm\/wp-json\/wp\/v2\/pages\/4116"}],"collection":[{"href":"https:\/\/www.ntf.uni-lj.si\/omm\/wp-json\/wp\/v2\/pages"}],"about":[{"href":"https:\/\/www.ntf.uni-lj.si\/omm\/wp-json\/wp\/v2\/types\/page"}],"author":[{"embeddable":true,"href":"https:\/\/www.ntf.uni-lj.si\/omm\/wp-json\/wp\/v2\/users\/15"}],"replies":[{"embeddable":true,"href":"https:\/\/www.ntf.uni-lj.si\/omm\/wp-json\/wp\/v2\/comments?post=4116"}],"version-history":[{"count":44,"href":"https:\/\/www.ntf.uni-lj.si\/omm\/wp-json\/wp\/v2\/pages\/4116\/revisions"}],"predecessor-version":[{"id":11425,"href":"https:\/\/www.ntf.uni-lj.si\/omm\/wp-json\/wp\/v2\/pages\/4116\/revisions\/11425"}],"up":[{"embeddable":true,"href":"https:\/\/www.ntf.uni-lj.si\/omm\/wp-json\/wp\/v2\/pages\/4081"}],"wp:attachment":[{"href":"https:\/\/www.ntf.uni-lj.si\/omm\/wp-json\/wp\/v2\/media?parent=4116"}],"curies":[{"name":"wp","href":"https:\/\/api.w.org\/{rel}","templated":true}]}}