{"id":4119,"date":"2015-05-08T07:37:12","date_gmt":"2015-05-08T07:37:12","guid":{"rendered":"http:\/\/www.ntf.uni-lj.si\/omm\/?page_id=4119"},"modified":"2017-09-19T15:50:23","modified_gmt":"2017-09-19T13:50:23","slug":"cmf","status":"publish","type":"page","link":"https:\/\/www.ntf.uni-lj.si\/omm\/en\/about-deparment\/about-chair\/cmf\/","title":{"rendered":"Chair of Materials Forming"},"content":{"rendered":"<h2>Chair of Materials Forming<\/h2>\n<p><strong>HEAD OF CHAIR<\/strong><br \/>\nProf. Goran Kugler, DrSc<br \/>\nTel: +386 1 2000 452<br \/>\ne-mail: goran.kugler@ntf.uni-lj.si<\/p>\n<p><strong>CHAIR ASSOCIATES<\/strong><br \/>\nProf. Toma\u017e Rodi\u010d, DrSc<br \/>\nTel: +386 1 2000 440 and +386 1 2000 444<br \/>\ne-mail: tomaz.rodic@space.si<\/p>\n<p>Prof. Milan Ter\u010delj, DrSc<br \/>\nTel: +386 1 4704 506<br \/>\ne-mail: milan.tercelj@ntf.uni-lj.si<\/p>\n<p>Assoc. prof. Janko Bra\u010di\u010d, DrSc<br \/>\nTel: +386 1 4704 505<br \/>\ne-mail: janko.bracic@ntf.uni-lj.si<\/p>\n<p>Prof. Peter Fajfar, DrSc<br \/>\nTel: +386 1 4250 316<br \/>\ne-mail: peter.fajfar@ntf.uni-lj.si<\/p>\n<p>Andrej Penko, tech. assist.<br \/>\nTel: +386 1 2000 434<br \/>\ne-mail: celestin.nzobandora@ntf.uni-lj.si<\/p>\n<p>Alenka \u0160alej, young researcher<br \/>\nTel: +386 1 2000 455<br \/>\ne-mail: alenka.salej@omm.ntf.uni-lj.si<\/p>\n<p>Asisstant Matja\u017e Bre\u010di\u010d, young researcher<br \/>\nTel: +386 1 2000 454<br \/>\ne-mail: matjaz.brecic@omm.ntf.uni-lj.si<\/p>\n<p>Members of the Chair of Materials Forming are involved in the following activities: teaching, scientific research and R&amp;D activities.<br \/>\nOur Chair provides courses in computational materials science, mechanics of plastic deformation, forming properties of materials, technologies of materials forming and organisation of metallurgical and materials production for higher-professional programmes, undergraduate programmes and postgraduate programmes.<\/p>\n<p>We have established good contacts with foreign universities in Germany, UK, France, Austria and the Czech Republic, whereby undergraduate and postgraduate students acquiring research experience can benefit from superior equipment needed in their work. Teaching and research staff are also involved in joint projects with these foreign institutions. We closely cooperate with domestic metallurgical, metal-working and engineering industries both in the development of the existing technologies of manufacturing of semi-finished and finished metallurgical products and in the development of new equipment and technologies of materials forming. The main foci of our research are metals and their alloys, but in recent years our research interest has been extended to polymers and composite materials.<\/p>\n<p>Laboratories<br \/>\nOur laboratories are equipped with modern instruments for performing physical and numerical simulations of forming processes, which is reflected in numerous publications in internationally recognised journals.<\/p>\n<ol>\n<li>Laboratory for simulations of metallurgical thermo-mechanical states<\/li>\n<li>Laboratory for numerical modelling simulations and materials science and metallurgy<\/li>\n<li>Laboratory for measurement techniques and industrial measurements<\/li>\n<li>Laboratory for the development of forming tools and equipment<\/li>\n<\/ol>\n<p>Our major activities are in the field of analysing the properties of materials in plastic state and optimal use of these properties for the production of rolled, forged, pressed, extruded and bended products of massive and plated blanks. Observation, analysis and optimisation of technology chains begin with casting and end with final deformations and thermal treatment as well as with mechanical and surface treatment as appropriate.<\/p>\n<p><a href=\"http:\/\/www.ntf.uni-lj.si\/omm\/wp-content\/uploads\/sites\/5\/2015\/05\/meritve_obrabe_materialov2.jpg\"><img loading=\"lazy\" width=\"264\" height=\"198\" class=\"alignnone size-full wp-image-4899\" src=\"http:\/\/www.ntf.uni-lj.si\/omm\/wp-content\/uploads\/sites\/5\/2015\/05\/meritve_obrabe_materialov2.jpg\" alt=\"meritve_obrabe_materialov\" \/><\/a> <a href=\"http:\/\/www.ntf.uni-lj.si\/omm\/wp-content\/uploads\/sites\/5\/2015\/05\/meritve_obrabe_materialov-Gleeble2.jpg\"><img loading=\"lazy\" width=\"264\" height=\"198\" class=\"alignnone size-full wp-image-4900\" src=\"http:\/\/www.ntf.uni-lj.si\/omm\/wp-content\/uploads\/sites\/5\/2015\/05\/meritve_obrabe_materialov-Gleeble2.jpg\" alt=\"meritve_obrabe_materialov-Gleeble\" \/><\/a><\/p>\n","protected":false},"excerpt":{"rendered":"Chair of Materials Forming HEAD OF CHAIR Prof. Goran Kugler, DrSc Tel: +386 1 2000 452 e-mail: goran.kugler@ntf.uni-lj.si CHAIR ASSOCIATES Prof. Toma\u017e Rodi\u010d, DrSc Tel: +386 1 2000 440 and +386 1 2000 444 e-mail: tomaz.rodic@space.si Prof. Milan Ter\u010delj, DrSc Tel: +386 1 4704 506 e-mail: milan.tercelj@ntf.uni-lj.si Assoc. prof. Janko Bra\u010di\u010d, DrSc Tel: +386 1 &#8230; <a class=\"view-article\" href=\"https:\/\/www.ntf.uni-lj.si\/omm\/en\/about-deparment\/about-chair\/cmf\/\">Read more<\/a>","protected":false},"author":15,"featured_media":0,"parent":4086,"menu_order":50,"comment_status":"closed","ping_status":"closed","template":"","meta":[],"acf":[],"yoast_head":"<!-- This site is optimized with the Yoast SEO plugin v17.0 - https:\/\/yoast.com\/wordpress\/plugins\/seo\/ -->\n<meta name=\"robots\" content=\"index, follow, max-snippet:-1, max-image-preview:large, max-video-preview:-1\" \/>\n<link rel=\"canonical\" href=\"https:\/\/www.ntf.uni-lj.si\/omm\/en\/about-deparment\/about-chair\/cmf\/\" \/>\n<meta property=\"og:locale\" content=\"en_US\" \/>\n<meta property=\"og:type\" content=\"article\" \/>\n<meta property=\"og:title\" content=\"Chair of Materials Forming - OMM\" \/>\n<meta property=\"og:description\" content=\"Chair of Materials Forming HEAD OF CHAIR Prof. Goran Kugler, DrSc Tel: +386 1 2000 452 e-mail: goran.kugler@ntf.uni-lj.si CHAIR ASSOCIATES Prof. Toma\u017e Rodi\u010d, DrSc Tel: +386 1 2000 440 and +386 1 2000 444 e-mail: tomaz.rodic@space.si Prof. Milan Ter\u010delj, DrSc Tel: +386 1 4704 506 e-mail: milan.tercelj@ntf.uni-lj.si Assoc. prof. Janko Bra\u010di\u010d, DrSc Tel: +386 1 ... Read more\" \/>\n<meta property=\"og:url\" content=\"https:\/\/www.ntf.uni-lj.si\/omm\/en\/about-deparment\/about-chair\/cmf\/\" \/>\n<meta property=\"og:site_name\" content=\"OMM\" \/>\n<meta property=\"article:modified_time\" content=\"2017-09-19T13:50:23+00:00\" \/>\n<meta property=\"og:image\" content=\"http:\/\/www.ntf.uni-lj.si\/omm\/wp-content\/uploads\/sites\/5\/2015\/05\/meritve_obrabe_materialov2.jpg\" \/>\n<meta name=\"twitter:label1\" content=\"Est. reading time\" \/>\n\t<meta name=\"twitter:data1\" content=\"2 minutes\" \/>\n<script type=\"application\/ld+json\" class=\"yoast-schema-graph\">{\"@context\":\"https:\/\/schema.org\",\"@graph\":[{\"@type\":\"WebSite\",\"@id\":\"https:\/\/www.ntf.uni-lj.si\/omm\/#website\",\"url\":\"https:\/\/www.ntf.uni-lj.si\/omm\/\",\"name\":\"OMM\",\"description\":\"Oddelek za materiale in metalurgijo\",\"potentialAction\":[{\"@type\":\"SearchAction\",\"target\":{\"@type\":\"EntryPoint\",\"urlTemplate\":\"https:\/\/www.ntf.uni-lj.si\/omm\/?s={search_term_string}\"},\"query-input\":\"required name=search_term_string\"}],\"inLanguage\":\"en-US\"},{\"@type\":\"ImageObject\",\"@id\":\"https:\/\/www.ntf.uni-lj.si\/omm\/en\/about-deparment\/about-chair\/cmf\/#primaryimage\",\"inLanguage\":\"en-US\",\"url\":\"http:\/\/www.ntf.uni-lj.si\/omm\/wp-content\/uploads\/sites\/5\/2015\/05\/meritve_obrabe_materialov2.jpg\",\"contentUrl\":\"http:\/\/www.ntf.uni-lj.si\/omm\/wp-content\/uploads\/sites\/5\/2015\/05\/meritve_obrabe_materialov2.jpg\"},{\"@type\":\"WebPage\",\"@id\":\"https:\/\/www.ntf.uni-lj.si\/omm\/en\/about-deparment\/about-chair\/cmf\/#webpage\",\"url\":\"https:\/\/www.ntf.uni-lj.si\/omm\/en\/about-deparment\/about-chair\/cmf\/\",\"name\":\"Chair of Materials Forming - OMM\",\"isPartOf\":{\"@id\":\"https:\/\/www.ntf.uni-lj.si\/omm\/#website\"},\"primaryImageOfPage\":{\"@id\":\"https:\/\/www.ntf.uni-lj.si\/omm\/en\/about-deparment\/about-chair\/cmf\/#primaryimage\"},\"datePublished\":\"2015-05-08T07:37:12+00:00\",\"dateModified\":\"2017-09-19T13:50:23+00:00\",\"breadcrumb\":{\"@id\":\"https:\/\/www.ntf.uni-lj.si\/omm\/en\/about-deparment\/about-chair\/cmf\/#breadcrumb\"},\"inLanguage\":\"en-US\",\"potentialAction\":[{\"@type\":\"ReadAction\",\"target\":[\"https:\/\/www.ntf.uni-lj.si\/omm\/en\/about-deparment\/about-chair\/cmf\/\"]}]},{\"@type\":\"BreadcrumbList\",\"@id\":\"https:\/\/www.ntf.uni-lj.si\/omm\/en\/about-deparment\/about-chair\/cmf\/#breadcrumb\",\"itemListElement\":[{\"@type\":\"ListItem\",\"position\":1,\"name\":\"Domov\",\"item\":\"https:\/\/www.ntf.uni-lj.si\/omm\/\"},{\"@type\":\"ListItem\",\"position\":2,\"name\":\"About deparment\",\"item\":\"https:\/\/www.ntf.uni-lj.si\/omm\/en\/about-deparment\/\"},{\"@type\":\"ListItem\",\"position\":3,\"name\":\"Chairs\",\"item\":\"https:\/\/www.ntf.uni-lj.si\/omm\/en\/about-deparment\/about-chair\/\"},{\"@type\":\"ListItem\",\"position\":4,\"name\":\"Chair of Materials Forming\"}]}]}<\/script>\n<!-- \/ Yoast SEO plugin. -->","yoast_head_json":{"robots":{"index":"index","follow":"follow","max-snippet":"max-snippet:-1","max-image-preview":"max-image-preview:large","max-video-preview":"max-video-preview:-1"},"canonical":"https:\/\/www.ntf.uni-lj.si\/omm\/en\/about-deparment\/about-chair\/cmf\/","og_locale":"en_US","og_type":"article","og_title":"Chair of Materials Forming - OMM","og_description":"Chair of Materials Forming HEAD OF CHAIR Prof. Goran Kugler, DrSc Tel: +386 1 2000 452 e-mail: goran.kugler@ntf.uni-lj.si CHAIR ASSOCIATES Prof. Toma\u017e Rodi\u010d, DrSc Tel: +386 1 2000 440 and +386 1 2000 444 e-mail: tomaz.rodic@space.si Prof. Milan Ter\u010delj, DrSc Tel: +386 1 4704 506 e-mail: milan.tercelj@ntf.uni-lj.si Assoc. prof. Janko Bra\u010di\u010d, DrSc Tel: +386 1 ... Read more","og_url":"https:\/\/www.ntf.uni-lj.si\/omm\/en\/about-deparment\/about-chair\/cmf\/","og_site_name":"OMM","article_modified_time":"2017-09-19T13:50:23+00:00","og_image":[{"url":"http:\/\/www.ntf.uni-lj.si\/omm\/wp-content\/uploads\/sites\/5\/2015\/05\/meritve_obrabe_materialov2.jpg"}],"twitter_misc":{"Est. reading time":"2 minutes"},"schema":{"@context":"https:\/\/schema.org","@graph":[{"@type":"WebSite","@id":"https:\/\/www.ntf.uni-lj.si\/omm\/#website","url":"https:\/\/www.ntf.uni-lj.si\/omm\/","name":"OMM","description":"Oddelek za materiale in metalurgijo","potentialAction":[{"@type":"SearchAction","target":{"@type":"EntryPoint","urlTemplate":"https:\/\/www.ntf.uni-lj.si\/omm\/?s={search_term_string}"},"query-input":"required name=search_term_string"}],"inLanguage":"en-US"},{"@type":"ImageObject","@id":"https:\/\/www.ntf.uni-lj.si\/omm\/en\/about-deparment\/about-chair\/cmf\/#primaryimage","inLanguage":"en-US","url":"http:\/\/www.ntf.uni-lj.si\/omm\/wp-content\/uploads\/sites\/5\/2015\/05\/meritve_obrabe_materialov2.jpg","contentUrl":"http:\/\/www.ntf.uni-lj.si\/omm\/wp-content\/uploads\/sites\/5\/2015\/05\/meritve_obrabe_materialov2.jpg"},{"@type":"WebPage","@id":"https:\/\/www.ntf.uni-lj.si\/omm\/en\/about-deparment\/about-chair\/cmf\/#webpage","url":"https:\/\/www.ntf.uni-lj.si\/omm\/en\/about-deparment\/about-chair\/cmf\/","name":"Chair of Materials Forming - OMM","isPartOf":{"@id":"https:\/\/www.ntf.uni-lj.si\/omm\/#website"},"primaryImageOfPage":{"@id":"https:\/\/www.ntf.uni-lj.si\/omm\/en\/about-deparment\/about-chair\/cmf\/#primaryimage"},"datePublished":"2015-05-08T07:37:12+00:00","dateModified":"2017-09-19T13:50:23+00:00","breadcrumb":{"@id":"https:\/\/www.ntf.uni-lj.si\/omm\/en\/about-deparment\/about-chair\/cmf\/#breadcrumb"},"inLanguage":"en-US","potentialAction":[{"@type":"ReadAction","target":["https:\/\/www.ntf.uni-lj.si\/omm\/en\/about-deparment\/about-chair\/cmf\/"]}]},{"@type":"BreadcrumbList","@id":"https:\/\/www.ntf.uni-lj.si\/omm\/en\/about-deparment\/about-chair\/cmf\/#breadcrumb","itemListElement":[{"@type":"ListItem","position":1,"name":"Domov","item":"https:\/\/www.ntf.uni-lj.si\/omm\/"},{"@type":"ListItem","position":2,"name":"About deparment","item":"https:\/\/www.ntf.uni-lj.si\/omm\/en\/about-deparment\/"},{"@type":"ListItem","position":3,"name":"Chairs","item":"https:\/\/www.ntf.uni-lj.si\/omm\/en\/about-deparment\/about-chair\/"},{"@type":"ListItem","position":4,"name":"Chair of Materials Forming"}]}]}},"_links":{"self":[{"href":"https:\/\/www.ntf.uni-lj.si\/omm\/wp-json\/wp\/v2\/pages\/4119"}],"collection":[{"href":"https:\/\/www.ntf.uni-lj.si\/omm\/wp-json\/wp\/v2\/pages"}],"about":[{"href":"https:\/\/www.ntf.uni-lj.si\/omm\/wp-json\/wp\/v2\/types\/page"}],"author":[{"embeddable":true,"href":"https:\/\/www.ntf.uni-lj.si\/omm\/wp-json\/wp\/v2\/users\/15"}],"replies":[{"embeddable":true,"href":"https:\/\/www.ntf.uni-lj.si\/omm\/wp-json\/wp\/v2\/comments?post=4119"}],"version-history":[{"count":11,"href":"https:\/\/www.ntf.uni-lj.si\/omm\/wp-json\/wp\/v2\/pages\/4119\/revisions"}],"predecessor-version":[{"id":8682,"href":"https:\/\/www.ntf.uni-lj.si\/omm\/wp-json\/wp\/v2\/pages\/4119\/revisions\/8682"}],"up":[{"embeddable":true,"href":"https:\/\/www.ntf.uni-lj.si\/omm\/wp-json\/wp\/v2\/pages\/4086"}],"wp:attachment":[{"href":"https:\/\/www.ntf.uni-lj.si\/omm\/wp-json\/wp\/v2\/media?parent=4119"}],"curies":[{"name":"wp","href":"https:\/\/api.w.org\/{rel}","templated":true}]}}