{"id":4168,"date":"2015-05-08T08:14:54","date_gmt":"2015-05-08T08:14:54","guid":{"rendered":"http:\/\/www.ntf.uni-lj.si\/omm\/?page_id=4168"},"modified":"2026-02-16T13:50:21","modified_gmt":"2026-02-16T12:50:21","slug":"alumni","status":"publish","type":"page","link":"https:\/\/www.ntf.uni-lj.si\/omm\/o-oddelku\/alumni\/","title":{"rendered":"Alumni"},"content":{"rendered":"<p style=\"text-align: center\"><a href=\"https:\/\/www.ntf.uni-lj.si\/omm\/wp-content\/uploads\/sites\/5\/2017\/01\/logoal.jpg\"><img loading=\"lazy\" class=\"alignnone wp-image-8452\" src=\"https:\/\/www.ntf.uni-lj.si\/omm\/wp-content\/uploads\/sites\/5\/2017\/01\/logoal.jpg\" alt=\"\" width=\"190\" height=\"199\" \/><\/a><\/p>\n<p>&nbsp;<\/p>\n<p><strong>Dobrodo\u0161li v Klubu alumni Oddelka za materiale in metalurgijo<\/strong><\/p>\n<p>Klub alumni Naravoslovnotehni\u0161ke fakultete Oddelka za materiale in metalurgijo Univerze v Ljubljani zdru\u017euje diplomante vseh generacij, ki so kadar koli diplomirali na tej fakulteti oziroma Oddelku za materiale in metalurgijo.<\/p>\n<p>Namen kluba je ohranjati stik z oddelkom, spodbujati strokovno povezovanje, izmenjavo izku\u0161enj ter sodelovanje med akademskim okoljem in prakso. Alumni klub je prostor sre\u010devanja, mre\u017eenja in sodelovanja \u2013 pa tudi prilo\u017enost, da s svojim znanjem in izku\u0161njami prispevamo k razvoju stroke in podpori prihodnjim generacijam.<\/p>\n<p>Vabimo vas, da se v\u010dlanite v alumni skupnost. Vpisnico lahko oddate prek spletne povezave <strong>Alumni UL<\/strong>, kjer je na voljo splo\u0161na prijavnica za celotno Univerzo v Ljubljani, ki je enostavna za uporabo. V vrstici \u00bbOddelek\/smer, kjer sem zaklju\u010dil \u0161tudij\u00ab obvezno navedite: <strong>Oddelek za materiale in metalurgijo.<\/strong><\/p>\n<p>\u010ce bi prijavnico raje izpolnili na klasi\u010den na\u010din, je spodaj na voljo kot priloga. Izpolnjeno in podpisano prijavnico po\u0161ljete po klasi\u010dni po\u0161ti na naslov:<br \/>\n<strong>Univerza v Ljubljani, Alumni UL, Kongresni trg 12, 1000 Ljubljana.<\/strong><\/p>\n<p>Dvakrat letno izdamo tudi <strong>\u010dasopis Alumni OMM<\/strong>, v katerem predstavljamo novice in zgodbe na\u0161ih alumnov. Vabimo vas, da nam po\u0161ljete prispevke o svojem delu, projektih ali zanimivih izku\u0161njah iz okolja, v katerem delujete. Prispevke lahko po\u0161ljete na e-naslov: <a href=\"mailto:alumni@omm.ntf.uni-lj.si\"><strong>alumni@omm.ntf.uni-lj.si<\/strong><\/a>.<\/p>\n<p>Najmanj enkrat letno organiziramo <strong>sre\u010danje<\/strong> alumnov OMM.<\/p>\n<p>Veseli bomo va\u0161ega \u010dlanstva in aktivnega sodelovanja v alumni skupnosti Oddelka za materiale in metalurgijo.<\/p>\n<p>predsednik Peter Fajfar<\/p>\n","protected":false},"excerpt":{"rendered":"&nbsp; Dobrodo\u0161li v Klubu alumni Oddelka za materiale in metalurgijo Klub alumni Naravoslovnotehni\u0161ke fakultete Oddelka za materiale in metalurgijo Univerze v Ljubljani zdru\u017euje diplomante vseh generacij, ki so kadar koli diplomirali na tej fakulteti oziroma Oddelku za materiale in metalurgijo. Namen kluba je ohranjati stik z oddelkom, spodbujati strokovno povezovanje, izmenjavo izku\u0161enj ter sodelovanje med &#8230; <a class=\"view-article\" href=\"https:\/\/www.ntf.uni-lj.si\/omm\/o-oddelku\/alumni\/\">Read more<\/a>","protected":false},"author":15,"featured_media":8452,"parent":4049,"menu_order":60,"comment_status":"closed","ping_status":"closed","template":"","meta":[],"acf":[],"yoast_head":"<!-- This site is optimized with the Yoast SEO plugin v17.0 - https:\/\/yoast.com\/wordpress\/plugins\/seo\/ -->\n<meta name=\"description\" content=\"Alumni klub Naravoslovnotehni\u0161ke fakultete Oddelka za materiale in metalurgijo Univerze v Ljubljani zdru\u017euje diplomante vseh generacij.\" \/>\n<meta name=\"robots\" content=\"index, follow, max-snippet:-1, max-image-preview:large, max-video-preview:-1\" \/>\n<link rel=\"canonical\" href=\"https:\/\/www.ntf.uni-lj.si\/omm\/o-oddelku\/alumni\/\" \/>\n<meta property=\"og:locale\" content=\"en_US\" \/>\n<meta property=\"og:type\" content=\"article\" \/>\n<meta property=\"og:title\" content=\"Alumni - OMM\" \/>\n<meta property=\"og:description\" content=\"Alumni klub Naravoslovnotehni\u0161ke fakultete Oddelka za materiale in metalurgijo Univerze v Ljubljani zdru\u017euje diplomante vseh generacij.\" \/>\n<meta property=\"og:url\" content=\"https:\/\/www.ntf.uni-lj.si\/omm\/o-oddelku\/alumni\/\" \/>\n<meta property=\"og:site_name\" content=\"OMM\" \/>\n<meta property=\"article:modified_time\" content=\"2026-02-16T12:50:21+00:00\" \/>\n<meta property=\"og:image\" content=\"https:\/\/www.ntf.uni-lj.si\/omm\/wp-content\/uploads\/sites\/5\/2017\/01\/logoal-e1762267792167.jpg\" \/>\n\t<meta property=\"og:image:width\" content=\"272\" \/>\n\t<meta property=\"og:image:height\" content=\"285\" \/>\n<meta name=\"twitter:label1\" content=\"Est. reading time\" \/>\n\t<meta name=\"twitter:data1\" content=\"1 minute\" \/>\n<script type=\"application\/ld+json\" class=\"yoast-schema-graph\">{\"@context\":\"https:\/\/schema.org\",\"@graph\":[{\"@type\":\"WebSite\",\"@id\":\"https:\/\/www.ntf.uni-lj.si\/omm\/#website\",\"url\":\"https:\/\/www.ntf.uni-lj.si\/omm\/\",\"name\":\"OMM\",\"description\":\"Oddelek za materiale in metalurgijo\",\"potentialAction\":[{\"@type\":\"SearchAction\",\"target\":{\"@type\":\"EntryPoint\",\"urlTemplate\":\"https:\/\/www.ntf.uni-lj.si\/omm\/?s={search_term_string}\"},\"query-input\":\"required name=search_term_string\"}],\"inLanguage\":\"en-US\"},{\"@type\":\"ImageObject\",\"@id\":\"https:\/\/www.ntf.uni-lj.si\/omm\/o-oddelku\/alumni\/#primaryimage\",\"inLanguage\":\"en-US\",\"url\":\"https:\/\/www.ntf.uni-lj.si\/omm\/wp-content\/uploads\/sites\/5\/2017\/01\/logoal-e1762267792167.jpg\",\"contentUrl\":\"https:\/\/www.ntf.uni-lj.si\/omm\/wp-content\/uploads\/sites\/5\/2017\/01\/logoal-e1762267792167.jpg\",\"width\":272,\"height\":285},{\"@type\":\"WebPage\",\"@id\":\"https:\/\/www.ntf.uni-lj.si\/omm\/o-oddelku\/alumni\/#webpage\",\"url\":\"https:\/\/www.ntf.uni-lj.si\/omm\/o-oddelku\/alumni\/\",\"name\":\"Alumni - OMM\",\"isPartOf\":{\"@id\":\"https:\/\/www.ntf.uni-lj.si\/omm\/#website\"},\"primaryImageOfPage\":{\"@id\":\"https:\/\/www.ntf.uni-lj.si\/omm\/o-oddelku\/alumni\/#primaryimage\"},\"datePublished\":\"2015-05-08T08:14:54+00:00\",\"dateModified\":\"2026-02-16T12:50:21+00:00\",\"description\":\"Alumni klub Naravoslovnotehni\\u0161ke fakultete Oddelka za materiale in metalurgijo Univerze v Ljubljani zdru\\u017euje diplomante vseh generacij.\",\"breadcrumb\":{\"@id\":\"https:\/\/www.ntf.uni-lj.si\/omm\/o-oddelku\/alumni\/#breadcrumb\"},\"inLanguage\":\"en-US\",\"potentialAction\":[{\"@type\":\"ReadAction\",\"target\":[\"https:\/\/www.ntf.uni-lj.si\/omm\/o-oddelku\/alumni\/\"]}]},{\"@type\":\"BreadcrumbList\",\"@id\":\"https:\/\/www.ntf.uni-lj.si\/omm\/o-oddelku\/alumni\/#breadcrumb\",\"itemListElement\":[{\"@type\":\"ListItem\",\"position\":1,\"name\":\"Domov\",\"item\":\"https:\/\/www.ntf.uni-lj.si\/omm\/\"},{\"@type\":\"ListItem\",\"position\":2,\"name\":\"O oddelku\",\"item\":\"https:\/\/www.ntf.uni-lj.si\/omm\/o-oddelku\/\"},{\"@type\":\"ListItem\",\"position\":3,\"name\":\"Alumni\"}]}]}<\/script>\n<!-- \/ Yoast SEO plugin. -->","yoast_head_json":{"description":"Alumni klub Naravoslovnotehni\u0161ke fakultete Oddelka za materiale in metalurgijo Univerze v Ljubljani zdru\u017euje diplomante vseh generacij.","robots":{"index":"index","follow":"follow","max-snippet":"max-snippet:-1","max-image-preview":"max-image-preview:large","max-video-preview":"max-video-preview:-1"},"canonical":"https:\/\/www.ntf.uni-lj.si\/omm\/o-oddelku\/alumni\/","og_locale":"en_US","og_type":"article","og_title":"Alumni - OMM","og_description":"Alumni klub Naravoslovnotehni\u0161ke fakultete Oddelka za materiale in metalurgijo Univerze v Ljubljani zdru\u017euje diplomante vseh generacij.","og_url":"https:\/\/www.ntf.uni-lj.si\/omm\/o-oddelku\/alumni\/","og_site_name":"OMM","article_modified_time":"2026-02-16T12:50:21+00:00","og_image":[{"width":272,"height":285,"url":"https:\/\/www.ntf.uni-lj.si\/omm\/wp-content\/uploads\/sites\/5\/2017\/01\/logoal-e1762267792167.jpg","path":"\/web\/html\/ntf\/public_html\/wp-content\/uploads\/sites\/5\/2017\/01\/logoal-e1762267792167.jpg","size":"full","id":8452,"alt":"","pixels":77520,"type":"image\/jpeg"}],"twitter_misc":{"Est. reading time":"1 minute"},"schema":{"@context":"https:\/\/schema.org","@graph":[{"@type":"WebSite","@id":"https:\/\/www.ntf.uni-lj.si\/omm\/#website","url":"https:\/\/www.ntf.uni-lj.si\/omm\/","name":"OMM","description":"Oddelek za materiale in metalurgijo","potentialAction":[{"@type":"SearchAction","target":{"@type":"EntryPoint","urlTemplate":"https:\/\/www.ntf.uni-lj.si\/omm\/?s={search_term_string}"},"query-input":"required name=search_term_string"}],"inLanguage":"en-US"},{"@type":"ImageObject","@id":"https:\/\/www.ntf.uni-lj.si\/omm\/o-oddelku\/alumni\/#primaryimage","inLanguage":"en-US","url":"https:\/\/www.ntf.uni-lj.si\/omm\/wp-content\/uploads\/sites\/5\/2017\/01\/logoal-e1762267792167.jpg","contentUrl":"https:\/\/www.ntf.uni-lj.si\/omm\/wp-content\/uploads\/sites\/5\/2017\/01\/logoal-e1762267792167.jpg","width":272,"height":285},{"@type":"WebPage","@id":"https:\/\/www.ntf.uni-lj.si\/omm\/o-oddelku\/alumni\/#webpage","url":"https:\/\/www.ntf.uni-lj.si\/omm\/o-oddelku\/alumni\/","name":"Alumni - OMM","isPartOf":{"@id":"https:\/\/www.ntf.uni-lj.si\/omm\/#website"},"primaryImageOfPage":{"@id":"https:\/\/www.ntf.uni-lj.si\/omm\/o-oddelku\/alumni\/#primaryimage"},"datePublished":"2015-05-08T08:14:54+00:00","dateModified":"2026-02-16T12:50:21+00:00","description":"Alumni klub Naravoslovnotehni\u0161ke fakultete Oddelka za materiale in metalurgijo Univerze v Ljubljani zdru\u017euje diplomante vseh generacij.","breadcrumb":{"@id":"https:\/\/www.ntf.uni-lj.si\/omm\/o-oddelku\/alumni\/#breadcrumb"},"inLanguage":"en-US","potentialAction":[{"@type":"ReadAction","target":["https:\/\/www.ntf.uni-lj.si\/omm\/o-oddelku\/alumni\/"]}]},{"@type":"BreadcrumbList","@id":"https:\/\/www.ntf.uni-lj.si\/omm\/o-oddelku\/alumni\/#breadcrumb","itemListElement":[{"@type":"ListItem","position":1,"name":"Domov","item":"https:\/\/www.ntf.uni-lj.si\/omm\/"},{"@type":"ListItem","position":2,"name":"O oddelku","item":"https:\/\/www.ntf.uni-lj.si\/omm\/o-oddelku\/"},{"@type":"ListItem","position":3,"name":"Alumni"}]}]}},"_links":{"self":[{"href":"https:\/\/www.ntf.uni-lj.si\/omm\/wp-json\/wp\/v2\/pages\/4168"}],"collection":[{"href":"https:\/\/www.ntf.uni-lj.si\/omm\/wp-json\/wp\/v2\/pages"}],"about":[{"href":"https:\/\/www.ntf.uni-lj.si\/omm\/wp-json\/wp\/v2\/types\/page"}],"author":[{"embeddable":true,"href":"https:\/\/www.ntf.uni-lj.si\/omm\/wp-json\/wp\/v2\/users\/15"}],"replies":[{"embeddable":true,"href":"https:\/\/www.ntf.uni-lj.si\/omm\/wp-json\/wp\/v2\/comments?post=4168"}],"version-history":[{"count":67,"href":"https:\/\/www.ntf.uni-lj.si\/omm\/wp-json\/wp\/v2\/pages\/4168\/revisions"}],"predecessor-version":[{"id":11773,"href":"https:\/\/www.ntf.uni-lj.si\/omm\/wp-json\/wp\/v2\/pages\/4168\/revisions\/11773"}],"up":[{"embeddable":true,"href":"https:\/\/www.ntf.uni-lj.si\/omm\/wp-json\/wp\/v2\/pages\/4049"}],"wp:featuredmedia":[{"embeddable":true,"href":"https:\/\/www.ntf.uni-lj.si\/omm\/wp-json\/wp\/v2\/media\/8452"}],"wp:attachment":[{"href":"https:\/\/www.ntf.uni-lj.si\/omm\/wp-json\/wp\/v2\/media?parent=4168"}],"curies":[{"name":"wp","href":"https:\/\/api.w.org\/{rel}","templated":true}]}}