{"id":4269,"date":"2015-05-08T09:06:10","date_gmt":"2015-05-08T09:06:10","guid":{"rendered":"http:\/\/www.ntf.uni-lj.si\/omm\/?page_id=4269"},"modified":"2024-02-06T09:35:13","modified_gmt":"2024-02-06T08:35:13","slug":"pogoji-za-vpis","status":"publish","type":"page","link":"https:\/\/www.ntf.uni-lj.si\/omm\/studij\/1-stopnja\/inzenirstvo-materialov-un\/pogoji-za-vpis\/","title":{"rendered":"Pogoji za vpis"},"content":{"rendered":"<p><strong>Pogoji za vpis in merila za izbiro ob omejitvi vpisa<\/strong><\/p>\n<p>V dodiplomski prvostopenjski univerzitetni \u0161tudijski program In\u017eenirstvo materialov se lahko vpi\u0161e:<\/p>\n<p>a) kdor je opravil maturo,<\/p>\n<p>b) kdor je opravil poklicno maturo v kateremkoli srednje\u0161olskem programu in izpit iz enega od predmetov splo\u0161ne mature; izbrani predmet ne sme biti predmet, ki ga je kandidat \u017ee opravil pri poklicni maturi (ti pogoji bodo spremenjeni za \u0161tudijsko leto 2025\/26).<\/p>\n<p>c) kdor je pred 1. 6. 1995 kon\u010dal katerikoli \u0161tiriletni srednje\u0161olski program.<\/p>\n<p>V programu se predvideva 75 vpisnih mest za redni \u0161tudij in 30 vpisnih mest za izredni \u0161tudij.<\/p>\n<p>\u010ce \u0161tevilo prijavljenih kandidatov presega \u0161tevilo vpisnih mest je omejitev vpisa.<\/p>\n<p>&nbsp;<\/p>\n<p>Povezava: <a href=\"https:\/\/www.ntf.uni-lj.si\/ntf\/news\/18488\/?preview=true\">https:\/\/www.ntf.uni-lj.si\/ntf\/news\/18488\/?preview=true<\/a><\/p>\n<p><strong>V primeru omejitve vpisa:<\/strong><\/p>\n<p>Kandidati iz to\u010dk a) in c) izbrani glede na:<\/p>\n<p>&#8211; splo\u0161ni uspeh pri maturi oziroma zaklju\u010dnem izpitu 60 % to\u010dk,<\/p>\n<p>&#8211; splo\u0161ni uspeh v 3. in 4. letniku 40 % to\u010dk;<\/p>\n<p>kandidati iz to\u010dke b) izbrani glede na:<\/p>\n<p>&#8211; splo\u0161ni uspeh pri poklicni maturi 40 % to\u010dk,<\/p>\n<p>&#8211; splo\u0161ni uspeh v 3. in 4. letniku 40 % to\u010dk,<\/p>\n<p>&#8211; uspeh pri maturitetnem predmetu 20 % to\u010dk.<\/p>\n<p><strong>Merila za priznavanje znanj in spretnosti, pridobljenih pred vpisom v program<\/strong><\/p>\n<p>\u0160tudentu se lahko priznajo znanja, ki po vsebini in obsegu ustrezajo u\u010dnim vsebinam predmetov v programu In\u017eenirstvo materialov. O priznavanju znanj in spretnosti pridobljenih pred vpisom odlo\u010da \u0160tudijska komisija oddelka za Materiale in metalurgijo UL NTF na podlagi pisne vloge \u0161tudenta, prilo\u017eenih spri\u010deval in drugih listin, ki dokazujejo uspe\u0161no pridobljeno znanje ter vsebino teh znanj, ter v skladu s Pravilnikom o postopku in merilih za priznavanje neformalnega pridobljenega znanja in spretnosti, sprejetega na 15. seji Senata UL, 29.5.2007.<\/p>\n<p>Pri priznavanju znanj in spretnosti se:<\/p>\n<p>&#8211; upo\u0161tevajo spri\u010devala in druge listine o kon\u010danih te\u010dajih in drugih oblikah izobra\u017eevanja,<\/p>\n<p>&#8211; ocenjujejo izdelki, storitve, objave in druga avtorska dela \u0161tudentov,<\/p>\n<p>&#8211; ocenjuje znanje, ki si ga je \u0161tudent pridobil s samoizobra\u017eevanjem ali z izkustvenim u\u010denjem (mo\u017enost opravljanja \u0161tudijskih obveznosti brez udele\u017ebe na predavanjih, vajah, seminarjih),<\/p>\n<p>&#8211; upo\u0161tevajo ustrezne delovne izku\u0161nje.<\/p>\n<p>V primeru, da \u0160tudijski odbor oddelka ugotovi, da se pridobljeno znanje lahko prizna, se to ovrednoti z enakim \u0161tevilom to\u010dk po ECTS, kot zna\u0161a \u0161tevilo kreditnih to\u010dk pri predmetu.<\/p>\n<p>Za 12 ECTS lahko \u0161tudent izbere na kateri koli fakulteti ali univerzi doma ali v tujini.<\/p>\n<p><strong>PODROBNOSTI O VPISNEM POSTOPKU NAJDETE NA STRANI<\/strong><\/p>\n<p><a href=\"https:\/\/www.ntf.uni-lj.si\/ntf\/studij\/referat\/referat-mont\/vpis\/vpis-za-bruce\/\">https:\/\/www.ntf.uni-lj.si\/ntf\/studij\/referat\/referat-mont\/vpis\/vpis-za-bruce\/<\/a><\/p>\n","protected":false},"excerpt":{"rendered":"Pogoji za vpis in merila za izbiro ob omejitvi vpisa V dodiplomski prvostopenjski univerzitetni \u0161tudijski program In\u017eenirstvo materialov se lahko vpi\u0161e: a) kdor je opravil maturo, b) kdor je opravil poklicno maturo v kateremkoli srednje\u0161olskem programu in izpit iz enega od predmetov splo\u0161ne mature; izbrani predmet ne sme biti predmet, ki ga je kandidat \u017ee &#8230; <a class=\"view-article\" href=\"https:\/\/www.ntf.uni-lj.si\/omm\/studij\/1-stopnja\/inzenirstvo-materialov-un\/pogoji-za-vpis\/\">Read more<\/a>","protected":false},"author":15,"featured_media":0,"parent":4257,"menu_order":20,"comment_status":"closed","ping_status":"closed","template":"","meta":[],"acf":[],"yoast_head":"<!-- This site is optimized with the Yoast SEO plugin v17.0 - https:\/\/yoast.com\/wordpress\/plugins\/seo\/ -->\n<meta name=\"robots\" content=\"index, follow, max-snippet:-1, max-image-preview:large, max-video-preview:-1\" \/>\n<link rel=\"canonical\" href=\"https:\/\/www.ntf.uni-lj.si\/omm\/studij\/1-stopnja\/inzenirstvo-materialov-un\/pogoji-za-vpis\/\" \/>\n<meta property=\"og:locale\" content=\"en_US\" \/>\n<meta property=\"og:type\" content=\"article\" \/>\n<meta property=\"og:title\" content=\"Pogoji za vpis - OMM\" \/>\n<meta property=\"og:description\" content=\"Pogoji za vpis in merila za izbiro ob omejitvi vpisa V dodiplomski prvostopenjski univerzitetni \u0161tudijski program In\u017eenirstvo materialov se lahko vpi\u0161e: a) kdor je opravil maturo, b) kdor je opravil poklicno maturo v kateremkoli srednje\u0161olskem programu in izpit iz enega od predmetov splo\u0161ne mature; izbrani predmet ne sme biti predmet, ki ga je kandidat \u017ee ... Read more\" \/>\n<meta property=\"og:url\" content=\"https:\/\/www.ntf.uni-lj.si\/omm\/studij\/1-stopnja\/inzenirstvo-materialov-un\/pogoji-za-vpis\/\" \/>\n<meta property=\"og:site_name\" content=\"OMM\" \/>\n<meta property=\"article:modified_time\" content=\"2024-02-06T08:35:13+00:00\" \/>\n<meta name=\"twitter:label1\" content=\"Est. reading time\" \/>\n\t<meta name=\"twitter:data1\" content=\"2 minutes\" \/>\n<script type=\"application\/ld+json\" class=\"yoast-schema-graph\">{\"@context\":\"https:\/\/schema.org\",\"@graph\":[{\"@type\":\"WebSite\",\"@id\":\"https:\/\/www.ntf.uni-lj.si\/omm\/#website\",\"url\":\"https:\/\/www.ntf.uni-lj.si\/omm\/\",\"name\":\"OMM\",\"description\":\"Oddelek za materiale in metalurgijo\",\"potentialAction\":[{\"@type\":\"SearchAction\",\"target\":{\"@type\":\"EntryPoint\",\"urlTemplate\":\"https:\/\/www.ntf.uni-lj.si\/omm\/?s={search_term_string}\"},\"query-input\":\"required name=search_term_string\"}],\"inLanguage\":\"en-US\"},{\"@type\":\"WebPage\",\"@id\":\"https:\/\/www.ntf.uni-lj.si\/omm\/studij\/1-stopnja\/inzenirstvo-materialov-un\/pogoji-za-vpis\/#webpage\",\"url\":\"https:\/\/www.ntf.uni-lj.si\/omm\/studij\/1-stopnja\/inzenirstvo-materialov-un\/pogoji-za-vpis\/\",\"name\":\"Pogoji za vpis - OMM\",\"isPartOf\":{\"@id\":\"https:\/\/www.ntf.uni-lj.si\/omm\/#website\"},\"datePublished\":\"2015-05-08T09:06:10+00:00\",\"dateModified\":\"2024-02-06T08:35:13+00:00\",\"breadcrumb\":{\"@id\":\"https:\/\/www.ntf.uni-lj.si\/omm\/studij\/1-stopnja\/inzenirstvo-materialov-un\/pogoji-za-vpis\/#breadcrumb\"},\"inLanguage\":\"en-US\",\"potentialAction\":[{\"@type\":\"ReadAction\",\"target\":[\"https:\/\/www.ntf.uni-lj.si\/omm\/studij\/1-stopnja\/inzenirstvo-materialov-un\/pogoji-za-vpis\/\"]}]},{\"@type\":\"BreadcrumbList\",\"@id\":\"https:\/\/www.ntf.uni-lj.si\/omm\/studij\/1-stopnja\/inzenirstvo-materialov-un\/pogoji-za-vpis\/#breadcrumb\",\"itemListElement\":[{\"@type\":\"ListItem\",\"position\":1,\"name\":\"Domov\",\"item\":\"https:\/\/www.ntf.uni-lj.si\/omm\/\"},{\"@type\":\"ListItem\",\"position\":2,\"name\":\"\\u0160tudij\",\"item\":\"https:\/\/www.ntf.uni-lj.si\/omm\/studij\/\"},{\"@type\":\"ListItem\",\"position\":3,\"name\":\"1. stopnja\",\"item\":\"https:\/\/www.ntf.uni-lj.si\/omm\/studij\/1-stopnja\/\"},{\"@type\":\"ListItem\",\"position\":4,\"name\":\"In\\u017eenirstvo materialov (UN)\",\"item\":\"https:\/\/www.ntf.uni-lj.si\/omm\/studij\/1-stopnja\/inzenirstvo-materialov-un\/\"},{\"@type\":\"ListItem\",\"position\":5,\"name\":\"Pogoji za vpis\"}]}]}<\/script>\n<!-- \/ Yoast SEO plugin. -->","yoast_head_json":{"robots":{"index":"index","follow":"follow","max-snippet":"max-snippet:-1","max-image-preview":"max-image-preview:large","max-video-preview":"max-video-preview:-1"},"canonical":"https:\/\/www.ntf.uni-lj.si\/omm\/studij\/1-stopnja\/inzenirstvo-materialov-un\/pogoji-za-vpis\/","og_locale":"en_US","og_type":"article","og_title":"Pogoji za vpis - OMM","og_description":"Pogoji za vpis in merila za izbiro ob omejitvi vpisa V dodiplomski prvostopenjski univerzitetni \u0161tudijski program In\u017eenirstvo materialov se lahko vpi\u0161e: a) kdor je opravil maturo, b) kdor je opravil poklicno maturo v kateremkoli srednje\u0161olskem programu in izpit iz enega od predmetov splo\u0161ne mature; izbrani predmet ne sme biti predmet, ki ga je kandidat \u017ee ... Read more","og_url":"https:\/\/www.ntf.uni-lj.si\/omm\/studij\/1-stopnja\/inzenirstvo-materialov-un\/pogoji-za-vpis\/","og_site_name":"OMM","article_modified_time":"2024-02-06T08:35:13+00:00","twitter_misc":{"Est. reading time":"2 minutes"},"schema":{"@context":"https:\/\/schema.org","@graph":[{"@type":"WebSite","@id":"https:\/\/www.ntf.uni-lj.si\/omm\/#website","url":"https:\/\/www.ntf.uni-lj.si\/omm\/","name":"OMM","description":"Oddelek za materiale in metalurgijo","potentialAction":[{"@type":"SearchAction","target":{"@type":"EntryPoint","urlTemplate":"https:\/\/www.ntf.uni-lj.si\/omm\/?s={search_term_string}"},"query-input":"required name=search_term_string"}],"inLanguage":"en-US"},{"@type":"WebPage","@id":"https:\/\/www.ntf.uni-lj.si\/omm\/studij\/1-stopnja\/inzenirstvo-materialov-un\/pogoji-za-vpis\/#webpage","url":"https:\/\/www.ntf.uni-lj.si\/omm\/studij\/1-stopnja\/inzenirstvo-materialov-un\/pogoji-za-vpis\/","name":"Pogoji za vpis - OMM","isPartOf":{"@id":"https:\/\/www.ntf.uni-lj.si\/omm\/#website"},"datePublished":"2015-05-08T09:06:10+00:00","dateModified":"2024-02-06T08:35:13+00:00","breadcrumb":{"@id":"https:\/\/www.ntf.uni-lj.si\/omm\/studij\/1-stopnja\/inzenirstvo-materialov-un\/pogoji-za-vpis\/#breadcrumb"},"inLanguage":"en-US","potentialAction":[{"@type":"ReadAction","target":["https:\/\/www.ntf.uni-lj.si\/omm\/studij\/1-stopnja\/inzenirstvo-materialov-un\/pogoji-za-vpis\/"]}]},{"@type":"BreadcrumbList","@id":"https:\/\/www.ntf.uni-lj.si\/omm\/studij\/1-stopnja\/inzenirstvo-materialov-un\/pogoji-za-vpis\/#breadcrumb","itemListElement":[{"@type":"ListItem","position":1,"name":"Domov","item":"https:\/\/www.ntf.uni-lj.si\/omm\/"},{"@type":"ListItem","position":2,"name":"\u0160tudij","item":"https:\/\/www.ntf.uni-lj.si\/omm\/studij\/"},{"@type":"ListItem","position":3,"name":"1. stopnja","item":"https:\/\/www.ntf.uni-lj.si\/omm\/studij\/1-stopnja\/"},{"@type":"ListItem","position":4,"name":"In\u017eenirstvo materialov (UN)","item":"https:\/\/www.ntf.uni-lj.si\/omm\/studij\/1-stopnja\/inzenirstvo-materialov-un\/"},{"@type":"ListItem","position":5,"name":"Pogoji za vpis"}]}]}},"_links":{"self":[{"href":"https:\/\/www.ntf.uni-lj.si\/omm\/wp-json\/wp\/v2\/pages\/4269"}],"collection":[{"href":"https:\/\/www.ntf.uni-lj.si\/omm\/wp-json\/wp\/v2\/pages"}],"about":[{"href":"https:\/\/www.ntf.uni-lj.si\/omm\/wp-json\/wp\/v2\/types\/page"}],"author":[{"embeddable":true,"href":"https:\/\/www.ntf.uni-lj.si\/omm\/wp-json\/wp\/v2\/users\/15"}],"replies":[{"embeddable":true,"href":"https:\/\/www.ntf.uni-lj.si\/omm\/wp-json\/wp\/v2\/comments?post=4269"}],"version-history":[{"count":16,"href":"https:\/\/www.ntf.uni-lj.si\/omm\/wp-json\/wp\/v2\/pages\/4269\/revisions"}],"predecessor-version":[{"id":10403,"href":"https:\/\/www.ntf.uni-lj.si\/omm\/wp-json\/wp\/v2\/pages\/4269\/revisions\/10403"}],"up":[{"embeddable":true,"href":"https:\/\/www.ntf.uni-lj.si\/omm\/wp-json\/wp\/v2\/pages\/4257"}],"wp:attachment":[{"href":"https:\/\/www.ntf.uni-lj.si\/omm\/wp-json\/wp\/v2\/media?parent=4269"}],"curies":[{"name":"wp","href":"https:\/\/api.w.org\/{rel}","templated":true}]}}