{"id":4299,"date":"2015-05-08T09:19:08","date_gmt":"2015-05-08T09:19:08","guid":{"rendered":"http:\/\/www.ntf.uni-lj.si\/omm\/?page_id=4299"},"modified":"2024-01-22T12:03:50","modified_gmt":"2024-01-22T11:03:50","slug":"pogoji-za-napredovanje","status":"publish","type":"page","link":"https:\/\/www.ntf.uni-lj.si\/omm\/studij\/1-stopnja\/inzenirstvo-materialov-un\/ostale-informacije\/pogoji-za-napredovanje\/","title":{"rendered":"Pogoji za napredovanje"},"content":{"rendered":"<p><strong>Pogoji za napredovanje po programu<\/strong><\/p>\n<p>\u0160tudent se lahko vpi\u0161e v vi\u0161ji letnik, \u010de je do izteka \u0161tudijskega leta dosegel 49 kreditnih to\u010dk po ECTS. Za vpis v tretji letnik mora imeti opravljene vse obveznosti iz prvega letnika (60 KT) in zbranih 49 kreditnih to\u010dk iz drugega letnika. \u0160tudent se lahko izjemoma vpi\u0161e v vi\u0161ji letnik, tudi \u010de ni opravil vseh obveznosti, dolo\u010denih s \u0161tudijskim programom za vpis v vi\u0161ji letnik, tudi \u010de ni dosegel 49 kreditnih to\u010dk po ECTS, kadar ima za to opravi\u010dene razloge, ki jih dolo\u010da Statut UL. Pod pogoji iz prej\u0161njega odstavka se \u0161tudent lahko vpi\u0161e v vi\u0161ji letnik, \u010de zbere najmanj 40 kreditnih to\u010dk po ECTS. O vpisu iz prej\u0161njega odstavka odlo\u010da \u0160tudijska komisija Oddelka za materiale in metalurgijo (OMM), NTF, UL.<\/p>\n<p class=\"x_MsoNormal\">\u0160tudentu, ki pri \u0161tudiju izkazuje nadpovpre\u010dne \u0161tudijske rezultate, se omogo\u010di hitrej\u0161e napredovanje. Sklep o tem sprejme dekan NTF na podlagi pro\u0161nje kandidata in obrazlo\u017eenega mnenja \u0160tudijske komisije Oddelka za materiale in metalurgijo. S sklepom se dolo\u010di na\u010din hitrej\u0161ega napredovanja.<\/p>\n<p>Na OMM, NTF imamo \u017ee vrsto let ute\u010den sistem mentorstva za na\u0161e \u0161tudente. Prav tako bomo podoben sistem, nadgrajen s tutorsko pomo\u010djo, nudili \u0161tudentu tudi v okviru novega visoko\u0161olskega strokovnega \u0161tudijskega programa Metalur\u0161ke metalurgije, kar je v skladu z 9. to\u010dko 7. \u010dlena Meril za akreditacijo. \u0160tudentje bodo \u017ee od prvega letnika dalje imeli svoje mentorje letnika. Prav tako bodo posamezni \u0161tudenti takoj ob vpisu dobili svoje tutorje iz vrst \u0161tudentov vi\u0161jih letnikov, ki jim bodo z mentorji pomagali pri opredelitvi za izbirne predmete in podobno.<\/p>\n<p><strong>Ponavljanje letnika<\/strong><\/p>\n<p>\u0160tudent letnik lahko ponavlja, v kolikor je zbral 20 zahtevanih kreditnih to\u010dk za letnik. \u0160tudent lahko v \u010dasu \u0161tudija enkrat ponavlja letnik ali enkrat spremeni \u0161tudijski program zaradi neizpolnitve obveznosti v prej\u0161njem \u0161tudijskem programu.<\/p>\n<p>\u0160tudentu se lahko po tretjem letniku v skladu z zakonom in statutom podalj\u0161a status \u0161tudenta za najve\u010d eno leto, \u010de zato obstajajo upravi\u010deni razlogi in ima opravljene vse obveznosti iz prvih dveh letnikov.<\/p>\n<p><strong>Pogoji za dokon\u010danje \u0161tudija<\/strong><\/p>\n<p>Za dokon\u010danje 1. stopnje \u0161tudija mora \u0161tudent opraviti \u0161tudijske obveznosti pri vseh predmetih vpisanega \u0161tudijskega programa, opraviti obveznosti v vi\u0161ini 180 KT ter izdelati in uspe\u0161no zagovarjati diplomsko delo skladno z dolo\u010dili Pravilnika o diplomskem delu, ki ga sprejme Senat Naravoslovnotehni\u0161ke fakultete, Univerze v Ljubljani.<\/p>\n<p><strong>Pogoji o prehodih med programi:<\/strong><\/p>\n<p>Za prehod med \u0161tudijskimi programi \u0161teje prenehanje \u0161tudentovega izobra\u017eevanja v \u0161tudijskem programu, v katerega se je vpisal in nadaljevanje izobra\u017eevanja v novem \u0161tudijskem programu. Prehod iz drugih univerzitetnih in visoko\u0161olskih strokovnih \u0161tudijskih programov v univerzitetni \u0161tudijski program prve stopnje In\u017eenirstvo materialov je mogo\u010d, \u010de je kandidatu pri vpisu v ta \u0161tudijski program mogo\u010de priznati vsaj polovico obveznosti, ki jih je opravil na prvem \u0161tudijskem programu.<\/p>\n<p>1. Prehodi iz univerzitetnih \u0161tudijskih programov (sprejeti pred 11.6.2004) in iz univerzitetnih \u0161tudijskih programov prve stopnje (sprejeti po 11.6.2004) v univerzitetni \u0161tudijski program prve stopnje In\u017eenirstvo materialov. Program je odprt za \u0161tudente drugih primerljivih univerzitetnih programov, zato se lahko v<br aria-hidden=\"true\" \/>program vklju\u010dijo \u0161tudenti, ki so se usposabljali na drugih univerzitetnih programih. \u0160tudent, ki \u017eeli preiti na univerzitetni \u0161tudijski program In\u017eenirstvo materialov, vlo\u017ei pro\u0161njo z dokazili o opravljenih obveznostih na dosedanjem \u0161tudiju in dokazilo o izpolnjevanju pogojev za vpis na \u0161tudijski program. Vklju\u010di se v tisti letnik, za katerega izpolnjuje prehodne pogoje po tem programu, pri \u010demer mora opraviti vse tiste izpite, ki so specifi\u010dni za ta program. O pro\u0161nji za prehod odlo\u010da Senat Naravoslovnotehni\u0161ke fakultete, Univerze v Ljubljani, ali organ, ki ga dolo\u010di Senat fakultete.<\/p>\n<p>2. Prehodi iz visoko\u0161olskih strokovnih \u0161tudijskih programov (sprejeti pred 11.6.2004) in iz visoko\u0161olskih strokovnih \u0161tudijskih programov prve stopnje (sprejeti po 11.6.2004) v univerzitetni \u0161tudijski program prve stopnje In\u017eenirstvo materialov. \u0160tudenti visoko\u0161olskega strokovnega programa Metalur\u0161ke tehnologije, ki izpolnjujejo pogoje za vpis v univerzitetne \u0161tudijske programe prve stopnje, lahko na podlagi predlo\u017eenih dokazil preidejo v ustrezni letnik univerzitetnega programa prve stopnje In\u017eenirstvo materialov. Dolo\u010dijo se jim manjkajo\u010de obveznosti, ki jih morajo opraviti, \u010de \u017eelijo diplomirati v novem programu. V primeru prehoda iz \u0161tudijskega programa za pridobitev visoke strokovne izobrazbe v ta \u0161tudijski program, mora kandidat izpolnjevati tudi pogoje za vpis v za\u010detni letnik univerzitetnega \u0161tudijskega programa prve stopnje In\u017eenirstvo materialov.<\/p>\n<p>3. Prehodi iz vi\u0161je\u0161olskih \u0161tudijskih programov sprejetimi pred letom 1994 in univerzitetnim \u0161tudijskim programom prve stopnje In\u017eenirstvo materialov. Diplomanti vi\u0161je\u0161olskega programa Metalur\u0161ke tehnologije, sprejetega pred letom 1994, ki imajo 3 leta delovnih izku\u0161enj, lahko preidejo v 3. letnik. Dolo\u010dijo se jim manjkajo\u010de obveznosti, ki jih morajo opraviti pred vpisom. Vpi\u0161ejo se lahko kandidati, ki so kon\u010dali<br aria-hidden=\"true\" \/>katerikoli \u0161tiriletni srednje\u0161olski program.<\/p>\n<p>O prehodih med programi odlo\u010da Senat Naravoslovnotehni\u0161ke fakultete, ali organ, ki ga dolo\u010di Senat fakultete.<\/p>\n","protected":false},"excerpt":{"rendered":"Pogoji za napredovanje po programu \u0160tudent se lahko vpi\u0161e v vi\u0161ji letnik, \u010de je do izteka \u0161tudijskega leta dosegel 49 kreditnih to\u010dk po ECTS. Za vpis v tretji letnik mora imeti opravljene vse obveznosti iz prvega letnika (60 KT) in zbranih 49 kreditnih to\u010dk iz drugega letnika. \u0160tudent se lahko izjemoma vpi\u0161e v vi\u0161ji letnik, &#8230; <a class=\"view-article\" href=\"https:\/\/www.ntf.uni-lj.si\/omm\/studij\/1-stopnja\/inzenirstvo-materialov-un\/ostale-informacije\/pogoji-za-napredovanje\/\">Read more<\/a>","protected":false},"author":15,"featured_media":0,"parent":4275,"menu_order":20,"comment_status":"closed","ping_status":"closed","template":"","meta":[],"acf":[],"yoast_head":"<!-- This site is optimized with the Yoast SEO plugin v17.0 - https:\/\/yoast.com\/wordpress\/plugins\/seo\/ -->\n<meta name=\"robots\" content=\"index, follow, max-snippet:-1, max-image-preview:large, max-video-preview:-1\" \/>\n<link rel=\"canonical\" href=\"https:\/\/www.ntf.uni-lj.si\/omm\/studij\/1-stopnja\/inzenirstvo-materialov-un\/ostale-informacije\/pogoji-za-napredovanje\/\" \/>\n<meta property=\"og:locale\" content=\"en_US\" \/>\n<meta property=\"og:type\" content=\"article\" \/>\n<meta property=\"og:title\" content=\"Pogoji za napredovanje - OMM\" \/>\n<meta property=\"og:description\" content=\"Pogoji za napredovanje po programu \u0160tudent se lahko vpi\u0161e v vi\u0161ji letnik, \u010de je do izteka \u0161tudijskega leta dosegel 49 kreditnih to\u010dk po ECTS. Za vpis v tretji letnik mora imeti opravljene vse obveznosti iz prvega letnika (60 KT) in zbranih 49 kreditnih to\u010dk iz drugega letnika. \u0160tudent se lahko izjemoma vpi\u0161e v vi\u0161ji letnik, ... Read more\" \/>\n<meta property=\"og:url\" content=\"https:\/\/www.ntf.uni-lj.si\/omm\/studij\/1-stopnja\/inzenirstvo-materialov-un\/ostale-informacije\/pogoji-za-napredovanje\/\" \/>\n<meta property=\"og:site_name\" content=\"OMM\" \/>\n<meta property=\"article:modified_time\" content=\"2024-01-22T11:03:50+00:00\" \/>\n<meta name=\"twitter:label1\" content=\"Est. reading time\" \/>\n\t<meta name=\"twitter:data1\" content=\"4 minutes\" \/>\n<script type=\"application\/ld+json\" class=\"yoast-schema-graph\">{\"@context\":\"https:\/\/schema.org\",\"@graph\":[{\"@type\":\"WebSite\",\"@id\":\"https:\/\/www.ntf.uni-lj.si\/omm\/#website\",\"url\":\"https:\/\/www.ntf.uni-lj.si\/omm\/\",\"name\":\"OMM\",\"description\":\"Oddelek za materiale in metalurgijo\",\"potentialAction\":[{\"@type\":\"SearchAction\",\"target\":{\"@type\":\"EntryPoint\",\"urlTemplate\":\"https:\/\/www.ntf.uni-lj.si\/omm\/?s={search_term_string}\"},\"query-input\":\"required name=search_term_string\"}],\"inLanguage\":\"en-US\"},{\"@type\":\"WebPage\",\"@id\":\"https:\/\/www.ntf.uni-lj.si\/omm\/studij\/1-stopnja\/inzenirstvo-materialov-un\/ostale-informacije\/pogoji-za-napredovanje\/#webpage\",\"url\":\"https:\/\/www.ntf.uni-lj.si\/omm\/studij\/1-stopnja\/inzenirstvo-materialov-un\/ostale-informacije\/pogoji-za-napredovanje\/\",\"name\":\"Pogoji za napredovanje - OMM\",\"isPartOf\":{\"@id\":\"https:\/\/www.ntf.uni-lj.si\/omm\/#website\"},\"datePublished\":\"2015-05-08T09:19:08+00:00\",\"dateModified\":\"2024-01-22T11:03:50+00:00\",\"breadcrumb\":{\"@id\":\"https:\/\/www.ntf.uni-lj.si\/omm\/studij\/1-stopnja\/inzenirstvo-materialov-un\/ostale-informacije\/pogoji-za-napredovanje\/#breadcrumb\"},\"inLanguage\":\"en-US\",\"potentialAction\":[{\"@type\":\"ReadAction\",\"target\":[\"https:\/\/www.ntf.uni-lj.si\/omm\/studij\/1-stopnja\/inzenirstvo-materialov-un\/ostale-informacije\/pogoji-za-napredovanje\/\"]}]},{\"@type\":\"BreadcrumbList\",\"@id\":\"https:\/\/www.ntf.uni-lj.si\/omm\/studij\/1-stopnja\/inzenirstvo-materialov-un\/ostale-informacije\/pogoji-za-napredovanje\/#breadcrumb\",\"itemListElement\":[{\"@type\":\"ListItem\",\"position\":1,\"name\":\"Domov\",\"item\":\"https:\/\/www.ntf.uni-lj.si\/omm\/\"},{\"@type\":\"ListItem\",\"position\":2,\"name\":\"\\u0160tudij\",\"item\":\"https:\/\/www.ntf.uni-lj.si\/omm\/studij\/\"},{\"@type\":\"ListItem\",\"position\":3,\"name\":\"1. stopnja\",\"item\":\"https:\/\/www.ntf.uni-lj.si\/omm\/studij\/1-stopnja\/\"},{\"@type\":\"ListItem\",\"position\":4,\"name\":\"In\\u017eenirstvo materialov (UN)\",\"item\":\"https:\/\/www.ntf.uni-lj.si\/omm\/studij\/1-stopnja\/inzenirstvo-materialov-un\/\"},{\"@type\":\"ListItem\",\"position\":5,\"name\":\"Ostale informacije\",\"item\":\"https:\/\/www.ntf.uni-lj.si\/omm\/studij\/1-stopnja\/inzenirstvo-materialov-un\/ostale-informacije\/\"},{\"@type\":\"ListItem\",\"position\":6,\"name\":\"Pogoji za napredovanje\"}]}]}<\/script>\n<!-- \/ Yoast SEO plugin. -->","yoast_head_json":{"robots":{"index":"index","follow":"follow","max-snippet":"max-snippet:-1","max-image-preview":"max-image-preview:large","max-video-preview":"max-video-preview:-1"},"canonical":"https:\/\/www.ntf.uni-lj.si\/omm\/studij\/1-stopnja\/inzenirstvo-materialov-un\/ostale-informacije\/pogoji-za-napredovanje\/","og_locale":"en_US","og_type":"article","og_title":"Pogoji za napredovanje - OMM","og_description":"Pogoji za napredovanje po programu \u0160tudent se lahko vpi\u0161e v vi\u0161ji letnik, \u010de je do izteka \u0161tudijskega leta dosegel 49 kreditnih to\u010dk po ECTS. Za vpis v tretji letnik mora imeti opravljene vse obveznosti iz prvega letnika (60 KT) in zbranih 49 kreditnih to\u010dk iz drugega letnika. \u0160tudent se lahko izjemoma vpi\u0161e v vi\u0161ji letnik, ... Read more","og_url":"https:\/\/www.ntf.uni-lj.si\/omm\/studij\/1-stopnja\/inzenirstvo-materialov-un\/ostale-informacije\/pogoji-za-napredovanje\/","og_site_name":"OMM","article_modified_time":"2024-01-22T11:03:50+00:00","twitter_misc":{"Est. reading time":"4 minutes"},"schema":{"@context":"https:\/\/schema.org","@graph":[{"@type":"WebSite","@id":"https:\/\/www.ntf.uni-lj.si\/omm\/#website","url":"https:\/\/www.ntf.uni-lj.si\/omm\/","name":"OMM","description":"Oddelek za materiale in metalurgijo","potentialAction":[{"@type":"SearchAction","target":{"@type":"EntryPoint","urlTemplate":"https:\/\/www.ntf.uni-lj.si\/omm\/?s={search_term_string}"},"query-input":"required name=search_term_string"}],"inLanguage":"en-US"},{"@type":"WebPage","@id":"https:\/\/www.ntf.uni-lj.si\/omm\/studij\/1-stopnja\/inzenirstvo-materialov-un\/ostale-informacije\/pogoji-za-napredovanje\/#webpage","url":"https:\/\/www.ntf.uni-lj.si\/omm\/studij\/1-stopnja\/inzenirstvo-materialov-un\/ostale-informacije\/pogoji-za-napredovanje\/","name":"Pogoji za napredovanje - OMM","isPartOf":{"@id":"https:\/\/www.ntf.uni-lj.si\/omm\/#website"},"datePublished":"2015-05-08T09:19:08+00:00","dateModified":"2024-01-22T11:03:50+00:00","breadcrumb":{"@id":"https:\/\/www.ntf.uni-lj.si\/omm\/studij\/1-stopnja\/inzenirstvo-materialov-un\/ostale-informacije\/pogoji-za-napredovanje\/#breadcrumb"},"inLanguage":"en-US","potentialAction":[{"@type":"ReadAction","target":["https:\/\/www.ntf.uni-lj.si\/omm\/studij\/1-stopnja\/inzenirstvo-materialov-un\/ostale-informacije\/pogoji-za-napredovanje\/"]}]},{"@type":"BreadcrumbList","@id":"https:\/\/www.ntf.uni-lj.si\/omm\/studij\/1-stopnja\/inzenirstvo-materialov-un\/ostale-informacije\/pogoji-za-napredovanje\/#breadcrumb","itemListElement":[{"@type":"ListItem","position":1,"name":"Domov","item":"https:\/\/www.ntf.uni-lj.si\/omm\/"},{"@type":"ListItem","position":2,"name":"\u0160tudij","item":"https:\/\/www.ntf.uni-lj.si\/omm\/studij\/"},{"@type":"ListItem","position":3,"name":"1. stopnja","item":"https:\/\/www.ntf.uni-lj.si\/omm\/studij\/1-stopnja\/"},{"@type":"ListItem","position":4,"name":"In\u017eenirstvo materialov (UN)","item":"https:\/\/www.ntf.uni-lj.si\/omm\/studij\/1-stopnja\/inzenirstvo-materialov-un\/"},{"@type":"ListItem","position":5,"name":"Ostale informacije","item":"https:\/\/www.ntf.uni-lj.si\/omm\/studij\/1-stopnja\/inzenirstvo-materialov-un\/ostale-informacije\/"},{"@type":"ListItem","position":6,"name":"Pogoji za napredovanje"}]}]}},"_links":{"self":[{"href":"https:\/\/www.ntf.uni-lj.si\/omm\/wp-json\/wp\/v2\/pages\/4299"}],"collection":[{"href":"https:\/\/www.ntf.uni-lj.si\/omm\/wp-json\/wp\/v2\/pages"}],"about":[{"href":"https:\/\/www.ntf.uni-lj.si\/omm\/wp-json\/wp\/v2\/types\/page"}],"author":[{"embeddable":true,"href":"https:\/\/www.ntf.uni-lj.si\/omm\/wp-json\/wp\/v2\/users\/15"}],"replies":[{"embeddable":true,"href":"https:\/\/www.ntf.uni-lj.si\/omm\/wp-json\/wp\/v2\/comments?post=4299"}],"version-history":[{"count":9,"href":"https:\/\/www.ntf.uni-lj.si\/omm\/wp-json\/wp\/v2\/pages\/4299\/revisions"}],"predecessor-version":[{"id":10394,"href":"https:\/\/www.ntf.uni-lj.si\/omm\/wp-json\/wp\/v2\/pages\/4299\/revisions\/10394"}],"up":[{"embeddable":true,"href":"https:\/\/www.ntf.uni-lj.si\/omm\/wp-json\/wp\/v2\/pages\/4275"}],"wp:attachment":[{"href":"https:\/\/www.ntf.uni-lj.si\/omm\/wp-json\/wp\/v2\/media?parent=4299"}],"curies":[{"name":"wp","href":"https:\/\/api.w.org\/{rel}","templated":true}]}}