{"id":4320,"date":"2015-05-08T09:34:45","date_gmt":"2015-05-08T09:34:45","guid":{"rendered":"http:\/\/www.ntf.uni-lj.si\/omm\/?page_id=4320"},"modified":"2020-02-24T09:22:15","modified_gmt":"2020-02-24T08:22:15","slug":"prehodi-med-programi","status":"publish","type":"page","link":"https:\/\/www.ntf.uni-lj.si\/omm\/studij\/1-stopnja\/inzenirstvo-materialov-un\/ostale-informacije\/prehodi-med-programi\/","title":{"rendered":"Prehodi med programi"},"content":{"rendered":"<p><strong>Pogoji o prehodih med programi:<\/strong><\/p>\n<p>Za prehod med \u0161tudijskimi programi \u0161teje prenehanje \u0161tudentovega izobra\u017eevanja v \u0161tudijskem programu, v katerega se je vpisal in nadaljevanje izobra\u017eevanja v novem \u00a0\u0161tudijskem programu. Prehod iz drugih univerzitetnih in visoko\u0161olskih strokovnih \u0161tudijskih programov v univerzitetni \u0161tudijski program prve stopnje In\u017eenirstvo materialov je mogo\u010d, \u010de<\/p>\n<p>je kandidatu pri vpisu v ta \u0161tudijski program mogo\u010de priznati vsaj polovico obveznosti, ki jih je opravil na prvem \u0161tudijskem programu.<\/p>\n<ol>\n<li>Prehodi iz univerzitetnih \u0161tudijskih programov (sprejeti pred 11.6.2004) in iz univerzitetnih<\/li>\n<\/ol>\n<p>\u0161tudijskih programov prve stopnje (sprejeti po 11.6.2004) v univerzitetni \u0161tudijski program<\/p>\n<p>prve stopnje In\u017eenirstvo materialov.<\/p>\n<p>Program je odprt za \u0161tudente drugih primerljivih univerzitetnih programov, zato se lahko v \u00a0program vklju\u010dijo \u0161tudenti, ki so se usposabljali na drugih univerzitetnih programih. \u0160tudent, \u00a0ki \u017eeli preiti na univerzitetni \u0161tudijski program In\u017eenirstvo materialov, vlo\u017ei pro\u0161njo z dokazili o opravljenih obveznostih na dosedanjem \u0161tudiju in dokazilo o izpolnjevanju pogojev za vpis na \u0161tudijski program. Vklju\u010di se v tisti letnik, za katerega izpolnjuje prehodne pogoje po tem programu, pri \u010demer mora opraviti vse tiste izpite, ki so specifi\u010dni za ta program. O pro\u0161nji za prehod odlo\u010da Senat Naravoslovnotehni\u0161ke fakultete, Univerze v Ljubljani, ali organ, ki ga dolo\u010di Senat fakultete.<\/p>\n<ol start=\"2\">\n<li>Prehodi iz visoko\u0161olskih strokovnih \u0161tudijskih programov (sprejeti pred 11.6.2004) in iz visoko\u0161olskih strokovnih \u0161tudijskih programov prve stopnje (sprejeti po 11.6.2004) v univerzitetni \u0161tudijski program prve stopnje In\u017eenirstvo materialov.<\/li>\n<\/ol>\n<p>\u0160tudenti visoko\u0161olskega strokovnega programa Metalur\u0161ke tehnologije, ki izpolnjujejo pogoje za vpis v univerzitetne \u0161tudijske programe prve stopnje, lahko na podlagi predlo\u017eenih dokazil preidejo v ustrezni letnik univerzitetnega programa prve stopnje In\u017eenirstvo materialov. Dolo\u010dijo se jim manjkajo\u010de obveznosti, ki jih morajo opraviti, \u010de \u017eelijo diplomirati v novem programu. V primeru prehoda iz \u0161tudijskega programa za pridobitev visoke strokovne izobrazbe v ta \u0161tudijski program, mora kandidat izpolnjevati tudi pogoje za vpis v za\u010detni letnik univerzitetnega \u0161tudijskega programa prve stopnje In\u017eenirstvo materialov. Prehodi iz vi\u0161je\u0161olskih \u0161tudijskih programov sprejetimi pred letom 1994 in univerzitetnim \u0161tudijskim programom prve stopnje In\u017eenirstvo materialov.<\/p>\n<p>Diplomanti vi\u0161je\u0161olskega programa Metalur\u0161ke tehnologije, sprejetega pred letom 1994, ki \u00a0imajo 3 leta delovnih izku\u0161enj, lahko preidejo v 3. letnik. Dolo\u010dijo se jim manjkajo\u010de obveznosti, ki jih morajo opraviti pred vpisom. Vpi\u0161ejo se lahko kandidati, ki so kon\u010dali \u00a0katerikoli \u0161tiriletni srednje\u0161olski program.<\/p>\n<p>O prehodih med programi odlo\u010da Senat Naravoslovnotehni\u0161ke fakultete, ali organ, ki ga dolo\u010di Senat fakultete.<\/p>\n","protected":false},"excerpt":{"rendered":"Pogoji o prehodih med programi: Za prehod med \u0161tudijskimi programi \u0161teje prenehanje \u0161tudentovega izobra\u017eevanja v \u0161tudijskem programu, v katerega se je vpisal in nadaljevanje izobra\u017eevanja v novem \u00a0\u0161tudijskem programu. Prehod iz drugih univerzitetnih in visoko\u0161olskih strokovnih \u0161tudijskih programov v univerzitetni \u0161tudijski program prve stopnje In\u017eenirstvo materialov je mogo\u010d, \u010de je kandidatu pri vpisu v ta &#8230; <a class=\"view-article\" href=\"https:\/\/www.ntf.uni-lj.si\/omm\/studij\/1-stopnja\/inzenirstvo-materialov-un\/ostale-informacije\/prehodi-med-programi\/\">Read more<\/a>","protected":false},"author":15,"featured_media":0,"parent":4275,"menu_order":30,"comment_status":"closed","ping_status":"closed","template":"","meta":[],"acf":[],"yoast_head":"<!-- This site is optimized with the Yoast SEO plugin v17.0 - https:\/\/yoast.com\/wordpress\/plugins\/seo\/ -->\n<meta name=\"robots\" content=\"index, follow, max-snippet:-1, max-image-preview:large, max-video-preview:-1\" \/>\n<link rel=\"canonical\" href=\"https:\/\/www.ntf.uni-lj.si\/omm\/studij\/1-stopnja\/inzenirstvo-materialov-un\/ostale-informacije\/prehodi-med-programi\/\" \/>\n<meta property=\"og:locale\" content=\"en_US\" \/>\n<meta property=\"og:type\" content=\"article\" \/>\n<meta property=\"og:title\" content=\"Prehodi med programi - OMM\" \/>\n<meta property=\"og:description\" content=\"Pogoji o prehodih med programi: Za prehod med \u0161tudijskimi programi \u0161teje prenehanje \u0161tudentovega izobra\u017eevanja v \u0161tudijskem programu, v katerega se je vpisal in nadaljevanje izobra\u017eevanja v novem \u00a0\u0161tudijskem programu. Prehod iz drugih univerzitetnih in visoko\u0161olskih strokovnih \u0161tudijskih programov v univerzitetni \u0161tudijski program prve stopnje In\u017eenirstvo materialov je mogo\u010d, \u010de je kandidatu pri vpisu v ta ... Read more\" \/>\n<meta property=\"og:url\" content=\"https:\/\/www.ntf.uni-lj.si\/omm\/studij\/1-stopnja\/inzenirstvo-materialov-un\/ostale-informacije\/prehodi-med-programi\/\" \/>\n<meta property=\"og:site_name\" content=\"OMM\" \/>\n<meta property=\"article:modified_time\" content=\"2020-02-24T08:22:15+00:00\" \/>\n<meta name=\"twitter:label1\" content=\"Est. reading time\" \/>\n\t<meta name=\"twitter:data1\" content=\"2 minutes\" \/>\n<script type=\"application\/ld+json\" class=\"yoast-schema-graph\">{\"@context\":\"https:\/\/schema.org\",\"@graph\":[{\"@type\":\"WebSite\",\"@id\":\"https:\/\/www.ntf.uni-lj.si\/omm\/#website\",\"url\":\"https:\/\/www.ntf.uni-lj.si\/omm\/\",\"name\":\"OMM\",\"description\":\"Oddelek za materiale in metalurgijo\",\"potentialAction\":[{\"@type\":\"SearchAction\",\"target\":{\"@type\":\"EntryPoint\",\"urlTemplate\":\"https:\/\/www.ntf.uni-lj.si\/omm\/?s={search_term_string}\"},\"query-input\":\"required name=search_term_string\"}],\"inLanguage\":\"en-US\"},{\"@type\":\"WebPage\",\"@id\":\"https:\/\/www.ntf.uni-lj.si\/omm\/studij\/1-stopnja\/inzenirstvo-materialov-un\/ostale-informacije\/prehodi-med-programi\/#webpage\",\"url\":\"https:\/\/www.ntf.uni-lj.si\/omm\/studij\/1-stopnja\/inzenirstvo-materialov-un\/ostale-informacije\/prehodi-med-programi\/\",\"name\":\"Prehodi med programi - OMM\",\"isPartOf\":{\"@id\":\"https:\/\/www.ntf.uni-lj.si\/omm\/#website\"},\"datePublished\":\"2015-05-08T09:34:45+00:00\",\"dateModified\":\"2020-02-24T08:22:15+00:00\",\"breadcrumb\":{\"@id\":\"https:\/\/www.ntf.uni-lj.si\/omm\/studij\/1-stopnja\/inzenirstvo-materialov-un\/ostale-informacije\/prehodi-med-programi\/#breadcrumb\"},\"inLanguage\":\"en-US\",\"potentialAction\":[{\"@type\":\"ReadAction\",\"target\":[\"https:\/\/www.ntf.uni-lj.si\/omm\/studij\/1-stopnja\/inzenirstvo-materialov-un\/ostale-informacije\/prehodi-med-programi\/\"]}]},{\"@type\":\"BreadcrumbList\",\"@id\":\"https:\/\/www.ntf.uni-lj.si\/omm\/studij\/1-stopnja\/inzenirstvo-materialov-un\/ostale-informacije\/prehodi-med-programi\/#breadcrumb\",\"itemListElement\":[{\"@type\":\"ListItem\",\"position\":1,\"name\":\"Domov\",\"item\":\"https:\/\/www.ntf.uni-lj.si\/omm\/\"},{\"@type\":\"ListItem\",\"position\":2,\"name\":\"\\u0160tudij\",\"item\":\"https:\/\/www.ntf.uni-lj.si\/omm\/studij\/\"},{\"@type\":\"ListItem\",\"position\":3,\"name\":\"1. stopnja\",\"item\":\"https:\/\/www.ntf.uni-lj.si\/omm\/studij\/1-stopnja\/\"},{\"@type\":\"ListItem\",\"position\":4,\"name\":\"In\\u017eenirstvo materialov (UN)\",\"item\":\"https:\/\/www.ntf.uni-lj.si\/omm\/studij\/1-stopnja\/inzenirstvo-materialov-un\/\"},{\"@type\":\"ListItem\",\"position\":5,\"name\":\"Ostale informacije\",\"item\":\"https:\/\/www.ntf.uni-lj.si\/omm\/studij\/1-stopnja\/inzenirstvo-materialov-un\/ostale-informacije\/\"},{\"@type\":\"ListItem\",\"position\":6,\"name\":\"Prehodi med programi\"}]}]}<\/script>\n<!-- \/ Yoast SEO plugin. -->","yoast_head_json":{"robots":{"index":"index","follow":"follow","max-snippet":"max-snippet:-1","max-image-preview":"max-image-preview:large","max-video-preview":"max-video-preview:-1"},"canonical":"https:\/\/www.ntf.uni-lj.si\/omm\/studij\/1-stopnja\/inzenirstvo-materialov-un\/ostale-informacije\/prehodi-med-programi\/","og_locale":"en_US","og_type":"article","og_title":"Prehodi med programi - OMM","og_description":"Pogoji o prehodih med programi: Za prehod med \u0161tudijskimi programi \u0161teje prenehanje \u0161tudentovega izobra\u017eevanja v \u0161tudijskem programu, v katerega se je vpisal in nadaljevanje izobra\u017eevanja v novem \u00a0\u0161tudijskem programu. Prehod iz drugih univerzitetnih in visoko\u0161olskih strokovnih \u0161tudijskih programov v univerzitetni \u0161tudijski program prve stopnje In\u017eenirstvo materialov je mogo\u010d, \u010de je kandidatu pri vpisu v ta ... Read more","og_url":"https:\/\/www.ntf.uni-lj.si\/omm\/studij\/1-stopnja\/inzenirstvo-materialov-un\/ostale-informacije\/prehodi-med-programi\/","og_site_name":"OMM","article_modified_time":"2020-02-24T08:22:15+00:00","twitter_misc":{"Est. reading time":"2 minutes"},"schema":{"@context":"https:\/\/schema.org","@graph":[{"@type":"WebSite","@id":"https:\/\/www.ntf.uni-lj.si\/omm\/#website","url":"https:\/\/www.ntf.uni-lj.si\/omm\/","name":"OMM","description":"Oddelek za materiale in metalurgijo","potentialAction":[{"@type":"SearchAction","target":{"@type":"EntryPoint","urlTemplate":"https:\/\/www.ntf.uni-lj.si\/omm\/?s={search_term_string}"},"query-input":"required name=search_term_string"}],"inLanguage":"en-US"},{"@type":"WebPage","@id":"https:\/\/www.ntf.uni-lj.si\/omm\/studij\/1-stopnja\/inzenirstvo-materialov-un\/ostale-informacije\/prehodi-med-programi\/#webpage","url":"https:\/\/www.ntf.uni-lj.si\/omm\/studij\/1-stopnja\/inzenirstvo-materialov-un\/ostale-informacije\/prehodi-med-programi\/","name":"Prehodi med programi - OMM","isPartOf":{"@id":"https:\/\/www.ntf.uni-lj.si\/omm\/#website"},"datePublished":"2015-05-08T09:34:45+00:00","dateModified":"2020-02-24T08:22:15+00:00","breadcrumb":{"@id":"https:\/\/www.ntf.uni-lj.si\/omm\/studij\/1-stopnja\/inzenirstvo-materialov-un\/ostale-informacije\/prehodi-med-programi\/#breadcrumb"},"inLanguage":"en-US","potentialAction":[{"@type":"ReadAction","target":["https:\/\/www.ntf.uni-lj.si\/omm\/studij\/1-stopnja\/inzenirstvo-materialov-un\/ostale-informacije\/prehodi-med-programi\/"]}]},{"@type":"BreadcrumbList","@id":"https:\/\/www.ntf.uni-lj.si\/omm\/studij\/1-stopnja\/inzenirstvo-materialov-un\/ostale-informacije\/prehodi-med-programi\/#breadcrumb","itemListElement":[{"@type":"ListItem","position":1,"name":"Domov","item":"https:\/\/www.ntf.uni-lj.si\/omm\/"},{"@type":"ListItem","position":2,"name":"\u0160tudij","item":"https:\/\/www.ntf.uni-lj.si\/omm\/studij\/"},{"@type":"ListItem","position":3,"name":"1. stopnja","item":"https:\/\/www.ntf.uni-lj.si\/omm\/studij\/1-stopnja\/"},{"@type":"ListItem","position":4,"name":"In\u017eenirstvo materialov (UN)","item":"https:\/\/www.ntf.uni-lj.si\/omm\/studij\/1-stopnja\/inzenirstvo-materialov-un\/"},{"@type":"ListItem","position":5,"name":"Ostale informacije","item":"https:\/\/www.ntf.uni-lj.si\/omm\/studij\/1-stopnja\/inzenirstvo-materialov-un\/ostale-informacije\/"},{"@type":"ListItem","position":6,"name":"Prehodi med programi"}]}]}},"_links":{"self":[{"href":"https:\/\/www.ntf.uni-lj.si\/omm\/wp-json\/wp\/v2\/pages\/4320"}],"collection":[{"href":"https:\/\/www.ntf.uni-lj.si\/omm\/wp-json\/wp\/v2\/pages"}],"about":[{"href":"https:\/\/www.ntf.uni-lj.si\/omm\/wp-json\/wp\/v2\/types\/page"}],"author":[{"embeddable":true,"href":"https:\/\/www.ntf.uni-lj.si\/omm\/wp-json\/wp\/v2\/users\/15"}],"replies":[{"embeddable":true,"href":"https:\/\/www.ntf.uni-lj.si\/omm\/wp-json\/wp\/v2\/comments?post=4320"}],"version-history":[{"count":7,"href":"https:\/\/www.ntf.uni-lj.si\/omm\/wp-json\/wp\/v2\/pages\/4320\/revisions"}],"predecessor-version":[{"id":9301,"href":"https:\/\/www.ntf.uni-lj.si\/omm\/wp-json\/wp\/v2\/pages\/4320\/revisions\/9301"}],"up":[{"embeddable":true,"href":"https:\/\/www.ntf.uni-lj.si\/omm\/wp-json\/wp\/v2\/pages\/4275"}],"wp:attachment":[{"href":"https:\/\/www.ntf.uni-lj.si\/omm\/wp-json\/wp\/v2\/media?parent=4320"}],"curies":[{"name":"wp","href":"https:\/\/api.w.org\/{rel}","templated":true}]}}