{"id":4374,"date":"2015-05-08T10:44:32","date_gmt":"2015-05-08T10:44:32","guid":{"rendered":"http:\/\/www.ntf.uni-lj.si\/omm\/?page_id=4374"},"modified":"2026-04-10T08:16:02","modified_gmt":"2026-04-10T06:16:02","slug":"splosne-informacije","status":"publish","type":"page","link":"https:\/\/www.ntf.uni-lj.si\/omm\/studij\/1-stopnja\/metarulske-tehnologije-vs\/splosne-informacije\/","title":{"rendered":"Splo\u0161ne informacije"},"content":{"rendered":"<h2>METALUR\u0160KE TEHNOLOGIJE<\/h2>\n<p>Prvostopenjski dodiplomski visoko\u0161olski strokovni \u0161tudijski program METALUR\u0160KE TEHNOLOGIJE traja 3 leta (6 semestrov) in obsega skupaj 180 kreditnih to\u010dk po sistemu ECTS.<\/p>\n<p>&nbsp;<\/p>\n<p>Strokovni naslov, ki ga pridobi diplomant je:<\/p>\n<p>diplomirani\/-a in\u017eenir\/-ka metalurgije (VS) oziroma z okraj\u0161avo dipl. in\u017e.metal. (VS).<\/p>\n<p><strong>Temeljni cilji programa in splo\u0161ne kompetence<\/strong><\/p>\n<p>Temeljni cilji visoko\u0161olskega dodiplomskega \u0161tudijskega programa I. stopnje Metalur\u0161ke tehnologije so, slediti potrebam in \u017eeljam nacionalnega gospodarstva ter s tem tudi \u017eeljam \u0161tudenta po pridobitvi potrebnih kompetenc, ki bi mu zagotavljale neposredno zaposljivost po zaklju\u010dku \u0161tudija, skladno s tem pa:<\/p>\n<p>&#8211; diplomantu omogo\u010diti \u0161iroka temeljna naravoslovna in in\u017eenirska znanja, \u0161e posebej kakovostna znanja s podro\u010dja kovinskih materialov in tehnologij ter s tem ustrezno zaposljivost,<\/p>\n<p>&#8211; diplomant dobi trdno temeljno podlago znanj in razumevanja na \u0161ir\u0161em podro\u010dju metalur\u0161kih tehnologij,<\/p>\n<p>&#8211; diplomant je usposobljen za nadaljnji \u0161tudij na dodiplomski \u2013 1. stopnji, z dodatnimi pridobljenimi krediti pa tudi 2. stopnji,<\/p>\n<p>&#8211; diplomant je dovolj razgledan na \u0161ir\u0161em podro\u010dju Metalur\u0161kih tehnologij, da bo sposoben interdisciplinarnega povezovanja razli\u010dnih podro\u010dij,<\/p>\n<p>&#8211; slediti na\u010delom Bolonjske deklaracije, evropskega zdru\u017eenja univerz EUA, evropskega zdru\u017eenja nacionalnih in\u017eenirskih zdru\u017eenj FEANI, kot tudi nem\u0161ke akreditacijske agencije ASIIN ter tako preko velike izbirnosti predmetov in mobilnosti omogo\u010diti evropsko primerljiva znanja in zaposlitvene kvalifikacije diplomantov doma in EU.<\/p>\n<p>Skladno s tem<\/p>\n<p>&#8211; diplomant dobi izobrazbo, ki je primerljiva s sorodnimi \u0161tudijskimi programi v srednji in<\/p>\n<p>zahodni Evropi,<\/p>\n<p>&#8211; \u0161tudentu je omogo\u010den prehod na drug soroden dodiplomski \u0161tudij doma ali v tujini s kreditno ovrednotenim izkazom opravljenih \u0161tudijskih obveznosti,<\/p>\n<p>&#8211; s pogoji prehoda med \u0161tudijskimi programi in na\u010dinom pedago\u0161kega dela, ki vzpodbuja sprotni \u0161tudij ter sistemom tutorstva, so zagotovljeni pogoji za dobro \u0161tudijsko prehodnost \u0161tudentov.<\/p>\n<p>Te sposobnosti in kompetence si bodo kandidati pridobili v sodobno zasnovanemu programu, ki poleg klasi\u010dnih oblik podajanja splo\u0161nih in strokovnih predmetov vklju\u010duje<\/p>\n<p>veliko prakti\u010dnega dela in projektnih nalog za re\u0161evanje problemov. \u0160tudentje bodo pri svojem delu uporabljali sodobne eksperimentalne metode, informacijske tehnologije in komunikacijske tehnike ter na osnovi obdelave rezultatov in njihovega vrednotenja pripravljali poro\u010dila in predstavljali dose\u017eke pred kolegi in u\u010dnim osebjem fakultete ali vabljenimi osebami iz gospodarstva ter s tem bogatili izku\u0161nje za profesionalno delo po zaklju\u010dku \u0161tudija.<\/p>\n<p><strong>Splo\u0161ne kompetence:<\/strong><\/p>\n<p>Splo\u0161ne kompetence diplomanta po dokon\u010danem visoko\u0161olskem \u0161tudijskem programu I. stopnje Metalur\u0161kih tehnologij so:<\/p>\n<p>&#8211; Sposobnosti za definiranje, razumevanje in ustvarjalno re\u0161evanje strokovnih izzivov.<\/p>\n<p>&#8211; Razvijanje sposobnosti kriti\u010dnega, analiti\u010dnega in sinteznega mi\u0161ljenja.<\/p>\n<p>&#8211; Razvijanje profesionalne odgovornosti in eti\u010dnosti.<\/p>\n<p>&#8211; Sposobnost strokovnega sporazumevanja in pisnega izra\u017eanja, vklju\u010dno z uporabo<\/p>\n<p>tujega strokovnega jezika.<\/p>\n<p>&#8211; Sposobnost uporabe sodobne raziskovalne opreme in informacijsko-komunikacijske<\/p>\n<p>tehnologije.<\/p>\n<p>&#8211; Usposobljenost za uporabo pridobljenih znanj pri samostojnem re\u0161evanju tehni\u010dnih<\/p>\n<p>problemov in iskanju inovativnih in inventivnih predlogov na podro\u010dju izbolj\u0161ave<\/p>\n<p>metalur\u0161kih tehnologij.<\/p>\n<p>&#8211; Sposobnost iskanja virov, kriti\u010dne presoje informacij, samostojnega nadgrajevanja<\/p>\n<p>pridobljenih znanj in poglabljanja znanja na posameznih specializiranih podro\u010djih<\/p>\n<p>metalur\u0161kih tehnologij.<\/p>\n<p>&#8211; So pridobili tak\u0161en standard znanj in kompetenc, s katerimi bodo lahko vstopili v drugi<\/p>\n<p>cikel sklopov predavanj oz. programov na univerzitetnem nivoju.<\/p>\n<p>&#8211; Usposobljenost za delo v skupini in interdisciplinarno povezovanje.<\/p>\n<p>&#8211; Sposobnost razumevanja na\u010dela vodenja in razumeti poslovno prakso.<\/p>\n<p>&#8211; Upo\u0161tevanje varnostnih, funkcionalnih, gospodarskih in okoljevarstvenih na\u010del pri<\/p>\n<p>svojem delu.<\/p>\n<p>&#8211; Spo\u0161tovanje in\u017eenirskega kodeksa.<\/p>\n<p>&nbsp;<\/p>\n<p>Kaj pomenijo kompetence na Zavodu RS za zaposlovanje si lahko preberete na:<\/p>\n<p><a href=\"https:\/\/esvetovanje.ess.gov.si\/KajZnam\/KajSoKompetence\/\">https:\/\/esvetovanje.ess.gov.si\/KajZnam\/KajSoKompetence\/<\/a><\/p>\n<p>&nbsp;<\/p>\n","protected":false},"excerpt":{"rendered":"METALUR\u0160KE TEHNOLOGIJE Prvostopenjski dodiplomski visoko\u0161olski strokovni \u0161tudijski program METALUR\u0160KE TEHNOLOGIJE traja 3 leta (6 semestrov) in obsega skupaj 180 kreditnih to\u010dk po sistemu ECTS. &nbsp; Strokovni naslov, ki ga pridobi diplomant je: diplomirani\/-a in\u017eenir\/-ka metalurgije (VS) oziroma z okraj\u0161avo dipl. in\u017e.metal. (VS). Temeljni cilji programa in splo\u0161ne kompetence Temeljni cilji visoko\u0161olskega dodiplomskega \u0161tudijskega programa I. &#8230; <a class=\"view-article\" href=\"https:\/\/www.ntf.uni-lj.si\/omm\/studij\/1-stopnja\/metarulske-tehnologije-vs\/splosne-informacije\/\">Read more<\/a>","protected":false},"author":15,"featured_media":0,"parent":4368,"menu_order":10,"comment_status":"closed","ping_status":"closed","template":"","meta":[],"acf":[],"yoast_head":"<!-- This site is optimized with the Yoast SEO plugin v17.0 - https:\/\/yoast.com\/wordpress\/plugins\/seo\/ -->\n<meta name=\"robots\" content=\"index, follow, max-snippet:-1, max-image-preview:large, max-video-preview:-1\" \/>\n<link rel=\"canonical\" href=\"https:\/\/www.ntf.uni-lj.si\/omm\/studij\/1-stopnja\/metarulske-tehnologije-vs\/splosne-informacije\/\" \/>\n<meta property=\"og:locale\" content=\"en_US\" \/>\n<meta property=\"og:type\" content=\"article\" \/>\n<meta property=\"og:title\" content=\"Splo\u0161ne informacije - OMM\" \/>\n<meta property=\"og:description\" content=\"METALUR\u0160KE TEHNOLOGIJE Prvostopenjski dodiplomski visoko\u0161olski strokovni \u0161tudijski program METALUR\u0160KE TEHNOLOGIJE traja 3 leta (6 semestrov) in obsega skupaj 180 kreditnih to\u010dk po sistemu ECTS. &nbsp; Strokovni naslov, ki ga pridobi diplomant je: diplomirani\/-a in\u017eenir\/-ka metalurgije (VS) oziroma z okraj\u0161avo dipl. in\u017e.metal. (VS). Temeljni cilji programa in splo\u0161ne kompetence Temeljni cilji visoko\u0161olskega dodiplomskega \u0161tudijskega programa I. ... Read more\" \/>\n<meta property=\"og:url\" content=\"https:\/\/www.ntf.uni-lj.si\/omm\/studij\/1-stopnja\/metarulske-tehnologije-vs\/splosne-informacije\/\" \/>\n<meta property=\"og:site_name\" content=\"OMM\" \/>\n<meta property=\"article:modified_time\" content=\"2026-04-10T06:16:02+00:00\" \/>\n<meta name=\"twitter:label1\" content=\"Est. reading time\" \/>\n\t<meta name=\"twitter:data1\" content=\"3 minutes\" \/>\n<script type=\"application\/ld+json\" class=\"yoast-schema-graph\">{\"@context\":\"https:\/\/schema.org\",\"@graph\":[{\"@type\":\"WebSite\",\"@id\":\"https:\/\/www.ntf.uni-lj.si\/omm\/#website\",\"url\":\"https:\/\/www.ntf.uni-lj.si\/omm\/\",\"name\":\"OMM\",\"description\":\"Oddelek za materiale in metalurgijo\",\"potentialAction\":[{\"@type\":\"SearchAction\",\"target\":{\"@type\":\"EntryPoint\",\"urlTemplate\":\"https:\/\/www.ntf.uni-lj.si\/omm\/?s={search_term_string}\"},\"query-input\":\"required name=search_term_string\"}],\"inLanguage\":\"en-US\"},{\"@type\":\"WebPage\",\"@id\":\"https:\/\/www.ntf.uni-lj.si\/omm\/studij\/1-stopnja\/metarulske-tehnologije-vs\/splosne-informacije\/#webpage\",\"url\":\"https:\/\/www.ntf.uni-lj.si\/omm\/studij\/1-stopnja\/metarulske-tehnologije-vs\/splosne-informacije\/\",\"name\":\"Splo\\u0161ne informacije - OMM\",\"isPartOf\":{\"@id\":\"https:\/\/www.ntf.uni-lj.si\/omm\/#website\"},\"datePublished\":\"2015-05-08T10:44:32+00:00\",\"dateModified\":\"2026-04-10T06:16:02+00:00\",\"breadcrumb\":{\"@id\":\"https:\/\/www.ntf.uni-lj.si\/omm\/studij\/1-stopnja\/metarulske-tehnologije-vs\/splosne-informacije\/#breadcrumb\"},\"inLanguage\":\"en-US\",\"potentialAction\":[{\"@type\":\"ReadAction\",\"target\":[\"https:\/\/www.ntf.uni-lj.si\/omm\/studij\/1-stopnja\/metarulske-tehnologije-vs\/splosne-informacije\/\"]}]},{\"@type\":\"BreadcrumbList\",\"@id\":\"https:\/\/www.ntf.uni-lj.si\/omm\/studij\/1-stopnja\/metarulske-tehnologije-vs\/splosne-informacije\/#breadcrumb\",\"itemListElement\":[{\"@type\":\"ListItem\",\"position\":1,\"name\":\"Domov\",\"item\":\"https:\/\/www.ntf.uni-lj.si\/omm\/\"},{\"@type\":\"ListItem\",\"position\":2,\"name\":\"\\u0160tudij\",\"item\":\"https:\/\/www.ntf.uni-lj.si\/omm\/studij\/\"},{\"@type\":\"ListItem\",\"position\":3,\"name\":\"1. stopnja\",\"item\":\"https:\/\/www.ntf.uni-lj.si\/omm\/studij\/1-stopnja\/\"},{\"@type\":\"ListItem\",\"position\":4,\"name\":\"Metalur\\u0161ke tehnologije (VS)\",\"item\":\"https:\/\/www.ntf.uni-lj.si\/omm\/studij\/1-stopnja\/metarulske-tehnologije-vs\/\"},{\"@type\":\"ListItem\",\"position\":5,\"name\":\"Splo\\u0161ne informacije\"}]}]}<\/script>\n<!-- \/ Yoast SEO plugin. -->","yoast_head_json":{"robots":{"index":"index","follow":"follow","max-snippet":"max-snippet:-1","max-image-preview":"max-image-preview:large","max-video-preview":"max-video-preview:-1"},"canonical":"https:\/\/www.ntf.uni-lj.si\/omm\/studij\/1-stopnja\/metarulske-tehnologije-vs\/splosne-informacije\/","og_locale":"en_US","og_type":"article","og_title":"Splo\u0161ne informacije - OMM","og_description":"METALUR\u0160KE TEHNOLOGIJE Prvostopenjski dodiplomski visoko\u0161olski strokovni \u0161tudijski program METALUR\u0160KE TEHNOLOGIJE traja 3 leta (6 semestrov) in obsega skupaj 180 kreditnih to\u010dk po sistemu ECTS. &nbsp; Strokovni naslov, ki ga pridobi diplomant je: diplomirani\/-a in\u017eenir\/-ka metalurgije (VS) oziroma z okraj\u0161avo dipl. in\u017e.metal. (VS). Temeljni cilji programa in splo\u0161ne kompetence Temeljni cilji visoko\u0161olskega dodiplomskega \u0161tudijskega programa I. ... Read more","og_url":"https:\/\/www.ntf.uni-lj.si\/omm\/studij\/1-stopnja\/metarulske-tehnologije-vs\/splosne-informacije\/","og_site_name":"OMM","article_modified_time":"2026-04-10T06:16:02+00:00","twitter_misc":{"Est. reading time":"3 minutes"},"schema":{"@context":"https:\/\/schema.org","@graph":[{"@type":"WebSite","@id":"https:\/\/www.ntf.uni-lj.si\/omm\/#website","url":"https:\/\/www.ntf.uni-lj.si\/omm\/","name":"OMM","description":"Oddelek za materiale in metalurgijo","potentialAction":[{"@type":"SearchAction","target":{"@type":"EntryPoint","urlTemplate":"https:\/\/www.ntf.uni-lj.si\/omm\/?s={search_term_string}"},"query-input":"required name=search_term_string"}],"inLanguage":"en-US"},{"@type":"WebPage","@id":"https:\/\/www.ntf.uni-lj.si\/omm\/studij\/1-stopnja\/metarulske-tehnologije-vs\/splosne-informacije\/#webpage","url":"https:\/\/www.ntf.uni-lj.si\/omm\/studij\/1-stopnja\/metarulske-tehnologije-vs\/splosne-informacije\/","name":"Splo\u0161ne informacije - OMM","isPartOf":{"@id":"https:\/\/www.ntf.uni-lj.si\/omm\/#website"},"datePublished":"2015-05-08T10:44:32+00:00","dateModified":"2026-04-10T06:16:02+00:00","breadcrumb":{"@id":"https:\/\/www.ntf.uni-lj.si\/omm\/studij\/1-stopnja\/metarulske-tehnologije-vs\/splosne-informacije\/#breadcrumb"},"inLanguage":"en-US","potentialAction":[{"@type":"ReadAction","target":["https:\/\/www.ntf.uni-lj.si\/omm\/studij\/1-stopnja\/metarulske-tehnologije-vs\/splosne-informacije\/"]}]},{"@type":"BreadcrumbList","@id":"https:\/\/www.ntf.uni-lj.si\/omm\/studij\/1-stopnja\/metarulske-tehnologije-vs\/splosne-informacije\/#breadcrumb","itemListElement":[{"@type":"ListItem","position":1,"name":"Domov","item":"https:\/\/www.ntf.uni-lj.si\/omm\/"},{"@type":"ListItem","position":2,"name":"\u0160tudij","item":"https:\/\/www.ntf.uni-lj.si\/omm\/studij\/"},{"@type":"ListItem","position":3,"name":"1. stopnja","item":"https:\/\/www.ntf.uni-lj.si\/omm\/studij\/1-stopnja\/"},{"@type":"ListItem","position":4,"name":"Metalur\u0161ke tehnologije (VS)","item":"https:\/\/www.ntf.uni-lj.si\/omm\/studij\/1-stopnja\/metarulske-tehnologije-vs\/"},{"@type":"ListItem","position":5,"name":"Splo\u0161ne informacije"}]}]}},"_links":{"self":[{"href":"https:\/\/www.ntf.uni-lj.si\/omm\/wp-json\/wp\/v2\/pages\/4374"}],"collection":[{"href":"https:\/\/www.ntf.uni-lj.si\/omm\/wp-json\/wp\/v2\/pages"}],"about":[{"href":"https:\/\/www.ntf.uni-lj.si\/omm\/wp-json\/wp\/v2\/types\/page"}],"author":[{"embeddable":true,"href":"https:\/\/www.ntf.uni-lj.si\/omm\/wp-json\/wp\/v2\/users\/15"}],"replies":[{"embeddable":true,"href":"https:\/\/www.ntf.uni-lj.si\/omm\/wp-json\/wp\/v2\/comments?post=4374"}],"version-history":[{"count":42,"href":"https:\/\/www.ntf.uni-lj.si\/omm\/wp-json\/wp\/v2\/pages\/4374\/revisions"}],"predecessor-version":[{"id":11847,"href":"https:\/\/www.ntf.uni-lj.si\/omm\/wp-json\/wp\/v2\/pages\/4374\/revisions\/11847"}],"up":[{"embeddable":true,"href":"https:\/\/www.ntf.uni-lj.si\/omm\/wp-json\/wp\/v2\/pages\/4368"}],"wp:attachment":[{"href":"https:\/\/www.ntf.uni-lj.si\/omm\/wp-json\/wp\/v2\/media?parent=4374"}],"curies":[{"name":"wp","href":"https:\/\/api.w.org\/{rel}","templated":true}]}}