{"id":4399,"date":"2015-05-08T10:51:03","date_gmt":"2015-05-08T10:51:03","guid":{"rendered":"http:\/\/www.ntf.uni-lj.si\/omm\/?page_id=4399"},"modified":"2020-02-24T09:04:28","modified_gmt":"2020-02-24T08:04:28","slug":"prehodi-med-programi","status":"publish","type":"page","link":"https:\/\/www.ntf.uni-lj.si\/omm\/studij\/1-stopnja\/metarulske-tehnologije-vs\/ostale-informacije\/prehodi-med-programi\/","title":{"rendered":"Prehodi med programi"},"content":{"rendered":"<p><strong>Pogoji o prehodih med programi<\/strong><\/p>\n<p>Dolo\u010dbe o prehajanju med razli\u010dnimi \u0161tudijskimi programi so usklajene s Statutom Univerze v Ljubljani (\u010dleni 181 do 189) in Merili za prehode med \u0161tudijskimi programi.<\/p>\n<p>S prehodom se razume prenehanje \u0161tudentovega izobra\u017eevanja v \u0161tudijskem programu, v katerega se je vpisal ter nadaljevanje izobra\u017eevanja v novem visoko\u0161olskem strokovnem \u0161tudijskem programu prve stopnje Metalur\u0161ke tehnologije, v katerem se vse ali del obveznosti, ki jih je \u0161tudent \u017ee opravil v prvem \u0161tudijskem programu, priznajo kot opravljene obveznosti visoko\u0161olskega strokovnega \u0161tudijskega programa prve stopnje Metalur\u0161ke tehnologije (Merila za prehode med \u0161tudijskimi programi (Uradni list RS, \u0161t. 45\/94)).<\/p>\n<p>Opravljen izpit v prvotnem \u0161tudijskem programu se prizna kot opravljen izpit v novem \u0161tudijskem programu (Metalur\u0161ke tehnologije), \u010de je usklajenost vsebin obeh predmetov vsaj 75 %. Pri kreditnem vrednotenju posameznega letnika (60 kreditnih to\u010dk) se priznani izpit vrednoti s kreditnimi to\u010dkami v prvotnem \u0161tudijskem programu, a ne z ve\u010d kreditnimi o\u010dkami, kot je ovrednoten v novem visoko\u0161olskem strokovnem \u0161tudijskem programu prve stopnje Metalur\u0161ke tehnologije .<\/p>\n<p>Za prehod iz prej\u0161njega odstavka se ne \u0161teje sprememba \u0161tudijskega programa ali smeri zaradi neizpolnitve obveznosti v prej\u0161njem \u0161tudijskem programu ali smeri.<\/p>\n<p>V novem visoko\u0161olskem strokovnem \u0161tudijskem programu prve stopnje Metalur\u0161ke \u00a0tehnologije so predvideni prehodi:<\/p>\n<p>&#8211; iz novih univerzitetnih \u0161tudijskih programov prve stopnje (UN) In\u017eenirstvo materialov in sorodnih \u0161tudijskih programov (naravoslovje in tehnika ),<\/p>\n<p>&#8211; iz dodiplomskih univerzitetnih \u0161tudijskih programov Materiali in metalurgija in s \u00a0podro\u010dja sorodnih \u0161tudijskih programov (naravoslovje in tehnika), ki so bili sprejeti po letu<\/p>\n<p>1994,<\/p>\n<p>&#8211; iz visoko\u0161olskih \u0161tudijskih programov s podro\u010dja metalurgije in sorodnih \u0161tudijskih programov (naravoslovje in tehnika ), ki so bili sprejeti pred letom 1994,<\/p>\n<p>&#8211; iz novih visoko\u0161olskih strokovnih \u0161tudijskih programov prve stopnje (VS) s podro\u010dja \u00a0metalurgije in sorodnih \u0161tudijskih programov (naravoslovje in tehnika ),<\/p>\n<p>&#8211; iz visoko\u0161olskih strokovnih \u0161tudijskih programov s podro\u010dja metalurgije in sorodnih \u00a0\u0161tudijskih programov (naravoslovje in tehnika), ki so bili sprejeti po letu 1994,<\/p>\n<p>&#8211; za diplomante vi\u0161je\u0161olskih \u0161tudijskih programov s podro\u010dja metalurgije, sprejetih \u00a0pred letom 1994 in<\/p>\n<p>&#8211; za diplomante vi\u0161je\u0161olskih strokovnih programov s podro\u010dja metalurgije, ki so \u00a0kon\u010dali \u0161olanje na podlagi Zakona o poklicnem in strokovnem izobra\u017eevanju (Uradni list RS, \u0161t. 12\/96).<\/p>\n<p>&nbsp;<\/p>\n<p>Skladno s Pravilnikom o preverjanju in ocenjevanju znanja na NTF, UL lahko \u0160tudijska komisija Oddelka za materiale in metalurgijo \u0161tudentu predpi\u0161e dodatne obveznosti (diferen\u010dne izpite) in rok, do kdaj mora \u0161tudent te obveznosti opraviti.<\/p>\n<p>\u0160tudijska komisija Oddelka za materiale in metalurgijo lahko tak\u0161nemu \u0161tudentu tudi prizna del izpitov, ki jih je \u0161tudent opravil na prvotnem \u0161tudijskem programu in niso predvideni na novem visoko\u0161olskem strokovnem \u0161tudijskem programu prve stopnje Metalur\u0161ke tehnologije (VS) na ra\u010dun izbirnosti zunaj NTF, UL.<\/p>\n<p>\u010ce \u0161tudent prehaja na visoko\u0161olski strokovni \u0161tudijski program prve stopnje Metalur\u0161ke tehnologije (VS) iz prenovljenih univerzitetnih \u0161tudijskih programov prve stopnje (UN) ali iz prenovljenih visoko\u0161olskih strokovnih \u0161tudijskih programov prve stopnje (VS), ki jih izvaja NTF, UL, lahko \u0160tudijska komisija Oddelka za materiale in metalurgijo prizna \u0161tudentu tudi dolo\u010dene \u00bbstrokovne\u00ab izpite iz prej\u0161njega programa na ra\u010dun izbirnosti znotraj NTF, UL.<\/p>\n<p>Ob predlo\u017eitvi ustreznih dokazil lahko \u0160tudijska komisija Oddelka za materiale in metalurgijo \u0161tudentu prizna prakti\u010dno usposabljanje.<\/p>\n<p>V 2. ali v 3. letnik novega visoko\u0161olskega strokovnega \u0161tudijskega programa prve stopnje Metalur\u0161ke tehnologije, se lahko prepi\u0161e \u0161tudent, \u010de:<\/p>\n<p>&#8211; izpolnjuje pogoje za vpis v ta \u0161tudijski program,<\/p>\n<p>&#8211; so na voljo prosta mesta in<\/p>\n<p>&#8211; je v celoti opravil \u0161tudijske obveznosti v ni\u017ejem letniku na prvotnem programu.<\/p>\n","protected":false},"excerpt":{"rendered":"Pogoji o prehodih med programi Dolo\u010dbe o prehajanju med razli\u010dnimi \u0161tudijskimi programi so usklajene s Statutom Univerze v Ljubljani (\u010dleni 181 do 189) in Merili za prehode med \u0161tudijskimi programi. S prehodom se razume prenehanje \u0161tudentovega izobra\u017eevanja v \u0161tudijskem programu, v katerega se je vpisal ter nadaljevanje izobra\u017eevanja v novem visoko\u0161olskem strokovnem \u0161tudijskem programu prve &#8230; <a class=\"view-article\" href=\"https:\/\/www.ntf.uni-lj.si\/omm\/studij\/1-stopnja\/metarulske-tehnologije-vs\/ostale-informacije\/prehodi-med-programi\/\">Read more<\/a>","protected":false},"author":15,"featured_media":0,"parent":4387,"menu_order":30,"comment_status":"closed","ping_status":"closed","template":"","meta":[],"acf":[],"yoast_head":"<!-- This site is optimized with the Yoast SEO plugin v17.0 - https:\/\/yoast.com\/wordpress\/plugins\/seo\/ -->\n<meta name=\"robots\" content=\"index, follow, max-snippet:-1, max-image-preview:large, max-video-preview:-1\" \/>\n<link rel=\"canonical\" href=\"https:\/\/www.ntf.uni-lj.si\/omm\/studij\/1-stopnja\/metarulske-tehnologije-vs\/ostale-informacije\/prehodi-med-programi\/\" \/>\n<meta property=\"og:locale\" content=\"en_US\" \/>\n<meta property=\"og:type\" content=\"article\" \/>\n<meta property=\"og:title\" content=\"Prehodi med programi - OMM\" \/>\n<meta property=\"og:description\" content=\"Pogoji o prehodih med programi Dolo\u010dbe o prehajanju med razli\u010dnimi \u0161tudijskimi programi so usklajene s Statutom Univerze v Ljubljani (\u010dleni 181 do 189) in Merili za prehode med \u0161tudijskimi programi. S prehodom se razume prenehanje \u0161tudentovega izobra\u017eevanja v \u0161tudijskem programu, v katerega se je vpisal ter nadaljevanje izobra\u017eevanja v novem visoko\u0161olskem strokovnem \u0161tudijskem programu prve ... Read more\" \/>\n<meta property=\"og:url\" content=\"https:\/\/www.ntf.uni-lj.si\/omm\/studij\/1-stopnja\/metarulske-tehnologije-vs\/ostale-informacije\/prehodi-med-programi\/\" \/>\n<meta property=\"og:site_name\" content=\"OMM\" \/>\n<meta property=\"article:modified_time\" content=\"2020-02-24T08:04:28+00:00\" \/>\n<meta name=\"twitter:label1\" content=\"Est. reading time\" \/>\n\t<meta name=\"twitter:data1\" content=\"3 minutes\" \/>\n<script type=\"application\/ld+json\" class=\"yoast-schema-graph\">{\"@context\":\"https:\/\/schema.org\",\"@graph\":[{\"@type\":\"WebSite\",\"@id\":\"https:\/\/www.ntf.uni-lj.si\/omm\/#website\",\"url\":\"https:\/\/www.ntf.uni-lj.si\/omm\/\",\"name\":\"OMM\",\"description\":\"Oddelek za materiale in metalurgijo\",\"potentialAction\":[{\"@type\":\"SearchAction\",\"target\":{\"@type\":\"EntryPoint\",\"urlTemplate\":\"https:\/\/www.ntf.uni-lj.si\/omm\/?s={search_term_string}\"},\"query-input\":\"required name=search_term_string\"}],\"inLanguage\":\"en-US\"},{\"@type\":\"WebPage\",\"@id\":\"https:\/\/www.ntf.uni-lj.si\/omm\/studij\/1-stopnja\/metarulske-tehnologije-vs\/ostale-informacije\/prehodi-med-programi\/#webpage\",\"url\":\"https:\/\/www.ntf.uni-lj.si\/omm\/studij\/1-stopnja\/metarulske-tehnologije-vs\/ostale-informacije\/prehodi-med-programi\/\",\"name\":\"Prehodi med programi - OMM\",\"isPartOf\":{\"@id\":\"https:\/\/www.ntf.uni-lj.si\/omm\/#website\"},\"datePublished\":\"2015-05-08T10:51:03+00:00\",\"dateModified\":\"2020-02-24T08:04:28+00:00\",\"breadcrumb\":{\"@id\":\"https:\/\/www.ntf.uni-lj.si\/omm\/studij\/1-stopnja\/metarulske-tehnologije-vs\/ostale-informacije\/prehodi-med-programi\/#breadcrumb\"},\"inLanguage\":\"en-US\",\"potentialAction\":[{\"@type\":\"ReadAction\",\"target\":[\"https:\/\/www.ntf.uni-lj.si\/omm\/studij\/1-stopnja\/metarulske-tehnologije-vs\/ostale-informacije\/prehodi-med-programi\/\"]}]},{\"@type\":\"BreadcrumbList\",\"@id\":\"https:\/\/www.ntf.uni-lj.si\/omm\/studij\/1-stopnja\/metarulske-tehnologije-vs\/ostale-informacije\/prehodi-med-programi\/#breadcrumb\",\"itemListElement\":[{\"@type\":\"ListItem\",\"position\":1,\"name\":\"Domov\",\"item\":\"https:\/\/www.ntf.uni-lj.si\/omm\/\"},{\"@type\":\"ListItem\",\"position\":2,\"name\":\"\\u0160tudij\",\"item\":\"https:\/\/www.ntf.uni-lj.si\/omm\/studij\/\"},{\"@type\":\"ListItem\",\"position\":3,\"name\":\"1. stopnja\",\"item\":\"https:\/\/www.ntf.uni-lj.si\/omm\/studij\/1-stopnja\/\"},{\"@type\":\"ListItem\",\"position\":4,\"name\":\"Metalur\\u0161ke tehnologije (VS)\",\"item\":\"https:\/\/www.ntf.uni-lj.si\/omm\/studij\/1-stopnja\/metarulske-tehnologije-vs\/\"},{\"@type\":\"ListItem\",\"position\":5,\"name\":\"Ostale informacije\",\"item\":\"https:\/\/www.ntf.uni-lj.si\/omm\/studij\/1-stopnja\/metarulske-tehnologije-vs\/ostale-informacije\/\"},{\"@type\":\"ListItem\",\"position\":6,\"name\":\"Prehodi med programi\"}]}]}<\/script>\n<!-- \/ Yoast SEO plugin. -->","yoast_head_json":{"robots":{"index":"index","follow":"follow","max-snippet":"max-snippet:-1","max-image-preview":"max-image-preview:large","max-video-preview":"max-video-preview:-1"},"canonical":"https:\/\/www.ntf.uni-lj.si\/omm\/studij\/1-stopnja\/metarulske-tehnologije-vs\/ostale-informacije\/prehodi-med-programi\/","og_locale":"en_US","og_type":"article","og_title":"Prehodi med programi - OMM","og_description":"Pogoji o prehodih med programi Dolo\u010dbe o prehajanju med razli\u010dnimi \u0161tudijskimi programi so usklajene s Statutom Univerze v Ljubljani (\u010dleni 181 do 189) in Merili za prehode med \u0161tudijskimi programi. S prehodom se razume prenehanje \u0161tudentovega izobra\u017eevanja v \u0161tudijskem programu, v katerega se je vpisal ter nadaljevanje izobra\u017eevanja v novem visoko\u0161olskem strokovnem \u0161tudijskem programu prve ... Read more","og_url":"https:\/\/www.ntf.uni-lj.si\/omm\/studij\/1-stopnja\/metarulske-tehnologije-vs\/ostale-informacije\/prehodi-med-programi\/","og_site_name":"OMM","article_modified_time":"2020-02-24T08:04:28+00:00","twitter_misc":{"Est. reading time":"3 minutes"},"schema":{"@context":"https:\/\/schema.org","@graph":[{"@type":"WebSite","@id":"https:\/\/www.ntf.uni-lj.si\/omm\/#website","url":"https:\/\/www.ntf.uni-lj.si\/omm\/","name":"OMM","description":"Oddelek za materiale in metalurgijo","potentialAction":[{"@type":"SearchAction","target":{"@type":"EntryPoint","urlTemplate":"https:\/\/www.ntf.uni-lj.si\/omm\/?s={search_term_string}"},"query-input":"required name=search_term_string"}],"inLanguage":"en-US"},{"@type":"WebPage","@id":"https:\/\/www.ntf.uni-lj.si\/omm\/studij\/1-stopnja\/metarulske-tehnologije-vs\/ostale-informacije\/prehodi-med-programi\/#webpage","url":"https:\/\/www.ntf.uni-lj.si\/omm\/studij\/1-stopnja\/metarulske-tehnologije-vs\/ostale-informacije\/prehodi-med-programi\/","name":"Prehodi med programi - OMM","isPartOf":{"@id":"https:\/\/www.ntf.uni-lj.si\/omm\/#website"},"datePublished":"2015-05-08T10:51:03+00:00","dateModified":"2020-02-24T08:04:28+00:00","breadcrumb":{"@id":"https:\/\/www.ntf.uni-lj.si\/omm\/studij\/1-stopnja\/metarulske-tehnologije-vs\/ostale-informacije\/prehodi-med-programi\/#breadcrumb"},"inLanguage":"en-US","potentialAction":[{"@type":"ReadAction","target":["https:\/\/www.ntf.uni-lj.si\/omm\/studij\/1-stopnja\/metarulske-tehnologije-vs\/ostale-informacije\/prehodi-med-programi\/"]}]},{"@type":"BreadcrumbList","@id":"https:\/\/www.ntf.uni-lj.si\/omm\/studij\/1-stopnja\/metarulske-tehnologije-vs\/ostale-informacije\/prehodi-med-programi\/#breadcrumb","itemListElement":[{"@type":"ListItem","position":1,"name":"Domov","item":"https:\/\/www.ntf.uni-lj.si\/omm\/"},{"@type":"ListItem","position":2,"name":"\u0160tudij","item":"https:\/\/www.ntf.uni-lj.si\/omm\/studij\/"},{"@type":"ListItem","position":3,"name":"1. stopnja","item":"https:\/\/www.ntf.uni-lj.si\/omm\/studij\/1-stopnja\/"},{"@type":"ListItem","position":4,"name":"Metalur\u0161ke tehnologije (VS)","item":"https:\/\/www.ntf.uni-lj.si\/omm\/studij\/1-stopnja\/metarulske-tehnologije-vs\/"},{"@type":"ListItem","position":5,"name":"Ostale informacije","item":"https:\/\/www.ntf.uni-lj.si\/omm\/studij\/1-stopnja\/metarulske-tehnologije-vs\/ostale-informacije\/"},{"@type":"ListItem","position":6,"name":"Prehodi med programi"}]}]}},"_links":{"self":[{"href":"https:\/\/www.ntf.uni-lj.si\/omm\/wp-json\/wp\/v2\/pages\/4399"}],"collection":[{"href":"https:\/\/www.ntf.uni-lj.si\/omm\/wp-json\/wp\/v2\/pages"}],"about":[{"href":"https:\/\/www.ntf.uni-lj.si\/omm\/wp-json\/wp\/v2\/types\/page"}],"author":[{"embeddable":true,"href":"https:\/\/www.ntf.uni-lj.si\/omm\/wp-json\/wp\/v2\/users\/15"}],"replies":[{"embeddable":true,"href":"https:\/\/www.ntf.uni-lj.si\/omm\/wp-json\/wp\/v2\/comments?post=4399"}],"version-history":[{"count":4,"href":"https:\/\/www.ntf.uni-lj.si\/omm\/wp-json\/wp\/v2\/pages\/4399\/revisions"}],"predecessor-version":[{"id":9291,"href":"https:\/\/www.ntf.uni-lj.si\/omm\/wp-json\/wp\/v2\/pages\/4399\/revisions\/9291"}],"up":[{"embeddable":true,"href":"https:\/\/www.ntf.uni-lj.si\/omm\/wp-json\/wp\/v2\/pages\/4387"}],"wp:attachment":[{"href":"https:\/\/www.ntf.uni-lj.si\/omm\/wp-json\/wp\/v2\/media?parent=4399"}],"curies":[{"name":"wp","href":"https:\/\/api.w.org\/{rel}","templated":true}]}}