{"id":4405,"date":"2015-05-08T10:52:15","date_gmt":"2015-05-08T10:52:15","guid":{"rendered":"http:\/\/www.ntf.uni-lj.si\/omm\/?page_id=4405"},"modified":"2025-12-16T13:17:17","modified_gmt":"2025-12-16T12:17:17","slug":"pogoji-za-napredovanje","status":"publish","type":"page","link":"https:\/\/www.ntf.uni-lj.si\/omm\/studij\/1-stopnja\/metarulske-tehnologije-vs\/ostale-informacije\/pogoji-za-napredovanje\/","title":{"rendered":"Pogoji za napredovanje"},"content":{"rendered":"<p><strong>Pogoji za napredovanje po programu<\/strong><\/p>\n<p>Pogoji za napredovanje po \u0161tudijskem programu so usklajeni s 151. \u010dlenom Statuta Univerze v Ljubljani.<\/p>\n<p class=\"x_MsoNormal\">\u0160tudent se lahko vpi\u0161e v vi\u0161ji letnik, \u010de je do izteka \u0161tudijskega leta opravil z u\u010dnimi na\u010drti predpisane obveznosti v obsegu najmanj 49 kreditnih to\u010dk po ECTS.<\/p>\n<p class=\"x_MsoNormal\">\u0160tudent se lahko izjemoma vpi\u0161e v vi\u0161ji letnik, tudi \u010de ni opravil vseh obveznosti, dolo\u010denih s \u0161tudijskim programom za vpis v vi\u0161ji letnik, kadar ima za to opravi\u010dene razloge, ki jih dolo\u010da Statut UL (materinstvo, dalj\u0161a bolezen, izjemne dru\u017einske in socialne okoli\u0161\u010dine, priznan status osebe s posebnimi potrebami, aktivno sodelovanje na vrhunskih strokovnih, kulturnih in \u0161portnih prireditvah, aktivno sodelovanje v organih univerze).<\/p>\n<p class=\"x_MsoNormal\">Pod pogoji iz prej\u0161njega odstavka se \u0161tudent lahko vpi\u0161e v vi\u0161ji letnik, \u010de zbere najmanj 40 kreditnih to\u010dk po ECTS. O vpisu iz prej\u0161njega odstavka odlo\u010da \u0160tudijska komisija UL NTF.<\/p>\n<p class=\"x_MsoNormal\">\u0160tudentu, ki pri \u0161tudiju izkazuje nadpovpre\u010dne \u0161tudijske rezultate, se omogo\u010di hitrej\u0161e napredovanje. Sklep o tem sprejme dekan NTF na podlagi pro\u0161nje kandidata in obrazlo\u017eenega mnenja \u0160tudijske komisije Oddelka za materiale in metalurgijo. S sklepom se dolo\u010di na\u010din hitrej\u0161ega napredovanja.<\/p>\n<p>Na OMM, NTF imamo \u017ee vrsto let ute\u010den sistem mentorstva za na\u0161e \u0161tudente. Prav tako bomo podoben sistem, nadgrajen s tutorsko pomo\u010djo, nudili \u0161tudentu tudi v okviru novega visoko\u0161olskega strokovnega \u0161tudijskega programa Metalur\u0161ke metalurgije, kar je v skladu z 9. to\u010dko 7. \u010dlena Meril za akreditacijo. \u0160tudentje bodo \u017ee od prvega letnika dalje imeli svoje mentorje letnika. Prav tako bodo posamezni \u0161tudenti takoj ob vpisu dobili svoje tutorje iz vrst \u0161tudentov vi\u0161jih letnikov, ki jim bodo z mentorji pomagali pri opredelitvi za izbirne predmete in podobno.<\/p>\n<p>\u0160tudentu, ki pri \u0161tudiju izkazuje nadpovpre\u010dne \u0161tudijske rezultate, se omogo\u010di hitrej\u0161e napredovanje. Sklep o tem sprejme senat NTF, UL na podlagi pro\u0161nje kandidata in obrazlo\u017eitve mnenja \u0160tudijske komisije NTF, UL. S sklepom se dolo\u010di na\u010din hitrej\u0161ega napredovanja.<\/p>\n<p>&nbsp;<\/p>\n<p><strong>Pogoji za ponavljanje letnika<\/strong><\/p>\n<p>V skladu s 152. \u010dlenom Statuta Univerze v Ljubljani ima \u0161tudent, ki ni opravil vseh \u0161tudijskih obveznosti za vpis v vi\u0161ji letnik, dolo\u010denih s \u0161tudijskim programom, mo\u017enost, da v \u010dasu \u0161tudija enkrat ponavlja letnik.<\/p>\n<p>\u0160tudent, ki ni opravil vseh obveznosti, dolo\u010denih s \u0161tudijskim programom za vpis v vi\u0161ji letnik, lahko v \u010dasu \u0161tudija enkrat ponavlja letnik, \u010de dose\u017ee najmanj 30 kreditnih to\u010dk po ECTS.<\/p>\n<p><strong>\u00a0<\/strong><\/p>\n<p><strong>Pogoji za podalj\u0161anje in za mirovanje statusa \u0161tudenta<\/strong><\/p>\n<p>Pogoji za podalj\u0161anje statusa \u0161tudenta so dolo\u010deni z 158. \u010dlenom, pogoji za mirovanje statusa \u0161tudenta pa z 240. \u010dlenom Statuta Univerze v Ljubljani.<\/p>\n<p>&nbsp;<\/p>\n<p><strong>Pogoji za dokon\u010danje \u0161tudija<\/strong><\/p>\n<p>Za dokon\u010danje 1. stopnje \u0161tudija mora \u0161tudent opraviti \u0161tudijske obveznosti pri vseh predmetih vpisanega \u0161tudijskega programa, opraviti obveznosti v vi\u0161ini 180 KT ter izdelati in uspe\u0161no zagovarjati diplomsko delo skladno z dolo\u010dili Pravilnika o diplomskem delu, ki ga sprejme Senat Naravoslovnotehni\u0161ke fakultete, Univerze v Ljubljani.<\/p>\n<p>&nbsp;<\/p>\n<p><strong>Pogoji o prehodih med programi:<\/strong><\/p>\n<p>Dolo\u010dbe o prehajanju med razli\u010dnimi \u0161tudijskimi programi so usklajene s Statutom Univerze v Ljubljani (\u010dleni 181 do 189) in Merili za prehode med \u0161tudijskimi programi.<\/p>\n<p>S prehodom se razume prenehanje \u0161tudentovega izobra\u017eevanja v \u0161tudijskem programu, v katerega se je vpisal ter nadaljevanje izobra\u017eevanja v novem visoko\u0161olskem strokovnem \u0161tudijskem programu prve stopnje Metalur\u0161ke tehnologije, v katerem se vse ali del obveznosti, ki jih je \u0161tudent \u017ee opravil v prvem \u0161tudijskem programu, priznajo kot opravljene obveznosti visoko\u0161olskega strokovnega \u0161tudijskega programa prve stopnje Metalur\u0161ke tehnologije (Merila za prehode med \u0161tudijskimi programi (Uradni list RS, \u0161t. 45\/94)).<\/p>\n<p>Opravljen izpit v prvotnem \u0161tudijskem programu se prizna kot opravljen izpit v novem \u0161tudijskem programu (Metalur\u0161ke tehnologije), \u010de je usklajenost vsebin obeh predmetov vsaj 75 %. Pri kreditnem vrednotenju posameznega letnika (60 kreditnih to\u010dk) se priznani izpit vrednoti s kreditnimi to\u010dkami v prvotnem \u0161tudijskem programu, a ne z ve\u010d kreditnimi o\u010dkami, kot je ovrednoten v novem visoko\u0161olskem strokovnem \u0161tudijskem programu prve stopnje Metalur\u0161ke tehnologije .<\/p>\n<p>Za prehod iz prej\u0161njega odstavka se ne \u0161teje sprememba \u0161tudijskega programa ali smeri zaradi neizpolnitve obveznosti v prej\u0161njem \u0161tudijskem programu ali smeri.<\/p>\n<p>V novem visoko\u0161olskem strokovnem \u0161tudijskem programu prve stopnje Metalur\u0161ke \u00a0tehnologije so predvideni prehodi:<\/p>\n<p>&#8211; iz novih univerzitetnih \u0161tudijskih programov prve stopnje (UN) In\u017eenirstvo materialov in sorodnih \u0161tudijskih programov (naravoslovje in tehnika ),<\/p>\n<p>&#8211; iz dodiplomskih univerzitetnih \u0161tudijskih programov Materiali in metalurgija in s \u00a0podro\u010dja sorodnih \u0161tudijskih programov (naravoslovje in tehnika), ki so bili sprejeti po letu<\/p>\n<p>1994,<\/p>\n<p>&#8211; iz visoko\u0161olskih \u0161tudijskih programov s podro\u010dja metalurgije in sorodnih \u0161tudijskih programov (naravoslovje in tehnika ), ki so bili sprejeti pred letom 1994,<\/p>\n<p>&#8211; iz novih visoko\u0161olskih strokovnih \u0161tudijskih programov prve stopnje (VS) s podro\u010dja \u00a0metalurgije in sorodnih \u0161tudijskih programov (naravoslovje in tehnika ),<\/p>\n<p>&#8211; iz visoko\u0161olskih strokovnih \u0161tudijskih programov s podro\u010dja metalurgije in sorodnih \u00a0\u0161tudijskih programov (naravoslovje in tehnika), ki so bili sprejeti po letu 1994,<\/p>\n<p>&#8211; za diplomante vi\u0161je\u0161olskih \u0161tudijskih programov s podro\u010dja metalurgije, sprejetih \u00a0pred letom 1994 in<\/p>\n<p>&#8211; za diplomante vi\u0161je\u0161olskih strokovnih programov s podro\u010dja metalurgije, ki so \u00a0kon\u010dali \u0161olanje na podlagi Zakona o poklicnem in strokovnem izobra\u017eevanju (Uradni list RS, \u0161t. 12\/96).<\/p>\n<p>&nbsp;<\/p>\n<p>Skladno s Pravilnikom o preverjanju in ocenjevanju znanja na NTF, UL lahko \u0160tudijska komisija Oddelka za materiale in metalurgijo \u0161tudentu predpi\u0161e dodatne obveznosti (diferen\u010dne izpite) in rok, do kdaj mora \u0161tudent te obveznosti opraviti.<\/p>\n<p>\u0160tudijska komisija Oddelka za materiale in metalurgijo lahko tak\u0161nemu \u0161tudentu tudi prizna del izpitov, ki jih je \u0161tudent opravil na prvotnem \u0161tudijskem programu in niso predvideni na novem visoko\u0161olskem strokovnem \u0161tudijskem programu prve stopnje Metalur\u0161ke tehnologije (VS) na ra\u010dun izbirnosti zunaj NTF, UL.<\/p>\n<p>\u010ce \u0161tudent prehaja na visoko\u0161olski strokovni \u0161tudijski program prve stopnje Metalur\u0161ke tehnologije (VS) iz prenovljenih univerzitetnih \u0161tudijskih programov prve stopnje (UN) ali iz prenovljenih visoko\u0161olskih strokovnih \u0161tudijskih programov prve stopnje (VS), ki jih izvaja NTF, UL, lahko \u0160tudijska komisija Oddelka za materiale in metalurgijo prizna \u0161tudentu tudi dolo\u010dene \u00bbstrokovne\u00ab izpite iz prej\u0161njega programa na ra\u010dun izbirnosti znotraj NTF, UL.<\/p>\n<p>Ob predlo\u017eitvi ustreznih dokazil lahko \u0160tudijska komisija Oddelka za materiale in metalurgijo \u0161tudentu prizna prakti\u010dno usposabljanje.<\/p>\n<p>V 2. ali v 3. letnik novega visoko\u0161olskega strokovnega \u0161tudijskega programa prve stopnje Metalur\u0161ke tehnologije, se lahko prepi\u0161e \u0161tudent, \u010de:<\/p>\n<p>&#8211; izpolnjuje pogoje za vpis v ta \u0161tudijski program,<\/p>\n<p>&#8211; so na voljo prosta mesta in<\/p>\n<p>&#8211; je v celoti opravil \u0161tudijske obveznosti v ni\u017ejem letniku na prvotnem programu.<\/p>\n","protected":false},"excerpt":{"rendered":"Pogoji za napredovanje po programu Pogoji za napredovanje po \u0161tudijskem programu so usklajeni s 151. \u010dlenom Statuta Univerze v Ljubljani. \u0160tudent se lahko vpi\u0161e v vi\u0161ji letnik, \u010de je do izteka \u0161tudijskega leta opravil z u\u010dnimi na\u010drti predpisane obveznosti v obsegu najmanj 49 kreditnih to\u010dk po ECTS. \u0160tudent se lahko izjemoma vpi\u0161e v vi\u0161ji letnik, &#8230; <a class=\"view-article\" href=\"https:\/\/www.ntf.uni-lj.si\/omm\/studij\/1-stopnja\/metarulske-tehnologije-vs\/ostale-informacije\/pogoji-za-napredovanje\/\">Read more<\/a>","protected":false},"author":15,"featured_media":0,"parent":4387,"menu_order":20,"comment_status":"closed","ping_status":"closed","template":"","meta":[],"acf":[],"yoast_head":"<!-- This site is optimized with the Yoast SEO plugin v17.0 - https:\/\/yoast.com\/wordpress\/plugins\/seo\/ -->\n<meta name=\"robots\" content=\"index, follow, max-snippet:-1, max-image-preview:large, max-video-preview:-1\" \/>\n<link rel=\"canonical\" href=\"https:\/\/www.ntf.uni-lj.si\/omm\/studij\/1-stopnja\/metarulske-tehnologije-vs\/ostale-informacije\/pogoji-za-napredovanje\/\" \/>\n<meta property=\"og:locale\" content=\"en_US\" \/>\n<meta property=\"og:type\" content=\"article\" \/>\n<meta property=\"og:title\" content=\"Pogoji za napredovanje - OMM\" \/>\n<meta property=\"og:description\" content=\"Pogoji za napredovanje po programu Pogoji za napredovanje po \u0161tudijskem programu so usklajeni s 151. \u010dlenom Statuta Univerze v Ljubljani. \u0160tudent se lahko vpi\u0161e v vi\u0161ji letnik, \u010de je do izteka \u0161tudijskega leta opravil z u\u010dnimi na\u010drti predpisane obveznosti v obsegu najmanj 49 kreditnih to\u010dk po ECTS. \u0160tudent se lahko izjemoma vpi\u0161e v vi\u0161ji letnik, ... Read more\" \/>\n<meta property=\"og:url\" content=\"https:\/\/www.ntf.uni-lj.si\/omm\/studij\/1-stopnja\/metarulske-tehnologije-vs\/ostale-informacije\/pogoji-za-napredovanje\/\" \/>\n<meta property=\"og:site_name\" content=\"OMM\" \/>\n<meta property=\"article:modified_time\" content=\"2025-12-16T12:17:17+00:00\" \/>\n<meta name=\"twitter:label1\" content=\"Est. reading time\" \/>\n\t<meta name=\"twitter:data1\" content=\"5 minutes\" \/>\n<script type=\"application\/ld+json\" class=\"yoast-schema-graph\">{\"@context\":\"https:\/\/schema.org\",\"@graph\":[{\"@type\":\"WebSite\",\"@id\":\"https:\/\/www.ntf.uni-lj.si\/omm\/#website\",\"url\":\"https:\/\/www.ntf.uni-lj.si\/omm\/\",\"name\":\"OMM\",\"description\":\"Oddelek za materiale in metalurgijo\",\"potentialAction\":[{\"@type\":\"SearchAction\",\"target\":{\"@type\":\"EntryPoint\",\"urlTemplate\":\"https:\/\/www.ntf.uni-lj.si\/omm\/?s={search_term_string}\"},\"query-input\":\"required name=search_term_string\"}],\"inLanguage\":\"en-US\"},{\"@type\":\"WebPage\",\"@id\":\"https:\/\/www.ntf.uni-lj.si\/omm\/studij\/1-stopnja\/metarulske-tehnologije-vs\/ostale-informacije\/pogoji-za-napredovanje\/#webpage\",\"url\":\"https:\/\/www.ntf.uni-lj.si\/omm\/studij\/1-stopnja\/metarulske-tehnologije-vs\/ostale-informacije\/pogoji-za-napredovanje\/\",\"name\":\"Pogoji za napredovanje - OMM\",\"isPartOf\":{\"@id\":\"https:\/\/www.ntf.uni-lj.si\/omm\/#website\"},\"datePublished\":\"2015-05-08T10:52:15+00:00\",\"dateModified\":\"2025-12-16T12:17:17+00:00\",\"breadcrumb\":{\"@id\":\"https:\/\/www.ntf.uni-lj.si\/omm\/studij\/1-stopnja\/metarulske-tehnologije-vs\/ostale-informacije\/pogoji-za-napredovanje\/#breadcrumb\"},\"inLanguage\":\"en-US\",\"potentialAction\":[{\"@type\":\"ReadAction\",\"target\":[\"https:\/\/www.ntf.uni-lj.si\/omm\/studij\/1-stopnja\/metarulske-tehnologije-vs\/ostale-informacije\/pogoji-za-napredovanje\/\"]}]},{\"@type\":\"BreadcrumbList\",\"@id\":\"https:\/\/www.ntf.uni-lj.si\/omm\/studij\/1-stopnja\/metarulske-tehnologije-vs\/ostale-informacije\/pogoji-za-napredovanje\/#breadcrumb\",\"itemListElement\":[{\"@type\":\"ListItem\",\"position\":1,\"name\":\"Domov\",\"item\":\"https:\/\/www.ntf.uni-lj.si\/omm\/\"},{\"@type\":\"ListItem\",\"position\":2,\"name\":\"\\u0160tudij\",\"item\":\"https:\/\/www.ntf.uni-lj.si\/omm\/studij\/\"},{\"@type\":\"ListItem\",\"position\":3,\"name\":\"1. stopnja\",\"item\":\"https:\/\/www.ntf.uni-lj.si\/omm\/studij\/1-stopnja\/\"},{\"@type\":\"ListItem\",\"position\":4,\"name\":\"Metalur\\u0161ke tehnologije (VS)\",\"item\":\"https:\/\/www.ntf.uni-lj.si\/omm\/studij\/1-stopnja\/metarulske-tehnologije-vs\/\"},{\"@type\":\"ListItem\",\"position\":5,\"name\":\"Ostale informacije\",\"item\":\"https:\/\/www.ntf.uni-lj.si\/omm\/studij\/1-stopnja\/metarulske-tehnologije-vs\/ostale-informacije\/\"},{\"@type\":\"ListItem\",\"position\":6,\"name\":\"Pogoji za napredovanje\"}]}]}<\/script>\n<!-- \/ Yoast SEO plugin. -->","yoast_head_json":{"robots":{"index":"index","follow":"follow","max-snippet":"max-snippet:-1","max-image-preview":"max-image-preview:large","max-video-preview":"max-video-preview:-1"},"canonical":"https:\/\/www.ntf.uni-lj.si\/omm\/studij\/1-stopnja\/metarulske-tehnologije-vs\/ostale-informacije\/pogoji-za-napredovanje\/","og_locale":"en_US","og_type":"article","og_title":"Pogoji za napredovanje - OMM","og_description":"Pogoji za napredovanje po programu Pogoji za napredovanje po \u0161tudijskem programu so usklajeni s 151. \u010dlenom Statuta Univerze v Ljubljani. \u0160tudent se lahko vpi\u0161e v vi\u0161ji letnik, \u010de je do izteka \u0161tudijskega leta opravil z u\u010dnimi na\u010drti predpisane obveznosti v obsegu najmanj 49 kreditnih to\u010dk po ECTS. \u0160tudent se lahko izjemoma vpi\u0161e v vi\u0161ji letnik, ... Read more","og_url":"https:\/\/www.ntf.uni-lj.si\/omm\/studij\/1-stopnja\/metarulske-tehnologije-vs\/ostale-informacije\/pogoji-za-napredovanje\/","og_site_name":"OMM","article_modified_time":"2025-12-16T12:17:17+00:00","twitter_misc":{"Est. reading time":"5 minutes"},"schema":{"@context":"https:\/\/schema.org","@graph":[{"@type":"WebSite","@id":"https:\/\/www.ntf.uni-lj.si\/omm\/#website","url":"https:\/\/www.ntf.uni-lj.si\/omm\/","name":"OMM","description":"Oddelek za materiale in metalurgijo","potentialAction":[{"@type":"SearchAction","target":{"@type":"EntryPoint","urlTemplate":"https:\/\/www.ntf.uni-lj.si\/omm\/?s={search_term_string}"},"query-input":"required name=search_term_string"}],"inLanguage":"en-US"},{"@type":"WebPage","@id":"https:\/\/www.ntf.uni-lj.si\/omm\/studij\/1-stopnja\/metarulske-tehnologije-vs\/ostale-informacije\/pogoji-za-napredovanje\/#webpage","url":"https:\/\/www.ntf.uni-lj.si\/omm\/studij\/1-stopnja\/metarulske-tehnologije-vs\/ostale-informacije\/pogoji-za-napredovanje\/","name":"Pogoji za napredovanje - OMM","isPartOf":{"@id":"https:\/\/www.ntf.uni-lj.si\/omm\/#website"},"datePublished":"2015-05-08T10:52:15+00:00","dateModified":"2025-12-16T12:17:17+00:00","breadcrumb":{"@id":"https:\/\/www.ntf.uni-lj.si\/omm\/studij\/1-stopnja\/metarulske-tehnologije-vs\/ostale-informacije\/pogoji-za-napredovanje\/#breadcrumb"},"inLanguage":"en-US","potentialAction":[{"@type":"ReadAction","target":["https:\/\/www.ntf.uni-lj.si\/omm\/studij\/1-stopnja\/metarulske-tehnologije-vs\/ostale-informacije\/pogoji-za-napredovanje\/"]}]},{"@type":"BreadcrumbList","@id":"https:\/\/www.ntf.uni-lj.si\/omm\/studij\/1-stopnja\/metarulske-tehnologije-vs\/ostale-informacije\/pogoji-za-napredovanje\/#breadcrumb","itemListElement":[{"@type":"ListItem","position":1,"name":"Domov","item":"https:\/\/www.ntf.uni-lj.si\/omm\/"},{"@type":"ListItem","position":2,"name":"\u0160tudij","item":"https:\/\/www.ntf.uni-lj.si\/omm\/studij\/"},{"@type":"ListItem","position":3,"name":"1. stopnja","item":"https:\/\/www.ntf.uni-lj.si\/omm\/studij\/1-stopnja\/"},{"@type":"ListItem","position":4,"name":"Metalur\u0161ke tehnologije (VS)","item":"https:\/\/www.ntf.uni-lj.si\/omm\/studij\/1-stopnja\/metarulske-tehnologije-vs\/"},{"@type":"ListItem","position":5,"name":"Ostale informacije","item":"https:\/\/www.ntf.uni-lj.si\/omm\/studij\/1-stopnja\/metarulske-tehnologije-vs\/ostale-informacije\/"},{"@type":"ListItem","position":6,"name":"Pogoji za napredovanje"}]}]}},"_links":{"self":[{"href":"https:\/\/www.ntf.uni-lj.si\/omm\/wp-json\/wp\/v2\/pages\/4405"}],"collection":[{"href":"https:\/\/www.ntf.uni-lj.si\/omm\/wp-json\/wp\/v2\/pages"}],"about":[{"href":"https:\/\/www.ntf.uni-lj.si\/omm\/wp-json\/wp\/v2\/types\/page"}],"author":[{"embeddable":true,"href":"https:\/\/www.ntf.uni-lj.si\/omm\/wp-json\/wp\/v2\/users\/15"}],"replies":[{"embeddable":true,"href":"https:\/\/www.ntf.uni-lj.si\/omm\/wp-json\/wp\/v2\/comments?post=4405"}],"version-history":[{"count":15,"href":"https:\/\/www.ntf.uni-lj.si\/omm\/wp-json\/wp\/v2\/pages\/4405\/revisions"}],"predecessor-version":[{"id":11592,"href":"https:\/\/www.ntf.uni-lj.si\/omm\/wp-json\/wp\/v2\/pages\/4405\/revisions\/11592"}],"up":[{"embeddable":true,"href":"https:\/\/www.ntf.uni-lj.si\/omm\/wp-json\/wp\/v2\/pages\/4387"}],"wp:attachment":[{"href":"https:\/\/www.ntf.uni-lj.si\/omm\/wp-json\/wp\/v2\/media?parent=4405"}],"curies":[{"name":"wp","href":"https:\/\/api.w.org\/{rel}","templated":true}]}}