{"id":4411,"date":"2015-05-08T10:54:20","date_gmt":"2015-05-08T10:54:20","guid":{"rendered":"http:\/\/www.ntf.uni-lj.si\/omm\/?page_id=4411"},"modified":"2015-09-02T11:32:18","modified_gmt":"2015-09-02T09:32:18","slug":"zunanja-izbirnost-in-mobilnost","status":"publish","type":"page","link":"https:\/\/www.ntf.uni-lj.si\/omm\/studij\/1-stopnja\/metarulske-tehnologije-vs\/ostale-informacije\/zunanja-izbirnost-in-mobilnost\/","title":{"rendered":"Zunanja izbirnost in mobilnost"},"content":{"rendered":"<p><strong>Zunanja izbirnost<\/strong><br \/>\nV celotnem prvostopenjskem visoko\u0161olskem s\u030ctudijskem programu Metalur\u0161ke tehnologije (VS) je predvidenih za 18 KT izbirnih predmetov (ali 10 %). V obsegu 8 KT so predvideni \u0161ir\u0161i (zunanji) izbirni predmeti, preostalih 10 KT pa je predvidenih za strokovne predmete iz preglednice Izbirni strokovni predmeti \u2013 za 3. letnik.<\/p>\n<p><strong>Mobilnost<\/strong><br \/>\n\u0160tudent lahko 30 KT (ali en semester \u0161tudija) prenese iz drugega \u0161tudijskega programa na drugi univerzi ali visoki \u0161oli, s katero ima ali bo imela UL sporazum o priznavanju kreditnega sistema \u0161tudija. Priznanih 30 KT lahko izhaja iz obveznih ali izbirnih predmetov. \u0160tudijski program na drugi univerzi mora biti po stroki soroden programu Metalur\u0161ke tehnologije. Vloge o priznavanju bodo obravnavane individualno po postopku, doloc\u030cenem s Statutom UL oziroma pravilnikom NTF.<\/p>\n","protected":false},"excerpt":{"rendered":"Zunanja izbirnost V celotnem prvostopenjskem visoko\u0161olskem s\u030ctudijskem programu Metalur\u0161ke tehnologije (VS) je predvidenih za 18 KT izbirnih predmetov (ali 10 %). V obsegu 8 KT so predvideni \u0161ir\u0161i (zunanji) izbirni predmeti, preostalih 10 KT pa je predvidenih za strokovne predmete iz preglednice Izbirni strokovni predmeti \u2013 za 3. letnik. Mobilnost \u0160tudent lahko 30 KT (ali &#8230; <a class=\"view-article\" href=\"https:\/\/www.ntf.uni-lj.si\/omm\/studij\/1-stopnja\/metarulske-tehnologije-vs\/ostale-informacije\/zunanja-izbirnost-in-mobilnost\/\">Read more<\/a>","protected":false},"author":15,"featured_media":0,"parent":4387,"menu_order":40,"comment_status":"closed","ping_status":"closed","template":"","meta":[],"acf":[],"yoast_head":"<!-- This site is optimized with the Yoast SEO plugin v17.0 - https:\/\/yoast.com\/wordpress\/plugins\/seo\/ -->\n<meta name=\"robots\" content=\"index, follow, max-snippet:-1, max-image-preview:large, max-video-preview:-1\" \/>\n<link rel=\"canonical\" href=\"https:\/\/www.ntf.uni-lj.si\/omm\/studij\/1-stopnja\/metarulske-tehnologije-vs\/ostale-informacije\/zunanja-izbirnost-in-mobilnost\/\" \/>\n<meta property=\"og:locale\" content=\"en_US\" \/>\n<meta property=\"og:type\" content=\"article\" \/>\n<meta property=\"og:title\" content=\"Zunanja izbirnost in mobilnost - OMM\" \/>\n<meta property=\"og:description\" content=\"Zunanja izbirnost V celotnem prvostopenjskem visoko\u0161olskem s\u030ctudijskem programu Metalur\u0161ke tehnologije (VS) je predvidenih za 18 KT izbirnih predmetov (ali 10 %). V obsegu 8 KT so predvideni \u0161ir\u0161i (zunanji) izbirni predmeti, preostalih 10 KT pa je predvidenih za strokovne predmete iz preglednice Izbirni strokovni predmeti \u2013 za 3. letnik. Mobilnost \u0160tudent lahko 30 KT (ali ... Read more\" \/>\n<meta property=\"og:url\" content=\"https:\/\/www.ntf.uni-lj.si\/omm\/studij\/1-stopnja\/metarulske-tehnologije-vs\/ostale-informacije\/zunanja-izbirnost-in-mobilnost\/\" \/>\n<meta property=\"og:site_name\" content=\"OMM\" \/>\n<meta property=\"article:modified_time\" content=\"2015-09-02T09:32:18+00:00\" \/>\n<meta name=\"twitter:label1\" content=\"Est. reading time\" \/>\n\t<meta name=\"twitter:data1\" content=\"1 minute\" \/>\n<script type=\"application\/ld+json\" class=\"yoast-schema-graph\">{\"@context\":\"https:\/\/schema.org\",\"@graph\":[{\"@type\":\"WebSite\",\"@id\":\"https:\/\/www.ntf.uni-lj.si\/omm\/#website\",\"url\":\"https:\/\/www.ntf.uni-lj.si\/omm\/\",\"name\":\"OMM\",\"description\":\"Oddelek za materiale in metalurgijo\",\"potentialAction\":[{\"@type\":\"SearchAction\",\"target\":{\"@type\":\"EntryPoint\",\"urlTemplate\":\"https:\/\/www.ntf.uni-lj.si\/omm\/?s={search_term_string}\"},\"query-input\":\"required name=search_term_string\"}],\"inLanguage\":\"en-US\"},{\"@type\":\"WebPage\",\"@id\":\"https:\/\/www.ntf.uni-lj.si\/omm\/studij\/1-stopnja\/metarulske-tehnologije-vs\/ostale-informacije\/zunanja-izbirnost-in-mobilnost\/#webpage\",\"url\":\"https:\/\/www.ntf.uni-lj.si\/omm\/studij\/1-stopnja\/metarulske-tehnologije-vs\/ostale-informacije\/zunanja-izbirnost-in-mobilnost\/\",\"name\":\"Zunanja izbirnost in mobilnost - OMM\",\"isPartOf\":{\"@id\":\"https:\/\/www.ntf.uni-lj.si\/omm\/#website\"},\"datePublished\":\"2015-05-08T10:54:20+00:00\",\"dateModified\":\"2015-09-02T09:32:18+00:00\",\"breadcrumb\":{\"@id\":\"https:\/\/www.ntf.uni-lj.si\/omm\/studij\/1-stopnja\/metarulske-tehnologije-vs\/ostale-informacije\/zunanja-izbirnost-in-mobilnost\/#breadcrumb\"},\"inLanguage\":\"en-US\",\"potentialAction\":[{\"@type\":\"ReadAction\",\"target\":[\"https:\/\/www.ntf.uni-lj.si\/omm\/studij\/1-stopnja\/metarulske-tehnologije-vs\/ostale-informacije\/zunanja-izbirnost-in-mobilnost\/\"]}]},{\"@type\":\"BreadcrumbList\",\"@id\":\"https:\/\/www.ntf.uni-lj.si\/omm\/studij\/1-stopnja\/metarulske-tehnologije-vs\/ostale-informacije\/zunanja-izbirnost-in-mobilnost\/#breadcrumb\",\"itemListElement\":[{\"@type\":\"ListItem\",\"position\":1,\"name\":\"Domov\",\"item\":\"https:\/\/www.ntf.uni-lj.si\/omm\/\"},{\"@type\":\"ListItem\",\"position\":2,\"name\":\"\\u0160tudij\",\"item\":\"https:\/\/www.ntf.uni-lj.si\/omm\/studij\/\"},{\"@type\":\"ListItem\",\"position\":3,\"name\":\"1. stopnja\",\"item\":\"https:\/\/www.ntf.uni-lj.si\/omm\/studij\/1-stopnja\/\"},{\"@type\":\"ListItem\",\"position\":4,\"name\":\"Metalur\\u0161ke tehnologije (VS)\",\"item\":\"https:\/\/www.ntf.uni-lj.si\/omm\/studij\/1-stopnja\/metarulske-tehnologije-vs\/\"},{\"@type\":\"ListItem\",\"position\":5,\"name\":\"Ostale informacije\",\"item\":\"https:\/\/www.ntf.uni-lj.si\/omm\/studij\/1-stopnja\/metarulske-tehnologije-vs\/ostale-informacije\/\"},{\"@type\":\"ListItem\",\"position\":6,\"name\":\"Zunanja izbirnost in mobilnost\"}]}]}<\/script>\n<!-- \/ Yoast SEO plugin. -->","yoast_head_json":{"robots":{"index":"index","follow":"follow","max-snippet":"max-snippet:-1","max-image-preview":"max-image-preview:large","max-video-preview":"max-video-preview:-1"},"canonical":"https:\/\/www.ntf.uni-lj.si\/omm\/studij\/1-stopnja\/metarulske-tehnologije-vs\/ostale-informacije\/zunanja-izbirnost-in-mobilnost\/","og_locale":"en_US","og_type":"article","og_title":"Zunanja izbirnost in mobilnost - OMM","og_description":"Zunanja izbirnost V celotnem prvostopenjskem visoko\u0161olskem s\u030ctudijskem programu Metalur\u0161ke tehnologije (VS) je predvidenih za 18 KT izbirnih predmetov (ali 10 %). V obsegu 8 KT so predvideni \u0161ir\u0161i (zunanji) izbirni predmeti, preostalih 10 KT pa je predvidenih za strokovne predmete iz preglednice Izbirni strokovni predmeti \u2013 za 3. letnik. Mobilnost \u0160tudent lahko 30 KT (ali ... Read more","og_url":"https:\/\/www.ntf.uni-lj.si\/omm\/studij\/1-stopnja\/metarulske-tehnologije-vs\/ostale-informacije\/zunanja-izbirnost-in-mobilnost\/","og_site_name":"OMM","article_modified_time":"2015-09-02T09:32:18+00:00","twitter_misc":{"Est. reading time":"1 minute"},"schema":{"@context":"https:\/\/schema.org","@graph":[{"@type":"WebSite","@id":"https:\/\/www.ntf.uni-lj.si\/omm\/#website","url":"https:\/\/www.ntf.uni-lj.si\/omm\/","name":"OMM","description":"Oddelek za materiale in metalurgijo","potentialAction":[{"@type":"SearchAction","target":{"@type":"EntryPoint","urlTemplate":"https:\/\/www.ntf.uni-lj.si\/omm\/?s={search_term_string}"},"query-input":"required name=search_term_string"}],"inLanguage":"en-US"},{"@type":"WebPage","@id":"https:\/\/www.ntf.uni-lj.si\/omm\/studij\/1-stopnja\/metarulske-tehnologije-vs\/ostale-informacije\/zunanja-izbirnost-in-mobilnost\/#webpage","url":"https:\/\/www.ntf.uni-lj.si\/omm\/studij\/1-stopnja\/metarulske-tehnologije-vs\/ostale-informacije\/zunanja-izbirnost-in-mobilnost\/","name":"Zunanja izbirnost in mobilnost - OMM","isPartOf":{"@id":"https:\/\/www.ntf.uni-lj.si\/omm\/#website"},"datePublished":"2015-05-08T10:54:20+00:00","dateModified":"2015-09-02T09:32:18+00:00","breadcrumb":{"@id":"https:\/\/www.ntf.uni-lj.si\/omm\/studij\/1-stopnja\/metarulske-tehnologije-vs\/ostale-informacije\/zunanja-izbirnost-in-mobilnost\/#breadcrumb"},"inLanguage":"en-US","potentialAction":[{"@type":"ReadAction","target":["https:\/\/www.ntf.uni-lj.si\/omm\/studij\/1-stopnja\/metarulske-tehnologije-vs\/ostale-informacije\/zunanja-izbirnost-in-mobilnost\/"]}]},{"@type":"BreadcrumbList","@id":"https:\/\/www.ntf.uni-lj.si\/omm\/studij\/1-stopnja\/metarulske-tehnologije-vs\/ostale-informacije\/zunanja-izbirnost-in-mobilnost\/#breadcrumb","itemListElement":[{"@type":"ListItem","position":1,"name":"Domov","item":"https:\/\/www.ntf.uni-lj.si\/omm\/"},{"@type":"ListItem","position":2,"name":"\u0160tudij","item":"https:\/\/www.ntf.uni-lj.si\/omm\/studij\/"},{"@type":"ListItem","position":3,"name":"1. stopnja","item":"https:\/\/www.ntf.uni-lj.si\/omm\/studij\/1-stopnja\/"},{"@type":"ListItem","position":4,"name":"Metalur\u0161ke tehnologije (VS)","item":"https:\/\/www.ntf.uni-lj.si\/omm\/studij\/1-stopnja\/metarulske-tehnologije-vs\/"},{"@type":"ListItem","position":5,"name":"Ostale informacije","item":"https:\/\/www.ntf.uni-lj.si\/omm\/studij\/1-stopnja\/metarulske-tehnologije-vs\/ostale-informacije\/"},{"@type":"ListItem","position":6,"name":"Zunanja izbirnost in mobilnost"}]}]}},"_links":{"self":[{"href":"https:\/\/www.ntf.uni-lj.si\/omm\/wp-json\/wp\/v2\/pages\/4411"}],"collection":[{"href":"https:\/\/www.ntf.uni-lj.si\/omm\/wp-json\/wp\/v2\/pages"}],"about":[{"href":"https:\/\/www.ntf.uni-lj.si\/omm\/wp-json\/wp\/v2\/types\/page"}],"author":[{"embeddable":true,"href":"https:\/\/www.ntf.uni-lj.si\/omm\/wp-json\/wp\/v2\/users\/15"}],"replies":[{"embeddable":true,"href":"https:\/\/www.ntf.uni-lj.si\/omm\/wp-json\/wp\/v2\/comments?post=4411"}],"version-history":[{"count":6,"href":"https:\/\/www.ntf.uni-lj.si\/omm\/wp-json\/wp\/v2\/pages\/4411\/revisions"}],"predecessor-version":[{"id":7713,"href":"https:\/\/www.ntf.uni-lj.si\/omm\/wp-json\/wp\/v2\/pages\/4411\/revisions\/7713"}],"up":[{"embeddable":true,"href":"https:\/\/www.ntf.uni-lj.si\/omm\/wp-json\/wp\/v2\/pages\/4387"}],"wp:attachment":[{"href":"https:\/\/www.ntf.uni-lj.si\/omm\/wp-json\/wp\/v2\/media?parent=4411"}],"curies":[{"name":"wp","href":"https:\/\/api.w.org\/{rel}","templated":true}]}}