{"id":4481,"date":"2015-05-08T11:28:54","date_gmt":"2015-05-08T11:28:54","guid":{"rendered":"http:\/\/www.ntf.uni-lj.si\/omm\/?page_id=4481"},"modified":"2020-02-24T09:26:38","modified_gmt":"2020-02-24T08:26:38","slug":"pogoji-za-vpis","status":"publish","type":"page","link":"https:\/\/www.ntf.uni-lj.si\/omm\/studij\/2-stopnja\/metalurgija-in-materiali-mag\/pogoji-za-vpis\/","title":{"rendered":"Pogoji za vpis"},"content":{"rendered":"<p><strong>Pogoji za vpis in merila za izbiro ob omejitvi vpisa<\/strong><\/p>\n<p>V drugostopenjski magistrski \u0161tudijski program Metalurgija in Materiali se lahko v skladu s \u010dleni 38a, 38b in 41 Zakona o visokem \u0161olstvu in \u010dlenom 115 Statuta UL vpi\u0161e, kdor je kon\u010dal:<\/p>\n<ol>\n<li>a) \u0161tudijski program prve stopnje s podro\u010dja metalurgije in materialov,<\/li>\n<li>b) \u0161tudijski program prve stopnje z drugih tehni\u010dnih in naravoslovnih strokovnih podro\u010dij (strojni\u0161tva, kemije, fizike in podobno), \u010de kandidat pred vpisom opravi \u0161tudijske obveznosti, ki so bistvene za nadaljevanje \u0161tudija v obsegu 20-60 KT, kandidati pa jih lahko opravijo med \u0161tudijem na 1. stopnji ali z opravljanjem izpitov pred vpisom v magistrski \u0161tudij; za kandidate z drugih tehni\u010dnih strokovnih podro\u010dij \u0160tudijska komisija NTF dolo\u010di diferencialne izpite na podlagi opravljenih izpitov na I. stopnji dodiplomskega \u0161tudija.<\/li>\n<li>c) visoko\u0161olski strokovni \u0161tudijski program prve stopnje s podro\u010dja Metalur\u0161ke tehnologije, \u010de kandidat pred vpisom opravi \u0161tudijske obveznosti, ki so bistvene za nadaljevanje \u0161tudija v obsegu 20-60 KT, kandidati pa jih lahko opravijo med \u0161tudijem na 1. stopnji ali z opravljanjem izpitov pred vpisom v magistrski \u0161tudij.<\/li>\n<li>d) visoko\u0161olski strokovni \u0161tudijski program po starem programu s podro\u010dja Metalur\u0161ke tehnologije, \u010de kandidat pred vpisom opravi \u0161tudijske obveznosti, ki so bistvene za nadaljevanje \u0161tudija v obsegu 20 KT.<\/li>\n<li>e) visoko\u0161olski strokovni \u0161tudijski program po starem programu z drugih tehni\u010dnih in naravoslovnih podro\u010dij (strojni\u0161tva, kemije, fizike in podobno), \u010de kandidat pred vpisom opravi \u0161tudijske obveznosti, ki so bistvene za nadaljevanje \u0161tudija v obsegu 20-60 KT, kandidati pa jih lahko opravijo med \u0161tudijem na 1. stopnji ali z opravljanjem izpitov pred vpisom v magistrski \u0161tudij; za kandidate z drugih tehni\u010dnih strokovnih podro\u010dij \u0160tudijska komisija NTF dolo\u010di diferencialne izpite na podlagi opravljenih izpitov na I. stopnji dodiplomskega \u0161tudija.<\/li>\n<\/ol>\n<p>\u0160tudijske obveznosti bistvene za nadaljevanje \u0161tudija (to\u010dke b,c,d in e) dolo\u010di \u0161tudijska komisija Oddelka za materiale in metalurgijo.<\/p>\n<p><strong>V primeru omejitve vpisa:<\/strong><\/p>\n<p>\u0160tevilo vpisnih mest je 50. V primeru omejitve vpisa bo pogoj zaklju\u010dena ocena \u0161tudija na 1. stopnji. Pri omejitvi vpisa se \u0161tudente izbira glede na dotedanji uspeh (70 % prinese povpre\u010dna ocena ter 30 % diplomsko delo). Najmanj\u0161e \u0161tevilo vpisanih v letnik za izvajanje \u0161tudija je 10.<\/p>\n<p><strong>Merila za priznavanje znanj in spretnosti, pridobljenih pred vpisom v program<\/strong><\/p>\n<p>\u0160tudentu se lahko priznajo znanja, ki po vsebini in obsegu ustrezajo u\u010dnim vsebinam predmetov v programu Metalurgija in materiali. O priznavanju znanj in spretnosti pridobljenih pred vpisom odlo\u010da \u0160tudijska komisija oddelka za Materiale in Metalurgijo UL NTF na podlagi pisne vloge \u0161tudenta, prilo\u017eenih spri\u010deval in drugih listin, ki dokazujejo uspe\u0161no pridobljeno znanje ter vsebino teh znanj, ter v skladu s Pravilnikom o postopku in merilih za priznavanje neformalnega pridobljenega znanja in spretnosti, sprejetega na 15. seji Senata UL, 29.5.2007.<\/p>\n<p>Pri priznavanju znanj in spretnosti se:<\/p>\n<p>&#8211; upo\u0161tevajo spri\u010devala in druge listine o kon\u010danih te\u010dajih in drugih oblikah izobra\u017eevanja,<\/p>\n<p>&#8211; ocenjujejo izdelki, storitve, objave in druga avtorska dela \u0161tudentov,<\/p>\n<p>&#8211; ocenjuje znanje, ki si ga je \u0161tudent pridobil s samoizobra\u017eevanjem ali z izkustvenim u\u010denjem (mo\u017enost opravljanja \u0161tudijskih obveznosti brez udele\u017ebe na predavanjih, vajah, seminarjih),<\/p>\n<p>&#8211; upo\u0161tevajo ustrezne delovne izku\u0161nje.<\/p>\n<p>V primeru, da \u0160tudijski odbor oddelka ugotovi, da se pridobljeno znanje lahko prizna, se to ovrednoti z enakim \u0161tevilom to\u010dk po ECTS, kot zna\u0161a \u0161tevilo kreditnih to\u010dk pri predmetu.<strong>5. <\/strong><\/p>\n<p>Za 12 ECTS lahko \u0161tudent izbere na kateri koli fakulteti ali univerzi doma ali v tujini.<\/p>\n","protected":false},"excerpt":{"rendered":"Pogoji za vpis in merila za izbiro ob omejitvi vpisa V drugostopenjski magistrski \u0161tudijski program Metalurgija in Materiali se lahko v skladu s \u010dleni 38a, 38b in 41 Zakona o visokem \u0161olstvu in \u010dlenom 115 Statuta UL vpi\u0161e, kdor je kon\u010dal: a) \u0161tudijski program prve stopnje s podro\u010dja metalurgije in materialov, b) \u0161tudijski program prve &#8230; <a class=\"view-article\" href=\"https:\/\/www.ntf.uni-lj.si\/omm\/studij\/2-stopnja\/metalurgija-in-materiali-mag\/pogoji-za-vpis\/\">Read more<\/a>","protected":false},"author":15,"featured_media":0,"parent":4466,"menu_order":20,"comment_status":"closed","ping_status":"closed","template":"","meta":[],"acf":[],"yoast_head":"<!-- This site is optimized with the Yoast SEO plugin v17.0 - https:\/\/yoast.com\/wordpress\/plugins\/seo\/ -->\n<meta name=\"robots\" content=\"index, follow, max-snippet:-1, max-image-preview:large, max-video-preview:-1\" \/>\n<link rel=\"canonical\" href=\"https:\/\/www.ntf.uni-lj.si\/omm\/studij\/2-stopnja\/metalurgija-in-materiali-mag\/pogoji-za-vpis\/\" \/>\n<meta property=\"og:locale\" content=\"en_US\" \/>\n<meta property=\"og:type\" content=\"article\" \/>\n<meta property=\"og:title\" content=\"Pogoji za vpis - OMM\" \/>\n<meta property=\"og:description\" content=\"Pogoji za vpis in merila za izbiro ob omejitvi vpisa V drugostopenjski magistrski \u0161tudijski program Metalurgija in Materiali se lahko v skladu s \u010dleni 38a, 38b in 41 Zakona o visokem \u0161olstvu in \u010dlenom 115 Statuta UL vpi\u0161e, kdor je kon\u010dal: a) \u0161tudijski program prve stopnje s podro\u010dja metalurgije in materialov, b) \u0161tudijski program prve ... Read more\" \/>\n<meta property=\"og:url\" content=\"https:\/\/www.ntf.uni-lj.si\/omm\/studij\/2-stopnja\/metalurgija-in-materiali-mag\/pogoji-za-vpis\/\" \/>\n<meta property=\"og:site_name\" content=\"OMM\" \/>\n<meta property=\"article:modified_time\" content=\"2020-02-24T08:26:38+00:00\" \/>\n<meta name=\"twitter:label1\" content=\"Est. reading time\" \/>\n\t<meta name=\"twitter:data1\" content=\"3 minutes\" \/>\n<script type=\"application\/ld+json\" class=\"yoast-schema-graph\">{\"@context\":\"https:\/\/schema.org\",\"@graph\":[{\"@type\":\"WebSite\",\"@id\":\"https:\/\/www.ntf.uni-lj.si\/omm\/#website\",\"url\":\"https:\/\/www.ntf.uni-lj.si\/omm\/\",\"name\":\"OMM\",\"description\":\"Oddelek za materiale in metalurgijo\",\"potentialAction\":[{\"@type\":\"SearchAction\",\"target\":{\"@type\":\"EntryPoint\",\"urlTemplate\":\"https:\/\/www.ntf.uni-lj.si\/omm\/?s={search_term_string}\"},\"query-input\":\"required name=search_term_string\"}],\"inLanguage\":\"en-US\"},{\"@type\":\"WebPage\",\"@id\":\"https:\/\/www.ntf.uni-lj.si\/omm\/studij\/2-stopnja\/metalurgija-in-materiali-mag\/pogoji-za-vpis\/#webpage\",\"url\":\"https:\/\/www.ntf.uni-lj.si\/omm\/studij\/2-stopnja\/metalurgija-in-materiali-mag\/pogoji-za-vpis\/\",\"name\":\"Pogoji za vpis - OMM\",\"isPartOf\":{\"@id\":\"https:\/\/www.ntf.uni-lj.si\/omm\/#website\"},\"datePublished\":\"2015-05-08T11:28:54+00:00\",\"dateModified\":\"2020-02-24T08:26:38+00:00\",\"breadcrumb\":{\"@id\":\"https:\/\/www.ntf.uni-lj.si\/omm\/studij\/2-stopnja\/metalurgija-in-materiali-mag\/pogoji-za-vpis\/#breadcrumb\"},\"inLanguage\":\"en-US\",\"potentialAction\":[{\"@type\":\"ReadAction\",\"target\":[\"https:\/\/www.ntf.uni-lj.si\/omm\/studij\/2-stopnja\/metalurgija-in-materiali-mag\/pogoji-za-vpis\/\"]}]},{\"@type\":\"BreadcrumbList\",\"@id\":\"https:\/\/www.ntf.uni-lj.si\/omm\/studij\/2-stopnja\/metalurgija-in-materiali-mag\/pogoji-za-vpis\/#breadcrumb\",\"itemListElement\":[{\"@type\":\"ListItem\",\"position\":1,\"name\":\"Domov\",\"item\":\"https:\/\/www.ntf.uni-lj.si\/omm\/\"},{\"@type\":\"ListItem\",\"position\":2,\"name\":\"\\u0160tudij\",\"item\":\"https:\/\/www.ntf.uni-lj.si\/omm\/studij\/\"},{\"@type\":\"ListItem\",\"position\":3,\"name\":\"2. stopnja\",\"item\":\"https:\/\/www.ntf.uni-lj.si\/omm\/studij\/2-stopnja\/\"},{\"@type\":\"ListItem\",\"position\":4,\"name\":\"Metalurgija in materiali (MAG)\",\"item\":\"https:\/\/www.ntf.uni-lj.si\/omm\/studij\/2-stopnja\/metalurgija-in-materiali-mag\/\"},{\"@type\":\"ListItem\",\"position\":5,\"name\":\"Pogoji za vpis\"}]}]}<\/script>\n<!-- \/ Yoast SEO plugin. -->","yoast_head_json":{"robots":{"index":"index","follow":"follow","max-snippet":"max-snippet:-1","max-image-preview":"max-image-preview:large","max-video-preview":"max-video-preview:-1"},"canonical":"https:\/\/www.ntf.uni-lj.si\/omm\/studij\/2-stopnja\/metalurgija-in-materiali-mag\/pogoji-za-vpis\/","og_locale":"en_US","og_type":"article","og_title":"Pogoji za vpis - OMM","og_description":"Pogoji za vpis in merila za izbiro ob omejitvi vpisa V drugostopenjski magistrski \u0161tudijski program Metalurgija in Materiali se lahko v skladu s \u010dleni 38a, 38b in 41 Zakona o visokem \u0161olstvu in \u010dlenom 115 Statuta UL vpi\u0161e, kdor je kon\u010dal: a) \u0161tudijski program prve stopnje s podro\u010dja metalurgije in materialov, b) \u0161tudijski program prve ... Read more","og_url":"https:\/\/www.ntf.uni-lj.si\/omm\/studij\/2-stopnja\/metalurgija-in-materiali-mag\/pogoji-za-vpis\/","og_site_name":"OMM","article_modified_time":"2020-02-24T08:26:38+00:00","twitter_misc":{"Est. reading time":"3 minutes"},"schema":{"@context":"https:\/\/schema.org","@graph":[{"@type":"WebSite","@id":"https:\/\/www.ntf.uni-lj.si\/omm\/#website","url":"https:\/\/www.ntf.uni-lj.si\/omm\/","name":"OMM","description":"Oddelek za materiale in metalurgijo","potentialAction":[{"@type":"SearchAction","target":{"@type":"EntryPoint","urlTemplate":"https:\/\/www.ntf.uni-lj.si\/omm\/?s={search_term_string}"},"query-input":"required name=search_term_string"}],"inLanguage":"en-US"},{"@type":"WebPage","@id":"https:\/\/www.ntf.uni-lj.si\/omm\/studij\/2-stopnja\/metalurgija-in-materiali-mag\/pogoji-za-vpis\/#webpage","url":"https:\/\/www.ntf.uni-lj.si\/omm\/studij\/2-stopnja\/metalurgija-in-materiali-mag\/pogoji-za-vpis\/","name":"Pogoji za vpis - OMM","isPartOf":{"@id":"https:\/\/www.ntf.uni-lj.si\/omm\/#website"},"datePublished":"2015-05-08T11:28:54+00:00","dateModified":"2020-02-24T08:26:38+00:00","breadcrumb":{"@id":"https:\/\/www.ntf.uni-lj.si\/omm\/studij\/2-stopnja\/metalurgija-in-materiali-mag\/pogoji-za-vpis\/#breadcrumb"},"inLanguage":"en-US","potentialAction":[{"@type":"ReadAction","target":["https:\/\/www.ntf.uni-lj.si\/omm\/studij\/2-stopnja\/metalurgija-in-materiali-mag\/pogoji-za-vpis\/"]}]},{"@type":"BreadcrumbList","@id":"https:\/\/www.ntf.uni-lj.si\/omm\/studij\/2-stopnja\/metalurgija-in-materiali-mag\/pogoji-za-vpis\/#breadcrumb","itemListElement":[{"@type":"ListItem","position":1,"name":"Domov","item":"https:\/\/www.ntf.uni-lj.si\/omm\/"},{"@type":"ListItem","position":2,"name":"\u0160tudij","item":"https:\/\/www.ntf.uni-lj.si\/omm\/studij\/"},{"@type":"ListItem","position":3,"name":"2. stopnja","item":"https:\/\/www.ntf.uni-lj.si\/omm\/studij\/2-stopnja\/"},{"@type":"ListItem","position":4,"name":"Metalurgija in materiali (MAG)","item":"https:\/\/www.ntf.uni-lj.si\/omm\/studij\/2-stopnja\/metalurgija-in-materiali-mag\/"},{"@type":"ListItem","position":5,"name":"Pogoji za vpis"}]}]}},"_links":{"self":[{"href":"https:\/\/www.ntf.uni-lj.si\/omm\/wp-json\/wp\/v2\/pages\/4481"}],"collection":[{"href":"https:\/\/www.ntf.uni-lj.si\/omm\/wp-json\/wp\/v2\/pages"}],"about":[{"href":"https:\/\/www.ntf.uni-lj.si\/omm\/wp-json\/wp\/v2\/types\/page"}],"author":[{"embeddable":true,"href":"https:\/\/www.ntf.uni-lj.si\/omm\/wp-json\/wp\/v2\/users\/15"}],"replies":[{"embeddable":true,"href":"https:\/\/www.ntf.uni-lj.si\/omm\/wp-json\/wp\/v2\/comments?post=4481"}],"version-history":[{"count":8,"href":"https:\/\/www.ntf.uni-lj.si\/omm\/wp-json\/wp\/v2\/pages\/4481\/revisions"}],"predecessor-version":[{"id":9303,"href":"https:\/\/www.ntf.uni-lj.si\/omm\/wp-json\/wp\/v2\/pages\/4481\/revisions\/9303"}],"up":[{"embeddable":true,"href":"https:\/\/www.ntf.uni-lj.si\/omm\/wp-json\/wp\/v2\/pages\/4466"}],"wp:attachment":[{"href":"https:\/\/www.ntf.uni-lj.si\/omm\/wp-json\/wp\/v2\/media?parent=4481"}],"curies":[{"name":"wp","href":"https:\/\/api.w.org\/{rel}","templated":true}]}}