{"id":4499,"date":"2015-05-08T11:33:09","date_gmt":"2015-05-08T11:33:09","guid":{"rendered":"http:\/\/www.ntf.uni-lj.si\/omm\/?page_id=4499"},"modified":"2024-01-17T12:52:21","modified_gmt":"2024-01-17T11:52:21","slug":"pogoji-za-napredovanje","status":"publish","type":"page","link":"https:\/\/www.ntf.uni-lj.si\/omm\/studij\/2-stopnja\/metalurgija-in-materiali-mag\/ostale-informacije\/pogoji-za-napredovanje\/","title":{"rendered":"Pogoji za napredovanje"},"content":{"rendered":"<p><strong>Pogoji za napredovanje po programu<\/strong><\/p>\n<p>\u0160tudent se lahko vpi\u0161e v vi\u0161ji letnik, \u010de je do izteka \u0161tudijskega leta opravil z u\u010dnimi na\u010drti predpisane obveznosti v obsegu najmanj 48 kreditnih to\u010dk po ECTS.<\/p>\n<p>\u0160tudent se lahko izjemoma vpi\u0161e v vi\u0161ji letnik, tudi \u010de ni opravil vseh obveznosti, dolo\u010denih s \u0161tudijskim programom za vpis v vi\u0161ji letnik, kadar ima za to opravi\u010dene razloge, ki jih dolo\u010da Statut UL (materinstvo, dalj\u0161a bolezen, izjemne dru\u017einske in socialne okoli\u0161\u010dine, priznan status osebe s posebnimi potrebami, aktivno sodelovanje na vrhunskih strokovnih, kulturnih in \u0161portnih prireditvah, aktivno sodelovanje v organih univerze).<\/p>\n<p>Pod pogoji iz prej\u0161njega odstavka se \u0161tudent lahko vpi\u0161e v vi\u0161ji letnik, \u010de zbere najmanj 40 kreditnih to\u010dk po ECTS. O vpisu iz prej\u0161njega odstavka odlo\u010da \u0160tudijska komisija UL NTF.<\/p>\n<p>\u0160tudentu, ki pri \u0161tudiju izkazuje nadpovpre\u010dne \u0161tudijske rezultate, se omogo\u010di hitrej\u0161e napredovanje. Sklep o tem sprejme dekan NTF na podlagi pro\u0161nje kandidata in obrazlo\u017eenega mnenja \u0160tudijske komisije Oddelka za materiale in metalurgijo. S sklepom se dolo\u010di na\u010din hitrej\u0161ega napredovanja.<\/p>\n<p>Za ponavljanje letnika mora \u0161tudent zbrati najmanj 30 KT.<\/p>\n<p><strong>Pogoji za dokon\u010danje \u0161tudija<\/strong><\/p>\n<p>Za dokon\u010danje 2. stopnje \u0161tudija mora \u0161tudent opraviti \u0161tudijske obveznosti pri vseh predmetih vpisanega \u0161tudijskega programa, opraviti obveznosti v vi\u0161ini 120 KT ter izdelati in uspe\u0161no zagovarjati magistrsko delo skladno z dolo\u010dili Pravilnika o magistrskem delu, ki ga sprejme Senat Naravoslovnotehni\u0161ke fakultete Univerze v Ljubljani.<\/p>\n<p>S prehodom se razume prenehanje \u0161tudentovega izobra\u017eevanja v \u0161tudijskem programu, v katerega se je vpisal, ter nadaljevanje izobra\u017eevanja v novem \u0161tudijskem programu, v katerem se vse ali del obveznosti, ki jih je \u0161tudent \u017ee opravil v prvotnem \u0161tudijskem programu, priznajo kot opravljene obveznosti novega \u0161tudijskega programa (Merila za prehode med \u0161tudijskimi programi (Uradni list RS, \u0161t. 45\/94)).<\/p>\n<p>Opravljen izpit v prvotnem \u0161tudijskem programu se prizna kot opravljen izpit v novem \u0161tudijskem programu, \u010de je usklajenost vsebin obeh predmetov vsaj 75 %. Pri kreditnem vrednotenju posameznega letnika (60 kreditnih to\u010dk) se priznani izpit vrednoti s kreditnimi to\u010dkami v prvotnem \u0161tudijskem programu, a ne z ve\u010d kreditnimi to\u010dkami, kot je ovrednoten v novem \u0161tudijskem programu Metalurgija in Materiali. Za prehod iz prej\u0161njega odstavka se ne \u0161teje sprememba \u0161tudijskega programa zaradi neizpolnitve obveznosti v prej\u0161njem \u0161tudijskem programu.<\/p>\n<p>V magistrskem \u0161tudijskem programu druge stopnje Metalurgija in Materiali so predvideni prehodi:<\/p>\n<ul>\n<li>iz magistrskih \u0161tudijskih programov druge stopnje s podro\u010dja materialov in metalurgije ali sorodnih \u0161tudijskih programov (tehni\u010dnih in naravoslovnih),<\/li>\n<li>za diplomante univerzitetnih \u0161tudijskih programov s podro\u010dja materialov in metalurgije ali sorodnih \u0161tudijskih programov (tehni\u010dnih in naravoslovnih), ki so bili sprejeti po letu 1994 in<\/li>\n<li>za diplomante visoko\u0161olskih \u0161tudijskih programov materialov in metalurgije ali sorodnih \u0161tudijskih programov (tehni\u010dnih in naravoslovnih), ki so bili sprejeti pred letom 1994.<\/li>\n<\/ul>\n<p>V 2. letnik magistrskega \u0161tudijskega programa druge stopnje Metalurgija in Materiali se lahko prepi\u0161e \u0161tudent, \u010de:<\/p>\n<ul>\n<li>izpolnjuje pogoje za vpis v ta \u0161tudijski program,<\/li>\n<li>so na voljo prosta mesta,<\/li>\n<li>je v celoti opravil \u0161tudijske obveznosti v ni\u017ejem letniku na prvotnem programu in<\/li>\n<li>\u010de se obseg vsebin magistrskega \u0161tudijskega programa druge stopnje Metalurgija in Materiali od vsebin 1. letnika prvotnega \u0161tudijskega programa ne razlikuje za ve\u010d kot 30 kreditnih to\u010dk.<\/li>\n<\/ul>\n<p>Skladno s Pravilnikom o preverjanju in ocenjevanju znanja na UL NTF lahko \u0160tudijska komisija \u0161tudentu predpi\u0161e dodatne obveznosti (diferencialne izpite) in rok, do kdaj mora \u0161tudent te obveznosti opraviti.<\/p>\n<p>\u0160tudijska komisija NTF lahko v tem primeru \u0161tudentu prizna del izpitov, ki jih je opravil na prvotnem \u0161tudijskem programu in niso predvideni v novem \u0161tudijskem programu (Metalurgija in Materiali) na ra\u010dun izbirnosti zunaj UL NTF.<\/p>\n<p>\u010ce \u0161tudent prehaja na \u0161tudijski program Metalurgija in Materiali iz magistrskih programov II. stopnje, ki jih izvaja UL NTF, lahko \u0160tudijska komisija prizna \u0161tudentu tudi dolo\u010dene \u00bbstrokovne\u00ab izpite iz prej\u0161njega programa na ra\u010dun izbirnosti znotraj UL NTF.<\/p>\n<p>V 2. letnik magistrskega \u0161tudijskega programa druge stopnje Metalurgija in Materiali se lahko vpi\u0161ejo tudi diplomanti univerzitetnih \u0161tudijskih programov s podro\u010dja materialov in metalurgije ali sorodnih \u0161tudijskih programov (tehni\u010dnih), ki so bili sprejeti po letu 1994 ter diplomanti visoko\u0161olskih \u0161tudijskih programov metalur\u0161ke tehnologije ali sorodnih \u0161tudijskih programov (tehni\u010dnih), ki so bili sprejeti pred letom 1994.<\/p>\n<p>\u0160tudijska komisija lahko predpi\u0161e \u0161tudentu dodatne obveznosti (diferencialne izpite) do 40 kreditnih to\u010dk, ki jih mora opraviti do zaklju\u010dka novega \u0161tudija, lahko pa upo\u0161teva kandidatove morebitne strokovne ali znanstvene objave ter delovne izku\u0161nje pri delu v praksi.<\/p>\n","protected":false},"excerpt":{"rendered":"Pogoji za napredovanje po programu \u0160tudent se lahko vpi\u0161e v vi\u0161ji letnik, \u010de je do izteka \u0161tudijskega leta opravil z u\u010dnimi na\u010drti predpisane obveznosti v obsegu najmanj 48 kreditnih to\u010dk po ECTS. \u0160tudent se lahko izjemoma vpi\u0161e v vi\u0161ji letnik, tudi \u010de ni opravil vseh obveznosti, dolo\u010denih s \u0161tudijskim programom za vpis v vi\u0161ji letnik, &#8230; <a class=\"view-article\" href=\"https:\/\/www.ntf.uni-lj.si\/omm\/studij\/2-stopnja\/metalurgija-in-materiali-mag\/ostale-informacije\/pogoji-za-napredovanje\/\">Read more<\/a>","protected":false},"author":15,"featured_media":0,"parent":4487,"menu_order":20,"comment_status":"closed","ping_status":"closed","template":"","meta":[],"acf":[],"yoast_head":"<!-- This site is optimized with the Yoast SEO plugin v17.0 - https:\/\/yoast.com\/wordpress\/plugins\/seo\/ -->\n<meta name=\"robots\" content=\"index, follow, max-snippet:-1, max-image-preview:large, max-video-preview:-1\" \/>\n<link rel=\"canonical\" href=\"https:\/\/www.ntf.uni-lj.si\/omm\/studij\/2-stopnja\/metalurgija-in-materiali-mag\/ostale-informacije\/pogoji-za-napredovanje\/\" \/>\n<meta property=\"og:locale\" content=\"en_US\" \/>\n<meta property=\"og:type\" content=\"article\" \/>\n<meta property=\"og:title\" content=\"Pogoji za napredovanje - OMM\" \/>\n<meta property=\"og:description\" content=\"Pogoji za napredovanje po programu \u0160tudent se lahko vpi\u0161e v vi\u0161ji letnik, \u010de je do izteka \u0161tudijskega leta opravil z u\u010dnimi na\u010drti predpisane obveznosti v obsegu najmanj 48 kreditnih to\u010dk po ECTS. \u0160tudent se lahko izjemoma vpi\u0161e v vi\u0161ji letnik, tudi \u010de ni opravil vseh obveznosti, dolo\u010denih s \u0161tudijskim programom za vpis v vi\u0161ji letnik, ... Read more\" \/>\n<meta property=\"og:url\" content=\"https:\/\/www.ntf.uni-lj.si\/omm\/studij\/2-stopnja\/metalurgija-in-materiali-mag\/ostale-informacije\/pogoji-za-napredovanje\/\" \/>\n<meta property=\"og:site_name\" content=\"OMM\" \/>\n<meta property=\"article:modified_time\" content=\"2024-01-17T11:52:21+00:00\" \/>\n<meta name=\"twitter:label1\" content=\"Est. reading time\" \/>\n\t<meta name=\"twitter:data1\" content=\"4 minutes\" \/>\n<script type=\"application\/ld+json\" class=\"yoast-schema-graph\">{\"@context\":\"https:\/\/schema.org\",\"@graph\":[{\"@type\":\"WebSite\",\"@id\":\"https:\/\/www.ntf.uni-lj.si\/omm\/#website\",\"url\":\"https:\/\/www.ntf.uni-lj.si\/omm\/\",\"name\":\"OMM\",\"description\":\"Oddelek za materiale in metalurgijo\",\"potentialAction\":[{\"@type\":\"SearchAction\",\"target\":{\"@type\":\"EntryPoint\",\"urlTemplate\":\"https:\/\/www.ntf.uni-lj.si\/omm\/?s={search_term_string}\"},\"query-input\":\"required name=search_term_string\"}],\"inLanguage\":\"en-US\"},{\"@type\":\"WebPage\",\"@id\":\"https:\/\/www.ntf.uni-lj.si\/omm\/studij\/2-stopnja\/metalurgija-in-materiali-mag\/ostale-informacije\/pogoji-za-napredovanje\/#webpage\",\"url\":\"https:\/\/www.ntf.uni-lj.si\/omm\/studij\/2-stopnja\/metalurgija-in-materiali-mag\/ostale-informacije\/pogoji-za-napredovanje\/\",\"name\":\"Pogoji za napredovanje - OMM\",\"isPartOf\":{\"@id\":\"https:\/\/www.ntf.uni-lj.si\/omm\/#website\"},\"datePublished\":\"2015-05-08T11:33:09+00:00\",\"dateModified\":\"2024-01-17T11:52:21+00:00\",\"breadcrumb\":{\"@id\":\"https:\/\/www.ntf.uni-lj.si\/omm\/studij\/2-stopnja\/metalurgija-in-materiali-mag\/ostale-informacije\/pogoji-za-napredovanje\/#breadcrumb\"},\"inLanguage\":\"en-US\",\"potentialAction\":[{\"@type\":\"ReadAction\",\"target\":[\"https:\/\/www.ntf.uni-lj.si\/omm\/studij\/2-stopnja\/metalurgija-in-materiali-mag\/ostale-informacije\/pogoji-za-napredovanje\/\"]}]},{\"@type\":\"BreadcrumbList\",\"@id\":\"https:\/\/www.ntf.uni-lj.si\/omm\/studij\/2-stopnja\/metalurgija-in-materiali-mag\/ostale-informacije\/pogoji-za-napredovanje\/#breadcrumb\",\"itemListElement\":[{\"@type\":\"ListItem\",\"position\":1,\"name\":\"Domov\",\"item\":\"https:\/\/www.ntf.uni-lj.si\/omm\/\"},{\"@type\":\"ListItem\",\"position\":2,\"name\":\"\\u0160tudij\",\"item\":\"https:\/\/www.ntf.uni-lj.si\/omm\/studij\/\"},{\"@type\":\"ListItem\",\"position\":3,\"name\":\"2. stopnja\",\"item\":\"https:\/\/www.ntf.uni-lj.si\/omm\/studij\/2-stopnja\/\"},{\"@type\":\"ListItem\",\"position\":4,\"name\":\"Metalurgija in materiali (MAG)\",\"item\":\"https:\/\/www.ntf.uni-lj.si\/omm\/studij\/2-stopnja\/metalurgija-in-materiali-mag\/\"},{\"@type\":\"ListItem\",\"position\":5,\"name\":\"Ostale informacije\",\"item\":\"https:\/\/www.ntf.uni-lj.si\/omm\/studij\/2-stopnja\/metalurgija-in-materiali-mag\/ostale-informacije\/\"},{\"@type\":\"ListItem\",\"position\":6,\"name\":\"Pogoji za napredovanje\"}]}]}<\/script>\n<!-- \/ Yoast SEO plugin. -->","yoast_head_json":{"robots":{"index":"index","follow":"follow","max-snippet":"max-snippet:-1","max-image-preview":"max-image-preview:large","max-video-preview":"max-video-preview:-1"},"canonical":"https:\/\/www.ntf.uni-lj.si\/omm\/studij\/2-stopnja\/metalurgija-in-materiali-mag\/ostale-informacije\/pogoji-za-napredovanje\/","og_locale":"en_US","og_type":"article","og_title":"Pogoji za napredovanje - OMM","og_description":"Pogoji za napredovanje po programu \u0160tudent se lahko vpi\u0161e v vi\u0161ji letnik, \u010de je do izteka \u0161tudijskega leta opravil z u\u010dnimi na\u010drti predpisane obveznosti v obsegu najmanj 48 kreditnih to\u010dk po ECTS. \u0160tudent se lahko izjemoma vpi\u0161e v vi\u0161ji letnik, tudi \u010de ni opravil vseh obveznosti, dolo\u010denih s \u0161tudijskim programom za vpis v vi\u0161ji letnik, ... Read more","og_url":"https:\/\/www.ntf.uni-lj.si\/omm\/studij\/2-stopnja\/metalurgija-in-materiali-mag\/ostale-informacije\/pogoji-za-napredovanje\/","og_site_name":"OMM","article_modified_time":"2024-01-17T11:52:21+00:00","twitter_misc":{"Est. reading time":"4 minutes"},"schema":{"@context":"https:\/\/schema.org","@graph":[{"@type":"WebSite","@id":"https:\/\/www.ntf.uni-lj.si\/omm\/#website","url":"https:\/\/www.ntf.uni-lj.si\/omm\/","name":"OMM","description":"Oddelek za materiale in metalurgijo","potentialAction":[{"@type":"SearchAction","target":{"@type":"EntryPoint","urlTemplate":"https:\/\/www.ntf.uni-lj.si\/omm\/?s={search_term_string}"},"query-input":"required name=search_term_string"}],"inLanguage":"en-US"},{"@type":"WebPage","@id":"https:\/\/www.ntf.uni-lj.si\/omm\/studij\/2-stopnja\/metalurgija-in-materiali-mag\/ostale-informacije\/pogoji-za-napredovanje\/#webpage","url":"https:\/\/www.ntf.uni-lj.si\/omm\/studij\/2-stopnja\/metalurgija-in-materiali-mag\/ostale-informacije\/pogoji-za-napredovanje\/","name":"Pogoji za napredovanje - OMM","isPartOf":{"@id":"https:\/\/www.ntf.uni-lj.si\/omm\/#website"},"datePublished":"2015-05-08T11:33:09+00:00","dateModified":"2024-01-17T11:52:21+00:00","breadcrumb":{"@id":"https:\/\/www.ntf.uni-lj.si\/omm\/studij\/2-stopnja\/metalurgija-in-materiali-mag\/ostale-informacije\/pogoji-za-napredovanje\/#breadcrumb"},"inLanguage":"en-US","potentialAction":[{"@type":"ReadAction","target":["https:\/\/www.ntf.uni-lj.si\/omm\/studij\/2-stopnja\/metalurgija-in-materiali-mag\/ostale-informacije\/pogoji-za-napredovanje\/"]}]},{"@type":"BreadcrumbList","@id":"https:\/\/www.ntf.uni-lj.si\/omm\/studij\/2-stopnja\/metalurgija-in-materiali-mag\/ostale-informacije\/pogoji-za-napredovanje\/#breadcrumb","itemListElement":[{"@type":"ListItem","position":1,"name":"Domov","item":"https:\/\/www.ntf.uni-lj.si\/omm\/"},{"@type":"ListItem","position":2,"name":"\u0160tudij","item":"https:\/\/www.ntf.uni-lj.si\/omm\/studij\/"},{"@type":"ListItem","position":3,"name":"2. stopnja","item":"https:\/\/www.ntf.uni-lj.si\/omm\/studij\/2-stopnja\/"},{"@type":"ListItem","position":4,"name":"Metalurgija in materiali (MAG)","item":"https:\/\/www.ntf.uni-lj.si\/omm\/studij\/2-stopnja\/metalurgija-in-materiali-mag\/"},{"@type":"ListItem","position":5,"name":"Ostale informacije","item":"https:\/\/www.ntf.uni-lj.si\/omm\/studij\/2-stopnja\/metalurgija-in-materiali-mag\/ostale-informacije\/"},{"@type":"ListItem","position":6,"name":"Pogoji za napredovanje"}]}]}},"_links":{"self":[{"href":"https:\/\/www.ntf.uni-lj.si\/omm\/wp-json\/wp\/v2\/pages\/4499"}],"collection":[{"href":"https:\/\/www.ntf.uni-lj.si\/omm\/wp-json\/wp\/v2\/pages"}],"about":[{"href":"https:\/\/www.ntf.uni-lj.si\/omm\/wp-json\/wp\/v2\/types\/page"}],"author":[{"embeddable":true,"href":"https:\/\/www.ntf.uni-lj.si\/omm\/wp-json\/wp\/v2\/users\/15"}],"replies":[{"embeddable":true,"href":"https:\/\/www.ntf.uni-lj.si\/omm\/wp-json\/wp\/v2\/comments?post=4499"}],"version-history":[{"count":5,"href":"https:\/\/www.ntf.uni-lj.si\/omm\/wp-json\/wp\/v2\/pages\/4499\/revisions"}],"predecessor-version":[{"id":10386,"href":"https:\/\/www.ntf.uni-lj.si\/omm\/wp-json\/wp\/v2\/pages\/4499\/revisions\/10386"}],"up":[{"embeddable":true,"href":"https:\/\/www.ntf.uni-lj.si\/omm\/wp-json\/wp\/v2\/pages\/4487"}],"wp:attachment":[{"href":"https:\/\/www.ntf.uni-lj.si\/omm\/wp-json\/wp\/v2\/media?parent=4499"}],"curies":[{"name":"wp","href":"https:\/\/api.w.org\/{rel}","templated":true}]}}