{"id":4505,"date":"2015-05-08T11:34:49","date_gmt":"2015-05-08T11:34:49","guid":{"rendered":"http:\/\/www.ntf.uni-lj.si\/omm\/?page_id=4505"},"modified":"2020-02-24T09:30:06","modified_gmt":"2020-02-24T08:30:06","slug":"prehodi-med-programi","status":"publish","type":"page","link":"https:\/\/www.ntf.uni-lj.si\/omm\/studij\/2-stopnja\/metalurgija-in-materiali-mag\/ostale-informacije\/prehodi-med-programi\/","title":{"rendered":"Prehodi med programi"},"content":{"rendered":"<p>S prehodom se razume prenehanje \u0161tudentovega izobra\u017eevanja v \u0161tudijskem programu, v katerega se je vpisal, ter nadaljevanje izobra\u017eevanja v novem \u0161tudijskem programu, v katerem se vse ali del obveznosti, ki jih je \u0161tudent \u017ee opravil v prvotnem \u0161tudijskem programu, priznajo kot opravljene obveznosti novega \u0161tudijskega programa (Merila za prehode med \u0161tudijskimi programi (Uradni list RS, \u0161t. 45\/94)).<\/p>\n<p>Opravljen izpit v prvotnem \u0161tudijskem programu se prizna kot opravljen izpit v novem \u0161tudijskem programu, \u010de je usklajenost vsebin obeh predmetov vsaj 75 %. Pri kreditnem vrednotenju posameznega letnika (60 kreditnih to\u010dk) se priznani izpit vrednoti s kreditnimi to\u010dkami v prvotnem \u0161tudijskem programu, a ne z ve\u010d kreditnimi to\u010dkami, kot je ovrednoten v novem \u0161tudijskem programu Metalurgija in Materiali. Za prehod iz prej\u0161njega odstavka se ne \u0161teje sprememba \u0161tudijskega programa zaradi neizpolnitve obveznosti v prej\u0161njem \u0161tudijskem programu.<\/p>\n<p>V magistrskem \u0161tudijskem programu druge stopnje Metalurgija in Materiali so predvideni prehodi:<\/p>\n<ul>\n<li>iz magistrskih \u0161tudijskih programov druge stopnje s podro\u010dja materialov in metalurgije ali sorodnih \u0161tudijskih programov (tehni\u010dnih in naravoslovnih),<\/li>\n<li>za diplomante univerzitetnih \u0161tudijskih programov s podro\u010dja materialov in metalurgije ali sorodnih \u0161tudijskih programov (tehni\u010dnih in naravoslovnih), ki so bili sprejeti po letu 1994 in<\/li>\n<li>za diplomante visoko\u0161olskih \u0161tudijskih programov materialov in metalurgije ali sorodnih \u0161tudijskih programov (tehni\u010dnih in naravoslovnih), ki so bili sprejeti pred letom 1994.<\/li>\n<\/ul>\n<p>V 2. letnik magistrskega \u0161tudijskega programa druge stopnje Metalurgija in Materiali se lahko prepi\u0161e \u0161tudent, \u010de:<\/p>\n<ul>\n<li>izpolnjuje pogoje za vpis v ta \u0161tudijski program,<\/li>\n<li>so na voljo prosta mesta,<\/li>\n<li>je v celoti opravil \u0161tudijske obveznosti v ni\u017ejem letniku na prvotnem programu in<\/li>\n<li>\u010de se obseg vsebin magistrskega \u0161tudijskega programa druge stopnje Metalurgija in Materiali od vsebin 1. letnika prvotnega \u0161tudijskega programa ne razlikuje za ve\u010d kot 30 kreditnih to\u010dk.<\/li>\n<\/ul>\n<p>Skladno s Pravilnikom o preverjanju in ocenjevanju znanja na UL NTF lahko \u0160tudijska komisija \u0161tudentu predpi\u0161e dodatne obveznosti (diferencialne izpite) in rok, do kdaj mora \u0161tudent te obveznosti opraviti.<\/p>\n<p>\u0160tudijska komisija NTF lahko v tem primeru \u0161tudentu prizna del izpitov, ki jih je opravil na prvotnem \u0161tudijskem programu in niso predvideni v novem \u0161tudijskem programu (Metalurgija in Materiali) na ra\u010dun izbirnosti zunaj UL NTF.<\/p>\n<p>\u010ce \u0161tudent prehaja na \u0161tudijski program Metalurgija in Materiali iz magistrskih programov II. stopnje, ki jih izvaja UL NTF, lahko \u0160tudijska komisija prizna \u0161tudentu tudi dolo\u010dene \u00bbstrokovne\u00ab izpite iz prej\u0161njega programa na ra\u010dun izbirnosti znotraj UL NTF.<\/p>\n<p>V 2. letnik magistrskega \u0161tudijskega programa druge stopnje Metalurgija in Materiali se lahko vpi\u0161ejo tudi diplomanti univerzitetnih \u0161tudijskih programov s podro\u010dja materialov in metalurgije ali sorodnih \u0161tudijskih programov (tehni\u010dnih), ki so bili sprejeti po letu 1994 ter diplomanti visoko\u0161olskih \u0161tudijskih programov metalur\u0161ke tehnologije ali sorodnih \u0161tudijskih programov (tehni\u010dnih), ki so bili sprejeti pred letom 1994.<\/p>\n<p>\u0160tudijska komisija lahko predpi\u0161e \u0161tudentu dodatne obveznosti (diferencialne izpite) do 40 kreditnih to\u010dk, ki jih mora opraviti do zaklju\u010dka novega \u0161tudija, lahko pa upo\u0161teva kandidatove morebitne strokovne ali znanstvene objave ter delovne izku\u0161nje pri delu v praksi.<\/p>\n","protected":false},"excerpt":{"rendered":"S prehodom se razume prenehanje \u0161tudentovega izobra\u017eevanja v \u0161tudijskem programu, v katerega se je vpisal, ter nadaljevanje izobra\u017eevanja v novem \u0161tudijskem programu, v katerem se vse ali del obveznosti, ki jih je \u0161tudent \u017ee opravil v prvotnem \u0161tudijskem programu, priznajo kot opravljene obveznosti novega \u0161tudijskega programa (Merila za prehode med \u0161tudijskimi programi (Uradni list RS, &#8230; <a class=\"view-article\" href=\"https:\/\/www.ntf.uni-lj.si\/omm\/studij\/2-stopnja\/metalurgija-in-materiali-mag\/ostale-informacije\/prehodi-med-programi\/\">Read more<\/a>","protected":false},"author":15,"featured_media":0,"parent":4487,"menu_order":30,"comment_status":"closed","ping_status":"closed","template":"","meta":[],"acf":[],"yoast_head":"<!-- This site is optimized with the Yoast SEO plugin v17.0 - https:\/\/yoast.com\/wordpress\/plugins\/seo\/ -->\n<meta name=\"robots\" content=\"index, follow, max-snippet:-1, max-image-preview:large, max-video-preview:-1\" \/>\n<link rel=\"canonical\" href=\"https:\/\/www.ntf.uni-lj.si\/omm\/studij\/2-stopnja\/metalurgija-in-materiali-mag\/ostale-informacije\/prehodi-med-programi\/\" \/>\n<meta property=\"og:locale\" content=\"en_US\" \/>\n<meta property=\"og:type\" content=\"article\" \/>\n<meta property=\"og:title\" content=\"Prehodi med programi - OMM\" \/>\n<meta property=\"og:description\" content=\"S prehodom se razume prenehanje \u0161tudentovega izobra\u017eevanja v \u0161tudijskem programu, v katerega se je vpisal, ter nadaljevanje izobra\u017eevanja v novem \u0161tudijskem programu, v katerem se vse ali del obveznosti, ki jih je \u0161tudent \u017ee opravil v prvotnem \u0161tudijskem programu, priznajo kot opravljene obveznosti novega \u0161tudijskega programa (Merila za prehode med \u0161tudijskimi programi (Uradni list RS, ... Read more\" \/>\n<meta property=\"og:url\" content=\"https:\/\/www.ntf.uni-lj.si\/omm\/studij\/2-stopnja\/metalurgija-in-materiali-mag\/ostale-informacije\/prehodi-med-programi\/\" \/>\n<meta property=\"og:site_name\" content=\"OMM\" \/>\n<meta property=\"article:modified_time\" content=\"2020-02-24T08:30:06+00:00\" \/>\n<meta name=\"twitter:label1\" content=\"Est. reading time\" \/>\n\t<meta name=\"twitter:data1\" content=\"2 minutes\" \/>\n<script type=\"application\/ld+json\" class=\"yoast-schema-graph\">{\"@context\":\"https:\/\/schema.org\",\"@graph\":[{\"@type\":\"WebSite\",\"@id\":\"https:\/\/www.ntf.uni-lj.si\/omm\/#website\",\"url\":\"https:\/\/www.ntf.uni-lj.si\/omm\/\",\"name\":\"OMM\",\"description\":\"Oddelek za materiale in metalurgijo\",\"potentialAction\":[{\"@type\":\"SearchAction\",\"target\":{\"@type\":\"EntryPoint\",\"urlTemplate\":\"https:\/\/www.ntf.uni-lj.si\/omm\/?s={search_term_string}\"},\"query-input\":\"required name=search_term_string\"}],\"inLanguage\":\"en-US\"},{\"@type\":\"WebPage\",\"@id\":\"https:\/\/www.ntf.uni-lj.si\/omm\/studij\/2-stopnja\/metalurgija-in-materiali-mag\/ostale-informacije\/prehodi-med-programi\/#webpage\",\"url\":\"https:\/\/www.ntf.uni-lj.si\/omm\/studij\/2-stopnja\/metalurgija-in-materiali-mag\/ostale-informacije\/prehodi-med-programi\/\",\"name\":\"Prehodi med programi - OMM\",\"isPartOf\":{\"@id\":\"https:\/\/www.ntf.uni-lj.si\/omm\/#website\"},\"datePublished\":\"2015-05-08T11:34:49+00:00\",\"dateModified\":\"2020-02-24T08:30:06+00:00\",\"breadcrumb\":{\"@id\":\"https:\/\/www.ntf.uni-lj.si\/omm\/studij\/2-stopnja\/metalurgija-in-materiali-mag\/ostale-informacije\/prehodi-med-programi\/#breadcrumb\"},\"inLanguage\":\"en-US\",\"potentialAction\":[{\"@type\":\"ReadAction\",\"target\":[\"https:\/\/www.ntf.uni-lj.si\/omm\/studij\/2-stopnja\/metalurgija-in-materiali-mag\/ostale-informacije\/prehodi-med-programi\/\"]}]},{\"@type\":\"BreadcrumbList\",\"@id\":\"https:\/\/www.ntf.uni-lj.si\/omm\/studij\/2-stopnja\/metalurgija-in-materiali-mag\/ostale-informacije\/prehodi-med-programi\/#breadcrumb\",\"itemListElement\":[{\"@type\":\"ListItem\",\"position\":1,\"name\":\"Domov\",\"item\":\"https:\/\/www.ntf.uni-lj.si\/omm\/\"},{\"@type\":\"ListItem\",\"position\":2,\"name\":\"\\u0160tudij\",\"item\":\"https:\/\/www.ntf.uni-lj.si\/omm\/studij\/\"},{\"@type\":\"ListItem\",\"position\":3,\"name\":\"2. stopnja\",\"item\":\"https:\/\/www.ntf.uni-lj.si\/omm\/studij\/2-stopnja\/\"},{\"@type\":\"ListItem\",\"position\":4,\"name\":\"Metalurgija in materiali (MAG)\",\"item\":\"https:\/\/www.ntf.uni-lj.si\/omm\/studij\/2-stopnja\/metalurgija-in-materiali-mag\/\"},{\"@type\":\"ListItem\",\"position\":5,\"name\":\"Ostale informacije\",\"item\":\"https:\/\/www.ntf.uni-lj.si\/omm\/studij\/2-stopnja\/metalurgija-in-materiali-mag\/ostale-informacije\/\"},{\"@type\":\"ListItem\",\"position\":6,\"name\":\"Prehodi med programi\"}]}]}<\/script>\n<!-- \/ Yoast SEO plugin. -->","yoast_head_json":{"robots":{"index":"index","follow":"follow","max-snippet":"max-snippet:-1","max-image-preview":"max-image-preview:large","max-video-preview":"max-video-preview:-1"},"canonical":"https:\/\/www.ntf.uni-lj.si\/omm\/studij\/2-stopnja\/metalurgija-in-materiali-mag\/ostale-informacije\/prehodi-med-programi\/","og_locale":"en_US","og_type":"article","og_title":"Prehodi med programi - OMM","og_description":"S prehodom se razume prenehanje \u0161tudentovega izobra\u017eevanja v \u0161tudijskem programu, v katerega se je vpisal, ter nadaljevanje izobra\u017eevanja v novem \u0161tudijskem programu, v katerem se vse ali del obveznosti, ki jih je \u0161tudent \u017ee opravil v prvotnem \u0161tudijskem programu, priznajo kot opravljene obveznosti novega \u0161tudijskega programa (Merila za prehode med \u0161tudijskimi programi (Uradni list RS, ... Read more","og_url":"https:\/\/www.ntf.uni-lj.si\/omm\/studij\/2-stopnja\/metalurgija-in-materiali-mag\/ostale-informacije\/prehodi-med-programi\/","og_site_name":"OMM","article_modified_time":"2020-02-24T08:30:06+00:00","twitter_misc":{"Est. reading time":"2 minutes"},"schema":{"@context":"https:\/\/schema.org","@graph":[{"@type":"WebSite","@id":"https:\/\/www.ntf.uni-lj.si\/omm\/#website","url":"https:\/\/www.ntf.uni-lj.si\/omm\/","name":"OMM","description":"Oddelek za materiale in metalurgijo","potentialAction":[{"@type":"SearchAction","target":{"@type":"EntryPoint","urlTemplate":"https:\/\/www.ntf.uni-lj.si\/omm\/?s={search_term_string}"},"query-input":"required name=search_term_string"}],"inLanguage":"en-US"},{"@type":"WebPage","@id":"https:\/\/www.ntf.uni-lj.si\/omm\/studij\/2-stopnja\/metalurgija-in-materiali-mag\/ostale-informacije\/prehodi-med-programi\/#webpage","url":"https:\/\/www.ntf.uni-lj.si\/omm\/studij\/2-stopnja\/metalurgija-in-materiali-mag\/ostale-informacije\/prehodi-med-programi\/","name":"Prehodi med programi - OMM","isPartOf":{"@id":"https:\/\/www.ntf.uni-lj.si\/omm\/#website"},"datePublished":"2015-05-08T11:34:49+00:00","dateModified":"2020-02-24T08:30:06+00:00","breadcrumb":{"@id":"https:\/\/www.ntf.uni-lj.si\/omm\/studij\/2-stopnja\/metalurgija-in-materiali-mag\/ostale-informacije\/prehodi-med-programi\/#breadcrumb"},"inLanguage":"en-US","potentialAction":[{"@type":"ReadAction","target":["https:\/\/www.ntf.uni-lj.si\/omm\/studij\/2-stopnja\/metalurgija-in-materiali-mag\/ostale-informacije\/prehodi-med-programi\/"]}]},{"@type":"BreadcrumbList","@id":"https:\/\/www.ntf.uni-lj.si\/omm\/studij\/2-stopnja\/metalurgija-in-materiali-mag\/ostale-informacije\/prehodi-med-programi\/#breadcrumb","itemListElement":[{"@type":"ListItem","position":1,"name":"Domov","item":"https:\/\/www.ntf.uni-lj.si\/omm\/"},{"@type":"ListItem","position":2,"name":"\u0160tudij","item":"https:\/\/www.ntf.uni-lj.si\/omm\/studij\/"},{"@type":"ListItem","position":3,"name":"2. stopnja","item":"https:\/\/www.ntf.uni-lj.si\/omm\/studij\/2-stopnja\/"},{"@type":"ListItem","position":4,"name":"Metalurgija in materiali (MAG)","item":"https:\/\/www.ntf.uni-lj.si\/omm\/studij\/2-stopnja\/metalurgija-in-materiali-mag\/"},{"@type":"ListItem","position":5,"name":"Ostale informacije","item":"https:\/\/www.ntf.uni-lj.si\/omm\/studij\/2-stopnja\/metalurgija-in-materiali-mag\/ostale-informacije\/"},{"@type":"ListItem","position":6,"name":"Prehodi med programi"}]}]}},"_links":{"self":[{"href":"https:\/\/www.ntf.uni-lj.si\/omm\/wp-json\/wp\/v2\/pages\/4505"}],"collection":[{"href":"https:\/\/www.ntf.uni-lj.si\/omm\/wp-json\/wp\/v2\/pages"}],"about":[{"href":"https:\/\/www.ntf.uni-lj.si\/omm\/wp-json\/wp\/v2\/types\/page"}],"author":[{"embeddable":true,"href":"https:\/\/www.ntf.uni-lj.si\/omm\/wp-json\/wp\/v2\/users\/15"}],"replies":[{"embeddable":true,"href":"https:\/\/www.ntf.uni-lj.si\/omm\/wp-json\/wp\/v2\/comments?post=4505"}],"version-history":[{"count":5,"href":"https:\/\/www.ntf.uni-lj.si\/omm\/wp-json\/wp\/v2\/pages\/4505\/revisions"}],"predecessor-version":[{"id":9306,"href":"https:\/\/www.ntf.uni-lj.si\/omm\/wp-json\/wp\/v2\/pages\/4505\/revisions\/9306"}],"up":[{"embeddable":true,"href":"https:\/\/www.ntf.uni-lj.si\/omm\/wp-json\/wp\/v2\/pages\/4487"}],"wp:attachment":[{"href":"https:\/\/www.ntf.uni-lj.si\/omm\/wp-json\/wp\/v2\/media?parent=4505"}],"curies":[{"name":"wp","href":"https:\/\/api.w.org\/{rel}","templated":true}]}}