{"id":4574,"date":"2015-05-08T12:08:01","date_gmt":"2015-05-08T12:08:01","guid":{"rendered":"http:\/\/www.ntf.uni-lj.si\/omm\/?page_id=4574"},"modified":"2015-08-11T07:32:43","modified_gmt":"2015-08-11T05:32:43","slug":"pogoji-za-vpis","status":"publish","type":"page","link":"https:\/\/www.ntf.uni-lj.si\/omm\/studij\/3-stopnja\/znanost-in-inzenirstvo-materialov-dr\/pogoji-za-vpis\/","title":{"rendered":"Pogoji za vpis"},"content":{"rendered":"<h2>Predvideni obseg vpisa v program, pogoji za vpis in merila za izbiro<br \/>\nob omejitvi vpisa<\/h2>\n<p>Na interdisciplinarni doktorski \u0161tudijski program Znanost in in\u017eenirstvo materialov se lahko v skladu z 38. a \u010dlenom ZViS ter 16. \u010dlenom prehodnih in kon\u010dnih dolo\u010db ZViS (Ur. l. RS \u0161t. 119\/20. 11. 2006) vpi\u0161ejo kandidati, ki so zaklju\u010dili:<\/p>\n<ul>\n<li>bolonjski \u0161tudijski program druge stopnje (bolonjski magisterij),<\/li>\n<li>enovit magistrski \u0161tudijski program, ki izobra\u017euje za poklice, urejene z direktivami EU, \u010de je ovrednoten s 300 ECTS, ali drug enovit magistrski \u0161tudijski program, ki je ovrednoten s 300 ECTS,<\/li>\n<li>dosedanji (stari) \u0161tudijski program za pridobitev univerzitetne izobrazbe,<\/li>\n<li>dosedanji \u0161tudijski program za pridobitev specializacije in so pred tem kon\u010dali visoko\u0161olski strokovni program; za vpis v \u0161tudijske programe tretje stopnje se jim dolo\u010dijo dodatne \u0161tudijske<\/li>\n<li>obveznosti v obsegu od 30 do 60 ECTS,<\/li>\n<li>dosedanji (stari) \u0161tudijski program za pridobitev magisterija znanosti oz. specializacije po kon\u010danem \u0161tudijskem programu za pridobitev univerzitetne izobrazbe. Tem kandidatom se v<\/li>\n<li>doktorskem \u0161tudijskem programu tretje stopnje priznajo \u0161tudijske obveznosti v obsegu najmanj 60 ECTS.<\/li>\n<\/ul>\n<p>\u0160tudijski program je sestavljen iz organiziranih oblik \u0161tudija v obsegu 60 kreditnih to\u010dk, preostalih 120 kreditnih to\u010dk pa je namenjenih individualnemu raziskovalnemu delu za doktorsko disertacijo. Razdelitev po letnikih je naslednja:<\/p>\n<ul>\n<li>v prvem letniku 40 KT organiziranih oblik \u0161tudija in 20 KT raziskovalnega dela,<\/li>\n<li>v drugem letniku 15 KT organiziranih oblik \u0161tudija in 45 KT raziskovalnega dela in<\/li>\n<li>v tretjem letniku 5 KT organiziranih oblik \u0161tudija in 55 KT raziskovalnega dela.<\/li>\n<\/ul>\n<p>V primeru ve\u010djega \u0161tevila kandidatov bodo ti izbrani na podlagi:<\/p>\n<ul>\n<li>povpre\u010dne ocene oz. dotedanjega \u0161tudijskega uspeha (60 %)<\/li>\n<li>morebitne znanstvenoraziskovalne in strokovne objave, nagrade ter pomembne izku\u0161nje v praksi (40 %).<\/li>\n<\/ul>\n<p>Izbrani bodo tisti kandidati, ki bodo dosegli ve\u010dje \u0161tevilo to\u010dk.<\/p>\n<p><strong>Merila za priznavanje znanja in spretnosti, pridobljenih pred vpisom v program<\/strong><\/p>\n<p>Znanje in spretnosti, pridobljene s formalnim, neformalnim ali izkustvenim u\u010denjem pred vpisom v program, se bodo skladno z 9. \u010dlenom Meril za akreditacijo \u0161tudijskih programov priznavale pri izbiri ob omejitvi vpisa. O priznavanju znanja in spretnosti, ki jih je kandidat pridobil pred vpisom v program, odlo\u010da programski svet.<br \/>\nPri priznavanju tovrstnega znanja in spretnosti se upo\u0161tevajo:<\/p>\n<ul>\n<li>strokovna specializacija,<\/li>\n<li>druga diploma visoko\u0161olskega zavoda,<\/li>\n<li>dosedanje znanstvenoraziskovalno delo,<\/li>\n<li>objavljena znanstvena dela in<\/li>\n<li>strokovno izpopolnjevanje,<\/li>\n<li>Pre\u0161ernova nagrada UL,<\/li>\n<li>strokovni podiplomski te\u010daji z veljavno listino in vsebinami s podro\u010dja doktorskega \u0161tudija,<\/li>\n<li>neformalne oblike izobra\u017eevanja na podro\u010dju izbranih segmentov doktorskega \u0161tudija.<\/li>\n<\/ul>\n","protected":false},"excerpt":{"rendered":"Predvideni obseg vpisa v program, pogoji za vpis in merila za izbiro ob omejitvi vpisa Na interdisciplinarni doktorski \u0161tudijski program Znanost in in\u017eenirstvo materialov se lahko v skladu z 38. a \u010dlenom ZViS ter 16. \u010dlenom prehodnih in kon\u010dnih dolo\u010db ZViS (Ur. l. RS \u0161t. 119\/20. 11. 2006) vpi\u0161ejo kandidati, ki so zaklju\u010dili: bolonjski \u0161tudijski &#8230; <a class=\"view-article\" href=\"https:\/\/www.ntf.uni-lj.si\/omm\/studij\/3-stopnja\/znanost-in-inzenirstvo-materialov-dr\/pogoji-za-vpis\/\">Read more<\/a>","protected":false},"author":15,"featured_media":0,"parent":4562,"menu_order":20,"comment_status":"closed","ping_status":"closed","template":"","meta":[],"acf":[],"yoast_head":"<!-- This site is optimized with the Yoast SEO plugin v17.0 - https:\/\/yoast.com\/wordpress\/plugins\/seo\/ -->\n<meta name=\"robots\" content=\"index, follow, max-snippet:-1, max-image-preview:large, max-video-preview:-1\" \/>\n<link rel=\"canonical\" href=\"https:\/\/www.ntf.uni-lj.si\/omm\/studij\/3-stopnja\/znanost-in-inzenirstvo-materialov-dr\/pogoji-za-vpis\/\" \/>\n<meta property=\"og:locale\" content=\"en_US\" \/>\n<meta property=\"og:type\" content=\"article\" \/>\n<meta property=\"og:title\" content=\"Pogoji za vpis - OMM\" \/>\n<meta property=\"og:description\" content=\"Predvideni obseg vpisa v program, pogoji za vpis in merila za izbiro ob omejitvi vpisa Na interdisciplinarni doktorski \u0161tudijski program Znanost in in\u017eenirstvo materialov se lahko v skladu z 38. a \u010dlenom ZViS ter 16. \u010dlenom prehodnih in kon\u010dnih dolo\u010db ZViS (Ur. l. RS \u0161t. 119\/20. 11. 2006) vpi\u0161ejo kandidati, ki so zaklju\u010dili: bolonjski \u0161tudijski ... Read more\" \/>\n<meta property=\"og:url\" content=\"https:\/\/www.ntf.uni-lj.si\/omm\/studij\/3-stopnja\/znanost-in-inzenirstvo-materialov-dr\/pogoji-za-vpis\/\" \/>\n<meta property=\"og:site_name\" content=\"OMM\" \/>\n<meta property=\"article:modified_time\" content=\"2015-08-11T05:32:43+00:00\" \/>\n<meta name=\"twitter:label1\" content=\"Est. reading time\" \/>\n\t<meta name=\"twitter:data1\" content=\"2 minutes\" \/>\n<script type=\"application\/ld+json\" class=\"yoast-schema-graph\">{\"@context\":\"https:\/\/schema.org\",\"@graph\":[{\"@type\":\"WebSite\",\"@id\":\"https:\/\/www.ntf.uni-lj.si\/omm\/#website\",\"url\":\"https:\/\/www.ntf.uni-lj.si\/omm\/\",\"name\":\"OMM\",\"description\":\"Oddelek za materiale in metalurgijo\",\"potentialAction\":[{\"@type\":\"SearchAction\",\"target\":{\"@type\":\"EntryPoint\",\"urlTemplate\":\"https:\/\/www.ntf.uni-lj.si\/omm\/?s={search_term_string}\"},\"query-input\":\"required name=search_term_string\"}],\"inLanguage\":\"en-US\"},{\"@type\":\"WebPage\",\"@id\":\"https:\/\/www.ntf.uni-lj.si\/omm\/studij\/3-stopnja\/znanost-in-inzenirstvo-materialov-dr\/pogoji-za-vpis\/#webpage\",\"url\":\"https:\/\/www.ntf.uni-lj.si\/omm\/studij\/3-stopnja\/znanost-in-inzenirstvo-materialov-dr\/pogoji-za-vpis\/\",\"name\":\"Pogoji za vpis - OMM\",\"isPartOf\":{\"@id\":\"https:\/\/www.ntf.uni-lj.si\/omm\/#website\"},\"datePublished\":\"2015-05-08T12:08:01+00:00\",\"dateModified\":\"2015-08-11T05:32:43+00:00\",\"breadcrumb\":{\"@id\":\"https:\/\/www.ntf.uni-lj.si\/omm\/studij\/3-stopnja\/znanost-in-inzenirstvo-materialov-dr\/pogoji-za-vpis\/#breadcrumb\"},\"inLanguage\":\"en-US\",\"potentialAction\":[{\"@type\":\"ReadAction\",\"target\":[\"https:\/\/www.ntf.uni-lj.si\/omm\/studij\/3-stopnja\/znanost-in-inzenirstvo-materialov-dr\/pogoji-za-vpis\/\"]}]},{\"@type\":\"BreadcrumbList\",\"@id\":\"https:\/\/www.ntf.uni-lj.si\/omm\/studij\/3-stopnja\/znanost-in-inzenirstvo-materialov-dr\/pogoji-za-vpis\/#breadcrumb\",\"itemListElement\":[{\"@type\":\"ListItem\",\"position\":1,\"name\":\"Domov\",\"item\":\"https:\/\/www.ntf.uni-lj.si\/omm\/\"},{\"@type\":\"ListItem\",\"position\":2,\"name\":\"\\u0160tudij\",\"item\":\"https:\/\/www.ntf.uni-lj.si\/omm\/studij\/\"},{\"@type\":\"ListItem\",\"position\":3,\"name\":\"3. stopnja\",\"item\":\"https:\/\/www.ntf.uni-lj.si\/omm\/studij\/3-stopnja\/\"},{\"@type\":\"ListItem\",\"position\":4,\"name\":\"Znanost in in\\u017eenirstvo materialov (DR)\",\"item\":\"https:\/\/www.ntf.uni-lj.si\/omm\/studij\/3-stopnja\/znanost-in-inzenirstvo-materialov-dr\/\"},{\"@type\":\"ListItem\",\"position\":5,\"name\":\"Pogoji za vpis\"}]}]}<\/script>\n<!-- \/ Yoast SEO plugin. -->","yoast_head_json":{"robots":{"index":"index","follow":"follow","max-snippet":"max-snippet:-1","max-image-preview":"max-image-preview:large","max-video-preview":"max-video-preview:-1"},"canonical":"https:\/\/www.ntf.uni-lj.si\/omm\/studij\/3-stopnja\/znanost-in-inzenirstvo-materialov-dr\/pogoji-za-vpis\/","og_locale":"en_US","og_type":"article","og_title":"Pogoji za vpis - OMM","og_description":"Predvideni obseg vpisa v program, pogoji za vpis in merila za izbiro ob omejitvi vpisa Na interdisciplinarni doktorski \u0161tudijski program Znanost in in\u017eenirstvo materialov se lahko v skladu z 38. a \u010dlenom ZViS ter 16. \u010dlenom prehodnih in kon\u010dnih dolo\u010db ZViS (Ur. l. RS \u0161t. 119\/20. 11. 2006) vpi\u0161ejo kandidati, ki so zaklju\u010dili: bolonjski \u0161tudijski ... Read more","og_url":"https:\/\/www.ntf.uni-lj.si\/omm\/studij\/3-stopnja\/znanost-in-inzenirstvo-materialov-dr\/pogoji-za-vpis\/","og_site_name":"OMM","article_modified_time":"2015-08-11T05:32:43+00:00","twitter_misc":{"Est. reading time":"2 minutes"},"schema":{"@context":"https:\/\/schema.org","@graph":[{"@type":"WebSite","@id":"https:\/\/www.ntf.uni-lj.si\/omm\/#website","url":"https:\/\/www.ntf.uni-lj.si\/omm\/","name":"OMM","description":"Oddelek za materiale in metalurgijo","potentialAction":[{"@type":"SearchAction","target":{"@type":"EntryPoint","urlTemplate":"https:\/\/www.ntf.uni-lj.si\/omm\/?s={search_term_string}"},"query-input":"required name=search_term_string"}],"inLanguage":"en-US"},{"@type":"WebPage","@id":"https:\/\/www.ntf.uni-lj.si\/omm\/studij\/3-stopnja\/znanost-in-inzenirstvo-materialov-dr\/pogoji-za-vpis\/#webpage","url":"https:\/\/www.ntf.uni-lj.si\/omm\/studij\/3-stopnja\/znanost-in-inzenirstvo-materialov-dr\/pogoji-za-vpis\/","name":"Pogoji za vpis - OMM","isPartOf":{"@id":"https:\/\/www.ntf.uni-lj.si\/omm\/#website"},"datePublished":"2015-05-08T12:08:01+00:00","dateModified":"2015-08-11T05:32:43+00:00","breadcrumb":{"@id":"https:\/\/www.ntf.uni-lj.si\/omm\/studij\/3-stopnja\/znanost-in-inzenirstvo-materialov-dr\/pogoji-za-vpis\/#breadcrumb"},"inLanguage":"en-US","potentialAction":[{"@type":"ReadAction","target":["https:\/\/www.ntf.uni-lj.si\/omm\/studij\/3-stopnja\/znanost-in-inzenirstvo-materialov-dr\/pogoji-za-vpis\/"]}]},{"@type":"BreadcrumbList","@id":"https:\/\/www.ntf.uni-lj.si\/omm\/studij\/3-stopnja\/znanost-in-inzenirstvo-materialov-dr\/pogoji-za-vpis\/#breadcrumb","itemListElement":[{"@type":"ListItem","position":1,"name":"Domov","item":"https:\/\/www.ntf.uni-lj.si\/omm\/"},{"@type":"ListItem","position":2,"name":"\u0160tudij","item":"https:\/\/www.ntf.uni-lj.si\/omm\/studij\/"},{"@type":"ListItem","position":3,"name":"3. stopnja","item":"https:\/\/www.ntf.uni-lj.si\/omm\/studij\/3-stopnja\/"},{"@type":"ListItem","position":4,"name":"Znanost in in\u017eenirstvo materialov (DR)","item":"https:\/\/www.ntf.uni-lj.si\/omm\/studij\/3-stopnja\/znanost-in-inzenirstvo-materialov-dr\/"},{"@type":"ListItem","position":5,"name":"Pogoji za vpis"}]}]}},"_links":{"self":[{"href":"https:\/\/www.ntf.uni-lj.si\/omm\/wp-json\/wp\/v2\/pages\/4574"}],"collection":[{"href":"https:\/\/www.ntf.uni-lj.si\/omm\/wp-json\/wp\/v2\/pages"}],"about":[{"href":"https:\/\/www.ntf.uni-lj.si\/omm\/wp-json\/wp\/v2\/types\/page"}],"author":[{"embeddable":true,"href":"https:\/\/www.ntf.uni-lj.si\/omm\/wp-json\/wp\/v2\/users\/15"}],"replies":[{"embeddable":true,"href":"https:\/\/www.ntf.uni-lj.si\/omm\/wp-json\/wp\/v2\/comments?post=4574"}],"version-history":[{"count":6,"href":"https:\/\/www.ntf.uni-lj.si\/omm\/wp-json\/wp\/v2\/pages\/4574\/revisions"}],"predecessor-version":[{"id":7685,"href":"https:\/\/www.ntf.uni-lj.si\/omm\/wp-json\/wp\/v2\/pages\/4574\/revisions\/7685"}],"up":[{"embeddable":true,"href":"https:\/\/www.ntf.uni-lj.si\/omm\/wp-json\/wp\/v2\/pages\/4562"}],"wp:attachment":[{"href":"https:\/\/www.ntf.uni-lj.si\/omm\/wp-json\/wp\/v2\/media?parent=4574"}],"curies":[{"name":"wp","href":"https:\/\/api.w.org\/{rel}","templated":true}]}}