{"id":4636,"date":"2015-05-08T12:43:39","date_gmt":"2015-05-08T12:43:39","guid":{"rendered":"http:\/\/www.ntf.uni-lj.si\/omm\/?page_id=4636"},"modified":"2015-05-12T06:39:28","modified_gmt":"2015-05-12T06:39:28","slug":"pogoji-za-dokoncanje-studija","status":"publish","type":"page","link":"https:\/\/www.ntf.uni-lj.si\/omm\/studij\/3-stopnja\/znanost-in-inzenirstvo-materialov-dr\/ostale-informacije\/pogoji-za-dokoncanje-studija\/","title":{"rendered":"Pogoji za dokon\u010danje \u0161tudija"},"content":{"rendered":"<p>Za dokon\u010danje \u0161tudija mora \u0161tudent opraviti vse s programom dolo\u010dene \u0161tudijske obveznosti in izdelati ter uspe\u0161no zagovarjati doktorsko disertacijo, skladno z dolo\u010dili Pravilnika o doktorskem delu, ki ga sprejmejo senati NTF, FKT in FMF. Pred sprejemom ocene na senatu \u010dlanice mora kandidat objaviti \u010dlanek s podro\u010dja svoje disertacije v mednarodni znanstveni literaturi, ki jo citira baza podatkov SCI; pri tem mora biti naveden kot prvi avtor.<\/p>\n","protected":false},"excerpt":{"rendered":"Za dokon\u010danje \u0161tudija mora \u0161tudent opraviti vse s programom dolo\u010dene \u0161tudijske obveznosti in izdelati ter uspe\u0161no zagovarjati doktorsko disertacijo, skladno z dolo\u010dili Pravilnika o doktorskem delu, ki ga sprejmejo senati NTF, FKT in FMF. Pred sprejemom ocene na senatu \u010dlanice mora kandidat objaviti \u010dlanek s podro\u010dja svoje disertacije v mednarodni znanstveni literaturi, ki jo citira &#8230; <a class=\"view-article\" href=\"https:\/\/www.ntf.uni-lj.si\/omm\/studij\/3-stopnja\/znanost-in-inzenirstvo-materialov-dr\/ostale-informacije\/pogoji-za-dokoncanje-studija\/\">Read more<\/a>","protected":false},"author":15,"featured_media":0,"parent":4580,"menu_order":40,"comment_status":"closed","ping_status":"closed","template":"","meta":[],"acf":[],"yoast_head":"<!-- This site is optimized with the Yoast SEO plugin v17.0 - https:\/\/yoast.com\/wordpress\/plugins\/seo\/ -->\n<meta name=\"robots\" content=\"index, follow, max-snippet:-1, max-image-preview:large, max-video-preview:-1\" \/>\n<link rel=\"canonical\" href=\"https:\/\/www.ntf.uni-lj.si\/omm\/studij\/3-stopnja\/znanost-in-inzenirstvo-materialov-dr\/ostale-informacije\/pogoji-za-dokoncanje-studija\/\" \/>\n<meta property=\"og:locale\" content=\"en_US\" \/>\n<meta property=\"og:type\" content=\"article\" \/>\n<meta property=\"og:title\" content=\"Pogoji za dokon\u010danje \u0161tudija - OMM\" \/>\n<meta property=\"og:description\" content=\"Za dokon\u010danje \u0161tudija mora \u0161tudent opraviti vse s programom dolo\u010dene \u0161tudijske obveznosti in izdelati ter uspe\u0161no zagovarjati doktorsko disertacijo, skladno z dolo\u010dili Pravilnika o doktorskem delu, ki ga sprejmejo senati NTF, FKT in FMF. Pred sprejemom ocene na senatu \u010dlanice mora kandidat objaviti \u010dlanek s podro\u010dja svoje disertacije v mednarodni znanstveni literaturi, ki jo citira ... Read more\" \/>\n<meta property=\"og:url\" content=\"https:\/\/www.ntf.uni-lj.si\/omm\/studij\/3-stopnja\/znanost-in-inzenirstvo-materialov-dr\/ostale-informacije\/pogoji-za-dokoncanje-studija\/\" \/>\n<meta property=\"og:site_name\" content=\"OMM\" \/>\n<meta property=\"article:modified_time\" content=\"2015-05-12T06:39:28+00:00\" \/>\n<script type=\"application\/ld+json\" class=\"yoast-schema-graph\">{\"@context\":\"https:\/\/schema.org\",\"@graph\":[{\"@type\":\"WebSite\",\"@id\":\"https:\/\/www.ntf.uni-lj.si\/omm\/#website\",\"url\":\"https:\/\/www.ntf.uni-lj.si\/omm\/\",\"name\":\"OMM\",\"description\":\"Oddelek za materiale in metalurgijo\",\"potentialAction\":[{\"@type\":\"SearchAction\",\"target\":{\"@type\":\"EntryPoint\",\"urlTemplate\":\"https:\/\/www.ntf.uni-lj.si\/omm\/?s={search_term_string}\"},\"query-input\":\"required name=search_term_string\"}],\"inLanguage\":\"en-US\"},{\"@type\":\"WebPage\",\"@id\":\"https:\/\/www.ntf.uni-lj.si\/omm\/studij\/3-stopnja\/znanost-in-inzenirstvo-materialov-dr\/ostale-informacije\/pogoji-za-dokoncanje-studija\/#webpage\",\"url\":\"https:\/\/www.ntf.uni-lj.si\/omm\/studij\/3-stopnja\/znanost-in-inzenirstvo-materialov-dr\/ostale-informacije\/pogoji-za-dokoncanje-studija\/\",\"name\":\"Pogoji za dokon\\u010danje \\u0161tudija - OMM\",\"isPartOf\":{\"@id\":\"https:\/\/www.ntf.uni-lj.si\/omm\/#website\"},\"datePublished\":\"2015-05-08T12:43:39+00:00\",\"dateModified\":\"2015-05-12T06:39:28+00:00\",\"breadcrumb\":{\"@id\":\"https:\/\/www.ntf.uni-lj.si\/omm\/studij\/3-stopnja\/znanost-in-inzenirstvo-materialov-dr\/ostale-informacije\/pogoji-za-dokoncanje-studija\/#breadcrumb\"},\"inLanguage\":\"en-US\",\"potentialAction\":[{\"@type\":\"ReadAction\",\"target\":[\"https:\/\/www.ntf.uni-lj.si\/omm\/studij\/3-stopnja\/znanost-in-inzenirstvo-materialov-dr\/ostale-informacije\/pogoji-za-dokoncanje-studija\/\"]}]},{\"@type\":\"BreadcrumbList\",\"@id\":\"https:\/\/www.ntf.uni-lj.si\/omm\/studij\/3-stopnja\/znanost-in-inzenirstvo-materialov-dr\/ostale-informacije\/pogoji-za-dokoncanje-studija\/#breadcrumb\",\"itemListElement\":[{\"@type\":\"ListItem\",\"position\":1,\"name\":\"Domov\",\"item\":\"https:\/\/www.ntf.uni-lj.si\/omm\/\"},{\"@type\":\"ListItem\",\"position\":2,\"name\":\"\\u0160tudij\",\"item\":\"https:\/\/www.ntf.uni-lj.si\/omm\/studij\/\"},{\"@type\":\"ListItem\",\"position\":3,\"name\":\"3. stopnja\",\"item\":\"https:\/\/www.ntf.uni-lj.si\/omm\/studij\/3-stopnja\/\"},{\"@type\":\"ListItem\",\"position\":4,\"name\":\"Znanost in in\\u017eenirstvo materialov (DR)\",\"item\":\"https:\/\/www.ntf.uni-lj.si\/omm\/studij\/3-stopnja\/znanost-in-inzenirstvo-materialov-dr\/\"},{\"@type\":\"ListItem\",\"position\":5,\"name\":\"Ostale informacije\",\"item\":\"https:\/\/www.ntf.uni-lj.si\/omm\/studij\/3-stopnja\/znanost-in-inzenirstvo-materialov-dr\/ostale-informacije\/\"},{\"@type\":\"ListItem\",\"position\":6,\"name\":\"Pogoji za dokon\\u010danje \\u0161tudija\"}]}]}<\/script>\n<!-- \/ Yoast SEO plugin. -->","yoast_head_json":{"robots":{"index":"index","follow":"follow","max-snippet":"max-snippet:-1","max-image-preview":"max-image-preview:large","max-video-preview":"max-video-preview:-1"},"canonical":"https:\/\/www.ntf.uni-lj.si\/omm\/studij\/3-stopnja\/znanost-in-inzenirstvo-materialov-dr\/ostale-informacije\/pogoji-za-dokoncanje-studija\/","og_locale":"en_US","og_type":"article","og_title":"Pogoji za dokon\u010danje \u0161tudija - OMM","og_description":"Za dokon\u010danje \u0161tudija mora \u0161tudent opraviti vse s programom dolo\u010dene \u0161tudijske obveznosti in izdelati ter uspe\u0161no zagovarjati doktorsko disertacijo, skladno z dolo\u010dili Pravilnika o doktorskem delu, ki ga sprejmejo senati NTF, FKT in FMF. Pred sprejemom ocene na senatu \u010dlanice mora kandidat objaviti \u010dlanek s podro\u010dja svoje disertacije v mednarodni znanstveni literaturi, ki jo citira ... Read more","og_url":"https:\/\/www.ntf.uni-lj.si\/omm\/studij\/3-stopnja\/znanost-in-inzenirstvo-materialov-dr\/ostale-informacije\/pogoji-za-dokoncanje-studija\/","og_site_name":"OMM","article_modified_time":"2015-05-12T06:39:28+00:00","schema":{"@context":"https:\/\/schema.org","@graph":[{"@type":"WebSite","@id":"https:\/\/www.ntf.uni-lj.si\/omm\/#website","url":"https:\/\/www.ntf.uni-lj.si\/omm\/","name":"OMM","description":"Oddelek za materiale in metalurgijo","potentialAction":[{"@type":"SearchAction","target":{"@type":"EntryPoint","urlTemplate":"https:\/\/www.ntf.uni-lj.si\/omm\/?s={search_term_string}"},"query-input":"required name=search_term_string"}],"inLanguage":"en-US"},{"@type":"WebPage","@id":"https:\/\/www.ntf.uni-lj.si\/omm\/studij\/3-stopnja\/znanost-in-inzenirstvo-materialov-dr\/ostale-informacije\/pogoji-za-dokoncanje-studija\/#webpage","url":"https:\/\/www.ntf.uni-lj.si\/omm\/studij\/3-stopnja\/znanost-in-inzenirstvo-materialov-dr\/ostale-informacije\/pogoji-za-dokoncanje-studija\/","name":"Pogoji za dokon\u010danje \u0161tudija - OMM","isPartOf":{"@id":"https:\/\/www.ntf.uni-lj.si\/omm\/#website"},"datePublished":"2015-05-08T12:43:39+00:00","dateModified":"2015-05-12T06:39:28+00:00","breadcrumb":{"@id":"https:\/\/www.ntf.uni-lj.si\/omm\/studij\/3-stopnja\/znanost-in-inzenirstvo-materialov-dr\/ostale-informacije\/pogoji-za-dokoncanje-studija\/#breadcrumb"},"inLanguage":"en-US","potentialAction":[{"@type":"ReadAction","target":["https:\/\/www.ntf.uni-lj.si\/omm\/studij\/3-stopnja\/znanost-in-inzenirstvo-materialov-dr\/ostale-informacije\/pogoji-za-dokoncanje-studija\/"]}]},{"@type":"BreadcrumbList","@id":"https:\/\/www.ntf.uni-lj.si\/omm\/studij\/3-stopnja\/znanost-in-inzenirstvo-materialov-dr\/ostale-informacije\/pogoji-za-dokoncanje-studija\/#breadcrumb","itemListElement":[{"@type":"ListItem","position":1,"name":"Domov","item":"https:\/\/www.ntf.uni-lj.si\/omm\/"},{"@type":"ListItem","position":2,"name":"\u0160tudij","item":"https:\/\/www.ntf.uni-lj.si\/omm\/studij\/"},{"@type":"ListItem","position":3,"name":"3. stopnja","item":"https:\/\/www.ntf.uni-lj.si\/omm\/studij\/3-stopnja\/"},{"@type":"ListItem","position":4,"name":"Znanost in in\u017eenirstvo materialov (DR)","item":"https:\/\/www.ntf.uni-lj.si\/omm\/studij\/3-stopnja\/znanost-in-inzenirstvo-materialov-dr\/"},{"@type":"ListItem","position":5,"name":"Ostale informacije","item":"https:\/\/www.ntf.uni-lj.si\/omm\/studij\/3-stopnja\/znanost-in-inzenirstvo-materialov-dr\/ostale-informacije\/"},{"@type":"ListItem","position":6,"name":"Pogoji za dokon\u010danje \u0161tudija"}]}]}},"_links":{"self":[{"href":"https:\/\/www.ntf.uni-lj.si\/omm\/wp-json\/wp\/v2\/pages\/4636"}],"collection":[{"href":"https:\/\/www.ntf.uni-lj.si\/omm\/wp-json\/wp\/v2\/pages"}],"about":[{"href":"https:\/\/www.ntf.uni-lj.si\/omm\/wp-json\/wp\/v2\/types\/page"}],"author":[{"embeddable":true,"href":"https:\/\/www.ntf.uni-lj.si\/omm\/wp-json\/wp\/v2\/users\/15"}],"replies":[{"embeddable":true,"href":"https:\/\/www.ntf.uni-lj.si\/omm\/wp-json\/wp\/v2\/comments?post=4636"}],"version-history":[{"count":2,"href":"https:\/\/www.ntf.uni-lj.si\/omm\/wp-json\/wp\/v2\/pages\/4636\/revisions"}],"predecessor-version":[{"id":5057,"href":"https:\/\/www.ntf.uni-lj.si\/omm\/wp-json\/wp\/v2\/pages\/4636\/revisions\/5057"}],"up":[{"embeddable":true,"href":"https:\/\/www.ntf.uni-lj.si\/omm\/wp-json\/wp\/v2\/pages\/4580"}],"wp:attachment":[{"href":"https:\/\/www.ntf.uni-lj.si\/omm\/wp-json\/wp\/v2\/media?parent=4636"}],"curies":[{"name":"wp","href":"https:\/\/api.w.org\/{rel}","templated":true}]}}