{"id":4642,"date":"2015-05-08T12:49:29","date_gmt":"2015-05-08T12:49:29","guid":{"rendered":"http:\/\/www.ntf.uni-lj.si\/omm\/?page_id=4642"},"modified":"2015-05-12T06:41:07","modified_gmt":"2015-05-12T06:41:07","slug":"prehodi-med-programi","status":"publish","type":"page","link":"https:\/\/www.ntf.uni-lj.si\/omm\/studij\/3-stopnja\/znanost-in-inzenirstvo-materialov-dr\/ostale-informacije\/prehodi-med-programi\/","title":{"rendered":"Prehodi med programi"},"content":{"rendered":"<p>Kot prehod se razume prenehanje \u0161tudentovega izobra\u017eevanja v \u0161tudijskem programu, v katerega se je vpisal, ter nadaljevanje izobra\u017eevanja v doktorskem \u0161tudijskem programu o materialih. Vpis v prvi letnik se ne \u0161teje za prehod. O prehodih individualno odlo\u010da programski svet skladno z dolo\u010dili Statuta UL in Meril za prehode med \u0161tudijskimi programi.<\/p>\n","protected":false},"excerpt":{"rendered":"Kot prehod se razume prenehanje \u0161tudentovega izobra\u017eevanja v \u0161tudijskem programu, v katerega se je vpisal, ter nadaljevanje izobra\u017eevanja v doktorskem \u0161tudijskem programu o materialih. Vpis v prvi letnik se ne \u0161teje za prehod. O prehodih individualno odlo\u010da programski svet skladno z dolo\u010dili Statuta UL in Meril za prehode med \u0161tudijskimi programi.","protected":false},"author":15,"featured_media":0,"parent":4580,"menu_order":40,"comment_status":"closed","ping_status":"closed","template":"","meta":[],"acf":[],"yoast_head":"<!-- This site is optimized with the Yoast SEO plugin v17.0 - https:\/\/yoast.com\/wordpress\/plugins\/seo\/ -->\n<meta name=\"robots\" content=\"index, follow, max-snippet:-1, max-image-preview:large, max-video-preview:-1\" \/>\n<link rel=\"canonical\" href=\"https:\/\/www.ntf.uni-lj.si\/omm\/studij\/3-stopnja\/znanost-in-inzenirstvo-materialov-dr\/ostale-informacije\/prehodi-med-programi\/\" \/>\n<meta property=\"og:locale\" content=\"en_US\" \/>\n<meta property=\"og:type\" content=\"article\" \/>\n<meta property=\"og:title\" content=\"Prehodi med programi - OMM\" \/>\n<meta property=\"og:description\" content=\"Kot prehod se razume prenehanje \u0161tudentovega izobra\u017eevanja v \u0161tudijskem programu, v katerega se je vpisal, ter nadaljevanje izobra\u017eevanja v doktorskem \u0161tudijskem programu o materialih. Vpis v prvi letnik se ne \u0161teje za prehod. O prehodih individualno odlo\u010da programski svet skladno z dolo\u010dili Statuta UL in Meril za prehode med \u0161tudijskimi programi.\" \/>\n<meta property=\"og:url\" content=\"https:\/\/www.ntf.uni-lj.si\/omm\/studij\/3-stopnja\/znanost-in-inzenirstvo-materialov-dr\/ostale-informacije\/prehodi-med-programi\/\" \/>\n<meta property=\"og:site_name\" content=\"OMM\" \/>\n<meta property=\"article:modified_time\" content=\"2015-05-12T06:41:07+00:00\" \/>\n<script type=\"application\/ld+json\" class=\"yoast-schema-graph\">{\"@context\":\"https:\/\/schema.org\",\"@graph\":[{\"@type\":\"WebSite\",\"@id\":\"https:\/\/www.ntf.uni-lj.si\/omm\/#website\",\"url\":\"https:\/\/www.ntf.uni-lj.si\/omm\/\",\"name\":\"OMM\",\"description\":\"Oddelek za materiale in metalurgijo\",\"potentialAction\":[{\"@type\":\"SearchAction\",\"target\":{\"@type\":\"EntryPoint\",\"urlTemplate\":\"https:\/\/www.ntf.uni-lj.si\/omm\/?s={search_term_string}\"},\"query-input\":\"required name=search_term_string\"}],\"inLanguage\":\"en-US\"},{\"@type\":\"WebPage\",\"@id\":\"https:\/\/www.ntf.uni-lj.si\/omm\/studij\/3-stopnja\/znanost-in-inzenirstvo-materialov-dr\/ostale-informacije\/prehodi-med-programi\/#webpage\",\"url\":\"https:\/\/www.ntf.uni-lj.si\/omm\/studij\/3-stopnja\/znanost-in-inzenirstvo-materialov-dr\/ostale-informacije\/prehodi-med-programi\/\",\"name\":\"Prehodi med programi - OMM\",\"isPartOf\":{\"@id\":\"https:\/\/www.ntf.uni-lj.si\/omm\/#website\"},\"datePublished\":\"2015-05-08T12:49:29+00:00\",\"dateModified\":\"2015-05-12T06:41:07+00:00\",\"breadcrumb\":{\"@id\":\"https:\/\/www.ntf.uni-lj.si\/omm\/studij\/3-stopnja\/znanost-in-inzenirstvo-materialov-dr\/ostale-informacije\/prehodi-med-programi\/#breadcrumb\"},\"inLanguage\":\"en-US\",\"potentialAction\":[{\"@type\":\"ReadAction\",\"target\":[\"https:\/\/www.ntf.uni-lj.si\/omm\/studij\/3-stopnja\/znanost-in-inzenirstvo-materialov-dr\/ostale-informacije\/prehodi-med-programi\/\"]}]},{\"@type\":\"BreadcrumbList\",\"@id\":\"https:\/\/www.ntf.uni-lj.si\/omm\/studij\/3-stopnja\/znanost-in-inzenirstvo-materialov-dr\/ostale-informacije\/prehodi-med-programi\/#breadcrumb\",\"itemListElement\":[{\"@type\":\"ListItem\",\"position\":1,\"name\":\"Domov\",\"item\":\"https:\/\/www.ntf.uni-lj.si\/omm\/\"},{\"@type\":\"ListItem\",\"position\":2,\"name\":\"\\u0160tudij\",\"item\":\"https:\/\/www.ntf.uni-lj.si\/omm\/studij\/\"},{\"@type\":\"ListItem\",\"position\":3,\"name\":\"3. stopnja\",\"item\":\"https:\/\/www.ntf.uni-lj.si\/omm\/studij\/3-stopnja\/\"},{\"@type\":\"ListItem\",\"position\":4,\"name\":\"Znanost in in\\u017eenirstvo materialov (DR)\",\"item\":\"https:\/\/www.ntf.uni-lj.si\/omm\/studij\/3-stopnja\/znanost-in-inzenirstvo-materialov-dr\/\"},{\"@type\":\"ListItem\",\"position\":5,\"name\":\"Ostale informacije\",\"item\":\"https:\/\/www.ntf.uni-lj.si\/omm\/studij\/3-stopnja\/znanost-in-inzenirstvo-materialov-dr\/ostale-informacije\/\"},{\"@type\":\"ListItem\",\"position\":6,\"name\":\"Prehodi med programi\"}]}]}<\/script>\n<!-- \/ Yoast SEO plugin. -->","yoast_head_json":{"robots":{"index":"index","follow":"follow","max-snippet":"max-snippet:-1","max-image-preview":"max-image-preview:large","max-video-preview":"max-video-preview:-1"},"canonical":"https:\/\/www.ntf.uni-lj.si\/omm\/studij\/3-stopnja\/znanost-in-inzenirstvo-materialov-dr\/ostale-informacije\/prehodi-med-programi\/","og_locale":"en_US","og_type":"article","og_title":"Prehodi med programi - OMM","og_description":"Kot prehod se razume prenehanje \u0161tudentovega izobra\u017eevanja v \u0161tudijskem programu, v katerega se je vpisal, ter nadaljevanje izobra\u017eevanja v doktorskem \u0161tudijskem programu o materialih. Vpis v prvi letnik se ne \u0161teje za prehod. O prehodih individualno odlo\u010da programski svet skladno z dolo\u010dili Statuta UL in Meril za prehode med \u0161tudijskimi programi.","og_url":"https:\/\/www.ntf.uni-lj.si\/omm\/studij\/3-stopnja\/znanost-in-inzenirstvo-materialov-dr\/ostale-informacije\/prehodi-med-programi\/","og_site_name":"OMM","article_modified_time":"2015-05-12T06:41:07+00:00","schema":{"@context":"https:\/\/schema.org","@graph":[{"@type":"WebSite","@id":"https:\/\/www.ntf.uni-lj.si\/omm\/#website","url":"https:\/\/www.ntf.uni-lj.si\/omm\/","name":"OMM","description":"Oddelek za materiale in metalurgijo","potentialAction":[{"@type":"SearchAction","target":{"@type":"EntryPoint","urlTemplate":"https:\/\/www.ntf.uni-lj.si\/omm\/?s={search_term_string}"},"query-input":"required name=search_term_string"}],"inLanguage":"en-US"},{"@type":"WebPage","@id":"https:\/\/www.ntf.uni-lj.si\/omm\/studij\/3-stopnja\/znanost-in-inzenirstvo-materialov-dr\/ostale-informacije\/prehodi-med-programi\/#webpage","url":"https:\/\/www.ntf.uni-lj.si\/omm\/studij\/3-stopnja\/znanost-in-inzenirstvo-materialov-dr\/ostale-informacije\/prehodi-med-programi\/","name":"Prehodi med programi - OMM","isPartOf":{"@id":"https:\/\/www.ntf.uni-lj.si\/omm\/#website"},"datePublished":"2015-05-08T12:49:29+00:00","dateModified":"2015-05-12T06:41:07+00:00","breadcrumb":{"@id":"https:\/\/www.ntf.uni-lj.si\/omm\/studij\/3-stopnja\/znanost-in-inzenirstvo-materialov-dr\/ostale-informacije\/prehodi-med-programi\/#breadcrumb"},"inLanguage":"en-US","potentialAction":[{"@type":"ReadAction","target":["https:\/\/www.ntf.uni-lj.si\/omm\/studij\/3-stopnja\/znanost-in-inzenirstvo-materialov-dr\/ostale-informacije\/prehodi-med-programi\/"]}]},{"@type":"BreadcrumbList","@id":"https:\/\/www.ntf.uni-lj.si\/omm\/studij\/3-stopnja\/znanost-in-inzenirstvo-materialov-dr\/ostale-informacije\/prehodi-med-programi\/#breadcrumb","itemListElement":[{"@type":"ListItem","position":1,"name":"Domov","item":"https:\/\/www.ntf.uni-lj.si\/omm\/"},{"@type":"ListItem","position":2,"name":"\u0160tudij","item":"https:\/\/www.ntf.uni-lj.si\/omm\/studij\/"},{"@type":"ListItem","position":3,"name":"3. stopnja","item":"https:\/\/www.ntf.uni-lj.si\/omm\/studij\/3-stopnja\/"},{"@type":"ListItem","position":4,"name":"Znanost in in\u017eenirstvo materialov (DR)","item":"https:\/\/www.ntf.uni-lj.si\/omm\/studij\/3-stopnja\/znanost-in-inzenirstvo-materialov-dr\/"},{"@type":"ListItem","position":5,"name":"Ostale informacije","item":"https:\/\/www.ntf.uni-lj.si\/omm\/studij\/3-stopnja\/znanost-in-inzenirstvo-materialov-dr\/ostale-informacije\/"},{"@type":"ListItem","position":6,"name":"Prehodi med programi"}]}]}},"_links":{"self":[{"href":"https:\/\/www.ntf.uni-lj.si\/omm\/wp-json\/wp\/v2\/pages\/4642"}],"collection":[{"href":"https:\/\/www.ntf.uni-lj.si\/omm\/wp-json\/wp\/v2\/pages"}],"about":[{"href":"https:\/\/www.ntf.uni-lj.si\/omm\/wp-json\/wp\/v2\/types\/page"}],"author":[{"embeddable":true,"href":"https:\/\/www.ntf.uni-lj.si\/omm\/wp-json\/wp\/v2\/users\/15"}],"replies":[{"embeddable":true,"href":"https:\/\/www.ntf.uni-lj.si\/omm\/wp-json\/wp\/v2\/comments?post=4642"}],"version-history":[{"count":2,"href":"https:\/\/www.ntf.uni-lj.si\/omm\/wp-json\/wp\/v2\/pages\/4642\/revisions"}],"predecessor-version":[{"id":5061,"href":"https:\/\/www.ntf.uni-lj.si\/omm\/wp-json\/wp\/v2\/pages\/4642\/revisions\/5061"}],"up":[{"embeddable":true,"href":"https:\/\/www.ntf.uni-lj.si\/omm\/wp-json\/wp\/v2\/pages\/4580"}],"wp:attachment":[{"href":"https:\/\/www.ntf.uni-lj.si\/omm\/wp-json\/wp\/v2\/media?parent=4642"}],"curies":[{"name":"wp","href":"https:\/\/api.w.org\/{rel}","templated":true}]}}