{"id":4648,"date":"2015-05-08T12:50:44","date_gmt":"2015-05-08T12:50:44","guid":{"rendered":"http:\/\/www.ntf.uni-lj.si\/omm\/?page_id=4648"},"modified":"2015-05-12T06:42:43","modified_gmt":"2015-05-12T06:42:43","slug":"mobilnost","status":"publish","type":"page","link":"https:\/\/www.ntf.uni-lj.si\/omm\/studij\/3-stopnja\/znanost-in-inzenirstvo-materialov-dr\/ostale-informacije\/mobilnost\/","title":{"rendered":"Mobilnost"},"content":{"rendered":"<h2>Podatki o mo\u017enostih izbirnih predmetov in mobilnosti<\/h2>\n<p>Zaradi mobilnosti ima \u0161tudent mo\u017enost, da najmanj 10 kreditnih toc\u030ck iz izbirnih enot programa prenese iz enega \u0161tudijskega programa v drugega (6. c\u030cl. Meril za kreditno vrednotenje).<br \/>\nFakultete izvajalke programa s sklepom senata doloc\u030cijo postopke za priznavanje kreditnih toc\u030ck, pridobljenih v drugih \u0161tudijskih programih na njihovih ali drugih visoko\u0161olskih zavodih.<\/p>\n","protected":false},"excerpt":{"rendered":"Podatki o mo\u017enostih izbirnih predmetov in mobilnosti Zaradi mobilnosti ima \u0161tudent mo\u017enost, da najmanj 10 kreditnih toc\u030ck iz izbirnih enot programa prenese iz enega \u0161tudijskega programa v drugega (6. c\u030cl. Meril za kreditno vrednotenje). Fakultete izvajalke programa s sklepom senata doloc\u030cijo postopke za priznavanje kreditnih toc\u030ck, pridobljenih v drugih \u0161tudijskih programih na njihovih ali drugih &#8230; <a class=\"view-article\" href=\"https:\/\/www.ntf.uni-lj.si\/omm\/studij\/3-stopnja\/znanost-in-inzenirstvo-materialov-dr\/ostale-informacije\/mobilnost\/\">Read more<\/a>","protected":false},"author":15,"featured_media":0,"parent":4580,"menu_order":50,"comment_status":"closed","ping_status":"closed","template":"","meta":[],"acf":[],"yoast_head":"<!-- This site is optimized with the Yoast SEO plugin v17.0 - https:\/\/yoast.com\/wordpress\/plugins\/seo\/ -->\n<meta name=\"robots\" content=\"index, follow, max-snippet:-1, max-image-preview:large, max-video-preview:-1\" \/>\n<link rel=\"canonical\" href=\"https:\/\/www.ntf.uni-lj.si\/omm\/studij\/3-stopnja\/znanost-in-inzenirstvo-materialov-dr\/ostale-informacije\/mobilnost\/\" \/>\n<meta property=\"og:locale\" content=\"en_US\" \/>\n<meta property=\"og:type\" content=\"article\" \/>\n<meta property=\"og:title\" content=\"Mobilnost - OMM\" \/>\n<meta property=\"og:description\" content=\"Podatki o mo\u017enostih izbirnih predmetov in mobilnosti Zaradi mobilnosti ima \u0161tudent mo\u017enost, da najmanj 10 kreditnih toc\u030ck iz izbirnih enot programa prenese iz enega \u0161tudijskega programa v drugega (6. c\u030cl. Meril za kreditno vrednotenje). Fakultete izvajalke programa s sklepom senata doloc\u030cijo postopke za priznavanje kreditnih toc\u030ck, pridobljenih v drugih \u0161tudijskih programih na njihovih ali drugih ... Read more\" \/>\n<meta property=\"og:url\" content=\"https:\/\/www.ntf.uni-lj.si\/omm\/studij\/3-stopnja\/znanost-in-inzenirstvo-materialov-dr\/ostale-informacije\/mobilnost\/\" \/>\n<meta property=\"og:site_name\" content=\"OMM\" \/>\n<meta property=\"article:modified_time\" content=\"2015-05-12T06:42:43+00:00\" \/>\n<script type=\"application\/ld+json\" class=\"yoast-schema-graph\">{\"@context\":\"https:\/\/schema.org\",\"@graph\":[{\"@type\":\"WebSite\",\"@id\":\"https:\/\/www.ntf.uni-lj.si\/omm\/#website\",\"url\":\"https:\/\/www.ntf.uni-lj.si\/omm\/\",\"name\":\"OMM\",\"description\":\"Oddelek za materiale in metalurgijo\",\"potentialAction\":[{\"@type\":\"SearchAction\",\"target\":{\"@type\":\"EntryPoint\",\"urlTemplate\":\"https:\/\/www.ntf.uni-lj.si\/omm\/?s={search_term_string}\"},\"query-input\":\"required name=search_term_string\"}],\"inLanguage\":\"en-US\"},{\"@type\":\"WebPage\",\"@id\":\"https:\/\/www.ntf.uni-lj.si\/omm\/studij\/3-stopnja\/znanost-in-inzenirstvo-materialov-dr\/ostale-informacije\/mobilnost\/#webpage\",\"url\":\"https:\/\/www.ntf.uni-lj.si\/omm\/studij\/3-stopnja\/znanost-in-inzenirstvo-materialov-dr\/ostale-informacije\/mobilnost\/\",\"name\":\"Mobilnost - OMM\",\"isPartOf\":{\"@id\":\"https:\/\/www.ntf.uni-lj.si\/omm\/#website\"},\"datePublished\":\"2015-05-08T12:50:44+00:00\",\"dateModified\":\"2015-05-12T06:42:43+00:00\",\"breadcrumb\":{\"@id\":\"https:\/\/www.ntf.uni-lj.si\/omm\/studij\/3-stopnja\/znanost-in-inzenirstvo-materialov-dr\/ostale-informacije\/mobilnost\/#breadcrumb\"},\"inLanguage\":\"en-US\",\"potentialAction\":[{\"@type\":\"ReadAction\",\"target\":[\"https:\/\/www.ntf.uni-lj.si\/omm\/studij\/3-stopnja\/znanost-in-inzenirstvo-materialov-dr\/ostale-informacije\/mobilnost\/\"]}]},{\"@type\":\"BreadcrumbList\",\"@id\":\"https:\/\/www.ntf.uni-lj.si\/omm\/studij\/3-stopnja\/znanost-in-inzenirstvo-materialov-dr\/ostale-informacije\/mobilnost\/#breadcrumb\",\"itemListElement\":[{\"@type\":\"ListItem\",\"position\":1,\"name\":\"Domov\",\"item\":\"https:\/\/www.ntf.uni-lj.si\/omm\/\"},{\"@type\":\"ListItem\",\"position\":2,\"name\":\"\\u0160tudij\",\"item\":\"https:\/\/www.ntf.uni-lj.si\/omm\/studij\/\"},{\"@type\":\"ListItem\",\"position\":3,\"name\":\"3. stopnja\",\"item\":\"https:\/\/www.ntf.uni-lj.si\/omm\/studij\/3-stopnja\/\"},{\"@type\":\"ListItem\",\"position\":4,\"name\":\"Znanost in in\\u017eenirstvo materialov (DR)\",\"item\":\"https:\/\/www.ntf.uni-lj.si\/omm\/studij\/3-stopnja\/znanost-in-inzenirstvo-materialov-dr\/\"},{\"@type\":\"ListItem\",\"position\":5,\"name\":\"Ostale informacije\",\"item\":\"https:\/\/www.ntf.uni-lj.si\/omm\/studij\/3-stopnja\/znanost-in-inzenirstvo-materialov-dr\/ostale-informacije\/\"},{\"@type\":\"ListItem\",\"position\":6,\"name\":\"Mobilnost\"}]}]}<\/script>\n<!-- \/ Yoast SEO plugin. -->","yoast_head_json":{"robots":{"index":"index","follow":"follow","max-snippet":"max-snippet:-1","max-image-preview":"max-image-preview:large","max-video-preview":"max-video-preview:-1"},"canonical":"https:\/\/www.ntf.uni-lj.si\/omm\/studij\/3-stopnja\/znanost-in-inzenirstvo-materialov-dr\/ostale-informacije\/mobilnost\/","og_locale":"en_US","og_type":"article","og_title":"Mobilnost - OMM","og_description":"Podatki o mo\u017enostih izbirnih predmetov in mobilnosti Zaradi mobilnosti ima \u0161tudent mo\u017enost, da najmanj 10 kreditnih toc\u030ck iz izbirnih enot programa prenese iz enega \u0161tudijskega programa v drugega (6. c\u030cl. Meril za kreditno vrednotenje). Fakultete izvajalke programa s sklepom senata doloc\u030cijo postopke za priznavanje kreditnih toc\u030ck, pridobljenih v drugih \u0161tudijskih programih na njihovih ali drugih ... Read more","og_url":"https:\/\/www.ntf.uni-lj.si\/omm\/studij\/3-stopnja\/znanost-in-inzenirstvo-materialov-dr\/ostale-informacije\/mobilnost\/","og_site_name":"OMM","article_modified_time":"2015-05-12T06:42:43+00:00","schema":{"@context":"https:\/\/schema.org","@graph":[{"@type":"WebSite","@id":"https:\/\/www.ntf.uni-lj.si\/omm\/#website","url":"https:\/\/www.ntf.uni-lj.si\/omm\/","name":"OMM","description":"Oddelek za materiale in metalurgijo","potentialAction":[{"@type":"SearchAction","target":{"@type":"EntryPoint","urlTemplate":"https:\/\/www.ntf.uni-lj.si\/omm\/?s={search_term_string}"},"query-input":"required name=search_term_string"}],"inLanguage":"en-US"},{"@type":"WebPage","@id":"https:\/\/www.ntf.uni-lj.si\/omm\/studij\/3-stopnja\/znanost-in-inzenirstvo-materialov-dr\/ostale-informacije\/mobilnost\/#webpage","url":"https:\/\/www.ntf.uni-lj.si\/omm\/studij\/3-stopnja\/znanost-in-inzenirstvo-materialov-dr\/ostale-informacije\/mobilnost\/","name":"Mobilnost - OMM","isPartOf":{"@id":"https:\/\/www.ntf.uni-lj.si\/omm\/#website"},"datePublished":"2015-05-08T12:50:44+00:00","dateModified":"2015-05-12T06:42:43+00:00","breadcrumb":{"@id":"https:\/\/www.ntf.uni-lj.si\/omm\/studij\/3-stopnja\/znanost-in-inzenirstvo-materialov-dr\/ostale-informacije\/mobilnost\/#breadcrumb"},"inLanguage":"en-US","potentialAction":[{"@type":"ReadAction","target":["https:\/\/www.ntf.uni-lj.si\/omm\/studij\/3-stopnja\/znanost-in-inzenirstvo-materialov-dr\/ostale-informacije\/mobilnost\/"]}]},{"@type":"BreadcrumbList","@id":"https:\/\/www.ntf.uni-lj.si\/omm\/studij\/3-stopnja\/znanost-in-inzenirstvo-materialov-dr\/ostale-informacije\/mobilnost\/#breadcrumb","itemListElement":[{"@type":"ListItem","position":1,"name":"Domov","item":"https:\/\/www.ntf.uni-lj.si\/omm\/"},{"@type":"ListItem","position":2,"name":"\u0160tudij","item":"https:\/\/www.ntf.uni-lj.si\/omm\/studij\/"},{"@type":"ListItem","position":3,"name":"3. stopnja","item":"https:\/\/www.ntf.uni-lj.si\/omm\/studij\/3-stopnja\/"},{"@type":"ListItem","position":4,"name":"Znanost in in\u017eenirstvo materialov (DR)","item":"https:\/\/www.ntf.uni-lj.si\/omm\/studij\/3-stopnja\/znanost-in-inzenirstvo-materialov-dr\/"},{"@type":"ListItem","position":5,"name":"Ostale informacije","item":"https:\/\/www.ntf.uni-lj.si\/omm\/studij\/3-stopnja\/znanost-in-inzenirstvo-materialov-dr\/ostale-informacije\/"},{"@type":"ListItem","position":6,"name":"Mobilnost"}]}]}},"_links":{"self":[{"href":"https:\/\/www.ntf.uni-lj.si\/omm\/wp-json\/wp\/v2\/pages\/4648"}],"collection":[{"href":"https:\/\/www.ntf.uni-lj.si\/omm\/wp-json\/wp\/v2\/pages"}],"about":[{"href":"https:\/\/www.ntf.uni-lj.si\/omm\/wp-json\/wp\/v2\/types\/page"}],"author":[{"embeddable":true,"href":"https:\/\/www.ntf.uni-lj.si\/omm\/wp-json\/wp\/v2\/users\/15"}],"replies":[{"embeddable":true,"href":"https:\/\/www.ntf.uni-lj.si\/omm\/wp-json\/wp\/v2\/comments?post=4648"}],"version-history":[{"count":3,"href":"https:\/\/www.ntf.uni-lj.si\/omm\/wp-json\/wp\/v2\/pages\/4648\/revisions"}],"predecessor-version":[{"id":5064,"href":"https:\/\/www.ntf.uni-lj.si\/omm\/wp-json\/wp\/v2\/pages\/4648\/revisions\/5064"}],"up":[{"embeddable":true,"href":"https:\/\/www.ntf.uni-lj.si\/omm\/wp-json\/wp\/v2\/pages\/4580"}],"wp:attachment":[{"href":"https:\/\/www.ntf.uni-lj.si\/omm\/wp-json\/wp\/v2\/media?parent=4648"}],"curies":[{"name":"wp","href":"https:\/\/api.w.org\/{rel}","templated":true}]}}