{"id":4654,"date":"2015-05-08T12:52:31","date_gmt":"2015-05-08T12:52:31","guid":{"rendered":"http:\/\/www.ntf.uni-lj.si\/omm\/?page_id=4654"},"modified":"2023-04-05T14:52:53","modified_gmt":"2023-04-05T12:52:53","slug":"predmetnik","status":"publish","type":"page","link":"https:\/\/www.ntf.uni-lj.si\/omm\/studij\/3-stopnja\/znanost-in-inzenirstvo-materialov-dr\/predmetnik\/","title":{"rendered":"Predmetnik"},"content":{"rendered":"<table class=\"table\" border=\"0\" width=\"100%\" cellspacing=\"0\" cellpadding=\"0\">\n<tbody>\n<tr class=\"bg1\">\n<td><strong>Predmet<\/strong><\/td>\n<td><strong>1. letnik<\/strong><\/td>\n<td><strong>2. letnik<\/strong><\/td>\n<td><strong>3. letnik<\/strong><\/td>\n<td><strong>4. letnik<\/strong><\/td>\n<td><strong>Skupaj<\/strong><\/td>\n<\/tr>\n<tr>\n<td>Raziskovalno delo<\/td>\n<td>20 ECTS<\/td>\n<td>45 ECTS<\/td>\n<td>60 ECTS<\/td>\n<td>55 ECTS<\/td>\n<td>180 ECTS<\/td>\n<td><\/td>\n<\/tr>\n<tr>\n<td>Izpolnjevanje pogojev *<\/td>\n<td>5 ECTS<\/td>\n<td>5 ECTS<\/td>\n<td><\/td>\n<td>5 ECTS<\/td>\n<td>15 ECTS<\/td>\n<\/tr>\n<tr>\n<td>Obvezna aktivna udele\u017eba na organiziranih vabljenih predavanjih<\/td>\n<td>10 ECTS<\/td>\n<td>10 ECTS<\/td>\n<td><\/td>\n<td><\/td>\n<td>20 ECTS<\/td>\n<\/tr>\n<tr>\n<td>Uvajalni seminar<\/td>\n<td>5 ECTS<\/td>\n<td><\/td>\n<td><\/td>\n<td><\/td>\n<td>5 ECTS<\/td>\n<\/tr>\n<tr>\n<td>Strokovno izpopolnjevanje<\/td>\n<td>5 ECTS<\/td>\n<td><\/td>\n<td><\/td>\n<td><\/td>\n<td>5 ECTS<\/td>\n<\/tr>\n<tr>\n<td>Izbirni predmeti<\/td>\n<td>15 ECTS<\/td>\n<td><\/td>\n<td><\/td>\n<td><\/td>\n<td>15 ECTS<\/td>\n<\/tr>\n<tr class=\"bg1\">\n<td><strong>Skupaj<\/strong><\/td>\n<td><strong>60 ECTS<\/strong><\/td>\n<td><strong>60 ECTS<\/strong><\/td>\n<td><strong>60 ECTS<\/strong><\/td>\n<td><strong>60 ECTS<\/strong><\/td>\n<td><strong>240 ECTS<\/strong><\/td>\n<\/tr>\n<\/tbody>\n<\/table>\n<p><small>* Izpolnjevanje pogojev obsega javno predstavitev raziskovalnih izhodi\u0161\u010d za doktorsko disertacijo pred vpisom v 2. letnik, pridobitev soglasja za temo doktorske disertacije pred vpisom v 3. letnik, javna predstavitev rezultatov raziskovalnega dela pred javnim zagovorom doktorske disertacije in javni zagovor doktorske disertacije ter objava oz. sprejetje v objavo znanstvenega \u010dlanka pred zaklju\u010dkom \u0161tudija.<\/small><\/p>\n<table class=\"table curriculum-table hidden\">\n<tr class=\"bar bar-gray1\">\n<th class=\"name\" rowspan=\"2\">Course<\/th>\n<th colspan=\"5\">Hours<\/th>\n<th rowspan=\"2\">ECTS<\/th>\n<\/tr>\n<tr class=\"bar bar-small bar-gray1\">\n<td>L<\/td>\n<td>S<\/td>\n<td>P<\/td>\n<td>O<\/td>\n<td>\u03a3<\/td>\n<\/tr>\n<tr class=\"bar bar-gray1\">\n<th class=\"name\">TOTAL<\/th>\n<th>0<\/th>\n<th>0<\/th>\n<th>0<\/th>\n<th>0<\/th>\n<th>0<\/th>\n<th>0<\/th>\n<\/tr>\n<\/table>\n<table class=\"table curriculum-table\">\n<tr class=\"bar bar-gray1\">\n<th class=\"name\" rowspan=\"2\">Optional courses<\/th>\n<th colspan=\"5\">Hours<\/th>\n<th rowspan=\"2\">ECTS<\/th>\n<\/tr>\n<tr class=\"bar bar-small bar-gray1\">\n<td>L<\/td>\n<td>S<\/td>\n<td>P<\/td>\n<td>O<\/td>\n<td>\u03a3<\/td>\n<\/tr>\n<tr class=\"course\">\n<td class=\"name\"><a href=\"https:\/\/www.ntf.uni-lj.si\/omm\/course\/fizika-trdne-snovi\/\" data-bid=\"5\" data-cid=\"6927\" class=\"course-permalink\">Fizika trdne snovi<\/a><\/td>\n<td>30<\/td>\n<td>15<\/td>\n<td>15<\/td>\n<td>90<\/td>\n<td>150<\/td>\n<td>5<\/td>\n<\/tr>\n<tr class=\"course\">\n<td class=\"name\"><a href=\"https:\/\/www.ntf.uni-lj.si\/omm\/course\/termodinamika-materialov\/\" data-bid=\"5\" data-cid=\"6935\" class=\"course-permalink\">Termodinamika materialov<\/a><\/td>\n<td>30<\/td>\n<td>15<\/td>\n<td>15<\/td>\n<td>75<\/td>\n<td>135<\/td>\n<td>5<\/td>\n<\/tr>\n<tr class=\"course\">\n<td class=\"name\"><a href=\"https:\/\/www.ntf.uni-lj.si\/omm\/course\/kemija-trdnega-stanja\/\" data-bid=\"5\" data-cid=\"6941\" class=\"course-permalink\">Kemija trdnega stanja<\/a><\/td>\n<td>15<\/td>\n<td>30<\/td>\n<td>0<\/td>\n<td>115<\/td>\n<td>160<\/td>\n<td>5<\/td>\n<\/tr>\n<tr class=\"course\">\n<td class=\"name\"><a href=\"https:\/\/www.ntf.uni-lj.si\/omm\/course\/fizikalna-metalurgija\/\" data-bid=\"5\" data-cid=\"6946\" class=\"course-permalink\">Fizikalna metalurgija<\/a><\/td>\n<td>40<\/td>\n<td>5<\/td>\n<td>0<\/td>\n<td>115<\/td>\n<td>160<\/td>\n<td>5<\/td>\n<\/tr>\n<tr class=\"course\">\n<td class=\"name\"><a href=\"https:\/\/www.ntf.uni-lj.si\/omm\/course\/konstitucija-veckomponentnih-zlitinskih-sistemov\/\" data-bid=\"5\" data-cid=\"6955\" class=\"course-permalink\">Konstitucija ve\u010dkomponentnih zlitinskih sistemov<\/a><\/td>\n<td>30<\/td>\n<td>30<\/td>\n<td>30<\/td>\n<td>60<\/td>\n<td>150<\/td>\n<td>5<\/td>\n<\/tr>\n<tr class=\"course\">\n<td class=\"name\"><a href=\"https:\/\/www.ntf.uni-lj.si\/omm\/course\/fizika-in-kemija-povrsin\/\" data-bid=\"5\" data-cid=\"6961\" class=\"course-permalink\">Fizika in kemija povr\u0161in<\/a><\/td>\n<td>15<\/td>\n<td>60<\/td>\n<td>45<\/td>\n<td>30<\/td>\n<td>150<\/td>\n<td>5<\/td>\n<\/tr>\n<tr class=\"course\">\n<td class=\"name\"><a href=\"https:\/\/www.ntf.uni-lj.si\/omm\/course\/spektroskopija-materialov\/\" data-bid=\"5\" data-cid=\"6967\" class=\"course-permalink\">Spektroskopija materialov<\/a><\/td>\n<td>45<\/td>\n<td>0<\/td>\n<td>30<\/td>\n<td>75<\/td>\n<td>150<\/td>\n<td>5<\/td>\n<\/tr>\n<tr class=\"course\">\n<td class=\"name\"><a href=\"https:\/\/www.ntf.uni-lj.si\/omm\/course\/mikroskopija-materialov\/\" data-bid=\"5\" data-cid=\"6973\" class=\"course-permalink\">Mikroskopija materialov<\/a><\/td>\n<td>45<\/td>\n<td>0<\/td>\n<td>30<\/td>\n<td>75<\/td>\n<td>150<\/td>\n<td>5<\/td>\n<\/tr>\n<tr class=\"course\">\n<td class=\"name\"><a href=\"https:\/\/www.ntf.uni-lj.si\/omm\/course\/elastomehanika-materialov\/\" data-bid=\"5\" data-cid=\"6979\" class=\"course-permalink\">Elastomehanika materialov<\/a><\/td>\n<td>30<\/td>\n<td>15<\/td>\n<td>15<\/td>\n<td>75<\/td>\n<td>135<\/td>\n<td>5<\/td>\n<\/tr>\n<tr class=\"course\">\n<td class=\"name\"><a href=\"https:\/\/www.ntf.uni-lj.si\/omm\/course\/m5-modeliranje-procesov\/\" data-bid=\"5\" data-cid=\"6985\" class=\"course-permalink\">M5 \u2013 Modeliranje procesov<\/a><\/td>\n<td>15<\/td>\n<td>45<\/td>\n<td>60<\/td>\n<td>30<\/td>\n<td>150<\/td>\n<td>5<\/td>\n<\/tr>\n<tr class=\"course\">\n<td class=\"name\"><a href=\"https:\/\/www.ntf.uni-lj.si\/omm\/course\/funkcionalni-materiali\/\" data-bid=\"5\" data-cid=\"6993\" class=\"course-permalink\">Funkcionalni materiali<\/a><\/td>\n<td>30<\/td>\n<td>15<\/td>\n<td>15<\/td>\n<td>90<\/td>\n<td>150<\/td>\n<td>5<\/td>\n<\/tr>\n<tr class=\"course\">\n<td class=\"name\"><a href=\"https:\/\/www.ntf.uni-lj.si\/omm\/course\/nanomateriali\/\" data-bid=\"5\" data-cid=\"6999\" class=\"course-permalink\">Nanomateriali<\/a><\/td>\n<td>30<\/td>\n<td>45<\/td>\n<td>0<\/td>\n<td>75<\/td>\n<td>150<\/td>\n<td>5<\/td>\n<\/tr>\n<tr class=\"course\">\n<td class=\"name\"><a href=\"https:\/\/www.ntf.uni-lj.si\/omm\/course\/keramicni-materiali\/\" data-bid=\"5\" data-cid=\"7007\" class=\"course-permalink\">Kerami\u010dni materiali<\/a><\/td>\n<td>30<\/td>\n<td>45<\/td>\n<td>0<\/td>\n<td>75<\/td>\n<td>150<\/td>\n<td>5<\/td>\n<\/tr>\n<tr class=\"course\">\n<td class=\"name\"><a href=\"https:\/\/www.ntf.uni-lj.si\/omm\/course\/polimerni-materiali\/\" data-bid=\"5\" data-cid=\"7013\" class=\"course-permalink\">Polimerni materiali<\/a><\/td>\n<td>0<\/td>\n<td>0<\/td>\n<td>45<\/td>\n<td>115<\/td>\n<td>160<\/td>\n<td>5<\/td>\n<\/tr>\n<tr class=\"course\">\n<td class=\"name\"><a href=\"https:\/\/www.ntf.uni-lj.si\/omm\/course\/izbor-materialov-za-inzenirske-aplikacije\/\" data-bid=\"5\" data-cid=\"7019\" class=\"course-permalink\">Izbor materialov za in\u017eenirske aplikacije<\/a><\/td>\n<td>45<\/td>\n<td>45<\/td>\n<td>10<\/td>\n<td>50<\/td>\n<td>150<\/td>\n<td>5<\/td>\n<\/tr>\n<tr class=\"course\">\n<td class=\"name\"><a href=\"https:\/\/www.ntf.uni-lj.si\/omm\/course\/izdelava-in-karakterizacija-materialov\/\" data-bid=\"5\" data-cid=\"7025\" class=\"course-permalink\">Izdelava in karakterizacija materialov<\/a><\/td>\n<td>30<\/td>\n<td>15<\/td>\n<td>30<\/td>\n<td>75<\/td>\n<td>150<\/td>\n<td>5<\/td>\n<\/tr>\n<tr class=\"course\">\n<td class=\"name\"><a href=\"https:\/\/www.ntf.uni-lj.si\/omm\/course\/heterogena-ravnotezja-v-procesni-tehniki-kovinskih-materialov\/\" data-bid=\"5\" data-cid=\"7031\" class=\"course-permalink\">Heterogena ravnote\u017eja v procesni tehniki kovinskih materialov<\/a><\/td>\n<td>30<\/td>\n<td>45<\/td>\n<td>45<\/td>\n<td>30<\/td>\n<td>150<\/td>\n<td>5<\/td>\n<\/tr>\n<tr class=\"course\">\n<td class=\"name\"><a href=\"https:\/\/www.ntf.uni-lj.si\/omm\/course\/zlindre-in-talila\/\" data-bid=\"5\" data-cid=\"7037\" class=\"course-permalink\">\u017dlindre in talila<\/a><\/td>\n<td>30<\/td>\n<td>90<\/td>\n<td>0<\/td>\n<td>30<\/td>\n<td>150<\/td>\n<td>5<\/td>\n<\/tr>\n<tr class=\"course\">\n<td class=\"name\"><a href=\"https:\/\/www.ntf.uni-lj.si\/omm\/course\/strjevanje-kovinskih-talin\/\" data-bid=\"5\" data-cid=\"7050\" class=\"course-permalink\">Strjevanje kovinskih talin<\/a><\/td>\n<td>45<\/td>\n<td>30<\/td>\n<td>50<\/td>\n<td>30<\/td>\n<td>155<\/td>\n<td>5<\/td>\n<\/tr>\n<tr class=\"course\">\n<td class=\"name\"><a href=\"https:\/\/www.ntf.uni-lj.si\/omm\/course\/metalurgija-jekel-in-kovin\/\" data-bid=\"5\" data-cid=\"7044\" class=\"course-permalink\">Metalurgija jekel in kovin<\/a><\/td>\n<td>30<\/td>\n<td>90<\/td>\n<td>0<\/td>\n<td>30<\/td>\n<td>150<\/td>\n<td>5<\/td>\n<\/tr>\n<tr class=\"course\">\n<td class=\"name\"><a href=\"https:\/\/www.ntf.uni-lj.si\/omm\/course\/preoblikovanje-in-livarstvo-procesni-inzeniring\/\" data-bid=\"5\" data-cid=\"7059\" class=\"course-permalink\">Preoblikovanje in livarstvo \u2013 procesni in\u017eeniring<\/a><\/td>\n<td>15<\/td>\n<td>60<\/td>\n<td>45<\/td>\n<td>30<\/td>\n<td>150<\/td>\n<td>5<\/td>\n<\/tr>\n<tr class=\"course\">\n<td class=\"name\"><a href=\"https:\/\/www.ntf.uni-lj.si\/omm\/course\/prenos-toplote-v-metalurskih-tehnologijah\/\" data-bid=\"5\" data-cid=\"7065\" class=\"course-permalink\">Prenos toplote v metalur\u0161kih tehnologijah<\/a><\/td>\n<td>30<\/td>\n<td>15<\/td>\n<td>30<\/td>\n<td>75<\/td>\n<td>150<\/td>\n<td>5<\/td>\n<\/tr>\n<tr class=\"course\">\n<td class=\"name\"><a href=\"https:\/\/www.ntf.uni-lj.si\/omm\/course\/bogatenje-mineralnih-surovin-in-mehanska-procesna-tehnika\/\" data-bid=\"5\" data-cid=\"7072\" class=\"course-permalink\">Bogatenje mineralnih surovin in mehanska procesna tehnika<\/a><\/td>\n<td>45<\/td>\n<td>45<\/td>\n<td>30<\/td>\n<td>5<\/td>\n<td>125<\/td>\n<td>5<\/td>\n<\/tr>\n<tr class=\"course\">\n<td class=\"name\"><a href=\"https:\/\/www.ntf.uni-lj.si\/omm\/course\/sodobne-tehnologije-gradnje-in-numericno-modeliranje-podzemnih\/\" data-bid=\"5\" data-cid=\"7078\" class=\"course-permalink\">Sodobne tehnologije gradnje in numeri\u010dno modeliranje podzemnih objektov<\/a><\/td>\n<td>30<\/td>\n<td>40<\/td>\n<td>20<\/td>\n<td>60<\/td>\n<td>150<\/td>\n<td>5<\/td>\n<\/tr>\n<tr class=\"course\">\n<td class=\"name\"><a href=\"https:\/\/www.ntf.uni-lj.si\/omm\/course\/modeliranje-odklopnih-metod\/\" data-bid=\"5\" data-cid=\"7084\" class=\"course-permalink\">Modeliranje odklopnih metod<\/a><\/td>\n<td>20<\/td>\n<td>40<\/td>\n<td>10<\/td>\n<td>80<\/td>\n<td>150<\/td>\n<td>5<\/td>\n<\/tr>\n<tr class=\"course\">\n<td class=\"name\"><a href=\"https:\/\/www.ntf.uni-lj.si\/omm\/course\/merski-monitoring-v-geoznanosti\/\" data-bid=\"5\" data-cid=\"7091\" class=\"course-permalink\">Merski monitoring v geoznanosti<\/a><\/td>\n<td>20<\/td>\n<td>20<\/td>\n<td>10<\/td>\n<td>75<\/td>\n<td>125<\/td>\n<td>5<\/td>\n<\/tr>\n<tr class=\"course\">\n<td class=\"name\"><a href=\"https:\/\/www.ntf.uni-lj.si\/omm\/course\/metode-napovedovanja-sprememb-v-zemeljski-skorji\/\" data-bid=\"5\" data-cid=\"7097\" class=\"course-permalink\">Metode napovedovanja sprememb v zemeljski skorji<\/a><\/td>\n<td>20<\/td>\n<td>20<\/td>\n<td>10<\/td>\n<td>75<\/td>\n<td>125<\/td>\n<td>5<\/td>\n<\/tr>\n<tr class=\"course\">\n<td class=\"name\"><a href=\"https:\/\/www.ntf.uni-lj.si\/omm\/course\/napredne-metode-izrabe-geotermalne-energije\/\" data-bid=\"5\" data-cid=\"7103\" class=\"course-permalink\">Napredne metode izrabe geotermalne energije<\/a><\/td>\n<td>35<\/td>\n<td>10<\/td>\n<td>10<\/td>\n<td>95<\/td>\n<td>150<\/td>\n<td>5<\/td>\n<\/tr>\n<\/table>\n<p><small><strong>Oznake v predmetniku pomenijo:<br \/>\n<\/strong>P \u2013 predavanja<br \/>\nS \u2013 seminar<br \/>\nV \u2013 vaje<br \/>\nD \u2013 druge oblike neposrednega pedago\u0161kega dela (predvsem projektno delo)<br \/>\nECTS \u2013 kreditne to\u010dke po evropskem sistemu prenosa kreditnih to\u010dk (1 kreditna to\u010dka pomeni 30 ur obremenitve \u0161tudenta)<br \/>\nSiva &#8211; Sivo zapisani predmeti se v tem \u0161tudijskem letu ne izvajajo<\/small><\/p>\n<p>Izbirnih predmetov je 28. Vsi obsegajo po 5 ECTS, \u0161tudent pa poleg navedenih predmetov s soglasjem mentorja lahko izbira tudi predmete drugih doktorskih ali magistrskih programov na UL in\/ali drugih univerzah doma in v svetu. Navedeni izbirni predmeti so zasnovani tako, da omogo\u010dajo vsebinsko prilagajanje najnovej\u0161im dose\u017ekom znanosti na dolo\u010denem podro\u010dju in potrebam posameznih kandidatov (tudi \u0161tudentom drugih programov, \u010de bodo te premete vpisali). To je dose\u017eeno z modularno zgradbo predmetov in ve\u010djim \u0161tevilom izvajalcev, ki se bodo v izvajanje vklju\u010dili glede na potrebe vpisanih \u0161tudentov. Delo bosta koordinirala nosilec predmeta, ki bo poskrbel tudi za enoten izpit, in vodja \u0161tudija.<\/p>\n<p>Izbirni predmeti praviloma obsegajo 15\u201330 ur predavanj in 45\u201360 ur seminarskega oziroma projektnega dela, razliko do 150 ur (5 ECTS) predstavljajo druge oblike \u0161tudija in individualno delo \u0161tudenta.<\/p>\n<p>Glede na to, da je program Znanost in in\u017eenirstvo materialov interdisciplinaren program, se izvaja na vseh treh \u010dlanicah (NTF, FKECTS in FMF). Pri tem bodo kandidatom na voljo vse raziskovalne, bibliografske in svetovalne kapacitete teh treh \u010dlanic in drugih ustanov, na katerih delujejo nosilci predmetov na 3. stopnji. Posamezno \u0161tudijsko smer opredeljujeta nabor izbranih predmetov in predvidena tema doktorskega dela. Predmetnik 3. stopnje \u0161tudija je zasnovan tako, da omogo\u010da \u0161irok izbor vsebin doktorskega dela in predmetov, katerih te\u017ei\u0161\u010de je bodisi bolj na podro\u010dju geomaterialov\/geosurovin in rudarstva ali kovinskih materialov oz. metalurgije ali pa na podro\u010dju materialov z me\u0161anim zna\u010dajem ali izrazito nekovinskim zna\u010dajem. Ker imajo vse tri \u010dlanice (NTF, FKECTS in FMF) ogromno izku\u0161enj in znanja na \u0161ir\u0161em podro\u010dju materialov, kar ka\u017eeta primerna opremljenost laboratorijev in ustrezna bibliografija nosilcev predmetov, je smiselna zdru\u017eitev znanstvenoraziskovalnih in pedago\u0161kih kapacitet v oblikovanje interdisciplinarnega programa 3. stopnje Znanost in in\u017eenirstvo materialov.<\/p>\n","protected":false},"excerpt":{"rendered":"Predmet 1. letnik 2. letnik 3. letnik 4. letnik Skupaj Raziskovalno delo 20 ECTS 45 ECTS 60 ECTS 55 ECTS 180 ECTS Izpolnjevanje pogojev * 5 ECTS 5 ECTS 5 ECTS 15 ECTS Obvezna aktivna udele\u017eba na organiziranih vabljenih predavanjih 10 ECTS 10 ECTS 20 ECTS Uvajalni seminar 5 ECTS 5 ECTS Strokovno izpopolnjevanje 5 &#8230; <a class=\"view-article\" href=\"https:\/\/www.ntf.uni-lj.si\/omm\/course\/napredne-metode-izrabe-geotermalne-energije\/\">Read more<\/a>","protected":false},"author":15,"featured_media":0,"parent":4562,"menu_order":40,"comment_status":"closed","ping_status":"closed","template":"","meta":[],"acf":[],"yoast_head":"<!-- This site is optimized with the Yoast SEO plugin v17.0 - https:\/\/yoast.com\/wordpress\/plugins\/seo\/ -->\n<meta name=\"robots\" content=\"index, follow, max-snippet:-1, max-image-preview:large, max-video-preview:-1\" \/>\n<link rel=\"canonical\" href=\"https:\/\/www.ntf.uni-lj.si\/omm\/studij\/3-stopnja\/znanost-in-inzenirstvo-materialov-dr\/predmetnik\/\" \/>\n<meta property=\"og:locale\" content=\"en_US\" \/>\n<meta property=\"og:type\" content=\"article\" \/>\n<meta property=\"og:title\" content=\"Predmetnik - OMM\" \/>\n<meta property=\"og:description\" content=\"Predmet 1. letnik 2. letnik 3. letnik 4. letnik Skupaj Raziskovalno delo 20 ECTS 45 ECTS 60 ECTS 55 ECTS 180 ECTS Izpolnjevanje pogojev * 5 ECTS 5 ECTS 5 ECTS 15 ECTS Obvezna aktivna udele\u017eba na organiziranih vabljenih predavanjih 10 ECTS 10 ECTS 20 ECTS Uvajalni seminar 5 ECTS 5 ECTS Strokovno izpopolnjevanje 5 ... Read more\" \/>\n<meta property=\"og:url\" content=\"https:\/\/www.ntf.uni-lj.si\/omm\/studij\/3-stopnja\/znanost-in-inzenirstvo-materialov-dr\/predmetnik\/\" \/>\n<meta property=\"og:site_name\" content=\"OMM\" \/>\n<meta property=\"article:modified_time\" content=\"2023-04-05T12:52:53+00:00\" \/>\n<meta name=\"twitter:label1\" content=\"Est. reading time\" \/>\n\t<meta name=\"twitter:data1\" content=\"2 minutes\" \/>\n<script type=\"application\/ld+json\" class=\"yoast-schema-graph\">{\"@context\":\"https:\/\/schema.org\",\"@graph\":[{\"@type\":\"WebSite\",\"@id\":\"https:\/\/www.ntf.uni-lj.si\/omm\/#website\",\"url\":\"https:\/\/www.ntf.uni-lj.si\/omm\/\",\"name\":\"OMM\",\"description\":\"Oddelek za materiale in metalurgijo\",\"potentialAction\":[{\"@type\":\"SearchAction\",\"target\":{\"@type\":\"EntryPoint\",\"urlTemplate\":\"https:\/\/www.ntf.uni-lj.si\/omm\/?s={search_term_string}\"},\"query-input\":\"required name=search_term_string\"}],\"inLanguage\":\"en-US\"},{\"@type\":\"WebPage\",\"@id\":\"https:\/\/www.ntf.uni-lj.si\/omm\/studij\/3-stopnja\/znanost-in-inzenirstvo-materialov-dr\/predmetnik\/#webpage\",\"url\":\"https:\/\/www.ntf.uni-lj.si\/omm\/studij\/3-stopnja\/znanost-in-inzenirstvo-materialov-dr\/predmetnik\/\",\"name\":\"Predmetnik - OMM\",\"isPartOf\":{\"@id\":\"https:\/\/www.ntf.uni-lj.si\/omm\/#website\"},\"datePublished\":\"2015-05-08T12:52:31+00:00\",\"dateModified\":\"2023-04-05T12:52:53+00:00\",\"breadcrumb\":{\"@id\":\"https:\/\/www.ntf.uni-lj.si\/omm\/studij\/3-stopnja\/znanost-in-inzenirstvo-materialov-dr\/predmetnik\/#breadcrumb\"},\"inLanguage\":\"en-US\",\"potentialAction\":[{\"@type\":\"ReadAction\",\"target\":[\"https:\/\/www.ntf.uni-lj.si\/omm\/studij\/3-stopnja\/znanost-in-inzenirstvo-materialov-dr\/predmetnik\/\"]}]},{\"@type\":\"BreadcrumbList\",\"@id\":\"https:\/\/www.ntf.uni-lj.si\/omm\/studij\/3-stopnja\/znanost-in-inzenirstvo-materialov-dr\/predmetnik\/#breadcrumb\",\"itemListElement\":[{\"@type\":\"ListItem\",\"position\":1,\"name\":\"Domov\",\"item\":\"https:\/\/www.ntf.uni-lj.si\/omm\/\"},{\"@type\":\"ListItem\",\"position\":2,\"name\":\"\\u0160tudij\",\"item\":\"https:\/\/www.ntf.uni-lj.si\/omm\/studij\/\"},{\"@type\":\"ListItem\",\"position\":3,\"name\":\"3. stopnja\",\"item\":\"https:\/\/www.ntf.uni-lj.si\/omm\/studij\/3-stopnja\/\"},{\"@type\":\"ListItem\",\"position\":4,\"name\":\"Znanost in in\\u017eenirstvo materialov (DR)\",\"item\":\"https:\/\/www.ntf.uni-lj.si\/omm\/studij\/3-stopnja\/znanost-in-inzenirstvo-materialov-dr\/\"},{\"@type\":\"ListItem\",\"position\":5,\"name\":\"Predmetnik\"}]}]}<\/script>\n<!-- \/ Yoast SEO plugin. -->","yoast_head_json":{"robots":{"index":"index","follow":"follow","max-snippet":"max-snippet:-1","max-image-preview":"max-image-preview:large","max-video-preview":"max-video-preview:-1"},"canonical":"https:\/\/www.ntf.uni-lj.si\/omm\/studij\/3-stopnja\/znanost-in-inzenirstvo-materialov-dr\/predmetnik\/","og_locale":"en_US","og_type":"article","og_title":"Predmetnik - OMM","og_description":"Predmet 1. letnik 2. letnik 3. letnik 4. letnik Skupaj Raziskovalno delo 20 ECTS 45 ECTS 60 ECTS 55 ECTS 180 ECTS Izpolnjevanje pogojev * 5 ECTS 5 ECTS 5 ECTS 15 ECTS Obvezna aktivna udele\u017eba na organiziranih vabljenih predavanjih 10 ECTS 10 ECTS 20 ECTS Uvajalni seminar 5 ECTS 5 ECTS Strokovno izpopolnjevanje 5 ... Read more","og_url":"https:\/\/www.ntf.uni-lj.si\/omm\/studij\/3-stopnja\/znanost-in-inzenirstvo-materialov-dr\/predmetnik\/","og_site_name":"OMM","article_modified_time":"2023-04-05T12:52:53+00:00","twitter_misc":{"Est. reading time":"2 minutes"},"schema":{"@context":"https:\/\/schema.org","@graph":[{"@type":"WebSite","@id":"https:\/\/www.ntf.uni-lj.si\/omm\/#website","url":"https:\/\/www.ntf.uni-lj.si\/omm\/","name":"OMM","description":"Oddelek za materiale in metalurgijo","potentialAction":[{"@type":"SearchAction","target":{"@type":"EntryPoint","urlTemplate":"https:\/\/www.ntf.uni-lj.si\/omm\/?s={search_term_string}"},"query-input":"required name=search_term_string"}],"inLanguage":"en-US"},{"@type":"WebPage","@id":"https:\/\/www.ntf.uni-lj.si\/omm\/studij\/3-stopnja\/znanost-in-inzenirstvo-materialov-dr\/predmetnik\/#webpage","url":"https:\/\/www.ntf.uni-lj.si\/omm\/studij\/3-stopnja\/znanost-in-inzenirstvo-materialov-dr\/predmetnik\/","name":"Predmetnik - OMM","isPartOf":{"@id":"https:\/\/www.ntf.uni-lj.si\/omm\/#website"},"datePublished":"2015-05-08T12:52:31+00:00","dateModified":"2023-04-05T12:52:53+00:00","breadcrumb":{"@id":"https:\/\/www.ntf.uni-lj.si\/omm\/studij\/3-stopnja\/znanost-in-inzenirstvo-materialov-dr\/predmetnik\/#breadcrumb"},"inLanguage":"en-US","potentialAction":[{"@type":"ReadAction","target":["https:\/\/www.ntf.uni-lj.si\/omm\/studij\/3-stopnja\/znanost-in-inzenirstvo-materialov-dr\/predmetnik\/"]}]},{"@type":"BreadcrumbList","@id":"https:\/\/www.ntf.uni-lj.si\/omm\/studij\/3-stopnja\/znanost-in-inzenirstvo-materialov-dr\/predmetnik\/#breadcrumb","itemListElement":[{"@type":"ListItem","position":1,"name":"Domov","item":"https:\/\/www.ntf.uni-lj.si\/omm\/"},{"@type":"ListItem","position":2,"name":"\u0160tudij","item":"https:\/\/www.ntf.uni-lj.si\/omm\/studij\/"},{"@type":"ListItem","position":3,"name":"3. stopnja","item":"https:\/\/www.ntf.uni-lj.si\/omm\/studij\/3-stopnja\/"},{"@type":"ListItem","position":4,"name":"Znanost in in\u017eenirstvo materialov (DR)","item":"https:\/\/www.ntf.uni-lj.si\/omm\/studij\/3-stopnja\/znanost-in-inzenirstvo-materialov-dr\/"},{"@type":"ListItem","position":5,"name":"Predmetnik"}]}]}},"_links":{"self":[{"href":"https:\/\/www.ntf.uni-lj.si\/omm\/wp-json\/wp\/v2\/pages\/4654"}],"collection":[{"href":"https:\/\/www.ntf.uni-lj.si\/omm\/wp-json\/wp\/v2\/pages"}],"about":[{"href":"https:\/\/www.ntf.uni-lj.si\/omm\/wp-json\/wp\/v2\/types\/page"}],"author":[{"embeddable":true,"href":"https:\/\/www.ntf.uni-lj.si\/omm\/wp-json\/wp\/v2\/users\/15"}],"replies":[{"embeddable":true,"href":"https:\/\/www.ntf.uni-lj.si\/omm\/wp-json\/wp\/v2\/comments?post=4654"}],"version-history":[{"count":17,"href":"https:\/\/www.ntf.uni-lj.si\/omm\/wp-json\/wp\/v2\/pages\/4654\/revisions"}],"predecessor-version":[{"id":10244,"href":"https:\/\/www.ntf.uni-lj.si\/omm\/wp-json\/wp\/v2\/pages\/4654\/revisions\/10244"}],"up":[{"embeddable":true,"href":"https:\/\/www.ntf.uni-lj.si\/omm\/wp-json\/wp\/v2\/pages\/4562"}],"wp:attachment":[{"href":"https:\/\/www.ntf.uni-lj.si\/omm\/wp-json\/wp\/v2\/media?parent=4654"}],"curies":[{"name":"wp","href":"https:\/\/api.w.org\/{rel}","templated":true}]}}