{"id":4677,"date":"2015-05-08T13:00:21","date_gmt":"2015-05-08T13:00:21","guid":{"rendered":"http:\/\/www.ntf.uni-lj.si\/omm\/?page_id=4677"},"modified":"2022-09-30T12:15:30","modified_gmt":"2022-09-30T10:15:30","slug":"tutorstvo","status":"publish","type":"page","link":"https:\/\/www.ntf.uni-lj.si\/omm\/studij\/tutorstvo\/","title":{"rendered":"Tutorstvo in posebni statusi"},"content":{"rendered":"<p>Tutorstvo je opredeljeno kot sistemati\u010dna pomo\u010d \u0161tudentom pri \u0161tudiju in njihovem akademskem razvoju.<br \/>\nNamen tutorskega sistema na NTF je:<\/p>\n<ul>\n<li>podpora \u0161tudentom med \u0161tudijem,<\/li>\n<li>pove\u010danje \u0161tevila \u0161tudentov, ki napredujejo v vi\u0161ji letnik,<\/li>\n<li>svetovanje \u0161tudentom pri oblikovanju izbirnega dela predmetnika,<\/li>\n<li>pomo\u010d pri \u0161tudiju posameznih predmetov oz. pri obvezni praksi,<\/li>\n<li>spodbujanje \u0161tudentov k udele\u017ebi pri ob\u0161tudijskih dejavnostih.<\/li>\n<\/ul>\n<div style=\"height:30px; width:100%;\"><\/div>\n<p><strong>Koordinator tutorjev u\u010diteljev<\/strong>: dr. Tilen Bala\u0161ko<\/p>\n<p><strong>Koordinator tutorjev \u0161tudentov<\/strong>: Ajda Tr\u0161ar<\/p>\n<h2>Tutorji posameznih letnikov v \u0161tudijskem letu 2021\/2022<\/h2>\n","protected":false},"excerpt":{"rendered":"Tutorstvo je opredeljeno kot sistemati\u010dna pomo\u010d \u0161tudentom pri \u0161tudiju in njihovem akademskem razvoju. Namen tutorskega sistema na NTF je: podpora \u0161tudentom med \u0161tudijem, pove\u010danje \u0161tevila \u0161tudentov, ki napredujejo v vi\u0161ji letnik, svetovanje \u0161tudentom pri oblikovanju izbirnega dela predmetnika, pomo\u010d pri \u0161tudiju posameznih predmetov oz. pri obvezni praksi, spodbujanje \u0161tudentov k udele\u017ebi pri ob\u0161tudijskih dejavnostih. Koordinator &#8230; <a class=\"view-article\" href=\"https:\/\/www.ntf.uni-lj.si\/omm\/studij\/tutorstvo\/\">Read more<\/a>","protected":false},"author":15,"featured_media":0,"parent":4245,"menu_order":40,"comment_status":"closed","ping_status":"closed","template":"","meta":[],"acf":[],"yoast_head":"<!-- This site is optimized with the Yoast SEO plugin v17.0 - https:\/\/yoast.com\/wordpress\/plugins\/seo\/ -->\n<meta name=\"robots\" content=\"index, follow, max-snippet:-1, max-image-preview:large, max-video-preview:-1\" \/>\n<link rel=\"canonical\" href=\"https:\/\/www.ntf.uni-lj.si\/omm\/studij\/tutorstvo\/\" \/>\n<meta property=\"og:locale\" content=\"en_US\" \/>\n<meta property=\"og:type\" content=\"article\" \/>\n<meta property=\"og:title\" content=\"Tutorstvo in posebni statusi - OMM\" \/>\n<meta property=\"og:description\" content=\"Tutorstvo je opredeljeno kot sistemati\u010dna pomo\u010d \u0161tudentom pri \u0161tudiju in njihovem akademskem razvoju. Namen tutorskega sistema na NTF je: podpora \u0161tudentom med \u0161tudijem, pove\u010danje \u0161tevila \u0161tudentov, ki napredujejo v vi\u0161ji letnik, svetovanje \u0161tudentom pri oblikovanju izbirnega dela predmetnika, pomo\u010d pri \u0161tudiju posameznih predmetov oz. pri obvezni praksi, spodbujanje \u0161tudentov k udele\u017ebi pri ob\u0161tudijskih dejavnostih. Koordinator ... Read more\" \/>\n<meta property=\"og:url\" content=\"https:\/\/www.ntf.uni-lj.si\/omm\/studij\/tutorstvo\/\" \/>\n<meta property=\"og:site_name\" content=\"OMM\" \/>\n<meta property=\"article:modified_time\" content=\"2022-09-30T10:15:30+00:00\" \/>\n<meta name=\"twitter:label1\" content=\"Est. reading time\" \/>\n\t<meta name=\"twitter:data1\" content=\"1 minute\" \/>\n<script type=\"application\/ld+json\" class=\"yoast-schema-graph\">{\"@context\":\"https:\/\/schema.org\",\"@graph\":[{\"@type\":\"WebSite\",\"@id\":\"https:\/\/www.ntf.uni-lj.si\/omm\/#website\",\"url\":\"https:\/\/www.ntf.uni-lj.si\/omm\/\",\"name\":\"OMM\",\"description\":\"Oddelek za materiale in metalurgijo\",\"potentialAction\":[{\"@type\":\"SearchAction\",\"target\":{\"@type\":\"EntryPoint\",\"urlTemplate\":\"https:\/\/www.ntf.uni-lj.si\/omm\/?s={search_term_string}\"},\"query-input\":\"required name=search_term_string\"}],\"inLanguage\":\"en-US\"},{\"@type\":\"WebPage\",\"@id\":\"https:\/\/www.ntf.uni-lj.si\/omm\/studij\/tutorstvo\/#webpage\",\"url\":\"https:\/\/www.ntf.uni-lj.si\/omm\/studij\/tutorstvo\/\",\"name\":\"Tutorstvo in posebni statusi - OMM\",\"isPartOf\":{\"@id\":\"https:\/\/www.ntf.uni-lj.si\/omm\/#website\"},\"datePublished\":\"2015-05-08T13:00:21+00:00\",\"dateModified\":\"2022-09-30T10:15:30+00:00\",\"breadcrumb\":{\"@id\":\"https:\/\/www.ntf.uni-lj.si\/omm\/studij\/tutorstvo\/#breadcrumb\"},\"inLanguage\":\"en-US\",\"potentialAction\":[{\"@type\":\"ReadAction\",\"target\":[\"https:\/\/www.ntf.uni-lj.si\/omm\/studij\/tutorstvo\/\"]}]},{\"@type\":\"BreadcrumbList\",\"@id\":\"https:\/\/www.ntf.uni-lj.si\/omm\/studij\/tutorstvo\/#breadcrumb\",\"itemListElement\":[{\"@type\":\"ListItem\",\"position\":1,\"name\":\"Domov\",\"item\":\"https:\/\/www.ntf.uni-lj.si\/omm\/\"},{\"@type\":\"ListItem\",\"position\":2,\"name\":\"\\u0160tudij\",\"item\":\"https:\/\/www.ntf.uni-lj.si\/omm\/studij\/\"},{\"@type\":\"ListItem\",\"position\":3,\"name\":\"Tutorstvo in posebni statusi\"}]}]}<\/script>\n<!-- \/ Yoast SEO plugin. -->","yoast_head_json":{"robots":{"index":"index","follow":"follow","max-snippet":"max-snippet:-1","max-image-preview":"max-image-preview:large","max-video-preview":"max-video-preview:-1"},"canonical":"https:\/\/www.ntf.uni-lj.si\/omm\/studij\/tutorstvo\/","og_locale":"en_US","og_type":"article","og_title":"Tutorstvo in posebni statusi - OMM","og_description":"Tutorstvo je opredeljeno kot sistemati\u010dna pomo\u010d \u0161tudentom pri \u0161tudiju in njihovem akademskem razvoju. Namen tutorskega sistema na NTF je: podpora \u0161tudentom med \u0161tudijem, pove\u010danje \u0161tevila \u0161tudentov, ki napredujejo v vi\u0161ji letnik, svetovanje \u0161tudentom pri oblikovanju izbirnega dela predmetnika, pomo\u010d pri \u0161tudiju posameznih predmetov oz. pri obvezni praksi, spodbujanje \u0161tudentov k udele\u017ebi pri ob\u0161tudijskih dejavnostih. Koordinator ... Read more","og_url":"https:\/\/www.ntf.uni-lj.si\/omm\/studij\/tutorstvo\/","og_site_name":"OMM","article_modified_time":"2022-09-30T10:15:30+00:00","twitter_misc":{"Est. reading time":"1 minute"},"schema":{"@context":"https:\/\/schema.org","@graph":[{"@type":"WebSite","@id":"https:\/\/www.ntf.uni-lj.si\/omm\/#website","url":"https:\/\/www.ntf.uni-lj.si\/omm\/","name":"OMM","description":"Oddelek za materiale in metalurgijo","potentialAction":[{"@type":"SearchAction","target":{"@type":"EntryPoint","urlTemplate":"https:\/\/www.ntf.uni-lj.si\/omm\/?s={search_term_string}"},"query-input":"required name=search_term_string"}],"inLanguage":"en-US"},{"@type":"WebPage","@id":"https:\/\/www.ntf.uni-lj.si\/omm\/studij\/tutorstvo\/#webpage","url":"https:\/\/www.ntf.uni-lj.si\/omm\/studij\/tutorstvo\/","name":"Tutorstvo in posebni statusi - OMM","isPartOf":{"@id":"https:\/\/www.ntf.uni-lj.si\/omm\/#website"},"datePublished":"2015-05-08T13:00:21+00:00","dateModified":"2022-09-30T10:15:30+00:00","breadcrumb":{"@id":"https:\/\/www.ntf.uni-lj.si\/omm\/studij\/tutorstvo\/#breadcrumb"},"inLanguage":"en-US","potentialAction":[{"@type":"ReadAction","target":["https:\/\/www.ntf.uni-lj.si\/omm\/studij\/tutorstvo\/"]}]},{"@type":"BreadcrumbList","@id":"https:\/\/www.ntf.uni-lj.si\/omm\/studij\/tutorstvo\/#breadcrumb","itemListElement":[{"@type":"ListItem","position":1,"name":"Domov","item":"https:\/\/www.ntf.uni-lj.si\/omm\/"},{"@type":"ListItem","position":2,"name":"\u0160tudij","item":"https:\/\/www.ntf.uni-lj.si\/omm\/studij\/"},{"@type":"ListItem","position":3,"name":"Tutorstvo in posebni statusi"}]}]}},"_links":{"self":[{"href":"https:\/\/www.ntf.uni-lj.si\/omm\/wp-json\/wp\/v2\/pages\/4677"}],"collection":[{"href":"https:\/\/www.ntf.uni-lj.si\/omm\/wp-json\/wp\/v2\/pages"}],"about":[{"href":"https:\/\/www.ntf.uni-lj.si\/omm\/wp-json\/wp\/v2\/types\/page"}],"author":[{"embeddable":true,"href":"https:\/\/www.ntf.uni-lj.si\/omm\/wp-json\/wp\/v2\/users\/15"}],"replies":[{"embeddable":true,"href":"https:\/\/www.ntf.uni-lj.si\/omm\/wp-json\/wp\/v2\/comments?post=4677"}],"version-history":[{"count":29,"href":"https:\/\/www.ntf.uni-lj.si\/omm\/wp-json\/wp\/v2\/pages\/4677\/revisions"}],"predecessor-version":[{"id":10119,"href":"https:\/\/www.ntf.uni-lj.si\/omm\/wp-json\/wp\/v2\/pages\/4677\/revisions\/10119"}],"up":[{"embeddable":true,"href":"https:\/\/www.ntf.uni-lj.si\/omm\/wp-json\/wp\/v2\/pages\/4245"}],"wp:attachment":[{"href":"https:\/\/www.ntf.uni-lj.si\/omm\/wp-json\/wp\/v2\/media?parent=4677"}],"curies":[{"name":"wp","href":"https:\/\/api.w.org\/{rel}","templated":true}]}}