{"id":4683,"date":"2015-05-08T13:05:29","date_gmt":"2015-05-08T13:05:29","guid":{"rendered":"http:\/\/www.ntf.uni-lj.si\/omm\/?page_id=4683"},"modified":"2025-09-29T08:21:35","modified_gmt":"2025-09-29T06:21:35","slug":"mednarodna-izmenjava","status":"publish","type":"page","link":"https:\/\/www.ntf.uni-lj.si\/omm\/studij\/mednarodna-izmenjava\/","title":{"rendered":"Izmenjave"},"content":{"rendered":"<h2>Izmenjava \u0161tudentov Erasmus<\/h2>\n<p>Erasmus+ je najbolj raz\u0161irjena in najla\u017eja mo\u017enost sodelovanja s tujimi univerzami in raziskovalnimi institucijami. Vsako leto omogo\u010da \u0161tudentom ter pedago\u0161kim in strokovnim delavcem nabiranje izku\u0161enj ter znanstvenoraziskovalno in pedago\u0161ko delovanje v razli\u010dnih evropskih dr\u017eavah.<\/p>\n<p>Program Erasmus+ je namenjen:<\/p>\n<ul>\n<li>\u0161tudentom,<\/li>\n<li>pedago\u0161kemu kadru na fakulteti,<\/li>\n<li>strokovnim delavcem fakultet.<\/li>\n<\/ul>\n<p>Zakaj izkoristiti mo\u017enost pridobivanja izku\u0161enj v tujini?<\/p>\n<ul>\n<li>Pozitiven vpliv na osebni in strokovni razvoj,<\/li>\n<li>spoznavanje tuje kulture in metod dela,<\/li>\n<li>navezovanje stikov v mednarodnem okolju,<\/li>\n<li>nadgradnja jezikovnih in komunikacijskih sposobnosti.<\/li>\n<\/ul>\n<p>\u0160iroko podro\u010dje razli\u010dnih dejavnosti:<\/p>\n<ul>\n<li>za namen \u0161tudija,<\/li>\n<li>za namen prakti\u010dnega usposabljanja,<\/li>\n<li>pou\u010devanja,<\/li>\n<li>usposabljanja,<\/li>\n<li>raziskovanja,<\/li>\n<li>izmenjave \u0161tudijskih praks.<\/li>\n<\/ul>\n<p>\u0160tipendije za \u0161tudij v tujini \u2013 slovenske:<\/p>\n<ul>\n<li>Slovenska znanstvena fundacija,<\/li>\n<li>Sklad RS za razvoj kadrov in \u0161tipendije,<\/li>\n<li>Sklad dr. Otta Likarja,<\/li>\n<li>dr\u017eavne, kadrovske in Zoisove \u0161tipendije.<\/li>\n<\/ul>\n<p>\u0160tipendije, ki jih podeljujejo druge dr\u017eave:<\/p>\n<ul>\n<li>stalne \u0161tipendije (npr. DAAD \u2013 Nem\u010dija),<\/li>\n<li>\u0161tipendije, omejene na eno \u0161tudijsko leto.<\/li>\n<\/ul>\n<p>Na voljo je tudi bro\u0161urica: \u0160tudenti na poti \u2013 Izku\u0161nje\/portreti slovenskih ERASMUS \u0161tudentov.<\/p>\n<p>Aktualne informacije vezane na Erasmus+ \u0161tudijske izmenjave in Erasmus+\u00a0 prakso najdete na strani <b>\u0161tudentskega referata<\/b><\/p>\n<p><a href=\"http:\/\/www.ntf.uni-lj.si\/ntf\/studij\/referat\/referat-mont\/izmenjave-zunanja-izbirnost\/navodila\/\" target=\"_blank\" rel=\"noopener\">http:\/\/www.ntf.uni-lj.si\/ntf\/studij\/referat\/referat-mont\/izmenjave-zunanja-izbirnost\/navodila\/<\/a><\/p>\n<p>Ve\u010d informacij:<br \/>\nSlu\u017eba za mednarodno sodelovanje UL: <a href=\"http:\/\/www.uni-lj.si\/mednarodno_sodelovanje_in_izmenjave\/\" target=\"_blank\" rel=\"noopener\">http:\/\/www.uni-lj.si\/mednarodno_sodelovanje_in_izmenjave\/<\/a><br \/>\nCMEPIUS: <a href=\"http:\/\/www.erasmusplus.si\/\" target=\"_blank\" rel=\"noopener\">http:\/\/www.erasmusplus.si\/<\/a><\/p>\n<p>Koordinatorka programa Erasmus+ na Naravoslovnotehni\u0161ki fakulteti:<br \/>\n<strong>Majda \u0160trakl<\/strong><br \/>\nE-po\u0161ta: <a href=\"mailto:majda.strakl@ntf.uni-lj.si\">majda.strakl@ntf.uni-lj.si<\/a><br \/>\nTel.: 01\/47 04 647<br \/>\nFaks: 01\/47 04 560<\/p>\n<p>Koordinator programa Erasmus+ na Oddelku za materiale in metalurgijo:<br \/>\n<strong>doc.dr.Matja\u017e Knap<\/strong><br \/>\nE-po\u0161ta: <a href=\"mailto:matjaz.knap@omm.ntf.uni-lj.si\" target=\"_blank\" rel=\"noopener\">matjaz.knap@ntf.uni-lj.si<\/a><br \/>\nTel: 01\/20 00 419<\/p>\n","protected":false},"excerpt":{"rendered":"Izmenjava \u0161tudentov Erasmus Erasmus+ je najbolj raz\u0161irjena in najla\u017eja mo\u017enost sodelovanja s tujimi univerzami in raziskovalnimi institucijami. Vsako leto omogo\u010da \u0161tudentom ter pedago\u0161kim in strokovnim delavcem nabiranje izku\u0161enj ter znanstvenoraziskovalno in pedago\u0161ko delovanje v razli\u010dnih evropskih dr\u017eavah. Program Erasmus+ je namenjen: \u0161tudentom, pedago\u0161kemu kadru na fakulteti, strokovnim delavcem fakultet. Zakaj izkoristiti mo\u017enost pridobivanja izku\u0161enj v &#8230; <a class=\"view-article\" href=\"https:\/\/www.ntf.uni-lj.si\/omm\/studij\/mednarodna-izmenjava\/\">Read more<\/a>","protected":false},"author":15,"featured_media":0,"parent":4245,"menu_order":215,"comment_status":"closed","ping_status":"closed","template":"","meta":[],"acf":[],"yoast_head":"<!-- This site is optimized with the Yoast SEO plugin v17.0 - https:\/\/yoast.com\/wordpress\/plugins\/seo\/ -->\n<meta name=\"robots\" content=\"index, follow, max-snippet:-1, max-image-preview:large, max-video-preview:-1\" \/>\n<link rel=\"canonical\" href=\"https:\/\/www.ntf.uni-lj.si\/omm\/studij\/mednarodna-izmenjava\/\" \/>\n<meta property=\"og:locale\" content=\"en_US\" \/>\n<meta property=\"og:type\" content=\"article\" \/>\n<meta property=\"og:title\" content=\"Izmenjave - OMM\" \/>\n<meta property=\"og:description\" content=\"Izmenjava \u0161tudentov Erasmus Erasmus+ je najbolj raz\u0161irjena in najla\u017eja mo\u017enost sodelovanja s tujimi univerzami in raziskovalnimi institucijami. Vsako leto omogo\u010da \u0161tudentom ter pedago\u0161kim in strokovnim delavcem nabiranje izku\u0161enj ter znanstvenoraziskovalno in pedago\u0161ko delovanje v razli\u010dnih evropskih dr\u017eavah. Program Erasmus+ je namenjen: \u0161tudentom, pedago\u0161kemu kadru na fakulteti, strokovnim delavcem fakultet. Zakaj izkoristiti mo\u017enost pridobivanja izku\u0161enj v ... Read more\" \/>\n<meta property=\"og:url\" content=\"https:\/\/www.ntf.uni-lj.si\/omm\/studij\/mednarodna-izmenjava\/\" \/>\n<meta property=\"og:site_name\" content=\"OMM\" \/>\n<meta property=\"article:modified_time\" content=\"2025-09-29T06:21:35+00:00\" \/>\n<meta name=\"twitter:label1\" content=\"Est. reading time\" \/>\n\t<meta name=\"twitter:data1\" content=\"1 minute\" \/>\n<script type=\"application\/ld+json\" class=\"yoast-schema-graph\">{\"@context\":\"https:\/\/schema.org\",\"@graph\":[{\"@type\":\"WebSite\",\"@id\":\"https:\/\/www.ntf.uni-lj.si\/omm\/#website\",\"url\":\"https:\/\/www.ntf.uni-lj.si\/omm\/\",\"name\":\"OMM\",\"description\":\"Oddelek za materiale in metalurgijo\",\"potentialAction\":[{\"@type\":\"SearchAction\",\"target\":{\"@type\":\"EntryPoint\",\"urlTemplate\":\"https:\/\/www.ntf.uni-lj.si\/omm\/?s={search_term_string}\"},\"query-input\":\"required name=search_term_string\"}],\"inLanguage\":\"en-US\"},{\"@type\":\"WebPage\",\"@id\":\"https:\/\/www.ntf.uni-lj.si\/omm\/studij\/mednarodna-izmenjava\/#webpage\",\"url\":\"https:\/\/www.ntf.uni-lj.si\/omm\/studij\/mednarodna-izmenjava\/\",\"name\":\"Izmenjave - OMM\",\"isPartOf\":{\"@id\":\"https:\/\/www.ntf.uni-lj.si\/omm\/#website\"},\"datePublished\":\"2015-05-08T13:05:29+00:00\",\"dateModified\":\"2025-09-29T06:21:35+00:00\",\"breadcrumb\":{\"@id\":\"https:\/\/www.ntf.uni-lj.si\/omm\/studij\/mednarodna-izmenjava\/#breadcrumb\"},\"inLanguage\":\"en-US\",\"potentialAction\":[{\"@type\":\"ReadAction\",\"target\":[\"https:\/\/www.ntf.uni-lj.si\/omm\/studij\/mednarodna-izmenjava\/\"]}]},{\"@type\":\"BreadcrumbList\",\"@id\":\"https:\/\/www.ntf.uni-lj.si\/omm\/studij\/mednarodna-izmenjava\/#breadcrumb\",\"itemListElement\":[{\"@type\":\"ListItem\",\"position\":1,\"name\":\"Domov\",\"item\":\"https:\/\/www.ntf.uni-lj.si\/omm\/\"},{\"@type\":\"ListItem\",\"position\":2,\"name\":\"\\u0160tudij\",\"item\":\"https:\/\/www.ntf.uni-lj.si\/omm\/studij\/\"},{\"@type\":\"ListItem\",\"position\":3,\"name\":\"Izmenjave\"}]}]}<\/script>\n<!-- \/ Yoast SEO plugin. -->","yoast_head_json":{"robots":{"index":"index","follow":"follow","max-snippet":"max-snippet:-1","max-image-preview":"max-image-preview:large","max-video-preview":"max-video-preview:-1"},"canonical":"https:\/\/www.ntf.uni-lj.si\/omm\/studij\/mednarodna-izmenjava\/","og_locale":"en_US","og_type":"article","og_title":"Izmenjave - OMM","og_description":"Izmenjava \u0161tudentov Erasmus Erasmus+ je najbolj raz\u0161irjena in najla\u017eja mo\u017enost sodelovanja s tujimi univerzami in raziskovalnimi institucijami. Vsako leto omogo\u010da \u0161tudentom ter pedago\u0161kim in strokovnim delavcem nabiranje izku\u0161enj ter znanstvenoraziskovalno in pedago\u0161ko delovanje v razli\u010dnih evropskih dr\u017eavah. Program Erasmus+ je namenjen: \u0161tudentom, pedago\u0161kemu kadru na fakulteti, strokovnim delavcem fakultet. Zakaj izkoristiti mo\u017enost pridobivanja izku\u0161enj v ... Read more","og_url":"https:\/\/www.ntf.uni-lj.si\/omm\/studij\/mednarodna-izmenjava\/","og_site_name":"OMM","article_modified_time":"2025-09-29T06:21:35+00:00","twitter_misc":{"Est. reading time":"1 minute"},"schema":{"@context":"https:\/\/schema.org","@graph":[{"@type":"WebSite","@id":"https:\/\/www.ntf.uni-lj.si\/omm\/#website","url":"https:\/\/www.ntf.uni-lj.si\/omm\/","name":"OMM","description":"Oddelek za materiale in metalurgijo","potentialAction":[{"@type":"SearchAction","target":{"@type":"EntryPoint","urlTemplate":"https:\/\/www.ntf.uni-lj.si\/omm\/?s={search_term_string}"},"query-input":"required name=search_term_string"}],"inLanguage":"en-US"},{"@type":"WebPage","@id":"https:\/\/www.ntf.uni-lj.si\/omm\/studij\/mednarodna-izmenjava\/#webpage","url":"https:\/\/www.ntf.uni-lj.si\/omm\/studij\/mednarodna-izmenjava\/","name":"Izmenjave - OMM","isPartOf":{"@id":"https:\/\/www.ntf.uni-lj.si\/omm\/#website"},"datePublished":"2015-05-08T13:05:29+00:00","dateModified":"2025-09-29T06:21:35+00:00","breadcrumb":{"@id":"https:\/\/www.ntf.uni-lj.si\/omm\/studij\/mednarodna-izmenjava\/#breadcrumb"},"inLanguage":"en-US","potentialAction":[{"@type":"ReadAction","target":["https:\/\/www.ntf.uni-lj.si\/omm\/studij\/mednarodna-izmenjava\/"]}]},{"@type":"BreadcrumbList","@id":"https:\/\/www.ntf.uni-lj.si\/omm\/studij\/mednarodna-izmenjava\/#breadcrumb","itemListElement":[{"@type":"ListItem","position":1,"name":"Domov","item":"https:\/\/www.ntf.uni-lj.si\/omm\/"},{"@type":"ListItem","position":2,"name":"\u0160tudij","item":"https:\/\/www.ntf.uni-lj.si\/omm\/studij\/"},{"@type":"ListItem","position":3,"name":"Izmenjave"}]}]}},"_links":{"self":[{"href":"https:\/\/www.ntf.uni-lj.si\/omm\/wp-json\/wp\/v2\/pages\/4683"}],"collection":[{"href":"https:\/\/www.ntf.uni-lj.si\/omm\/wp-json\/wp\/v2\/pages"}],"about":[{"href":"https:\/\/www.ntf.uni-lj.si\/omm\/wp-json\/wp\/v2\/types\/page"}],"author":[{"embeddable":true,"href":"https:\/\/www.ntf.uni-lj.si\/omm\/wp-json\/wp\/v2\/users\/15"}],"replies":[{"embeddable":true,"href":"https:\/\/www.ntf.uni-lj.si\/omm\/wp-json\/wp\/v2\/comments?post=4683"}],"version-history":[{"count":16,"href":"https:\/\/www.ntf.uni-lj.si\/omm\/wp-json\/wp\/v2\/pages\/4683\/revisions"}],"predecessor-version":[{"id":11072,"href":"https:\/\/www.ntf.uni-lj.si\/omm\/wp-json\/wp\/v2\/pages\/4683\/revisions\/11072"}],"up":[{"embeddable":true,"href":"https:\/\/www.ntf.uni-lj.si\/omm\/wp-json\/wp\/v2\/pages\/4245"}],"wp:attachment":[{"href":"https:\/\/www.ntf.uni-lj.si\/omm\/wp-json\/wp\/v2\/media?parent=4683"}],"curies":[{"name":"wp","href":"https:\/\/api.w.org\/{rel}","templated":true}]}}