{"id":7636,"date":"2015-07-08T20:13:49","date_gmt":"2015-07-08T18:13:49","guid":{"rendered":"http:\/\/www.ntf.uni-lj.si\/omm\/?page_id=7636"},"modified":"2026-02-02T14:01:23","modified_gmt":"2026-02-02T13:01:23","slug":"vizitka","status":"publish","type":"page","link":"https:\/\/www.ntf.uni-lj.si\/omm\/o-oddelku\/splosne-informacije\/vizitka\/","title":{"rendered":"Vizitka"},"content":{"rendered":"<h4>UNIVERZA V LJUBLJANI<br \/>\nNARAVOSLOVNOTEHNI\u0160KA FAKULTETA<\/h4>\n<p><strong>ODDELEK ZA MATERIALE IN METALURGIJO<\/strong><br \/>\nA\u0161ker\u010deva cesta 12<br \/>\nSI-1000 Ljubljana<\/p>\n<p>Tel: 01\/47 04 500<br \/>\nE-po\u0161ta: <a href=\"mailto:omm@ntf.uni-lj.si\">omm@ntf.uni-lj.si<\/a><\/p>\n<h4>DRUGI PODATKI:<\/h4>\n<p>Dav\u010dna \u0161tevilka: SI24405388<br \/>\nMati\u010dna \u0161tevilka: 1627074<br \/>\n\u0160ifra dejavnosti: 85.422<br \/>\nPodra\u010dun pri UJP: 01100-6030708186<\/p>\n<h4>VODSTVO ODDELKA:<\/h4>\n<p><em>Predstojnik OMM<\/em><br \/>\n<strong>izr.prof. dr. Iztok Nagli\u010d<\/strong><br \/>\nTel: 01\/4704 631<br \/>\nE-po\u0161ta: <a href=\"mailto:iztok.naglic@ntf.uni-lj.si\">iztok.naglic@ntf.uni-lj.si<\/a><\/p>\n<p><em>Namestnika predstojnika OMM<\/em><\/p>\n<p><strong>izr. prof. dr. Maja Von\u010dina<\/strong><br \/>\nTel: 01\/2000 418<br \/>\nE-po\u0161ta: <a href=\"mailto:maja.voncina@ntf.uni-lj.si\">maja.voncina@ntf.uni-lj.si<\/a><\/p>\n<p><strong>prof. dr. Goran Kugle<em>r<\/em><\/strong><br \/>\nTel: 01\/7772 741<br \/>\nE-po\u0161ta: <a href=\"mailto:goran.kugler@ntf.uni-lj.si\">goran.kugler@ntf.uni-lj.si<\/a><\/p>\n<h4>TAJNI\u0160TVO<\/h4>\n<p><strong>Alenka Bilc<\/strong><br \/>\nTel: 01\/4704 608<br \/>\nE-po\u0161ta: <a href=\"mailto:alenka.bilc@ntf.uni-lj.si\">alenka.bilc@ntf.uni-lj.si<\/a><\/p>\n<div style=\"height:25px; width:100%;\"><\/div>\n","protected":false},"excerpt":{"rendered":"UNIVERZA V LJUBLJANI NARAVOSLOVNOTEHNI\u0160KA FAKULTETA ODDELEK ZA MATERIALE IN METALURGIJO A\u0161ker\u010deva cesta 12 SI-1000 Ljubljana Tel: 01\/47 04 500 E-po\u0161ta: omm@ntf.uni-lj.si DRUGI PODATKI: Dav\u010dna \u0161tevilka: SI24405388 Mati\u010dna \u0161tevilka: 1627074 \u0160ifra dejavnosti: 85.422 Podra\u010dun pri UJP: 01100-6030708186 VODSTVO ODDELKA: Predstojnik OMM izr.prof. dr. Iztok Nagli\u010d Tel: 01\/4704 631 E-po\u0161ta: iztok.naglic@ntf.uni-lj.si Namestnika predstojnika OMM izr. prof. dr. &#8230; <a class=\"view-article\" href=\"https:\/\/www.ntf.uni-lj.si\/omm\/o-oddelku\/splosne-informacije\/vizitka\/\">Read more<\/a>","protected":false},"author":35,"featured_media":0,"parent":4055,"menu_order":30,"comment_status":"closed","ping_status":"closed","template":"","meta":[],"acf":[],"yoast_head":"<!-- This site is optimized with the Yoast SEO plugin v17.0 - https:\/\/yoast.com\/wordpress\/plugins\/seo\/ -->\n<meta name=\"robots\" content=\"index, follow, max-snippet:-1, max-image-preview:large, max-video-preview:-1\" \/>\n<link rel=\"canonical\" href=\"https:\/\/www.ntf.uni-lj.si\/omm\/o-oddelku\/splosne-informacije\/vizitka\/\" \/>\n<meta property=\"og:locale\" content=\"en_US\" \/>\n<meta property=\"og:type\" content=\"article\" \/>\n<meta property=\"og:title\" content=\"Vizitka - OMM\" \/>\n<meta property=\"og:description\" content=\"UNIVERZA V LJUBLJANI NARAVOSLOVNOTEHNI\u0160KA FAKULTETA ODDELEK ZA MATERIALE IN METALURGIJO A\u0161ker\u010deva cesta 12 SI-1000 Ljubljana Tel: 01\/47 04 500 E-po\u0161ta: omm@ntf.uni-lj.si DRUGI PODATKI: Dav\u010dna \u0161tevilka: SI24405388 Mati\u010dna \u0161tevilka: 1627074 \u0160ifra dejavnosti: 85.422 Podra\u010dun pri UJP: 01100-6030708186 VODSTVO ODDELKA: Predstojnik OMM izr.prof. dr. Iztok Nagli\u010d Tel: 01\/4704 631 E-po\u0161ta: iztok.naglic@ntf.uni-lj.si Namestnika predstojnika OMM izr. prof. dr. ... Read more\" \/>\n<meta property=\"og:url\" content=\"https:\/\/www.ntf.uni-lj.si\/omm\/o-oddelku\/splosne-informacije\/vizitka\/\" \/>\n<meta property=\"og:site_name\" content=\"OMM\" \/>\n<meta property=\"article:modified_time\" content=\"2026-02-02T13:01:23+00:00\" \/>\n<meta name=\"twitter:label1\" content=\"Est. reading time\" \/>\n\t<meta name=\"twitter:data1\" content=\"1 minute\" \/>\n<script type=\"application\/ld+json\" class=\"yoast-schema-graph\">{\"@context\":\"https:\/\/schema.org\",\"@graph\":[{\"@type\":\"WebSite\",\"@id\":\"https:\/\/www.ntf.uni-lj.si\/omm\/#website\",\"url\":\"https:\/\/www.ntf.uni-lj.si\/omm\/\",\"name\":\"OMM\",\"description\":\"Oddelek za materiale in metalurgijo\",\"potentialAction\":[{\"@type\":\"SearchAction\",\"target\":{\"@type\":\"EntryPoint\",\"urlTemplate\":\"https:\/\/www.ntf.uni-lj.si\/omm\/?s={search_term_string}\"},\"query-input\":\"required name=search_term_string\"}],\"inLanguage\":\"en-US\"},{\"@type\":\"WebPage\",\"@id\":\"https:\/\/www.ntf.uni-lj.si\/omm\/o-oddelku\/splosne-informacije\/vizitka\/#webpage\",\"url\":\"https:\/\/www.ntf.uni-lj.si\/omm\/o-oddelku\/splosne-informacije\/vizitka\/\",\"name\":\"Vizitka - OMM\",\"isPartOf\":{\"@id\":\"https:\/\/www.ntf.uni-lj.si\/omm\/#website\"},\"datePublished\":\"2015-07-08T18:13:49+00:00\",\"dateModified\":\"2026-02-02T13:01:23+00:00\",\"breadcrumb\":{\"@id\":\"https:\/\/www.ntf.uni-lj.si\/omm\/o-oddelku\/splosne-informacije\/vizitka\/#breadcrumb\"},\"inLanguage\":\"en-US\",\"potentialAction\":[{\"@type\":\"ReadAction\",\"target\":[\"https:\/\/www.ntf.uni-lj.si\/omm\/o-oddelku\/splosne-informacije\/vizitka\/\"]}]},{\"@type\":\"BreadcrumbList\",\"@id\":\"https:\/\/www.ntf.uni-lj.si\/omm\/o-oddelku\/splosne-informacije\/vizitka\/#breadcrumb\",\"itemListElement\":[{\"@type\":\"ListItem\",\"position\":1,\"name\":\"Domov\",\"item\":\"https:\/\/www.ntf.uni-lj.si\/omm\/\"},{\"@type\":\"ListItem\",\"position\":2,\"name\":\"O oddelku\",\"item\":\"https:\/\/www.ntf.uni-lj.si\/omm\/o-oddelku\/\"},{\"@type\":\"ListItem\",\"position\":3,\"name\":\"Splo\\u0161ne informacije\",\"item\":\"https:\/\/www.ntf.uni-lj.si\/omm\/o-oddelku\/splosne-informacije\/\"},{\"@type\":\"ListItem\",\"position\":4,\"name\":\"Vizitka\"}]}]}<\/script>\n<!-- \/ Yoast SEO plugin. -->","yoast_head_json":{"robots":{"index":"index","follow":"follow","max-snippet":"max-snippet:-1","max-image-preview":"max-image-preview:large","max-video-preview":"max-video-preview:-1"},"canonical":"https:\/\/www.ntf.uni-lj.si\/omm\/o-oddelku\/splosne-informacije\/vizitka\/","og_locale":"en_US","og_type":"article","og_title":"Vizitka - OMM","og_description":"UNIVERZA V LJUBLJANI NARAVOSLOVNOTEHNI\u0160KA FAKULTETA ODDELEK ZA MATERIALE IN METALURGIJO A\u0161ker\u010deva cesta 12 SI-1000 Ljubljana Tel: 01\/47 04 500 E-po\u0161ta: omm@ntf.uni-lj.si DRUGI PODATKI: Dav\u010dna \u0161tevilka: SI24405388 Mati\u010dna \u0161tevilka: 1627074 \u0160ifra dejavnosti: 85.422 Podra\u010dun pri UJP: 01100-6030708186 VODSTVO ODDELKA: Predstojnik OMM izr.prof. dr. Iztok Nagli\u010d Tel: 01\/4704 631 E-po\u0161ta: iztok.naglic@ntf.uni-lj.si Namestnika predstojnika OMM izr. prof. dr. ... Read more","og_url":"https:\/\/www.ntf.uni-lj.si\/omm\/o-oddelku\/splosne-informacije\/vizitka\/","og_site_name":"OMM","article_modified_time":"2026-02-02T13:01:23+00:00","twitter_misc":{"Est. reading time":"1 minute"},"schema":{"@context":"https:\/\/schema.org","@graph":[{"@type":"WebSite","@id":"https:\/\/www.ntf.uni-lj.si\/omm\/#website","url":"https:\/\/www.ntf.uni-lj.si\/omm\/","name":"OMM","description":"Oddelek za materiale in metalurgijo","potentialAction":[{"@type":"SearchAction","target":{"@type":"EntryPoint","urlTemplate":"https:\/\/www.ntf.uni-lj.si\/omm\/?s={search_term_string}"},"query-input":"required name=search_term_string"}],"inLanguage":"en-US"},{"@type":"WebPage","@id":"https:\/\/www.ntf.uni-lj.si\/omm\/o-oddelku\/splosne-informacije\/vizitka\/#webpage","url":"https:\/\/www.ntf.uni-lj.si\/omm\/o-oddelku\/splosne-informacije\/vizitka\/","name":"Vizitka - OMM","isPartOf":{"@id":"https:\/\/www.ntf.uni-lj.si\/omm\/#website"},"datePublished":"2015-07-08T18:13:49+00:00","dateModified":"2026-02-02T13:01:23+00:00","breadcrumb":{"@id":"https:\/\/www.ntf.uni-lj.si\/omm\/o-oddelku\/splosne-informacije\/vizitka\/#breadcrumb"},"inLanguage":"en-US","potentialAction":[{"@type":"ReadAction","target":["https:\/\/www.ntf.uni-lj.si\/omm\/o-oddelku\/splosne-informacije\/vizitka\/"]}]},{"@type":"BreadcrumbList","@id":"https:\/\/www.ntf.uni-lj.si\/omm\/o-oddelku\/splosne-informacije\/vizitka\/#breadcrumb","itemListElement":[{"@type":"ListItem","position":1,"name":"Domov","item":"https:\/\/www.ntf.uni-lj.si\/omm\/"},{"@type":"ListItem","position":2,"name":"O oddelku","item":"https:\/\/www.ntf.uni-lj.si\/omm\/o-oddelku\/"},{"@type":"ListItem","position":3,"name":"Splo\u0161ne informacije","item":"https:\/\/www.ntf.uni-lj.si\/omm\/o-oddelku\/splosne-informacije\/"},{"@type":"ListItem","position":4,"name":"Vizitka"}]}]}},"_links":{"self":[{"href":"https:\/\/www.ntf.uni-lj.si\/omm\/wp-json\/wp\/v2\/pages\/7636"}],"collection":[{"href":"https:\/\/www.ntf.uni-lj.si\/omm\/wp-json\/wp\/v2\/pages"}],"about":[{"href":"https:\/\/www.ntf.uni-lj.si\/omm\/wp-json\/wp\/v2\/types\/page"}],"author":[{"embeddable":true,"href":"https:\/\/www.ntf.uni-lj.si\/omm\/wp-json\/wp\/v2\/users\/35"}],"replies":[{"embeddable":true,"href":"https:\/\/www.ntf.uni-lj.si\/omm\/wp-json\/wp\/v2\/comments?post=7636"}],"version-history":[{"count":56,"href":"https:\/\/www.ntf.uni-lj.si\/omm\/wp-json\/wp\/v2\/pages\/7636\/revisions"}],"predecessor-version":[{"id":11649,"href":"https:\/\/www.ntf.uni-lj.si\/omm\/wp-json\/wp\/v2\/pages\/7636\/revisions\/11649"}],"up":[{"embeddable":true,"href":"https:\/\/www.ntf.uni-lj.si\/omm\/wp-json\/wp\/v2\/pages\/4055"}],"wp:attachment":[{"href":"https:\/\/www.ntf.uni-lj.si\/omm\/wp-json\/wp\/v2\/media?parent=7636"}],"curies":[{"name":"wp","href":"https:\/\/api.w.org\/{rel}","templated":true}]}}