{"id":8438,"date":"2017-01-06T09:17:37","date_gmt":"2017-01-06T08:17:37","guid":{"rendered":"http:\/\/www.ntf.uni-lj.si\/omm\/?page_id=8438"},"modified":"2017-01-06T09:19:52","modified_gmt":"2017-01-06T08:19:52","slug":"materiali-in-tehnologije-za-nove-aplikacije-martina","status":"publish","type":"page","link":"https:\/\/www.ntf.uni-lj.si\/omm\/materiali-in-tehnologije-za-nove-aplikacije-martina\/","title":{"rendered":"Materiali in tehnologije za nove aplikacije &#8211; MARTINA"},"content":{"rendered":"<p>Program MARTINA<\/p>\n<p>Na razpisu, ki ga je objavilo Ministrstvo za izobra\u017eevanje, znanost in \u0161port je Strate\u0161ki svet za metalurgijo organiziral konzorcij podjetij in raziskovalnih organizacij, ki so na razpisu v okviru pametne specializacij dobili raziskovalno-razvojni inovativni program imenovan MARTINA (Razvoj materialov kot kon\u010dnih produktov &#8211; Prednostno podro\u010dje S4<sup>2<\/sup>). Ime programa MARTINA izhaja iz kratic MAteRiali in Tehnologije za Nove Aplikacije. Program zdru\u017euje in povezuje \u0161iroko podro\u010dje materialov, kot so nova orodna jekla, visoko trdna jekla, aluminijeve zlitine in multikomponentni materiali in inovativne tehnolo\u0161ke postopke izdelave, kot sta AM in 3D tisk kovin. Osrednji cilij programa v katerega je vklju\u010deno 16 partnerjev in ga vodi In\u0161titut za kovinske materiale in tehnologije (IMT) so okrepiti polo\u017eaj in vlogo slovenske industrije na podro\u010dju materialov, \u0161e posebej jekel in aluminija ter dvigniti konkuren\u010dnost na globalnem trgu. Za dosego osnovnega cilja bo potrebno pove\u010dati stopnjo sodelovanja med podjetji in JRO, okrepiti stik s trgom, pove\u010dati stopnjo interdisciplinarnosti in inovativnosti ter razviti prototipe jekel in aluminijevih zlitin za uporabo v avtomobilski industriji.<\/p>\n<p>V programu MARTINA sodelujejo podjetja: Metal Ravne, Acroni oziroma RCJ \u2013 Razvojni center Jesenice, Impol, \u0160tore Steel, Kolektor Group, Talum, TPV in Zlatarna Celje, ter RR in\u0161tituti oziroma fakultete: IMT \u2013 In\u0161titut za kovinske materiale in tehnologije, TECOS \u2013 Razvojni center orodjarstva Slovenije, Kemijski in\u0161titut iz Ljubljane, Fakulteta za strojni\u0161tvo Univerze v Ljubljani, Naravoslovnotehni\u0161ka fakulteta Univerze v Ljubljani &#8211; Oddelek za materiale in metalurgijo, Strojna fakulteta Univerze v Mariboru, Center odli\u010dnosti Vesolje in ZAG \u2013 Zavod za gradbeni\u0161tvo Slovenije.<\/p>\n<p>Odobreno sofinanciranje: 5.991.172,92 milijona evrov<\/p>\n<p>Vodilni partner: In\u0161titut za kovinske materiale in tehnologije (IMT)<\/p>\n<p><a href=\"https:\/\/www.ntf.uni-lj.si\/omm\/wp-content\/uploads\/sites\/5\/2017\/01\/EU_logo_martina.jpg\"><img loading=\"lazy\" width=\"300\" height=\"145\" class=\"alignnone size-medium wp-image-8439\" src=\"https:\/\/www.ntf.uni-lj.si\/omm\/wp-content\/uploads\/sites\/5\/2017\/01\/EU_logo_martina-300x145.jpg\" alt=\"eu_logo_martina\" srcset=\"https:\/\/www.ntf.uni-lj.si\/omm\/wp-content\/uploads\/sites\/5\/2017\/01\/EU_logo_martina-300x145.jpg 300w, https:\/\/www.ntf.uni-lj.si\/omm\/wp-content\/uploads\/sites\/5\/2017\/01\/EU_logo_martina-768x372.jpg 768w, https:\/\/www.ntf.uni-lj.si\/omm\/wp-content\/uploads\/sites\/5\/2017\/01\/EU_logo_martina.jpg 1000w\" sizes=\"(max-width: 300px) 100vw, 300px\" \/><\/a><\/p>\n<p><a href=\"https:\/\/www.ntf.uni-lj.si\/omm\/wp-content\/uploads\/sites\/5\/2017\/01\/Ministrstvo_logo.jpg\"><img loading=\"lazy\" width=\"300\" height=\"49\" class=\"alignnone size-medium wp-image-8440\" src=\"https:\/\/www.ntf.uni-lj.si\/omm\/wp-content\/uploads\/sites\/5\/2017\/01\/Ministrstvo_logo-300x49.jpg\" alt=\"ministrstvo_logo\" srcset=\"https:\/\/www.ntf.uni-lj.si\/omm\/wp-content\/uploads\/sites\/5\/2017\/01\/Ministrstvo_logo-300x49.jpg 300w, https:\/\/www.ntf.uni-lj.si\/omm\/wp-content\/uploads\/sites\/5\/2017\/01\/Ministrstvo_logo-768x124.jpg 768w, https:\/\/www.ntf.uni-lj.si\/omm\/wp-content\/uploads\/sites\/5\/2017\/01\/Ministrstvo_logo.jpg 796w\" sizes=\"(max-width: 300px) 100vw, 300px\" \/><\/a><\/p>\n","protected":false},"excerpt":{"rendered":"Program MARTINA Na razpisu, ki ga je objavilo Ministrstvo za izobra\u017eevanje, znanost in \u0161port je Strate\u0161ki svet za metalurgijo organiziral konzorcij podjetij in raziskovalnih organizacij, ki so na razpisu v okviru pametne specializacij dobili raziskovalno-razvojni inovativni program imenovan MARTINA (Razvoj materialov kot kon\u010dnih produktov &#8211; Prednostno podro\u010dje S42). Ime programa MARTINA izhaja iz kratic MAteRiali &#8230; <a class=\"view-article\" href=\"https:\/\/www.ntf.uni-lj.si\/omm\/materiali-in-tehnologije-za-nove-aplikacije-martina\/\">Read more<\/a>","protected":false},"author":173,"featured_media":0,"parent":0,"menu_order":0,"comment_status":"closed","ping_status":"closed","template":"","meta":[],"acf":[],"yoast_head":"<!-- This site is optimized with the Yoast SEO plugin v17.0 - https:\/\/yoast.com\/wordpress\/plugins\/seo\/ -->\n<meta name=\"description\" content=\"Ime raziskovalno-razvojnega inovativnega programa MARTINA izhaja iz kratic MAteRiali in Tehnologije za Nove Aplikacije.\" \/>\n<meta name=\"robots\" content=\"index, follow, max-snippet:-1, max-image-preview:large, max-video-preview:-1\" \/>\n<link rel=\"canonical\" href=\"https:\/\/www.ntf.uni-lj.si\/omm\/materiali-in-tehnologije-za-nove-aplikacije-martina\/\" \/>\n<meta property=\"og:locale\" content=\"en_US\" \/>\n<meta property=\"og:type\" content=\"article\" \/>\n<meta property=\"og:title\" content=\"Materiali in tehnologije za nove aplikacije - MARTINA - OMM\" \/>\n<meta property=\"og:description\" content=\"Ime raziskovalno-razvojnega inovativnega programa MARTINA izhaja iz kratic MAteRiali in Tehnologije za Nove Aplikacije.\" \/>\n<meta property=\"og:url\" content=\"https:\/\/www.ntf.uni-lj.si\/omm\/materiali-in-tehnologije-za-nove-aplikacije-martina\/\" \/>\n<meta property=\"og:site_name\" content=\"OMM\" \/>\n<meta property=\"article:modified_time\" content=\"2017-01-06T08:19:52+00:00\" \/>\n<meta property=\"og:image\" content=\"https:\/\/www.ntf.uni-lj.si\/omm\/wp-content\/uploads\/sites\/5\/2017\/01\/EU_logo_martina-300x145.jpg\" \/>\n<meta name=\"twitter:label1\" content=\"Est. reading time\" \/>\n\t<meta name=\"twitter:data1\" content=\"1 minute\" \/>\n<script type=\"application\/ld+json\" class=\"yoast-schema-graph\">{\"@context\":\"https:\/\/schema.org\",\"@graph\":[{\"@type\":\"WebSite\",\"@id\":\"https:\/\/www.ntf.uni-lj.si\/omm\/#website\",\"url\":\"https:\/\/www.ntf.uni-lj.si\/omm\/\",\"name\":\"OMM\",\"description\":\"Oddelek za materiale in metalurgijo\",\"potentialAction\":[{\"@type\":\"SearchAction\",\"target\":{\"@type\":\"EntryPoint\",\"urlTemplate\":\"https:\/\/www.ntf.uni-lj.si\/omm\/?s={search_term_string}\"},\"query-input\":\"required name=search_term_string\"}],\"inLanguage\":\"en-US\"},{\"@type\":\"ImageObject\",\"@id\":\"https:\/\/www.ntf.uni-lj.si\/omm\/materiali-in-tehnologije-za-nove-aplikacije-martina\/#primaryimage\",\"inLanguage\":\"en-US\",\"url\":\"https:\/\/www.ntf.uni-lj.si\/omm\/wp-content\/uploads\/sites\/5\/2017\/01\/EU_logo_martina.jpg\",\"contentUrl\":\"https:\/\/www.ntf.uni-lj.si\/omm\/wp-content\/uploads\/sites\/5\/2017\/01\/EU_logo_martina.jpg\",\"width\":1000,\"height\":484},{\"@type\":\"WebPage\",\"@id\":\"https:\/\/www.ntf.uni-lj.si\/omm\/materiali-in-tehnologije-za-nove-aplikacije-martina\/#webpage\",\"url\":\"https:\/\/www.ntf.uni-lj.si\/omm\/materiali-in-tehnologije-za-nove-aplikacije-martina\/\",\"name\":\"Materiali in tehnologije za nove aplikacije - MARTINA - OMM\",\"isPartOf\":{\"@id\":\"https:\/\/www.ntf.uni-lj.si\/omm\/#website\"},\"primaryImageOfPage\":{\"@id\":\"https:\/\/www.ntf.uni-lj.si\/omm\/materiali-in-tehnologije-za-nove-aplikacije-martina\/#primaryimage\"},\"datePublished\":\"2017-01-06T08:17:37+00:00\",\"dateModified\":\"2017-01-06T08:19:52+00:00\",\"description\":\"Ime raziskovalno-razvojnega inovativnega programa MARTINA izhaja iz kratic MAteRiali in Tehnologije za Nove Aplikacije.\",\"breadcrumb\":{\"@id\":\"https:\/\/www.ntf.uni-lj.si\/omm\/materiali-in-tehnologije-za-nove-aplikacije-martina\/#breadcrumb\"},\"inLanguage\":\"en-US\",\"potentialAction\":[{\"@type\":\"ReadAction\",\"target\":[\"https:\/\/www.ntf.uni-lj.si\/omm\/materiali-in-tehnologije-za-nove-aplikacije-martina\/\"]}]},{\"@type\":\"BreadcrumbList\",\"@id\":\"https:\/\/www.ntf.uni-lj.si\/omm\/materiali-in-tehnologije-za-nove-aplikacije-martina\/#breadcrumb\",\"itemListElement\":[{\"@type\":\"ListItem\",\"position\":1,\"name\":\"Domov\",\"item\":\"https:\/\/www.ntf.uni-lj.si\/omm\/\"},{\"@type\":\"ListItem\",\"position\":2,\"name\":\"Materiali in tehnologije za nove aplikacije &#8211; MARTINA\"}]}]}<\/script>\n<!-- \/ Yoast SEO plugin. -->","yoast_head_json":{"description":"Ime raziskovalno-razvojnega inovativnega programa MARTINA izhaja iz kratic MAteRiali in Tehnologije za Nove Aplikacije.","robots":{"index":"index","follow":"follow","max-snippet":"max-snippet:-1","max-image-preview":"max-image-preview:large","max-video-preview":"max-video-preview:-1"},"canonical":"https:\/\/www.ntf.uni-lj.si\/omm\/materiali-in-tehnologije-za-nove-aplikacije-martina\/","og_locale":"en_US","og_type":"article","og_title":"Materiali in tehnologije za nove aplikacije - MARTINA - OMM","og_description":"Ime raziskovalno-razvojnega inovativnega programa MARTINA izhaja iz kratic MAteRiali in Tehnologije za Nove Aplikacije.","og_url":"https:\/\/www.ntf.uni-lj.si\/omm\/materiali-in-tehnologije-za-nove-aplikacije-martina\/","og_site_name":"OMM","article_modified_time":"2017-01-06T08:19:52+00:00","og_image":[{"url":"https:\/\/www.ntf.uni-lj.si\/omm\/wp-content\/uploads\/sites\/5\/2017\/01\/EU_logo_martina-300x145.jpg"}],"twitter_misc":{"Est. reading time":"1 minute"},"schema":{"@context":"https:\/\/schema.org","@graph":[{"@type":"WebSite","@id":"https:\/\/www.ntf.uni-lj.si\/omm\/#website","url":"https:\/\/www.ntf.uni-lj.si\/omm\/","name":"OMM","description":"Oddelek za materiale in metalurgijo","potentialAction":[{"@type":"SearchAction","target":{"@type":"EntryPoint","urlTemplate":"https:\/\/www.ntf.uni-lj.si\/omm\/?s={search_term_string}"},"query-input":"required name=search_term_string"}],"inLanguage":"en-US"},{"@type":"ImageObject","@id":"https:\/\/www.ntf.uni-lj.si\/omm\/materiali-in-tehnologije-za-nove-aplikacije-martina\/#primaryimage","inLanguage":"en-US","url":"https:\/\/www.ntf.uni-lj.si\/omm\/wp-content\/uploads\/sites\/5\/2017\/01\/EU_logo_martina.jpg","contentUrl":"https:\/\/www.ntf.uni-lj.si\/omm\/wp-content\/uploads\/sites\/5\/2017\/01\/EU_logo_martina.jpg","width":1000,"height":484},{"@type":"WebPage","@id":"https:\/\/www.ntf.uni-lj.si\/omm\/materiali-in-tehnologije-za-nove-aplikacije-martina\/#webpage","url":"https:\/\/www.ntf.uni-lj.si\/omm\/materiali-in-tehnologije-za-nove-aplikacije-martina\/","name":"Materiali in tehnologije za nove aplikacije - MARTINA - OMM","isPartOf":{"@id":"https:\/\/www.ntf.uni-lj.si\/omm\/#website"},"primaryImageOfPage":{"@id":"https:\/\/www.ntf.uni-lj.si\/omm\/materiali-in-tehnologije-za-nove-aplikacije-martina\/#primaryimage"},"datePublished":"2017-01-06T08:17:37+00:00","dateModified":"2017-01-06T08:19:52+00:00","description":"Ime raziskovalno-razvojnega inovativnega programa MARTINA izhaja iz kratic MAteRiali in Tehnologije za Nove Aplikacije.","breadcrumb":{"@id":"https:\/\/www.ntf.uni-lj.si\/omm\/materiali-in-tehnologije-za-nove-aplikacije-martina\/#breadcrumb"},"inLanguage":"en-US","potentialAction":[{"@type":"ReadAction","target":["https:\/\/www.ntf.uni-lj.si\/omm\/materiali-in-tehnologije-za-nove-aplikacije-martina\/"]}]},{"@type":"BreadcrumbList","@id":"https:\/\/www.ntf.uni-lj.si\/omm\/materiali-in-tehnologije-za-nove-aplikacije-martina\/#breadcrumb","itemListElement":[{"@type":"ListItem","position":1,"name":"Domov","item":"https:\/\/www.ntf.uni-lj.si\/omm\/"},{"@type":"ListItem","position":2,"name":"Materiali in tehnologije za nove aplikacije &#8211; MARTINA"}]}]}},"_links":{"self":[{"href":"https:\/\/www.ntf.uni-lj.si\/omm\/wp-json\/wp\/v2\/pages\/8438"}],"collection":[{"href":"https:\/\/www.ntf.uni-lj.si\/omm\/wp-json\/wp\/v2\/pages"}],"about":[{"href":"https:\/\/www.ntf.uni-lj.si\/omm\/wp-json\/wp\/v2\/types\/page"}],"author":[{"embeddable":true,"href":"https:\/\/www.ntf.uni-lj.si\/omm\/wp-json\/wp\/v2\/users\/173"}],"replies":[{"embeddable":true,"href":"https:\/\/www.ntf.uni-lj.si\/omm\/wp-json\/wp\/v2\/comments?post=8438"}],"version-history":[{"count":1,"href":"https:\/\/www.ntf.uni-lj.si\/omm\/wp-json\/wp\/v2\/pages\/8438\/revisions"}],"predecessor-version":[{"id":8441,"href":"https:\/\/www.ntf.uni-lj.si\/omm\/wp-json\/wp\/v2\/pages\/8438\/revisions\/8441"}],"wp:attachment":[{"href":"https:\/\/www.ntf.uni-lj.si\/omm\/wp-json\/wp\/v2\/media?parent=8438"}],"curies":[{"name":"wp","href":"https:\/\/api.w.org\/{rel}","templated":true}]}}