{"id":13380,"date":"2019-02-12T12:10:50","date_gmt":"2019-02-12T11:10:50","guid":{"rendered":"http:\/\/www.ntf.uni-lj.si\/oto\/?page_id=13380"},"modified":"2026-01-15T15:10:53","modified_gmt":"2026-01-15T14:10:53","slug":"zbornik-programa","status":"publish","type":"page","link":"https:\/\/www.ntf.uni-lj.si\/oto\/studij\/2-stopnja\/oblikovanje-tekstilij-in-oblacil-mag\/zbornik-programa\/","title":{"rendered":"Zbornik programa"},"content":{"rendered":"<p>Ogled zbornika \u0161tudijskega programa v teko\u010dem \u0161tudijskem letu je mogo\u010d v priponki.<\/p>\n","protected":false},"excerpt":{"rendered":"Ogled zbornika \u0161tudijskega programa v teko\u010dem \u0161tudijskem letu je mogo\u010d v priponki.","protected":false},"author":50,"featured_media":0,"parent":363,"menu_order":41,"comment_status":"closed","ping_status":"closed","template":"","meta":[],"acf":[],"yoast_head":"<!-- This site is optimized with the Yoast SEO plugin v17.0 - https:\/\/yoast.com\/wordpress\/plugins\/seo\/ -->\n<meta name=\"robots\" content=\"index, follow, max-snippet:-1, max-image-preview:large, max-video-preview:-1\" \/>\n<link rel=\"canonical\" href=\"https:\/\/www.ntf.uni-lj.si\/oto\/studij\/2-stopnja\/oblikovanje-tekstilij-in-oblacil-mag\/zbornik-programa\/\" \/>\n<meta property=\"og:locale\" content=\"en_US\" \/>\n<meta property=\"og:type\" content=\"article\" \/>\n<meta property=\"og:title\" content=\"Zbornik programa - OTO\" \/>\n<meta property=\"og:description\" content=\"Ogled zbornika \u0161tudijskega programa v teko\u010dem \u0161tudijskem letu je mogo\u010d v priponki.\" \/>\n<meta property=\"og:url\" content=\"https:\/\/www.ntf.uni-lj.si\/oto\/studij\/2-stopnja\/oblikovanje-tekstilij-in-oblacil-mag\/zbornik-programa\/\" \/>\n<meta property=\"og:site_name\" content=\"OTO\" \/>\n<meta property=\"article:modified_time\" content=\"2026-01-15T14:10:53+00:00\" \/>\n<meta name=\"twitter:label1\" content=\"Est. reading time\" \/>\n\t<meta name=\"twitter:data1\" content=\"1 minute\" \/>\n<script type=\"application\/ld+json\" class=\"yoast-schema-graph\">{\"@context\":\"https:\/\/schema.org\",\"@graph\":[{\"@type\":\"WebSite\",\"@id\":\"https:\/\/www.ntf.uni-lj.si\/oto\/en\/#website\",\"url\":\"https:\/\/www.ntf.uni-lj.si\/oto\/en\/\",\"name\":\"OTO\",\"description\":\"Katedra za oblikovanje tekstilij in obla\\u010dil\",\"potentialAction\":[{\"@type\":\"SearchAction\",\"target\":{\"@type\":\"EntryPoint\",\"urlTemplate\":\"https:\/\/www.ntf.uni-lj.si\/oto\/en\/?s={search_term_string}\"},\"query-input\":\"required name=search_term_string\"}],\"inLanguage\":\"en-US\"},{\"@type\":\"WebPage\",\"@id\":\"https:\/\/www.ntf.uni-lj.si\/oto\/studij\/2-stopnja\/oblikovanje-tekstilij-in-oblacil-mag\/zbornik-programa\/#webpage\",\"url\":\"https:\/\/www.ntf.uni-lj.si\/oto\/studij\/2-stopnja\/oblikovanje-tekstilij-in-oblacil-mag\/zbornik-programa\/\",\"name\":\"Zbornik programa - OTO\",\"isPartOf\":{\"@id\":\"https:\/\/www.ntf.uni-lj.si\/oto\/en\/#website\"},\"datePublished\":\"2019-02-12T11:10:50+00:00\",\"dateModified\":\"2026-01-15T14:10:53+00:00\",\"breadcrumb\":{\"@id\":\"https:\/\/www.ntf.uni-lj.si\/oto\/studij\/2-stopnja\/oblikovanje-tekstilij-in-oblacil-mag\/zbornik-programa\/#breadcrumb\"},\"inLanguage\":\"en-US\",\"potentialAction\":[{\"@type\":\"ReadAction\",\"target\":[\"https:\/\/www.ntf.uni-lj.si\/oto\/studij\/2-stopnja\/oblikovanje-tekstilij-in-oblacil-mag\/zbornik-programa\/\"]}]},{\"@type\":\"BreadcrumbList\",\"@id\":\"https:\/\/www.ntf.uni-lj.si\/oto\/studij\/2-stopnja\/oblikovanje-tekstilij-in-oblacil-mag\/zbornik-programa\/#breadcrumb\",\"itemListElement\":[{\"@type\":\"ListItem\",\"position\":1,\"name\":\"Home\",\"item\":\"https:\/\/www.ntf.uni-lj.si\/oto\/en\/\"},{\"@type\":\"ListItem\",\"position\":2,\"name\":\"\\u0160tudij\",\"item\":\"https:\/\/www.ntf.uni-lj.si\/oto\/studij\/\"},{\"@type\":\"ListItem\",\"position\":3,\"name\":\"2. stopnja\",\"item\":\"https:\/\/www.ntf.uni-lj.si\/oto\/studij\/2-stopnja\/\"},{\"@type\":\"ListItem\",\"position\":4,\"name\":\"Oblikovanje tekstilij in obla\\u010dil (MAG)\",\"item\":\"https:\/\/www.ntf.uni-lj.si\/oto\/studij\/2-stopnja\/oblikovanje-tekstilij-in-oblacil-mag\/\"},{\"@type\":\"ListItem\",\"position\":5,\"name\":\"Zbornik programa\"}]}]}<\/script>\n<!-- \/ Yoast SEO plugin. -->","yoast_head_json":{"robots":{"index":"index","follow":"follow","max-snippet":"max-snippet:-1","max-image-preview":"max-image-preview:large","max-video-preview":"max-video-preview:-1"},"canonical":"https:\/\/www.ntf.uni-lj.si\/oto\/studij\/2-stopnja\/oblikovanje-tekstilij-in-oblacil-mag\/zbornik-programa\/","og_locale":"en_US","og_type":"article","og_title":"Zbornik programa - OTO","og_description":"Ogled zbornika \u0161tudijskega programa v teko\u010dem \u0161tudijskem letu je mogo\u010d v priponki.","og_url":"https:\/\/www.ntf.uni-lj.si\/oto\/studij\/2-stopnja\/oblikovanje-tekstilij-in-oblacil-mag\/zbornik-programa\/","og_site_name":"OTO","article_modified_time":"2026-01-15T14:10:53+00:00","twitter_misc":{"Est. reading time":"1 minute"},"schema":{"@context":"https:\/\/schema.org","@graph":[{"@type":"WebSite","@id":"https:\/\/www.ntf.uni-lj.si\/oto\/en\/#website","url":"https:\/\/www.ntf.uni-lj.si\/oto\/en\/","name":"OTO","description":"Katedra za oblikovanje tekstilij in obla\u010dil","potentialAction":[{"@type":"SearchAction","target":{"@type":"EntryPoint","urlTemplate":"https:\/\/www.ntf.uni-lj.si\/oto\/en\/?s={search_term_string}"},"query-input":"required name=search_term_string"}],"inLanguage":"en-US"},{"@type":"WebPage","@id":"https:\/\/www.ntf.uni-lj.si\/oto\/studij\/2-stopnja\/oblikovanje-tekstilij-in-oblacil-mag\/zbornik-programa\/#webpage","url":"https:\/\/www.ntf.uni-lj.si\/oto\/studij\/2-stopnja\/oblikovanje-tekstilij-in-oblacil-mag\/zbornik-programa\/","name":"Zbornik programa - OTO","isPartOf":{"@id":"https:\/\/www.ntf.uni-lj.si\/oto\/en\/#website"},"datePublished":"2019-02-12T11:10:50+00:00","dateModified":"2026-01-15T14:10:53+00:00","breadcrumb":{"@id":"https:\/\/www.ntf.uni-lj.si\/oto\/studij\/2-stopnja\/oblikovanje-tekstilij-in-oblacil-mag\/zbornik-programa\/#breadcrumb"},"inLanguage":"en-US","potentialAction":[{"@type":"ReadAction","target":["https:\/\/www.ntf.uni-lj.si\/oto\/studij\/2-stopnja\/oblikovanje-tekstilij-in-oblacil-mag\/zbornik-programa\/"]}]},{"@type":"BreadcrumbList","@id":"https:\/\/www.ntf.uni-lj.si\/oto\/studij\/2-stopnja\/oblikovanje-tekstilij-in-oblacil-mag\/zbornik-programa\/#breadcrumb","itemListElement":[{"@type":"ListItem","position":1,"name":"Home","item":"https:\/\/www.ntf.uni-lj.si\/oto\/en\/"},{"@type":"ListItem","position":2,"name":"\u0160tudij","item":"https:\/\/www.ntf.uni-lj.si\/oto\/studij\/"},{"@type":"ListItem","position":3,"name":"2. stopnja","item":"https:\/\/www.ntf.uni-lj.si\/oto\/studij\/2-stopnja\/"},{"@type":"ListItem","position":4,"name":"Oblikovanje tekstilij in obla\u010dil (MAG)","item":"https:\/\/www.ntf.uni-lj.si\/oto\/studij\/2-stopnja\/oblikovanje-tekstilij-in-oblacil-mag\/"},{"@type":"ListItem","position":5,"name":"Zbornik programa"}]}]}},"_links":{"self":[{"href":"https:\/\/www.ntf.uni-lj.si\/oto\/wp-json\/wp\/v2\/pages\/13380"}],"collection":[{"href":"https:\/\/www.ntf.uni-lj.si\/oto\/wp-json\/wp\/v2\/pages"}],"about":[{"href":"https:\/\/www.ntf.uni-lj.si\/oto\/wp-json\/wp\/v2\/types\/page"}],"author":[{"embeddable":true,"href":"https:\/\/www.ntf.uni-lj.si\/oto\/wp-json\/wp\/v2\/users\/50"}],"replies":[{"embeddable":true,"href":"https:\/\/www.ntf.uni-lj.si\/oto\/wp-json\/wp\/v2\/comments?post=13380"}],"version-history":[{"count":20,"href":"https:\/\/www.ntf.uni-lj.si\/oto\/wp-json\/wp\/v2\/pages\/13380\/revisions"}],"predecessor-version":[{"id":25002,"href":"https:\/\/www.ntf.uni-lj.si\/oto\/wp-json\/wp\/v2\/pages\/13380\/revisions\/25002"}],"up":[{"embeddable":true,"href":"https:\/\/www.ntf.uni-lj.si\/oto\/wp-json\/wp\/v2\/pages\/363"}],"wp:attachment":[{"href":"https:\/\/www.ntf.uni-lj.si\/oto\/wp-json\/wp\/v2\/media?parent=13380"}],"curies":[{"name":"wp","href":"https:\/\/api.w.org\/{rel}","templated":true}]}}