{"id":16816,"date":"2021-03-03T13:05:02","date_gmt":"2021-03-03T12:05:02","guid":{"rendered":"http:\/\/www.ntf.uni-lj.si\/oto\/?page_id=16816"},"modified":"2021-03-04T13:14:59","modified_gmt":"2021-03-04T12:14:59","slug":"nagrade-in-priznanja-dos-2015","status":"publish","type":"page","link":"https:\/\/www.ntf.uni-lj.si\/oto\/galerija\/foto-galerija\/nagrade-in-priznanja-dos-2015\/","title":{"rendered":"Nagrade in priznanja DOS 2015"},"content":{"rendered":"<p>V \u010detrtek,\u00a0<strong>12. 11. 2015<\/strong>\u00a0\u00a0je na slovesnosti v Cankarjevem domu\u00a0<a href=\"http:\/\/www.dos-design.si\/drustvo\">Dru\u0161tvo oblikovalcev Slovenije<\/a>\u00a0\u00a0letos \u017ee osmi\u010d podelilo nagrade in priznanja.\u00a0 Zaslu\u017ena profesorica\u00a0<strong>Metka Vrhunc<\/strong>\u00a0in\u00a0<strong>Vesna Gaber\u0161\u010dik Ilgo<\/strong>\u00a0sta prejeli\u00a0\u00a0<strong>nagrado za \u017eivljenjsko delo na podro\u010dju oblikovanja obla\u010dil<\/strong>.<\/p>\n<p>Podeli so \u0161tiri priznanja za oblikovalske dose\u017eke ter eno\u00a0<strong>priznanje za oblikovalski prese\u017eek<\/strong>, ki ga je prejel projekt<strong>\u00a0<a href=\"https:\/\/www.shirting.si\/\">shirting \u2026<\/a><\/strong>\u00a0in ekipa oblikovalcev\u00a0<strong>Elena Fajt<\/strong>,\u00a0<strong>Dejan Krajnik<\/strong>\u00a0in\u00a0<strong>Lucija Jankovec<\/strong>.<\/p>\n","protected":false},"excerpt":{"rendered":"V \u010detrtek,\u00a012. 11. 2015\u00a0\u00a0je na slovesnosti v Cankarjevem domu\u00a0Dru\u0161tvo oblikovalcev Slovenije\u00a0\u00a0letos \u017ee osmi\u010d podelilo nagrade in priznanja.\u00a0 Zaslu\u017ena profesorica\u00a0Metka Vrhunc\u00a0in\u00a0Vesna Gaber\u0161\u010dik Ilgo\u00a0sta prejeli\u00a0\u00a0nagrado za \u017eivljenjsko delo na podro\u010dju oblikovanja obla\u010dil. Podeli so \u0161tiri priznanja za oblikovalske dose\u017eke ter eno\u00a0priznanje za oblikovalski prese\u017eek, ki ga je prejel projekt\u00a0shirting \u2026\u00a0in ekipa oblikovalcev\u00a0Elena Fajt,\u00a0Dejan Krajnik\u00a0in\u00a0Lucija Jankovec.","protected":false},"author":50,"featured_media":0,"parent":5947,"menu_order":1000,"comment_status":"closed","ping_status":"closed","template":"","meta":[],"acf":[],"yoast_head":"<!-- This site is optimized with the Yoast SEO plugin v17.0 - https:\/\/yoast.com\/wordpress\/plugins\/seo\/ -->\n<meta name=\"robots\" content=\"index, follow, max-snippet:-1, max-image-preview:large, max-video-preview:-1\" \/>\n<link rel=\"canonical\" href=\"https:\/\/www.ntf.uni-lj.si\/oto\/galerija\/foto-galerija\/nagrade-in-priznanja-dos-2015\/\" \/>\n<meta property=\"og:locale\" content=\"en_US\" \/>\n<meta property=\"og:type\" content=\"article\" \/>\n<meta property=\"og:title\" content=\"Nagrade in priznanja DOS 2015 - OTO\" \/>\n<meta property=\"og:description\" content=\"V \u010detrtek,\u00a012. 11. 2015\u00a0\u00a0je na slovesnosti v Cankarjevem domu\u00a0Dru\u0161tvo oblikovalcev Slovenije\u00a0\u00a0letos \u017ee osmi\u010d podelilo nagrade in priznanja.\u00a0 Zaslu\u017ena profesorica\u00a0Metka Vrhunc\u00a0in\u00a0Vesna Gaber\u0161\u010dik Ilgo\u00a0sta prejeli\u00a0\u00a0nagrado za \u017eivljenjsko delo na podro\u010dju oblikovanja obla\u010dil. Podeli so \u0161tiri priznanja za oblikovalske dose\u017eke ter eno\u00a0priznanje za oblikovalski prese\u017eek, ki ga je prejel projekt\u00a0shirting \u2026\u00a0in ekipa oblikovalcev\u00a0Elena Fajt,\u00a0Dejan Krajnik\u00a0in\u00a0Lucija Jankovec.\" \/>\n<meta property=\"og:url\" content=\"https:\/\/www.ntf.uni-lj.si\/oto\/galerija\/foto-galerija\/nagrade-in-priznanja-dos-2015\/\" \/>\n<meta property=\"og:site_name\" content=\"OTO\" \/>\n<meta property=\"article:modified_time\" content=\"2021-03-04T12:14:59+00:00\" \/>\n<script type=\"application\/ld+json\" class=\"yoast-schema-graph\">{\"@context\":\"https:\/\/schema.org\",\"@graph\":[{\"@type\":\"WebSite\",\"@id\":\"https:\/\/www.ntf.uni-lj.si\/oto\/en\/#website\",\"url\":\"https:\/\/www.ntf.uni-lj.si\/oto\/en\/\",\"name\":\"OTO\",\"description\":\"Katedra za oblikovanje tekstilij in obla\\u010dil\",\"potentialAction\":[{\"@type\":\"SearchAction\",\"target\":{\"@type\":\"EntryPoint\",\"urlTemplate\":\"https:\/\/www.ntf.uni-lj.si\/oto\/en\/?s={search_term_string}\"},\"query-input\":\"required name=search_term_string\"}],\"inLanguage\":\"en-US\"},{\"@type\":\"WebPage\",\"@id\":\"https:\/\/www.ntf.uni-lj.si\/oto\/galerija\/foto-galerija\/nagrade-in-priznanja-dos-2015\/#webpage\",\"url\":\"https:\/\/www.ntf.uni-lj.si\/oto\/galerija\/foto-galerija\/nagrade-in-priznanja-dos-2015\/\",\"name\":\"Nagrade in priznanja DOS 2015 - OTO\",\"isPartOf\":{\"@id\":\"https:\/\/www.ntf.uni-lj.si\/oto\/en\/#website\"},\"datePublished\":\"2021-03-03T12:05:02+00:00\",\"dateModified\":\"2021-03-04T12:14:59+00:00\",\"breadcrumb\":{\"@id\":\"https:\/\/www.ntf.uni-lj.si\/oto\/galerija\/foto-galerija\/nagrade-in-priznanja-dos-2015\/#breadcrumb\"},\"inLanguage\":\"en-US\",\"potentialAction\":[{\"@type\":\"ReadAction\",\"target\":[\"https:\/\/www.ntf.uni-lj.si\/oto\/galerija\/foto-galerija\/nagrade-in-priznanja-dos-2015\/\"]}]},{\"@type\":\"BreadcrumbList\",\"@id\":\"https:\/\/www.ntf.uni-lj.si\/oto\/galerija\/foto-galerija\/nagrade-in-priznanja-dos-2015\/#breadcrumb\",\"itemListElement\":[{\"@type\":\"ListItem\",\"position\":1,\"name\":\"Home\",\"item\":\"https:\/\/www.ntf.uni-lj.si\/oto\/en\/\"},{\"@type\":\"ListItem\",\"position\":2,\"name\":\"Galerija\",\"item\":\"https:\/\/www.ntf.uni-lj.si\/oto\/galerija\/\"},{\"@type\":\"ListItem\",\"position\":3,\"name\":\"Dose\\u017eki\",\"item\":\"https:\/\/www.ntf.uni-lj.si\/oto\/galerija\/foto-galerija\/\"},{\"@type\":\"ListItem\",\"position\":4,\"name\":\"Nagrade in priznanja DOS 2015\"}]}]}<\/script>\n<!-- \/ Yoast SEO plugin. -->","yoast_head_json":{"robots":{"index":"index","follow":"follow","max-snippet":"max-snippet:-1","max-image-preview":"max-image-preview:large","max-video-preview":"max-video-preview:-1"},"canonical":"https:\/\/www.ntf.uni-lj.si\/oto\/galerija\/foto-galerija\/nagrade-in-priznanja-dos-2015\/","og_locale":"en_US","og_type":"article","og_title":"Nagrade in priznanja DOS 2015 - OTO","og_description":"V \u010detrtek,\u00a012. 11. 2015\u00a0\u00a0je na slovesnosti v Cankarjevem domu\u00a0Dru\u0161tvo oblikovalcev Slovenije\u00a0\u00a0letos \u017ee osmi\u010d podelilo nagrade in priznanja.\u00a0 Zaslu\u017ena profesorica\u00a0Metka Vrhunc\u00a0in\u00a0Vesna Gaber\u0161\u010dik Ilgo\u00a0sta prejeli\u00a0\u00a0nagrado za \u017eivljenjsko delo na podro\u010dju oblikovanja obla\u010dil. Podeli so \u0161tiri priznanja za oblikovalske dose\u017eke ter eno\u00a0priznanje za oblikovalski prese\u017eek, ki ga je prejel projekt\u00a0shirting \u2026\u00a0in ekipa oblikovalcev\u00a0Elena Fajt,\u00a0Dejan Krajnik\u00a0in\u00a0Lucija Jankovec.","og_url":"https:\/\/www.ntf.uni-lj.si\/oto\/galerija\/foto-galerija\/nagrade-in-priznanja-dos-2015\/","og_site_name":"OTO","article_modified_time":"2021-03-04T12:14:59+00:00","schema":{"@context":"https:\/\/schema.org","@graph":[{"@type":"WebSite","@id":"https:\/\/www.ntf.uni-lj.si\/oto\/en\/#website","url":"https:\/\/www.ntf.uni-lj.si\/oto\/en\/","name":"OTO","description":"Katedra za oblikovanje tekstilij in obla\u010dil","potentialAction":[{"@type":"SearchAction","target":{"@type":"EntryPoint","urlTemplate":"https:\/\/www.ntf.uni-lj.si\/oto\/en\/?s={search_term_string}"},"query-input":"required name=search_term_string"}],"inLanguage":"en-US"},{"@type":"WebPage","@id":"https:\/\/www.ntf.uni-lj.si\/oto\/galerija\/foto-galerija\/nagrade-in-priznanja-dos-2015\/#webpage","url":"https:\/\/www.ntf.uni-lj.si\/oto\/galerija\/foto-galerija\/nagrade-in-priznanja-dos-2015\/","name":"Nagrade in priznanja DOS 2015 - OTO","isPartOf":{"@id":"https:\/\/www.ntf.uni-lj.si\/oto\/en\/#website"},"datePublished":"2021-03-03T12:05:02+00:00","dateModified":"2021-03-04T12:14:59+00:00","breadcrumb":{"@id":"https:\/\/www.ntf.uni-lj.si\/oto\/galerija\/foto-galerija\/nagrade-in-priznanja-dos-2015\/#breadcrumb"},"inLanguage":"en-US","potentialAction":[{"@type":"ReadAction","target":["https:\/\/www.ntf.uni-lj.si\/oto\/galerija\/foto-galerija\/nagrade-in-priznanja-dos-2015\/"]}]},{"@type":"BreadcrumbList","@id":"https:\/\/www.ntf.uni-lj.si\/oto\/galerija\/foto-galerija\/nagrade-in-priznanja-dos-2015\/#breadcrumb","itemListElement":[{"@type":"ListItem","position":1,"name":"Home","item":"https:\/\/www.ntf.uni-lj.si\/oto\/en\/"},{"@type":"ListItem","position":2,"name":"Galerija","item":"https:\/\/www.ntf.uni-lj.si\/oto\/galerija\/"},{"@type":"ListItem","position":3,"name":"Dose\u017eki","item":"https:\/\/www.ntf.uni-lj.si\/oto\/galerija\/foto-galerija\/"},{"@type":"ListItem","position":4,"name":"Nagrade in priznanja DOS 2015"}]}]}},"_links":{"self":[{"href":"https:\/\/www.ntf.uni-lj.si\/oto\/wp-json\/wp\/v2\/pages\/16816"}],"collection":[{"href":"https:\/\/www.ntf.uni-lj.si\/oto\/wp-json\/wp\/v2\/pages"}],"about":[{"href":"https:\/\/www.ntf.uni-lj.si\/oto\/wp-json\/wp\/v2\/types\/page"}],"author":[{"embeddable":true,"href":"https:\/\/www.ntf.uni-lj.si\/oto\/wp-json\/wp\/v2\/users\/50"}],"replies":[{"embeddable":true,"href":"https:\/\/www.ntf.uni-lj.si\/oto\/wp-json\/wp\/v2\/comments?post=16816"}],"version-history":[{"count":14,"href":"https:\/\/www.ntf.uni-lj.si\/oto\/wp-json\/wp\/v2\/pages\/16816\/revisions"}],"predecessor-version":[{"id":16840,"href":"https:\/\/www.ntf.uni-lj.si\/oto\/wp-json\/wp\/v2\/pages\/16816\/revisions\/16840"}],"up":[{"embeddable":true,"href":"https:\/\/www.ntf.uni-lj.si\/oto\/wp-json\/wp\/v2\/pages\/5947"}],"wp:attachment":[{"href":"https:\/\/www.ntf.uni-lj.si\/oto\/wp-json\/wp\/v2\/media?parent=16816"}],"curies":[{"name":"wp","href":"https:\/\/api.w.org\/{rel}","templated":true}]}}