{"id":16818,"date":"2021-03-03T13:06:45","date_gmt":"2021-03-03T12:06:45","guid":{"rendered":"http:\/\/www.ntf.uni-lj.si\/oto\/?page_id=16818"},"modified":"2021-03-04T11:46:21","modified_gmt":"2021-03-04T10:46:21","slug":"nagradi-dos-za-zivljenjsko-delo","status":"publish","type":"page","link":"https:\/\/www.ntf.uni-lj.si\/oto\/galerija\/foto-galerija\/nagrade-in-priznanja-dos-2015\/nagradi-dos-za-zivljenjsko-delo\/","title":{"rendered":"Nagradi DOS za \u017eivljenjsko delo"},"content":{"rendered":"<p>Zaslu\u017ena profesorica\u00a0<strong>Metka Vrhunc<\/strong>\u00a0in\u00a0<strong>Vesna Gaber\u0161\u010dik Ilgo<\/strong>\u00a0sta prejeli nagradi\u00a0DOS \u2013\u00a0<strong>Dru\u0161tva oblikovalcev Slovenije za \u017eivljenjsko delo na podro\u010dju oblikovanja obla\u010dil.<\/strong><\/p>\n<p>Metka Vrhunc in Vesna Gaber\u0161\u010dik Ilgo sodita v generacijo ustvarjalcev, ki so v za\u010detku sedemdesetih let prej\u0161njega stoletja za\u010deli uveljavljati poklic modnega oblikovalca v slovenski tekstilni industriji, natan\u010dneje, v usnjarsko predelovalni in industriji pletenin. Za svoje delo sta prejeli vrsto strokovnih priznanj in nagrad doma in v mednarodnem prostoru, bili dejavni v Dru\u0161tvu oblikovalcev, prirejali razstave in modne revije, tako samostojne kot s \u0161tudenti Katedre za oblikovanje tekstilij in obla\u010dil, kjer sta predajali svoja znanja in izku\u0161nje \u0161tevilnim generacijam mladih modnih oblikovalcev.<br \/>\n<strong>Metka Vrhunc<\/strong>\u00a0je med \u0161tevilnimi priznanji za svoje ustvarjalno delo prejela tudi nagrado Pre\u0161ernovega sklada. Kot profesorica na Naravoslovnotehni\u0161ki fakulteti je sodelovala pri oblikovanju programa visoko\u0161olskega \u0161tudija oblikovanja tekstilij in obla\u010dil, ustanovljenega leta 1979. Univerza v Ljubljani ji je podelila naziv zaslu\u017ena profesorica.<br \/>\n<strong>Vesna Gaber\u0161\u010dik Ilgo<\/strong>\u00a0je bila dolgoletna oblikovalka pletenin v Almiri, ki je prav po njeni zaslugi postala najbolj cenjen in uspe\u0161en proizvajalec pletenin. Za svoje oblikovalsko delo je prejela \u0161tevilna priznanja in nagrade, najve\u010d pod imenom Almira design, prejela je tudi nagrado Pre\u0161ernovega sklada.<\/p>\n","protected":false},"excerpt":{"rendered":"Zaslu\u017ena profesorica\u00a0Metka Vrhunc\u00a0in\u00a0Vesna Gaber\u0161\u010dik Ilgo\u00a0sta prejeli nagradi\u00a0DOS \u2013\u00a0Dru\u0161tva oblikovalcev Slovenije za \u017eivljenjsko delo na podro\u010dju oblikovanja obla\u010dil. Metka Vrhunc in Vesna Gaber\u0161\u010dik Ilgo sodita v generacijo ustvarjalcev, ki so v za\u010detku sedemdesetih let prej\u0161njega stoletja za\u010deli uveljavljati poklic modnega oblikovalca v slovenski tekstilni industriji, natan\u010dneje, v usnjarsko predelovalni in industriji pletenin. Za svoje delo sta &#8230; <a class=\"view-article\" href=\"https:\/\/www.ntf.uni-lj.si\/oto\/galerija\/foto-galerija\/nagrade-in-priznanja-dos-2015\/nagradi-dos-za-zivljenjsko-delo\/\">Read more<\/a>","protected":false},"author":50,"featured_media":0,"parent":16816,"menu_order":1,"comment_status":"closed","ping_status":"closed","template":"","meta":[],"acf":[],"yoast_head":"<!-- This site is optimized with the Yoast SEO plugin v17.0 - https:\/\/yoast.com\/wordpress\/plugins\/seo\/ -->\n<meta name=\"robots\" content=\"index, follow, max-snippet:-1, max-image-preview:large, max-video-preview:-1\" \/>\n<link rel=\"canonical\" href=\"https:\/\/www.ntf.uni-lj.si\/oto\/galerija\/foto-galerija\/nagrade-in-priznanja-dos-2015\/nagradi-dos-za-zivljenjsko-delo\/\" \/>\n<meta property=\"og:locale\" content=\"en_US\" \/>\n<meta property=\"og:type\" content=\"article\" \/>\n<meta property=\"og:title\" content=\"Nagradi DOS za \u017eivljenjsko delo - OTO\" \/>\n<meta property=\"og:description\" content=\"Zaslu\u017ena profesorica\u00a0Metka Vrhunc\u00a0in\u00a0Vesna Gaber\u0161\u010dik Ilgo\u00a0sta prejeli nagradi\u00a0DOS \u2013\u00a0Dru\u0161tva oblikovalcev Slovenije za \u017eivljenjsko delo na podro\u010dju oblikovanja obla\u010dil. Metka Vrhunc in Vesna Gaber\u0161\u010dik Ilgo sodita v generacijo ustvarjalcev, ki so v za\u010detku sedemdesetih let prej\u0161njega stoletja za\u010deli uveljavljati poklic modnega oblikovalca v slovenski tekstilni industriji, natan\u010dneje, v usnjarsko predelovalni in industriji pletenin. Za svoje delo sta ... Read more\" \/>\n<meta property=\"og:url\" content=\"https:\/\/www.ntf.uni-lj.si\/oto\/galerija\/foto-galerija\/nagrade-in-priznanja-dos-2015\/nagradi-dos-za-zivljenjsko-delo\/\" \/>\n<meta property=\"og:site_name\" content=\"OTO\" \/>\n<meta property=\"article:modified_time\" content=\"2021-03-04T10:46:21+00:00\" \/>\n<meta name=\"twitter:label1\" content=\"Est. reading time\" \/>\n\t<meta name=\"twitter:data1\" content=\"1 minute\" \/>\n<script type=\"application\/ld+json\" class=\"yoast-schema-graph\">{\"@context\":\"https:\/\/schema.org\",\"@graph\":[{\"@type\":\"WebSite\",\"@id\":\"https:\/\/www.ntf.uni-lj.si\/oto\/en\/#website\",\"url\":\"https:\/\/www.ntf.uni-lj.si\/oto\/en\/\",\"name\":\"OTO\",\"description\":\"Katedra za oblikovanje tekstilij in obla\\u010dil\",\"potentialAction\":[{\"@type\":\"SearchAction\",\"target\":{\"@type\":\"EntryPoint\",\"urlTemplate\":\"https:\/\/www.ntf.uni-lj.si\/oto\/en\/?s={search_term_string}\"},\"query-input\":\"required name=search_term_string\"}],\"inLanguage\":\"en-US\"},{\"@type\":\"WebPage\",\"@id\":\"https:\/\/www.ntf.uni-lj.si\/oto\/galerija\/foto-galerija\/nagrade-in-priznanja-dos-2015\/nagradi-dos-za-zivljenjsko-delo\/#webpage\",\"url\":\"https:\/\/www.ntf.uni-lj.si\/oto\/galerija\/foto-galerija\/nagrade-in-priznanja-dos-2015\/nagradi-dos-za-zivljenjsko-delo\/\",\"name\":\"Nagradi DOS za \\u017eivljenjsko delo - OTO\",\"isPartOf\":{\"@id\":\"https:\/\/www.ntf.uni-lj.si\/oto\/en\/#website\"},\"datePublished\":\"2021-03-03T12:06:45+00:00\",\"dateModified\":\"2021-03-04T10:46:21+00:00\",\"breadcrumb\":{\"@id\":\"https:\/\/www.ntf.uni-lj.si\/oto\/galerija\/foto-galerija\/nagrade-in-priznanja-dos-2015\/nagradi-dos-za-zivljenjsko-delo\/#breadcrumb\"},\"inLanguage\":\"en-US\",\"potentialAction\":[{\"@type\":\"ReadAction\",\"target\":[\"https:\/\/www.ntf.uni-lj.si\/oto\/galerija\/foto-galerija\/nagrade-in-priznanja-dos-2015\/nagradi-dos-za-zivljenjsko-delo\/\"]}]},{\"@type\":\"BreadcrumbList\",\"@id\":\"https:\/\/www.ntf.uni-lj.si\/oto\/galerija\/foto-galerija\/nagrade-in-priznanja-dos-2015\/nagradi-dos-za-zivljenjsko-delo\/#breadcrumb\",\"itemListElement\":[{\"@type\":\"ListItem\",\"position\":1,\"name\":\"Home\",\"item\":\"https:\/\/www.ntf.uni-lj.si\/oto\/en\/\"},{\"@type\":\"ListItem\",\"position\":2,\"name\":\"Galerija\",\"item\":\"https:\/\/www.ntf.uni-lj.si\/oto\/galerija\/\"},{\"@type\":\"ListItem\",\"position\":3,\"name\":\"Dose\\u017eki\",\"item\":\"https:\/\/www.ntf.uni-lj.si\/oto\/galerija\/foto-galerija\/\"},{\"@type\":\"ListItem\",\"position\":4,\"name\":\"Nagrade in priznanja DOS 2015\",\"item\":\"https:\/\/www.ntf.uni-lj.si\/oto\/galerija\/foto-galerija\/nagrade-in-priznanja-dos-2015\/\"},{\"@type\":\"ListItem\",\"position\":5,\"name\":\"Nagradi DOS za \\u017eivljenjsko delo\"}]}]}<\/script>\n<!-- \/ Yoast SEO plugin. -->","yoast_head_json":{"robots":{"index":"index","follow":"follow","max-snippet":"max-snippet:-1","max-image-preview":"max-image-preview:large","max-video-preview":"max-video-preview:-1"},"canonical":"https:\/\/www.ntf.uni-lj.si\/oto\/galerija\/foto-galerija\/nagrade-in-priznanja-dos-2015\/nagradi-dos-za-zivljenjsko-delo\/","og_locale":"en_US","og_type":"article","og_title":"Nagradi DOS za \u017eivljenjsko delo - OTO","og_description":"Zaslu\u017ena profesorica\u00a0Metka Vrhunc\u00a0in\u00a0Vesna Gaber\u0161\u010dik Ilgo\u00a0sta prejeli nagradi\u00a0DOS \u2013\u00a0Dru\u0161tva oblikovalcev Slovenije za \u017eivljenjsko delo na podro\u010dju oblikovanja obla\u010dil. Metka Vrhunc in Vesna Gaber\u0161\u010dik Ilgo sodita v generacijo ustvarjalcev, ki so v za\u010detku sedemdesetih let prej\u0161njega stoletja za\u010deli uveljavljati poklic modnega oblikovalca v slovenski tekstilni industriji, natan\u010dneje, v usnjarsko predelovalni in industriji pletenin. Za svoje delo sta ... Read more","og_url":"https:\/\/www.ntf.uni-lj.si\/oto\/galerija\/foto-galerija\/nagrade-in-priznanja-dos-2015\/nagradi-dos-za-zivljenjsko-delo\/","og_site_name":"OTO","article_modified_time":"2021-03-04T10:46:21+00:00","twitter_misc":{"Est. reading time":"1 minute"},"schema":{"@context":"https:\/\/schema.org","@graph":[{"@type":"WebSite","@id":"https:\/\/www.ntf.uni-lj.si\/oto\/en\/#website","url":"https:\/\/www.ntf.uni-lj.si\/oto\/en\/","name":"OTO","description":"Katedra za oblikovanje tekstilij in obla\u010dil","potentialAction":[{"@type":"SearchAction","target":{"@type":"EntryPoint","urlTemplate":"https:\/\/www.ntf.uni-lj.si\/oto\/en\/?s={search_term_string}"},"query-input":"required name=search_term_string"}],"inLanguage":"en-US"},{"@type":"WebPage","@id":"https:\/\/www.ntf.uni-lj.si\/oto\/galerija\/foto-galerija\/nagrade-in-priznanja-dos-2015\/nagradi-dos-za-zivljenjsko-delo\/#webpage","url":"https:\/\/www.ntf.uni-lj.si\/oto\/galerija\/foto-galerija\/nagrade-in-priznanja-dos-2015\/nagradi-dos-za-zivljenjsko-delo\/","name":"Nagradi DOS za \u017eivljenjsko delo - OTO","isPartOf":{"@id":"https:\/\/www.ntf.uni-lj.si\/oto\/en\/#website"},"datePublished":"2021-03-03T12:06:45+00:00","dateModified":"2021-03-04T10:46:21+00:00","breadcrumb":{"@id":"https:\/\/www.ntf.uni-lj.si\/oto\/galerija\/foto-galerija\/nagrade-in-priznanja-dos-2015\/nagradi-dos-za-zivljenjsko-delo\/#breadcrumb"},"inLanguage":"en-US","potentialAction":[{"@type":"ReadAction","target":["https:\/\/www.ntf.uni-lj.si\/oto\/galerija\/foto-galerija\/nagrade-in-priznanja-dos-2015\/nagradi-dos-za-zivljenjsko-delo\/"]}]},{"@type":"BreadcrumbList","@id":"https:\/\/www.ntf.uni-lj.si\/oto\/galerija\/foto-galerija\/nagrade-in-priznanja-dos-2015\/nagradi-dos-za-zivljenjsko-delo\/#breadcrumb","itemListElement":[{"@type":"ListItem","position":1,"name":"Home","item":"https:\/\/www.ntf.uni-lj.si\/oto\/en\/"},{"@type":"ListItem","position":2,"name":"Galerija","item":"https:\/\/www.ntf.uni-lj.si\/oto\/galerija\/"},{"@type":"ListItem","position":3,"name":"Dose\u017eki","item":"https:\/\/www.ntf.uni-lj.si\/oto\/galerija\/foto-galerija\/"},{"@type":"ListItem","position":4,"name":"Nagrade in priznanja DOS 2015","item":"https:\/\/www.ntf.uni-lj.si\/oto\/galerija\/foto-galerija\/nagrade-in-priznanja-dos-2015\/"},{"@type":"ListItem","position":5,"name":"Nagradi DOS za \u017eivljenjsko delo"}]}]}},"_links":{"self":[{"href":"https:\/\/www.ntf.uni-lj.si\/oto\/wp-json\/wp\/v2\/pages\/16818"}],"collection":[{"href":"https:\/\/www.ntf.uni-lj.si\/oto\/wp-json\/wp\/v2\/pages"}],"about":[{"href":"https:\/\/www.ntf.uni-lj.si\/oto\/wp-json\/wp\/v2\/types\/page"}],"author":[{"embeddable":true,"href":"https:\/\/www.ntf.uni-lj.si\/oto\/wp-json\/wp\/v2\/users\/50"}],"replies":[{"embeddable":true,"href":"https:\/\/www.ntf.uni-lj.si\/oto\/wp-json\/wp\/v2\/comments?post=16818"}],"version-history":[{"count":3,"href":"https:\/\/www.ntf.uni-lj.si\/oto\/wp-json\/wp\/v2\/pages\/16818\/revisions"}],"predecessor-version":[{"id":16829,"href":"https:\/\/www.ntf.uni-lj.si\/oto\/wp-json\/wp\/v2\/pages\/16818\/revisions\/16829"}],"up":[{"embeddable":true,"href":"https:\/\/www.ntf.uni-lj.si\/oto\/wp-json\/wp\/v2\/pages\/16816"}],"wp:attachment":[{"href":"https:\/\/www.ntf.uni-lj.si\/oto\/wp-json\/wp\/v2\/media?parent=16818"}],"curies":[{"name":"wp","href":"https:\/\/api.w.org\/{rel}","templated":true}]}}