{"id":17695,"date":"2021-10-27T12:38:55","date_gmt":"2021-10-27T10:38:55","guid":{"rendered":"https:\/\/www.ntf.uni-lj.si\/oto\/?page_id=17695"},"modified":"2021-11-10T11:25:33","modified_gmt":"2021-11-10T10:25:33","slug":"stylo-nagrada-2021-zala-hrastar","status":"publish","type":"page","link":"https:\/\/www.ntf.uni-lj.si\/oto\/galerija\/foto-galerija\/stylo-nagrada-2021-zala-hrastar\/","title":{"rendered":"STYLO nagrada 2021"},"content":{"rendered":"<p>Zmagovalka leto\u0161njega nate\u010daja za mlade modne oblikovalce <strong>STYLO<\/strong> \u00a0je <strong>Zala Hrastar<\/strong>, \u0161tudentka magistrskega \u0161tudija <strong><a href=\"https:\/\/www.ntf.uni-lj.si\/oto\/studij\/2-stopnja\/oblikovanje-tekstilij-in-oblacil-mag\/\">Oblikovanja tekstilij in obla\u010dil<\/a><\/strong> <a href=\"https:\/\/www.ntf.uni-lj.si\/ntf\/o-fakulteti\/\"><strong>Naravoslovnotehni\u0161ke fakultete UL OTGO<\/strong><\/a>.<\/p>\n<p>Na modni reviji mladih modnih oblikovalcev <strong>STYLO Fashion<\/strong> na temo <strong>Peti element <\/strong>, ki se je 16. 9. 2021 odvijala v Protokolarno-prireditveni dvorani sv. Fran\u010di\u0161ka Asi\u0161kega v Kopru, je oblikovalka Zala Hrastar predstavila kolekcijo z naslovom <a href=\"https:\/\/www.kotofolio.si\/project\/zala-hrastar-sprehod-med-spomini-2\/\"><strong>Sprehod med spomini<\/strong><\/a>. Strokovna komisija, ki jo je sestavljala modna poznavalka in voditeljica <strong>Lorella Flego<\/strong>, odgovorna urednica revije Elle Slovenija <strong>Petra Windschnurer<\/strong> in modna oblikovalka in ustanoviteljica Benedetti Life <strong>Mateja Benedetti<\/strong>, je glavno nagrado, ki vklju\u010duje strokovno nagrado komisije, predstavitev v reviji Elle ter denarno nagrado v vrednosti dva tiso\u010d evrov podelila perspektivni mladi modni oblikovalki Zali Hrastar. Zala poleg \u0161tudija vodi lastno blagovno znamko <a href=\"https:\/\/morja.si\/about\/\"><strong>Morja<\/strong><\/a>, ki temelji na principu trajnosti, oblikovanju iz odpadnih obla\u010dil in materialov ter osve\u0161\u010danju.<\/p>\n<h3><strong>Predstavitev koncepta kolekcije:<\/strong><\/h3>\n<p><strong>SPREHOD MED SPOMINI<\/strong><\/p>\n<p>Avtorica:<strong> Zala Hrastar<\/strong><\/p>\n<p><strong><em>Osrednjo inspiracijo za projekt &#8221;Sprehod med spomini&#8221; sem \u010drpala v mestu Kranj, z bogato tekstilno zapu\u0161\u010dino. Navdu\u0161ile so me vzor\u010dne tekstilne knjige in dru\u017eina Pirc, delovanje v mestu, z okolico in sodelovanje dru\u017einskih \u010dlanov.<\/em><\/strong><br \/>\n<strong><em>Ozrla sem se v svoje okolje. Kdo sem? Od kod prihajam? Kam grem?<\/em><\/strong><br \/>\n<strong><em>Spet med predobro poznanimi stenami prepojenimi z zvokom in besedam na\u0161ih dni, v barvah in teksturah na\u0161ih poti ter vonjem po pomladi.<\/em><\/strong><br \/>\n<strong><em>Doma. Tam kjer je najlep\u0161e in v\u010dasih najte\u017eje.<\/em><\/strong><br \/>\n<strong><em>Sprehod med spomini je izraz hvale\u017enosti za vse kar je bilo in za vse kar \u0161e pride. Je dru\u017eina; popolna v svoji nepopolnosti.<\/em><\/strong><br \/>\n<strong><em>Tekstilije predstavljajo portrete in njihove ekstrakte \u2013 karakter.<\/em><\/strong><br \/>\n<strong><em>Kola\u017ei \u010dustev; ker se vsak dan izoblikujemo in razvijamo. Spreminjamo in nadgrajujemo. Se u\u010dimo in rastemo.Danes nisem kot sem bila v\u010deraj in jutri bo odseval danes.<\/em><\/strong><\/p>\n<p><strong><em>Iz odpadnih tkanin, odrezkov pletiv in starih puloverjev, mehke bomba\u017ene plahte iz prej\u0161njega stoletja, ostankov ki nastanejo pri pletenju nogavic in odpadnih zaves, sem ustvarjala nove strukture, teksture, vzorce in tkanine z uporabo digitalnega tiska, pre\u0161ivanja s pomo\u010djo vodotopne koprene in tro-\u0161tiri nitnega \u0161ivanja. Nato sem materiale popeljala v tretjo dimenzijo; telo.<\/em><\/strong><br \/>\n<strong><em>Nastala je kolekcija 4 silhuet, vsaka nosi svojo zgodbo.<\/em><\/strong><br \/>\n<strong><em>Spremlja jih EP; 4 avtorske skladbe in 4 zgodbe. <a href=\"https:\/\/www.youtube.com\/watch?v=8TsYJQzV-TE&amp;list=PL1ADbe952MuQWsrooRbHoHoWbFa6l7xv_\">To mesto sanj<\/a>, O hrepenenju, Knjiga \u017eivljenja in O minljivosti.<\/em><\/strong><\/p>\n<p><strong><em>Vizualno jih dopolnjuje \u0161e tekstilno-digitalna knjiga, ki vsak ob\u010dutek \u0161e dodatno okrepi in podpre.<\/em><\/strong><\/p>\n<p><strong><em>V zgodbi o sanjah, hrepenenju, \u017eivljenju in minljivosti pa se lahko najde\u0161 tudi ti.<\/em><\/strong><\/p>\n<p>Modeli:<strong> sestre in brat Maja, Alja\u017e, Ana in Zala<\/strong><br \/>\nFotografija:<strong> Anja Papuga @anjapapuga<\/strong><br \/>\nMUA &amp; frizura<strong>: \u0160pela Hudobivnik @spelahudobivnik<\/strong><br \/>\nAsistentka:<strong> Maja Gazvoda @mayagazvoda<\/strong><\/p>\n","protected":false},"excerpt":{"rendered":"Zmagovalka leto\u0161njega nate\u010daja za mlade modne oblikovalce STYLO \u00a0je Zala Hrastar, \u0161tudentka magistrskega \u0161tudija Oblikovanja tekstilij in obla\u010dil Naravoslovnotehni\u0161ke fakultete UL OTGO. Na modni reviji mladih modnih oblikovalcev STYLO Fashion na temo Peti element , ki se je 16. 9. 2021 odvijala v Protokolarno-prireditveni dvorani sv. Fran\u010di\u0161ka Asi\u0161kega v Kopru, je oblikovalka Zala Hrastar predstavila &#8230; <a class=\"view-article\" href=\"https:\/\/www.ntf.uni-lj.si\/oto\/galerija\/foto-galerija\/stylo-nagrada-2021-zala-hrastar\/\">Read more<\/a>","protected":false},"author":50,"featured_media":0,"parent":5947,"menu_order":997,"comment_status":"closed","ping_status":"closed","template":"","meta":[],"acf":[],"yoast_head":"<!-- This site is optimized with the Yoast SEO plugin v17.0 - https:\/\/yoast.com\/wordpress\/plugins\/seo\/ -->\n<meta name=\"robots\" content=\"index, follow, max-snippet:-1, max-image-preview:large, max-video-preview:-1\" \/>\n<link rel=\"canonical\" href=\"https:\/\/www.ntf.uni-lj.si\/oto\/galerija\/foto-galerija\/stylo-nagrada-2021-zala-hrastar\/\" \/>\n<meta property=\"og:locale\" content=\"en_US\" \/>\n<meta property=\"og:type\" content=\"article\" \/>\n<meta property=\"og:title\" content=\"STYLO nagrada 2021 - OTO\" \/>\n<meta property=\"og:description\" content=\"Zmagovalka leto\u0161njega nate\u010daja za mlade modne oblikovalce STYLO \u00a0je Zala Hrastar, \u0161tudentka magistrskega \u0161tudija Oblikovanja tekstilij in obla\u010dil Naravoslovnotehni\u0161ke fakultete UL OTGO. Na modni reviji mladih modnih oblikovalcev STYLO Fashion na temo Peti element , ki se je 16. 9. 2021 odvijala v Protokolarno-prireditveni dvorani sv. Fran\u010di\u0161ka Asi\u0161kega v Kopru, je oblikovalka Zala Hrastar predstavila ... Read more\" \/>\n<meta property=\"og:url\" content=\"https:\/\/www.ntf.uni-lj.si\/oto\/galerija\/foto-galerija\/stylo-nagrada-2021-zala-hrastar\/\" \/>\n<meta property=\"og:site_name\" content=\"OTO\" \/>\n<meta property=\"article:modified_time\" content=\"2021-11-10T10:25:33+00:00\" \/>\n<meta name=\"twitter:label1\" content=\"Est. reading time\" \/>\n\t<meta name=\"twitter:data1\" content=\"2 minutes\" \/>\n<script type=\"application\/ld+json\" class=\"yoast-schema-graph\">{\"@context\":\"https:\/\/schema.org\",\"@graph\":[{\"@type\":\"WebSite\",\"@id\":\"https:\/\/www.ntf.uni-lj.si\/oto\/en\/#website\",\"url\":\"https:\/\/www.ntf.uni-lj.si\/oto\/en\/\",\"name\":\"OTO\",\"description\":\"Katedra za oblikovanje tekstilij in obla\\u010dil\",\"potentialAction\":[{\"@type\":\"SearchAction\",\"target\":{\"@type\":\"EntryPoint\",\"urlTemplate\":\"https:\/\/www.ntf.uni-lj.si\/oto\/en\/?s={search_term_string}\"},\"query-input\":\"required name=search_term_string\"}],\"inLanguage\":\"en-US\"},{\"@type\":\"WebPage\",\"@id\":\"https:\/\/www.ntf.uni-lj.si\/oto\/galerija\/foto-galerija\/stylo-nagrada-2021-zala-hrastar\/#webpage\",\"url\":\"https:\/\/www.ntf.uni-lj.si\/oto\/galerija\/foto-galerija\/stylo-nagrada-2021-zala-hrastar\/\",\"name\":\"STYLO nagrada 2021 - OTO\",\"isPartOf\":{\"@id\":\"https:\/\/www.ntf.uni-lj.si\/oto\/en\/#website\"},\"datePublished\":\"2021-10-27T10:38:55+00:00\",\"dateModified\":\"2021-11-10T10:25:33+00:00\",\"breadcrumb\":{\"@id\":\"https:\/\/www.ntf.uni-lj.si\/oto\/galerija\/foto-galerija\/stylo-nagrada-2021-zala-hrastar\/#breadcrumb\"},\"inLanguage\":\"en-US\",\"potentialAction\":[{\"@type\":\"ReadAction\",\"target\":[\"https:\/\/www.ntf.uni-lj.si\/oto\/galerija\/foto-galerija\/stylo-nagrada-2021-zala-hrastar\/\"]}]},{\"@type\":\"BreadcrumbList\",\"@id\":\"https:\/\/www.ntf.uni-lj.si\/oto\/galerija\/foto-galerija\/stylo-nagrada-2021-zala-hrastar\/#breadcrumb\",\"itemListElement\":[{\"@type\":\"ListItem\",\"position\":1,\"name\":\"Home\",\"item\":\"https:\/\/www.ntf.uni-lj.si\/oto\/en\/\"},{\"@type\":\"ListItem\",\"position\":2,\"name\":\"Galerija\",\"item\":\"https:\/\/www.ntf.uni-lj.si\/oto\/galerija\/\"},{\"@type\":\"ListItem\",\"position\":3,\"name\":\"Dose\\u017eki\",\"item\":\"https:\/\/www.ntf.uni-lj.si\/oto\/galerija\/foto-galerija\/\"},{\"@type\":\"ListItem\",\"position\":4,\"name\":\"STYLO nagrada 2021\"}]}]}<\/script>\n<!-- \/ Yoast SEO plugin. -->","yoast_head_json":{"robots":{"index":"index","follow":"follow","max-snippet":"max-snippet:-1","max-image-preview":"max-image-preview:large","max-video-preview":"max-video-preview:-1"},"canonical":"https:\/\/www.ntf.uni-lj.si\/oto\/galerija\/foto-galerija\/stylo-nagrada-2021-zala-hrastar\/","og_locale":"en_US","og_type":"article","og_title":"STYLO nagrada 2021 - OTO","og_description":"Zmagovalka leto\u0161njega nate\u010daja za mlade modne oblikovalce STYLO \u00a0je Zala Hrastar, \u0161tudentka magistrskega \u0161tudija Oblikovanja tekstilij in obla\u010dil Naravoslovnotehni\u0161ke fakultete UL OTGO. Na modni reviji mladih modnih oblikovalcev STYLO Fashion na temo Peti element , ki se je 16. 9. 2021 odvijala v Protokolarno-prireditveni dvorani sv. Fran\u010di\u0161ka Asi\u0161kega v Kopru, je oblikovalka Zala Hrastar predstavila ... Read more","og_url":"https:\/\/www.ntf.uni-lj.si\/oto\/galerija\/foto-galerija\/stylo-nagrada-2021-zala-hrastar\/","og_site_name":"OTO","article_modified_time":"2021-11-10T10:25:33+00:00","twitter_misc":{"Est. reading time":"2 minutes"},"schema":{"@context":"https:\/\/schema.org","@graph":[{"@type":"WebSite","@id":"https:\/\/www.ntf.uni-lj.si\/oto\/en\/#website","url":"https:\/\/www.ntf.uni-lj.si\/oto\/en\/","name":"OTO","description":"Katedra za oblikovanje tekstilij in obla\u010dil","potentialAction":[{"@type":"SearchAction","target":{"@type":"EntryPoint","urlTemplate":"https:\/\/www.ntf.uni-lj.si\/oto\/en\/?s={search_term_string}"},"query-input":"required name=search_term_string"}],"inLanguage":"en-US"},{"@type":"WebPage","@id":"https:\/\/www.ntf.uni-lj.si\/oto\/galerija\/foto-galerija\/stylo-nagrada-2021-zala-hrastar\/#webpage","url":"https:\/\/www.ntf.uni-lj.si\/oto\/galerija\/foto-galerija\/stylo-nagrada-2021-zala-hrastar\/","name":"STYLO nagrada 2021 - OTO","isPartOf":{"@id":"https:\/\/www.ntf.uni-lj.si\/oto\/en\/#website"},"datePublished":"2021-10-27T10:38:55+00:00","dateModified":"2021-11-10T10:25:33+00:00","breadcrumb":{"@id":"https:\/\/www.ntf.uni-lj.si\/oto\/galerija\/foto-galerija\/stylo-nagrada-2021-zala-hrastar\/#breadcrumb"},"inLanguage":"en-US","potentialAction":[{"@type":"ReadAction","target":["https:\/\/www.ntf.uni-lj.si\/oto\/galerija\/foto-galerija\/stylo-nagrada-2021-zala-hrastar\/"]}]},{"@type":"BreadcrumbList","@id":"https:\/\/www.ntf.uni-lj.si\/oto\/galerija\/foto-galerija\/stylo-nagrada-2021-zala-hrastar\/#breadcrumb","itemListElement":[{"@type":"ListItem","position":1,"name":"Home","item":"https:\/\/www.ntf.uni-lj.si\/oto\/en\/"},{"@type":"ListItem","position":2,"name":"Galerija","item":"https:\/\/www.ntf.uni-lj.si\/oto\/galerija\/"},{"@type":"ListItem","position":3,"name":"Dose\u017eki","item":"https:\/\/www.ntf.uni-lj.si\/oto\/galerija\/foto-galerija\/"},{"@type":"ListItem","position":4,"name":"STYLO nagrada 2021"}]}]}},"_links":{"self":[{"href":"https:\/\/www.ntf.uni-lj.si\/oto\/wp-json\/wp\/v2\/pages\/17695"}],"collection":[{"href":"https:\/\/www.ntf.uni-lj.si\/oto\/wp-json\/wp\/v2\/pages"}],"about":[{"href":"https:\/\/www.ntf.uni-lj.si\/oto\/wp-json\/wp\/v2\/types\/page"}],"author":[{"embeddable":true,"href":"https:\/\/www.ntf.uni-lj.si\/oto\/wp-json\/wp\/v2\/users\/50"}],"replies":[{"embeddable":true,"href":"https:\/\/www.ntf.uni-lj.si\/oto\/wp-json\/wp\/v2\/comments?post=17695"}],"version-history":[{"count":33,"href":"https:\/\/www.ntf.uni-lj.si\/oto\/wp-json\/wp\/v2\/pages\/17695\/revisions"}],"predecessor-version":[{"id":17739,"href":"https:\/\/www.ntf.uni-lj.si\/oto\/wp-json\/wp\/v2\/pages\/17695\/revisions\/17739"}],"up":[{"embeddable":true,"href":"https:\/\/www.ntf.uni-lj.si\/oto\/wp-json\/wp\/v2\/pages\/5947"}],"wp:attachment":[{"href":"https:\/\/www.ntf.uni-lj.si\/oto\/wp-json\/wp\/v2\/media?parent=17695"}],"curies":[{"name":"wp","href":"https:\/\/api.w.org\/{rel}","templated":true}]}}