{"id":20002,"date":"2023-02-23T13:46:19","date_gmt":"2023-02-23T12:46:19","guid":{"rendered":"https:\/\/www.ntf.uni-lj.si\/oto\/?page_id=20002"},"modified":"2024-01-22T14:38:46","modified_gmt":"2024-01-22T13:38:46","slug":"ucni-nacrti","status":"publish","type":"page","link":"https:\/\/www.ntf.uni-lj.si\/oto\/studij\/2-stopnja\/oblikovanje-tekstilij-in-oblacil-mag\/ucni-nacrti\/","title":{"rendered":"U\u010dni na\u010drti"},"content":{"rendered":"<p>Ogled u\u010dnih na\u010drtov \u0161tudijskega programa v \u0161tudijskem letu 2022\/2023 je mogo\u010d v priponki.<\/p>\n","protected":false},"excerpt":{"rendered":"Ogled u\u010dnih na\u010drtov \u0161tudijskega programa v \u0161tudijskem letu 2022\/2023 je mogo\u010d v priponki.","protected":false},"author":50,"featured_media":0,"parent":363,"menu_order":42,"comment_status":"closed","ping_status":"closed","template":"","meta":[],"acf":[],"yoast_head":"<!-- This site is optimized with the Yoast SEO plugin v17.0 - https:\/\/yoast.com\/wordpress\/plugins\/seo\/ -->\n<meta name=\"robots\" content=\"index, follow, max-snippet:-1, max-image-preview:large, max-video-preview:-1\" \/>\n<link rel=\"canonical\" href=\"https:\/\/www.ntf.uni-lj.si\/oto\/studij\/2-stopnja\/oblikovanje-tekstilij-in-oblacil-mag\/ucni-nacrti\/\" \/>\n<meta property=\"og:locale\" content=\"en_US\" \/>\n<meta property=\"og:type\" content=\"article\" \/>\n<meta property=\"og:title\" content=\"U\u010dni na\u010drti - OTO\" \/>\n<meta property=\"og:description\" content=\"Ogled u\u010dnih na\u010drtov \u0161tudijskega programa v \u0161tudijskem letu 2022\/2023 je mogo\u010d v priponki.\" \/>\n<meta property=\"og:url\" content=\"https:\/\/www.ntf.uni-lj.si\/oto\/studij\/2-stopnja\/oblikovanje-tekstilij-in-oblacil-mag\/ucni-nacrti\/\" \/>\n<meta property=\"og:site_name\" content=\"OTO\" \/>\n<meta property=\"article:modified_time\" content=\"2024-01-22T13:38:46+00:00\" \/>\n<script type=\"application\/ld+json\" class=\"yoast-schema-graph\">{\"@context\":\"https:\/\/schema.org\",\"@graph\":[{\"@type\":\"WebSite\",\"@id\":\"https:\/\/www.ntf.uni-lj.si\/oto\/en\/#website\",\"url\":\"https:\/\/www.ntf.uni-lj.si\/oto\/en\/\",\"name\":\"OTO\",\"description\":\"Katedra za oblikovanje tekstilij in obla\\u010dil\",\"potentialAction\":[{\"@type\":\"SearchAction\",\"target\":{\"@type\":\"EntryPoint\",\"urlTemplate\":\"https:\/\/www.ntf.uni-lj.si\/oto\/en\/?s={search_term_string}\"},\"query-input\":\"required name=search_term_string\"}],\"inLanguage\":\"en-US\"},{\"@type\":\"WebPage\",\"@id\":\"https:\/\/www.ntf.uni-lj.si\/oto\/studij\/2-stopnja\/oblikovanje-tekstilij-in-oblacil-mag\/ucni-nacrti\/#webpage\",\"url\":\"https:\/\/www.ntf.uni-lj.si\/oto\/studij\/2-stopnja\/oblikovanje-tekstilij-in-oblacil-mag\/ucni-nacrti\/\",\"name\":\"U\\u010dni na\\u010drti - OTO\",\"isPartOf\":{\"@id\":\"https:\/\/www.ntf.uni-lj.si\/oto\/en\/#website\"},\"datePublished\":\"2023-02-23T12:46:19+00:00\",\"dateModified\":\"2024-01-22T13:38:46+00:00\",\"breadcrumb\":{\"@id\":\"https:\/\/www.ntf.uni-lj.si\/oto\/studij\/2-stopnja\/oblikovanje-tekstilij-in-oblacil-mag\/ucni-nacrti\/#breadcrumb\"},\"inLanguage\":\"en-US\",\"potentialAction\":[{\"@type\":\"ReadAction\",\"target\":[\"https:\/\/www.ntf.uni-lj.si\/oto\/studij\/2-stopnja\/oblikovanje-tekstilij-in-oblacil-mag\/ucni-nacrti\/\"]}]},{\"@type\":\"BreadcrumbList\",\"@id\":\"https:\/\/www.ntf.uni-lj.si\/oto\/studij\/2-stopnja\/oblikovanje-tekstilij-in-oblacil-mag\/ucni-nacrti\/#breadcrumb\",\"itemListElement\":[{\"@type\":\"ListItem\",\"position\":1,\"name\":\"Home\",\"item\":\"https:\/\/www.ntf.uni-lj.si\/oto\/en\/\"},{\"@type\":\"ListItem\",\"position\":2,\"name\":\"\\u0160tudij\",\"item\":\"https:\/\/www.ntf.uni-lj.si\/oto\/studij\/\"},{\"@type\":\"ListItem\",\"position\":3,\"name\":\"2. stopnja\",\"item\":\"https:\/\/www.ntf.uni-lj.si\/oto\/studij\/2-stopnja\/\"},{\"@type\":\"ListItem\",\"position\":4,\"name\":\"Oblikovanje tekstilij in obla\\u010dil (MAG)\",\"item\":\"https:\/\/www.ntf.uni-lj.si\/oto\/studij\/2-stopnja\/oblikovanje-tekstilij-in-oblacil-mag\/\"},{\"@type\":\"ListItem\",\"position\":5,\"name\":\"U\\u010dni na\\u010drti\"}]}]}<\/script>\n<!-- \/ Yoast SEO plugin. -->","yoast_head_json":{"robots":{"index":"index","follow":"follow","max-snippet":"max-snippet:-1","max-image-preview":"max-image-preview:large","max-video-preview":"max-video-preview:-1"},"canonical":"https:\/\/www.ntf.uni-lj.si\/oto\/studij\/2-stopnja\/oblikovanje-tekstilij-in-oblacil-mag\/ucni-nacrti\/","og_locale":"en_US","og_type":"article","og_title":"U\u010dni na\u010drti - OTO","og_description":"Ogled u\u010dnih na\u010drtov \u0161tudijskega programa v \u0161tudijskem letu 2022\/2023 je mogo\u010d v priponki.","og_url":"https:\/\/www.ntf.uni-lj.si\/oto\/studij\/2-stopnja\/oblikovanje-tekstilij-in-oblacil-mag\/ucni-nacrti\/","og_site_name":"OTO","article_modified_time":"2024-01-22T13:38:46+00:00","schema":{"@context":"https:\/\/schema.org","@graph":[{"@type":"WebSite","@id":"https:\/\/www.ntf.uni-lj.si\/oto\/en\/#website","url":"https:\/\/www.ntf.uni-lj.si\/oto\/en\/","name":"OTO","description":"Katedra za oblikovanje tekstilij in obla\u010dil","potentialAction":[{"@type":"SearchAction","target":{"@type":"EntryPoint","urlTemplate":"https:\/\/www.ntf.uni-lj.si\/oto\/en\/?s={search_term_string}"},"query-input":"required name=search_term_string"}],"inLanguage":"en-US"},{"@type":"WebPage","@id":"https:\/\/www.ntf.uni-lj.si\/oto\/studij\/2-stopnja\/oblikovanje-tekstilij-in-oblacil-mag\/ucni-nacrti\/#webpage","url":"https:\/\/www.ntf.uni-lj.si\/oto\/studij\/2-stopnja\/oblikovanje-tekstilij-in-oblacil-mag\/ucni-nacrti\/","name":"U\u010dni na\u010drti - OTO","isPartOf":{"@id":"https:\/\/www.ntf.uni-lj.si\/oto\/en\/#website"},"datePublished":"2023-02-23T12:46:19+00:00","dateModified":"2024-01-22T13:38:46+00:00","breadcrumb":{"@id":"https:\/\/www.ntf.uni-lj.si\/oto\/studij\/2-stopnja\/oblikovanje-tekstilij-in-oblacil-mag\/ucni-nacrti\/#breadcrumb"},"inLanguage":"en-US","potentialAction":[{"@type":"ReadAction","target":["https:\/\/www.ntf.uni-lj.si\/oto\/studij\/2-stopnja\/oblikovanje-tekstilij-in-oblacil-mag\/ucni-nacrti\/"]}]},{"@type":"BreadcrumbList","@id":"https:\/\/www.ntf.uni-lj.si\/oto\/studij\/2-stopnja\/oblikovanje-tekstilij-in-oblacil-mag\/ucni-nacrti\/#breadcrumb","itemListElement":[{"@type":"ListItem","position":1,"name":"Home","item":"https:\/\/www.ntf.uni-lj.si\/oto\/en\/"},{"@type":"ListItem","position":2,"name":"\u0160tudij","item":"https:\/\/www.ntf.uni-lj.si\/oto\/studij\/"},{"@type":"ListItem","position":3,"name":"2. stopnja","item":"https:\/\/www.ntf.uni-lj.si\/oto\/studij\/2-stopnja\/"},{"@type":"ListItem","position":4,"name":"Oblikovanje tekstilij in obla\u010dil (MAG)","item":"https:\/\/www.ntf.uni-lj.si\/oto\/studij\/2-stopnja\/oblikovanje-tekstilij-in-oblacil-mag\/"},{"@type":"ListItem","position":5,"name":"U\u010dni na\u010drti"}]}]}},"_links":{"self":[{"href":"https:\/\/www.ntf.uni-lj.si\/oto\/wp-json\/wp\/v2\/pages\/20002"}],"collection":[{"href":"https:\/\/www.ntf.uni-lj.si\/oto\/wp-json\/wp\/v2\/pages"}],"about":[{"href":"https:\/\/www.ntf.uni-lj.si\/oto\/wp-json\/wp\/v2\/types\/page"}],"author":[{"embeddable":true,"href":"https:\/\/www.ntf.uni-lj.si\/oto\/wp-json\/wp\/v2\/users\/50"}],"replies":[{"embeddable":true,"href":"https:\/\/www.ntf.uni-lj.si\/oto\/wp-json\/wp\/v2\/comments?post=20002"}],"version-history":[{"count":4,"href":"https:\/\/www.ntf.uni-lj.si\/oto\/wp-json\/wp\/v2\/pages\/20002\/revisions"}],"predecessor-version":[{"id":21425,"href":"https:\/\/www.ntf.uni-lj.si\/oto\/wp-json\/wp\/v2\/pages\/20002\/revisions\/21425"}],"up":[{"embeddable":true,"href":"https:\/\/www.ntf.uni-lj.si\/oto\/wp-json\/wp\/v2\/pages\/363"}],"wp:attachment":[{"href":"https:\/\/www.ntf.uni-lj.si\/oto\/wp-json\/wp\/v2\/media?parent=20002"}],"curies":[{"name":"wp","href":"https:\/\/api.w.org\/{rel}","templated":true}]}}